{"id":20980,"date":"2023-02-08T13:18:37","date_gmt":"2023-02-08T13:18:37","guid":{"rendered":"https:\/\/www.teltat.fi\/tuote\/nopsa-faltzelt-pop-up-zelt-4x4-m-pro\/"},"modified":"2025-12-01T02:15:10","modified_gmt":"2025-12-01T00:15:10","slug":"nopsa-faltzelt-pop-up-zelt-4x4-m-pro","status":"publish","type":"product","link":"https:\/\/www.teltat.fi\/de\/produkt\/nopsa-faltzelt-pop-up-zelt-4x4-m-pro\/","title":{"rendered":"Nopsa Faltzelt \/ Pop-up-Zelt 4&#215;4 m Pro"},"content":{"rendered":"<p><strong>Die Zelte von NOPSA sind in Finnland das beliebteste Zeltmodell auf dem Markt. Kein Wunder, denn NOPSA-Zelte haben das BESTE PREIS\/QUALIT\u00c4T-Verh\u00e4ltnis! <\/strong> Au\u00dferdem bieten wir das umfangreichste Zubeh\u00f6rsortiment auf dem Markt an.<\/p>\n<h4>Konzipiert f\u00fcr finnische verh\u00e4ltnisse<\/h4>\n<p>Mit \u00fcber 50 Jahren Erfahrung haben wir Zeltl\u00f6sungen speziell f\u00fcr die anspruchsvollen Bedingungen in unserem Land entworfen und umgesetzt. Die Zeltmaterialien von NOPSA werden sorgf\u00e4ltig von den besten Herstellern der Welt ausgew\u00e4hlt. Auf diese Weise garantieren wir das bestm\u00f6gliche Endergebnis. Ein hochwertiges, aber dennoch erschwingliches NOPSA-Zelt.   <\/p>\n<h4>Was macht den Nopsa PRO so beliebt?<\/h4>\n<p><strong>Benutzerfreundlichkeit und hohe Qualit\u00e4t, durchdachte Details. Das Nopsa PRO Zelt ist  <\/strong><strong>s<\/strong><strong>chnell aufzustellen. Das Zelt kann von einer Person ohne gro\u00dfen Aufwand in nur wenigen Dutzend Sekunden gehandhabt und aufgebaut werden. Das Nopsa-Zelt kann bequem als kompaktes \u201ePaket\u201c in einer eigenen Transporttasche transportiert werden, ohne sperrige lose Teile.  <\/strong><\/p>\n<p>Die Zelte von Nopsa vereinen finnisches Design und internationale Umsetzung auf die bestm\u00f6gliche Weise. Die Zelte von Nopsa wurden speziell f\u00fcr die anspruchsvollen Bedingungen in Finnland entwickelt. Jetzt sind wir stolz darauf, eine sehr hochwertige, aber dennoch erschwingliche Option f\u00fcr alle zu pr\u00e4sentieren, die ein Verkaufs-, Ausstellungs- oder Partyzelt ben\u00f6tigen. Die PRO-Gestelle sind aus hochwertigem und langlebigem <strong>sechseckigem 1,8 mm dickem Spezialaluminium gefertigt<\/strong>. Dadurch sind die <strong>40 mm starken Aluminiumprofile der Nopsa PRO-Reihe deutlich leichter, komfortabler zu handhaben und langlebiger<\/strong> als die viel schwereren und schw\u00e4cheren Strukturen der meisten anderen Zelte.<\/p>\n<p><strong>Die Gestelle sind sehr stabil gebaut<\/strong> und verwenden keine leicht zerbrechlichen Kunststoffteile. Alle PRO-Zelte haben hochbelastbare Verbindungen und Beschl\u00e4ge aus Aluminium oder Stahl. Die Oberfl\u00e4chen und Verbindungen, die mit dem Gewebe in Ber\u00fchrung kommen, sind aus extrem widerstandsf\u00e4higem und starkem Nylon gefertigt, das Temperaturen von -30\u00b0C und 30\u00b0C standh\u00e4lt, ohne zu brechen. Die Nylonteile sind extrem haltbar und sch\u00fctzen gleichzeitig das Decken- und Wandgewebe vor Abrieb und Bruch.    Auch Decken und W\u00e4nde sind mit der Nopsa PRO Kollektion langlebig.<\/p>\n<p><strong>Das Dach und die W\u00e4nde sind aus pflegeleichtem, v\u00f6llig wasser- und windabweisendem, ultraviolettbest\u00e4ndigem ULTRA STRONG-Polyestergewebe (mit einem Gewicht von nur 318 g\/m2) gefertigt.<\/strong> Alle Stoffe sind au\u00dferdem feuerbest\u00e4ndig (Brandklasse B1 DIN 4102-1). Das Dach ist mit stabilen Eckscharnieren am Rahmen befestigt, und alle Seiten sind mit Schnellverschl\u00fcssen verst\u00e4rkt, um einer starken Beanspruchung standzuhalten. Ein automatischer Gewebespannmechanismus h\u00e4lt das Dach auch unter schwierigen Bedingungen straff. Die W\u00e4nde werden mit einem praktischen Klettband am Dach befestigt, und die Ecken werden mit Rei\u00dfverschl\u00fcssen dicht verschlossen. Die Dachecken haben haltbare Metallringe zur Befestigung. Au\u00dferdem sind haltbare Erdungsstifte aus Stahl und Befestigungsstreifen mit Karabinerverschluss enthalten. F\u00fcr Decken und W\u00e4nde steht eine sehr umfangreiche Farbpalette zur Verf\u00fcgung, darunter auch die sehr beliebten gestreiften Stoffe!      <\/p>\n<p><strong>Die H\u00f6he der Rahmenbeine kann auf bis zu f\u00fcnf verschiedene H\u00f6hen eingestellt werden.<\/strong><\/p>\n<p>Die Faltzelte von Nopsa sind Transporttaschen von hoher Qualit\u00e4t und einfach in der Handhabung. Die Transporttasche auf R\u00e4dern ist leicht zu bewegen und <strong>die Rei\u00dfverschl\u00fcsse lassen sich vollst\u00e4ndig \u00f6ffnen<\/strong>, so dass das Zelt schnell und einfach aufgebaut und wieder in den Transportzustand versetzt werden kann. <\/p>\n<p><strong>F\u00fcr alle PRO-Zelte ist ein umfangreiches Zubeh\u00f6rsortiment erh\u00e4ltlich<\/strong>, darunter Halterungen, Gewichte, St\u00fctzrahmen, Regen- und Sonnenfahnen, Wasserrinnen, verschiedene Abdeckungen, Fenster- und T\u00fcrgitter, Werbebanner, Tische, Verandatische usw. Mit dem richtigen und angemessenen Zubeh\u00f6r k\u00f6nnen Sie das Beste aus Ihren Zelten herausholen und deren Nutzung so komfortabel wie m\u00f6glich gestalten. Wir empfehlen mindestens Gewichte und W\u00e4nde als Zubeh\u00f6r! Wir sind Ihnen gerne behilflich, wenn es z.B. um die von Rettungsdiensten und verschiedenen St\u00e4dten geforderten Anlege- und Sicherheitsvorschriften geht!<br \/>\u00dcbersetzt mit www.DeepL.com\/Translator (kostenlose Version)    <\/p>\n<p>Ein Zelt mit einzigartigen Aufdrucken ist der beste Weg, um sich von der Masse abzuheben. <strong>Wir bieten einen umfassenden, schnellen und erschwinglichen Service f\u00fcr alle Ihre Druckanforderungen<\/strong>, vom Druck des Kopfzeilentextes bis zum vollst\u00e4ndig digital bedruckten Festzelt. Unsere bedruckten Zelte werden bereits von zahlreichen Unternehmen, Verb\u00e4nden, Parteien, Sportvereinen und verschiedenen Motorsportteams genutzt.  <\/p>\n<p><strong>Nopsa-Faltzelte haben eine lange Lebensdauer. Auf alle Materialien gibt es eine Garantie von bis zu zwei Jahren <\/strong> und bieten einen umfassenden Kundendienst. Bitte beachten Sie, dass die aktuellen PRO-Zeltstoffe mit den \u00e4lteren PRO-Zeltgestellen, die mehr als zehn Jahre alt sind, kompatibel sind und alle m\u00f6glichen Ersatzteile direkt in unserem Verkaufslager zu finden sind. Wir bieten auch Upgrade-Pakete f\u00fcr \u00e4ltere Gestelle an, um die Vorteile neuer Funktionen zu nutzen. Alle Lieferungen werden mit klaren Aufbau- und <strong>Gebrauchsanweisungen in finnischer Sprache geliefert<\/strong>.    <\/p>\n","protected":false},"excerpt":{"rendered":"<p><a href=\"https:\/\/www.teltat.fi\/wp-content\/uploads\/2023\/02\/height329-210.png\" target=\"_blank\" rel=\"noopener\"><img decoding=\"async\" class=\"alignnone size-thumbnail\" src=\"https:\/\/www.teltat.fi\/wp-content\/uploads\/2023\/02\/height329-210.png\" alt=\"H\u00f6he des Zeltes 329cm und Gehh\u00f6he 210cm\" width=\"100\" height=\"100\"><\/a><br \/>\n<a href=\"https:\/\/www.teltat.fi\/wp-content\/uploads\/2023\/02\/fabric.png\" target=\"_blank\" rel=\"noopener\"><img decoding=\"async\" class=\"alignnone size-thumbnail\" src=\"https:\/\/www.teltat.fi\/wp-content\/uploads\/2023\/02\/fabric.png\" alt=\"Ultrastarke Gewebe 318g\/m2\" width=\"100\" height=\"100\"><\/a><br \/>\n<a href=\"https:\/\/www.teltat.fi\/wp-content\/uploads\/2023\/02\/frame40.png\" target=\"_blank\" rel=\"noopener\"><img decoding=\"async\" class=\"alignnone size-thumbnail\" src=\"https:\/\/www.teltat.fi\/wp-content\/uploads\/2023\/02\/frame40.png\" alt=\"40mm Alu-rahmen\" width=\"100\" height=\"100\"><\/a><br \/>\n<a href=\"https:\/\/www.teltat.fi\/wp-content\/uploads\/2023\/02\/size210-35-35.png\" target=\"_blank\" rel=\"noopener\"><img loading=\"lazy\" decoding=\"async\" class=\"alignnone size-thumbnail\" src=\"https:\/\/www.teltat.fi\/wp-content\/uploads\/2023\/02\/size210-35-35.png\" alt=\"Mindesttransportgr\u00f6\u00dfe 35x35x210cm\" width=\"100\" height=\"100\"><\/a><br \/>\n<a href=\"https:\/\/www.teltat.fi\/wp-content\/uploads\/2023\/02\/weight44.png\" target=\"_blank\" rel=\"noopener\"><img loading=\"lazy\" decoding=\"async\" class=\"alignnone size-thumbnail\" src=\"https:\/\/www.teltat.fi\/wp-content\/uploads\/2023\/02\/weight44.png\" alt=\"Gesamtgewicht 44kg\" width=\"100\" height=\"100\"><\/a><br \/>\n<a href=\"https:\/\/www.teltat.fi\/wp-content\/uploads\/2023\/02\/fire.png\" target=\"_blank\" rel=\"noopener\"><img loading=\"lazy\" decoding=\"async\" class=\"alignnone size-thumbnail\" src=\"https:\/\/www.teltat.fi\/wp-content\/uploads\/2023\/02\/fire.png\" alt=\"Klassifiziert f\u00fcr Brandsicherheit\" width=\"100\" height=\"100\"><\/a><br \/>\n<a href=\"https:\/\/www.teltat.fi\/wp-content\/uploads\/2023\/02\/weather.png\" target=\"_blank\" rel=\"noopener\"><img loading=\"lazy\" decoding=\"async\" class=\"alignnone size-thumbnail\" src=\"https:\/\/www.teltat.fi\/wp-content\/uploads\/2023\/02\/weather.png\" alt=\"UV-gesch\u00fctztes Material f\u00fcr alle Bedingungen\" width=\"100\" height=\"100\"><\/a><br \/>\n<a href=\"https:\/\/www.teltat.fi\/wp-content\/uploads\/2023\/02\/warranty.png\" target=\"_blank\" rel=\"noopener\"><img loading=\"lazy\" decoding=\"async\" class=\"alignnone size-thumbnail\" src=\"https:\/\/www.teltat.fi\/wp-content\/uploads\/2023\/02\/warranty.png\" alt=\"2 Jahre Materialgarantie\" width=\"100\" height=\"100\"><\/a><\/p>\n<p><span>Das Paket enth\u00e4lt keine W\u00e4nde oder Zeltgewichte.<\/span><\/p>\n","protected":false},"featured_media":19970,"template":"","meta":{"_acf_changed":false,"_eb_attr":"","site-sidebar-layout":"default","site-content-layout":"","ast-site-content-layout":"default","site-content-style":"default","site-sidebar-style":"default","ast-global-header-display":"","ast-banner-title-visibility":"","ast-main-header-display":"","ast-hfb-above-header-display":"","ast-hfb-below-header-display":"","ast-hfb-mobile-header-display":"","site-post-title":"","ast-breadcrumbs-content":"","ast-featured-img":"","footer-sml-layout":"","ast-disable-related-posts":"","theme-transparent-header-meta":"default","adv-header-id-meta":"","stick-header-meta":"","header-above-stick-meta":"","header-main-stick-meta":"","header-below-stick-meta":"","astra-migrate-meta-layouts":"set","ast-page-background-enabled":"default","ast-page-background-meta":{"desktop":{"background-color":"var(--ast-global-color-5)","background-image":"","background-repeat":"repeat","background-position":"center center","background-size":"auto","background-attachment":"scroll","background-type":"","background-media":"","overlay-type":"","overlay-color":"","overlay-opacity":"","overlay-gradient":""},"tablet":{"background-color":"","background-image":"","background-repeat":"repeat","background-position":"center center","background-size":"auto","background-attachment":"scroll","background-type":"","background-media":"","overlay-type":"","overlay-color":"","overlay-opacity":"","overlay-gradient":""},"mobile":{"background-color":"","background-image":"","background-repeat":"repeat","background-position":"center center","background-size":"auto","background-attachment":"scroll","background-type":"","background-media":"","overlay-type":"","overlay-color":"","overlay-opacity":"","overlay-gradient":""}},"ast-content-background-meta":{"desktop":{"background-color":"var(--ast-global-color-4)","background-image":"","background-repeat":"repeat","background-position":"center center","background-size":"auto","background-attachment":"scroll","background-type":"","background-media":"","overlay-type":"","overlay-color":"","overlay-opacity":"","overlay-gradient":""},"tablet":{"background-color":"var(--ast-global-color-4)","background-image":"","background-repeat":"repeat","background-position":"center center","background-size":"auto","background-attachment":"scroll","background-type":"","background-media":"","overlay-type":"","overlay-color":"","overlay-opacity":"","overlay-gradient":""},"mobile":{"background-color":"var(--ast-global-color-4)","background-image":"","background-repeat":"repeat","background-position":"center center","background-size":"auto","background-attachment":"scroll","background-type":"","background-media":"","overlay-type":"","overlay-color":"","overlay-opacity":"","overlay-gradient":""}}},"product_brand":[],"product_cat":[325],"product_tag":[],"class_list":{"0":"post-20980","1":"product","2":"type-product","3":"status-publish","4":"has-post-thumbnail","6":"product_cat-pro-faltzelte","7":"desktop-align-left","8":"tablet-align-left","9":"mobile-align-left","11":"first","12":"instock","13":"sale","14":"taxable","15":"shipping-taxable","16":"purchasable","17":"product-type-variable"},"acf":[],"yoast_head":"<!-- This site is optimized with the Yoast SEO Premium plugin v24.5 (Yoast SEO v27.4) - https:\/\/yoast.com\/product\/yoast-seo-premium-wordpress\/ -->\n<title>Nopsa Faltzelt \/ Pop-up-Zelt 4x4 m Pro<\/title>\n<meta name=\"description\" content=\"Nopsa Pro Pop-up-Zelt 4\u00d74 m, in verschiedenen Farben und mit Zubeh\u00f6r. Bestellen Sie ein leichtes, aber robustes Faltzelt in den Abmessungen 4x4 zu einem g\u00fcnstigen Preis in unserem Online-Shop!\" \/>\n<meta name=\"robots\" content=\"index, follow, max-snippet:-1, max-image-preview:large, max-video-preview:-1\" \/>\n<link rel=\"canonical\" href=\"https:\/\/www.teltat.fi\/de\/produkt\/nopsa-faltzelt-pop-up-zelt-4x4-m-pro\/\" \/>\n<meta property=\"og:locale\" content=\"de_DE\" \/>\n<meta property=\"og:type\" content=\"article\" \/>\n<meta property=\"og:title\" content=\"Nopsa Faltzelt \/ Pop-up-Zelt 4x4 m Pro\" \/>\n<meta property=\"og:description\" content=\"Nopsa Pro Pop-up-Zelt 4\u00d74 m, in verschiedenen Farben und mit Zubeh\u00f6r. Bestellen Sie ein leichtes, aber robustes Faltzelt in den Abmessungen 4x4 zu einem g\u00fcnstigen Preis in unserem Online-Shop!\" \/>\n<meta property=\"og:url\" content=\"https:\/\/www.teltat.fi\/de\/produkt\/nopsa-faltzelt-pop-up-zelt-4x4-m-pro\/\" \/>\n<meta property=\"og:site_name\" content=\"Nopsa\" \/>\n<meta property=\"article:publisher\" content=\"https:\/\/www.facebook.com\/teltat.fi\/\" \/>\n<meta property=\"article:modified_time\" content=\"2025-12-01T00:15:10+00:00\" \/>\n<meta property=\"og:image\" content=\"https:\/\/www.teltat.fi\/wp-content\/uploads\/2023\/02\/4x4-kaikki-varit.png\" \/>\n\t<meta property=\"og:image:width\" content=\"550\" \/>\n\t<meta property=\"og:image:height\" content=\"550\" \/>\n\t<meta property=\"og:image:type\" content=\"image\/png\" \/>\n<meta name=\"twitter:card\" content=\"summary_large_image\" \/>\n<meta name=\"twitter:label1\" content=\"Gesch\u00e4tzte Lesezeit\" \/>\n\t<meta name=\"twitter:data1\" content=\"5\u00a0Minuten\" \/>\n<script type=\"application\/ld+json\" class=\"yoast-schema-graph\">{\"@context\":\"https:\\\/\\\/schema.org\",\"@graph\":[{\"@type\":[\"WebPage\",\"ItemPage\"],\"@id\":\"https:\\\/\\\/www.teltat.fi\\\/de\\\/produkt\\\/nopsa-faltzelt-pop-up-zelt-4x4-m-pro\\\/\",\"url\":\"https:\\\/\\\/www.teltat.fi\\\/de\\\/produkt\\\/nopsa-faltzelt-pop-up-zelt-4x4-m-pro\\\/\",\"name\":\"Nopsa Faltzelt \\\/ Pop-up-Zelt 4x4 m Pro\",\"isPartOf\":{\"@id\":\"https:\\\/\\\/www.teltat.fi\\\/de\\\/#website\"},\"primaryImageOfPage\":{\"@id\":\"https:\\\/\\\/www.teltat.fi\\\/de\\\/produkt\\\/nopsa-faltzelt-pop-up-zelt-4x4-m-pro\\\/#primaryimage\"},\"image\":{\"@id\":\"https:\\\/\\\/www.teltat.fi\\\/de\\\/produkt\\\/nopsa-faltzelt-pop-up-zelt-4x4-m-pro\\\/#primaryimage\"},\"thumbnailUrl\":\"https:\\\/\\\/www.teltat.fi\\\/wp-content\\\/uploads\\\/2023\\\/02\\\/4x4-kaikki-varit.png\",\"datePublished\":\"2023-02-08T13:18:37+00:00\",\"dateModified\":\"2025-12-01T00:15:10+00:00\",\"description\":\"Nopsa Pro Pop-up-Zelt 4\u00d74 m, in verschiedenen Farben und mit Zubeh\u00f6r. Bestellen Sie ein leichtes, aber robustes Faltzelt in den Abmessungen 4x4 zu einem g\u00fcnstigen Preis in unserem Online-Shop!\",\"breadcrumb\":{\"@id\":\"https:\\\/\\\/www.teltat.fi\\\/de\\\/produkt\\\/nopsa-faltzelt-pop-up-zelt-4x4-m-pro\\\/#breadcrumb\"},\"inLanguage\":\"de\",\"potentialAction\":[{\"@type\":\"ReadAction\",\"target\":[\"https:\\\/\\\/www.teltat.fi\\\/de\\\/produkt\\\/nopsa-faltzelt-pop-up-zelt-4x4-m-pro\\\/\"]}]},{\"@type\":\"ImageObject\",\"inLanguage\":\"de\",\"@id\":\"https:\\\/\\\/www.teltat.fi\\\/de\\\/produkt\\\/nopsa-faltzelt-pop-up-zelt-4x4-m-pro\\\/#primaryimage\",\"url\":\"https:\\\/\\\/www.teltat.fi\\\/wp-content\\\/uploads\\\/2023\\\/02\\\/4x4-kaikki-varit.png\",\"contentUrl\":\"https:\\\/\\\/www.teltat.fi\\\/wp-content\\\/uploads\\\/2023\\\/02\\\/4x4-kaikki-varit.png\",\"width\":550,\"height\":550,\"caption\":\"Nopsa Faltzelt \\\/ Pop-up-Zelt 4x4m\"},{\"@type\":\"BreadcrumbList\",\"@id\":\"https:\\\/\\\/www.teltat.fi\\\/de\\\/produkt\\\/nopsa-faltzelt-pop-up-zelt-4x4-m-pro\\\/#breadcrumb\",\"itemListElement\":[{\"@type\":\"ListItem\",\"position\":1,\"name\":\"Hauptseite\",\"item\":\"https:\\\/\\\/www.teltat.fi\\\/de\\\/nopsa-popup-zelte-und-zubehoer\\\/\"},{\"@type\":\"ListItem\",\"position\":2,\"name\":\"Laden\",\"item\":\"https:\\\/\\\/www.teltat.fi\\\/de\\\/laden\\\/\"},{\"@type\":\"ListItem\",\"position\":3,\"name\":\"POP-UP \\\/ FALTZELTE\",\"item\":\"https:\\\/\\\/www.teltat.fi\\\/de\\\/produktkategorie\\\/pop-up-faltzelte\\\/\"},{\"@type\":\"ListItem\",\"position\":4,\"name\":\"Pro Faltzelte\",\"item\":\"https:\\\/\\\/www.teltat.fi\\\/de\\\/produktkategorie\\\/pop-up-faltzelte\\\/pro-faltzelte\\\/\"},{\"@type\":\"ListItem\",\"position\":5,\"name\":\"Nopsa Faltzelt \\\/ Pop-up-Zelt 4&#215;4 m Pro\"}]},{\"@type\":\"WebSite\",\"@id\":\"https:\\\/\\\/www.teltat.fi\\\/de\\\/#website\",\"url\":\"https:\\\/\\\/www.teltat.fi\\\/de\\\/\",\"name\":\"Nopsa\",\"description\":\"Pop-up teltat ja tarvikkeet kaikkiin tapahtumiin\",\"publisher\":{\"@id\":\"https:\\\/\\\/www.teltat.fi\\\/de\\\/#organization\"},\"alternateName\":\"Nopsa popup teltat\",\"potentialAction\":[{\"@type\":\"SearchAction\",\"target\":{\"@type\":\"EntryPoint\",\"urlTemplate\":\"https:\\\/\\\/www.teltat.fi\\\/de\\\/?s={search_term_string}\"},\"query-input\":{\"@type\":\"PropertyValueSpecification\",\"valueRequired\":true,\"valueName\":\"search_term_string\"}}],\"inLanguage\":\"de\"},{\"@type\":\"Organization\",\"@id\":\"https:\\\/\\\/www.teltat.fi\\\/de\\\/#organization\",\"name\":\"www.teltat.fi\",\"alternateName\":\"Nopsa Pop-up-Zelte und Zubeh\u00f6r\",\"url\":\"https:\\\/\\\/www.teltat.fi\\\/de\\\/\",\"logo\":{\"@type\":\"ImageObject\",\"inLanguage\":\"de\",\"@id\":\"https:\\\/\\\/www.teltat.fi\\\/de\\\/#\\\/schema\\\/logo\\\/image\\\/\",\"url\":\"https:\\\/\\\/www.teltat.fi\\\/wp-content\\\/uploads\\\/2025\\\/03\\\/Nopsa-logo-white-no-circle-RGB.svg\",\"contentUrl\":\"https:\\\/\\\/www.teltat.fi\\\/wp-content\\\/uploads\\\/2025\\\/03\\\/Nopsa-logo-white-no-circle-RGB.svg\",\"width\":1080,\"height\":548,\"caption\":\"www.teltat.fi\"},\"image\":{\"@id\":\"https:\\\/\\\/www.teltat.fi\\\/de\\\/#\\\/schema\\\/logo\\\/image\\\/\"},\"sameAs\":[\"https:\\\/\\\/www.facebook.com\\\/teltat.fi\\\/\"],\"email\":\"myynti@teltat.fi\",\"telephone\":\"+358105260424\",\"foundingDate\":\"1994-05-18\",\"vatID\":\"FI09519220\",\"numberOfEmployees\":{\"@type\":\"QuantitativeValue\",\"minValue\":\"1\",\"maxValue\":\"10\"}}]}<\/script>\n<!-- \/ Yoast SEO Premium plugin. -->","yoast_head_json":{"title":"Nopsa Faltzelt \/ Pop-up-Zelt 4x4 m Pro","description":"Nopsa Pro Pop-up-Zelt 4\u00d74 m, in verschiedenen Farben und mit Zubeh\u00f6r. Bestellen Sie ein leichtes, aber robustes Faltzelt in den Abmessungen 4x4 zu einem g\u00fcnstigen Preis in unserem Online-Shop!","robots":{"index":"index","follow":"follow","max-snippet":"max-snippet:-1","max-image-preview":"max-image-preview:large","max-video-preview":"max-video-preview:-1"},"canonical":"https:\/\/www.teltat.fi\/de\/produkt\/nopsa-faltzelt-pop-up-zelt-4x4-m-pro\/","og_locale":"de_DE","og_type":"article","og_title":"Nopsa Faltzelt \/ Pop-up-Zelt 4x4 m Pro","og_description":"Nopsa Pro Pop-up-Zelt 4\u00d74 m, in verschiedenen Farben und mit Zubeh\u00f6r. Bestellen Sie ein leichtes, aber robustes Faltzelt in den Abmessungen 4x4 zu einem g\u00fcnstigen Preis in unserem Online-Shop!","og_url":"https:\/\/www.teltat.fi\/de\/produkt\/nopsa-faltzelt-pop-up-zelt-4x4-m-pro\/","og_site_name":"Nopsa","article_publisher":"https:\/\/www.facebook.com\/teltat.fi\/","article_modified_time":"2025-12-01T00:15:10+00:00","og_image":[{"width":550,"height":550,"url":"https:\/\/www.teltat.fi\/wp-content\/uploads\/2023\/02\/4x4-kaikki-varit.png","type":"image\/png"}],"twitter_card":"summary_large_image","twitter_misc":{"Gesch\u00e4tzte Lesezeit":"5\u00a0Minuten"},"schema":{"@context":"https:\/\/schema.org","@graph":[{"@type":["WebPage","ItemPage"],"@id":"https:\/\/www.teltat.fi\/de\/produkt\/nopsa-faltzelt-pop-up-zelt-4x4-m-pro\/","url":"https:\/\/www.teltat.fi\/de\/produkt\/nopsa-faltzelt-pop-up-zelt-4x4-m-pro\/","name":"Nopsa Faltzelt \/ Pop-up-Zelt 4x4 m Pro","isPartOf":{"@id":"https:\/\/www.teltat.fi\/de\/#website"},"primaryImageOfPage":{"@id":"https:\/\/www.teltat.fi\/de\/produkt\/nopsa-faltzelt-pop-up-zelt-4x4-m-pro\/#primaryimage"},"image":{"@id":"https:\/\/www.teltat.fi\/de\/produkt\/nopsa-faltzelt-pop-up-zelt-4x4-m-pro\/#primaryimage"},"thumbnailUrl":"https:\/\/www.teltat.fi\/wp-content\/uploads\/2023\/02\/4x4-kaikki-varit.png","datePublished":"2023-02-08T13:18:37+00:00","dateModified":"2025-12-01T00:15:10+00:00","description":"Nopsa Pro Pop-up-Zelt 4\u00d74 m, in verschiedenen Farben und mit Zubeh\u00f6r. Bestellen Sie ein leichtes, aber robustes Faltzelt in den Abmessungen 4x4 zu einem g\u00fcnstigen Preis in unserem Online-Shop!","breadcrumb":{"@id":"https:\/\/www.teltat.fi\/de\/produkt\/nopsa-faltzelt-pop-up-zelt-4x4-m-pro\/#breadcrumb"},"inLanguage":"de","potentialAction":[{"@type":"ReadAction","target":["https:\/\/www.teltat.fi\/de\/produkt\/nopsa-faltzelt-pop-up-zelt-4x4-m-pro\/"]}]},{"@type":"ImageObject","inLanguage":"de","@id":"https:\/\/www.teltat.fi\/de\/produkt\/nopsa-faltzelt-pop-up-zelt-4x4-m-pro\/#primaryimage","url":"https:\/\/www.teltat.fi\/wp-content\/uploads\/2023\/02\/4x4-kaikki-varit.png","contentUrl":"https:\/\/www.teltat.fi\/wp-content\/uploads\/2023\/02\/4x4-kaikki-varit.png","width":550,"height":550,"caption":"Nopsa Faltzelt \/ Pop-up-Zelt 4x4m"},{"@type":"BreadcrumbList","@id":"https:\/\/www.teltat.fi\/de\/produkt\/nopsa-faltzelt-pop-up-zelt-4x4-m-pro\/#breadcrumb","itemListElement":[{"@type":"ListItem","position":1,"name":"Hauptseite","item":"https:\/\/www.teltat.fi\/de\/nopsa-popup-zelte-und-zubehoer\/"},{"@type":"ListItem","position":2,"name":"Laden","item":"https:\/\/www.teltat.fi\/de\/laden\/"},{"@type":"ListItem","position":3,"name":"POP-UP \/ FALTZELTE","item":"https:\/\/www.teltat.fi\/de\/produktkategorie\/pop-up-faltzelte\/"},{"@type":"ListItem","position":4,"name":"Pro Faltzelte","item":"https:\/\/www.teltat.fi\/de\/produktkategorie\/pop-up-faltzelte\/pro-faltzelte\/"},{"@type":"ListItem","position":5,"name":"Nopsa Faltzelt \/ Pop-up-Zelt 4&#215;4 m Pro"}]},{"@type":"WebSite","@id":"https:\/\/www.teltat.fi\/de\/#website","url":"https:\/\/www.teltat.fi\/de\/","name":"Nopsa","description":"Pop-up teltat ja tarvikkeet kaikkiin tapahtumiin","publisher":{"@id":"https:\/\/www.teltat.fi\/de\/#organization"},"alternateName":"Nopsa popup teltat","potentialAction":[{"@type":"SearchAction","target":{"@type":"EntryPoint","urlTemplate":"https:\/\/www.teltat.fi\/de\/?s={search_term_string}"},"query-input":{"@type":"PropertyValueSpecification","valueRequired":true,"valueName":"search_term_string"}}],"inLanguage":"de"},{"@type":"Organization","@id":"https:\/\/www.teltat.fi\/de\/#organization","name":"www.teltat.fi","alternateName":"Nopsa Pop-up-Zelte und Zubeh\u00f6r","url":"https:\/\/www.teltat.fi\/de\/","logo":{"@type":"ImageObject","inLanguage":"de","@id":"https:\/\/www.teltat.fi\/de\/#\/schema\/logo\/image\/","url":"https:\/\/www.teltat.fi\/wp-content\/uploads\/2025\/03\/Nopsa-logo-white-no-circle-RGB.svg","contentUrl":"https:\/\/www.teltat.fi\/wp-content\/uploads\/2025\/03\/Nopsa-logo-white-no-circle-RGB.svg","width":1080,"height":548,"caption":"www.teltat.fi"},"image":{"@id":"https:\/\/www.teltat.fi\/de\/#\/schema\/logo\/image\/"},"sameAs":["https:\/\/www.facebook.com\/teltat.fi\/"],"email":"myynti@teltat.fi","telephone":"+358105260424","foundingDate":"1994-05-18","vatID":"FI09519220","numberOfEmployees":{"@type":"QuantitativeValue","minValue":"1","maxValue":"10"}}]}},"_links":{"self":[{"href":"https:\/\/www.teltat.fi\/de\/wp-json\/wp\/v2\/product\/20980","targetHints":{"allow":["GET"]}}],"collection":[{"href":"https:\/\/www.teltat.fi\/de\/wp-json\/wp\/v2\/product"}],"about":[{"href":"https:\/\/www.teltat.fi\/de\/wp-json\/wp\/v2\/types\/product"}],"version-history":[{"count":3,"href":"https:\/\/www.teltat.fi\/de\/wp-json\/wp\/v2\/product\/20980\/revisions"}],"predecessor-version":[{"id":29990,"href":"https:\/\/www.teltat.fi\/de\/wp-json\/wp\/v2\/product\/20980\/revisions\/29990"}],"wp:featuredmedia":[{"embeddable":true,"href":"https:\/\/www.teltat.fi\/de\/wp-json\/wp\/v2\/media\/19970"}],"wp:attachment":[{"href":"https:\/\/www.teltat.fi\/de\/wp-json\/wp\/v2\/media?parent=20980"}],"wp:term":[{"taxonomy":"product_brand","embeddable":true,"href":"https:\/\/www.teltat.fi\/de\/wp-json\/wp\/v2\/product_brand?post=20980"},{"taxonomy":"product_cat","embeddable":true,"href":"https:\/\/www.teltat.fi\/de\/wp-json\/wp\/v2\/product_cat?post=20980"},{"taxonomy":"product_tag","embeddable":true,"href":"https:\/\/www.teltat.fi\/de\/wp-json\/wp\/v2\/product_tag?post=20980"}],"curies":[{"name":"wp","href":"https:\/\/api.w.org\/{rel}","templated":true}]}}