{"id":22382,"date":"2023-02-08T13:19:04","date_gmt":"2023-02-08T13:19:04","guid":{"rendered":"https:\/\/www.teltat.fi\/tuote\/nopsa-faltzelt-3x3m-mini\/"},"modified":"2025-12-01T02:15:11","modified_gmt":"2025-12-01T00:15:11","slug":"nopsa-faltzelt-3x3m-mini","status":"publish","type":"product","link":"https:\/\/www.teltat.fi\/de\/produkt\/nopsa-faltzelt-3x3m-mini\/","title":{"rendered":"Nopsa Faltzelt 3x3m Mini"},"content":{"rendered":"<p><strong>Das Nopsa Faltzelt Mini kommt auf ein erstaunlich kleines Transportma\u00df von 110 x 40 x 40cm!<\/strong> Das Zeltgestell ist aus Spezialaluminium gefertigt, was eine lange Lebensdauer garantiert. Das Nopsa Mini-Zelt verwendet die gleichen hochwertigen Stoffe wie das Pro-Modell. Jetzt sind wir stolz, eine kompakte, hochwertige und dennoch erschwingliche Option f\u00fcr alle pr\u00e4sentieren zu k\u00f6nnen, die ein Verkaufs-, Pr\u00e4sentations- oder Partyzelt ben\u00f6tigen.<\/p>\n<h3>Packungsinhalt:<\/h3>\n<ul>\n<li>3x3m Dach aus 500D-Polyester-Gewebe <strong>(wie beim Pro-Modell)<\/strong><\/li>\n<li>3x3m Aluminiumrahmen<\/li>\n<li>Die Rolltransporttasche l\u00e4sst sich mittig \u00fcber die gesamte L\u00e4nge \u00f6ffnen.<\/li>\n<li>Erdspie\u00dfe und Spanngurte mit Karabinern<\/li>\n<li>Anweisungen.<\/li>\n<\/ul>\n<p><strong><a href=\"https:\/\/www.teltat.fi\/de\/produkt\/nopsa-3x3m-wandpaket\/\">W\u00e4nde sind nicht im Paket enthalten. <\/a><\/strong><\/p>\n<p><strong>Wir empfehlen<\/strong> als Zubeh\u00f6r<strong> <\/strong><a href=\"https:\/\/www.teltat.fi\/de\/produkt\/nopsa-3x3m-wandpaket\/\">W\u00e4nde<\/a> und mindestens <a href=\"https:\/\/www.teltat.fi\/product\/teraspaino\/\">4 Metallgewichte<\/a>.<\/p>\n<h4>Technische Daten des Zeltes:<\/h4>\n<ul>\n<li>Gewicht von Dachgewebe und Rahmen 25 kg<\/li>\n<li>Zelttransportgr\u00f6\u00dfe 110 x 40 x 40 cm<\/li>\n<li>Maximale Gesamth\u00f6he des Zeltes ca. 329 cm (die H\u00f6he des Laufstegs kann auf f\u00fcnf verschiedene H\u00f6hen eingestellt werden) <\/li>\n<li>Aluminium-Materialst\u00e4rke 1 mm<\/li>\n<\/ul>\n<h4>Merkmale:<\/h4>\n<ul>\n<li>Die Rahmenbeine bestehen aus <strong>sechseckigen, hochbelastbaren 40 mm Aluminiumprofilen.<\/strong><\/li>\n<li>Die praktische, patentierte \u201eAkkordeon\u201c-Struktur l\u00e4sst sich leicht auf- und abbauen, da keine losen Teile oder leicht zerbrechliche Oberfl\u00e4chen vorhanden sind.<\/li>\n<li><strong>Stark belastete Gelenke und Verbindungsteile bestehen aus Aluminium, andere aus Nylon.<\/strong><\/li>\n<li>Dach und W\u00e4nde bestehen aus pflegeleichtem, wasserdichtem, winddichtem und UV-best\u00e4ndigem <strong>500D<\/strong>-Polyestergewebe.<\/li>\n<li>Die Stoffe sind feuerfest (schwer entflammbar P2-Klassifizierung gem\u00e4\u00df EU-Verordnung EN13501-1:21002).<\/li>\n<li>Das Dach ist mit stabilen Klettb\u00e4ndern am Aluminiumrahmen befestigt und <strong>an allen Ecken verst\u00e4rkt<\/strong>, um starker Beanspruchung standzuhalten.<\/li>\n<li>Der automatische Dachstoffspannmechanismus h\u00e4lt das Dach straff.<\/li>\n<li>Die W\u00e4nde werden mit Klettverschluss an der Decke befestigt und die Ecken lassen sich mit einem Rei\u00dfverschluss fest verschlie\u00dfen.<\/li>\n<li>Die H\u00f6he des Gehweges unter der Platte betr\u00e4gt bis zu 200 cm <strong>(einstellbar auf f\u00fcnf verschiedene H\u00f6hen)<\/strong><\/li>\n<li>F\u00fcr das Zelt stehen Ersatzteile oder ein Reparaturservice zur Verf\u00fcgung.<\/li>\n<li><strong>Die Rolltransporttasche l\u00e4sst sich mittig \u00fcber die gesamte L\u00e4nge \u00f6ffnen.<\/strong><\/li>\n<li>Das Zelt hat die Ma\u00dfe von ca. 110 x 40 x 40 cm und passt damit sogar in ein Auto.<\/li>\n<li>Auf alle Materialien gibt es eine 1-j\u00e4hrige Garantie.<\/li>\n<\/ul>\n<p>&nbsp;<\/p>\n<p><em><strong>Nopsa-Zelte k\u00f6nnen mit Ihrem eigenen Logo oder Text an der Decke, an der Wand oder auf der Box bedruckt werden. <a href=\"https:\/\/www.teltat.fi\/de\/bedrucktes-zelt\/\">Mehr sehen<\/a>.<\/strong><\/em><\/p>\n","protected":false},"excerpt":{"rendered":"<p><a href=\"https:\/\/www.teltat.fi\/wp-content\/uploads\/2023\/02\/height329.png\" target=\"_blank\" rel=\"noopener\"><img decoding=\"async\" class=\"alignnone size-thumbnail\" src=\"https:\/\/www.teltat.fi\/wp-content\/uploads\/2023\/02\/height329.png\" alt=\"H\u00f6he des Zeltes 329cm und H\u00f6he des Steges 200cm\" width=\"100\" height=\"100\"><\/a><br \/>\n<a href=\"https:\/\/www.teltat.fi\/wp-content\/uploads\/2023\/02\/fabric.png\" target=\"_blank\" rel=\"noopener\"><img decoding=\"async\" class=\"alignnone size-thumbnail\" src=\"https:\/\/www.teltat.fi\/wp-content\/uploads\/2023\/02\/fabric.png\" alt=\"Ultrastarke Gewebe 318g\/m2\" width=\"100\" height=\"100\"><\/a><br \/>\n<a href=\"https:\/\/www.teltat.fi\/wp-content\/uploads\/2023\/02\/frame40-mini.png\" target=\"_blank\" rel=\"noopener\"><img decoding=\"async\" class=\"alignnone size-thumbnail\" src=\"https:\/\/www.teltat.fi\/wp-content\/uploads\/2023\/02\/frame40-mini.png\" alt=\"40mm Aluminiumprofil\" width=\"100\" height=\"100\"><\/a><br \/>\n<a href=\"https:\/\/www.teltat.fi\/wp-content\/uploads\/2023\/02\/size110-40-40.png\" target=\"_blank\" rel=\"noopener\"><img loading=\"lazy\" decoding=\"async\" class=\"alignnone size-thumbnail\" src=\"https:\/\/www.teltat.fi\/wp-content\/uploads\/2023\/02\/size110-40-40.png\" alt=\"Mindesttransportgr\u00f6\u00dfe 40x40x110cm\" width=\"100\" height=\"100\"><\/a><br \/>\n<a href=\"https:\/\/www.teltat.fi\/wp-content\/uploads\/2023\/02\/weight25.png\" target=\"_blank\" rel=\"noopener\"><img loading=\"lazy\" decoding=\"async\" class=\"alignnone size-thumbnail\" src=\"https:\/\/www.teltat.fi\/wp-content\/uploads\/2023\/02\/weight25.png\" alt=\"Gesamtgewicht 25kg\" width=\"100\" height=\"100\"><\/a><br \/>\n<a href=\"https:\/\/www.teltat.fi\/wp-content\/uploads\/2023\/02\/fire.png\" target=\"_blank\" rel=\"noopener\"><img loading=\"lazy\" decoding=\"async\" class=\"alignnone size-thumbnail\" src=\"https:\/\/www.teltat.fi\/wp-content\/uploads\/2023\/02\/fire.png\" alt=\"Klassifiziert f\u00fcr Brandsicherheit\" width=\"100\" height=\"100\"><\/a><br \/>\n<a href=\"https:\/\/www.teltat.fi\/wp-content\/uploads\/2023\/02\/weather.png\" target=\"_blank\" rel=\"noopener\"><img loading=\"lazy\" decoding=\"async\" class=\"alignnone size-thumbnail\" src=\"https:\/\/www.teltat.fi\/wp-content\/uploads\/2023\/02\/weather.png\" alt=\"UV-gesch\u00fctztes Material f\u00fcr alle Bedingungen\" width=\"100\" height=\"100\"><\/a><br \/>\n<a href=\"https:\/\/www.teltat.fi\/wp-content\/uploads\/2023\/02\/warranty1year.png\" target=\"_blank\" rel=\"noopener\"><img loading=\"lazy\" decoding=\"async\" class=\"alignnone size-thumbnail\" src=\"https:\/\/www.teltat.fi\/wp-content\/uploads\/2023\/02\/warranty1year.png\" alt=\"1 Jahr Materialgarantie\" width=\"100\" height=\"100\"><\/a><\/p>\n<p><span>Das Paket enth\u00e4lt keine W\u00e4nde oder Zeltgewichte.<\/span><\/p>\n","protected":false},"featured_media":20940,"template":"","meta":{"_acf_changed":false,"_eb_attr":"","site-sidebar-layout":"default","site-content-layout":"","ast-site-content-layout":"default","site-content-style":"default","site-sidebar-style":"default","ast-global-header-display":"","ast-banner-title-visibility":"","ast-main-header-display":"","ast-hfb-above-header-display":"","ast-hfb-below-header-display":"","ast-hfb-mobile-header-display":"","site-post-title":"","ast-breadcrumbs-content":"","ast-featured-img":"","footer-sml-layout":"","ast-disable-related-posts":"","theme-transparent-header-meta":"default","adv-header-id-meta":"","stick-header-meta":"","header-above-stick-meta":"","header-main-stick-meta":"","header-below-stick-meta":"","astra-migrate-meta-layouts":"default","ast-page-background-enabled":"default","ast-page-background-meta":{"desktop":{"background-color":"var(--ast-global-color-5)","background-image":"","background-repeat":"repeat","background-position":"center center","background-size":"auto","background-attachment":"scroll","background-type":"","background-media":"","overlay-type":"","overlay-color":"","overlay-opacity":"","overlay-gradient":""},"tablet":{"background-color":"","background-image":"","background-repeat":"repeat","background-position":"center center","background-size":"auto","background-attachment":"scroll","background-type":"","background-media":"","overlay-type":"","overlay-color":"","overlay-opacity":"","overlay-gradient":""},"mobile":{"background-color":"","background-image":"","background-repeat":"repeat","background-position":"center center","background-size":"auto","background-attachment":"scroll","background-type":"","background-media":"","overlay-type":"","overlay-color":"","overlay-opacity":"","overlay-gradient":""}},"ast-content-background-meta":{"desktop":{"background-color":"var(--ast-global-color-4)","background-image":"","background-repeat":"repeat","background-position":"center center","background-size":"auto","background-attachment":"scroll","background-type":"","background-media":"","overlay-type":"","overlay-color":"","overlay-opacity":"","overlay-gradient":""},"tablet":{"background-color":"var(--ast-global-color-4)","background-image":"","background-repeat":"repeat","background-position":"center center","background-size":"auto","background-attachment":"scroll","background-type":"","background-media":"","overlay-type":"","overlay-color":"","overlay-opacity":"","overlay-gradient":""},"mobile":{"background-color":"var(--ast-global-color-4)","background-image":"","background-repeat":"repeat","background-position":"center center","background-size":"auto","background-attachment":"scroll","background-type":"","background-media":"","overlay-type":"","overlay-color":"","overlay-opacity":"","overlay-gradient":""}}},"product_brand":[],"product_cat":[329],"product_tag":[],"class_list":{"0":"post-22382","1":"product","2":"type-product","3":"status-publish","4":"has-post-thumbnail","6":"product_cat-mini-faltzelte","7":"desktop-align-left","8":"tablet-align-left","9":"mobile-align-left","11":"first","12":"instock","13":"taxable","14":"shipping-taxable","15":"purchasable","16":"product-type-variable"},"acf":[],"yoast_head":"<!-- This site is optimized with the Yoast SEO Premium plugin v24.5 (Yoast SEO v27.4) - https:\/\/yoast.com\/product\/yoast-seo-premium-wordpress\/ -->\n<title>Nopsa Faltzelt 3x3m Mini<\/title>\n<meta name=\"robots\" content=\"index, follow, max-snippet:-1, max-image-preview:large, max-video-preview:-1\" \/>\n<link rel=\"canonical\" href=\"https:\/\/www.teltat.fi\/de\/produkt\/nopsa-faltzelt-3x3m-mini\/\" \/>\n<meta property=\"og:locale\" content=\"de_DE\" \/>\n<meta property=\"og:type\" content=\"article\" \/>\n<meta property=\"og:title\" content=\"Nopsa Faltzelt 3x3m Mini\" \/>\n<meta property=\"og:description\" content=\"Das Paket enth\u00e4lt keine W\u00e4nde oder Zeltgewichte.\" \/>\n<meta property=\"og:url\" content=\"https:\/\/www.teltat.fi\/de\/produkt\/nopsa-faltzelt-3x3m-mini\/\" \/>\n<meta property=\"og:site_name\" content=\"Nopsa\" \/>\n<meta property=\"article:publisher\" content=\"https:\/\/www.facebook.com\/teltat.fi\/\" \/>\n<meta property=\"article:modified_time\" content=\"2025-12-01T00:15:11+00:00\" \/>\n<meta property=\"og:image\" content=\"https:\/\/www.teltat.fi\/wp-content\/uploads\/2023\/02\/3x3-kaikki-varit.png\" \/>\n\t<meta property=\"og:image:width\" content=\"550\" \/>\n\t<meta property=\"og:image:height\" content=\"550\" \/>\n\t<meta property=\"og:image:type\" content=\"image\/png\" \/>\n<meta name=\"twitter:card\" content=\"summary_large_image\" \/>\n<meta name=\"twitter:label1\" content=\"Gesch\u00e4tzte Lesezeit\" \/>\n\t<meta name=\"twitter:data1\" content=\"2\u00a0Minuten\" \/>\n<script type=\"application\/ld+json\" class=\"yoast-schema-graph\">{\"@context\":\"https:\\\/\\\/schema.org\",\"@graph\":[{\"@type\":[\"WebPage\",\"ItemPage\"],\"@id\":\"https:\\\/\\\/www.teltat.fi\\\/de\\\/produkt\\\/nopsa-faltzelt-3x3m-mini\\\/\",\"url\":\"https:\\\/\\\/www.teltat.fi\\\/de\\\/produkt\\\/nopsa-faltzelt-3x3m-mini\\\/\",\"name\":\"Nopsa Faltzelt 3x3m Mini\",\"isPartOf\":{\"@id\":\"https:\\\/\\\/www.teltat.fi\\\/de\\\/#website\"},\"primaryImageOfPage\":{\"@id\":\"https:\\\/\\\/www.teltat.fi\\\/de\\\/produkt\\\/nopsa-faltzelt-3x3m-mini\\\/#primaryimage\"},\"image\":{\"@id\":\"https:\\\/\\\/www.teltat.fi\\\/de\\\/produkt\\\/nopsa-faltzelt-3x3m-mini\\\/#primaryimage\"},\"thumbnailUrl\":\"https:\\\/\\\/www.teltat.fi\\\/wp-content\\\/uploads\\\/2023\\\/02\\\/3x3-kaikki-varit.png\",\"datePublished\":\"2023-02-08T13:19:04+00:00\",\"dateModified\":\"2025-12-01T00:15:11+00:00\",\"breadcrumb\":{\"@id\":\"https:\\\/\\\/www.teltat.fi\\\/de\\\/produkt\\\/nopsa-faltzelt-3x3m-mini\\\/#breadcrumb\"},\"inLanguage\":\"de\",\"potentialAction\":[{\"@type\":\"ReadAction\",\"target\":[\"https:\\\/\\\/www.teltat.fi\\\/de\\\/produkt\\\/nopsa-faltzelt-3x3m-mini\\\/\"]}]},{\"@type\":\"ImageObject\",\"inLanguage\":\"de\",\"@id\":\"https:\\\/\\\/www.teltat.fi\\\/de\\\/produkt\\\/nopsa-faltzelt-3x3m-mini\\\/#primaryimage\",\"url\":\"https:\\\/\\\/www.teltat.fi\\\/wp-content\\\/uploads\\\/2023\\\/02\\\/3x3-kaikki-varit.png\",\"contentUrl\":\"https:\\\/\\\/www.teltat.fi\\\/wp-content\\\/uploads\\\/2023\\\/02\\\/3x3-kaikki-varit.png\",\"width\":550,\"height\":550,\"caption\":\"Nopsa Faltzelt \\\/ Pop-up-Zelt 3x3m\"},{\"@type\":\"BreadcrumbList\",\"@id\":\"https:\\\/\\\/www.teltat.fi\\\/de\\\/produkt\\\/nopsa-faltzelt-3x3m-mini\\\/#breadcrumb\",\"itemListElement\":[{\"@type\":\"ListItem\",\"position\":1,\"name\":\"Hauptseite\",\"item\":\"https:\\\/\\\/www.teltat.fi\\\/de\\\/nopsa-popup-zelte-und-zubehoer\\\/\"},{\"@type\":\"ListItem\",\"position\":2,\"name\":\"Laden\",\"item\":\"https:\\\/\\\/www.teltat.fi\\\/de\\\/laden\\\/\"},{\"@type\":\"ListItem\",\"position\":3,\"name\":\"POP-UP \\\/ FALTZELTE\",\"item\":\"https:\\\/\\\/www.teltat.fi\\\/de\\\/produktkategorie\\\/pop-up-faltzelte\\\/\"},{\"@type\":\"ListItem\",\"position\":4,\"name\":\"Mini Faltzelte\",\"item\":\"https:\\\/\\\/www.teltat.fi\\\/de\\\/produktkategorie\\\/pop-up-faltzelte\\\/mini-faltzelte\\\/\"},{\"@type\":\"ListItem\",\"position\":5,\"name\":\"Nopsa Faltzelt 3x3m Mini\"}]},{\"@type\":\"WebSite\",\"@id\":\"https:\\\/\\\/www.teltat.fi\\\/de\\\/#website\",\"url\":\"https:\\\/\\\/www.teltat.fi\\\/de\\\/\",\"name\":\"Nopsa\",\"description\":\"Pop-up teltat ja tarvikkeet kaikkiin tapahtumiin\",\"publisher\":{\"@id\":\"https:\\\/\\\/www.teltat.fi\\\/de\\\/#organization\"},\"alternateName\":\"Nopsa popup teltat\",\"potentialAction\":[{\"@type\":\"SearchAction\",\"target\":{\"@type\":\"EntryPoint\",\"urlTemplate\":\"https:\\\/\\\/www.teltat.fi\\\/de\\\/?s={search_term_string}\"},\"query-input\":{\"@type\":\"PropertyValueSpecification\",\"valueRequired\":true,\"valueName\":\"search_term_string\"}}],\"inLanguage\":\"de\"},{\"@type\":\"Organization\",\"@id\":\"https:\\\/\\\/www.teltat.fi\\\/de\\\/#organization\",\"name\":\"www.teltat.fi\",\"alternateName\":\"Nopsa Pop-up-Zelte und Zubeh\u00f6r\",\"url\":\"https:\\\/\\\/www.teltat.fi\\\/de\\\/\",\"logo\":{\"@type\":\"ImageObject\",\"inLanguage\":\"de\",\"@id\":\"https:\\\/\\\/www.teltat.fi\\\/de\\\/#\\\/schema\\\/logo\\\/image\\\/\",\"url\":\"https:\\\/\\\/www.teltat.fi\\\/wp-content\\\/uploads\\\/2025\\\/03\\\/Nopsa-logo-white-no-circle-RGB.svg\",\"contentUrl\":\"https:\\\/\\\/www.teltat.fi\\\/wp-content\\\/uploads\\\/2025\\\/03\\\/Nopsa-logo-white-no-circle-RGB.svg\",\"width\":1080,\"height\":548,\"caption\":\"www.teltat.fi\"},\"image\":{\"@id\":\"https:\\\/\\\/www.teltat.fi\\\/de\\\/#\\\/schema\\\/logo\\\/image\\\/\"},\"sameAs\":[\"https:\\\/\\\/www.facebook.com\\\/teltat.fi\\\/\"],\"email\":\"myynti@teltat.fi\",\"telephone\":\"+358105260424\",\"foundingDate\":\"1994-05-18\",\"vatID\":\"FI09519220\",\"numberOfEmployees\":{\"@type\":\"QuantitativeValue\",\"minValue\":\"1\",\"maxValue\":\"10\"}}]}<\/script>\n<!-- \/ Yoast SEO Premium plugin. -->","yoast_head_json":{"title":"Nopsa Faltzelt 3x3m Mini","robots":{"index":"index","follow":"follow","max-snippet":"max-snippet:-1","max-image-preview":"max-image-preview:large","max-video-preview":"max-video-preview:-1"},"canonical":"https:\/\/www.teltat.fi\/de\/produkt\/nopsa-faltzelt-3x3m-mini\/","og_locale":"de_DE","og_type":"article","og_title":"Nopsa Faltzelt 3x3m Mini","og_description":"Das Paket enth\u00e4lt keine W\u00e4nde oder Zeltgewichte.","og_url":"https:\/\/www.teltat.fi\/de\/produkt\/nopsa-faltzelt-3x3m-mini\/","og_site_name":"Nopsa","article_publisher":"https:\/\/www.facebook.com\/teltat.fi\/","article_modified_time":"2025-12-01T00:15:11+00:00","og_image":[{"width":550,"height":550,"url":"https:\/\/www.teltat.fi\/wp-content\/uploads\/2023\/02\/3x3-kaikki-varit.png","type":"image\/png"}],"twitter_card":"summary_large_image","twitter_misc":{"Gesch\u00e4tzte Lesezeit":"2\u00a0Minuten"},"schema":{"@context":"https:\/\/schema.org","@graph":[{"@type":["WebPage","ItemPage"],"@id":"https:\/\/www.teltat.fi\/de\/produkt\/nopsa-faltzelt-3x3m-mini\/","url":"https:\/\/www.teltat.fi\/de\/produkt\/nopsa-faltzelt-3x3m-mini\/","name":"Nopsa Faltzelt 3x3m Mini","isPartOf":{"@id":"https:\/\/www.teltat.fi\/de\/#website"},"primaryImageOfPage":{"@id":"https:\/\/www.teltat.fi\/de\/produkt\/nopsa-faltzelt-3x3m-mini\/#primaryimage"},"image":{"@id":"https:\/\/www.teltat.fi\/de\/produkt\/nopsa-faltzelt-3x3m-mini\/#primaryimage"},"thumbnailUrl":"https:\/\/www.teltat.fi\/wp-content\/uploads\/2023\/02\/3x3-kaikki-varit.png","datePublished":"2023-02-08T13:19:04+00:00","dateModified":"2025-12-01T00:15:11+00:00","breadcrumb":{"@id":"https:\/\/www.teltat.fi\/de\/produkt\/nopsa-faltzelt-3x3m-mini\/#breadcrumb"},"inLanguage":"de","potentialAction":[{"@type":"ReadAction","target":["https:\/\/www.teltat.fi\/de\/produkt\/nopsa-faltzelt-3x3m-mini\/"]}]},{"@type":"ImageObject","inLanguage":"de","@id":"https:\/\/www.teltat.fi\/de\/produkt\/nopsa-faltzelt-3x3m-mini\/#primaryimage","url":"https:\/\/www.teltat.fi\/wp-content\/uploads\/2023\/02\/3x3-kaikki-varit.png","contentUrl":"https:\/\/www.teltat.fi\/wp-content\/uploads\/2023\/02\/3x3-kaikki-varit.png","width":550,"height":550,"caption":"Nopsa Faltzelt \/ Pop-up-Zelt 3x3m"},{"@type":"BreadcrumbList","@id":"https:\/\/www.teltat.fi\/de\/produkt\/nopsa-faltzelt-3x3m-mini\/#breadcrumb","itemListElement":[{"@type":"ListItem","position":1,"name":"Hauptseite","item":"https:\/\/www.teltat.fi\/de\/nopsa-popup-zelte-und-zubehoer\/"},{"@type":"ListItem","position":2,"name":"Laden","item":"https:\/\/www.teltat.fi\/de\/laden\/"},{"@type":"ListItem","position":3,"name":"POP-UP \/ FALTZELTE","item":"https:\/\/www.teltat.fi\/de\/produktkategorie\/pop-up-faltzelte\/"},{"@type":"ListItem","position":4,"name":"Mini Faltzelte","item":"https:\/\/www.teltat.fi\/de\/produktkategorie\/pop-up-faltzelte\/mini-faltzelte\/"},{"@type":"ListItem","position":5,"name":"Nopsa Faltzelt 3x3m Mini"}]},{"@type":"WebSite","@id":"https:\/\/www.teltat.fi\/de\/#website","url":"https:\/\/www.teltat.fi\/de\/","name":"Nopsa","description":"Pop-up teltat ja tarvikkeet kaikkiin tapahtumiin","publisher":{"@id":"https:\/\/www.teltat.fi\/de\/#organization"},"alternateName":"Nopsa popup teltat","potentialAction":[{"@type":"SearchAction","target":{"@type":"EntryPoint","urlTemplate":"https:\/\/www.teltat.fi\/de\/?s={search_term_string}"},"query-input":{"@type":"PropertyValueSpecification","valueRequired":true,"valueName":"search_term_string"}}],"inLanguage":"de"},{"@type":"Organization","@id":"https:\/\/www.teltat.fi\/de\/#organization","name":"www.teltat.fi","alternateName":"Nopsa Pop-up-Zelte und Zubeh\u00f6r","url":"https:\/\/www.teltat.fi\/de\/","logo":{"@type":"ImageObject","inLanguage":"de","@id":"https:\/\/www.teltat.fi\/de\/#\/schema\/logo\/image\/","url":"https:\/\/www.teltat.fi\/wp-content\/uploads\/2025\/03\/Nopsa-logo-white-no-circle-RGB.svg","contentUrl":"https:\/\/www.teltat.fi\/wp-content\/uploads\/2025\/03\/Nopsa-logo-white-no-circle-RGB.svg","width":1080,"height":548,"caption":"www.teltat.fi"},"image":{"@id":"https:\/\/www.teltat.fi\/de\/#\/schema\/logo\/image\/"},"sameAs":["https:\/\/www.facebook.com\/teltat.fi\/"],"email":"myynti@teltat.fi","telephone":"+358105260424","foundingDate":"1994-05-18","vatID":"FI09519220","numberOfEmployees":{"@type":"QuantitativeValue","minValue":"1","maxValue":"10"}}]}},"_links":{"self":[{"href":"https:\/\/www.teltat.fi\/de\/wp-json\/wp\/v2\/product\/22382","targetHints":{"allow":["GET"]}}],"collection":[{"href":"https:\/\/www.teltat.fi\/de\/wp-json\/wp\/v2\/product"}],"about":[{"href":"https:\/\/www.teltat.fi\/de\/wp-json\/wp\/v2\/types\/product"}],"version-history":[{"count":1,"href":"https:\/\/www.teltat.fi\/de\/wp-json\/wp\/v2\/product\/22382\/revisions"}],"predecessor-version":[{"id":29213,"href":"https:\/\/www.teltat.fi\/de\/wp-json\/wp\/v2\/product\/22382\/revisions\/29213"}],"wp:featuredmedia":[{"embeddable":true,"href":"https:\/\/www.teltat.fi\/de\/wp-json\/wp\/v2\/media\/20940"}],"wp:attachment":[{"href":"https:\/\/www.teltat.fi\/de\/wp-json\/wp\/v2\/media?parent=22382"}],"wp:term":[{"taxonomy":"product_brand","embeddable":true,"href":"https:\/\/www.teltat.fi\/de\/wp-json\/wp\/v2\/product_brand?post=22382"},{"taxonomy":"product_cat","embeddable":true,"href":"https:\/\/www.teltat.fi\/de\/wp-json\/wp\/v2\/product_cat?post=22382"},{"taxonomy":"product_tag","embeddable":true,"href":"https:\/\/www.teltat.fi\/de\/wp-json\/wp\/v2\/product_tag?post=22382"}],"curies":[{"name":"wp","href":"https:\/\/api.w.org\/{rel}","templated":true}]}}