{"id":22519,"date":"2023-02-08T13:19:18","date_gmt":"2023-02-08T13:19:18","guid":{"rendered":"https:\/\/www.teltat.fi\/tuote\/nopsa-faltzelt-3x45m-stahl\/"},"modified":"2025-11-06T10:33:24","modified_gmt":"2025-11-06T08:33:24","slug":"nopsa-faltzelt-3x45m-stahl","status":"publish","type":"product","link":"https:\/\/www.teltat.fi\/de\/produkt\/nopsa-faltzelt-3x45m-stahl\/","title":{"rendered":"Nopsa Faltzelt 3&#215;4,5m Stahl"},"content":{"rendered":"<p>Jetzt f\u00fchren wir als Neuheit ein hochwertiges Zelt mit Metallrahmen ein, das aber dennoch eine preisg\u00fcnstige Alternative f\u00fcr alle darstellt, die ein Verkaufs-, Pr\u00e4sentations- oder Partyzelt ben\u00f6tigen. Das Metallrahmenzelt verf\u00fcgt \u00fcber ein sechseckiges Stahlprofil mit einem Durchmesser von 45 mm. Der Metallrahmen ist komplett pulverbeschichtet und h\u00e4lt auch widrigen Witterungsbedingungen stand.  <\/p>\n<h3>Packungsinhalt:<\/h3>\n<ul>\n<li>3\u00d74,5m gro\u00dfes Dach aus ULTRA STRONG Polyestergewebe mit einem Gewicht von nur 318 g\/m2 (dasselbe wie beim Pro-Modell)<\/li>\n<li>3&#215;4,5m pulverbeschichteter Stahlrahmen<\/li>\n<li>Einfach zu bedienende Schutzhaube.<\/li>\n<li>Erdspie\u00dfe und Spanngurte mit Karabinern<\/li>\n<li>Anweisungen.<strong><a href=\"https:\/\/www.teltat.fi\/de\/produkt\/nopsa-45m-vollwand-1kpl\/\">W\u00e4nde sind nicht im Paket enthalten.<\/a><\/strong><\/li>\n<\/ul>\n<p>Wir empfehlen <a href=\"https:\/\/www.teltat.fi\/de\/produkt\/nopsa-45m-vollwand-1kpl\/\">W\u00e4nde<\/a> und mindestens <a href=\"https:\/\/www.teltat.fi\/product\/teraspaino\/\">4 Metallgewichte<\/a> als Zubeh\u00f6r.<\/p>\n<h4>Technische Daten des Zeltes:<\/h4>\n<ul>\n<li>Gewicht Dachstoff und Gestell 50 kg<\/li>\n<li>Zelttransportma\u00df 165 x 25 x 25 cm<\/li>\n<li>Maximale Gesamth\u00f6he des Zeltes ca. 330 cm (die Gehh\u00f6he ist auf zwei verschiedene H\u00f6hen einstellbar) <\/li>\n<li>Stahlmaterialst\u00e4rke 0,8 mm<\/li>\n<\/ul>\n<h4>Merkmale:<\/h4>\n<ul>\n<li>Die Rahmenbeine bestehen aus <strong>sechseckigen, hochbelastbaren 45 mm Stahlprofilen<\/strong>.<\/li>\n<li>Die praktische, patentierte \u201eAkkordeon\u201c-Struktur l\u00e4sst sich leicht auf- und abbauen, da keine losen Teile oder leicht zerbrechliche Oberfl\u00e4chen vorhanden sind.<\/li>\n<li><strong>Stark belastete Gelenke und Verbinder bestehen aus Nylon<\/strong><\/li>\n<li>NEU! sehr hochwertiges, langlebiges und leichtes ULTRA STRONG Gewebe f\u00fcr Decken und W\u00e4nde (Gewicht nur 318g\/m2)<\/li>\n<li>ULTRA STRONG-Gewebe ist vollst\u00e4ndig wasserdicht und UV-best\u00e4ndig und blockiert<\/li>\n<li>Feuersicher (Brandklasse B1 DIN 4102-1)<\/li>\n<li>Das Dach ist mit stabilen Klettb\u00e4ndern am Aluminiumrahmen befestigt und <strong>an allen Ecken verst\u00e4rkt<\/strong>, um starker Beanspruchung standzuhalten.<\/li>\n<li>Der automatische Dachstoffspannmechanismus h\u00e4lt das Dach straff.<\/li>\n<li>Die W\u00e4nde werden mit Klettverschluss an der Decke befestigt und die Ecken lassen sich mit einem Rei\u00dfverschluss fest verschlie\u00dfen.<\/li>\n<li>Die Durchgangsh\u00f6he unter der Schwelle betr\u00e4gt bis zu 200cm (die H\u00f6he ist auf zwei verschiedene H\u00f6hen einstellbar)<\/li>\n<li>F\u00fcr das Zelt stehen Ersatzteile oder ein Reparaturservice zur Verf\u00fcgung.<\/li>\n<li>Einfach zu bedienende Schutzhaube.<\/li>\n<li>Das Zelt hat eine Transportgr\u00f6\u00dfe von ca. 165 x 25 x 25 cm, sodass es sogar in ein Auto passt.<\/li>\n<li>Auf alle Materialien gibt es eine 1-j\u00e4hrige Garantie.<\/li>\n<\/ul>\n<p>&nbsp;<\/p>\n<p><em><strong>Bei Nopsa-Zelten k\u00f6nnen Sie Ihr eigenes Logo oder Ihren eigenen Text auf das Dach, die Wand oder das Vordach drucken.<\/strong><\/em><\/p>\n","protected":false},"excerpt":{"rendered":"<p><a href=\"https:\/\/www.teltat.fi\/wp-content\/uploads\/2023\/02\/height329.png\" target=\"_blank\" rel=\"noopener\"><img decoding=\"async\" class=\"alignnone size-thumbnail\" src=\"https:\/\/www.teltat.fi\/wp-content\/uploads\/2023\/02\/height329.png\" alt=\"H\u00f6he des Zeltes 329cm und H\u00f6he des Steges 200cm\" width=\"100\" height=\"100\"><\/a><br \/>\n<a href=\"https:\/\/www.teltat.fi\/wp-content\/uploads\/2023\/02\/fabric.png\" target=\"_blank\" rel=\"noopener\"><img decoding=\"async\" class=\"alignnone size-thumbnail\" src=\"https:\/\/www.teltat.fi\/wp-content\/uploads\/2023\/02\/fabric.png\" alt=\"Ultrastarke Gewebe 318g\/m2\" width=\"100\" height=\"100\"><\/a><br \/>\n<a href=\"https:\/\/www.teltat.fi\/wp-content\/uploads\/2023\/02\/frame45-steel.png\" target=\"_blank\" rel=\"noopener\"><img decoding=\"async\" class=\"alignnone size-thumbnail\" src=\"https:\/\/www.teltat.fi\/wp-content\/uploads\/2023\/02\/frame45-steel.png\" alt=\"45mm Profil\" width=\"100\" height=\"100\"><\/a><br \/>\n<a href=\"https:\/\/www.teltat.fi\/wp-content\/uploads\/2023\/02\/size155-55-35.png\" target=\"_blank\" rel=\"noopener\"><img loading=\"lazy\" decoding=\"async\" class=\"alignnone size-thumbnail\" src=\"https:\/\/www.teltat.fi\/wp-content\/uploads\/2023\/02\/size155-55-35.png\" alt=\"Mindesttransportgr\u00f6\u00dfe 55x35x155cm\" width=\"100\" height=\"100\"><\/a><br \/>\n<a href=\"https:\/\/www.teltat.fi\/wp-content\/uploads\/2023\/02\/weight49.png\" target=\"_blank\" rel=\"noopener\"><img loading=\"lazy\" decoding=\"async\" class=\"alignnone size-thumbnail\" src=\"https:\/\/www.teltat.fi\/wp-content\/uploads\/2023\/02\/weight49.png\" alt=\"Gesamtgewicht 49kg\" width=\"100\" height=\"100\"><\/a><br \/>\n<a href=\"https:\/\/www.teltat.fi\/wp-content\/uploads\/2023\/02\/fire.png\" target=\"_blank\" rel=\"noopener\"><img loading=\"lazy\" decoding=\"async\" class=\"alignnone size-thumbnail\" src=\"https:\/\/www.teltat.fi\/wp-content\/uploads\/2023\/02\/fire.png\" alt=\"Klassifiziert f\u00fcr Brandsicherheit\" width=\"100\" height=\"100\"><\/a><br \/>\n<a href=\"https:\/\/www.teltat.fi\/wp-content\/uploads\/2023\/02\/weather.png\" target=\"_blank\" rel=\"noopener\"><img loading=\"lazy\" decoding=\"async\" class=\"alignnone size-thumbnail\" src=\"https:\/\/www.teltat.fi\/wp-content\/uploads\/2023\/02\/weather.png\" alt=\"UV-gesch\u00fctztes Material f\u00fcr alle Bedingungen\" width=\"100\" height=\"100\"><\/a><br \/>\n<a href=\"https:\/\/www.teltat.fi\/wp-content\/uploads\/2023\/02\/warranty1year.png\" target=\"_blank\" rel=\"noopener\"><img loading=\"lazy\" decoding=\"async\" class=\"alignnone size-thumbnail\" src=\"https:\/\/www.teltat.fi\/wp-content\/uploads\/2023\/02\/warranty1year.png\" alt=\"1 Jahr Materialgarantie\" width=\"100\" height=\"100\"><\/a><\/p>\n<p><span>Das Paket enth\u00e4lt keine W\u00e4nde oder Zeltgewichte.<\/span><\/p>\n","protected":false},"featured_media":19944,"template":"","meta":{"_acf_changed":false,"_eb_attr":"","site-sidebar-layout":"default","site-content-layout":"","ast-site-content-layout":"default","site-content-style":"default","site-sidebar-style":"default","ast-global-header-display":"","ast-banner-title-visibility":"","ast-main-header-display":"","ast-hfb-above-header-display":"","ast-hfb-below-header-display":"","ast-hfb-mobile-header-display":"","site-post-title":"","ast-breadcrumbs-content":"","ast-featured-img":"","footer-sml-layout":"","ast-disable-related-posts":"","theme-transparent-header-meta":"default","adv-header-id-meta":"","stick-header-meta":"","header-above-stick-meta":"","header-main-stick-meta":"","header-below-stick-meta":"","astra-migrate-meta-layouts":"default","ast-page-background-enabled":"default","ast-page-background-meta":{"desktop":{"background-color":"var(--ast-global-color-5)","background-image":"","background-repeat":"repeat","background-position":"center center","background-size":"auto","background-attachment":"scroll","background-type":"","background-media":"","overlay-type":"","overlay-color":"","overlay-opacity":"","overlay-gradient":""},"tablet":{"background-color":"","background-image":"","background-repeat":"repeat","background-position":"center center","background-size":"auto","background-attachment":"scroll","background-type":"","background-media":"","overlay-type":"","overlay-color":"","overlay-opacity":"","overlay-gradient":""},"mobile":{"background-color":"","background-image":"","background-repeat":"repeat","background-position":"center center","background-size":"auto","background-attachment":"scroll","background-type":"","background-media":"","overlay-type":"","overlay-color":"","overlay-opacity":"","overlay-gradient":""}},"ast-content-background-meta":{"desktop":{"background-color":"var(--ast-global-color-4)","background-image":"","background-repeat":"repeat","background-position":"center center","background-size":"auto","background-attachment":"scroll","background-type":"","background-media":"","overlay-type":"","overlay-color":"","overlay-opacity":"","overlay-gradient":""},"tablet":{"background-color":"var(--ast-global-color-4)","background-image":"","background-repeat":"repeat","background-position":"center center","background-size":"auto","background-attachment":"scroll","background-type":"","background-media":"","overlay-type":"","overlay-color":"","overlay-opacity":"","overlay-gradient":""},"mobile":{"background-color":"var(--ast-global-color-4)","background-image":"","background-repeat":"repeat","background-position":"center center","background-size":"auto","background-attachment":"scroll","background-type":"","background-media":"","overlay-type":"","overlay-color":"","overlay-opacity":"","overlay-gradient":""}}},"product_brand":[],"product_cat":[495,327],"product_tag":[],"class_list":{"0":"post-22519","1":"product","2":"type-product","3":"status-publish","4":"has-post-thumbnail","6":"product_cat-sonderangebote","7":"product_cat-stahl-faltzelte","8":"desktop-align-left","9":"tablet-align-left","10":"mobile-align-left","12":"first","13":"instock","14":"sale","15":"taxable","16":"shipping-taxable","17":"purchasable","18":"product-type-variable"},"acf":[],"yoast_head":"<!-- This site is optimized with the Yoast SEO Premium plugin v24.5 (Yoast SEO v27.4) - https:\/\/yoast.com\/product\/yoast-seo-premium-wordpress\/ -->\n<title>Nopsa Faltzelt 3x4,5m Stahl<\/title>\n<meta name=\"robots\" content=\"index, follow, max-snippet:-1, max-image-preview:large, max-video-preview:-1\" \/>\n<link rel=\"canonical\" href=\"https:\/\/www.teltat.fi\/de\/produkt\/nopsa-faltzelt-3x45m-stahl\/\" \/>\n<meta property=\"og:locale\" content=\"de_DE\" \/>\n<meta property=\"og:type\" content=\"article\" \/>\n<meta property=\"og:title\" content=\"Nopsa Faltzelt 3x4,5m Stahl\" \/>\n<meta property=\"og:description\" content=\"Das Paket enth\u00e4lt keine W\u00e4nde oder Zeltgewichte.\" \/>\n<meta property=\"og:url\" content=\"https:\/\/www.teltat.fi\/de\/produkt\/nopsa-faltzelt-3x45m-stahl\/\" \/>\n<meta property=\"og:site_name\" content=\"Nopsa\" \/>\n<meta property=\"article:publisher\" content=\"https:\/\/www.facebook.com\/teltat.fi\/\" \/>\n<meta property=\"article:modified_time\" content=\"2025-11-06T08:33:24+00:00\" \/>\n<meta property=\"og:image\" content=\"https:\/\/www.teltat.fi\/wp-content\/uploads\/2023\/02\/3x45-kaikki-varit.png\" \/>\n\t<meta property=\"og:image:width\" content=\"550\" \/>\n\t<meta property=\"og:image:height\" content=\"550\" \/>\n\t<meta property=\"og:image:type\" content=\"image\/png\" \/>\n<meta name=\"twitter:card\" content=\"summary_large_image\" \/>\n<meta name=\"twitter:label1\" content=\"Gesch\u00e4tzte Lesezeit\" \/>\n\t<meta name=\"twitter:data1\" content=\"2\u00a0Minuten\" \/>\n<script type=\"application\/ld+json\" class=\"yoast-schema-graph\">{\"@context\":\"https:\\\/\\\/schema.org\",\"@graph\":[{\"@type\":[\"WebPage\",\"ItemPage\"],\"@id\":\"https:\\\/\\\/www.teltat.fi\\\/de\\\/produkt\\\/nopsa-faltzelt-3x45m-stahl\\\/\",\"url\":\"https:\\\/\\\/www.teltat.fi\\\/de\\\/produkt\\\/nopsa-faltzelt-3x45m-stahl\\\/\",\"name\":\"Nopsa Faltzelt 3x4,5m Stahl\",\"isPartOf\":{\"@id\":\"https:\\\/\\\/www.teltat.fi\\\/de\\\/#website\"},\"primaryImageOfPage\":{\"@id\":\"https:\\\/\\\/www.teltat.fi\\\/de\\\/produkt\\\/nopsa-faltzelt-3x45m-stahl\\\/#primaryimage\"},\"image\":{\"@id\":\"https:\\\/\\\/www.teltat.fi\\\/de\\\/produkt\\\/nopsa-faltzelt-3x45m-stahl\\\/#primaryimage\"},\"thumbnailUrl\":\"https:\\\/\\\/www.teltat.fi\\\/wp-content\\\/uploads\\\/2023\\\/02\\\/3x45-kaikki-varit.png\",\"datePublished\":\"2023-02-08T13:19:18+00:00\",\"dateModified\":\"2025-11-06T08:33:24+00:00\",\"breadcrumb\":{\"@id\":\"https:\\\/\\\/www.teltat.fi\\\/de\\\/produkt\\\/nopsa-faltzelt-3x45m-stahl\\\/#breadcrumb\"},\"inLanguage\":\"de\",\"potentialAction\":[{\"@type\":\"ReadAction\",\"target\":[\"https:\\\/\\\/www.teltat.fi\\\/de\\\/produkt\\\/nopsa-faltzelt-3x45m-stahl\\\/\"]}]},{\"@type\":\"ImageObject\",\"inLanguage\":\"de\",\"@id\":\"https:\\\/\\\/www.teltat.fi\\\/de\\\/produkt\\\/nopsa-faltzelt-3x45m-stahl\\\/#primaryimage\",\"url\":\"https:\\\/\\\/www.teltat.fi\\\/wp-content\\\/uploads\\\/2023\\\/02\\\/3x45-kaikki-varit.png\",\"contentUrl\":\"https:\\\/\\\/www.teltat.fi\\\/wp-content\\\/uploads\\\/2023\\\/02\\\/3x45-kaikki-varit.png\",\"width\":550,\"height\":550,\"caption\":\"Nopsa Faltzelt \\\/ Pop-up-Zelt 3x4,5m\"},{\"@type\":\"BreadcrumbList\",\"@id\":\"https:\\\/\\\/www.teltat.fi\\\/de\\\/produkt\\\/nopsa-faltzelt-3x45m-stahl\\\/#breadcrumb\",\"itemListElement\":[{\"@type\":\"ListItem\",\"position\":1,\"name\":\"Hauptseite\",\"item\":\"https:\\\/\\\/www.teltat.fi\\\/de\\\/nopsa-popup-zelte-und-zubehoer\\\/\"},{\"@type\":\"ListItem\",\"position\":2,\"name\":\"Laden\",\"item\":\"https:\\\/\\\/www.teltat.fi\\\/de\\\/laden\\\/\"},{\"@type\":\"ListItem\",\"position\":3,\"name\":\"POP-UP \\\/ FALTZELTE\",\"item\":\"https:\\\/\\\/www.teltat.fi\\\/de\\\/produktkategorie\\\/pop-up-faltzelte\\\/\"},{\"@type\":\"ListItem\",\"position\":4,\"name\":\"Stahl Faltzelte\",\"item\":\"https:\\\/\\\/www.teltat.fi\\\/de\\\/produktkategorie\\\/pop-up-faltzelte\\\/stahl-faltzelte\\\/\"},{\"@type\":\"ListItem\",\"position\":5,\"name\":\"Nopsa Faltzelt 3&#215;4,5m Stahl\"}]},{\"@type\":\"WebSite\",\"@id\":\"https:\\\/\\\/www.teltat.fi\\\/de\\\/#website\",\"url\":\"https:\\\/\\\/www.teltat.fi\\\/de\\\/\",\"name\":\"Nopsa\",\"description\":\"Pop-up teltat ja tarvikkeet kaikkiin tapahtumiin\",\"publisher\":{\"@id\":\"https:\\\/\\\/www.teltat.fi\\\/de\\\/#organization\"},\"alternateName\":\"Nopsa popup teltat\",\"potentialAction\":[{\"@type\":\"SearchAction\",\"target\":{\"@type\":\"EntryPoint\",\"urlTemplate\":\"https:\\\/\\\/www.teltat.fi\\\/de\\\/?s={search_term_string}\"},\"query-input\":{\"@type\":\"PropertyValueSpecification\",\"valueRequired\":true,\"valueName\":\"search_term_string\"}}],\"inLanguage\":\"de\"},{\"@type\":\"Organization\",\"@id\":\"https:\\\/\\\/www.teltat.fi\\\/de\\\/#organization\",\"name\":\"www.teltat.fi\",\"alternateName\":\"Nopsa Pop-up-Zelte und Zubeh\u00f6r\",\"url\":\"https:\\\/\\\/www.teltat.fi\\\/de\\\/\",\"logo\":{\"@type\":\"ImageObject\",\"inLanguage\":\"de\",\"@id\":\"https:\\\/\\\/www.teltat.fi\\\/de\\\/#\\\/schema\\\/logo\\\/image\\\/\",\"url\":\"https:\\\/\\\/www.teltat.fi\\\/wp-content\\\/uploads\\\/2025\\\/03\\\/Nopsa-logo-white-no-circle-RGB.svg\",\"contentUrl\":\"https:\\\/\\\/www.teltat.fi\\\/wp-content\\\/uploads\\\/2025\\\/03\\\/Nopsa-logo-white-no-circle-RGB.svg\",\"width\":1080,\"height\":548,\"caption\":\"www.teltat.fi\"},\"image\":{\"@id\":\"https:\\\/\\\/www.teltat.fi\\\/de\\\/#\\\/schema\\\/logo\\\/image\\\/\"},\"sameAs\":[\"https:\\\/\\\/www.facebook.com\\\/teltat.fi\\\/\"],\"email\":\"myynti@teltat.fi\",\"telephone\":\"+358105260424\",\"foundingDate\":\"1994-05-18\",\"vatID\":\"FI09519220\",\"numberOfEmployees\":{\"@type\":\"QuantitativeValue\",\"minValue\":\"1\",\"maxValue\":\"10\"}}]}<\/script>\n<!-- \/ Yoast SEO Premium plugin. -->","yoast_head_json":{"title":"Nopsa Faltzelt 3x4,5m Stahl","robots":{"index":"index","follow":"follow","max-snippet":"max-snippet:-1","max-image-preview":"max-image-preview:large","max-video-preview":"max-video-preview:-1"},"canonical":"https:\/\/www.teltat.fi\/de\/produkt\/nopsa-faltzelt-3x45m-stahl\/","og_locale":"de_DE","og_type":"article","og_title":"Nopsa Faltzelt 3x4,5m Stahl","og_description":"Das Paket enth\u00e4lt keine W\u00e4nde oder Zeltgewichte.","og_url":"https:\/\/www.teltat.fi\/de\/produkt\/nopsa-faltzelt-3x45m-stahl\/","og_site_name":"Nopsa","article_publisher":"https:\/\/www.facebook.com\/teltat.fi\/","article_modified_time":"2025-11-06T08:33:24+00:00","og_image":[{"width":550,"height":550,"url":"https:\/\/www.teltat.fi\/wp-content\/uploads\/2023\/02\/3x45-kaikki-varit.png","type":"image\/png"}],"twitter_card":"summary_large_image","twitter_misc":{"Gesch\u00e4tzte Lesezeit":"2\u00a0Minuten"},"schema":{"@context":"https:\/\/schema.org","@graph":[{"@type":["WebPage","ItemPage"],"@id":"https:\/\/www.teltat.fi\/de\/produkt\/nopsa-faltzelt-3x45m-stahl\/","url":"https:\/\/www.teltat.fi\/de\/produkt\/nopsa-faltzelt-3x45m-stahl\/","name":"Nopsa Faltzelt 3x4,5m Stahl","isPartOf":{"@id":"https:\/\/www.teltat.fi\/de\/#website"},"primaryImageOfPage":{"@id":"https:\/\/www.teltat.fi\/de\/produkt\/nopsa-faltzelt-3x45m-stahl\/#primaryimage"},"image":{"@id":"https:\/\/www.teltat.fi\/de\/produkt\/nopsa-faltzelt-3x45m-stahl\/#primaryimage"},"thumbnailUrl":"https:\/\/www.teltat.fi\/wp-content\/uploads\/2023\/02\/3x45-kaikki-varit.png","datePublished":"2023-02-08T13:19:18+00:00","dateModified":"2025-11-06T08:33:24+00:00","breadcrumb":{"@id":"https:\/\/www.teltat.fi\/de\/produkt\/nopsa-faltzelt-3x45m-stahl\/#breadcrumb"},"inLanguage":"de","potentialAction":[{"@type":"ReadAction","target":["https:\/\/www.teltat.fi\/de\/produkt\/nopsa-faltzelt-3x45m-stahl\/"]}]},{"@type":"ImageObject","inLanguage":"de","@id":"https:\/\/www.teltat.fi\/de\/produkt\/nopsa-faltzelt-3x45m-stahl\/#primaryimage","url":"https:\/\/www.teltat.fi\/wp-content\/uploads\/2023\/02\/3x45-kaikki-varit.png","contentUrl":"https:\/\/www.teltat.fi\/wp-content\/uploads\/2023\/02\/3x45-kaikki-varit.png","width":550,"height":550,"caption":"Nopsa Faltzelt \/ Pop-up-Zelt 3x4,5m"},{"@type":"BreadcrumbList","@id":"https:\/\/www.teltat.fi\/de\/produkt\/nopsa-faltzelt-3x45m-stahl\/#breadcrumb","itemListElement":[{"@type":"ListItem","position":1,"name":"Hauptseite","item":"https:\/\/www.teltat.fi\/de\/nopsa-popup-zelte-und-zubehoer\/"},{"@type":"ListItem","position":2,"name":"Laden","item":"https:\/\/www.teltat.fi\/de\/laden\/"},{"@type":"ListItem","position":3,"name":"POP-UP \/ FALTZELTE","item":"https:\/\/www.teltat.fi\/de\/produktkategorie\/pop-up-faltzelte\/"},{"@type":"ListItem","position":4,"name":"Stahl Faltzelte","item":"https:\/\/www.teltat.fi\/de\/produktkategorie\/pop-up-faltzelte\/stahl-faltzelte\/"},{"@type":"ListItem","position":5,"name":"Nopsa Faltzelt 3&#215;4,5m Stahl"}]},{"@type":"WebSite","@id":"https:\/\/www.teltat.fi\/de\/#website","url":"https:\/\/www.teltat.fi\/de\/","name":"Nopsa","description":"Pop-up teltat ja tarvikkeet kaikkiin tapahtumiin","publisher":{"@id":"https:\/\/www.teltat.fi\/de\/#organization"},"alternateName":"Nopsa popup teltat","potentialAction":[{"@type":"SearchAction","target":{"@type":"EntryPoint","urlTemplate":"https:\/\/www.teltat.fi\/de\/?s={search_term_string}"},"query-input":{"@type":"PropertyValueSpecification","valueRequired":true,"valueName":"search_term_string"}}],"inLanguage":"de"},{"@type":"Organization","@id":"https:\/\/www.teltat.fi\/de\/#organization","name":"www.teltat.fi","alternateName":"Nopsa Pop-up-Zelte und Zubeh\u00f6r","url":"https:\/\/www.teltat.fi\/de\/","logo":{"@type":"ImageObject","inLanguage":"de","@id":"https:\/\/www.teltat.fi\/de\/#\/schema\/logo\/image\/","url":"https:\/\/www.teltat.fi\/wp-content\/uploads\/2025\/03\/Nopsa-logo-white-no-circle-RGB.svg","contentUrl":"https:\/\/www.teltat.fi\/wp-content\/uploads\/2025\/03\/Nopsa-logo-white-no-circle-RGB.svg","width":1080,"height":548,"caption":"www.teltat.fi"},"image":{"@id":"https:\/\/www.teltat.fi\/de\/#\/schema\/logo\/image\/"},"sameAs":["https:\/\/www.facebook.com\/teltat.fi\/"],"email":"myynti@teltat.fi","telephone":"+358105260424","foundingDate":"1994-05-18","vatID":"FI09519220","numberOfEmployees":{"@type":"QuantitativeValue","minValue":"1","maxValue":"10"}}]}},"_links":{"self":[{"href":"https:\/\/www.teltat.fi\/de\/wp-json\/wp\/v2\/product\/22519","targetHints":{"allow":["GET"]}}],"collection":[{"href":"https:\/\/www.teltat.fi\/de\/wp-json\/wp\/v2\/product"}],"about":[{"href":"https:\/\/www.teltat.fi\/de\/wp-json\/wp\/v2\/types\/product"}],"version-history":[{"count":3,"href":"https:\/\/www.teltat.fi\/de\/wp-json\/wp\/v2\/product\/22519\/revisions"}],"predecessor-version":[{"id":29864,"href":"https:\/\/www.teltat.fi\/de\/wp-json\/wp\/v2\/product\/22519\/revisions\/29864"}],"wp:featuredmedia":[{"embeddable":true,"href":"https:\/\/www.teltat.fi\/de\/wp-json\/wp\/v2\/media\/19944"}],"wp:attachment":[{"href":"https:\/\/www.teltat.fi\/de\/wp-json\/wp\/v2\/media?parent=22519"}],"wp:term":[{"taxonomy":"product_brand","embeddable":true,"href":"https:\/\/www.teltat.fi\/de\/wp-json\/wp\/v2\/product_brand?post=22519"},{"taxonomy":"product_cat","embeddable":true,"href":"https:\/\/www.teltat.fi\/de\/wp-json\/wp\/v2\/product_cat?post=22519"},{"taxonomy":"product_tag","embeddable":true,"href":"https:\/\/www.teltat.fi\/de\/wp-json\/wp\/v2\/product_tag?post=22519"}],"curies":[{"name":"wp","href":"https:\/\/api.w.org\/{rel}","templated":true}]}}