{"id":22568,"date":"2023-02-08T13:19:18","date_gmt":"2023-02-08T13:19:18","guid":{"rendered":"https:\/\/www.teltat.fi\/tuote\/nopsa-3x3m-4x4m-markisenzelt\/"},"modified":"2025-12-01T02:15:08","modified_gmt":"2025-12-01T00:15:08","slug":"nopsa-3x3m-4x4m-markisenzelt","status":"publish","type":"product","link":"https:\/\/www.teltat.fi\/de\/produkt\/nopsa-3x3m-4x4m-markisenzelt\/","title":{"rendered":"Nopsa 3x3m (4x4m) Markisenzelt"},"content":{"rendered":"<h3>Neues Nopsa-Markisenzelt mit festem Baldachin.<\/h3>\n<p>Die <strong>Rahmengr\u00f6\u00dfe des Nopsa-Markisenzelt betr\u00e4gt 3 x 3 m<\/strong> und die <strong>Dachgr\u00f6\u00dfe 4 x 4 m<\/strong>, d. h. es gibt ca. 50cm festes Magazin.<\/p>\n<p>Die Zelte von Nopsa vereinen finnisches Design und internationale Umsetzung auf die bestm\u00f6gliche Weise. Die Zelte von Nopsa wurden speziell f\u00fcr die anspruchsvollen Bedingungen in Finnland entwickelt. Jetzt sind wir stolz darauf, eine sehr hochwertige, aber dennoch erschwingliche Option f\u00fcr alle zu pr\u00e4sentieren, die ein Verkaufs-, Ausstellungs- oder Partyzelt ben\u00f6tigen.<\/p>\n<p>&nbsp;<\/p>\n<p><strong>Farbauswahl.<\/strong> (W\u00e4hlen Sie bei der Bestellung Ihre eigene Farbe aus der obigen Auswahl)<\/p>\n<p>&nbsp;<\/p>\n<table border=\"0\">\n<tbody>\n<tr>\n<td align=\"center\" width=\"70\"><a href=\"https:\/\/www.teltat.fi\/wp-content\/uploads\/2025\/04\/Valkoinen-150x150-1.png\"><img decoding=\"async\" class=\"alignnone size-thumbnail wp-image-802\" src=\"https:\/\/www.teltat.fi\/wp-content\/uploads\/2025\/04\/Valkoinen-150x150-1.png\" alt=\"Wei\u00df\" width=\"50\" height=\"50\"><\/a><\/p>\n<p>Wei\u00df<\/td>\n<td align=\"center\" width=\"70\"><a href=\"https:\/\/www.teltat.fi\/wp-content\/uploads\/2025\/04\/Harmaa-150x150-1.png\"><img decoding=\"async\" class=\"alignnone size-thumbnail wp-image-803\" src=\"https:\/\/www.teltat.fi\/wp-content\/uploads\/2025\/04\/Harmaa-150x150-1.png\" alt=\"Grau\" width=\"50\" height=\"50\"><\/a><\/p>\n<p>Grau<\/p>\n<p>(Pantone Cool 3C)<\/td>\n<td align=\"center\" width=\"70\"><a href=\"https:\/\/www.teltat.fi\/wp-content\/uploads\/2025\/04\/Sininen-150x150-1.png\"><img decoding=\"async\" class=\"alignnone size-thumbnail wp-image-806\" src=\"https:\/\/www.teltat.fi\/wp-content\/uploads\/2025\/04\/Sininen-150x150-1.png\" alt=\"Blau\" width=\"50\" height=\"50\"><\/a><\/p>\n<p>Blau<\/p>\n<p>(Pantone 653C)<\/td>\n<td align=\"center\" width=\"70\"><a href=\"https:\/\/www.teltat.fi\/wp-content\/uploads\/2025\/04\/Vihrea-150x150-1.png\"><img loading=\"lazy\" decoding=\"async\" class=\"alignnone size-thumbnail wp-image-807\" src=\"https:\/\/www.teltat.fi\/wp-content\/uploads\/2025\/04\/Vihrea-150x150-1.png\" alt=\"Gr\u00fcn\" width=\"50\" height=\"50\"><\/a><\/p>\n<p>Gr\u00fcn<\/p>\n<p>(Pantone 341C)<\/td>\n<\/tr>\n<tr>\n<td align=\"center\" width=\"70\"><a href=\"https:\/\/www.teltat.fi\/wp-content\/uploads\/2025\/04\/Musta-150x150-1.png\"><img loading=\"lazy\" decoding=\"async\" class=\"alignnone size-thumbnail wp-image-808\" src=\"https:\/\/www.teltat.fi\/wp-content\/uploads\/2025\/04\/Musta-150x150-1.png\" alt=\"Schwarz\" width=\"50\" height=\"50\"><\/a><\/p>\n<p>Schwarz<\/p>\n<p>(Pantone 6C)<\/td>\n<td align=\"center\" width=\"70\"><a href=\"https:\/\/www.teltat.fi\/wp-content\/uploads\/2025\/04\/Punainen-150x150-1.png\"><img loading=\"lazy\" decoding=\"async\" class=\"alignnone size-thumbnail wp-image-809\" src=\"https:\/\/www.teltat.fi\/wp-content\/uploads\/2025\/04\/Punainen-150x150-1.png\" alt=\"Rot\" width=\"50\" height=\"50\"><\/a><\/p>\n<p>Rot<\/p>\n<p>(Pantone 201C)<\/td>\n<td align=\"center\" width=\"70\"><a href=\"https:\/\/www.teltat.fi\/wp-content\/uploads\/2025\/04\/Oranssi-150x150-1.png\"><img loading=\"lazy\" decoding=\"async\" class=\"alignnone size-thumbnail wp-image-810\" src=\"https:\/\/www.teltat.fi\/wp-content\/uploads\/2025\/04\/Oranssi-150x150-1.png\" alt=\"Orange\" width=\"50\" height=\"50\"><\/a><\/p>\n<p>Orange<\/p>\n<p>(Pantone 151C)<\/td>\n<td align=\"center\" width=\"70\"><a href=\"https:\/\/www.teltat.fi\/wp-content\/uploads\/2025\/04\/Keltainen-150x150-1.png\"><img loading=\"lazy\" decoding=\"async\" class=\"alignnone size-thumbnail wp-image-811\" src=\"https:\/\/www.teltat.fi\/wp-content\/uploads\/2025\/04\/Keltainen-150x150-1.png\" alt=\"Gelb\" width=\"50\" height=\"50\"><\/a><\/p>\n<p>Gelb<\/p>\n<p>(Pantone 123C)<\/td>\n<\/tr>\n<\/tbody>\n<\/table>\n<h3>Packungsinhalt:<\/h3>\n<ul>\n<li>4x4m Dach aus 500D Polyestergewebe<\/li>\n<li>3x3m Aluminiumrahmen<\/li>\n<li>Anbringen\/Befestigen von Stoffen an W\u00e4nden<\/li>\n<li>Die Rolltransporttasche l\u00e4sst sich mittig \u00fcber die gesamte L\u00e4nge \u00f6ffnen.<\/li>\n<li>Erdspie\u00dfe und Spanngurte mit Karabinern<\/li>\n<li>Anweisungen.<strong><a href=\"https:\/\/www.teltat.fi\/de\/produkt\/nopsa-3m-vollwand-1kpl\/\">W\u00e4nde sind nicht im Paket enthalten.<\/a><\/strong><\/li>\n<\/ul>\n<p>&nbsp;<\/p>\n<p>Wir empfehlen als Zubeh\u00f6r<strong> <\/strong><a href=\"https:\/\/www.teltat.fi\/de\/produkt\/nopsa-3m-vollwand-1kpl\/\">W\u00e4nde<\/a> und mindestens <a href=\"https:\/\/www.teltat.fi\/product\/teraspaino\/\">4 Metallgewichte<\/a>.<\/p>\n<h4>Technische Daten des Zeltes:<\/h4>\n<ul>\n<li>Gewicht Dachstoff und Gestell 40 kg<\/li>\n<li>Zelttransportma\u00df 210 x 35 x 35 cm<\/li>\n<li>Maximale Gesamth\u00f6he des Zeltes ca. 330 cm (die Gehh\u00f6he ist f\u00fcnffach h\u00f6henverstellbar) <\/li>\n<li>Aluminium-Materialst\u00e4rke 2 mm<\/li>\n<\/ul>\n<p><img loading=\"lazy\" decoding=\"async\" class=\"size-thumbnail wp-image-1944 alignnone\" src=\"https:\/\/www.teltat.fi\/wp-content\/uploads\/2018\/02\/Alumiiniputket.png\" alt=\"Aluminium im Rahmen\" width=\"150\" height=\"93\"><\/p>\n<div class=\"row\">\n<div class=\"column\"><img loading=\"lazy\" decoding=\"async\" class=\"size-medium wp-image-1932 alignnone\" src=\"https:\/\/www.teltat.fi\/wp-content\/uploads\/2023\/02\/Kuljetuslaukku.jpg\" alt=\"Tragetasche\" width=\"271\" height=\"300\"><\/div>\n<div class=\"column\"><img loading=\"lazy\" decoding=\"async\" class=\"size-medium wp-image-1942 alignnone\" src=\"https:\/\/www.teltat.fi\/wp-content\/uploads\/2025\/04\/Maakiilasetti.jpg\" alt=\"Erdspie\u00df-Set\" width=\"225\" height=\"300\"><\/div>\n<\/div>\n<h4>Merkmale:<\/h4>\n<ul>\n<li>Die Rahmenbeine bestehen aus <strong>sechseckigen, hochbelastbaren 50 mm Aluminiumprofilen<\/strong>.<\/li>\n<li>Die praktische, patentierte \u201eAkkordeon\u201c-Struktur l\u00e4sst sich leicht auf- und abbauen, da keine losen Teile oder leicht zerbrechliche Oberfl\u00e4chen vorhanden sind.<\/li>\n<li><strong>Stark belastete Gelenke und Verbindungsteile bestehen aus Aluminium, andere aus Nylon.<\/strong><\/li>\n<li>Dach und W\u00e4nde bestehen aus pflegeleichtem, wasserdichtem, winddichtem und UV-best\u00e4ndigem <strong>500D<\/strong>-Polyestergewebe.<\/li>\n<li>Die Stoffe sind feuerfest (schwer entflammbar P2-Klassifizierung gem\u00e4\u00df EU-Verordnung EN13501-1:21002).<\/li>\n<li>Das Dach ist mit stabilen Klettb\u00e4ndern am Aluminiumrahmen befestigt und <strong>an allen Ecken verst\u00e4rkt<\/strong>, um starker Beanspruchung standzuhalten.<\/li>\n<li>Der automatische Dachstoffspannmechanismus h\u00e4lt das Dach straff.<\/li>\n<li>Die W\u00e4nde werden mit Klettverschluss an der Decke befestigt und die Ecken lassen sich mit einem Rei\u00dfverschluss fest verschlie\u00dfen.<\/li>\n<li>Die H\u00f6he des Gehweges unter der Platte betr\u00e4gt bis zu 200 cm <strong>(einstellbar auf f\u00fcnf verschiedene H\u00f6hen)<\/strong><\/li>\n<li>F\u00fcr das Zelt stehen Ersatzteile oder ein Reparaturservice zur Verf\u00fcgung.<\/li>\n<li><strong>Die Rolltransporttasche l\u00e4sst sich mittig \u00fcber die gesamte L\u00e4nge \u00f6ffnen.<\/strong><\/li>\n<li>Das Zelt hat eine Transportgr\u00f6\u00dfe von ca. 210 x 35 x 35 cm, sodass es sogar in ein Auto passt.<\/li>\n<li>Auf alle Materialien gibt es 2 Jahre Garantie.<\/li>\n<\/ul>\n<div><img loading=\"lazy\" decoding=\"async\" class=\"size-medium wp-image-1943 alignnone\" src=\"https:\/\/www.teltat.fi\/wp-content\/uploads\/2023\/02\/rakenne1.jpg\" alt=\"Struktur\" width=\"300\" height=\"224\"><\/div>\n<p><em><strong>Bei Nopsa-Zelten k\u00f6nnen Sie Ihr eigenes Logo oder Ihren eigenen Text auf das Dach, die Wand oder das Vordach drucken.<\/strong><\/em><\/p>\n","protected":false},"excerpt":{"rendered":"<p>Neues Nopsa-Markisenzelt mit festem Baldachin. Die Rahmengr\u00f6\u00dfe des Nopsa-Markisenzelt betr\u00e4gt 3 x 3 m und die Dachgr\u00f6\u00dfe 4 x 4 m, d. h. es gibt ca. 50cm festes Magazin. Die Zelte von Nopsa vereinen finnisches Design und internationale Umsetzung auf die bestm\u00f6gliche Weise. Die Zelte von Nopsa wurden speziell f\u00fcr die anspruchsvollen Bedingungen in Finnland entwickelt. Jetzt sind wir stolz darauf, eine sehr hochwertige, aber dennoch erschwingliche Option f\u00fcr alle zu pr\u00e4sentieren, die ein Verkaufs-, Ausstellungs- oder Partyzelt ben\u00f6tigen. &nbsp; Farbauswahl. (W\u00e4hlen Sie bei der Bestellung Ihre eigene Farbe aus der obigen Auswahl) &nbsp; Wei\u00df Grau (Pantone Cool 3C) Blau (Pantone 653C) Gr\u00fcn (Pantone 341C) Schwarz (Pantone 6C) Rot (Pantone 201C) Orange (Pantone 151C) Gelb (Pantone 123C) Packungsinhalt: 4x4m Dach aus 500D Polyestergewebe 3x3m Aluminiumrahmen Anbringen\/Befestigen von Stoffen an W\u00e4nden Die Rolltransporttasche l\u00e4sst sich mittig \u00fcber die gesamte L\u00e4nge \u00f6ffnen. Erdspie\u00dfe und Spanngurte mit Karabinern Anweisungen.W\u00e4nde sind nicht im Paket enthalten. &nbsp; Wir empfehlen als Zubeh\u00f6r W\u00e4nde und mindestens 4 Metallgewichte. Technische Daten des Zeltes: Gewicht Dachstoff und Gestell 40 kg Zelttransportma\u00df 210 x 35 x 35 cm Maximale Gesamth\u00f6he des Zeltes ca. 330 cm (die Gehh\u00f6he ist f\u00fcnffach h\u00f6henverstellbar) Aluminium-Materialst\u00e4rke 2 mm Merkmale: Die Rahmenbeine bestehen aus sechseckigen, hochbelastbaren 50 mm Aluminiumprofilen. Die praktische, patentierte \u201eAkkordeon\u201c-Struktur l\u00e4sst sich leicht auf- und abbauen, da keine losen Teile oder leicht zerbrechliche Oberfl\u00e4chen vorhanden sind. Stark belastete Gelenke und Verbindungsteile bestehen aus Aluminium, andere aus Nylon. Dach und W\u00e4nde bestehen aus pflegeleichtem, wasserdichtem, winddichtem und UV-best\u00e4ndigem 500D-Polyestergewebe. Die Stoffe sind feuerfest (schwer entflammbar P2-Klassifizierung gem\u00e4\u00df EU-Verordnung EN13501-1:21002). Das Dach ist mit stabilen Klettb\u00e4ndern am Aluminiumrahmen befestigt und an allen Ecken verst\u00e4rkt, um starker Beanspruchung standzuhalten. Der automatische Dachstoffspannmechanismus h\u00e4lt das Dach straff. Die W\u00e4nde werden mit Klettverschluss an der Decke befestigt und die Ecken lassen sich mit einem Rei\u00dfverschluss fest verschlie\u00dfen. Die H\u00f6he des Gehweges unter der Platte betr\u00e4gt bis zu 200 cm (einstellbar auf f\u00fcnf verschiedene H\u00f6hen) F\u00fcr das Zelt stehen Ersatzteile oder ein Reparaturservice zur Verf\u00fcgung. Die Rolltransporttasche l\u00e4sst sich mittig \u00fcber die gesamte L\u00e4nge \u00f6ffnen. Das Zelt hat eine Transportgr\u00f6\u00dfe von ca. 210 x 35 x 35 cm, sodass es sogar in ein Auto passt. Auf alle Materialien gibt es 2 Jahre Garantie. Bei Nopsa-Zelten k\u00f6nnen Sie Ihr eigenes Logo oder Ihren eigenen Text auf das Dach, die Wand oder das Vordach drucken.<\/p>\n","protected":false},"featured_media":21360,"template":"","meta":{"_acf_changed":false,"_eb_attr":"","site-sidebar-layout":"default","site-content-layout":"","ast-site-content-layout":"default","site-content-style":"default","site-sidebar-style":"default","ast-global-header-display":"","ast-banner-title-visibility":"","ast-main-header-display":"","ast-hfb-above-header-display":"","ast-hfb-below-header-display":"","ast-hfb-mobile-header-display":"","site-post-title":"","ast-breadcrumbs-content":"","ast-featured-img":"","footer-sml-layout":"","ast-disable-related-posts":"","theme-transparent-header-meta":"default","adv-header-id-meta":"","stick-header-meta":"","header-above-stick-meta":"","header-main-stick-meta":"","header-below-stick-meta":"","astra-migrate-meta-layouts":"default","ast-page-background-enabled":"default","ast-page-background-meta":{"desktop":{"background-color":"var(--ast-global-color-5)","background-image":"","background-repeat":"repeat","background-position":"center center","background-size":"auto","background-attachment":"scroll","background-type":"","background-media":"","overlay-type":"","overlay-color":"","overlay-opacity":"","overlay-gradient":""},"tablet":{"background-color":"","background-image":"","background-repeat":"repeat","background-position":"center center","background-size":"auto","background-attachment":"scroll","background-type":"","background-media":"","overlay-type":"","overlay-color":"","overlay-opacity":"","overlay-gradient":""},"mobile":{"background-color":"","background-image":"","background-repeat":"repeat","background-position":"center center","background-size":"auto","background-attachment":"scroll","background-type":"","background-media":"","overlay-type":"","overlay-color":"","overlay-opacity":"","overlay-gradient":""}},"ast-content-background-meta":{"desktop":{"background-color":"var(--ast-global-color-4)","background-image":"","background-repeat":"repeat","background-position":"center center","background-size":"auto","background-attachment":"scroll","background-type":"","background-media":"","overlay-type":"","overlay-color":"","overlay-opacity":"","overlay-gradient":""},"tablet":{"background-color":"var(--ast-global-color-4)","background-image":"","background-repeat":"repeat","background-position":"center center","background-size":"auto","background-attachment":"scroll","background-type":"","background-media":"","overlay-type":"","overlay-color":"","overlay-opacity":"","overlay-gradient":""},"mobile":{"background-color":"var(--ast-global-color-4)","background-image":"","background-repeat":"repeat","background-position":"center center","background-size":"auto","background-attachment":"scroll","background-type":"","background-media":"","overlay-type":"","overlay-color":"","overlay-opacity":"","overlay-gradient":""}},"_wp_convertkit_post_meta":{"form":"-1","landing_page":"0","tag":"0","restrict_content":"0"}},"product_brand":[],"product_cat":[328],"product_tag":[],"class_list":{"0":"post-22568","1":"product","2":"type-product","3":"status-publish","4":"has-post-thumbnail","6":"product_cat-faltzelt-mit-sonnensegel","7":"desktop-align-left","8":"tablet-align-left","9":"mobile-align-left","11":"first","12":"instock","13":"taxable","14":"shipping-taxable","15":"purchasable","16":"product-type-variable"},"acf":[],"yoast_head":"<!-- This site is optimized with the Yoast SEO Premium plugin v24.5 (Yoast SEO v27.4) - https:\/\/yoast.com\/product\/yoast-seo-premium-wordpress\/ -->\n<title>Nopsa 3x3m (4x4m) Markisenzelt<\/title>\n<meta name=\"description\" content=\"Nopsa Markisenzelt hat eine Rahmengr\u00f6\u00dfe von 3x3 m und eine Dachgr\u00f6\u00dfe von 4x4 m, was bedeutet, dass an allen Seiten des Zeltes ein fester Rand von ca. 50 cm vorhanden ist.\" \/>\n<meta name=\"robots\" content=\"index, follow, max-snippet:-1, max-image-preview:large, max-video-preview:-1\" \/>\n<link rel=\"canonical\" href=\"https:\/\/www.teltat.fi\/de\/produkt\/nopsa-3x3m-4x4m-markisenzelt\/\" \/>\n<meta property=\"og:locale\" content=\"de_DE\" \/>\n<meta property=\"og:type\" content=\"article\" \/>\n<meta property=\"og:title\" content=\"Nopsa 3x3m (4x4m) Markisenzelt\" \/>\n<meta property=\"og:description\" content=\"Nopsa Markisenzelt hat eine Rahmengr\u00f6\u00dfe von 3x3 m und eine Dachgr\u00f6\u00dfe von 4x4 m, was bedeutet, dass an allen Seiten des Zeltes ein fester Rand von ca. 50 cm vorhanden ist.\" \/>\n<meta property=\"og:url\" content=\"https:\/\/www.teltat.fi\/de\/produkt\/nopsa-3x3m-4x4m-markisenzelt\/\" \/>\n<meta property=\"og:site_name\" content=\"Nopsa\" \/>\n<meta property=\"article:publisher\" content=\"https:\/\/www.facebook.com\/teltat.fi\/\" \/>\n<meta property=\"article:modified_time\" content=\"2025-12-01T00:15:08+00:00\" \/>\n<meta property=\"og:image\" content=\"https:\/\/www.teltat.fi\/wp-content\/uploads\/2023\/02\/Lippateltta1.jpg\" \/>\n\t<meta property=\"og:image:width\" content=\"1000\" \/>\n\t<meta property=\"og:image:height\" content=\"1000\" \/>\n\t<meta property=\"og:image:type\" content=\"image\/jpeg\" \/>\n<meta name=\"twitter:card\" content=\"summary_large_image\" \/>\n<meta name=\"twitter:label1\" content=\"Gesch\u00e4tzte Lesezeit\" \/>\n\t<meta name=\"twitter:data1\" content=\"2\u00a0Minuten\" \/>\n<script type=\"application\/ld+json\" class=\"yoast-schema-graph\">{\"@context\":\"https:\\\/\\\/schema.org\",\"@graph\":[{\"@type\":[\"WebPage\",\"ItemPage\"],\"@id\":\"https:\\\/\\\/www.teltat.fi\\\/de\\\/produkt\\\/nopsa-3x3m-4x4m-markisenzelt\\\/\",\"url\":\"https:\\\/\\\/www.teltat.fi\\\/de\\\/produkt\\\/nopsa-3x3m-4x4m-markisenzelt\\\/\",\"name\":\"Nopsa 3x3m (4x4m) Markisenzelt\",\"isPartOf\":{\"@id\":\"https:\\\/\\\/www.teltat.fi\\\/de\\\/#website\"},\"primaryImageOfPage\":{\"@id\":\"https:\\\/\\\/www.teltat.fi\\\/de\\\/produkt\\\/nopsa-3x3m-4x4m-markisenzelt\\\/#primaryimage\"},\"image\":{\"@id\":\"https:\\\/\\\/www.teltat.fi\\\/de\\\/produkt\\\/nopsa-3x3m-4x4m-markisenzelt\\\/#primaryimage\"},\"thumbnailUrl\":\"https:\\\/\\\/www.teltat.fi\\\/wp-content\\\/uploads\\\/2023\\\/02\\\/Lippateltta1.jpg\",\"datePublished\":\"2023-02-08T13:19:18+00:00\",\"dateModified\":\"2025-12-01T00:15:08+00:00\",\"description\":\"Nopsa Markisenzelt hat eine Rahmengr\u00f6\u00dfe von 3x3 m und eine Dachgr\u00f6\u00dfe von 4x4 m, was bedeutet, dass an allen Seiten des Zeltes ein fester Rand von ca. 50 cm vorhanden ist.\",\"breadcrumb\":{\"@id\":\"https:\\\/\\\/www.teltat.fi\\\/de\\\/produkt\\\/nopsa-3x3m-4x4m-markisenzelt\\\/#breadcrumb\"},\"inLanguage\":\"de\",\"potentialAction\":[{\"@type\":\"ReadAction\",\"target\":[\"https:\\\/\\\/www.teltat.fi\\\/de\\\/produkt\\\/nopsa-3x3m-4x4m-markisenzelt\\\/\"]}]},{\"@type\":\"ImageObject\",\"inLanguage\":\"de\",\"@id\":\"https:\\\/\\\/www.teltat.fi\\\/de\\\/produkt\\\/nopsa-3x3m-4x4m-markisenzelt\\\/#primaryimage\",\"url\":\"https:\\\/\\\/www.teltat.fi\\\/wp-content\\\/uploads\\\/2023\\\/02\\\/Lippateltta1.jpg\",\"contentUrl\":\"https:\\\/\\\/www.teltat.fi\\\/wp-content\\\/uploads\\\/2023\\\/02\\\/Lippateltta1.jpg\",\"width\":1000,\"height\":1000,\"caption\":\"Markisenzelt Bild 1\"},{\"@type\":\"BreadcrumbList\",\"@id\":\"https:\\\/\\\/www.teltat.fi\\\/de\\\/produkt\\\/nopsa-3x3m-4x4m-markisenzelt\\\/#breadcrumb\",\"itemListElement\":[{\"@type\":\"ListItem\",\"position\":1,\"name\":\"Hauptseite\",\"item\":\"https:\\\/\\\/www.teltat.fi\\\/de\\\/nopsa-popup-zelte-und-zubehoer\\\/\"},{\"@type\":\"ListItem\",\"position\":2,\"name\":\"Laden\",\"item\":\"https:\\\/\\\/www.teltat.fi\\\/de\\\/laden\\\/\"},{\"@type\":\"ListItem\",\"position\":3,\"name\":\"POP-UP \\\/ FALTZELTE\",\"item\":\"https:\\\/\\\/www.teltat.fi\\\/de\\\/produktkategorie\\\/pop-up-faltzelte\\\/\"},{\"@type\":\"ListItem\",\"position\":4,\"name\":\"Faltzelt mit Sonnensegel\",\"item\":\"https:\\\/\\\/www.teltat.fi\\\/de\\\/produktkategorie\\\/pop-up-faltzelte\\\/faltzelt-mit-sonnensegel\\\/\"},{\"@type\":\"ListItem\",\"position\":5,\"name\":\"Nopsa 3x3m (4x4m) Markisenzelt\"}]},{\"@type\":\"WebSite\",\"@id\":\"https:\\\/\\\/www.teltat.fi\\\/de\\\/#website\",\"url\":\"https:\\\/\\\/www.teltat.fi\\\/de\\\/\",\"name\":\"Nopsa\",\"description\":\"Pop-up teltat ja tarvikkeet kaikkiin tapahtumiin\",\"publisher\":{\"@id\":\"https:\\\/\\\/www.teltat.fi\\\/de\\\/#organization\"},\"alternateName\":\"Nopsa popup teltat\",\"potentialAction\":[{\"@type\":\"SearchAction\",\"target\":{\"@type\":\"EntryPoint\",\"urlTemplate\":\"https:\\\/\\\/www.teltat.fi\\\/de\\\/?s={search_term_string}\"},\"query-input\":{\"@type\":\"PropertyValueSpecification\",\"valueRequired\":true,\"valueName\":\"search_term_string\"}}],\"inLanguage\":\"de\"},{\"@type\":\"Organization\",\"@id\":\"https:\\\/\\\/www.teltat.fi\\\/de\\\/#organization\",\"name\":\"www.teltat.fi\",\"alternateName\":\"Nopsa Pop-up-Zelte und Zubeh\u00f6r\",\"url\":\"https:\\\/\\\/www.teltat.fi\\\/de\\\/\",\"logo\":{\"@type\":\"ImageObject\",\"inLanguage\":\"de\",\"@id\":\"https:\\\/\\\/www.teltat.fi\\\/de\\\/#\\\/schema\\\/logo\\\/image\\\/\",\"url\":\"https:\\\/\\\/www.teltat.fi\\\/wp-content\\\/uploads\\\/2025\\\/03\\\/Nopsa-logo-white-no-circle-RGB.svg\",\"contentUrl\":\"https:\\\/\\\/www.teltat.fi\\\/wp-content\\\/uploads\\\/2025\\\/03\\\/Nopsa-logo-white-no-circle-RGB.svg\",\"width\":1080,\"height\":548,\"caption\":\"www.teltat.fi\"},\"image\":{\"@id\":\"https:\\\/\\\/www.teltat.fi\\\/de\\\/#\\\/schema\\\/logo\\\/image\\\/\"},\"sameAs\":[\"https:\\\/\\\/www.facebook.com\\\/teltat.fi\\\/\"],\"email\":\"myynti@teltat.fi\",\"telephone\":\"+358105260424\",\"foundingDate\":\"1994-05-18\",\"vatID\":\"FI09519220\",\"numberOfEmployees\":{\"@type\":\"QuantitativeValue\",\"minValue\":\"1\",\"maxValue\":\"10\"}}]}<\/script>\n<!-- \/ Yoast SEO Premium plugin. -->","yoast_head_json":{"title":"Nopsa 3x3m (4x4m) Markisenzelt","description":"Nopsa Markisenzelt hat eine Rahmengr\u00f6\u00dfe von 3x3 m und eine Dachgr\u00f6\u00dfe von 4x4 m, was bedeutet, dass an allen Seiten des Zeltes ein fester Rand von ca. 50 cm vorhanden ist.","robots":{"index":"index","follow":"follow","max-snippet":"max-snippet:-1","max-image-preview":"max-image-preview:large","max-video-preview":"max-video-preview:-1"},"canonical":"https:\/\/www.teltat.fi\/de\/produkt\/nopsa-3x3m-4x4m-markisenzelt\/","og_locale":"de_DE","og_type":"article","og_title":"Nopsa 3x3m (4x4m) Markisenzelt","og_description":"Nopsa Markisenzelt hat eine Rahmengr\u00f6\u00dfe von 3x3 m und eine Dachgr\u00f6\u00dfe von 4x4 m, was bedeutet, dass an allen Seiten des Zeltes ein fester Rand von ca. 50 cm vorhanden ist.","og_url":"https:\/\/www.teltat.fi\/de\/produkt\/nopsa-3x3m-4x4m-markisenzelt\/","og_site_name":"Nopsa","article_publisher":"https:\/\/www.facebook.com\/teltat.fi\/","article_modified_time":"2025-12-01T00:15:08+00:00","og_image":[{"width":1000,"height":1000,"url":"https:\/\/www.teltat.fi\/wp-content\/uploads\/2023\/02\/Lippateltta1.jpg","type":"image\/jpeg"}],"twitter_card":"summary_large_image","twitter_misc":{"Gesch\u00e4tzte Lesezeit":"2\u00a0Minuten"},"schema":{"@context":"https:\/\/schema.org","@graph":[{"@type":["WebPage","ItemPage"],"@id":"https:\/\/www.teltat.fi\/de\/produkt\/nopsa-3x3m-4x4m-markisenzelt\/","url":"https:\/\/www.teltat.fi\/de\/produkt\/nopsa-3x3m-4x4m-markisenzelt\/","name":"Nopsa 3x3m (4x4m) Markisenzelt","isPartOf":{"@id":"https:\/\/www.teltat.fi\/de\/#website"},"primaryImageOfPage":{"@id":"https:\/\/www.teltat.fi\/de\/produkt\/nopsa-3x3m-4x4m-markisenzelt\/#primaryimage"},"image":{"@id":"https:\/\/www.teltat.fi\/de\/produkt\/nopsa-3x3m-4x4m-markisenzelt\/#primaryimage"},"thumbnailUrl":"https:\/\/www.teltat.fi\/wp-content\/uploads\/2023\/02\/Lippateltta1.jpg","datePublished":"2023-02-08T13:19:18+00:00","dateModified":"2025-12-01T00:15:08+00:00","description":"Nopsa Markisenzelt hat eine Rahmengr\u00f6\u00dfe von 3x3 m und eine Dachgr\u00f6\u00dfe von 4x4 m, was bedeutet, dass an allen Seiten des Zeltes ein fester Rand von ca. 50 cm vorhanden ist.","breadcrumb":{"@id":"https:\/\/www.teltat.fi\/de\/produkt\/nopsa-3x3m-4x4m-markisenzelt\/#breadcrumb"},"inLanguage":"de","potentialAction":[{"@type":"ReadAction","target":["https:\/\/www.teltat.fi\/de\/produkt\/nopsa-3x3m-4x4m-markisenzelt\/"]}]},{"@type":"ImageObject","inLanguage":"de","@id":"https:\/\/www.teltat.fi\/de\/produkt\/nopsa-3x3m-4x4m-markisenzelt\/#primaryimage","url":"https:\/\/www.teltat.fi\/wp-content\/uploads\/2023\/02\/Lippateltta1.jpg","contentUrl":"https:\/\/www.teltat.fi\/wp-content\/uploads\/2023\/02\/Lippateltta1.jpg","width":1000,"height":1000,"caption":"Markisenzelt Bild 1"},{"@type":"BreadcrumbList","@id":"https:\/\/www.teltat.fi\/de\/produkt\/nopsa-3x3m-4x4m-markisenzelt\/#breadcrumb","itemListElement":[{"@type":"ListItem","position":1,"name":"Hauptseite","item":"https:\/\/www.teltat.fi\/de\/nopsa-popup-zelte-und-zubehoer\/"},{"@type":"ListItem","position":2,"name":"Laden","item":"https:\/\/www.teltat.fi\/de\/laden\/"},{"@type":"ListItem","position":3,"name":"POP-UP \/ FALTZELTE","item":"https:\/\/www.teltat.fi\/de\/produktkategorie\/pop-up-faltzelte\/"},{"@type":"ListItem","position":4,"name":"Faltzelt mit Sonnensegel","item":"https:\/\/www.teltat.fi\/de\/produktkategorie\/pop-up-faltzelte\/faltzelt-mit-sonnensegel\/"},{"@type":"ListItem","position":5,"name":"Nopsa 3x3m (4x4m) Markisenzelt"}]},{"@type":"WebSite","@id":"https:\/\/www.teltat.fi\/de\/#website","url":"https:\/\/www.teltat.fi\/de\/","name":"Nopsa","description":"Pop-up teltat ja tarvikkeet kaikkiin tapahtumiin","publisher":{"@id":"https:\/\/www.teltat.fi\/de\/#organization"},"alternateName":"Nopsa popup teltat","potentialAction":[{"@type":"SearchAction","target":{"@type":"EntryPoint","urlTemplate":"https:\/\/www.teltat.fi\/de\/?s={search_term_string}"},"query-input":{"@type":"PropertyValueSpecification","valueRequired":true,"valueName":"search_term_string"}}],"inLanguage":"de"},{"@type":"Organization","@id":"https:\/\/www.teltat.fi\/de\/#organization","name":"www.teltat.fi","alternateName":"Nopsa Pop-up-Zelte und Zubeh\u00f6r","url":"https:\/\/www.teltat.fi\/de\/","logo":{"@type":"ImageObject","inLanguage":"de","@id":"https:\/\/www.teltat.fi\/de\/#\/schema\/logo\/image\/","url":"https:\/\/www.teltat.fi\/wp-content\/uploads\/2025\/03\/Nopsa-logo-white-no-circle-RGB.svg","contentUrl":"https:\/\/www.teltat.fi\/wp-content\/uploads\/2025\/03\/Nopsa-logo-white-no-circle-RGB.svg","width":1080,"height":548,"caption":"www.teltat.fi"},"image":{"@id":"https:\/\/www.teltat.fi\/de\/#\/schema\/logo\/image\/"},"sameAs":["https:\/\/www.facebook.com\/teltat.fi\/"],"email":"myynti@teltat.fi","telephone":"+358105260424","foundingDate":"1994-05-18","vatID":"FI09519220","numberOfEmployees":{"@type":"QuantitativeValue","minValue":"1","maxValue":"10"}}]}},"_links":{"self":[{"href":"https:\/\/www.teltat.fi\/de\/wp-json\/wp\/v2\/product\/22568","targetHints":{"allow":["GET"]}}],"collection":[{"href":"https:\/\/www.teltat.fi\/de\/wp-json\/wp\/v2\/product"}],"about":[{"href":"https:\/\/www.teltat.fi\/de\/wp-json\/wp\/v2\/types\/product"}],"version-history":[{"count":1,"href":"https:\/\/www.teltat.fi\/de\/wp-json\/wp\/v2\/product\/22568\/revisions"}],"predecessor-version":[{"id":29228,"href":"https:\/\/www.teltat.fi\/de\/wp-json\/wp\/v2\/product\/22568\/revisions\/29228"}],"wp:featuredmedia":[{"embeddable":true,"href":"https:\/\/www.teltat.fi\/de\/wp-json\/wp\/v2\/media\/21360"}],"wp:attachment":[{"href":"https:\/\/www.teltat.fi\/de\/wp-json\/wp\/v2\/media?parent=22568"}],"wp:term":[{"taxonomy":"product_brand","embeddable":true,"href":"https:\/\/www.teltat.fi\/de\/wp-json\/wp\/v2\/product_brand?post=22568"},{"taxonomy":"product_cat","embeddable":true,"href":"https:\/\/www.teltat.fi\/de\/wp-json\/wp\/v2\/product_cat?post=22568"},{"taxonomy":"product_tag","embeddable":true,"href":"https:\/\/www.teltat.fi\/de\/wp-json\/wp\/v2\/product_tag?post=22568"}],"curies":[{"name":"wp","href":"https:\/\/api.w.org\/{rel}","templated":true}]}}