{"id":22646,"date":"2023-02-08T13:21:21","date_gmt":"2023-02-08T13:21:21","guid":{"rendered":"https:\/\/www.teltat.fi\/tuote\/nopsa-transporttasche-fuer-3x3m-markisenzelt-zubehoer\/"},"modified":"2025-06-26T10:19:27","modified_gmt":"2025-06-26T07:19:27","slug":"nopsa-transporttasche-fuer-3x3m-markisenzelt-zubehoer","status":"publish","type":"product","link":"https:\/\/www.teltat.fi\/de\/produkt\/nopsa-transporttasche-fuer-3x3m-markisenzelt-zubehoer\/","title":{"rendered":"Nopsa Transporttasche f\u00fcr 3x3m Markisenzelt (Zubeh\u00f6r)"},"content":{"rendered":"<p>Die Nopsa Transporttasche l\u00e4sst sich mittig \u00fcber die gesamte L\u00e4nge \u00f6ffnen. So k\u00f6nnen Sie das Zelt einfach \u00fcber den Boden der Tasche heben, die Taschenr\u00e4nder herumheben und die Tasche mit dem Rei\u00dfverschluss schlie\u00dfen. Die Transporttasche mit Rollen von Nopsa l\u00e4sst sich leicht durch Ziehen transportieren.  <\/p>\n<p>&nbsp;<\/p>\n<ul>\n<li>Gro\u00dfe Seitentasche auf der Vorderseite der Tasche f\u00fcr Vorr\u00e4te und Zubeh\u00f6r.<\/li>\n<li>Kleinere Seitentasche auf der R\u00fcckseite.<\/li>\n<li>R\u00e4der an der Unterseite f\u00fcr den Transport.<\/li>\n<li>Drei Verschlussgurte mit Schnellverschl\u00fcssen sorgen daf\u00fcr, dass die Tasche an ihrem Platz bleibt.<\/li>\n<li>Praktische Hebegriffe an jedem Ende der Tasche.<\/li>\n<li>Taschentransportl\u00e4nge 165cm.<\/li>\n<li>Ein Jahr Garantie.<\/li>\n<\/ul>\n<p>&nbsp;<\/p>\n<p>&nbsp;<\/p>\n<p>&nbsp;<\/p>\n<p><img fetchpriority=\"high\" decoding=\"async\" class=\"alignleft size-full wp-image-1932\" src=\"https:\/\/www.teltat.fi\/wp-content\/uploads\/2023\/02\/Kuljetuslaukku.jpg\" alt=\"Tragetasche\" width=\"500\" height=\"554\"><\/p>\n","protected":false},"excerpt":{"rendered":"<p>Die Nopsa Transporttasche l\u00e4sst sich mittig \u00fcber die gesamte L\u00e4nge \u00f6ffnen. So k\u00f6nnen Sie das Zelt einfach \u00fcber den Boden der Tasche heben, die Taschenr\u00e4nder herumheben und die Tasche mit dem Rei\u00dfverschluss schlie\u00dfen. Die Transporttasche mit Rollen von Nopsa l\u00e4sst sich leicht durch Ziehen transportieren. &nbsp; Gro\u00dfe Seitentasche auf der Vorderseite der Tasche f\u00fcr Vorr\u00e4te und Zubeh\u00f6r. Kleinere Seitentasche auf der R\u00fcckseite. R\u00e4der an der Unterseite f\u00fcr den Transport. Drei Verschlussgurte mit Schnellverschl\u00fcssen sorgen daf\u00fcr, dass die Tasche an ihrem Platz bleibt. Praktische Hebegriffe an jedem Ende der Tasche. Taschentransportl\u00e4nge 165cm. Ein Jahr Garantie. &nbsp; &nbsp; &nbsp;<\/p>\n","protected":false},"featured_media":21395,"template":"","meta":{"_acf_changed":false,"_eb_attr":"","site-sidebar-layout":"default","site-content-layout":"","ast-site-content-layout":"default","site-content-style":"default","site-sidebar-style":"default","ast-global-header-display":"","ast-banner-title-visibility":"","ast-main-header-display":"","ast-hfb-above-header-display":"","ast-hfb-below-header-display":"","ast-hfb-mobile-header-display":"","site-post-title":"","ast-breadcrumbs-content":"","ast-featured-img":"","footer-sml-layout":"","ast-disable-related-posts":"","theme-transparent-header-meta":"default","adv-header-id-meta":"","stick-header-meta":"","header-above-stick-meta":"","header-main-stick-meta":"","header-below-stick-meta":"","astra-migrate-meta-layouts":"default","ast-page-background-enabled":"default","ast-page-background-meta":{"desktop":{"background-color":"var(--ast-global-color-5)","background-image":"","background-repeat":"repeat","background-position":"center center","background-size":"auto","background-attachment":"scroll","background-type":"","background-media":"","overlay-type":"","overlay-color":"","overlay-opacity":"","overlay-gradient":""},"tablet":{"background-color":"","background-image":"","background-repeat":"repeat","background-position":"center center","background-size":"auto","background-attachment":"scroll","background-type":"","background-media":"","overlay-type":"","overlay-color":"","overlay-opacity":"","overlay-gradient":""},"mobile":{"background-color":"","background-image":"","background-repeat":"repeat","background-position":"center center","background-size":"auto","background-attachment":"scroll","background-type":"","background-media":"","overlay-type":"","overlay-color":"","overlay-opacity":"","overlay-gradient":""}},"ast-content-background-meta":{"desktop":{"background-color":"var(--ast-global-color-4)","background-image":"","background-repeat":"repeat","background-position":"center center","background-size":"auto","background-attachment":"scroll","background-type":"","background-media":"","overlay-type":"","overlay-color":"","overlay-opacity":"","overlay-gradient":""},"tablet":{"background-color":"var(--ast-global-color-4)","background-image":"","background-repeat":"repeat","background-position":"center center","background-size":"auto","background-attachment":"scroll","background-type":"","background-media":"","overlay-type":"","overlay-color":"","overlay-opacity":"","overlay-gradient":""},"mobile":{"background-color":"var(--ast-global-color-4)","background-image":"","background-repeat":"repeat","background-position":"center center","background-size":"auto","background-attachment":"scroll","background-type":"","background-media":"","overlay-type":"","overlay-color":"","overlay-opacity":"","overlay-gradient":""}}},"product_brand":[],"product_cat":[396],"product_tag":[],"class_list":{"0":"post-22646","1":"product","2":"type-product","3":"status-publish","4":"has-post-thumbnail","6":"product_cat-transporttaschen","7":"desktop-align-left","8":"tablet-align-left","9":"mobile-align-left","11":"first","12":"instock","13":"taxable","14":"shipping-taxable","15":"purchasable","16":"product-type-simple"},"acf":[],"yoast_head":"<!-- This site is optimized with the Yoast SEO Premium plugin v24.5 (Yoast SEO v27.4) - https:\/\/yoast.com\/product\/yoast-seo-premium-wordpress\/ -->\n<title>Nopsa Transporttasche f\u00fcr 3x3m Markisenzelt (Zubeh\u00f6r)<\/title>\n<meta name=\"robots\" content=\"index, follow, max-snippet:-1, max-image-preview:large, max-video-preview:-1\" \/>\n<link rel=\"canonical\" href=\"https:\/\/www.teltat.fi\/de\/produkt\/nopsa-transporttasche-fuer-3x3m-markisenzelt-zubehoer\/\" \/>\n<meta property=\"og:locale\" content=\"de_DE\" \/>\n<meta property=\"og:type\" content=\"article\" \/>\n<meta property=\"og:title\" content=\"Nopsa Transporttasche f\u00fcr 3x3m Markisenzelt (Zubeh\u00f6r)\" \/>\n<meta property=\"og:description\" content=\"Die Nopsa Transporttasche l\u00e4sst sich mittig \u00fcber die gesamte L\u00e4nge \u00f6ffnen. So k\u00f6nnen Sie das Zelt einfach \u00fcber den Boden der Tasche heben, die Taschenr\u00e4nder herumheben und die Tasche mit dem Rei\u00dfverschluss schlie\u00dfen. Die Transporttasche mit Rollen von Nopsa l\u00e4sst sich leicht durch Ziehen transportieren. &nbsp; Gro\u00dfe Seitentasche auf der Vorderseite der Tasche f\u00fcr Vorr\u00e4te und Zubeh\u00f6r. Kleinere Seitentasche auf der R\u00fcckseite. R\u00e4der an der Unterseite f\u00fcr den Transport. Drei Verschlussgurte mit Schnellverschl\u00fcssen sorgen daf\u00fcr, dass die Tasche an ihrem Platz bleibt. Praktische Hebegriffe an jedem Ende der Tasche. Taschentransportl\u00e4nge 165cm. Ein Jahr Garantie. &nbsp; &nbsp; &nbsp;\" \/>\n<meta property=\"og:url\" content=\"https:\/\/www.teltat.fi\/de\/produkt\/nopsa-transporttasche-fuer-3x3m-markisenzelt-zubehoer\/\" \/>\n<meta property=\"og:site_name\" content=\"Nopsa\" \/>\n<meta property=\"article:publisher\" content=\"https:\/\/www.facebook.com\/teltat.fi\/\" \/>\n<meta property=\"article:modified_time\" content=\"2025-06-26T07:19:27+00:00\" \/>\n<meta property=\"og:image\" content=\"https:\/\/i0.wp.com\/www.teltat.fi\/wp-content\/uploads\/2023\/02\/Kuljetuslaukku2.jpg?fit=1000%2C1000&ssl=1\" \/>\n\t<meta property=\"og:image:width\" content=\"1000\" \/>\n\t<meta property=\"og:image:height\" content=\"1000\" \/>\n\t<meta property=\"og:image:type\" content=\"image\/jpeg\" \/>\n<meta name=\"twitter:card\" content=\"summary_large_image\" \/>\n<meta name=\"twitter:label1\" content=\"Gesch\u00e4tzte Lesezeit\" \/>\n\t<meta name=\"twitter:data1\" content=\"1\u00a0Minute\" \/>\n<script type=\"application\/ld+json\" class=\"yoast-schema-graph\">{\"@context\":\"https:\\\/\\\/schema.org\",\"@graph\":[{\"@type\":[\"WebPage\",\"ItemPage\"],\"@id\":\"https:\\\/\\\/www.teltat.fi\\\/de\\\/produkt\\\/nopsa-transporttasche-fuer-3x3m-markisenzelt-zubehoer\\\/\",\"url\":\"https:\\\/\\\/www.teltat.fi\\\/de\\\/produkt\\\/nopsa-transporttasche-fuer-3x3m-markisenzelt-zubehoer\\\/\",\"name\":\"Nopsa Transporttasche f\u00fcr 3x3m Markisenzelt (Zubeh\u00f6r)\",\"isPartOf\":{\"@id\":\"https:\\\/\\\/www.teltat.fi\\\/de\\\/#website\"},\"primaryImageOfPage\":{\"@id\":\"https:\\\/\\\/www.teltat.fi\\\/de\\\/produkt\\\/nopsa-transporttasche-fuer-3x3m-markisenzelt-zubehoer\\\/#primaryimage\"},\"image\":{\"@id\":\"https:\\\/\\\/www.teltat.fi\\\/de\\\/produkt\\\/nopsa-transporttasche-fuer-3x3m-markisenzelt-zubehoer\\\/#primaryimage\"},\"thumbnailUrl\":\"https:\\\/\\\/www.teltat.fi\\\/wp-content\\\/uploads\\\/2023\\\/02\\\/Kuljetuslaukku2.jpg\",\"datePublished\":\"2023-02-08T13:21:21+00:00\",\"dateModified\":\"2025-06-26T07:19:27+00:00\",\"breadcrumb\":{\"@id\":\"https:\\\/\\\/www.teltat.fi\\\/de\\\/produkt\\\/nopsa-transporttasche-fuer-3x3m-markisenzelt-zubehoer\\\/#breadcrumb\"},\"inLanguage\":\"de\",\"potentialAction\":[{\"@type\":\"ReadAction\",\"target\":[\"https:\\\/\\\/www.teltat.fi\\\/de\\\/produkt\\\/nopsa-transporttasche-fuer-3x3m-markisenzelt-zubehoer\\\/\"]}]},{\"@type\":\"ImageObject\",\"inLanguage\":\"de\",\"@id\":\"https:\\\/\\\/www.teltat.fi\\\/de\\\/produkt\\\/nopsa-transporttasche-fuer-3x3m-markisenzelt-zubehoer\\\/#primaryimage\",\"url\":\"https:\\\/\\\/www.teltat.fi\\\/wp-content\\\/uploads\\\/2023\\\/02\\\/Kuljetuslaukku2.jpg\",\"contentUrl\":\"https:\\\/\\\/www.teltat.fi\\\/wp-content\\\/uploads\\\/2023\\\/02\\\/Kuljetuslaukku2.jpg\",\"width\":1000,\"height\":1000},{\"@type\":\"BreadcrumbList\",\"@id\":\"https:\\\/\\\/www.teltat.fi\\\/de\\\/produkt\\\/nopsa-transporttasche-fuer-3x3m-markisenzelt-zubehoer\\\/#breadcrumb\",\"itemListElement\":[{\"@type\":\"ListItem\",\"position\":1,\"name\":\"Hauptseite\",\"item\":\"https:\\\/\\\/www.teltat.fi\\\/de\\\/nopsa-popup-zelte-und-zubehoer\\\/\"},{\"@type\":\"ListItem\",\"position\":2,\"name\":\"Laden\",\"item\":\"https:\\\/\\\/www.teltat.fi\\\/de\\\/laden\\\/\"},{\"@type\":\"ListItem\",\"position\":3,\"name\":\"Zubeh\u00f6r und Ersatzteile\",\"item\":\"https:\\\/\\\/www.teltat.fi\\\/de\\\/produktkategorie\\\/zubehor-und-ersatzteile\\\/\"},{\"@type\":\"ListItem\",\"position\":4,\"name\":\"Nopsa-Ersatzteile\",\"item\":\"https:\\\/\\\/www.teltat.fi\\\/de\\\/produktkategorie\\\/zubehor-und-ersatzteile\\\/nopsa-ersatzteile\\\/\"},{\"@type\":\"ListItem\",\"position\":5,\"name\":\"Transporttaschen\",\"item\":\"https:\\\/\\\/www.teltat.fi\\\/de\\\/produktkategorie\\\/zubehor-und-ersatzteile\\\/nopsa-ersatzteile\\\/transporttaschen\\\/\"},{\"@type\":\"ListItem\",\"position\":6,\"name\":\"Nopsa Transporttasche f\u00fcr 3x3m Markisenzelt (Zubeh\u00f6r)\"}]},{\"@type\":\"WebSite\",\"@id\":\"https:\\\/\\\/www.teltat.fi\\\/de\\\/#website\",\"url\":\"https:\\\/\\\/www.teltat.fi\\\/de\\\/\",\"name\":\"Nopsa\",\"description\":\"Pop-up teltat ja tarvikkeet kaikkiin tapahtumiin\",\"publisher\":{\"@id\":\"https:\\\/\\\/www.teltat.fi\\\/de\\\/#organization\"},\"alternateName\":\"Nopsa popup teltat\",\"potentialAction\":[{\"@type\":\"SearchAction\",\"target\":{\"@type\":\"EntryPoint\",\"urlTemplate\":\"https:\\\/\\\/www.teltat.fi\\\/de\\\/?s={search_term_string}\"},\"query-input\":{\"@type\":\"PropertyValueSpecification\",\"valueRequired\":true,\"valueName\":\"search_term_string\"}}],\"inLanguage\":\"de\"},{\"@type\":\"Organization\",\"@id\":\"https:\\\/\\\/www.teltat.fi\\\/de\\\/#organization\",\"name\":\"www.teltat.fi\",\"alternateName\":\"Nopsa Pop-up-Zelte und Zubeh\u00f6r\",\"url\":\"https:\\\/\\\/www.teltat.fi\\\/de\\\/\",\"logo\":{\"@type\":\"ImageObject\",\"inLanguage\":\"de\",\"@id\":\"https:\\\/\\\/www.teltat.fi\\\/de\\\/#\\\/schema\\\/logo\\\/image\\\/\",\"url\":\"https:\\\/\\\/www.teltat.fi\\\/wp-content\\\/uploads\\\/2025\\\/03\\\/Nopsa-logo-white-no-circle-RGB.svg\",\"contentUrl\":\"https:\\\/\\\/www.teltat.fi\\\/wp-content\\\/uploads\\\/2025\\\/03\\\/Nopsa-logo-white-no-circle-RGB.svg\",\"width\":1080,\"height\":548,\"caption\":\"www.teltat.fi\"},\"image\":{\"@id\":\"https:\\\/\\\/www.teltat.fi\\\/de\\\/#\\\/schema\\\/logo\\\/image\\\/\"},\"sameAs\":[\"https:\\\/\\\/www.facebook.com\\\/teltat.fi\\\/\"],\"email\":\"myynti@teltat.fi\",\"telephone\":\"+358105260424\",\"foundingDate\":\"1994-05-18\",\"vatID\":\"FI09519220\",\"numberOfEmployees\":{\"@type\":\"QuantitativeValue\",\"minValue\":\"1\",\"maxValue\":\"10\"}}]}<\/script>\n<!-- \/ Yoast SEO Premium plugin. -->","yoast_head_json":{"title":"Nopsa Transporttasche f\u00fcr 3x3m Markisenzelt (Zubeh\u00f6r)","robots":{"index":"index","follow":"follow","max-snippet":"max-snippet:-1","max-image-preview":"max-image-preview:large","max-video-preview":"max-video-preview:-1"},"canonical":"https:\/\/www.teltat.fi\/de\/produkt\/nopsa-transporttasche-fuer-3x3m-markisenzelt-zubehoer\/","og_locale":"de_DE","og_type":"article","og_title":"Nopsa Transporttasche f\u00fcr 3x3m Markisenzelt (Zubeh\u00f6r)","og_description":"Die Nopsa Transporttasche l\u00e4sst sich mittig \u00fcber die gesamte L\u00e4nge \u00f6ffnen. So k\u00f6nnen Sie das Zelt einfach \u00fcber den Boden der Tasche heben, die Taschenr\u00e4nder herumheben und die Tasche mit dem Rei\u00dfverschluss schlie\u00dfen. Die Transporttasche mit Rollen von Nopsa l\u00e4sst sich leicht durch Ziehen transportieren. &nbsp; Gro\u00dfe Seitentasche auf der Vorderseite der Tasche f\u00fcr Vorr\u00e4te und Zubeh\u00f6r. Kleinere Seitentasche auf der R\u00fcckseite. R\u00e4der an der Unterseite f\u00fcr den Transport. Drei Verschlussgurte mit Schnellverschl\u00fcssen sorgen daf\u00fcr, dass die Tasche an ihrem Platz bleibt. Praktische Hebegriffe an jedem Ende der Tasche. Taschentransportl\u00e4nge 165cm. Ein Jahr Garantie. &nbsp; &nbsp; &nbsp;","og_url":"https:\/\/www.teltat.fi\/de\/produkt\/nopsa-transporttasche-fuer-3x3m-markisenzelt-zubehoer\/","og_site_name":"Nopsa","article_publisher":"https:\/\/www.facebook.com\/teltat.fi\/","article_modified_time":"2025-06-26T07:19:27+00:00","og_image":[{"width":1000,"height":1000,"url":"https:\/\/i0.wp.com\/www.teltat.fi\/wp-content\/uploads\/2023\/02\/Kuljetuslaukku2.jpg?fit=1000%2C1000&ssl=1","type":"image\/jpeg"}],"twitter_card":"summary_large_image","twitter_misc":{"Gesch\u00e4tzte Lesezeit":"1\u00a0Minute"},"schema":{"@context":"https:\/\/schema.org","@graph":[{"@type":["WebPage","ItemPage"],"@id":"https:\/\/www.teltat.fi\/de\/produkt\/nopsa-transporttasche-fuer-3x3m-markisenzelt-zubehoer\/","url":"https:\/\/www.teltat.fi\/de\/produkt\/nopsa-transporttasche-fuer-3x3m-markisenzelt-zubehoer\/","name":"Nopsa Transporttasche f\u00fcr 3x3m Markisenzelt (Zubeh\u00f6r)","isPartOf":{"@id":"https:\/\/www.teltat.fi\/de\/#website"},"primaryImageOfPage":{"@id":"https:\/\/www.teltat.fi\/de\/produkt\/nopsa-transporttasche-fuer-3x3m-markisenzelt-zubehoer\/#primaryimage"},"image":{"@id":"https:\/\/www.teltat.fi\/de\/produkt\/nopsa-transporttasche-fuer-3x3m-markisenzelt-zubehoer\/#primaryimage"},"thumbnailUrl":"https:\/\/www.teltat.fi\/wp-content\/uploads\/2023\/02\/Kuljetuslaukku2.jpg","datePublished":"2023-02-08T13:21:21+00:00","dateModified":"2025-06-26T07:19:27+00:00","breadcrumb":{"@id":"https:\/\/www.teltat.fi\/de\/produkt\/nopsa-transporttasche-fuer-3x3m-markisenzelt-zubehoer\/#breadcrumb"},"inLanguage":"de","potentialAction":[{"@type":"ReadAction","target":["https:\/\/www.teltat.fi\/de\/produkt\/nopsa-transporttasche-fuer-3x3m-markisenzelt-zubehoer\/"]}]},{"@type":"ImageObject","inLanguage":"de","@id":"https:\/\/www.teltat.fi\/de\/produkt\/nopsa-transporttasche-fuer-3x3m-markisenzelt-zubehoer\/#primaryimage","url":"https:\/\/www.teltat.fi\/wp-content\/uploads\/2023\/02\/Kuljetuslaukku2.jpg","contentUrl":"https:\/\/www.teltat.fi\/wp-content\/uploads\/2023\/02\/Kuljetuslaukku2.jpg","width":1000,"height":1000},{"@type":"BreadcrumbList","@id":"https:\/\/www.teltat.fi\/de\/produkt\/nopsa-transporttasche-fuer-3x3m-markisenzelt-zubehoer\/#breadcrumb","itemListElement":[{"@type":"ListItem","position":1,"name":"Hauptseite","item":"https:\/\/www.teltat.fi\/de\/nopsa-popup-zelte-und-zubehoer\/"},{"@type":"ListItem","position":2,"name":"Laden","item":"https:\/\/www.teltat.fi\/de\/laden\/"},{"@type":"ListItem","position":3,"name":"Zubeh\u00f6r und Ersatzteile","item":"https:\/\/www.teltat.fi\/de\/produktkategorie\/zubehor-und-ersatzteile\/"},{"@type":"ListItem","position":4,"name":"Nopsa-Ersatzteile","item":"https:\/\/www.teltat.fi\/de\/produktkategorie\/zubehor-und-ersatzteile\/nopsa-ersatzteile\/"},{"@type":"ListItem","position":5,"name":"Transporttaschen","item":"https:\/\/www.teltat.fi\/de\/produktkategorie\/zubehor-und-ersatzteile\/nopsa-ersatzteile\/transporttaschen\/"},{"@type":"ListItem","position":6,"name":"Nopsa Transporttasche f\u00fcr 3x3m Markisenzelt (Zubeh\u00f6r)"}]},{"@type":"WebSite","@id":"https:\/\/www.teltat.fi\/de\/#website","url":"https:\/\/www.teltat.fi\/de\/","name":"Nopsa","description":"Pop-up teltat ja tarvikkeet kaikkiin tapahtumiin","publisher":{"@id":"https:\/\/www.teltat.fi\/de\/#organization"},"alternateName":"Nopsa popup teltat","potentialAction":[{"@type":"SearchAction","target":{"@type":"EntryPoint","urlTemplate":"https:\/\/www.teltat.fi\/de\/?s={search_term_string}"},"query-input":{"@type":"PropertyValueSpecification","valueRequired":true,"valueName":"search_term_string"}}],"inLanguage":"de"},{"@type":"Organization","@id":"https:\/\/www.teltat.fi\/de\/#organization","name":"www.teltat.fi","alternateName":"Nopsa Pop-up-Zelte und Zubeh\u00f6r","url":"https:\/\/www.teltat.fi\/de\/","logo":{"@type":"ImageObject","inLanguage":"de","@id":"https:\/\/www.teltat.fi\/de\/#\/schema\/logo\/image\/","url":"https:\/\/www.teltat.fi\/wp-content\/uploads\/2025\/03\/Nopsa-logo-white-no-circle-RGB.svg","contentUrl":"https:\/\/www.teltat.fi\/wp-content\/uploads\/2025\/03\/Nopsa-logo-white-no-circle-RGB.svg","width":1080,"height":548,"caption":"www.teltat.fi"},"image":{"@id":"https:\/\/www.teltat.fi\/de\/#\/schema\/logo\/image\/"},"sameAs":["https:\/\/www.facebook.com\/teltat.fi\/"],"email":"myynti@teltat.fi","telephone":"+358105260424","foundingDate":"1994-05-18","vatID":"FI09519220","numberOfEmployees":{"@type":"QuantitativeValue","minValue":"1","maxValue":"10"}}]}},"_links":{"self":[{"href":"https:\/\/www.teltat.fi\/de\/wp-json\/wp\/v2\/product\/22646","targetHints":{"allow":["GET"]}}],"collection":[{"href":"https:\/\/www.teltat.fi\/de\/wp-json\/wp\/v2\/product"}],"about":[{"href":"https:\/\/www.teltat.fi\/de\/wp-json\/wp\/v2\/types\/product"}],"version-history":[{"count":1,"href":"https:\/\/www.teltat.fi\/de\/wp-json\/wp\/v2\/product\/22646\/revisions"}],"predecessor-version":[{"id":27217,"href":"https:\/\/www.teltat.fi\/de\/wp-json\/wp\/v2\/product\/22646\/revisions\/27217"}],"wp:featuredmedia":[{"embeddable":true,"href":"https:\/\/www.teltat.fi\/de\/wp-json\/wp\/v2\/media\/21395"}],"wp:attachment":[{"href":"https:\/\/www.teltat.fi\/de\/wp-json\/wp\/v2\/media?parent=22646"}],"wp:term":[{"taxonomy":"product_brand","embeddable":true,"href":"https:\/\/www.teltat.fi\/de\/wp-json\/wp\/v2\/product_brand?post=22646"},{"taxonomy":"product_cat","embeddable":true,"href":"https:\/\/www.teltat.fi\/de\/wp-json\/wp\/v2\/product_cat?post=22646"},{"taxonomy":"product_tag","embeddable":true,"href":"https:\/\/www.teltat.fi\/de\/wp-json\/wp\/v2\/product_tag?post=22646"}],"curies":[{"name":"wp","href":"https:\/\/api.w.org\/{rel}","templated":true}]}}