{"id":22837,"date":"2023-02-08T13:09:25","date_gmt":"2023-02-08T10:09:25","guid":{"rendered":"https:\/\/www.teltat.fi\/tuote\/tisch-122x61cm\/"},"modified":"2025-06-26T10:17:19","modified_gmt":"2025-06-26T07:17:19","slug":"tisch-122x61cm","status":"publish","type":"product","link":"https:\/\/www.teltat.fi\/de\/produkt\/tisch-122x61cm\/","title":{"rendered":"Tisch 122x61cm"},"content":{"rendered":"<p>Dieser rechteckige Klapptisch ist in vielen Umgebungen n\u00fctzlich, darunter Balls\u00e4le, Konferenzzentren, Caf\u00e9s, Schulen und zu Hause.<br \/>\nDer Tisch kann als tempor\u00e4re Sitzl\u00f6sung genutzt oder f\u00fcr den allt\u00e4glichen Gebrauch aufgestellt werden. Zur einfacheren Lagerung und zum Transport lassen sich die Tischbeine unter den Tisch klappen. <\/p>\n<p><b>Merkmale: <\/b><\/p>\n<ul>\n<li>Gebrauchsfertiger Tisch<\/li>\n<li>Die Beine lassen sich unter den Tisch klappen.<\/li>\n<li>4 cm dicke kaffeebraune Tischplatte<\/li>\n<li>Wasserdicht, sto\u00dffest und leicht sauber zu halten<\/li>\n<li>Grau pulverbeschichtete Beine<\/li>\n<li>F\u00fcr den Innen- und Au\u00dfenbereich konzipiert<\/li>\n<\/ul>\n","protected":false},"excerpt":{"rendered":"<p>Dieser rechteckige Klapptisch ist in vielen Umgebungen n\u00fctzlich, darunter Balls\u00e4le, Konferenzzentren, Caf\u00e9s, Schulen und zu Hause. Der Tisch kann als tempor\u00e4re Sitzl\u00f6sung genutzt oder f\u00fcr den allt\u00e4glichen Gebrauch aufgestellt werden. Zur einfacheren Lagerung und zum Transport lassen sich die Tischbeine unter den Tisch klappen. Merkmale: Gebrauchsfertiger Tisch Die Beine lassen sich unter den Tisch klappen. 4 cm dicke kaffeebraune Tischplatte Wasserdicht, sto\u00dffest und leicht sauber zu halten Grau pulverbeschichtete Beine F\u00fcr den Innen- und Au\u00dfenbereich konzipiert<\/p>\n","protected":false},"featured_media":27957,"template":"","meta":{"_acf_changed":false,"_eb_attr":"","site-sidebar-layout":"default","site-content-layout":"","ast-site-content-layout":"default","site-content-style":"default","site-sidebar-style":"default","ast-global-header-display":"","ast-banner-title-visibility":"","ast-main-header-display":"","ast-hfb-above-header-display":"","ast-hfb-below-header-display":"","ast-hfb-mobile-header-display":"","site-post-title":"","ast-breadcrumbs-content":"","ast-featured-img":"","footer-sml-layout":"","ast-disable-related-posts":"","theme-transparent-header-meta":"default","adv-header-id-meta":"","stick-header-meta":"","header-above-stick-meta":"","header-main-stick-meta":"","header-below-stick-meta":"","astra-migrate-meta-layouts":"default","ast-page-background-enabled":"default","ast-page-background-meta":{"desktop":{"background-color":"var(--ast-global-color-5)","background-image":"","background-repeat":"repeat","background-position":"center center","background-size":"auto","background-attachment":"scroll","background-type":"","background-media":"","overlay-type":"","overlay-color":"","overlay-opacity":"","overlay-gradient":""},"tablet":{"background-color":"","background-image":"","background-repeat":"repeat","background-position":"center center","background-size":"auto","background-attachment":"scroll","background-type":"","background-media":"","overlay-type":"","overlay-color":"","overlay-opacity":"","overlay-gradient":""},"mobile":{"background-color":"","background-image":"","background-repeat":"repeat","background-position":"center center","background-size":"auto","background-attachment":"scroll","background-type":"","background-media":"","overlay-type":"","overlay-color":"","overlay-opacity":"","overlay-gradient":""}},"ast-content-background-meta":{"desktop":{"background-color":"var(--ast-global-color-4)","background-image":"","background-repeat":"repeat","background-position":"center center","background-size":"auto","background-attachment":"scroll","background-type":"","background-media":"","overlay-type":"","overlay-color":"","overlay-opacity":"","overlay-gradient":""},"tablet":{"background-color":"var(--ast-global-color-4)","background-image":"","background-repeat":"repeat","background-position":"center center","background-size":"auto","background-attachment":"scroll","background-type":"","background-media":"","overlay-type":"","overlay-color":"","overlay-opacity":"","overlay-gradient":""},"mobile":{"background-color":"var(--ast-global-color-4)","background-image":"","background-repeat":"repeat","background-position":"center center","background-size":"auto","background-attachment":"scroll","background-type":"","background-media":"","overlay-type":"","overlay-color":"","overlay-opacity":"","overlay-gradient":""}},"_wp_convertkit_post_meta":{"form":"-1","landing_page":"0","tag":"0","restrict_content":"0"}},"product_brand":[],"product_cat":[375,331],"product_tag":[],"class_list":{"0":"post-22837","1":"product","2":"type-product","3":"status-publish","4":"has-post-thumbnail","6":"product_cat-tische","7":"product_cat-tische-und-banke","8":"desktop-align-left","9":"tablet-align-left","10":"mobile-align-left","12":"first","13":"instock","14":"taxable","15":"shipping-taxable","16":"purchasable","17":"product-type-simple"},"acf":[],"yoast_head":"<!-- This site is optimized with the Yoast SEO Premium plugin v24.5 (Yoast SEO v27.5) - https:\/\/yoast.com\/product\/yoast-seo-premium-wordpress\/ -->\n<title>Tisch 122x61cm<\/title>\n<meta name=\"robots\" content=\"index, follow, max-snippet:-1, max-image-preview:large, max-video-preview:-1\" \/>\n<link rel=\"canonical\" href=\"https:\/\/www.teltat.fi\/de\/produkt\/tisch-122x61cm\/\" \/>\n<meta property=\"og:locale\" content=\"de_DE\" \/>\n<meta property=\"og:type\" content=\"article\" \/>\n<meta property=\"og:title\" content=\"Tisch 122x61cm\" \/>\n<meta property=\"og:description\" content=\"Dieser rechteckige Klapptisch ist in vielen Umgebungen n\u00fctzlich, darunter Balls\u00e4le, Konferenzzentren, Caf\u00e9s, Schulen und zu Hause. Der Tisch kann als tempor\u00e4re Sitzl\u00f6sung genutzt oder f\u00fcr den allt\u00e4glichen Gebrauch aufgestellt werden. Zur einfacheren Lagerung und zum Transport lassen sich die Tischbeine unter den Tisch klappen. Merkmale: Gebrauchsfertiger Tisch Die Beine lassen sich unter den Tisch klappen. 4 cm dicke kaffeebraune Tischplatte Wasserdicht, sto\u00dffest und leicht sauber zu halten Grau pulverbeschichtete Beine F\u00fcr den Innen- und Au\u00dfenbereich konzipiert\" \/>\n<meta property=\"og:url\" content=\"https:\/\/www.teltat.fi\/de\/produkt\/tisch-122x61cm\/\" \/>\n<meta property=\"og:site_name\" content=\"Nopsa\" \/>\n<meta property=\"article:publisher\" content=\"https:\/\/www.facebook.com\/teltat.fi\/\" \/>\n<meta property=\"article:modified_time\" content=\"2025-06-26T07:17:19+00:00\" \/>\n<meta property=\"og:image\" content=\"https:\/\/www.teltat.fi\/wp-content\/uploads\/2023\/02\/poyta-ruskea.webp\" \/>\n\t<meta property=\"og:image:width\" content=\"1024\" \/>\n\t<meta property=\"og:image:height\" content=\"1024\" \/>\n\t<meta property=\"og:image:type\" content=\"image\/webp\" \/>\n<meta name=\"twitter:card\" content=\"summary_large_image\" \/>\n<script type=\"application\/ld+json\" class=\"yoast-schema-graph\">{\"@context\":\"https:\\\/\\\/schema.org\",\"@graph\":[{\"@type\":[\"WebPage\",\"ItemPage\"],\"@id\":\"https:\\\/\\\/www.teltat.fi\\\/de\\\/produkt\\\/tisch-122x61cm\\\/\",\"url\":\"https:\\\/\\\/www.teltat.fi\\\/de\\\/produkt\\\/tisch-122x61cm\\\/\",\"name\":\"Tisch 122x61cm\",\"isPartOf\":{\"@id\":\"https:\\\/\\\/www.teltat.fi\\\/de\\\/#website\"},\"primaryImageOfPage\":{\"@id\":\"https:\\\/\\\/www.teltat.fi\\\/de\\\/produkt\\\/tisch-122x61cm\\\/#primaryimage\"},\"image\":{\"@id\":\"https:\\\/\\\/www.teltat.fi\\\/de\\\/produkt\\\/tisch-122x61cm\\\/#primaryimage\"},\"thumbnailUrl\":\"https:\\\/\\\/www.teltat.fi\\\/wp-content\\\/uploads\\\/2023\\\/02\\\/poyta-ruskea.webp\",\"datePublished\":\"2023-02-08T10:09:25+00:00\",\"dateModified\":\"2025-06-26T07:17:19+00:00\",\"breadcrumb\":{\"@id\":\"https:\\\/\\\/www.teltat.fi\\\/de\\\/produkt\\\/tisch-122x61cm\\\/#breadcrumb\"},\"inLanguage\":\"de\",\"potentialAction\":[{\"@type\":\"ReadAction\",\"target\":[\"https:\\\/\\\/www.teltat.fi\\\/de\\\/produkt\\\/tisch-122x61cm\\\/\"]}]},{\"@type\":\"ImageObject\",\"inLanguage\":\"de\",\"@id\":\"https:\\\/\\\/www.teltat.fi\\\/de\\\/produkt\\\/tisch-122x61cm\\\/#primaryimage\",\"url\":\"https:\\\/\\\/www.teltat.fi\\\/wp-content\\\/uploads\\\/2023\\\/02\\\/poyta-ruskea.webp\",\"contentUrl\":\"https:\\\/\\\/www.teltat.fi\\\/wp-content\\\/uploads\\\/2023\\\/02\\\/poyta-ruskea.webp\",\"width\":1024,\"height\":1024,\"caption\":\"Tisch braun\"},{\"@type\":\"BreadcrumbList\",\"@id\":\"https:\\\/\\\/www.teltat.fi\\\/de\\\/produkt\\\/tisch-122x61cm\\\/#breadcrumb\",\"itemListElement\":[{\"@type\":\"ListItem\",\"position\":1,\"name\":\"Hauptseite\",\"item\":\"https:\\\/\\\/www.teltat.fi\\\/de\\\/nopsa-popup-zelte-und-zubehoer\\\/\"},{\"@type\":\"ListItem\",\"position\":2,\"name\":\"Laden\",\"item\":\"https:\\\/\\\/www.teltat.fi\\\/de\\\/laden\\\/\"},{\"@type\":\"ListItem\",\"position\":3,\"name\":\"Tische und B\u00e4nke\",\"item\":\"https:\\\/\\\/www.teltat.fi\\\/de\\\/produktkategorie\\\/tische-und-banke\\\/\"},{\"@type\":\"ListItem\",\"position\":4,\"name\":\"Tische\",\"item\":\"https:\\\/\\\/www.teltat.fi\\\/de\\\/produktkategorie\\\/tische-und-banke\\\/tische\\\/\"},{\"@type\":\"ListItem\",\"position\":5,\"name\":\"Tisch 122x61cm\"}]},{\"@type\":\"WebSite\",\"@id\":\"https:\\\/\\\/www.teltat.fi\\\/de\\\/#website\",\"url\":\"https:\\\/\\\/www.teltat.fi\\\/de\\\/\",\"name\":\"Nopsa\",\"description\":\"Pop-up teltat ja tarvikkeet kaikkiin tapahtumiin\",\"publisher\":{\"@id\":\"https:\\\/\\\/www.teltat.fi\\\/de\\\/#organization\"},\"alternateName\":\"Nopsa popup teltat\",\"potentialAction\":[{\"@type\":\"SearchAction\",\"target\":{\"@type\":\"EntryPoint\",\"urlTemplate\":\"https:\\\/\\\/www.teltat.fi\\\/de\\\/?s={search_term_string}\"},\"query-input\":{\"@type\":\"PropertyValueSpecification\",\"valueRequired\":true,\"valueName\":\"search_term_string\"}}],\"inLanguage\":\"de\"},{\"@type\":\"Organization\",\"@id\":\"https:\\\/\\\/www.teltat.fi\\\/de\\\/#organization\",\"name\":\"www.teltat.fi\",\"alternateName\":\"Nopsa Pop-up-Zelte und Zubeh\u00f6r\",\"url\":\"https:\\\/\\\/www.teltat.fi\\\/de\\\/\",\"logo\":{\"@type\":\"ImageObject\",\"inLanguage\":\"de\",\"@id\":\"https:\\\/\\\/www.teltat.fi\\\/de\\\/#\\\/schema\\\/logo\\\/image\\\/\",\"url\":\"https:\\\/\\\/www.teltat.fi\\\/wp-content\\\/uploads\\\/2025\\\/03\\\/Nopsa-logo-white-no-circle-RGB.svg\",\"contentUrl\":\"https:\\\/\\\/www.teltat.fi\\\/wp-content\\\/uploads\\\/2025\\\/03\\\/Nopsa-logo-white-no-circle-RGB.svg\",\"width\":1080,\"height\":548,\"caption\":\"www.teltat.fi\"},\"image\":{\"@id\":\"https:\\\/\\\/www.teltat.fi\\\/de\\\/#\\\/schema\\\/logo\\\/image\\\/\"},\"sameAs\":[\"https:\\\/\\\/www.facebook.com\\\/teltat.fi\\\/\"],\"email\":\"myynti@teltat.fi\",\"telephone\":\"+358105260424\",\"foundingDate\":\"1994-05-18\",\"vatID\":\"FI09519220\",\"numberOfEmployees\":{\"@type\":\"QuantitativeValue\",\"minValue\":\"1\",\"maxValue\":\"10\"}}]}<\/script>\n<!-- \/ Yoast SEO Premium plugin. -->","yoast_head_json":{"title":"Tisch 122x61cm","robots":{"index":"index","follow":"follow","max-snippet":"max-snippet:-1","max-image-preview":"max-image-preview:large","max-video-preview":"max-video-preview:-1"},"canonical":"https:\/\/www.teltat.fi\/de\/produkt\/tisch-122x61cm\/","og_locale":"de_DE","og_type":"article","og_title":"Tisch 122x61cm","og_description":"Dieser rechteckige Klapptisch ist in vielen Umgebungen n\u00fctzlich, darunter Balls\u00e4le, Konferenzzentren, Caf\u00e9s, Schulen und zu Hause. Der Tisch kann als tempor\u00e4re Sitzl\u00f6sung genutzt oder f\u00fcr den allt\u00e4glichen Gebrauch aufgestellt werden. Zur einfacheren Lagerung und zum Transport lassen sich die Tischbeine unter den Tisch klappen. Merkmale: Gebrauchsfertiger Tisch Die Beine lassen sich unter den Tisch klappen. 4 cm dicke kaffeebraune Tischplatte Wasserdicht, sto\u00dffest und leicht sauber zu halten Grau pulverbeschichtete Beine F\u00fcr den Innen- und Au\u00dfenbereich konzipiert","og_url":"https:\/\/www.teltat.fi\/de\/produkt\/tisch-122x61cm\/","og_site_name":"Nopsa","article_publisher":"https:\/\/www.facebook.com\/teltat.fi\/","article_modified_time":"2025-06-26T07:17:19+00:00","og_image":[{"width":1024,"height":1024,"url":"https:\/\/www.teltat.fi\/wp-content\/uploads\/2023\/02\/poyta-ruskea.webp","type":"image\/webp"}],"twitter_card":"summary_large_image","schema":{"@context":"https:\/\/schema.org","@graph":[{"@type":["WebPage","ItemPage"],"@id":"https:\/\/www.teltat.fi\/de\/produkt\/tisch-122x61cm\/","url":"https:\/\/www.teltat.fi\/de\/produkt\/tisch-122x61cm\/","name":"Tisch 122x61cm","isPartOf":{"@id":"https:\/\/www.teltat.fi\/de\/#website"},"primaryImageOfPage":{"@id":"https:\/\/www.teltat.fi\/de\/produkt\/tisch-122x61cm\/#primaryimage"},"image":{"@id":"https:\/\/www.teltat.fi\/de\/produkt\/tisch-122x61cm\/#primaryimage"},"thumbnailUrl":"https:\/\/www.teltat.fi\/wp-content\/uploads\/2023\/02\/poyta-ruskea.webp","datePublished":"2023-02-08T10:09:25+00:00","dateModified":"2025-06-26T07:17:19+00:00","breadcrumb":{"@id":"https:\/\/www.teltat.fi\/de\/produkt\/tisch-122x61cm\/#breadcrumb"},"inLanguage":"de","potentialAction":[{"@type":"ReadAction","target":["https:\/\/www.teltat.fi\/de\/produkt\/tisch-122x61cm\/"]}]},{"@type":"ImageObject","inLanguage":"de","@id":"https:\/\/www.teltat.fi\/de\/produkt\/tisch-122x61cm\/#primaryimage","url":"https:\/\/www.teltat.fi\/wp-content\/uploads\/2023\/02\/poyta-ruskea.webp","contentUrl":"https:\/\/www.teltat.fi\/wp-content\/uploads\/2023\/02\/poyta-ruskea.webp","width":1024,"height":1024,"caption":"Tisch braun"},{"@type":"BreadcrumbList","@id":"https:\/\/www.teltat.fi\/de\/produkt\/tisch-122x61cm\/#breadcrumb","itemListElement":[{"@type":"ListItem","position":1,"name":"Hauptseite","item":"https:\/\/www.teltat.fi\/de\/nopsa-popup-zelte-und-zubehoer\/"},{"@type":"ListItem","position":2,"name":"Laden","item":"https:\/\/www.teltat.fi\/de\/laden\/"},{"@type":"ListItem","position":3,"name":"Tische und B\u00e4nke","item":"https:\/\/www.teltat.fi\/de\/produktkategorie\/tische-und-banke\/"},{"@type":"ListItem","position":4,"name":"Tische","item":"https:\/\/www.teltat.fi\/de\/produktkategorie\/tische-und-banke\/tische\/"},{"@type":"ListItem","position":5,"name":"Tisch 122x61cm"}]},{"@type":"WebSite","@id":"https:\/\/www.teltat.fi\/de\/#website","url":"https:\/\/www.teltat.fi\/de\/","name":"Nopsa","description":"Pop-up teltat ja tarvikkeet kaikkiin tapahtumiin","publisher":{"@id":"https:\/\/www.teltat.fi\/de\/#organization"},"alternateName":"Nopsa popup teltat","potentialAction":[{"@type":"SearchAction","target":{"@type":"EntryPoint","urlTemplate":"https:\/\/www.teltat.fi\/de\/?s={search_term_string}"},"query-input":{"@type":"PropertyValueSpecification","valueRequired":true,"valueName":"search_term_string"}}],"inLanguage":"de"},{"@type":"Organization","@id":"https:\/\/www.teltat.fi\/de\/#organization","name":"www.teltat.fi","alternateName":"Nopsa Pop-up-Zelte und Zubeh\u00f6r","url":"https:\/\/www.teltat.fi\/de\/","logo":{"@type":"ImageObject","inLanguage":"de","@id":"https:\/\/www.teltat.fi\/de\/#\/schema\/logo\/image\/","url":"https:\/\/www.teltat.fi\/wp-content\/uploads\/2025\/03\/Nopsa-logo-white-no-circle-RGB.svg","contentUrl":"https:\/\/www.teltat.fi\/wp-content\/uploads\/2025\/03\/Nopsa-logo-white-no-circle-RGB.svg","width":1080,"height":548,"caption":"www.teltat.fi"},"image":{"@id":"https:\/\/www.teltat.fi\/de\/#\/schema\/logo\/image\/"},"sameAs":["https:\/\/www.facebook.com\/teltat.fi\/"],"email":"myynti@teltat.fi","telephone":"+358105260424","foundingDate":"1994-05-18","vatID":"FI09519220","numberOfEmployees":{"@type":"QuantitativeValue","minValue":"1","maxValue":"10"}}]}},"_links":{"self":[{"href":"https:\/\/www.teltat.fi\/de\/wp-json\/wp\/v2\/product\/22837","targetHints":{"allow":["GET"]}}],"collection":[{"href":"https:\/\/www.teltat.fi\/de\/wp-json\/wp\/v2\/product"}],"about":[{"href":"https:\/\/www.teltat.fi\/de\/wp-json\/wp\/v2\/types\/product"}],"version-history":[{"count":2,"href":"https:\/\/www.teltat.fi\/de\/wp-json\/wp\/v2\/product\/22837\/revisions"}],"predecessor-version":[{"id":28138,"href":"https:\/\/www.teltat.fi\/de\/wp-json\/wp\/v2\/product\/22837\/revisions\/28138"}],"wp:featuredmedia":[{"embeddable":true,"href":"https:\/\/www.teltat.fi\/de\/wp-json\/wp\/v2\/media\/27957"}],"wp:attachment":[{"href":"https:\/\/www.teltat.fi\/de\/wp-json\/wp\/v2\/media?parent=22837"}],"wp:term":[{"taxonomy":"product_brand","embeddable":true,"href":"https:\/\/www.teltat.fi\/de\/wp-json\/wp\/v2\/product_brand?post=22837"},{"taxonomy":"product_cat","embeddable":true,"href":"https:\/\/www.teltat.fi\/de\/wp-json\/wp\/v2\/product_cat?post=22837"},{"taxonomy":"product_tag","embeddable":true,"href":"https:\/\/www.teltat.fi\/de\/wp-json\/wp\/v2\/product_tag?post=22837"}],"curies":[{"name":"wp","href":"https:\/\/api.w.org\/{rel}","templated":true}]}}