{"id":23378,"date":"2023-02-08T13:06:41","date_gmt":"2023-02-08T10:06:41","guid":{"rendered":"https:\/\/www.teltat.fi\/tuote\/nopsa-3x3m-dachgewebe\/"},"modified":"2025-07-29T14:12:31","modified_gmt":"2025-07-29T11:12:31","slug":"nopsa-3x3m-dachgewebe","status":"publish","type":"product","link":"https:\/\/www.teltat.fi\/de\/produkt\/nopsa-3x3m-dachgewebe\/","title":{"rendered":"Nopsa 3x3m Dachgewebe"},"content":{"rendered":"<p><strong>Das Dach besteht aus pflegeleichtem, absolut wasserdichtem, winddichtem und UV-best\u00e4ndigem 500D PU-beschichtetem Polyestergewebe.<\/strong> Alle Stoffe sind zudem schwer entflammbar (Brandklasse B1 DIN 4102-1). Das Dach ist mit stabilen Eckklettb\u00e4ndern am Rahmen befestigt und alle Seiten sind mit Schnellverschl\u00fcssen verst\u00e4rkt, um starker Beanspruchung standzuhalten. Die W\u00e4nde lassen sich bequem per Klettverschluss an der Decke befestigen und die Ecken lassen sich per Rei\u00dfverschluss dicht verschlie\u00dfen. Zur Befestigung sind an den Dachecken stabile Metallringe angebracht. Es gibt eine sehr umfangreiche Farbpalette f\u00fcr Decken, darunter: sehr beliebte Streifenstoffe!    <\/p>\n","protected":false},"excerpt":{"rendered":"<p>Das Dach besteht aus pflegeleichtem, absolut wasserdichtem, winddichtem und UV-best\u00e4ndigem 500D PU-beschichtetem Polyestergewebe. Alle Stoffe sind zudem schwer entflammbar (Brandklasse B1 DIN 4102-1). Das Dach ist mit stabilen Eckklettb\u00e4ndern am Rahmen befestigt und alle Seiten sind mit Schnellverschl\u00fcssen verst\u00e4rkt, um starker Beanspruchung standzuhalten. Die W\u00e4nde lassen sich bequem per Klettverschluss an der Decke befestigen und die Ecken lassen sich per Rei\u00dfverschluss dicht verschlie\u00dfen. Zur Befestigung sind an den Dachecken stabile Metallringe angebracht. Es gibt eine sehr umfangreiche Farbpalette f\u00fcr Decken, darunter: sehr beliebte Streifenstoffe!<\/p>\n","protected":false},"featured_media":21612,"template":"","meta":{"_acf_changed":false,"_eb_attr":"","site-sidebar-layout":"default","site-content-layout":"","ast-site-content-layout":"default","site-content-style":"default","site-sidebar-style":"default","ast-global-header-display":"","ast-banner-title-visibility":"","ast-main-header-display":"","ast-hfb-above-header-display":"","ast-hfb-below-header-display":"","ast-hfb-mobile-header-display":"","site-post-title":"","ast-breadcrumbs-content":"","ast-featured-img":"","footer-sml-layout":"","ast-disable-related-posts":"","theme-transparent-header-meta":"default","adv-header-id-meta":"","stick-header-meta":"","header-above-stick-meta":"","header-main-stick-meta":"","header-below-stick-meta":"","astra-migrate-meta-layouts":"default","ast-page-background-enabled":"default","ast-page-background-meta":{"desktop":{"background-color":"var(--ast-global-color-5)","background-image":"","background-repeat":"repeat","background-position":"center center","background-size":"auto","background-attachment":"scroll","background-type":"","background-media":"","overlay-type":"","overlay-color":"","overlay-opacity":"","overlay-gradient":""},"tablet":{"background-color":"","background-image":"","background-repeat":"repeat","background-position":"center center","background-size":"auto","background-attachment":"scroll","background-type":"","background-media":"","overlay-type":"","overlay-color":"","overlay-opacity":"","overlay-gradient":""},"mobile":{"background-color":"","background-image":"","background-repeat":"repeat","background-position":"center center","background-size":"auto","background-attachment":"scroll","background-type":"","background-media":"","overlay-type":"","overlay-color":"","overlay-opacity":"","overlay-gradient":""}},"ast-content-background-meta":{"desktop":{"background-color":"var(--ast-global-color-4)","background-image":"","background-repeat":"repeat","background-position":"center center","background-size":"auto","background-attachment":"scroll","background-type":"","background-media":"","overlay-type":"","overlay-color":"","overlay-opacity":"","overlay-gradient":""},"tablet":{"background-color":"var(--ast-global-color-4)","background-image":"","background-repeat":"repeat","background-position":"center center","background-size":"auto","background-attachment":"scroll","background-type":"","background-media":"","overlay-type":"","overlay-color":"","overlay-opacity":"","overlay-gradient":""},"mobile":{"background-color":"var(--ast-global-color-4)","background-image":"","background-repeat":"repeat","background-position":"center center","background-size":"auto","background-attachment":"scroll","background-type":"","background-media":"","overlay-type":"","overlay-color":"","overlay-opacity":"","overlay-gradient":""}}},"product_brand":[],"product_cat":[395],"product_tag":[],"class_list":{"0":"post-23378","1":"product","2":"type-product","3":"status-publish","4":"has-post-thumbnail","6":"product_cat-bedachungsgewebe","7":"desktop-align-left","8":"tablet-align-left","9":"mobile-align-left","11":"first","12":"instock","13":"taxable","14":"shipping-taxable","15":"purchasable","16":"product-type-variable"},"acf":[],"yoast_head":"<!-- This site is optimized with the Yoast SEO Premium plugin v24.5 (Yoast SEO v27.4) - https:\/\/yoast.com\/product\/yoast-seo-premium-wordpress\/ -->\n<title>Nopsa 3x3m Dachgewebe<\/title>\n<meta name=\"robots\" content=\"index, follow, max-snippet:-1, max-image-preview:large, max-video-preview:-1\" \/>\n<link rel=\"canonical\" href=\"https:\/\/www.teltat.fi\/de\/produkt\/nopsa-3x3m-dachgewebe\/\" \/>\n<meta property=\"og:locale\" content=\"de_DE\" \/>\n<meta property=\"og:type\" content=\"article\" \/>\n<meta property=\"og:title\" content=\"Nopsa 3x3m Dachgewebe\" \/>\n<meta property=\"og:description\" content=\"Das Dach besteht aus pflegeleichtem, absolut wasserdichtem, winddichtem und UV-best\u00e4ndigem 500D PU-beschichtetem Polyestergewebe. Alle Stoffe sind zudem schwer entflammbar (Brandklasse B1 DIN 4102-1). Das Dach ist mit stabilen Eckklettb\u00e4ndern am Rahmen befestigt und alle Seiten sind mit Schnellverschl\u00fcssen verst\u00e4rkt, um starker Beanspruchung standzuhalten. Die W\u00e4nde lassen sich bequem per Klettverschluss an der Decke befestigen und die Ecken lassen sich per Rei\u00dfverschluss dicht verschlie\u00dfen. Zur Befestigung sind an den Dachecken stabile Metallringe angebracht. Es gibt eine sehr umfangreiche Farbpalette f\u00fcr Decken, darunter: sehr beliebte Streifenstoffe!\" \/>\n<meta property=\"og:url\" content=\"https:\/\/www.teltat.fi\/de\/produkt\/nopsa-3x3m-dachgewebe\/\" \/>\n<meta property=\"og:site_name\" content=\"Nopsa\" \/>\n<meta property=\"article:publisher\" content=\"https:\/\/www.facebook.com\/teltat.fi\/\" \/>\n<meta property=\"article:modified_time\" content=\"2025-07-29T11:12:31+00:00\" \/>\n<meta property=\"og:image\" content=\"https:\/\/i0.wp.com\/www.teltat.fi\/wp-content\/uploads\/2023\/02\/kattokangas1.jpg?fit=1024%2C768&ssl=1\" \/>\n\t<meta property=\"og:image:width\" content=\"1024\" \/>\n\t<meta property=\"og:image:height\" content=\"768\" \/>\n\t<meta property=\"og:image:type\" content=\"image\/jpeg\" \/>\n<meta name=\"twitter:card\" content=\"summary_large_image\" \/>\n<script type=\"application\/ld+json\" class=\"yoast-schema-graph\">{\"@context\":\"https:\\\/\\\/schema.org\",\"@graph\":[{\"@type\":[\"WebPage\",\"ItemPage\"],\"@id\":\"https:\\\/\\\/www.teltat.fi\\\/de\\\/produkt\\\/nopsa-3x3m-dachgewebe\\\/\",\"url\":\"https:\\\/\\\/www.teltat.fi\\\/de\\\/produkt\\\/nopsa-3x3m-dachgewebe\\\/\",\"name\":\"Nopsa 3x3m Dachgewebe\",\"isPartOf\":{\"@id\":\"https:\\\/\\\/www.teltat.fi\\\/de\\\/#website\"},\"primaryImageOfPage\":{\"@id\":\"https:\\\/\\\/www.teltat.fi\\\/de\\\/produkt\\\/nopsa-3x3m-dachgewebe\\\/#primaryimage\"},\"image\":{\"@id\":\"https:\\\/\\\/www.teltat.fi\\\/de\\\/produkt\\\/nopsa-3x3m-dachgewebe\\\/#primaryimage\"},\"thumbnailUrl\":\"https:\\\/\\\/www.teltat.fi\\\/wp-content\\\/uploads\\\/2023\\\/02\\\/kattokangas1.jpg\",\"datePublished\":\"2023-02-08T10:06:41+00:00\",\"dateModified\":\"2025-07-29T11:12:31+00:00\",\"breadcrumb\":{\"@id\":\"https:\\\/\\\/www.teltat.fi\\\/de\\\/produkt\\\/nopsa-3x3m-dachgewebe\\\/#breadcrumb\"},\"inLanguage\":\"de\",\"potentialAction\":[{\"@type\":\"ReadAction\",\"target\":[\"https:\\\/\\\/www.teltat.fi\\\/de\\\/produkt\\\/nopsa-3x3m-dachgewebe\\\/\"]}]},{\"@type\":\"ImageObject\",\"inLanguage\":\"de\",\"@id\":\"https:\\\/\\\/www.teltat.fi\\\/de\\\/produkt\\\/nopsa-3x3m-dachgewebe\\\/#primaryimage\",\"url\":\"https:\\\/\\\/www.teltat.fi\\\/wp-content\\\/uploads\\\/2023\\\/02\\\/kattokangas1.jpg\",\"contentUrl\":\"https:\\\/\\\/www.teltat.fi\\\/wp-content\\\/uploads\\\/2023\\\/02\\\/kattokangas1.jpg\",\"width\":1024,\"height\":768,\"caption\":\"Deckenstoff\"},{\"@type\":\"BreadcrumbList\",\"@id\":\"https:\\\/\\\/www.teltat.fi\\\/de\\\/produkt\\\/nopsa-3x3m-dachgewebe\\\/#breadcrumb\",\"itemListElement\":[{\"@type\":\"ListItem\",\"position\":1,\"name\":\"Hauptseite\",\"item\":\"https:\\\/\\\/www.teltat.fi\\\/de\\\/nopsa-popup-zelte-und-zubehoer\\\/\"},{\"@type\":\"ListItem\",\"position\":2,\"name\":\"Laden\",\"item\":\"https:\\\/\\\/www.teltat.fi\\\/de\\\/laden\\\/\"},{\"@type\":\"ListItem\",\"position\":3,\"name\":\"Bedachungsgewebe\",\"item\":\"https:\\\/\\\/www.teltat.fi\\\/de\\\/produktkategorie\\\/bedachungsgewebe\\\/\"},{\"@type\":\"ListItem\",\"position\":4,\"name\":\"Nopsa 3x3m Dachgewebe\"}]},{\"@type\":\"WebSite\",\"@id\":\"https:\\\/\\\/www.teltat.fi\\\/de\\\/#website\",\"url\":\"https:\\\/\\\/www.teltat.fi\\\/de\\\/\",\"name\":\"Nopsa\",\"description\":\"Pop-up teltat ja tarvikkeet kaikkiin tapahtumiin\",\"publisher\":{\"@id\":\"https:\\\/\\\/www.teltat.fi\\\/de\\\/#organization\"},\"alternateName\":\"Nopsa popup teltat\",\"potentialAction\":[{\"@type\":\"SearchAction\",\"target\":{\"@type\":\"EntryPoint\",\"urlTemplate\":\"https:\\\/\\\/www.teltat.fi\\\/de\\\/?s={search_term_string}\"},\"query-input\":{\"@type\":\"PropertyValueSpecification\",\"valueRequired\":true,\"valueName\":\"search_term_string\"}}],\"inLanguage\":\"de\"},{\"@type\":\"Organization\",\"@id\":\"https:\\\/\\\/www.teltat.fi\\\/de\\\/#organization\",\"name\":\"www.teltat.fi\",\"alternateName\":\"Nopsa Pop-up-Zelte und Zubeh\u00f6r\",\"url\":\"https:\\\/\\\/www.teltat.fi\\\/de\\\/\",\"logo\":{\"@type\":\"ImageObject\",\"inLanguage\":\"de\",\"@id\":\"https:\\\/\\\/www.teltat.fi\\\/de\\\/#\\\/schema\\\/logo\\\/image\\\/\",\"url\":\"https:\\\/\\\/www.teltat.fi\\\/wp-content\\\/uploads\\\/2025\\\/03\\\/Nopsa-logo-white-no-circle-RGB.svg\",\"contentUrl\":\"https:\\\/\\\/www.teltat.fi\\\/wp-content\\\/uploads\\\/2025\\\/03\\\/Nopsa-logo-white-no-circle-RGB.svg\",\"width\":1080,\"height\":548,\"caption\":\"www.teltat.fi\"},\"image\":{\"@id\":\"https:\\\/\\\/www.teltat.fi\\\/de\\\/#\\\/schema\\\/logo\\\/image\\\/\"},\"sameAs\":[\"https:\\\/\\\/www.facebook.com\\\/teltat.fi\\\/\"],\"email\":\"myynti@teltat.fi\",\"telephone\":\"+358105260424\",\"foundingDate\":\"1994-05-18\",\"vatID\":\"FI09519220\",\"numberOfEmployees\":{\"@type\":\"QuantitativeValue\",\"minValue\":\"1\",\"maxValue\":\"10\"}}]}<\/script>\n<!-- \/ Yoast SEO Premium plugin. -->","yoast_head_json":{"title":"Nopsa 3x3m Dachgewebe","robots":{"index":"index","follow":"follow","max-snippet":"max-snippet:-1","max-image-preview":"max-image-preview:large","max-video-preview":"max-video-preview:-1"},"canonical":"https:\/\/www.teltat.fi\/de\/produkt\/nopsa-3x3m-dachgewebe\/","og_locale":"de_DE","og_type":"article","og_title":"Nopsa 3x3m Dachgewebe","og_description":"Das Dach besteht aus pflegeleichtem, absolut wasserdichtem, winddichtem und UV-best\u00e4ndigem 500D PU-beschichtetem Polyestergewebe. Alle Stoffe sind zudem schwer entflammbar (Brandklasse B1 DIN 4102-1). Das Dach ist mit stabilen Eckklettb\u00e4ndern am Rahmen befestigt und alle Seiten sind mit Schnellverschl\u00fcssen verst\u00e4rkt, um starker Beanspruchung standzuhalten. Die W\u00e4nde lassen sich bequem per Klettverschluss an der Decke befestigen und die Ecken lassen sich per Rei\u00dfverschluss dicht verschlie\u00dfen. Zur Befestigung sind an den Dachecken stabile Metallringe angebracht. Es gibt eine sehr umfangreiche Farbpalette f\u00fcr Decken, darunter: sehr beliebte Streifenstoffe!","og_url":"https:\/\/www.teltat.fi\/de\/produkt\/nopsa-3x3m-dachgewebe\/","og_site_name":"Nopsa","article_publisher":"https:\/\/www.facebook.com\/teltat.fi\/","article_modified_time":"2025-07-29T11:12:31+00:00","og_image":[{"width":1024,"height":768,"url":"https:\/\/i0.wp.com\/www.teltat.fi\/wp-content\/uploads\/2023\/02\/kattokangas1.jpg?fit=1024%2C768&ssl=1","type":"image\/jpeg"}],"twitter_card":"summary_large_image","schema":{"@context":"https:\/\/schema.org","@graph":[{"@type":["WebPage","ItemPage"],"@id":"https:\/\/www.teltat.fi\/de\/produkt\/nopsa-3x3m-dachgewebe\/","url":"https:\/\/www.teltat.fi\/de\/produkt\/nopsa-3x3m-dachgewebe\/","name":"Nopsa 3x3m Dachgewebe","isPartOf":{"@id":"https:\/\/www.teltat.fi\/de\/#website"},"primaryImageOfPage":{"@id":"https:\/\/www.teltat.fi\/de\/produkt\/nopsa-3x3m-dachgewebe\/#primaryimage"},"image":{"@id":"https:\/\/www.teltat.fi\/de\/produkt\/nopsa-3x3m-dachgewebe\/#primaryimage"},"thumbnailUrl":"https:\/\/www.teltat.fi\/wp-content\/uploads\/2023\/02\/kattokangas1.jpg","datePublished":"2023-02-08T10:06:41+00:00","dateModified":"2025-07-29T11:12:31+00:00","breadcrumb":{"@id":"https:\/\/www.teltat.fi\/de\/produkt\/nopsa-3x3m-dachgewebe\/#breadcrumb"},"inLanguage":"de","potentialAction":[{"@type":"ReadAction","target":["https:\/\/www.teltat.fi\/de\/produkt\/nopsa-3x3m-dachgewebe\/"]}]},{"@type":"ImageObject","inLanguage":"de","@id":"https:\/\/www.teltat.fi\/de\/produkt\/nopsa-3x3m-dachgewebe\/#primaryimage","url":"https:\/\/www.teltat.fi\/wp-content\/uploads\/2023\/02\/kattokangas1.jpg","contentUrl":"https:\/\/www.teltat.fi\/wp-content\/uploads\/2023\/02\/kattokangas1.jpg","width":1024,"height":768,"caption":"Deckenstoff"},{"@type":"BreadcrumbList","@id":"https:\/\/www.teltat.fi\/de\/produkt\/nopsa-3x3m-dachgewebe\/#breadcrumb","itemListElement":[{"@type":"ListItem","position":1,"name":"Hauptseite","item":"https:\/\/www.teltat.fi\/de\/nopsa-popup-zelte-und-zubehoer\/"},{"@type":"ListItem","position":2,"name":"Laden","item":"https:\/\/www.teltat.fi\/de\/laden\/"},{"@type":"ListItem","position":3,"name":"Bedachungsgewebe","item":"https:\/\/www.teltat.fi\/de\/produktkategorie\/bedachungsgewebe\/"},{"@type":"ListItem","position":4,"name":"Nopsa 3x3m Dachgewebe"}]},{"@type":"WebSite","@id":"https:\/\/www.teltat.fi\/de\/#website","url":"https:\/\/www.teltat.fi\/de\/","name":"Nopsa","description":"Pop-up teltat ja tarvikkeet kaikkiin tapahtumiin","publisher":{"@id":"https:\/\/www.teltat.fi\/de\/#organization"},"alternateName":"Nopsa popup teltat","potentialAction":[{"@type":"SearchAction","target":{"@type":"EntryPoint","urlTemplate":"https:\/\/www.teltat.fi\/de\/?s={search_term_string}"},"query-input":{"@type":"PropertyValueSpecification","valueRequired":true,"valueName":"search_term_string"}}],"inLanguage":"de"},{"@type":"Organization","@id":"https:\/\/www.teltat.fi\/de\/#organization","name":"www.teltat.fi","alternateName":"Nopsa Pop-up-Zelte und Zubeh\u00f6r","url":"https:\/\/www.teltat.fi\/de\/","logo":{"@type":"ImageObject","inLanguage":"de","@id":"https:\/\/www.teltat.fi\/de\/#\/schema\/logo\/image\/","url":"https:\/\/www.teltat.fi\/wp-content\/uploads\/2025\/03\/Nopsa-logo-white-no-circle-RGB.svg","contentUrl":"https:\/\/www.teltat.fi\/wp-content\/uploads\/2025\/03\/Nopsa-logo-white-no-circle-RGB.svg","width":1080,"height":548,"caption":"www.teltat.fi"},"image":{"@id":"https:\/\/www.teltat.fi\/de\/#\/schema\/logo\/image\/"},"sameAs":["https:\/\/www.facebook.com\/teltat.fi\/"],"email":"myynti@teltat.fi","telephone":"+358105260424","foundingDate":"1994-05-18","vatID":"FI09519220","numberOfEmployees":{"@type":"QuantitativeValue","minValue":"1","maxValue":"10"}}]}},"_links":{"self":[{"href":"https:\/\/www.teltat.fi\/de\/wp-json\/wp\/v2\/product\/23378","targetHints":{"allow":["GET"]}}],"collection":[{"href":"https:\/\/www.teltat.fi\/de\/wp-json\/wp\/v2\/product"}],"about":[{"href":"https:\/\/www.teltat.fi\/de\/wp-json\/wp\/v2\/types\/product"}],"version-history":[{"count":1,"href":"https:\/\/www.teltat.fi\/de\/wp-json\/wp\/v2\/product\/23378\/revisions"}],"predecessor-version":[{"id":29240,"href":"https:\/\/www.teltat.fi\/de\/wp-json\/wp\/v2\/product\/23378\/revisions\/29240"}],"wp:featuredmedia":[{"embeddable":true,"href":"https:\/\/www.teltat.fi\/de\/wp-json\/wp\/v2\/media\/21612"}],"wp:attachment":[{"href":"https:\/\/www.teltat.fi\/de\/wp-json\/wp\/v2\/media?parent=23378"}],"wp:term":[{"taxonomy":"product_brand","embeddable":true,"href":"https:\/\/www.teltat.fi\/de\/wp-json\/wp\/v2\/product_brand?post=23378"},{"taxonomy":"product_cat","embeddable":true,"href":"https:\/\/www.teltat.fi\/de\/wp-json\/wp\/v2\/product_cat?post=23378"},{"taxonomy":"product_tag","embeddable":true,"href":"https:\/\/www.teltat.fi\/de\/wp-json\/wp\/v2\/product_tag?post=23378"}],"curies":[{"name":"wp","href":"https:\/\/api.w.org\/{rel}","templated":true}]}}