{"id":23614,"date":"2023-02-08T13:15:15","date_gmt":"2023-02-08T10:15:15","guid":{"rendered":"https:\/\/www.teltat.fi\/tuote\/nopsa-zeltstoffverbinder-4m-fuer-waende\/"},"modified":"2023-02-08T13:21:15","modified_gmt":"2023-02-08T10:21:15","slug":"nopsa-zeltstoffverbinder-4m-fuer-waende","status":"publish","type":"product","link":"https:\/\/www.teltat.fi\/de\/produkt\/nopsa-zeltstoffverbinder-4m-fuer-waende\/","title":{"rendered":"Nopsa Zeltstoffverbinder 4m f\u00fcr W\u00e4nde"},"content":{"rendered":"<p>Der Wandverbinder ist f\u00fcr die Montage zwischen den W\u00e4nden zweier oder mehrerer Zelte vorgesehen. Mithilfe von Verbindungsst\u00fccken k\u00f6nnen Sie die W\u00e4nde so gro\u00df machen, dass sie zwei Zelte umgeben, auch wenn die Zeltverbindung aus Eisen besteht. Sie k\u00f6nnen Dachrinnen und Zeltwandverbinder gleichzeitig verwenden, da ein Ende der Verbinder U-f\u00f6rmig ist.  <\/p>\n<p>Schl\u00fcsselw\u00f6rter: Wandverbinder, Zeltverbinder, Stoffverbinder<\/p>\n","protected":false},"excerpt":{"rendered":"<p>Der Wandverbinder ist f\u00fcr die Montage zwischen den W\u00e4nden zweier oder mehrerer Zelte vorgesehen. Mithilfe von Verbindungsst\u00fccken k\u00f6nnen Sie die W\u00e4nde so gro\u00df machen, dass sie zwei Zelte umgeben, auch wenn die Zeltverbindung aus Eisen besteht. Sie k\u00f6nnen Dachrinnen und Zeltwandverbinder gleichzeitig verwenden, da ein Ende der Verbinder U-f\u00f6rmig ist. Schl\u00fcsselw\u00f6rter: Wandverbinder, Zeltverbinder, Stoffverbinder<\/p>\n","protected":false},"featured_media":21398,"template":"","meta":{"_acf_changed":false,"_eb_attr":"","site-sidebar-layout":"default","site-content-layout":"","ast-site-content-layout":"default","site-content-style":"default","site-sidebar-style":"default","ast-global-header-display":"","ast-banner-title-visibility":"","ast-main-header-display":"","ast-hfb-above-header-display":"","ast-hfb-below-header-display":"","ast-hfb-mobile-header-display":"","site-post-title":"","ast-breadcrumbs-content":"","ast-featured-img":"","footer-sml-layout":"","ast-disable-related-posts":"","theme-transparent-header-meta":"default","adv-header-id-meta":"","stick-header-meta":"","header-above-stick-meta":"","header-main-stick-meta":"","header-below-stick-meta":"","astra-migrate-meta-layouts":"default","ast-page-background-enabled":"default","ast-page-background-meta":{"desktop":{"background-color":"var(--ast-global-color-5)","background-image":"","background-repeat":"repeat","background-position":"center center","background-size":"auto","background-attachment":"scroll","background-type":"","background-media":"","overlay-type":"","overlay-color":"","overlay-opacity":"","overlay-gradient":""},"tablet":{"background-color":"","background-image":"","background-repeat":"repeat","background-position":"center center","background-size":"auto","background-attachment":"scroll","background-type":"","background-media":"","overlay-type":"","overlay-color":"","overlay-opacity":"","overlay-gradient":""},"mobile":{"background-color":"","background-image":"","background-repeat":"repeat","background-position":"center center","background-size":"auto","background-attachment":"scroll","background-type":"","background-media":"","overlay-type":"","overlay-color":"","overlay-opacity":"","overlay-gradient":""}},"ast-content-background-meta":{"desktop":{"background-color":"var(--ast-global-color-4)","background-image":"","background-repeat":"repeat","background-position":"center center","background-size":"auto","background-attachment":"scroll","background-type":"","background-media":"","overlay-type":"","overlay-color":"","overlay-opacity":"","overlay-gradient":""},"tablet":{"background-color":"var(--ast-global-color-4)","background-image":"","background-repeat":"repeat","background-position":"center center","background-size":"auto","background-attachment":"scroll","background-type":"","background-media":"","overlay-type":"","overlay-color":"","overlay-opacity":"","overlay-gradient":""},"mobile":{"background-color":"var(--ast-global-color-4)","background-image":"","background-repeat":"repeat","background-position":"center center","background-size":"auto","background-attachment":"scroll","background-type":"","background-media":"","overlay-type":"","overlay-color":"","overlay-opacity":"","overlay-gradient":""}}},"product_brand":[],"product_cat":[415,413],"product_tag":[],"class_list":{"0":"post-23614","1":"product","2":"type-product","3":"status-publish","4":"has-post-thumbnail","6":"product_cat-wandtischler","7":"product_cat-zelte-verbinden-zubehor-furs-zelt","8":"desktop-align-left","9":"tablet-align-left","10":"mobile-align-left","12":"first","13":"instock","14":"taxable","15":"shipping-taxable","16":"purchasable","17":"product-type-variable"},"acf":[],"yoast_head":"<!-- This site is optimized with the Yoast SEO Premium plugin v24.5 (Yoast SEO v27.4) - https:\/\/yoast.com\/product\/yoast-seo-premium-wordpress\/ -->\n<title>Nopsa Zeltstoffverbinder 4m f\u00fcr W\u00e4nde<\/title>\n<meta name=\"robots\" content=\"index, follow, max-snippet:-1, max-image-preview:large, max-video-preview:-1\" \/>\n<link rel=\"canonical\" href=\"https:\/\/www.teltat.fi\/de\/produkt\/nopsa-zeltstoffverbinder-4m-fuer-waende\/\" \/>\n<meta property=\"og:locale\" content=\"de_DE\" \/>\n<meta property=\"og:type\" content=\"article\" \/>\n<meta property=\"og:title\" content=\"Nopsa Zeltstoffverbinder 4m f\u00fcr W\u00e4nde\" \/>\n<meta property=\"og:description\" content=\"Der Wandverbinder ist f\u00fcr die Montage zwischen den W\u00e4nden zweier oder mehrerer Zelte vorgesehen. Mithilfe von Verbindungsst\u00fccken k\u00f6nnen Sie die W\u00e4nde so gro\u00df machen, dass sie zwei Zelte umgeben, auch wenn die Zeltverbindung aus Eisen besteht. Sie k\u00f6nnen Dachrinnen und Zeltwandverbinder gleichzeitig verwenden, da ein Ende der Verbinder U-f\u00f6rmig ist. Schl\u00fcsselw\u00f6rter: Wandverbinder, Zeltverbinder, Stoffverbinder\" \/>\n<meta property=\"og:url\" content=\"https:\/\/www.teltat.fi\/de\/produkt\/nopsa-zeltstoffverbinder-4m-fuer-waende\/\" \/>\n<meta property=\"og:site_name\" content=\"Nopsa\" \/>\n<meta property=\"article:publisher\" content=\"https:\/\/www.facebook.com\/teltat.fi\/\" \/>\n<meta property=\"article:modified_time\" content=\"2023-02-08T10:21:15+00:00\" \/>\n<meta property=\"og:image\" content=\"https:\/\/www.teltat.fi\/wp-content\/uploads\/2023\/02\/Seinien_yhdistajat.jpg\" \/>\n\t<meta property=\"og:image:width\" content=\"1000\" \/>\n\t<meta property=\"og:image:height\" content=\"1000\" \/>\n\t<meta property=\"og:image:type\" content=\"image\/jpeg\" \/>\n<meta name=\"twitter:card\" content=\"summary_large_image\" \/>\n<script type=\"application\/ld+json\" class=\"yoast-schema-graph\">{\"@context\":\"https:\\\/\\\/schema.org\",\"@graph\":[{\"@type\":[\"WebPage\",\"ItemPage\"],\"@id\":\"https:\\\/\\\/www.teltat.fi\\\/de\\\/produkt\\\/nopsa-zeltstoffverbinder-4m-fuer-waende\\\/\",\"url\":\"https:\\\/\\\/www.teltat.fi\\\/de\\\/produkt\\\/nopsa-zeltstoffverbinder-4m-fuer-waende\\\/\",\"name\":\"Nopsa Zeltstoffverbinder 4m f\u00fcr W\u00e4nde\",\"isPartOf\":{\"@id\":\"https:\\\/\\\/www.teltat.fi\\\/de\\\/#website\"},\"primaryImageOfPage\":{\"@id\":\"https:\\\/\\\/www.teltat.fi\\\/de\\\/produkt\\\/nopsa-zeltstoffverbinder-4m-fuer-waende\\\/#primaryimage\"},\"image\":{\"@id\":\"https:\\\/\\\/www.teltat.fi\\\/de\\\/produkt\\\/nopsa-zeltstoffverbinder-4m-fuer-waende\\\/#primaryimage\"},\"thumbnailUrl\":\"https:\\\/\\\/www.teltat.fi\\\/wp-content\\\/uploads\\\/2023\\\/02\\\/Seinien_yhdistajat.jpg\",\"datePublished\":\"2023-02-08T10:15:15+00:00\",\"dateModified\":\"2023-02-08T10:21:15+00:00\",\"breadcrumb\":{\"@id\":\"https:\\\/\\\/www.teltat.fi\\\/de\\\/produkt\\\/nopsa-zeltstoffverbinder-4m-fuer-waende\\\/#breadcrumb\"},\"inLanguage\":\"de\",\"potentialAction\":[{\"@type\":\"ReadAction\",\"target\":[\"https:\\\/\\\/www.teltat.fi\\\/de\\\/produkt\\\/nopsa-zeltstoffverbinder-4m-fuer-waende\\\/\"]}]},{\"@type\":\"ImageObject\",\"inLanguage\":\"de\",\"@id\":\"https:\\\/\\\/www.teltat.fi\\\/de\\\/produkt\\\/nopsa-zeltstoffverbinder-4m-fuer-waende\\\/#primaryimage\",\"url\":\"https:\\\/\\\/www.teltat.fi\\\/wp-content\\\/uploads\\\/2023\\\/02\\\/Seinien_yhdistajat.jpg\",\"contentUrl\":\"https:\\\/\\\/www.teltat.fi\\\/wp-content\\\/uploads\\\/2023\\\/02\\\/Seinien_yhdistajat.jpg\",\"width\":1000,\"height\":1000,\"caption\":\"Seinien yhdist\u00e4j\u00e4t\"},{\"@type\":\"BreadcrumbList\",\"@id\":\"https:\\\/\\\/www.teltat.fi\\\/de\\\/produkt\\\/nopsa-zeltstoffverbinder-4m-fuer-waende\\\/#breadcrumb\",\"itemListElement\":[{\"@type\":\"ListItem\",\"position\":1,\"name\":\"Hauptseite\",\"item\":\"https:\\\/\\\/www.teltat.fi\\\/de\\\/nopsa-popup-zelte-und-zubehoer\\\/\"},{\"@type\":\"ListItem\",\"position\":2,\"name\":\"Laden\",\"item\":\"https:\\\/\\\/www.teltat.fi\\\/de\\\/laden\\\/\"},{\"@type\":\"ListItem\",\"position\":3,\"name\":\"Zelte verbinden\",\"item\":\"https:\\\/\\\/www.teltat.fi\\\/de\\\/produktkategorie\\\/zelte-verbinden-zubehor-furs-zelt\\\/\"},{\"@type\":\"ListItem\",\"position\":4,\"name\":\"Wandtischler\",\"item\":\"https:\\\/\\\/www.teltat.fi\\\/de\\\/produktkategorie\\\/zelte-verbinden-zubehor-furs-zelt\\\/wandtischler\\\/\"},{\"@type\":\"ListItem\",\"position\":5,\"name\":\"Nopsa Zeltstoffverbinder 4m f\u00fcr W\u00e4nde\"}]},{\"@type\":\"WebSite\",\"@id\":\"https:\\\/\\\/www.teltat.fi\\\/de\\\/#website\",\"url\":\"https:\\\/\\\/www.teltat.fi\\\/de\\\/\",\"name\":\"Nopsa\",\"description\":\"Pop-up teltat ja tarvikkeet kaikkiin tapahtumiin\",\"publisher\":{\"@id\":\"https:\\\/\\\/www.teltat.fi\\\/de\\\/#organization\"},\"alternateName\":\"Nopsa popup teltat\",\"potentialAction\":[{\"@type\":\"SearchAction\",\"target\":{\"@type\":\"EntryPoint\",\"urlTemplate\":\"https:\\\/\\\/www.teltat.fi\\\/de\\\/?s={search_term_string}\"},\"query-input\":{\"@type\":\"PropertyValueSpecification\",\"valueRequired\":true,\"valueName\":\"search_term_string\"}}],\"inLanguage\":\"de\"},{\"@type\":\"Organization\",\"@id\":\"https:\\\/\\\/www.teltat.fi\\\/de\\\/#organization\",\"name\":\"www.teltat.fi\",\"alternateName\":\"Nopsa Pop-up-Zelte und Zubeh\u00f6r\",\"url\":\"https:\\\/\\\/www.teltat.fi\\\/de\\\/\",\"logo\":{\"@type\":\"ImageObject\",\"inLanguage\":\"de\",\"@id\":\"https:\\\/\\\/www.teltat.fi\\\/de\\\/#\\\/schema\\\/logo\\\/image\\\/\",\"url\":\"https:\\\/\\\/www.teltat.fi\\\/wp-content\\\/uploads\\\/2025\\\/03\\\/Nopsa-logo-white-no-circle-RGB.svg\",\"contentUrl\":\"https:\\\/\\\/www.teltat.fi\\\/wp-content\\\/uploads\\\/2025\\\/03\\\/Nopsa-logo-white-no-circle-RGB.svg\",\"width\":1080,\"height\":548,\"caption\":\"www.teltat.fi\"},\"image\":{\"@id\":\"https:\\\/\\\/www.teltat.fi\\\/de\\\/#\\\/schema\\\/logo\\\/image\\\/\"},\"sameAs\":[\"https:\\\/\\\/www.facebook.com\\\/teltat.fi\\\/\"],\"email\":\"myynti@teltat.fi\",\"telephone\":\"+358105260424\",\"foundingDate\":\"1994-05-18\",\"vatID\":\"FI09519220\",\"numberOfEmployees\":{\"@type\":\"QuantitativeValue\",\"minValue\":\"1\",\"maxValue\":\"10\"}}]}<\/script>\n<!-- \/ Yoast SEO Premium plugin. -->","yoast_head_json":{"title":"Nopsa Zeltstoffverbinder 4m f\u00fcr W\u00e4nde","robots":{"index":"index","follow":"follow","max-snippet":"max-snippet:-1","max-image-preview":"max-image-preview:large","max-video-preview":"max-video-preview:-1"},"canonical":"https:\/\/www.teltat.fi\/de\/produkt\/nopsa-zeltstoffverbinder-4m-fuer-waende\/","og_locale":"de_DE","og_type":"article","og_title":"Nopsa Zeltstoffverbinder 4m f\u00fcr W\u00e4nde","og_description":"Der Wandverbinder ist f\u00fcr die Montage zwischen den W\u00e4nden zweier oder mehrerer Zelte vorgesehen. Mithilfe von Verbindungsst\u00fccken k\u00f6nnen Sie die W\u00e4nde so gro\u00df machen, dass sie zwei Zelte umgeben, auch wenn die Zeltverbindung aus Eisen besteht. Sie k\u00f6nnen Dachrinnen und Zeltwandverbinder gleichzeitig verwenden, da ein Ende der Verbinder U-f\u00f6rmig ist. Schl\u00fcsselw\u00f6rter: Wandverbinder, Zeltverbinder, Stoffverbinder","og_url":"https:\/\/www.teltat.fi\/de\/produkt\/nopsa-zeltstoffverbinder-4m-fuer-waende\/","og_site_name":"Nopsa","article_publisher":"https:\/\/www.facebook.com\/teltat.fi\/","article_modified_time":"2023-02-08T10:21:15+00:00","og_image":[{"width":1000,"height":1000,"url":"https:\/\/www.teltat.fi\/wp-content\/uploads\/2023\/02\/Seinien_yhdistajat.jpg","type":"image\/jpeg"}],"twitter_card":"summary_large_image","schema":{"@context":"https:\/\/schema.org","@graph":[{"@type":["WebPage","ItemPage"],"@id":"https:\/\/www.teltat.fi\/de\/produkt\/nopsa-zeltstoffverbinder-4m-fuer-waende\/","url":"https:\/\/www.teltat.fi\/de\/produkt\/nopsa-zeltstoffverbinder-4m-fuer-waende\/","name":"Nopsa Zeltstoffverbinder 4m f\u00fcr W\u00e4nde","isPartOf":{"@id":"https:\/\/www.teltat.fi\/de\/#website"},"primaryImageOfPage":{"@id":"https:\/\/www.teltat.fi\/de\/produkt\/nopsa-zeltstoffverbinder-4m-fuer-waende\/#primaryimage"},"image":{"@id":"https:\/\/www.teltat.fi\/de\/produkt\/nopsa-zeltstoffverbinder-4m-fuer-waende\/#primaryimage"},"thumbnailUrl":"https:\/\/www.teltat.fi\/wp-content\/uploads\/2023\/02\/Seinien_yhdistajat.jpg","datePublished":"2023-02-08T10:15:15+00:00","dateModified":"2023-02-08T10:21:15+00:00","breadcrumb":{"@id":"https:\/\/www.teltat.fi\/de\/produkt\/nopsa-zeltstoffverbinder-4m-fuer-waende\/#breadcrumb"},"inLanguage":"de","potentialAction":[{"@type":"ReadAction","target":["https:\/\/www.teltat.fi\/de\/produkt\/nopsa-zeltstoffverbinder-4m-fuer-waende\/"]}]},{"@type":"ImageObject","inLanguage":"de","@id":"https:\/\/www.teltat.fi\/de\/produkt\/nopsa-zeltstoffverbinder-4m-fuer-waende\/#primaryimage","url":"https:\/\/www.teltat.fi\/wp-content\/uploads\/2023\/02\/Seinien_yhdistajat.jpg","contentUrl":"https:\/\/www.teltat.fi\/wp-content\/uploads\/2023\/02\/Seinien_yhdistajat.jpg","width":1000,"height":1000,"caption":"Seinien yhdist\u00e4j\u00e4t"},{"@type":"BreadcrumbList","@id":"https:\/\/www.teltat.fi\/de\/produkt\/nopsa-zeltstoffverbinder-4m-fuer-waende\/#breadcrumb","itemListElement":[{"@type":"ListItem","position":1,"name":"Hauptseite","item":"https:\/\/www.teltat.fi\/de\/nopsa-popup-zelte-und-zubehoer\/"},{"@type":"ListItem","position":2,"name":"Laden","item":"https:\/\/www.teltat.fi\/de\/laden\/"},{"@type":"ListItem","position":3,"name":"Zelte verbinden","item":"https:\/\/www.teltat.fi\/de\/produktkategorie\/zelte-verbinden-zubehor-furs-zelt\/"},{"@type":"ListItem","position":4,"name":"Wandtischler","item":"https:\/\/www.teltat.fi\/de\/produktkategorie\/zelte-verbinden-zubehor-furs-zelt\/wandtischler\/"},{"@type":"ListItem","position":5,"name":"Nopsa Zeltstoffverbinder 4m f\u00fcr W\u00e4nde"}]},{"@type":"WebSite","@id":"https:\/\/www.teltat.fi\/de\/#website","url":"https:\/\/www.teltat.fi\/de\/","name":"Nopsa","description":"Pop-up teltat ja tarvikkeet kaikkiin tapahtumiin","publisher":{"@id":"https:\/\/www.teltat.fi\/de\/#organization"},"alternateName":"Nopsa popup teltat","potentialAction":[{"@type":"SearchAction","target":{"@type":"EntryPoint","urlTemplate":"https:\/\/www.teltat.fi\/de\/?s={search_term_string}"},"query-input":{"@type":"PropertyValueSpecification","valueRequired":true,"valueName":"search_term_string"}}],"inLanguage":"de"},{"@type":"Organization","@id":"https:\/\/www.teltat.fi\/de\/#organization","name":"www.teltat.fi","alternateName":"Nopsa Pop-up-Zelte und Zubeh\u00f6r","url":"https:\/\/www.teltat.fi\/de\/","logo":{"@type":"ImageObject","inLanguage":"de","@id":"https:\/\/www.teltat.fi\/de\/#\/schema\/logo\/image\/","url":"https:\/\/www.teltat.fi\/wp-content\/uploads\/2025\/03\/Nopsa-logo-white-no-circle-RGB.svg","contentUrl":"https:\/\/www.teltat.fi\/wp-content\/uploads\/2025\/03\/Nopsa-logo-white-no-circle-RGB.svg","width":1080,"height":548,"caption":"www.teltat.fi"},"image":{"@id":"https:\/\/www.teltat.fi\/de\/#\/schema\/logo\/image\/"},"sameAs":["https:\/\/www.facebook.com\/teltat.fi\/"],"email":"myynti@teltat.fi","telephone":"+358105260424","foundingDate":"1994-05-18","vatID":"FI09519220","numberOfEmployees":{"@type":"QuantitativeValue","minValue":"1","maxValue":"10"}}]}},"_links":{"self":[{"href":"https:\/\/www.teltat.fi\/de\/wp-json\/wp\/v2\/product\/23614","targetHints":{"allow":["GET"]}}],"collection":[{"href":"https:\/\/www.teltat.fi\/de\/wp-json\/wp\/v2\/product"}],"about":[{"href":"https:\/\/www.teltat.fi\/de\/wp-json\/wp\/v2\/types\/product"}],"version-history":[{"count":0,"href":"https:\/\/www.teltat.fi\/de\/wp-json\/wp\/v2\/product\/23614\/revisions"}],"wp:featuredmedia":[{"embeddable":true,"href":"https:\/\/www.teltat.fi\/de\/wp-json\/wp\/v2\/media\/21398"}],"wp:attachment":[{"href":"https:\/\/www.teltat.fi\/de\/wp-json\/wp\/v2\/media?parent=23614"}],"wp:term":[{"taxonomy":"product_brand","embeddable":true,"href":"https:\/\/www.teltat.fi\/de\/wp-json\/wp\/v2\/product_brand?post=23614"},{"taxonomy":"product_cat","embeddable":true,"href":"https:\/\/www.teltat.fi\/de\/wp-json\/wp\/v2\/product_cat?post=23614"},{"taxonomy":"product_tag","embeddable":true,"href":"https:\/\/www.teltat.fi\/de\/wp-json\/wp\/v2\/product_tag?post=23614"}],"curies":[{"name":"wp","href":"https:\/\/api.w.org\/{rel}","templated":true}]}}