{"id":24124,"date":"2023-02-08T13:17:18","date_gmt":"2023-02-08T10:17:18","guid":{"rendered":"https:\/\/www.teltat.fi\/tuote\/125x2m-lambert-halber-sonnenschirm\/"},"modified":"2023-02-08T13:17:18","modified_gmt":"2023-02-08T10:17:18","slug":"125x2m-lambert-halber-sonnenschirm","status":"publish","type":"product","link":"https:\/\/www.teltat.fi\/de\/produkt\/125x2m-lambert-halber-sonnenschirm\/","title":{"rendered":"1,25x2m Lambert halber Sonnenschirm"},"content":{"rendered":"<p><strong> Farboptionen f\u00fcr synthetische Stoffe:<\/strong><\/p>\n<p><img fetchpriority=\"high\" decoding=\"async\" class=\"size-full wp-image-891 alignnone\" src=\"https:\/\/www.teltat.fi\/wp-content\/uploads\/2025\/05\/Varjon_varivaihtoehdot.png\" alt=\"Farboptionen f\u00fcr Sonnenschirme\" width=\"600\" height=\"103\"><\/p>\n<p><strong><em>Diese Schatten sind Auftragsfertigungen und werden nach Kundenwunsch direkt beim Hersteller bestellt. Die voraussichtliche Lieferzeit f\u00fcr den Schirm betr\u00e4gt 2-5 Wochen. Wir haben ein paar verschiedene Farben und Gr\u00f6\u00dfen in unserem Demobestand verf\u00fcgbar, sehen Sie sich diese unter \u201eAuf Lager\u201c an!  <\/em><\/strong><\/p>\n<p>&nbsp;<\/p>\n<p>Lambert-Jalousien wurden vor 25 Jahren entwickelt und auf den Markt gebracht. Heute geh\u00f6ren Schatten zum Standard deutscher Marktveranstaltungen. Gr\u00fcnde f\u00fcr die Beliebtheit der Lambert-Sonnenschirme: Stoff aus hochwertigen Materialien, stabiler Rahmen mit 8 Dachstreben aus starken F38-Aluminiumstreben mit feuerverzinkten Spiralfedern (rostfrei), Gelenkteile aus glasfaserverst\u00e4rktem Kunststoff, Stange aus hochfestem, poliertem Stahl, 35 x 2,5 mm Federaufh\u00e4ngung aus rostfreiem Stahl, die daf\u00fcr sorgt, dass der Schirm offen bleibt. F\u00fcr den Varjo ist au\u00dferdem eine gro\u00dfe Auswahl an Zubeh\u00f6r erh\u00e4ltlich.   <\/p>\n<h2>Packungsinhalt:<\/h2>\n<ul>\n<li>1,25 x 2 m synthetisches Gewebe<\/li>\n<li>Schattenfugenrahmen mit 8 Rippen<\/li>\n<li>Tragetasche<\/li>\n<\/ul>\n<h2>Merkmale:<\/h2>\n<ul>\n<li>Der Schirm ist aus Einzelteilen zusammengesetzt und im Schadensfall ist der Austausch einzelner besch\u00e4digter Teile m\u00f6glich.<\/li>\n<li>Schnell einzurichten<\/li>\n<\/ul>\n<p><img decoding=\"async\" class=\"alignnone size-full wp-image-1115\" src=\"https:\/\/www.teltat.fi\/wp-content\/uploads\/2025\/05\/Lambert_Ominaisuudet-kuvina.png\" alt=\"Lambert-Funktionen\" width=\"568\" height=\"217\"><\/p>\n<p><span style=\"color: #339966;\"><strong>Bitte beachten Sie, dass Schirmsockel, Gewichte und weiteres Zubeh\u00f6r separat erh\u00e4ltlich sind.<\/strong><\/span><\/p>\n<p><strong>Stoffeigenschaften:<\/strong><\/p>\n<p>Synthetikgewebe ist ein einseitig beschichtetes Gewebe. Gewicht: 195 g\/m\u00b2, Anti-Schimmel-behandelt. Das Vordach ist am Dach und an den N\u00e4hten vollst\u00e4ndig wasserdicht. Bei st\u00e4rkerem Regen kann es an den Verst\u00e4rkungsstreifen, insbesondere am Randstreifen des Daches (bei H\u00e4nged\u00e4chern im Bereich der D-Ringe), zu Wassertropfenbildung kommen.   <\/p>\n<p>Vorteile<\/p>\n<ul>\n<li>der Stoff nimmt kein Wasser auf<\/li>\n<li>wird nicht leicht schmutzig<\/li>\n<li>hohe Lichtbest\u00e4ndigkeit<\/li>\n<li>kann mit Wasser und\/oder Reinigungsmittel gewaschen werden<\/li>\n<\/ul>\n<p>Nachteile<\/p>\n<ul>\n<li>Bei geschlossenem Verkaufsdach und Temperaturunterschieden zwischen Innen- und Au\u00dfentemperatur entsteht Schwitzwasser<\/li>\n<\/ul>\n","protected":false},"excerpt":{"rendered":"<p>Farboptionen f\u00fcr synthetische Stoffe: Diese Schatten sind Auftragsfertigungen und werden nach Kundenwunsch direkt beim Hersteller bestellt. Die voraussichtliche Lieferzeit f\u00fcr den Schirm betr\u00e4gt 2-5 Wochen. Wir haben ein paar verschiedene Farben und Gr\u00f6\u00dfen in unserem Demobestand verf\u00fcgbar, sehen Sie sich diese unter \u201eAuf Lager\u201c an! &nbsp; Lambert-Jalousien wurden vor 25 Jahren entwickelt und auf den Markt gebracht. Heute geh\u00f6ren Schatten zum Standard deutscher Marktveranstaltungen. Gr\u00fcnde f\u00fcr die Beliebtheit der Lambert-Sonnenschirme: Stoff aus hochwertigen Materialien, stabiler Rahmen mit 8 Dachstreben aus starken F38-Aluminiumstreben mit feuerverzinkten Spiralfedern (rostfrei), Gelenkteile aus glasfaserverst\u00e4rktem Kunststoff, Stange aus hochfestem, poliertem Stahl, 35 x 2,5 mm Federaufh\u00e4ngung aus rostfreiem Stahl, die daf\u00fcr sorgt, dass der Schirm offen bleibt. F\u00fcr den Varjo ist au\u00dferdem eine gro\u00dfe Auswahl an Zubeh\u00f6r erh\u00e4ltlich. Packungsinhalt: 1,25 x 2 m synthetisches Gewebe Schattenfugenrahmen mit 8 Rippen Tragetasche Merkmale: Der Schirm ist aus Einzelteilen zusammengesetzt und im Schadensfall ist der Austausch einzelner besch\u00e4digter Teile m\u00f6glich. Schnell einzurichten Bitte beachten Sie, dass Schirmsockel, Gewichte und weiteres Zubeh\u00f6r separat erh\u00e4ltlich sind. Stoffeigenschaften: Synthetikgewebe ist ein einseitig beschichtetes Gewebe. Gewicht: 195 g\/m\u00b2, Anti-Schimmel-behandelt. Das Vordach ist am Dach und an den N\u00e4hten vollst\u00e4ndig wasserdicht. Bei st\u00e4rkerem Regen kann es an den Verst\u00e4rkungsstreifen, insbesondere am Randstreifen des Daches (bei H\u00e4nged\u00e4chern im Bereich der D-Ringe), zu Wassertropfenbildung kommen. Vorteile der Stoff nimmt kein Wasser auf wird nicht leicht schmutzig hohe Lichtbest\u00e4ndigkeit kann mit Wasser und\/oder Reinigungsmittel gewaschen werden Nachteile Bei geschlossenem Verkaufsdach und Temperaturunterschieden zwischen Innen- und Au\u00dfentemperatur entsteht Schwitzwasser<\/p>\n","protected":false},"featured_media":21270,"template":"","meta":{"_acf_changed":false,"_eb_attr":"","site-sidebar-layout":"default","site-content-layout":"","ast-site-content-layout":"default","site-content-style":"default","site-sidebar-style":"default","ast-global-header-display":"","ast-banner-title-visibility":"","ast-main-header-display":"","ast-hfb-above-header-display":"","ast-hfb-below-header-display":"","ast-hfb-mobile-header-display":"","site-post-title":"","ast-breadcrumbs-content":"","ast-featured-img":"","footer-sml-layout":"","ast-disable-related-posts":"","theme-transparent-header-meta":"default","adv-header-id-meta":"","stick-header-meta":"","header-above-stick-meta":"","header-main-stick-meta":"","header-below-stick-meta":"","astra-migrate-meta-layouts":"default","ast-page-background-enabled":"default","ast-page-background-meta":{"desktop":{"background-color":"var(--ast-global-color-5)","background-image":"","background-repeat":"repeat","background-position":"center center","background-size":"auto","background-attachment":"scroll","background-type":"","background-media":"","overlay-type":"","overlay-color":"","overlay-opacity":"","overlay-gradient":""},"tablet":{"background-color":"","background-image":"","background-repeat":"repeat","background-position":"center center","background-size":"auto","background-attachment":"scroll","background-type":"","background-media":"","overlay-type":"","overlay-color":"","overlay-opacity":"","overlay-gradient":""},"mobile":{"background-color":"","background-image":"","background-repeat":"repeat","background-position":"center center","background-size":"auto","background-attachment":"scroll","background-type":"","background-media":"","overlay-type":"","overlay-color":"","overlay-opacity":"","overlay-gradient":""}},"ast-content-background-meta":{"desktop":{"background-color":"var(--ast-global-color-4)","background-image":"","background-repeat":"repeat","background-position":"center center","background-size":"auto","background-attachment":"scroll","background-type":"","background-media":"","overlay-type":"","overlay-color":"","overlay-opacity":"","overlay-gradient":""},"tablet":{"background-color":"var(--ast-global-color-4)","background-image":"","background-repeat":"repeat","background-position":"center center","background-size":"auto","background-attachment":"scroll","background-type":"","background-media":"","overlay-type":"","overlay-color":"","overlay-opacity":"","overlay-gradient":""},"mobile":{"background-color":"var(--ast-global-color-4)","background-image":"","background-repeat":"repeat","background-position":"center center","background-size":"auto","background-attachment":"scroll","background-type":"","background-media":"","overlay-type":"","overlay-color":"","overlay-opacity":"","overlay-gradient":""}}},"product_brand":[],"product_cat":[418],"product_tag":[],"class_list":{"0":"post-24124","1":"product","2":"type-product","3":"status-publish","4":"has-post-thumbnail","6":"product_cat-halfte","7":"desktop-align-left","8":"tablet-align-left","9":"mobile-align-left","11":"first","12":"onbackorder","13":"taxable","14":"shipping-taxable","15":"purchasable","16":"product-type-variable"},"acf":[],"yoast_head":"<!-- This site is optimized with the Yoast SEO Premium plugin v24.5 (Yoast SEO v27.4) - https:\/\/yoast.com\/product\/yoast-seo-premium-wordpress\/ -->\n<title>1,25x2m Lambert halber Sonnenschirm<\/title>\n<meta name=\"robots\" content=\"index, follow, max-snippet:-1, max-image-preview:large, max-video-preview:-1\" \/>\n<link rel=\"canonical\" href=\"https:\/\/www.teltat.fi\/de\/produkt\/125x2m-lambert-halber-sonnenschirm\/\" \/>\n<meta property=\"og:locale\" content=\"de_DE\" \/>\n<meta property=\"og:type\" content=\"article\" \/>\n<meta property=\"og:title\" content=\"1,25x2m Lambert halber Sonnenschirm\" \/>\n<meta property=\"og:description\" content=\"Farboptionen f\u00fcr synthetische Stoffe: Diese Schatten sind Auftragsfertigungen und werden nach Kundenwunsch direkt beim Hersteller bestellt. Die voraussichtliche Lieferzeit f\u00fcr den Schirm betr\u00e4gt 2-5 Wochen. Wir haben ein paar verschiedene Farben und Gr\u00f6\u00dfen in unserem Demobestand verf\u00fcgbar, sehen Sie sich diese unter \u201eAuf Lager\u201c an! &nbsp; Lambert-Jalousien wurden vor 25 Jahren entwickelt und auf den Markt gebracht. Heute geh\u00f6ren Schatten zum Standard deutscher Marktveranstaltungen. Gr\u00fcnde f\u00fcr die Beliebtheit der Lambert-Sonnenschirme: Stoff aus hochwertigen Materialien, stabiler Rahmen mit 8 Dachstreben aus starken F38-Aluminiumstreben mit feuerverzinkten Spiralfedern (rostfrei), Gelenkteile aus glasfaserverst\u00e4rktem Kunststoff, Stange aus hochfestem, poliertem Stahl, 35 x 2,5 mm Federaufh\u00e4ngung aus rostfreiem Stahl, die daf\u00fcr sorgt, dass der Schirm offen bleibt. F\u00fcr den Varjo ist au\u00dferdem eine gro\u00dfe Auswahl an Zubeh\u00f6r erh\u00e4ltlich. Packungsinhalt: 1,25 x 2 m synthetisches Gewebe Schattenfugenrahmen mit 8 Rippen Tragetasche Merkmale: Der Schirm ist aus Einzelteilen zusammengesetzt und im Schadensfall ist der Austausch einzelner besch\u00e4digter Teile m\u00f6glich. Schnell einzurichten Bitte beachten Sie, dass Schirmsockel, Gewichte und weiteres Zubeh\u00f6r separat erh\u00e4ltlich sind. Stoffeigenschaften: Synthetikgewebe ist ein einseitig beschichtetes Gewebe. Gewicht: 195 g\/m\u00b2, Anti-Schimmel-behandelt. Das Vordach ist am Dach und an den N\u00e4hten vollst\u00e4ndig wasserdicht. Bei st\u00e4rkerem Regen kann es an den Verst\u00e4rkungsstreifen, insbesondere am Randstreifen des Daches (bei H\u00e4nged\u00e4chern im Bereich der D-Ringe), zu Wassertropfenbildung kommen. Vorteile der Stoff nimmt kein Wasser auf wird nicht leicht schmutzig hohe Lichtbest\u00e4ndigkeit kann mit Wasser und\/oder Reinigungsmittel gewaschen werden Nachteile Bei geschlossenem Verkaufsdach und Temperaturunterschieden zwischen Innen- und Au\u00dfentemperatur entsteht Schwitzwasser\" \/>\n<meta property=\"og:url\" content=\"https:\/\/www.teltat.fi\/de\/produkt\/125x2m-lambert-halber-sonnenschirm\/\" \/>\n<meta property=\"og:site_name\" content=\"Nopsa\" \/>\n<meta property=\"article:publisher\" content=\"https:\/\/www.facebook.com\/teltat.fi\/\" \/>\n<meta property=\"og:image\" content=\"https:\/\/i0.wp.com\/dev.teltat.fi\/wp-content\/uploads\/2023\/02\/Puolikasvarjo1.jpg?fit=1000%2C1000&ssl=1\" \/>\n\t<meta property=\"og:image:width\" content=\"1000\" \/>\n\t<meta property=\"og:image:height\" content=\"1000\" \/>\n\t<meta property=\"og:image:type\" content=\"image\/jpeg\" \/>\n<meta name=\"twitter:card\" content=\"summary_large_image\" \/>\n<meta name=\"twitter:label1\" content=\"Gesch\u00e4tzte Lesezeit\" \/>\n\t<meta name=\"twitter:data1\" content=\"1\u00a0Minute\" \/>\n<script type=\"application\/ld+json\" class=\"yoast-schema-graph\">{\"@context\":\"https:\\\/\\\/schema.org\",\"@graph\":[{\"@type\":[\"WebPage\",\"ItemPage\"],\"@id\":\"https:\\\/\\\/www.teltat.fi\\\/de\\\/produkt\\\/125x2m-lambert-halber-sonnenschirm\\\/\",\"url\":\"https:\\\/\\\/www.teltat.fi\\\/de\\\/produkt\\\/125x2m-lambert-halber-sonnenschirm\\\/\",\"name\":\"1,25x2m Lambert halber Sonnenschirm\",\"isPartOf\":{\"@id\":\"https:\\\/\\\/www.teltat.fi\\\/de\\\/#website\"},\"primaryImageOfPage\":{\"@id\":\"https:\\\/\\\/www.teltat.fi\\\/de\\\/produkt\\\/125x2m-lambert-halber-sonnenschirm\\\/#primaryimage\"},\"image\":{\"@id\":\"https:\\\/\\\/www.teltat.fi\\\/de\\\/produkt\\\/125x2m-lambert-halber-sonnenschirm\\\/#primaryimage\"},\"thumbnailUrl\":\"https:\\\/\\\/www.teltat.fi\\\/wp-content\\\/uploads\\\/2023\\\/02\\\/Puolikasvarjo1.jpg\",\"datePublished\":\"2023-02-08T10:17:18+00:00\",\"breadcrumb\":{\"@id\":\"https:\\\/\\\/www.teltat.fi\\\/de\\\/produkt\\\/125x2m-lambert-halber-sonnenschirm\\\/#breadcrumb\"},\"inLanguage\":\"de\",\"potentialAction\":[{\"@type\":\"ReadAction\",\"target\":[\"https:\\\/\\\/www.teltat.fi\\\/de\\\/produkt\\\/125x2m-lambert-halber-sonnenschirm\\\/\"]}]},{\"@type\":\"ImageObject\",\"inLanguage\":\"de\",\"@id\":\"https:\\\/\\\/www.teltat.fi\\\/de\\\/produkt\\\/125x2m-lambert-halber-sonnenschirm\\\/#primaryimage\",\"url\":\"https:\\\/\\\/www.teltat.fi\\\/wp-content\\\/uploads\\\/2023\\\/02\\\/Puolikasvarjo1.jpg\",\"contentUrl\":\"https:\\\/\\\/www.teltat.fi\\\/wp-content\\\/uploads\\\/2023\\\/02\\\/Puolikasvarjo1.jpg\",\"width\":1000,\"height\":1000},{\"@type\":\"BreadcrumbList\",\"@id\":\"https:\\\/\\\/www.teltat.fi\\\/de\\\/produkt\\\/125x2m-lambert-halber-sonnenschirm\\\/#breadcrumb\",\"itemListElement\":[{\"@type\":\"ListItem\",\"position\":1,\"name\":\"Hauptseite\",\"item\":\"https:\\\/\\\/www.teltat.fi\\\/de\\\/nopsa-popup-zelte-und-zubehoer\\\/\"},{\"@type\":\"ListItem\",\"position\":2,\"name\":\"Laden\",\"item\":\"https:\\\/\\\/www.teltat.fi\\\/de\\\/laden\\\/\"},{\"@type\":\"ListItem\",\"position\":3,\"name\":\"1,25x2m Lambert halber Sonnenschirm\"}]},{\"@type\":\"WebSite\",\"@id\":\"https:\\\/\\\/www.teltat.fi\\\/de\\\/#website\",\"url\":\"https:\\\/\\\/www.teltat.fi\\\/de\\\/\",\"name\":\"Nopsa\",\"description\":\"Pop-up teltat ja tarvikkeet kaikkiin tapahtumiin\",\"publisher\":{\"@id\":\"https:\\\/\\\/www.teltat.fi\\\/de\\\/#organization\"},\"alternateName\":\"Nopsa popup teltat\",\"potentialAction\":[{\"@type\":\"SearchAction\",\"target\":{\"@type\":\"EntryPoint\",\"urlTemplate\":\"https:\\\/\\\/www.teltat.fi\\\/de\\\/?s={search_term_string}\"},\"query-input\":{\"@type\":\"PropertyValueSpecification\",\"valueRequired\":true,\"valueName\":\"search_term_string\"}}],\"inLanguage\":\"de\"},{\"@type\":\"Organization\",\"@id\":\"https:\\\/\\\/www.teltat.fi\\\/de\\\/#organization\",\"name\":\"www.teltat.fi\",\"alternateName\":\"Nopsa Pop-up-Zelte und Zubeh\u00f6r\",\"url\":\"https:\\\/\\\/www.teltat.fi\\\/de\\\/\",\"logo\":{\"@type\":\"ImageObject\",\"inLanguage\":\"de\",\"@id\":\"https:\\\/\\\/www.teltat.fi\\\/de\\\/#\\\/schema\\\/logo\\\/image\\\/\",\"url\":\"https:\\\/\\\/www.teltat.fi\\\/wp-content\\\/uploads\\\/2025\\\/03\\\/Nopsa-logo-white-no-circle-RGB.svg\",\"contentUrl\":\"https:\\\/\\\/www.teltat.fi\\\/wp-content\\\/uploads\\\/2025\\\/03\\\/Nopsa-logo-white-no-circle-RGB.svg\",\"width\":1080,\"height\":548,\"caption\":\"www.teltat.fi\"},\"image\":{\"@id\":\"https:\\\/\\\/www.teltat.fi\\\/de\\\/#\\\/schema\\\/logo\\\/image\\\/\"},\"sameAs\":[\"https:\\\/\\\/www.facebook.com\\\/teltat.fi\\\/\"],\"email\":\"myynti@teltat.fi\",\"telephone\":\"+358105260424\",\"foundingDate\":\"1994-05-18\",\"vatID\":\"FI09519220\",\"numberOfEmployees\":{\"@type\":\"QuantitativeValue\",\"minValue\":\"1\",\"maxValue\":\"10\"}}]}<\/script>\n<!-- \/ Yoast SEO Premium plugin. -->","yoast_head_json":{"title":"1,25x2m Lambert halber Sonnenschirm","robots":{"index":"index","follow":"follow","max-snippet":"max-snippet:-1","max-image-preview":"max-image-preview:large","max-video-preview":"max-video-preview:-1"},"canonical":"https:\/\/www.teltat.fi\/de\/produkt\/125x2m-lambert-halber-sonnenschirm\/","og_locale":"de_DE","og_type":"article","og_title":"1,25x2m Lambert halber Sonnenschirm","og_description":"Farboptionen f\u00fcr synthetische Stoffe: Diese Schatten sind Auftragsfertigungen und werden nach Kundenwunsch direkt beim Hersteller bestellt. Die voraussichtliche Lieferzeit f\u00fcr den Schirm betr\u00e4gt 2-5 Wochen. Wir haben ein paar verschiedene Farben und Gr\u00f6\u00dfen in unserem Demobestand verf\u00fcgbar, sehen Sie sich diese unter \u201eAuf Lager\u201c an! &nbsp; Lambert-Jalousien wurden vor 25 Jahren entwickelt und auf den Markt gebracht. Heute geh\u00f6ren Schatten zum Standard deutscher Marktveranstaltungen. Gr\u00fcnde f\u00fcr die Beliebtheit der Lambert-Sonnenschirme: Stoff aus hochwertigen Materialien, stabiler Rahmen mit 8 Dachstreben aus starken F38-Aluminiumstreben mit feuerverzinkten Spiralfedern (rostfrei), Gelenkteile aus glasfaserverst\u00e4rktem Kunststoff, Stange aus hochfestem, poliertem Stahl, 35 x 2,5 mm Federaufh\u00e4ngung aus rostfreiem Stahl, die daf\u00fcr sorgt, dass der Schirm offen bleibt. F\u00fcr den Varjo ist au\u00dferdem eine gro\u00dfe Auswahl an Zubeh\u00f6r erh\u00e4ltlich. Packungsinhalt: 1,25 x 2 m synthetisches Gewebe Schattenfugenrahmen mit 8 Rippen Tragetasche Merkmale: Der Schirm ist aus Einzelteilen zusammengesetzt und im Schadensfall ist der Austausch einzelner besch\u00e4digter Teile m\u00f6glich. Schnell einzurichten Bitte beachten Sie, dass Schirmsockel, Gewichte und weiteres Zubeh\u00f6r separat erh\u00e4ltlich sind. Stoffeigenschaften: Synthetikgewebe ist ein einseitig beschichtetes Gewebe. Gewicht: 195 g\/m\u00b2, Anti-Schimmel-behandelt. Das Vordach ist am Dach und an den N\u00e4hten vollst\u00e4ndig wasserdicht. Bei st\u00e4rkerem Regen kann es an den Verst\u00e4rkungsstreifen, insbesondere am Randstreifen des Daches (bei H\u00e4nged\u00e4chern im Bereich der D-Ringe), zu Wassertropfenbildung kommen. Vorteile der Stoff nimmt kein Wasser auf wird nicht leicht schmutzig hohe Lichtbest\u00e4ndigkeit kann mit Wasser und\/oder Reinigungsmittel gewaschen werden Nachteile Bei geschlossenem Verkaufsdach und Temperaturunterschieden zwischen Innen- und Au\u00dfentemperatur entsteht Schwitzwasser","og_url":"https:\/\/www.teltat.fi\/de\/produkt\/125x2m-lambert-halber-sonnenschirm\/","og_site_name":"Nopsa","article_publisher":"https:\/\/www.facebook.com\/teltat.fi\/","og_image":[{"width":1000,"height":1000,"url":"https:\/\/i0.wp.com\/dev.teltat.fi\/wp-content\/uploads\/2023\/02\/Puolikasvarjo1.jpg?fit=1000%2C1000&ssl=1","type":"image\/jpeg"}],"twitter_card":"summary_large_image","twitter_misc":{"Gesch\u00e4tzte Lesezeit":"1\u00a0Minute"},"schema":{"@context":"https:\/\/schema.org","@graph":[{"@type":["WebPage","ItemPage"],"@id":"https:\/\/www.teltat.fi\/de\/produkt\/125x2m-lambert-halber-sonnenschirm\/","url":"https:\/\/www.teltat.fi\/de\/produkt\/125x2m-lambert-halber-sonnenschirm\/","name":"1,25x2m Lambert halber Sonnenschirm","isPartOf":{"@id":"https:\/\/www.teltat.fi\/de\/#website"},"primaryImageOfPage":{"@id":"https:\/\/www.teltat.fi\/de\/produkt\/125x2m-lambert-halber-sonnenschirm\/#primaryimage"},"image":{"@id":"https:\/\/www.teltat.fi\/de\/produkt\/125x2m-lambert-halber-sonnenschirm\/#primaryimage"},"thumbnailUrl":"https:\/\/www.teltat.fi\/wp-content\/uploads\/2023\/02\/Puolikasvarjo1.jpg","datePublished":"2023-02-08T10:17:18+00:00","breadcrumb":{"@id":"https:\/\/www.teltat.fi\/de\/produkt\/125x2m-lambert-halber-sonnenschirm\/#breadcrumb"},"inLanguage":"de","potentialAction":[{"@type":"ReadAction","target":["https:\/\/www.teltat.fi\/de\/produkt\/125x2m-lambert-halber-sonnenschirm\/"]}]},{"@type":"ImageObject","inLanguage":"de","@id":"https:\/\/www.teltat.fi\/de\/produkt\/125x2m-lambert-halber-sonnenschirm\/#primaryimage","url":"https:\/\/www.teltat.fi\/wp-content\/uploads\/2023\/02\/Puolikasvarjo1.jpg","contentUrl":"https:\/\/www.teltat.fi\/wp-content\/uploads\/2023\/02\/Puolikasvarjo1.jpg","width":1000,"height":1000},{"@type":"BreadcrumbList","@id":"https:\/\/www.teltat.fi\/de\/produkt\/125x2m-lambert-halber-sonnenschirm\/#breadcrumb","itemListElement":[{"@type":"ListItem","position":1,"name":"Hauptseite","item":"https:\/\/www.teltat.fi\/de\/nopsa-popup-zelte-und-zubehoer\/"},{"@type":"ListItem","position":2,"name":"Laden","item":"https:\/\/www.teltat.fi\/de\/laden\/"},{"@type":"ListItem","position":3,"name":"1,25x2m Lambert halber Sonnenschirm"}]},{"@type":"WebSite","@id":"https:\/\/www.teltat.fi\/de\/#website","url":"https:\/\/www.teltat.fi\/de\/","name":"Nopsa","description":"Pop-up teltat ja tarvikkeet kaikkiin tapahtumiin","publisher":{"@id":"https:\/\/www.teltat.fi\/de\/#organization"},"alternateName":"Nopsa popup teltat","potentialAction":[{"@type":"SearchAction","target":{"@type":"EntryPoint","urlTemplate":"https:\/\/www.teltat.fi\/de\/?s={search_term_string}"},"query-input":{"@type":"PropertyValueSpecification","valueRequired":true,"valueName":"search_term_string"}}],"inLanguage":"de"},{"@type":"Organization","@id":"https:\/\/www.teltat.fi\/de\/#organization","name":"www.teltat.fi","alternateName":"Nopsa Pop-up-Zelte und Zubeh\u00f6r","url":"https:\/\/www.teltat.fi\/de\/","logo":{"@type":"ImageObject","inLanguage":"de","@id":"https:\/\/www.teltat.fi\/de\/#\/schema\/logo\/image\/","url":"https:\/\/www.teltat.fi\/wp-content\/uploads\/2025\/03\/Nopsa-logo-white-no-circle-RGB.svg","contentUrl":"https:\/\/www.teltat.fi\/wp-content\/uploads\/2025\/03\/Nopsa-logo-white-no-circle-RGB.svg","width":1080,"height":548,"caption":"www.teltat.fi"},"image":{"@id":"https:\/\/www.teltat.fi\/de\/#\/schema\/logo\/image\/"},"sameAs":["https:\/\/www.facebook.com\/teltat.fi\/"],"email":"myynti@teltat.fi","telephone":"+358105260424","foundingDate":"1994-05-18","vatID":"FI09519220","numberOfEmployees":{"@type":"QuantitativeValue","minValue":"1","maxValue":"10"}}]}},"_links":{"self":[{"href":"https:\/\/www.teltat.fi\/de\/wp-json\/wp\/v2\/product\/24124","targetHints":{"allow":["GET"]}}],"collection":[{"href":"https:\/\/www.teltat.fi\/de\/wp-json\/wp\/v2\/product"}],"about":[{"href":"https:\/\/www.teltat.fi\/de\/wp-json\/wp\/v2\/types\/product"}],"version-history":[{"count":0,"href":"https:\/\/www.teltat.fi\/de\/wp-json\/wp\/v2\/product\/24124\/revisions"}],"wp:featuredmedia":[{"embeddable":true,"href":"https:\/\/www.teltat.fi\/de\/wp-json\/wp\/v2\/media\/21270"}],"wp:attachment":[{"href":"https:\/\/www.teltat.fi\/de\/wp-json\/wp\/v2\/media?parent=24124"}],"wp:term":[{"taxonomy":"product_brand","embeddable":true,"href":"https:\/\/www.teltat.fi\/de\/wp-json\/wp\/v2\/product_brand?post=24124"},{"taxonomy":"product_cat","embeddable":true,"href":"https:\/\/www.teltat.fi\/de\/wp-json\/wp\/v2\/product_cat?post=24124"},{"taxonomy":"product_tag","embeddable":true,"href":"https:\/\/www.teltat.fi\/de\/wp-json\/wp\/v2\/product_tag?post=24124"}],"curies":[{"name":"wp","href":"https:\/\/api.w.org\/{rel}","templated":true}]}}