{"id":24410,"date":"2023-02-08T13:07:37","date_gmt":"2023-02-08T10:07:37","guid":{"rendered":"https:\/\/www.teltat.fi\/tuote\/nopsa-3x45m-wandpaket\/"},"modified":"2023-02-08T13:18:37","modified_gmt":"2023-02-08T10:18:37","slug":"nopsa-3x45m-wandpaket","status":"publish","type":"product","link":"https:\/\/www.teltat.fi\/de\/produkt\/nopsa-3x45m-wandpaket\/","title":{"rendered":"Nopsa 3&#215;4,5m Wandpaket"},"content":{"rendered":"<p>Das Nopsa-Wandpaket umfasst 4 W\u00e4nde Ihrer Wahl an allen Seiten des Zeltes. Sie k\u00f6nnen so viele W\u00e4nde anbringen, wie Sie m\u00f6chten, je nach Situation. Die W\u00e4nde k\u00f6nnen mit Rei\u00dfverschl\u00fcssen an den Kanten miteinander verbunden werden, wodurch das Zelt dicht verschlossen werden kann.  <\/p>\n<ul>\n<li>Einfache und sichere Befestigung mit 50 mm breiten Klettb\u00e4ndern<\/li>\n<li>Robuste Rei\u00dfverschl\u00fcsse an den R\u00e4ndern<\/li>\n<li>Wandgewebe 100 % wasserdicht, schmutzabweisend PVC-beschichtetes 500D Polyester<\/li>\n<li>Schwerentflammbar B1 DIN 4102-1<\/li>\n<li>Tragetasche<\/li>\n<\/ul>\n<h5><strong>Paketoptionen:<\/strong><\/h5>\n<ol>\n<li>4 St\u00fcck Vollw\u00e4nde<\/li>\n<li>3 St\u00fcck Vollw\u00e4nde und 1 Bogenfensterwand<\/li>\n<li>3 St\u00fcck Vollw\u00e4nde ja 1 kpl T\u00fcrwand<\/li>\n<li>2 St\u00fcck Vollw\u00e4nde, 1 Bogenfensterwand und 1 T\u00fcrwand<\/li>\n<\/ol>\n","protected":false},"excerpt":{"rendered":"<p>Das Nopsa-Wandpaket umfasst 4 W\u00e4nde Ihrer Wahl an allen Seiten des Zeltes. Sie k\u00f6nnen so viele W\u00e4nde anbringen, wie Sie m\u00f6chten, je nach Situation. Die W\u00e4nde k\u00f6nnen mit Rei\u00dfverschl\u00fcssen an den Kanten miteinander verbunden werden, wodurch das Zelt dicht verschlossen werden kann. Einfache und sichere Befestigung mit 50 mm breiten Klettb\u00e4ndern Robuste Rei\u00dfverschl\u00fcsse an den R\u00e4ndern Wandgewebe 100 % wasserdicht, schmutzabweisend PVC-beschichtetes 500D Polyester Schwerentflammbar B1 DIN 4102-1 Tragetasche Paketoptionen: 4 St\u00fcck Vollw\u00e4nde 3 St\u00fcck Vollw\u00e4nde und 1 Bogenfensterwand 3 St\u00fcck Vollw\u00e4nde ja 1 kpl T\u00fcrwand 2 St\u00fcck Vollw\u00e4nde, 1 Bogenfensterwand und 1 T\u00fcrwand<\/p>\n","protected":false},"featured_media":21472,"template":"","meta":{"_acf_changed":false,"_eb_attr":"","site-sidebar-layout":"default","site-content-layout":"","ast-site-content-layout":"default","site-content-style":"default","site-sidebar-style":"default","ast-global-header-display":"","ast-banner-title-visibility":"","ast-main-header-display":"","ast-hfb-above-header-display":"","ast-hfb-below-header-display":"","ast-hfb-mobile-header-display":"","site-post-title":"","ast-breadcrumbs-content":"","ast-featured-img":"","footer-sml-layout":"","ast-disable-related-posts":"","theme-transparent-header-meta":"default","adv-header-id-meta":"","stick-header-meta":"","header-above-stick-meta":"","header-main-stick-meta":"","header-below-stick-meta":"","astra-migrate-meta-layouts":"default","ast-page-background-enabled":"default","ast-page-background-meta":{"desktop":{"background-color":"var(--ast-global-color-5)","background-image":"","background-repeat":"repeat","background-position":"center center","background-size":"auto","background-attachment":"scroll","background-type":"","background-media":"","overlay-type":"","overlay-color":"","overlay-opacity":"","overlay-gradient":""},"tablet":{"background-color":"","background-image":"","background-repeat":"repeat","background-position":"center center","background-size":"auto","background-attachment":"scroll","background-type":"","background-media":"","overlay-type":"","overlay-color":"","overlay-opacity":"","overlay-gradient":""},"mobile":{"background-color":"","background-image":"","background-repeat":"repeat","background-position":"center center","background-size":"auto","background-attachment":"scroll","background-type":"","background-media":"","overlay-type":"","overlay-color":"","overlay-opacity":"","overlay-gradient":""}},"ast-content-background-meta":{"desktop":{"background-color":"var(--ast-global-color-4)","background-image":"","background-repeat":"repeat","background-position":"center center","background-size":"auto","background-attachment":"scroll","background-type":"","background-media":"","overlay-type":"","overlay-color":"","overlay-opacity":"","overlay-gradient":""},"tablet":{"background-color":"var(--ast-global-color-4)","background-image":"","background-repeat":"repeat","background-position":"center center","background-size":"auto","background-attachment":"scroll","background-type":"","background-media":"","overlay-type":"","overlay-color":"","overlay-opacity":"","overlay-gradient":""},"mobile":{"background-color":"var(--ast-global-color-4)","background-image":"","background-repeat":"repeat","background-position":"center center","background-size":"auto","background-attachment":"scroll","background-type":"","background-media":"","overlay-type":"","overlay-color":"","overlay-opacity":"","overlay-gradient":""}}},"product_brand":[],"product_cat":[408,330,412],"product_tag":[],"class_list":{"0":"post-24410","1":"product","2":"type-product","3":"status-publish","4":"has-post-thumbnail","6":"product_cat-wandpakete-wande","7":"product_cat-wandpakete","8":"product_cat-wandpakete-fur-zelte","9":"desktop-align-left","10":"tablet-align-left","11":"mobile-align-left","13":"first","14":"instock","15":"sale","16":"taxable","17":"shipping-taxable","18":"purchasable","19":"product-type-variable"},"acf":[],"yoast_head":"<!-- This site is optimized with the Yoast SEO Premium plugin v24.5 (Yoast SEO v27.4) - https:\/\/yoast.com\/product\/yoast-seo-premium-wordpress\/ -->\n<title>Nopsa 3x4,5m Wandpaket<\/title>\n<meta name=\"robots\" content=\"index, follow, max-snippet:-1, max-image-preview:large, max-video-preview:-1\" \/>\n<link rel=\"canonical\" href=\"https:\/\/www.teltat.fi\/de\/produkt\/nopsa-3x45m-wandpaket\/\" \/>\n<meta property=\"og:locale\" content=\"de_DE\" \/>\n<meta property=\"og:type\" content=\"article\" \/>\n<meta property=\"og:title\" content=\"Nopsa 3x4,5m Wandpaket\" \/>\n<meta property=\"og:description\" content=\"Das Nopsa-Wandpaket umfasst 4 W\u00e4nde Ihrer Wahl an allen Seiten des Zeltes. Sie k\u00f6nnen so viele W\u00e4nde anbringen, wie Sie m\u00f6chten, je nach Situation. Die W\u00e4nde k\u00f6nnen mit Rei\u00dfverschl\u00fcssen an den Kanten miteinander verbunden werden, wodurch das Zelt dicht verschlossen werden kann. Einfache und sichere Befestigung mit 50 mm breiten Klettb\u00e4ndern Robuste Rei\u00dfverschl\u00fcsse an den R\u00e4ndern Wandgewebe 100 % wasserdicht, schmutzabweisend PVC-beschichtetes 500D Polyester Schwerentflammbar B1 DIN 4102-1 Tragetasche Paketoptionen: 4 St\u00fcck Vollw\u00e4nde 3 St\u00fcck Vollw\u00e4nde und 1 Bogenfensterwand 3 St\u00fcck Vollw\u00e4nde ja 1 kpl T\u00fcrwand 2 St\u00fcck Vollw\u00e4nde, 1 Bogenfensterwand und 1 T\u00fcrwand\" \/>\n<meta property=\"og:url\" content=\"https:\/\/www.teltat.fi\/de\/produkt\/nopsa-3x45m-wandpaket\/\" \/>\n<meta property=\"og:site_name\" content=\"Nopsa\" \/>\n<meta property=\"article:publisher\" content=\"https:\/\/www.facebook.com\/teltat.fi\/\" \/>\n<meta property=\"article:modified_time\" content=\"2023-02-08T10:18:37+00:00\" \/>\n<meta property=\"og:image\" content=\"https:\/\/www.teltat.fi\/wp-content\/uploads\/2023\/02\/seinat-yleis.jpg\" \/>\n\t<meta property=\"og:image:width\" content=\"850\" \/>\n\t<meta property=\"og:image:height\" content=\"850\" \/>\n\t<meta property=\"og:image:type\" content=\"image\/jpeg\" \/>\n<meta name=\"twitter:card\" content=\"summary_large_image\" \/>\n<meta name=\"twitter:label1\" content=\"Gesch\u00e4tzte Lesezeit\" \/>\n\t<meta name=\"twitter:data1\" content=\"1\u00a0Minute\" \/>\n<script type=\"application\/ld+json\" class=\"yoast-schema-graph\">{\"@context\":\"https:\\\/\\\/schema.org\",\"@graph\":[{\"@type\":[\"WebPage\",\"ItemPage\"],\"@id\":\"https:\\\/\\\/www.teltat.fi\\\/de\\\/produkt\\\/nopsa-3x45m-wandpaket\\\/\",\"url\":\"https:\\\/\\\/www.teltat.fi\\\/de\\\/produkt\\\/nopsa-3x45m-wandpaket\\\/\",\"name\":\"Nopsa 3x4,5m Wandpaket\",\"isPartOf\":{\"@id\":\"https:\\\/\\\/www.teltat.fi\\\/de\\\/#website\"},\"primaryImageOfPage\":{\"@id\":\"https:\\\/\\\/www.teltat.fi\\\/de\\\/produkt\\\/nopsa-3x45m-wandpaket\\\/#primaryimage\"},\"image\":{\"@id\":\"https:\\\/\\\/www.teltat.fi\\\/de\\\/produkt\\\/nopsa-3x45m-wandpaket\\\/#primaryimage\"},\"thumbnailUrl\":\"https:\\\/\\\/www.teltat.fi\\\/wp-content\\\/uploads\\\/2023\\\/02\\\/seinat-yleis.jpg\",\"datePublished\":\"2023-02-08T10:07:37+00:00\",\"dateModified\":\"2023-02-08T10:18:37+00:00\",\"breadcrumb\":{\"@id\":\"https:\\\/\\\/www.teltat.fi\\\/de\\\/produkt\\\/nopsa-3x45m-wandpaket\\\/#breadcrumb\"},\"inLanguage\":\"de\",\"potentialAction\":[{\"@type\":\"ReadAction\",\"target\":[\"https:\\\/\\\/www.teltat.fi\\\/de\\\/produkt\\\/nopsa-3x45m-wandpaket\\\/\"]}]},{\"@type\":\"ImageObject\",\"inLanguage\":\"de\",\"@id\":\"https:\\\/\\\/www.teltat.fi\\\/de\\\/produkt\\\/nopsa-3x45m-wandpaket\\\/#primaryimage\",\"url\":\"https:\\\/\\\/www.teltat.fi\\\/wp-content\\\/uploads\\\/2023\\\/02\\\/seinat-yleis.jpg\",\"contentUrl\":\"https:\\\/\\\/www.teltat.fi\\\/wp-content\\\/uploads\\\/2023\\\/02\\\/seinat-yleis.jpg\",\"width\":850,\"height\":850,\"caption\":\"W\u00e4nde allgemein\"},{\"@type\":\"BreadcrumbList\",\"@id\":\"https:\\\/\\\/www.teltat.fi\\\/de\\\/produkt\\\/nopsa-3x45m-wandpaket\\\/#breadcrumb\",\"itemListElement\":[{\"@type\":\"ListItem\",\"position\":1,\"name\":\"Hauptseite\",\"item\":\"https:\\\/\\\/www.teltat.fi\\\/de\\\/nopsa-popup-zelte-und-zubehoer\\\/\"},{\"@type\":\"ListItem\",\"position\":2,\"name\":\"Laden\",\"item\":\"https:\\\/\\\/www.teltat.fi\\\/de\\\/laden\\\/\"},{\"@type\":\"ListItem\",\"position\":3,\"name\":\"POP-UP \\\/ FALTZELTE\",\"item\":\"https:\\\/\\\/www.teltat.fi\\\/de\\\/produktkategorie\\\/pop-up-faltzelte\\\/\"},{\"@type\":\"ListItem\",\"position\":4,\"name\":\"Wandpakete\",\"item\":\"https:\\\/\\\/www.teltat.fi\\\/de\\\/produktkategorie\\\/pop-up-faltzelte\\\/wandpakete\\\/\"},{\"@type\":\"ListItem\",\"position\":5,\"name\":\"Nopsa 3&#215;4,5m Wandpaket\"}]},{\"@type\":\"WebSite\",\"@id\":\"https:\\\/\\\/www.teltat.fi\\\/de\\\/#website\",\"url\":\"https:\\\/\\\/www.teltat.fi\\\/de\\\/\",\"name\":\"Nopsa\",\"description\":\"Pop-up teltat ja tarvikkeet kaikkiin tapahtumiin\",\"publisher\":{\"@id\":\"https:\\\/\\\/www.teltat.fi\\\/de\\\/#organization\"},\"alternateName\":\"Nopsa popup teltat\",\"potentialAction\":[{\"@type\":\"SearchAction\",\"target\":{\"@type\":\"EntryPoint\",\"urlTemplate\":\"https:\\\/\\\/www.teltat.fi\\\/de\\\/?s={search_term_string}\"},\"query-input\":{\"@type\":\"PropertyValueSpecification\",\"valueRequired\":true,\"valueName\":\"search_term_string\"}}],\"inLanguage\":\"de\"},{\"@type\":\"Organization\",\"@id\":\"https:\\\/\\\/www.teltat.fi\\\/de\\\/#organization\",\"name\":\"www.teltat.fi\",\"alternateName\":\"Nopsa Pop-up-Zelte und Zubeh\u00f6r\",\"url\":\"https:\\\/\\\/www.teltat.fi\\\/de\\\/\",\"logo\":{\"@type\":\"ImageObject\",\"inLanguage\":\"de\",\"@id\":\"https:\\\/\\\/www.teltat.fi\\\/de\\\/#\\\/schema\\\/logo\\\/image\\\/\",\"url\":\"https:\\\/\\\/www.teltat.fi\\\/wp-content\\\/uploads\\\/2025\\\/03\\\/Nopsa-logo-white-no-circle-RGB.svg\",\"contentUrl\":\"https:\\\/\\\/www.teltat.fi\\\/wp-content\\\/uploads\\\/2025\\\/03\\\/Nopsa-logo-white-no-circle-RGB.svg\",\"width\":1080,\"height\":548,\"caption\":\"www.teltat.fi\"},\"image\":{\"@id\":\"https:\\\/\\\/www.teltat.fi\\\/de\\\/#\\\/schema\\\/logo\\\/image\\\/\"},\"sameAs\":[\"https:\\\/\\\/www.facebook.com\\\/teltat.fi\\\/\"],\"email\":\"myynti@teltat.fi\",\"telephone\":\"+358105260424\",\"foundingDate\":\"1994-05-18\",\"vatID\":\"FI09519220\",\"numberOfEmployees\":{\"@type\":\"QuantitativeValue\",\"minValue\":\"1\",\"maxValue\":\"10\"}}]}<\/script>\n<!-- \/ Yoast SEO Premium plugin. -->","yoast_head_json":{"title":"Nopsa 3x4,5m Wandpaket","robots":{"index":"index","follow":"follow","max-snippet":"max-snippet:-1","max-image-preview":"max-image-preview:large","max-video-preview":"max-video-preview:-1"},"canonical":"https:\/\/www.teltat.fi\/de\/produkt\/nopsa-3x45m-wandpaket\/","og_locale":"de_DE","og_type":"article","og_title":"Nopsa 3x4,5m Wandpaket","og_description":"Das Nopsa-Wandpaket umfasst 4 W\u00e4nde Ihrer Wahl an allen Seiten des Zeltes. Sie k\u00f6nnen so viele W\u00e4nde anbringen, wie Sie m\u00f6chten, je nach Situation. Die W\u00e4nde k\u00f6nnen mit Rei\u00dfverschl\u00fcssen an den Kanten miteinander verbunden werden, wodurch das Zelt dicht verschlossen werden kann. Einfache und sichere Befestigung mit 50 mm breiten Klettb\u00e4ndern Robuste Rei\u00dfverschl\u00fcsse an den R\u00e4ndern Wandgewebe 100 % wasserdicht, schmutzabweisend PVC-beschichtetes 500D Polyester Schwerentflammbar B1 DIN 4102-1 Tragetasche Paketoptionen: 4 St\u00fcck Vollw\u00e4nde 3 St\u00fcck Vollw\u00e4nde und 1 Bogenfensterwand 3 St\u00fcck Vollw\u00e4nde ja 1 kpl T\u00fcrwand 2 St\u00fcck Vollw\u00e4nde, 1 Bogenfensterwand und 1 T\u00fcrwand","og_url":"https:\/\/www.teltat.fi\/de\/produkt\/nopsa-3x45m-wandpaket\/","og_site_name":"Nopsa","article_publisher":"https:\/\/www.facebook.com\/teltat.fi\/","article_modified_time":"2023-02-08T10:18:37+00:00","og_image":[{"width":850,"height":850,"url":"https:\/\/www.teltat.fi\/wp-content\/uploads\/2023\/02\/seinat-yleis.jpg","type":"image\/jpeg"}],"twitter_card":"summary_large_image","twitter_misc":{"Gesch\u00e4tzte Lesezeit":"1\u00a0Minute"},"schema":{"@context":"https:\/\/schema.org","@graph":[{"@type":["WebPage","ItemPage"],"@id":"https:\/\/www.teltat.fi\/de\/produkt\/nopsa-3x45m-wandpaket\/","url":"https:\/\/www.teltat.fi\/de\/produkt\/nopsa-3x45m-wandpaket\/","name":"Nopsa 3x4,5m Wandpaket","isPartOf":{"@id":"https:\/\/www.teltat.fi\/de\/#website"},"primaryImageOfPage":{"@id":"https:\/\/www.teltat.fi\/de\/produkt\/nopsa-3x45m-wandpaket\/#primaryimage"},"image":{"@id":"https:\/\/www.teltat.fi\/de\/produkt\/nopsa-3x45m-wandpaket\/#primaryimage"},"thumbnailUrl":"https:\/\/www.teltat.fi\/wp-content\/uploads\/2023\/02\/seinat-yleis.jpg","datePublished":"2023-02-08T10:07:37+00:00","dateModified":"2023-02-08T10:18:37+00:00","breadcrumb":{"@id":"https:\/\/www.teltat.fi\/de\/produkt\/nopsa-3x45m-wandpaket\/#breadcrumb"},"inLanguage":"de","potentialAction":[{"@type":"ReadAction","target":["https:\/\/www.teltat.fi\/de\/produkt\/nopsa-3x45m-wandpaket\/"]}]},{"@type":"ImageObject","inLanguage":"de","@id":"https:\/\/www.teltat.fi\/de\/produkt\/nopsa-3x45m-wandpaket\/#primaryimage","url":"https:\/\/www.teltat.fi\/wp-content\/uploads\/2023\/02\/seinat-yleis.jpg","contentUrl":"https:\/\/www.teltat.fi\/wp-content\/uploads\/2023\/02\/seinat-yleis.jpg","width":850,"height":850,"caption":"W\u00e4nde allgemein"},{"@type":"BreadcrumbList","@id":"https:\/\/www.teltat.fi\/de\/produkt\/nopsa-3x45m-wandpaket\/#breadcrumb","itemListElement":[{"@type":"ListItem","position":1,"name":"Hauptseite","item":"https:\/\/www.teltat.fi\/de\/nopsa-popup-zelte-und-zubehoer\/"},{"@type":"ListItem","position":2,"name":"Laden","item":"https:\/\/www.teltat.fi\/de\/laden\/"},{"@type":"ListItem","position":3,"name":"POP-UP \/ FALTZELTE","item":"https:\/\/www.teltat.fi\/de\/produktkategorie\/pop-up-faltzelte\/"},{"@type":"ListItem","position":4,"name":"Wandpakete","item":"https:\/\/www.teltat.fi\/de\/produktkategorie\/pop-up-faltzelte\/wandpakete\/"},{"@type":"ListItem","position":5,"name":"Nopsa 3&#215;4,5m Wandpaket"}]},{"@type":"WebSite","@id":"https:\/\/www.teltat.fi\/de\/#website","url":"https:\/\/www.teltat.fi\/de\/","name":"Nopsa","description":"Pop-up teltat ja tarvikkeet kaikkiin tapahtumiin","publisher":{"@id":"https:\/\/www.teltat.fi\/de\/#organization"},"alternateName":"Nopsa popup teltat","potentialAction":[{"@type":"SearchAction","target":{"@type":"EntryPoint","urlTemplate":"https:\/\/www.teltat.fi\/de\/?s={search_term_string}"},"query-input":{"@type":"PropertyValueSpecification","valueRequired":true,"valueName":"search_term_string"}}],"inLanguage":"de"},{"@type":"Organization","@id":"https:\/\/www.teltat.fi\/de\/#organization","name":"www.teltat.fi","alternateName":"Nopsa Pop-up-Zelte und Zubeh\u00f6r","url":"https:\/\/www.teltat.fi\/de\/","logo":{"@type":"ImageObject","inLanguage":"de","@id":"https:\/\/www.teltat.fi\/de\/#\/schema\/logo\/image\/","url":"https:\/\/www.teltat.fi\/wp-content\/uploads\/2025\/03\/Nopsa-logo-white-no-circle-RGB.svg","contentUrl":"https:\/\/www.teltat.fi\/wp-content\/uploads\/2025\/03\/Nopsa-logo-white-no-circle-RGB.svg","width":1080,"height":548,"caption":"www.teltat.fi"},"image":{"@id":"https:\/\/www.teltat.fi\/de\/#\/schema\/logo\/image\/"},"sameAs":["https:\/\/www.facebook.com\/teltat.fi\/"],"email":"myynti@teltat.fi","telephone":"+358105260424","foundingDate":"1994-05-18","vatID":"FI09519220","numberOfEmployees":{"@type":"QuantitativeValue","minValue":"1","maxValue":"10"}}]}},"_links":{"self":[{"href":"https:\/\/www.teltat.fi\/de\/wp-json\/wp\/v2\/product\/24410","targetHints":{"allow":["GET"]}}],"collection":[{"href":"https:\/\/www.teltat.fi\/de\/wp-json\/wp\/v2\/product"}],"about":[{"href":"https:\/\/www.teltat.fi\/de\/wp-json\/wp\/v2\/types\/product"}],"version-history":[{"count":0,"href":"https:\/\/www.teltat.fi\/de\/wp-json\/wp\/v2\/product\/24410\/revisions"}],"wp:featuredmedia":[{"embeddable":true,"href":"https:\/\/www.teltat.fi\/de\/wp-json\/wp\/v2\/media\/21472"}],"wp:attachment":[{"href":"https:\/\/www.teltat.fi\/de\/wp-json\/wp\/v2\/media?parent=24410"}],"wp:term":[{"taxonomy":"product_brand","embeddable":true,"href":"https:\/\/www.teltat.fi\/de\/wp-json\/wp\/v2\/product_brand?post=24410"},{"taxonomy":"product_cat","embeddable":true,"href":"https:\/\/www.teltat.fi\/de\/wp-json\/wp\/v2\/product_cat?post=24410"},{"taxonomy":"product_tag","embeddable":true,"href":"https:\/\/www.teltat.fi\/de\/wp-json\/wp\/v2\/product_tag?post=24410"}],"curies":[{"name":"wp","href":"https:\/\/api.w.org\/{rel}","templated":true}]}}