{"id":24680,"date":"2023-02-08T15:18:21","date_gmt":"2023-02-08T13:18:21","guid":{"rendered":"https:\/\/www.teltat.fi\/tuote\/nopsa-metallgewicht-rund-30kg\/"},"modified":"2023-02-08T13:18:21","modified_gmt":"2023-02-08T10:18:21","slug":"nopsa-metallgewicht-rund-30kg","status":"publish","type":"product","link":"https:\/\/www.teltat.fi\/de\/produkt\/nopsa-metallgewicht-rund-30kg\/","title":{"rendered":"Nopsa Metallgewicht rund 30kg"},"content":{"rendered":"<p>Wenn Sie Ihr Zelt auf einem harten Untergrund (z. B. Asphalt) aufbauen und keine Erdn\u00e4gel verwenden k\u00f6nnen, ben\u00f6tigen Sie Gewichte. Das Metallgewicht l\u00e4sst sich einfach an der Unterseite der Zeltbeine anbringen. Dank der geformten Tragegriffe sind die Gewichte leicht zu transportieren.  <\/p>\n<h2>Produktmerkmale<\/h2>\n<ul>\n<li>Passend f\u00fcr alle unsere Pop-up-Zelte<\/li>\n<li>Gewicht 30kg<\/li>\n<li>Einfacher Transport dank Tragegriffen<\/li>\n<li>\u00dcbereinander stapelbar<\/li>\n<li>Empfehlung: mindestens 4-8 St\u00fcck\/Zelt<\/li>\n<\/ul>\n","protected":false},"excerpt":{"rendered":"<p>Wenn Sie Ihr Zelt auf einem harten Untergrund (z. B. Asphalt) aufbauen und keine Erdn\u00e4gel verwenden k\u00f6nnen, ben\u00f6tigen Sie Gewichte. Das Metallgewicht l\u00e4sst sich einfach an der Unterseite der Zeltbeine anbringen. Dank der geformten Tragegriffe sind die Gewichte leicht zu transportieren. Produktmerkmale Passend f\u00fcr alle unsere Pop-up-Zelte Gewicht 30kg Einfacher Transport dank Tragegriffen \u00dcbereinander stapelbar Empfehlung: mindestens 4-8 St\u00fcck\/Zelt<\/p>\n","protected":false},"featured_media":21402,"template":"","meta":{"_acf_changed":false,"site-sidebar-layout":"default","site-content-layout":"","ast-site-content-layout":"default","site-content-style":"default","site-sidebar-style":"default","ast-global-header-display":"","ast-banner-title-visibility":"","ast-main-header-display":"","ast-hfb-above-header-display":"","ast-hfb-below-header-display":"","ast-hfb-mobile-header-display":"","site-post-title":"","ast-breadcrumbs-content":"","ast-featured-img":"","footer-sml-layout":"","ast-disable-related-posts":"","theme-transparent-header-meta":"default","adv-header-id-meta":"","stick-header-meta":"","header-above-stick-meta":"","header-main-stick-meta":"","header-below-stick-meta":"","astra-migrate-meta-layouts":"default","ast-page-background-enabled":"default","ast-page-background-meta":{"desktop":{"background-color":"var(--ast-global-color-5)","background-image":"","background-repeat":"repeat","background-position":"center center","background-size":"auto","background-attachment":"scroll","background-type":"","background-media":"","overlay-type":"","overlay-color":"","overlay-opacity":"","overlay-gradient":""},"tablet":{"background-color":"","background-image":"","background-repeat":"repeat","background-position":"center center","background-size":"auto","background-attachment":"scroll","background-type":"","background-media":"","overlay-type":"","overlay-color":"","overlay-opacity":"","overlay-gradient":""},"mobile":{"background-color":"","background-image":"","background-repeat":"repeat","background-position":"center center","background-size":"auto","background-attachment":"scroll","background-type":"","background-media":"","overlay-type":"","overlay-color":"","overlay-opacity":"","overlay-gradient":""}},"ast-content-background-meta":{"desktop":{"background-color":"var(--ast-global-color-4)","background-image":"","background-repeat":"repeat","background-position":"center center","background-size":"auto","background-attachment":"scroll","background-type":"","background-media":"","overlay-type":"","overlay-color":"","overlay-opacity":"","overlay-gradient":""},"tablet":{"background-color":"var(--ast-global-color-4)","background-image":"","background-repeat":"repeat","background-position":"center center","background-size":"auto","background-attachment":"scroll","background-type":"","background-media":"","overlay-type":"","overlay-color":"","overlay-opacity":"","overlay-gradient":""},"mobile":{"background-color":"var(--ast-global-color-4)","background-image":"","background-repeat":"repeat","background-position":"center center","background-size":"auto","background-attachment":"scroll","background-type":"","background-media":"","overlay-type":"","overlay-color":"","overlay-opacity":"","overlay-gradient":""}}},"product_brand":[],"product_cat":[411],"product_tag":[],"class_list":{"0":"post-24680","1":"product","2":"type-product","3":"status-publish","4":"has-post-thumbnail","6":"product_cat-gewichte","7":"desktop-align-left","8":"tablet-align-left","9":"mobile-align-left","11":"first","12":"instock","13":"sale","14":"taxable","15":"shipping-taxable","16":"purchasable","17":"product-type-simple"},"acf":[],"yoast_head":"<!-- This site is optimized with the Yoast SEO Premium plugin v24.5 (Yoast SEO v27.3) - https:\/\/yoast.com\/product\/yoast-seo-premium-wordpress\/ -->\n<title>Nopsa Metallgewicht rund 30kg<\/title>\n<meta name=\"robots\" content=\"index, follow, max-snippet:-1, max-image-preview:large, max-video-preview:-1\" \/>\n<link rel=\"canonical\" href=\"https:\/\/www.teltat.fi\/de\/produkt\/nopsa-metallgewicht-rund-30kg\/\" \/>\n<meta property=\"og:locale\" content=\"de_DE\" \/>\n<meta property=\"og:type\" content=\"article\" \/>\n<meta property=\"og:title\" content=\"Nopsa Metallgewicht rund 30kg\" \/>\n<meta property=\"og:description\" content=\"Wenn Sie Ihr Zelt auf einem harten Untergrund (z. B. Asphalt) aufbauen und keine Erdn\u00e4gel verwenden k\u00f6nnen, ben\u00f6tigen Sie Gewichte. Das Metallgewicht l\u00e4sst sich einfach an der Unterseite der Zeltbeine anbringen. Dank der geformten Tragegriffe sind die Gewichte leicht zu transportieren. Produktmerkmale Passend f\u00fcr alle unsere Pop-up-Zelte Gewicht 30kg Einfacher Transport dank Tragegriffen \u00dcbereinander stapelbar Empfehlung: mindestens 4-8 St\u00fcck\/Zelt\" \/>\n<meta property=\"og:url\" content=\"https:\/\/www.teltat.fi\/de\/produkt\/nopsa-metallgewicht-rund-30kg\/\" \/>\n<meta property=\"og:site_name\" content=\"Nopsa\" \/>\n<meta property=\"article:publisher\" content=\"https:\/\/www.facebook.com\/teltat.fi\/\" \/>\n<meta property=\"og:image\" content=\"https:\/\/i0.wp.com\/dev.teltat.fi\/wp-content\/uploads\/2023\/02\/Pyorea_paino_30kg.jpg?fit=739%2C700&ssl=1\" \/>\n\t<meta property=\"og:image:width\" content=\"739\" \/>\n\t<meta property=\"og:image:height\" content=\"700\" \/>\n\t<meta property=\"og:image:type\" content=\"image\/jpeg\" \/>\n<meta name=\"twitter:card\" content=\"summary_large_image\" \/>\n<script type=\"application\/ld+json\" class=\"yoast-schema-graph\">{\"@context\":\"https:\\\/\\\/schema.org\",\"@graph\":[{\"@type\":[\"WebPage\",\"ItemPage\"],\"@id\":\"https:\\\/\\\/www.teltat.fi\\\/de\\\/produkt\\\/nopsa-metallgewicht-rund-30kg\\\/\",\"url\":\"https:\\\/\\\/www.teltat.fi\\\/de\\\/produkt\\\/nopsa-metallgewicht-rund-30kg\\\/\",\"name\":\"Nopsa Metallgewicht rund 30kg\",\"isPartOf\":{\"@id\":\"https:\\\/\\\/www.teltat.fi\\\/de\\\/#website\"},\"primaryImageOfPage\":{\"@id\":\"https:\\\/\\\/www.teltat.fi\\\/de\\\/produkt\\\/nopsa-metallgewicht-rund-30kg\\\/#primaryimage\"},\"image\":{\"@id\":\"https:\\\/\\\/www.teltat.fi\\\/de\\\/produkt\\\/nopsa-metallgewicht-rund-30kg\\\/#primaryimage\"},\"thumbnailUrl\":\"https:\\\/\\\/www.teltat.fi\\\/wp-content\\\/uploads\\\/2023\\\/02\\\/Pyorea_paino_30kg.jpg\",\"datePublished\":\"2023-02-08T13:18:21+00:00\",\"breadcrumb\":{\"@id\":\"https:\\\/\\\/www.teltat.fi\\\/de\\\/produkt\\\/nopsa-metallgewicht-rund-30kg\\\/#breadcrumb\"},\"inLanguage\":\"de\",\"potentialAction\":[{\"@type\":\"ReadAction\",\"target\":[\"https:\\\/\\\/www.teltat.fi\\\/de\\\/produkt\\\/nopsa-metallgewicht-rund-30kg\\\/\"]}]},{\"@type\":\"ImageObject\",\"inLanguage\":\"de\",\"@id\":\"https:\\\/\\\/www.teltat.fi\\\/de\\\/produkt\\\/nopsa-metallgewicht-rund-30kg\\\/#primaryimage\",\"url\":\"https:\\\/\\\/www.teltat.fi\\\/wp-content\\\/uploads\\\/2023\\\/02\\\/Pyorea_paino_30kg.jpg\",\"contentUrl\":\"https:\\\/\\\/www.teltat.fi\\\/wp-content\\\/uploads\\\/2023\\\/02\\\/Pyorea_paino_30kg.jpg\",\"width\":739,\"height\":700,\"caption\":\"Rundgewicht 30 Kg\"},{\"@type\":\"BreadcrumbList\",\"@id\":\"https:\\\/\\\/www.teltat.fi\\\/de\\\/produkt\\\/nopsa-metallgewicht-rund-30kg\\\/#breadcrumb\",\"itemListElement\":[{\"@type\":\"ListItem\",\"position\":1,\"name\":\"Hauptseite\",\"item\":\"https:\\\/\\\/www.teltat.fi\\\/de\\\/\"},{\"@type\":\"ListItem\",\"position\":2,\"name\":\"Laden\",\"item\":\"https:\\\/\\\/www.teltat.fi\\\/de\\\/laden\\\/\"},{\"@type\":\"ListItem\",\"position\":3,\"name\":\"Zubeh\u00f6r und Ersatzteile\",\"item\":\"https:\\\/\\\/www.teltat.fi\\\/de\\\/produktkategorie\\\/zubehor-und-ersatzteile\\\/\"},{\"@type\":\"ListItem\",\"position\":4,\"name\":\"Gewichte\",\"item\":\"https:\\\/\\\/www.teltat.fi\\\/de\\\/produktkategorie\\\/zubehor-und-ersatzteile\\\/gewichte\\\/\"},{\"@type\":\"ListItem\",\"position\":5,\"name\":\"Nopsa Metallgewicht rund 30kg\"}]},{\"@type\":\"WebSite\",\"@id\":\"https:\\\/\\\/www.teltat.fi\\\/de\\\/#website\",\"url\":\"https:\\\/\\\/www.teltat.fi\\\/de\\\/\",\"name\":\"Nopsa\",\"description\":\"Pop-up teltat ja tarvikkeet kaikkiin tapahtumiin\",\"publisher\":{\"@id\":\"https:\\\/\\\/www.teltat.fi\\\/de\\\/#organization\"},\"alternateName\":\"Nopsa popup teltat\",\"potentialAction\":[{\"@type\":\"SearchAction\",\"target\":{\"@type\":\"EntryPoint\",\"urlTemplate\":\"https:\\\/\\\/www.teltat.fi\\\/de\\\/?s={search_term_string}\"},\"query-input\":{\"@type\":\"PropertyValueSpecification\",\"valueRequired\":true,\"valueName\":\"search_term_string\"}}],\"inLanguage\":\"de\"},{\"@type\":\"Organization\",\"@id\":\"https:\\\/\\\/www.teltat.fi\\\/de\\\/#organization\",\"name\":\"www.teltat.fi\",\"alternateName\":\"Nopsa Pop-up-Zelte und Zubeh\u00f6r\",\"url\":\"https:\\\/\\\/www.teltat.fi\\\/de\\\/\",\"logo\":{\"@type\":\"ImageObject\",\"inLanguage\":\"de\",\"@id\":\"https:\\\/\\\/www.teltat.fi\\\/de\\\/#\\\/schema\\\/logo\\\/image\\\/\",\"url\":\"https:\\\/\\\/www.teltat.fi\\\/wp-content\\\/uploads\\\/2025\\\/03\\\/Nopsa-logo-white-no-circle-RGB.svg\",\"contentUrl\":\"https:\\\/\\\/www.teltat.fi\\\/wp-content\\\/uploads\\\/2025\\\/03\\\/Nopsa-logo-white-no-circle-RGB.svg\",\"width\":1080,\"height\":548,\"caption\":\"www.teltat.fi\"},\"image\":{\"@id\":\"https:\\\/\\\/www.teltat.fi\\\/de\\\/#\\\/schema\\\/logo\\\/image\\\/\"},\"sameAs\":[\"https:\\\/\\\/www.facebook.com\\\/teltat.fi\\\/\"],\"email\":\"myynti@teltat.fi\",\"telephone\":\"+358105260424\",\"foundingDate\":\"1994-05-18\",\"vatID\":\"FI09519220\",\"numberOfEmployees\":{\"@type\":\"QuantitativeValue\",\"minValue\":\"1\",\"maxValue\":\"10\"}}]}<\/script>\n<!-- \/ Yoast SEO Premium plugin. -->","yoast_head_json":{"title":"Nopsa Metallgewicht rund 30kg","robots":{"index":"index","follow":"follow","max-snippet":"max-snippet:-1","max-image-preview":"max-image-preview:large","max-video-preview":"max-video-preview:-1"},"canonical":"https:\/\/www.teltat.fi\/de\/produkt\/nopsa-metallgewicht-rund-30kg\/","og_locale":"de_DE","og_type":"article","og_title":"Nopsa Metallgewicht rund 30kg","og_description":"Wenn Sie Ihr Zelt auf einem harten Untergrund (z. B. Asphalt) aufbauen und keine Erdn\u00e4gel verwenden k\u00f6nnen, ben\u00f6tigen Sie Gewichte. Das Metallgewicht l\u00e4sst sich einfach an der Unterseite der Zeltbeine anbringen. Dank der geformten Tragegriffe sind die Gewichte leicht zu transportieren. Produktmerkmale Passend f\u00fcr alle unsere Pop-up-Zelte Gewicht 30kg Einfacher Transport dank Tragegriffen \u00dcbereinander stapelbar Empfehlung: mindestens 4-8 St\u00fcck\/Zelt","og_url":"https:\/\/www.teltat.fi\/de\/produkt\/nopsa-metallgewicht-rund-30kg\/","og_site_name":"Nopsa","article_publisher":"https:\/\/www.facebook.com\/teltat.fi\/","og_image":[{"width":739,"height":700,"url":"https:\/\/i0.wp.com\/dev.teltat.fi\/wp-content\/uploads\/2023\/02\/Pyorea_paino_30kg.jpg?fit=739%2C700&ssl=1","type":"image\/jpeg"}],"twitter_card":"summary_large_image","schema":{"@context":"https:\/\/schema.org","@graph":[{"@type":["WebPage","ItemPage"],"@id":"https:\/\/www.teltat.fi\/de\/produkt\/nopsa-metallgewicht-rund-30kg\/","url":"https:\/\/www.teltat.fi\/de\/produkt\/nopsa-metallgewicht-rund-30kg\/","name":"Nopsa Metallgewicht rund 30kg","isPartOf":{"@id":"https:\/\/www.teltat.fi\/de\/#website"},"primaryImageOfPage":{"@id":"https:\/\/www.teltat.fi\/de\/produkt\/nopsa-metallgewicht-rund-30kg\/#primaryimage"},"image":{"@id":"https:\/\/www.teltat.fi\/de\/produkt\/nopsa-metallgewicht-rund-30kg\/#primaryimage"},"thumbnailUrl":"https:\/\/www.teltat.fi\/wp-content\/uploads\/2023\/02\/Pyorea_paino_30kg.jpg","datePublished":"2023-02-08T13:18:21+00:00","breadcrumb":{"@id":"https:\/\/www.teltat.fi\/de\/produkt\/nopsa-metallgewicht-rund-30kg\/#breadcrumb"},"inLanguage":"de","potentialAction":[{"@type":"ReadAction","target":["https:\/\/www.teltat.fi\/de\/produkt\/nopsa-metallgewicht-rund-30kg\/"]}]},{"@type":"ImageObject","inLanguage":"de","@id":"https:\/\/www.teltat.fi\/de\/produkt\/nopsa-metallgewicht-rund-30kg\/#primaryimage","url":"https:\/\/www.teltat.fi\/wp-content\/uploads\/2023\/02\/Pyorea_paino_30kg.jpg","contentUrl":"https:\/\/www.teltat.fi\/wp-content\/uploads\/2023\/02\/Pyorea_paino_30kg.jpg","width":739,"height":700,"caption":"Rundgewicht 30 Kg"},{"@type":"BreadcrumbList","@id":"https:\/\/www.teltat.fi\/de\/produkt\/nopsa-metallgewicht-rund-30kg\/#breadcrumb","itemListElement":[{"@type":"ListItem","position":1,"name":"Hauptseite","item":"https:\/\/www.teltat.fi\/de\/"},{"@type":"ListItem","position":2,"name":"Laden","item":"https:\/\/www.teltat.fi\/de\/laden\/"},{"@type":"ListItem","position":3,"name":"Zubeh\u00f6r und Ersatzteile","item":"https:\/\/www.teltat.fi\/de\/produktkategorie\/zubehor-und-ersatzteile\/"},{"@type":"ListItem","position":4,"name":"Gewichte","item":"https:\/\/www.teltat.fi\/de\/produktkategorie\/zubehor-und-ersatzteile\/gewichte\/"},{"@type":"ListItem","position":5,"name":"Nopsa Metallgewicht rund 30kg"}]},{"@type":"WebSite","@id":"https:\/\/www.teltat.fi\/de\/#website","url":"https:\/\/www.teltat.fi\/de\/","name":"Nopsa","description":"Pop-up teltat ja tarvikkeet kaikkiin tapahtumiin","publisher":{"@id":"https:\/\/www.teltat.fi\/de\/#organization"},"alternateName":"Nopsa popup teltat","potentialAction":[{"@type":"SearchAction","target":{"@type":"EntryPoint","urlTemplate":"https:\/\/www.teltat.fi\/de\/?s={search_term_string}"},"query-input":{"@type":"PropertyValueSpecification","valueRequired":true,"valueName":"search_term_string"}}],"inLanguage":"de"},{"@type":"Organization","@id":"https:\/\/www.teltat.fi\/de\/#organization","name":"www.teltat.fi","alternateName":"Nopsa Pop-up-Zelte und Zubeh\u00f6r","url":"https:\/\/www.teltat.fi\/de\/","logo":{"@type":"ImageObject","inLanguage":"de","@id":"https:\/\/www.teltat.fi\/de\/#\/schema\/logo\/image\/","url":"https:\/\/www.teltat.fi\/wp-content\/uploads\/2025\/03\/Nopsa-logo-white-no-circle-RGB.svg","contentUrl":"https:\/\/www.teltat.fi\/wp-content\/uploads\/2025\/03\/Nopsa-logo-white-no-circle-RGB.svg","width":1080,"height":548,"caption":"www.teltat.fi"},"image":{"@id":"https:\/\/www.teltat.fi\/de\/#\/schema\/logo\/image\/"},"sameAs":["https:\/\/www.facebook.com\/teltat.fi\/"],"email":"myynti@teltat.fi","telephone":"+358105260424","foundingDate":"1994-05-18","vatID":"FI09519220","numberOfEmployees":{"@type":"QuantitativeValue","minValue":"1","maxValue":"10"}}]}},"_links":{"self":[{"href":"https:\/\/www.teltat.fi\/de\/wp-json\/wp\/v2\/product\/24680","targetHints":{"allow":["GET"]}}],"collection":[{"href":"https:\/\/www.teltat.fi\/de\/wp-json\/wp\/v2\/product"}],"about":[{"href":"https:\/\/www.teltat.fi\/de\/wp-json\/wp\/v2\/types\/product"}],"version-history":[{"count":0,"href":"https:\/\/www.teltat.fi\/de\/wp-json\/wp\/v2\/product\/24680\/revisions"}],"wp:featuredmedia":[{"embeddable":true,"href":"https:\/\/www.teltat.fi\/de\/wp-json\/wp\/v2\/media\/21402"}],"wp:attachment":[{"href":"https:\/\/www.teltat.fi\/de\/wp-json\/wp\/v2\/media?parent=24680"}],"wp:term":[{"taxonomy":"product_brand","embeddable":true,"href":"https:\/\/www.teltat.fi\/de\/wp-json\/wp\/v2\/product_brand?post=24680"},{"taxonomy":"product_cat","embeddable":true,"href":"https:\/\/www.teltat.fi\/de\/wp-json\/wp\/v2\/product_cat?post=24680"},{"taxonomy":"product_tag","embeddable":true,"href":"https:\/\/www.teltat.fi\/de\/wp-json\/wp\/v2\/product_tag?post=24680"}],"curies":[{"name":"wp","href":"https:\/\/api.w.org\/{rel}","templated":true}]}}