{"id":24750,"date":"2023-05-10T13:18:20","date_gmt":"2023-05-10T10:18:20","guid":{"rendered":"https:\/\/www.teltat.fi\/tuote\/tisch-mit-becken\/"},"modified":"2023-02-08T13:18:20","modified_gmt":"2023-02-08T10:18:20","slug":"tisch-mit-becken","status":"publish","type":"product","link":"https:\/\/www.teltat.fi\/de\/produkt\/tisch-mit-becken\/","title":{"rendered":"Tisch mit Becken"},"content":{"rendered":"<ul>\n<li>Leichter und praktischer Tisch mit Becken.<\/li>\n<li>Die Tischbeine lassen sich unter den Tisch klappen.<\/li>\n<li>Der Tisch hat zwei Waschbecken und einen Wasserhahn in der Mitte.<\/li>\n<li>Der Tisch bietet au\u00dferdem Platz f\u00fcr einen M\u00fcllbeutel.<\/li>\n<li>Der Wasserhahn hat nur einen Anschluss f\u00fcr Wasser (kein Mischer).<\/li>\n<li>Die Transportma\u00dfe betragen 102 x 13,5 x 81 cm.<\/li>\n<li>Die Oberfl\u00e4che der Sp\u00fcle besteht aus Kunststoff und l\u00e4sst sich daher leicht sauber halten.<\/li>\n<li>Die Tischplattengr\u00f6\u00dfe betr\u00e4gt 101 x 66 und ist 4 cm dick.<\/li>\n<\/ul>\n","protected":false},"excerpt":{"rendered":"<p>Leichter und praktischer Tisch mit Becken. Die Tischbeine lassen sich unter den Tisch klappen. Der Tisch hat zwei Waschbecken und einen Wasserhahn in der Mitte. Der Tisch bietet au\u00dferdem Platz f\u00fcr einen M\u00fcllbeutel. Der Wasserhahn hat nur einen Anschluss f\u00fcr Wasser (kein Mischer). Die Transportma\u00dfe betragen 102 x 13,5 x 81 cm. Die Oberfl\u00e4che der Sp\u00fcle besteht aus Kunststoff und l\u00e4sst sich daher leicht sauber halten. Die Tischplattengr\u00f6\u00dfe betr\u00e4gt 101 x 66 und ist 4 cm dick.<\/p>\n","protected":false},"featured_media":21334,"template":"","meta":{"_acf_changed":false,"_eb_attr":"","site-sidebar-layout":"default","site-content-layout":"","ast-site-content-layout":"default","site-content-style":"default","site-sidebar-style":"default","ast-global-header-display":"","ast-banner-title-visibility":"","ast-main-header-display":"","ast-hfb-above-header-display":"","ast-hfb-below-header-display":"","ast-hfb-mobile-header-display":"","site-post-title":"","ast-breadcrumbs-content":"","ast-featured-img":"","footer-sml-layout":"","ast-disable-related-posts":"","theme-transparent-header-meta":"default","adv-header-id-meta":"","stick-header-meta":"","header-above-stick-meta":"","header-main-stick-meta":"","header-below-stick-meta":"","astra-migrate-meta-layouts":"default","ast-page-background-enabled":"default","ast-page-background-meta":{"desktop":{"background-color":"var(--ast-global-color-5)","background-image":"","background-repeat":"repeat","background-position":"center center","background-size":"auto","background-attachment":"scroll","background-type":"","background-media":"","overlay-type":"","overlay-color":"","overlay-opacity":"","overlay-gradient":""},"tablet":{"background-color":"","background-image":"","background-repeat":"repeat","background-position":"center center","background-size":"auto","background-attachment":"scroll","background-type":"","background-media":"","overlay-type":"","overlay-color":"","overlay-opacity":"","overlay-gradient":""},"mobile":{"background-color":"","background-image":"","background-repeat":"repeat","background-position":"center center","background-size":"auto","background-attachment":"scroll","background-type":"","background-media":"","overlay-type":"","overlay-color":"","overlay-opacity":"","overlay-gradient":""}},"ast-content-background-meta":{"desktop":{"background-color":"var(--ast-global-color-4)","background-image":"","background-repeat":"repeat","background-position":"center center","background-size":"auto","background-attachment":"scroll","background-type":"","background-media":"","overlay-type":"","overlay-color":"","overlay-opacity":"","overlay-gradient":""},"tablet":{"background-color":"var(--ast-global-color-4)","background-image":"","background-repeat":"repeat","background-position":"center center","background-size":"auto","background-attachment":"scroll","background-type":"","background-media":"","overlay-type":"","overlay-color":"","overlay-opacity":"","overlay-gradient":""},"mobile":{"background-color":"var(--ast-global-color-4)","background-image":"","background-repeat":"repeat","background-position":"center center","background-size":"auto","background-attachment":"scroll","background-type":"","background-media":"","overlay-type":"","overlay-color":"","overlay-opacity":"","overlay-gradient":""}},"_wp_convertkit_post_meta":{"form":"-1","landing_page":"0","tag":"0","restrict_content":"0"}},"product_brand":[],"product_cat":[360,375],"product_tag":[],"class_list":{"0":"post-24750","1":"product","2":"type-product","3":"status-publish","4":"has-post-thumbnail","6":"product_cat-hygiene-de","7":"product_cat-tische","8":"desktop-align-left","9":"tablet-align-left","10":"mobile-align-left","12":"first","13":"instock","14":"taxable","15":"shipping-taxable","16":"purchasable","17":"product-type-simple"},"acf":[],"yoast_head":"<!-- This site is optimized with the Yoast SEO Premium plugin v24.5 (Yoast SEO v27.5) - https:\/\/yoast.com\/product\/yoast-seo-premium-wordpress\/ -->\n<title>Tisch mit Becken<\/title>\n<meta name=\"robots\" content=\"index, follow, max-snippet:-1, max-image-preview:large, max-video-preview:-1\" \/>\n<link rel=\"canonical\" href=\"https:\/\/www.teltat.fi\/de\/produkt\/tisch-mit-becken\/\" \/>\n<meta property=\"og:locale\" content=\"de_DE\" \/>\n<meta property=\"og:type\" content=\"article\" \/>\n<meta property=\"og:title\" content=\"Tisch mit Becken\" \/>\n<meta property=\"og:description\" content=\"Leichter und praktischer Tisch mit Becken. Die Tischbeine lassen sich unter den Tisch klappen. Der Tisch hat zwei Waschbecken und einen Wasserhahn in der Mitte. Der Tisch bietet au\u00dferdem Platz f\u00fcr einen M\u00fcllbeutel. Der Wasserhahn hat nur einen Anschluss f\u00fcr Wasser (kein Mischer). Die Transportma\u00dfe betragen 102 x 13,5 x 81 cm. Die Oberfl\u00e4che der Sp\u00fcle besteht aus Kunststoff und l\u00e4sst sich daher leicht sauber halten. Die Tischplattengr\u00f6\u00dfe betr\u00e4gt 101 x 66 und ist 4 cm dick.\" \/>\n<meta property=\"og:url\" content=\"https:\/\/www.teltat.fi\/de\/produkt\/tisch-mit-becken\/\" \/>\n<meta property=\"og:site_name\" content=\"Nopsa\" \/>\n<meta property=\"article:publisher\" content=\"https:\/\/www.facebook.com\/teltat.fi\/\" \/>\n<meta property=\"og:image\" content=\"https:\/\/www.teltat.fi\/wp-content\/uploads\/2023\/02\/Tiskipoyta1.jpg\" \/>\n\t<meta property=\"og:image:width\" content=\"1000\" \/>\n\t<meta property=\"og:image:height\" content=\"1000\" \/>\n\t<meta property=\"og:image:type\" content=\"image\/jpeg\" \/>\n<meta name=\"twitter:card\" content=\"summary_large_image\" \/>\n<script type=\"application\/ld+json\" class=\"yoast-schema-graph\">{\"@context\":\"https:\\\/\\\/schema.org\",\"@graph\":[{\"@type\":[\"WebPage\",\"ItemPage\"],\"@id\":\"https:\\\/\\\/www.teltat.fi\\\/de\\\/produkt\\\/tisch-mit-becken\\\/\",\"url\":\"https:\\\/\\\/www.teltat.fi\\\/de\\\/produkt\\\/tisch-mit-becken\\\/\",\"name\":\"Tisch mit Becken\",\"isPartOf\":{\"@id\":\"https:\\\/\\\/www.teltat.fi\\\/de\\\/#website\"},\"primaryImageOfPage\":{\"@id\":\"https:\\\/\\\/www.teltat.fi\\\/de\\\/produkt\\\/tisch-mit-becken\\\/#primaryimage\"},\"image\":{\"@id\":\"https:\\\/\\\/www.teltat.fi\\\/de\\\/produkt\\\/tisch-mit-becken\\\/#primaryimage\"},\"thumbnailUrl\":\"https:\\\/\\\/www.teltat.fi\\\/wp-content\\\/uploads\\\/2023\\\/02\\\/Tiskipoyta1.jpg\",\"datePublished\":\"2023-05-10T10:18:20+00:00\",\"breadcrumb\":{\"@id\":\"https:\\\/\\\/www.teltat.fi\\\/de\\\/produkt\\\/tisch-mit-becken\\\/#breadcrumb\"},\"inLanguage\":\"de\",\"potentialAction\":[{\"@type\":\"ReadAction\",\"target\":[\"https:\\\/\\\/www.teltat.fi\\\/de\\\/produkt\\\/tisch-mit-becken\\\/\"]}]},{\"@type\":\"ImageObject\",\"inLanguage\":\"de\",\"@id\":\"https:\\\/\\\/www.teltat.fi\\\/de\\\/produkt\\\/tisch-mit-becken\\\/#primaryimage\",\"url\":\"https:\\\/\\\/www.teltat.fi\\\/wp-content\\\/uploads\\\/2023\\\/02\\\/Tiskipoyta1.jpg\",\"contentUrl\":\"https:\\\/\\\/www.teltat.fi\\\/wp-content\\\/uploads\\\/2023\\\/02\\\/Tiskipoyta1.jpg\",\"width\":1000,\"height\":1000},{\"@type\":\"BreadcrumbList\",\"@id\":\"https:\\\/\\\/www.teltat.fi\\\/de\\\/produkt\\\/tisch-mit-becken\\\/#breadcrumb\",\"itemListElement\":[{\"@type\":\"ListItem\",\"position\":1,\"name\":\"Hauptseite\",\"item\":\"https:\\\/\\\/www.teltat.fi\\\/de\\\/nopsa-popup-zelte-und-zubehoer\\\/\"},{\"@type\":\"ListItem\",\"position\":2,\"name\":\"Laden\",\"item\":\"https:\\\/\\\/www.teltat.fi\\\/de\\\/laden\\\/\"},{\"@type\":\"ListItem\",\"position\":3,\"name\":\"Tische und B\u00e4nke\",\"item\":\"https:\\\/\\\/www.teltat.fi\\\/de\\\/produktkategorie\\\/tische-und-banke\\\/\"},{\"@type\":\"ListItem\",\"position\":4,\"name\":\"Tische\",\"item\":\"https:\\\/\\\/www.teltat.fi\\\/de\\\/produktkategorie\\\/tische-und-banke\\\/tische\\\/\"},{\"@type\":\"ListItem\",\"position\":5,\"name\":\"Tisch mit Becken\"}]},{\"@type\":\"WebSite\",\"@id\":\"https:\\\/\\\/www.teltat.fi\\\/de\\\/#website\",\"url\":\"https:\\\/\\\/www.teltat.fi\\\/de\\\/\",\"name\":\"Nopsa\",\"description\":\"Pop-up teltat ja tarvikkeet kaikkiin tapahtumiin\",\"publisher\":{\"@id\":\"https:\\\/\\\/www.teltat.fi\\\/de\\\/#organization\"},\"alternateName\":\"Nopsa popup teltat\",\"potentialAction\":[{\"@type\":\"SearchAction\",\"target\":{\"@type\":\"EntryPoint\",\"urlTemplate\":\"https:\\\/\\\/www.teltat.fi\\\/de\\\/?s={search_term_string}\"},\"query-input\":{\"@type\":\"PropertyValueSpecification\",\"valueRequired\":true,\"valueName\":\"search_term_string\"}}],\"inLanguage\":\"de\"},{\"@type\":\"Organization\",\"@id\":\"https:\\\/\\\/www.teltat.fi\\\/de\\\/#organization\",\"name\":\"www.teltat.fi\",\"alternateName\":\"Nopsa Pop-up-Zelte und Zubeh\u00f6r\",\"url\":\"https:\\\/\\\/www.teltat.fi\\\/de\\\/\",\"logo\":{\"@type\":\"ImageObject\",\"inLanguage\":\"de\",\"@id\":\"https:\\\/\\\/www.teltat.fi\\\/de\\\/#\\\/schema\\\/logo\\\/image\\\/\",\"url\":\"https:\\\/\\\/www.teltat.fi\\\/wp-content\\\/uploads\\\/2025\\\/03\\\/Nopsa-logo-white-no-circle-RGB.svg\",\"contentUrl\":\"https:\\\/\\\/www.teltat.fi\\\/wp-content\\\/uploads\\\/2025\\\/03\\\/Nopsa-logo-white-no-circle-RGB.svg\",\"width\":1080,\"height\":548,\"caption\":\"www.teltat.fi\"},\"image\":{\"@id\":\"https:\\\/\\\/www.teltat.fi\\\/de\\\/#\\\/schema\\\/logo\\\/image\\\/\"},\"sameAs\":[\"https:\\\/\\\/www.facebook.com\\\/teltat.fi\\\/\"],\"email\":\"myynti@teltat.fi\",\"telephone\":\"+358105260424\",\"foundingDate\":\"1994-05-18\",\"vatID\":\"FI09519220\",\"numberOfEmployees\":{\"@type\":\"QuantitativeValue\",\"minValue\":\"1\",\"maxValue\":\"10\"}}]}<\/script>\n<!-- \/ Yoast SEO Premium plugin. -->","yoast_head_json":{"title":"Tisch mit Becken","robots":{"index":"index","follow":"follow","max-snippet":"max-snippet:-1","max-image-preview":"max-image-preview:large","max-video-preview":"max-video-preview:-1"},"canonical":"https:\/\/www.teltat.fi\/de\/produkt\/tisch-mit-becken\/","og_locale":"de_DE","og_type":"article","og_title":"Tisch mit Becken","og_description":"Leichter und praktischer Tisch mit Becken. Die Tischbeine lassen sich unter den Tisch klappen. Der Tisch hat zwei Waschbecken und einen Wasserhahn in der Mitte. Der Tisch bietet au\u00dferdem Platz f\u00fcr einen M\u00fcllbeutel. Der Wasserhahn hat nur einen Anschluss f\u00fcr Wasser (kein Mischer). Die Transportma\u00dfe betragen 102 x 13,5 x 81 cm. Die Oberfl\u00e4che der Sp\u00fcle besteht aus Kunststoff und l\u00e4sst sich daher leicht sauber halten. Die Tischplattengr\u00f6\u00dfe betr\u00e4gt 101 x 66 und ist 4 cm dick.","og_url":"https:\/\/www.teltat.fi\/de\/produkt\/tisch-mit-becken\/","og_site_name":"Nopsa","article_publisher":"https:\/\/www.facebook.com\/teltat.fi\/","og_image":[{"width":1000,"height":1000,"url":"https:\/\/www.teltat.fi\/wp-content\/uploads\/2023\/02\/Tiskipoyta1.jpg","type":"image\/jpeg"}],"twitter_card":"summary_large_image","schema":{"@context":"https:\/\/schema.org","@graph":[{"@type":["WebPage","ItemPage"],"@id":"https:\/\/www.teltat.fi\/de\/produkt\/tisch-mit-becken\/","url":"https:\/\/www.teltat.fi\/de\/produkt\/tisch-mit-becken\/","name":"Tisch mit Becken","isPartOf":{"@id":"https:\/\/www.teltat.fi\/de\/#website"},"primaryImageOfPage":{"@id":"https:\/\/www.teltat.fi\/de\/produkt\/tisch-mit-becken\/#primaryimage"},"image":{"@id":"https:\/\/www.teltat.fi\/de\/produkt\/tisch-mit-becken\/#primaryimage"},"thumbnailUrl":"https:\/\/www.teltat.fi\/wp-content\/uploads\/2023\/02\/Tiskipoyta1.jpg","datePublished":"2023-05-10T10:18:20+00:00","breadcrumb":{"@id":"https:\/\/www.teltat.fi\/de\/produkt\/tisch-mit-becken\/#breadcrumb"},"inLanguage":"de","potentialAction":[{"@type":"ReadAction","target":["https:\/\/www.teltat.fi\/de\/produkt\/tisch-mit-becken\/"]}]},{"@type":"ImageObject","inLanguage":"de","@id":"https:\/\/www.teltat.fi\/de\/produkt\/tisch-mit-becken\/#primaryimage","url":"https:\/\/www.teltat.fi\/wp-content\/uploads\/2023\/02\/Tiskipoyta1.jpg","contentUrl":"https:\/\/www.teltat.fi\/wp-content\/uploads\/2023\/02\/Tiskipoyta1.jpg","width":1000,"height":1000},{"@type":"BreadcrumbList","@id":"https:\/\/www.teltat.fi\/de\/produkt\/tisch-mit-becken\/#breadcrumb","itemListElement":[{"@type":"ListItem","position":1,"name":"Hauptseite","item":"https:\/\/www.teltat.fi\/de\/nopsa-popup-zelte-und-zubehoer\/"},{"@type":"ListItem","position":2,"name":"Laden","item":"https:\/\/www.teltat.fi\/de\/laden\/"},{"@type":"ListItem","position":3,"name":"Tische und B\u00e4nke","item":"https:\/\/www.teltat.fi\/de\/produktkategorie\/tische-und-banke\/"},{"@type":"ListItem","position":4,"name":"Tische","item":"https:\/\/www.teltat.fi\/de\/produktkategorie\/tische-und-banke\/tische\/"},{"@type":"ListItem","position":5,"name":"Tisch mit Becken"}]},{"@type":"WebSite","@id":"https:\/\/www.teltat.fi\/de\/#website","url":"https:\/\/www.teltat.fi\/de\/","name":"Nopsa","description":"Pop-up teltat ja tarvikkeet kaikkiin tapahtumiin","publisher":{"@id":"https:\/\/www.teltat.fi\/de\/#organization"},"alternateName":"Nopsa popup teltat","potentialAction":[{"@type":"SearchAction","target":{"@type":"EntryPoint","urlTemplate":"https:\/\/www.teltat.fi\/de\/?s={search_term_string}"},"query-input":{"@type":"PropertyValueSpecification","valueRequired":true,"valueName":"search_term_string"}}],"inLanguage":"de"},{"@type":"Organization","@id":"https:\/\/www.teltat.fi\/de\/#organization","name":"www.teltat.fi","alternateName":"Nopsa Pop-up-Zelte und Zubeh\u00f6r","url":"https:\/\/www.teltat.fi\/de\/","logo":{"@type":"ImageObject","inLanguage":"de","@id":"https:\/\/www.teltat.fi\/de\/#\/schema\/logo\/image\/","url":"https:\/\/www.teltat.fi\/wp-content\/uploads\/2025\/03\/Nopsa-logo-white-no-circle-RGB.svg","contentUrl":"https:\/\/www.teltat.fi\/wp-content\/uploads\/2025\/03\/Nopsa-logo-white-no-circle-RGB.svg","width":1080,"height":548,"caption":"www.teltat.fi"},"image":{"@id":"https:\/\/www.teltat.fi\/de\/#\/schema\/logo\/image\/"},"sameAs":["https:\/\/www.facebook.com\/teltat.fi\/"],"email":"myynti@teltat.fi","telephone":"+358105260424","foundingDate":"1994-05-18","vatID":"FI09519220","numberOfEmployees":{"@type":"QuantitativeValue","minValue":"1","maxValue":"10"}}]}},"_links":{"self":[{"href":"https:\/\/www.teltat.fi\/de\/wp-json\/wp\/v2\/product\/24750","targetHints":{"allow":["GET"]}}],"collection":[{"href":"https:\/\/www.teltat.fi\/de\/wp-json\/wp\/v2\/product"}],"about":[{"href":"https:\/\/www.teltat.fi\/de\/wp-json\/wp\/v2\/types\/product"}],"version-history":[{"count":0,"href":"https:\/\/www.teltat.fi\/de\/wp-json\/wp\/v2\/product\/24750\/revisions"}],"wp:featuredmedia":[{"embeddable":true,"href":"https:\/\/www.teltat.fi\/de\/wp-json\/wp\/v2\/media\/21334"}],"wp:attachment":[{"href":"https:\/\/www.teltat.fi\/de\/wp-json\/wp\/v2\/media?parent=24750"}],"wp:term":[{"taxonomy":"product_brand","embeddable":true,"href":"https:\/\/www.teltat.fi\/de\/wp-json\/wp\/v2\/product_brand?post=24750"},{"taxonomy":"product_cat","embeddable":true,"href":"https:\/\/www.teltat.fi\/de\/wp-json\/wp\/v2\/product_cat?post=24750"},{"taxonomy":"product_tag","embeddable":true,"href":"https:\/\/www.teltat.fi\/de\/wp-json\/wp\/v2\/product_tag?post=24750"}],"curies":[{"name":"wp","href":"https:\/\/api.w.org\/{rel}","templated":true}]}}