{"id":24929,"date":"2023-02-08T13:17:18","date_gmt":"2023-02-08T13:17:18","guid":{"rendered":"https:\/\/www.teltat.fi\/tuote\/tritttisch-5-ebenen\/"},"modified":"2023-02-08T13:17:18","modified_gmt":"2023-02-08T10:17:18","slug":"tritttisch-5-ebenen","status":"publish","type":"product","link":"https:\/\/www.teltat.fi\/de\/produkt\/tritttisch-5-ebenen\/","title":{"rendered":"Tritttisch 5 Ebenen"},"content":{"rendered":"<p>Mit diesem klappbaren 5-stufigen Tritttisch k\u00f6nnen Sie Ihre Produkte einfach und eindrucksvoll pr\u00e4sentieren. Der Tritttisch kann auch als 3-stufiger Tisch verwendet werden, wodurch weniger Platz ben\u00f6tigt wird. Der Tritttisch besteht aus robustem Aluminium und h\u00e4lt daher hohen Belastungen stand. Das verwendete Aluminium als Fertigungsmaterial sorgt zudem f\u00fcr ein geringeres Gesamtgewicht des Tisches.<br \/>\n&nbsp;<\/p>\n<h3>Technische Informationen:<\/h3>\n<ul>\n<li>Ebenenh\u00f6hen vom Boden: Ebene 1 51 cm, Ebene 2 71 cm, Ebene 3 91 cm, Ebene 4 110 cm und Ebene 5 129 cm<\/li>\n<li>Im vollst\u00e4ndig ge\u00f6ffneten Zustand nimmt der Tritttisch folgenden Platz ein: Breite 153cm und Tiefe 170cm<\/li>\n<li>Die Gr\u00f6\u00dfe der Plattform betr\u00e4gt 148x34cm.<\/li>\n<\/ul>\n","protected":false},"excerpt":{"rendered":"<p>Mit diesem klappbaren 5-stufigen Tritttisch k\u00f6nnen Sie Ihre Produkte einfach und eindrucksvoll pr\u00e4sentieren. Der Tritttisch kann auch als 3-stufiger Tisch verwendet werden, wodurch weniger Platz ben\u00f6tigt wird. Der Tritttisch besteht aus robustem Aluminium und h\u00e4lt daher hohen Belastungen stand. Das verwendete Aluminium als Fertigungsmaterial sorgt zudem f\u00fcr ein geringeres Gesamtgewicht des Tisches. &nbsp; Technische Informationen: Ebenenh\u00f6hen vom Boden: Ebene 1 51 cm, Ebene 2 71 cm, Ebene 3 91 cm, Ebene 4 110 cm und Ebene 5 129 cm Im vollst\u00e4ndig ge\u00f6ffneten Zustand nimmt der Tritttisch folgenden Platz ein: Breite 153cm und Tiefe 170cm Die Gr\u00f6\u00dfe der Plattform betr\u00e4gt 148x34cm.<\/p>\n","protected":false},"featured_media":21275,"template":"","meta":{"_acf_changed":false,"_eb_attr":"","site-sidebar-layout":"default","site-content-layout":"","ast-site-content-layout":"default","site-content-style":"default","site-sidebar-style":"default","ast-global-header-display":"","ast-banner-title-visibility":"","ast-main-header-display":"","ast-hfb-above-header-display":"","ast-hfb-below-header-display":"","ast-hfb-mobile-header-display":"","site-post-title":"","ast-breadcrumbs-content":"","ast-featured-img":"","footer-sml-layout":"","ast-disable-related-posts":"","theme-transparent-header-meta":"default","adv-header-id-meta":"","stick-header-meta":"","header-above-stick-meta":"","header-main-stick-meta":"","header-below-stick-meta":"","astra-migrate-meta-layouts":"default","ast-page-background-enabled":"default","ast-page-background-meta":{"desktop":{"background-color":"var(--ast-global-color-5)","background-image":"","background-repeat":"repeat","background-position":"center center","background-size":"auto","background-attachment":"scroll","background-type":"","background-media":"","overlay-type":"","overlay-color":"","overlay-opacity":"","overlay-gradient":""},"tablet":{"background-color":"","background-image":"","background-repeat":"repeat","background-position":"center center","background-size":"auto","background-attachment":"scroll","background-type":"","background-media":"","overlay-type":"","overlay-color":"","overlay-opacity":"","overlay-gradient":""},"mobile":{"background-color":"","background-image":"","background-repeat":"repeat","background-position":"center center","background-size":"auto","background-attachment":"scroll","background-type":"","background-media":"","overlay-type":"","overlay-color":"","overlay-opacity":"","overlay-gradient":""}},"ast-content-background-meta":{"desktop":{"background-color":"var(--ast-global-color-4)","background-image":"","background-repeat":"repeat","background-position":"center center","background-size":"auto","background-attachment":"scroll","background-type":"","background-media":"","overlay-type":"","overlay-color":"","overlay-opacity":"","overlay-gradient":""},"tablet":{"background-color":"var(--ast-global-color-4)","background-image":"","background-repeat":"repeat","background-position":"center center","background-size":"auto","background-attachment":"scroll","background-type":"","background-media":"","overlay-type":"","overlay-color":"","overlay-opacity":"","overlay-gradient":""},"mobile":{"background-color":"var(--ast-global-color-4)","background-image":"","background-repeat":"repeat","background-position":"center center","background-size":"auto","background-attachment":"scroll","background-type":"","background-media":"","overlay-type":"","overlay-color":"","overlay-opacity":"","overlay-gradient":""}},"_wp_convertkit_post_meta":{"form":"-1","landing_page":"0","tag":"0","restrict_content":"0"}},"product_brand":[],"product_cat":[372],"product_tag":[],"class_list":{"0":"post-24929","1":"product","2":"type-product","3":"status-publish","4":"has-post-thumbnail","6":"product_cat-verkaufstische","7":"desktop-align-left","8":"tablet-align-left","9":"mobile-align-left","11":"first","12":"instock","13":"taxable","14":"shipping-taxable","15":"purchasable","16":"product-type-simple"},"acf":[],"yoast_head":"<!-- This site is optimized with the Yoast SEO Premium plugin v24.5 (Yoast SEO v27.5) - https:\/\/yoast.com\/product\/yoast-seo-premium-wordpress\/ -->\n<title>Tritttisch 5 Ebenen<\/title>\n<meta name=\"robots\" content=\"index, follow, max-snippet:-1, max-image-preview:large, max-video-preview:-1\" \/>\n<link rel=\"canonical\" href=\"https:\/\/www.teltat.fi\/de\/produkt\/tritttisch-5-ebenen\/\" \/>\n<meta property=\"og:locale\" content=\"de_DE\" \/>\n<meta property=\"og:type\" content=\"article\" \/>\n<meta property=\"og:title\" content=\"Tritttisch 5 Ebenen\" \/>\n<meta property=\"og:description\" content=\"Mit diesem klappbaren 5-stufigen Tritttisch k\u00f6nnen Sie Ihre Produkte einfach und eindrucksvoll pr\u00e4sentieren. Der Tritttisch kann auch als 3-stufiger Tisch verwendet werden, wodurch weniger Platz ben\u00f6tigt wird. Der Tritttisch besteht aus robustem Aluminium und h\u00e4lt daher hohen Belastungen stand. Das verwendete Aluminium als Fertigungsmaterial sorgt zudem f\u00fcr ein geringeres Gesamtgewicht des Tisches. &nbsp; Technische Informationen: Ebenenh\u00f6hen vom Boden: Ebene 1 51 cm, Ebene 2 71 cm, Ebene 3 91 cm, Ebene 4 110 cm und Ebene 5 129 cm Im vollst\u00e4ndig ge\u00f6ffneten Zustand nimmt der Tritttisch folgenden Platz ein: Breite 153cm und Tiefe 170cm Die Gr\u00f6\u00dfe der Plattform betr\u00e4gt 148x34cm.\" \/>\n<meta property=\"og:url\" content=\"https:\/\/www.teltat.fi\/de\/produkt\/tritttisch-5-ebenen\/\" \/>\n<meta property=\"og:site_name\" content=\"Nopsa\" \/>\n<meta property=\"article:publisher\" content=\"https:\/\/www.facebook.com\/teltat.fi\/\" \/>\n<meta property=\"og:image\" content=\"https:\/\/i0.wp.com\/dev.teltat.fi\/wp-content\/uploads\/2023\/02\/Porraspoyta5.jpg?fit=1000%2C1000&ssl=1\" \/>\n\t<meta property=\"og:image:width\" content=\"1000\" \/>\n\t<meta property=\"og:image:height\" content=\"1000\" \/>\n\t<meta property=\"og:image:type\" content=\"image\/jpeg\" \/>\n<meta name=\"twitter:card\" content=\"summary_large_image\" \/>\n<meta name=\"twitter:label1\" content=\"Gesch\u00e4tzte Lesezeit\" \/>\n\t<meta name=\"twitter:data1\" content=\"1\u00a0Minute\" \/>\n<script type=\"application\/ld+json\" class=\"yoast-schema-graph\">{\"@context\":\"https:\\\/\\\/schema.org\",\"@graph\":[{\"@type\":[\"WebPage\",\"ItemPage\"],\"@id\":\"https:\\\/\\\/www.teltat.fi\\\/de\\\/produkt\\\/tritttisch-5-ebenen\\\/\",\"url\":\"https:\\\/\\\/www.teltat.fi\\\/de\\\/produkt\\\/tritttisch-5-ebenen\\\/\",\"name\":\"Tritttisch 5 Ebenen\",\"isPartOf\":{\"@id\":\"https:\\\/\\\/www.teltat.fi\\\/de\\\/#website\"},\"primaryImageOfPage\":{\"@id\":\"https:\\\/\\\/www.teltat.fi\\\/de\\\/produkt\\\/tritttisch-5-ebenen\\\/#primaryimage\"},\"image\":{\"@id\":\"https:\\\/\\\/www.teltat.fi\\\/de\\\/produkt\\\/tritttisch-5-ebenen\\\/#primaryimage\"},\"thumbnailUrl\":\"https:\\\/\\\/www.teltat.fi\\\/wp-content\\\/uploads\\\/2023\\\/02\\\/Porraspoyta5.jpg\",\"datePublished\":\"2023-02-08T13:17:18+00:00\",\"breadcrumb\":{\"@id\":\"https:\\\/\\\/www.teltat.fi\\\/de\\\/produkt\\\/tritttisch-5-ebenen\\\/#breadcrumb\"},\"inLanguage\":\"de\",\"potentialAction\":[{\"@type\":\"ReadAction\",\"target\":[\"https:\\\/\\\/www.teltat.fi\\\/de\\\/produkt\\\/tritttisch-5-ebenen\\\/\"]}]},{\"@type\":\"ImageObject\",\"inLanguage\":\"de\",\"@id\":\"https:\\\/\\\/www.teltat.fi\\\/de\\\/produkt\\\/tritttisch-5-ebenen\\\/#primaryimage\",\"url\":\"https:\\\/\\\/www.teltat.fi\\\/wp-content\\\/uploads\\\/2023\\\/02\\\/Porraspoyta5.jpg\",\"contentUrl\":\"https:\\\/\\\/www.teltat.fi\\\/wp-content\\\/uploads\\\/2023\\\/02\\\/Porraspoyta5.jpg\",\"width\":1000,\"height\":1000},{\"@type\":\"BreadcrumbList\",\"@id\":\"https:\\\/\\\/www.teltat.fi\\\/de\\\/produkt\\\/tritttisch-5-ebenen\\\/#breadcrumb\",\"itemListElement\":[{\"@type\":\"ListItem\",\"position\":1,\"name\":\"Hauptseite\",\"item\":\"https:\\\/\\\/www.teltat.fi\\\/de\\\/nopsa-popup-zelte-und-zubehoer\\\/\"},{\"@type\":\"ListItem\",\"position\":2,\"name\":\"Laden\",\"item\":\"https:\\\/\\\/www.teltat.fi\\\/de\\\/laden\\\/\"},{\"@type\":\"ListItem\",\"position\":3,\"name\":\"Verkaufstische und -st\u00e4nder\",\"item\":\"https:\\\/\\\/www.teltat.fi\\\/de\\\/produktkategorie\\\/verkaufstische-und-stander\\\/\"},{\"@type\":\"ListItem\",\"position\":4,\"name\":\"Verkaufstische\",\"item\":\"https:\\\/\\\/www.teltat.fi\\\/de\\\/produktkategorie\\\/verkaufstische-und-stander\\\/verkaufstische\\\/\"},{\"@type\":\"ListItem\",\"position\":5,\"name\":\"Tritttisch 5 Ebenen\"}]},{\"@type\":\"WebSite\",\"@id\":\"https:\\\/\\\/www.teltat.fi\\\/de\\\/#website\",\"url\":\"https:\\\/\\\/www.teltat.fi\\\/de\\\/\",\"name\":\"Nopsa\",\"description\":\"Pop-up teltat ja tarvikkeet kaikkiin tapahtumiin\",\"publisher\":{\"@id\":\"https:\\\/\\\/www.teltat.fi\\\/de\\\/#organization\"},\"alternateName\":\"Nopsa popup teltat\",\"potentialAction\":[{\"@type\":\"SearchAction\",\"target\":{\"@type\":\"EntryPoint\",\"urlTemplate\":\"https:\\\/\\\/www.teltat.fi\\\/de\\\/?s={search_term_string}\"},\"query-input\":{\"@type\":\"PropertyValueSpecification\",\"valueRequired\":true,\"valueName\":\"search_term_string\"}}],\"inLanguage\":\"de\"},{\"@type\":\"Organization\",\"@id\":\"https:\\\/\\\/www.teltat.fi\\\/de\\\/#organization\",\"name\":\"www.teltat.fi\",\"alternateName\":\"Nopsa Pop-up-Zelte und Zubeh\u00f6r\",\"url\":\"https:\\\/\\\/www.teltat.fi\\\/de\\\/\",\"logo\":{\"@type\":\"ImageObject\",\"inLanguage\":\"de\",\"@id\":\"https:\\\/\\\/www.teltat.fi\\\/de\\\/#\\\/schema\\\/logo\\\/image\\\/\",\"url\":\"https:\\\/\\\/www.teltat.fi\\\/wp-content\\\/uploads\\\/2025\\\/03\\\/Nopsa-logo-white-no-circle-RGB.svg\",\"contentUrl\":\"https:\\\/\\\/www.teltat.fi\\\/wp-content\\\/uploads\\\/2025\\\/03\\\/Nopsa-logo-white-no-circle-RGB.svg\",\"width\":1080,\"height\":548,\"caption\":\"www.teltat.fi\"},\"image\":{\"@id\":\"https:\\\/\\\/www.teltat.fi\\\/de\\\/#\\\/schema\\\/logo\\\/image\\\/\"},\"sameAs\":[\"https:\\\/\\\/www.facebook.com\\\/teltat.fi\\\/\"],\"email\":\"myynti@teltat.fi\",\"telephone\":\"+358105260424\",\"foundingDate\":\"1994-05-18\",\"vatID\":\"FI09519220\",\"numberOfEmployees\":{\"@type\":\"QuantitativeValue\",\"minValue\":\"1\",\"maxValue\":\"10\"}}]}<\/script>\n<!-- \/ Yoast SEO Premium plugin. -->","yoast_head_json":{"title":"Tritttisch 5 Ebenen","robots":{"index":"index","follow":"follow","max-snippet":"max-snippet:-1","max-image-preview":"max-image-preview:large","max-video-preview":"max-video-preview:-1"},"canonical":"https:\/\/www.teltat.fi\/de\/produkt\/tritttisch-5-ebenen\/","og_locale":"de_DE","og_type":"article","og_title":"Tritttisch 5 Ebenen","og_description":"Mit diesem klappbaren 5-stufigen Tritttisch k\u00f6nnen Sie Ihre Produkte einfach und eindrucksvoll pr\u00e4sentieren. Der Tritttisch kann auch als 3-stufiger Tisch verwendet werden, wodurch weniger Platz ben\u00f6tigt wird. Der Tritttisch besteht aus robustem Aluminium und h\u00e4lt daher hohen Belastungen stand. Das verwendete Aluminium als Fertigungsmaterial sorgt zudem f\u00fcr ein geringeres Gesamtgewicht des Tisches. &nbsp; Technische Informationen: Ebenenh\u00f6hen vom Boden: Ebene 1 51 cm, Ebene 2 71 cm, Ebene 3 91 cm, Ebene 4 110 cm und Ebene 5 129 cm Im vollst\u00e4ndig ge\u00f6ffneten Zustand nimmt der Tritttisch folgenden Platz ein: Breite 153cm und Tiefe 170cm Die Gr\u00f6\u00dfe der Plattform betr\u00e4gt 148x34cm.","og_url":"https:\/\/www.teltat.fi\/de\/produkt\/tritttisch-5-ebenen\/","og_site_name":"Nopsa","article_publisher":"https:\/\/www.facebook.com\/teltat.fi\/","og_image":[{"width":1000,"height":1000,"url":"https:\/\/i0.wp.com\/dev.teltat.fi\/wp-content\/uploads\/2023\/02\/Porraspoyta5.jpg?fit=1000%2C1000&ssl=1","type":"image\/jpeg"}],"twitter_card":"summary_large_image","twitter_misc":{"Gesch\u00e4tzte Lesezeit":"1\u00a0Minute"},"schema":{"@context":"https:\/\/schema.org","@graph":[{"@type":["WebPage","ItemPage"],"@id":"https:\/\/www.teltat.fi\/de\/produkt\/tritttisch-5-ebenen\/","url":"https:\/\/www.teltat.fi\/de\/produkt\/tritttisch-5-ebenen\/","name":"Tritttisch 5 Ebenen","isPartOf":{"@id":"https:\/\/www.teltat.fi\/de\/#website"},"primaryImageOfPage":{"@id":"https:\/\/www.teltat.fi\/de\/produkt\/tritttisch-5-ebenen\/#primaryimage"},"image":{"@id":"https:\/\/www.teltat.fi\/de\/produkt\/tritttisch-5-ebenen\/#primaryimage"},"thumbnailUrl":"https:\/\/www.teltat.fi\/wp-content\/uploads\/2023\/02\/Porraspoyta5.jpg","datePublished":"2023-02-08T13:17:18+00:00","breadcrumb":{"@id":"https:\/\/www.teltat.fi\/de\/produkt\/tritttisch-5-ebenen\/#breadcrumb"},"inLanguage":"de","potentialAction":[{"@type":"ReadAction","target":["https:\/\/www.teltat.fi\/de\/produkt\/tritttisch-5-ebenen\/"]}]},{"@type":"ImageObject","inLanguage":"de","@id":"https:\/\/www.teltat.fi\/de\/produkt\/tritttisch-5-ebenen\/#primaryimage","url":"https:\/\/www.teltat.fi\/wp-content\/uploads\/2023\/02\/Porraspoyta5.jpg","contentUrl":"https:\/\/www.teltat.fi\/wp-content\/uploads\/2023\/02\/Porraspoyta5.jpg","width":1000,"height":1000},{"@type":"BreadcrumbList","@id":"https:\/\/www.teltat.fi\/de\/produkt\/tritttisch-5-ebenen\/#breadcrumb","itemListElement":[{"@type":"ListItem","position":1,"name":"Hauptseite","item":"https:\/\/www.teltat.fi\/de\/nopsa-popup-zelte-und-zubehoer\/"},{"@type":"ListItem","position":2,"name":"Laden","item":"https:\/\/www.teltat.fi\/de\/laden\/"},{"@type":"ListItem","position":3,"name":"Verkaufstische und -st\u00e4nder","item":"https:\/\/www.teltat.fi\/de\/produktkategorie\/verkaufstische-und-stander\/"},{"@type":"ListItem","position":4,"name":"Verkaufstische","item":"https:\/\/www.teltat.fi\/de\/produktkategorie\/verkaufstische-und-stander\/verkaufstische\/"},{"@type":"ListItem","position":5,"name":"Tritttisch 5 Ebenen"}]},{"@type":"WebSite","@id":"https:\/\/www.teltat.fi\/de\/#website","url":"https:\/\/www.teltat.fi\/de\/","name":"Nopsa","description":"Pop-up teltat ja tarvikkeet kaikkiin tapahtumiin","publisher":{"@id":"https:\/\/www.teltat.fi\/de\/#organization"},"alternateName":"Nopsa popup teltat","potentialAction":[{"@type":"SearchAction","target":{"@type":"EntryPoint","urlTemplate":"https:\/\/www.teltat.fi\/de\/?s={search_term_string}"},"query-input":{"@type":"PropertyValueSpecification","valueRequired":true,"valueName":"search_term_string"}}],"inLanguage":"de"},{"@type":"Organization","@id":"https:\/\/www.teltat.fi\/de\/#organization","name":"www.teltat.fi","alternateName":"Nopsa Pop-up-Zelte und Zubeh\u00f6r","url":"https:\/\/www.teltat.fi\/de\/","logo":{"@type":"ImageObject","inLanguage":"de","@id":"https:\/\/www.teltat.fi\/de\/#\/schema\/logo\/image\/","url":"https:\/\/www.teltat.fi\/wp-content\/uploads\/2025\/03\/Nopsa-logo-white-no-circle-RGB.svg","contentUrl":"https:\/\/www.teltat.fi\/wp-content\/uploads\/2025\/03\/Nopsa-logo-white-no-circle-RGB.svg","width":1080,"height":548,"caption":"www.teltat.fi"},"image":{"@id":"https:\/\/www.teltat.fi\/de\/#\/schema\/logo\/image\/"},"sameAs":["https:\/\/www.facebook.com\/teltat.fi\/"],"email":"myynti@teltat.fi","telephone":"+358105260424","foundingDate":"1994-05-18","vatID":"FI09519220","numberOfEmployees":{"@type":"QuantitativeValue","minValue":"1","maxValue":"10"}}]}},"_links":{"self":[{"href":"https:\/\/www.teltat.fi\/de\/wp-json\/wp\/v2\/product\/24929","targetHints":{"allow":["GET"]}}],"collection":[{"href":"https:\/\/www.teltat.fi\/de\/wp-json\/wp\/v2\/product"}],"about":[{"href":"https:\/\/www.teltat.fi\/de\/wp-json\/wp\/v2\/types\/product"}],"version-history":[{"count":0,"href":"https:\/\/www.teltat.fi\/de\/wp-json\/wp\/v2\/product\/24929\/revisions"}],"wp:featuredmedia":[{"embeddable":true,"href":"https:\/\/www.teltat.fi\/de\/wp-json\/wp\/v2\/media\/21275"}],"wp:attachment":[{"href":"https:\/\/www.teltat.fi\/de\/wp-json\/wp\/v2\/media?parent=24929"}],"wp:term":[{"taxonomy":"product_brand","embeddable":true,"href":"https:\/\/www.teltat.fi\/de\/wp-json\/wp\/v2\/product_brand?post=24929"},{"taxonomy":"product_cat","embeddable":true,"href":"https:\/\/www.teltat.fi\/de\/wp-json\/wp\/v2\/product_cat?post=24929"},{"taxonomy":"product_tag","embeddable":true,"href":"https:\/\/www.teltat.fi\/de\/wp-json\/wp\/v2\/product_tag?post=24929"}],"curies":[{"name":"wp","href":"https:\/\/api.w.org\/{rel}","templated":true}]}}