{"id":25107,"date":"2023-02-08T13:17:48","date_gmt":"2023-02-08T13:17:48","guid":{"rendered":"https:\/\/www.teltat.fi\/tuote\/plattenbein-16-kg\/"},"modified":"2023-02-08T13:17:48","modified_gmt":"2023-02-08T10:17:48","slug":"plattenbein-16-kg","status":"publish","type":"product","link":"https:\/\/www.teltat.fi\/de\/produkt\/plattenbein-16-kg\/","title":{"rendered":"Plattenbein 16 kg"},"content":{"rendered":"<h2>Produkteigenschaften:<\/h2>\n<ul>\n<li>kleiner Radius an den Beinen<\/li>\n<li>Flache Tellerf\u00fc\u00dfe behindern die Bewegung um den Tellerfu\u00df herum weniger.<\/li>\n<li>Es besteht die M\u00f6glichkeit, 3 Stahlgewichte an der Plattenbasis aufzuh\u00e4ngen (m\u00fcssen separat erworben werden)<\/li>\n<li>geringes Transportma\u00df<\/li>\n<li>leicht zu \u00f6ffnen und zu schlie\u00dfen<\/li>\n<\/ul>\n","protected":false},"excerpt":{"rendered":"<p>Produkteigenschaften: kleiner Radius an den Beinen Flache Tellerf\u00fc\u00dfe behindern die Bewegung um den Tellerfu\u00df herum weniger. Es besteht die M\u00f6glichkeit, 3 Stahlgewichte an der Plattenbasis aufzuh\u00e4ngen (m\u00fcssen separat erworben werden) geringes Transportma\u00df leicht zu \u00f6ffnen und zu schlie\u00dfen<\/p>\n","protected":false},"featured_media":21312,"template":"","meta":{"_acf_changed":false,"_eb_attr":"","site-sidebar-layout":"default","site-content-layout":"","ast-site-content-layout":"default","site-content-style":"default","site-sidebar-style":"default","ast-global-header-display":"","ast-banner-title-visibility":"","ast-main-header-display":"","ast-hfb-above-header-display":"","ast-hfb-below-header-display":"","ast-hfb-mobile-header-display":"","site-post-title":"","ast-breadcrumbs-content":"","ast-featured-img":"","footer-sml-layout":"","ast-disable-related-posts":"","theme-transparent-header-meta":"default","adv-header-id-meta":"","stick-header-meta":"","header-above-stick-meta":"","header-main-stick-meta":"","header-below-stick-meta":"","astra-migrate-meta-layouts":"default","ast-page-background-enabled":"default","ast-page-background-meta":{"desktop":{"background-color":"var(--ast-global-color-5)","background-image":"","background-repeat":"repeat","background-position":"center center","background-size":"auto","background-attachment":"scroll","background-type":"","background-media":"","overlay-type":"","overlay-color":"","overlay-opacity":"","overlay-gradient":""},"tablet":{"background-color":"","background-image":"","background-repeat":"repeat","background-position":"center center","background-size":"auto","background-attachment":"scroll","background-type":"","background-media":"","overlay-type":"","overlay-color":"","overlay-opacity":"","overlay-gradient":""},"mobile":{"background-color":"","background-image":"","background-repeat":"repeat","background-position":"center center","background-size":"auto","background-attachment":"scroll","background-type":"","background-media":"","overlay-type":"","overlay-color":"","overlay-opacity":"","overlay-gradient":""}},"ast-content-background-meta":{"desktop":{"background-color":"var(--ast-global-color-4)","background-image":"","background-repeat":"repeat","background-position":"center center","background-size":"auto","background-attachment":"scroll","background-type":"","background-media":"","overlay-type":"","overlay-color":"","overlay-opacity":"","overlay-gradient":""},"tablet":{"background-color":"var(--ast-global-color-4)","background-image":"","background-repeat":"repeat","background-position":"center center","background-size":"auto","background-attachment":"scroll","background-type":"","background-media":"","overlay-type":"","overlay-color":"","overlay-opacity":"","overlay-gradient":""},"mobile":{"background-color":"var(--ast-global-color-4)","background-image":"","background-repeat":"repeat","background-position":"center center","background-size":"auto","background-attachment":"scroll","background-type":"","background-media":"","overlay-type":"","overlay-color":"","overlay-opacity":"","overlay-gradient":""}}},"product_brand":[],"product_cat":[416],"product_tag":[],"class_list":{"0":"post-25107","1":"product","2":"type-product","3":"status-publish","4":"has-post-thumbnail","6":"product_cat-schatten-zubehor","7":"desktop-align-left","8":"tablet-align-left","9":"mobile-align-left","11":"first","12":"instock","13":"taxable","14":"shipping-taxable","15":"purchasable","16":"product-type-simple"},"acf":[],"yoast_head":"<!-- This site is optimized with the Yoast SEO Premium plugin v24.5 (Yoast SEO v27.4) - https:\/\/yoast.com\/product\/yoast-seo-premium-wordpress\/ -->\n<title>Plattenbein 16 kg<\/title>\n<meta name=\"robots\" content=\"index, follow, max-snippet:-1, max-image-preview:large, max-video-preview:-1\" \/>\n<link rel=\"canonical\" href=\"https:\/\/www.teltat.fi\/de\/produkt\/plattenbein-16-kg\/\" \/>\n<meta property=\"og:locale\" content=\"de_DE\" \/>\n<meta property=\"og:type\" content=\"article\" \/>\n<meta property=\"og:title\" content=\"Plattenbein 16 kg\" \/>\n<meta property=\"og:description\" content=\"Produkteigenschaften: kleiner Radius an den Beinen Flache Tellerf\u00fc\u00dfe behindern die Bewegung um den Tellerfu\u00df herum weniger. Es besteht die M\u00f6glichkeit, 3 Stahlgewichte an der Plattenbasis aufzuh\u00e4ngen (m\u00fcssen separat erworben werden) geringes Transportma\u00df leicht zu \u00f6ffnen und zu schlie\u00dfen\" \/>\n<meta property=\"og:url\" content=\"https:\/\/www.teltat.fi\/de\/produkt\/plattenbein-16-kg\/\" \/>\n<meta property=\"og:site_name\" content=\"Nopsa\" \/>\n<meta property=\"article:publisher\" content=\"https:\/\/www.facebook.com\/teltat.fi\/\" \/>\n<meta property=\"og:image\" content=\"https:\/\/i0.wp.com\/dev.teltat.fi\/wp-content\/uploads\/2023\/02\/Levyjalka1.jpg?fit=1000%2C1000&ssl=1\" \/>\n\t<meta property=\"og:image:width\" content=\"1000\" \/>\n\t<meta property=\"og:image:height\" content=\"1000\" \/>\n\t<meta property=\"og:image:type\" content=\"image\/jpeg\" \/>\n<meta name=\"twitter:card\" content=\"summary_large_image\" \/>\n<script type=\"application\/ld+json\" class=\"yoast-schema-graph\">{\"@context\":\"https:\\\/\\\/schema.org\",\"@graph\":[{\"@type\":[\"WebPage\",\"ItemPage\"],\"@id\":\"https:\\\/\\\/www.teltat.fi\\\/de\\\/produkt\\\/plattenbein-16-kg\\\/\",\"url\":\"https:\\\/\\\/www.teltat.fi\\\/de\\\/produkt\\\/plattenbein-16-kg\\\/\",\"name\":\"Plattenbein 16 kg\",\"isPartOf\":{\"@id\":\"https:\\\/\\\/www.teltat.fi\\\/de\\\/#website\"},\"primaryImageOfPage\":{\"@id\":\"https:\\\/\\\/www.teltat.fi\\\/de\\\/produkt\\\/plattenbein-16-kg\\\/#primaryimage\"},\"image\":{\"@id\":\"https:\\\/\\\/www.teltat.fi\\\/de\\\/produkt\\\/plattenbein-16-kg\\\/#primaryimage\"},\"thumbnailUrl\":\"https:\\\/\\\/www.teltat.fi\\\/wp-content\\\/uploads\\\/2023\\\/02\\\/Levyjalka1.jpg\",\"datePublished\":\"2023-02-08T13:17:48+00:00\",\"breadcrumb\":{\"@id\":\"https:\\\/\\\/www.teltat.fi\\\/de\\\/produkt\\\/plattenbein-16-kg\\\/#breadcrumb\"},\"inLanguage\":\"de\",\"potentialAction\":[{\"@type\":\"ReadAction\",\"target\":[\"https:\\\/\\\/www.teltat.fi\\\/de\\\/produkt\\\/plattenbein-16-kg\\\/\"]}]},{\"@type\":\"ImageObject\",\"inLanguage\":\"de\",\"@id\":\"https:\\\/\\\/www.teltat.fi\\\/de\\\/produkt\\\/plattenbein-16-kg\\\/#primaryimage\",\"url\":\"https:\\\/\\\/www.teltat.fi\\\/wp-content\\\/uploads\\\/2023\\\/02\\\/Levyjalka1.jpg\",\"contentUrl\":\"https:\\\/\\\/www.teltat.fi\\\/wp-content\\\/uploads\\\/2023\\\/02\\\/Levyjalka1.jpg\",\"width\":1000,\"height\":1000},{\"@type\":\"BreadcrumbList\",\"@id\":\"https:\\\/\\\/www.teltat.fi\\\/de\\\/produkt\\\/plattenbein-16-kg\\\/#breadcrumb\",\"itemListElement\":[{\"@type\":\"ListItem\",\"position\":1,\"name\":\"Hauptseite\",\"item\":\"https:\\\/\\\/www.teltat.fi\\\/de\\\/nopsa-popup-zelte-und-zubehoer\\\/\"},{\"@type\":\"ListItem\",\"position\":2,\"name\":\"Laden\",\"item\":\"https:\\\/\\\/www.teltat.fi\\\/de\\\/laden\\\/\"},{\"@type\":\"ListItem\",\"position\":3,\"name\":\"Sonnenschirme\",\"item\":\"https:\\\/\\\/www.teltat.fi\\\/de\\\/produktkategorie\\\/sonnenschirme\\\/\"},{\"@type\":\"ListItem\",\"position\":4,\"name\":\"H\u00e4lfte\",\"item\":\"https:\\\/\\\/www.teltat.fi\\\/de\\\/produktkategorie\\\/sonnenschirme\\\/halfte\\\/\"},{\"@type\":\"ListItem\",\"position\":5,\"name\":\"1,5x4m Lambert halber Sonnenschirm\",\"item\":\"https:\\\/\\\/www.teltat.fi\\\/de\\\/produkt\\\/15x4m-lambert-halber-sonnenschirm\\\/\"},{\"@type\":\"ListItem\",\"position\":6,\"name\":\"Plattenbein 16 kg\"}]},{\"@type\":\"WebSite\",\"@id\":\"https:\\\/\\\/www.teltat.fi\\\/de\\\/#website\",\"url\":\"https:\\\/\\\/www.teltat.fi\\\/de\\\/\",\"name\":\"Nopsa\",\"description\":\"Pop-up teltat ja tarvikkeet kaikkiin tapahtumiin\",\"publisher\":{\"@id\":\"https:\\\/\\\/www.teltat.fi\\\/de\\\/#organization\"},\"alternateName\":\"Nopsa popup teltat\",\"potentialAction\":[{\"@type\":\"SearchAction\",\"target\":{\"@type\":\"EntryPoint\",\"urlTemplate\":\"https:\\\/\\\/www.teltat.fi\\\/de\\\/?s={search_term_string}\"},\"query-input\":{\"@type\":\"PropertyValueSpecification\",\"valueRequired\":true,\"valueName\":\"search_term_string\"}}],\"inLanguage\":\"de\"},{\"@type\":\"Organization\",\"@id\":\"https:\\\/\\\/www.teltat.fi\\\/de\\\/#organization\",\"name\":\"www.teltat.fi\",\"alternateName\":\"Nopsa Pop-up-Zelte und Zubeh\u00f6r\",\"url\":\"https:\\\/\\\/www.teltat.fi\\\/de\\\/\",\"logo\":{\"@type\":\"ImageObject\",\"inLanguage\":\"de\",\"@id\":\"https:\\\/\\\/www.teltat.fi\\\/de\\\/#\\\/schema\\\/logo\\\/image\\\/\",\"url\":\"https:\\\/\\\/www.teltat.fi\\\/wp-content\\\/uploads\\\/2025\\\/03\\\/Nopsa-logo-white-no-circle-RGB.svg\",\"contentUrl\":\"https:\\\/\\\/www.teltat.fi\\\/wp-content\\\/uploads\\\/2025\\\/03\\\/Nopsa-logo-white-no-circle-RGB.svg\",\"width\":1080,\"height\":548,\"caption\":\"www.teltat.fi\"},\"image\":{\"@id\":\"https:\\\/\\\/www.teltat.fi\\\/de\\\/#\\\/schema\\\/logo\\\/image\\\/\"},\"sameAs\":[\"https:\\\/\\\/www.facebook.com\\\/teltat.fi\\\/\"],\"email\":\"myynti@teltat.fi\",\"telephone\":\"+358105260424\",\"foundingDate\":\"1994-05-18\",\"vatID\":\"FI09519220\",\"numberOfEmployees\":{\"@type\":\"QuantitativeValue\",\"minValue\":\"1\",\"maxValue\":\"10\"}}]}<\/script>\n<!-- \/ Yoast SEO Premium plugin. -->","yoast_head_json":{"title":"Plattenbein 16 kg","robots":{"index":"index","follow":"follow","max-snippet":"max-snippet:-1","max-image-preview":"max-image-preview:large","max-video-preview":"max-video-preview:-1"},"canonical":"https:\/\/www.teltat.fi\/de\/produkt\/plattenbein-16-kg\/","og_locale":"de_DE","og_type":"article","og_title":"Plattenbein 16 kg","og_description":"Produkteigenschaften: kleiner Radius an den Beinen Flache Tellerf\u00fc\u00dfe behindern die Bewegung um den Tellerfu\u00df herum weniger. Es besteht die M\u00f6glichkeit, 3 Stahlgewichte an der Plattenbasis aufzuh\u00e4ngen (m\u00fcssen separat erworben werden) geringes Transportma\u00df leicht zu \u00f6ffnen und zu schlie\u00dfen","og_url":"https:\/\/www.teltat.fi\/de\/produkt\/plattenbein-16-kg\/","og_site_name":"Nopsa","article_publisher":"https:\/\/www.facebook.com\/teltat.fi\/","og_image":[{"width":1000,"height":1000,"url":"https:\/\/i0.wp.com\/dev.teltat.fi\/wp-content\/uploads\/2023\/02\/Levyjalka1.jpg?fit=1000%2C1000&ssl=1","type":"image\/jpeg"}],"twitter_card":"summary_large_image","schema":{"@context":"https:\/\/schema.org","@graph":[{"@type":["WebPage","ItemPage"],"@id":"https:\/\/www.teltat.fi\/de\/produkt\/plattenbein-16-kg\/","url":"https:\/\/www.teltat.fi\/de\/produkt\/plattenbein-16-kg\/","name":"Plattenbein 16 kg","isPartOf":{"@id":"https:\/\/www.teltat.fi\/de\/#website"},"primaryImageOfPage":{"@id":"https:\/\/www.teltat.fi\/de\/produkt\/plattenbein-16-kg\/#primaryimage"},"image":{"@id":"https:\/\/www.teltat.fi\/de\/produkt\/plattenbein-16-kg\/#primaryimage"},"thumbnailUrl":"https:\/\/www.teltat.fi\/wp-content\/uploads\/2023\/02\/Levyjalka1.jpg","datePublished":"2023-02-08T13:17:48+00:00","breadcrumb":{"@id":"https:\/\/www.teltat.fi\/de\/produkt\/plattenbein-16-kg\/#breadcrumb"},"inLanguage":"de","potentialAction":[{"@type":"ReadAction","target":["https:\/\/www.teltat.fi\/de\/produkt\/plattenbein-16-kg\/"]}]},{"@type":"ImageObject","inLanguage":"de","@id":"https:\/\/www.teltat.fi\/de\/produkt\/plattenbein-16-kg\/#primaryimage","url":"https:\/\/www.teltat.fi\/wp-content\/uploads\/2023\/02\/Levyjalka1.jpg","contentUrl":"https:\/\/www.teltat.fi\/wp-content\/uploads\/2023\/02\/Levyjalka1.jpg","width":1000,"height":1000},{"@type":"BreadcrumbList","@id":"https:\/\/www.teltat.fi\/de\/produkt\/plattenbein-16-kg\/#breadcrumb","itemListElement":[{"@type":"ListItem","position":1,"name":"Hauptseite","item":"https:\/\/www.teltat.fi\/de\/nopsa-popup-zelte-und-zubehoer\/"},{"@type":"ListItem","position":2,"name":"Laden","item":"https:\/\/www.teltat.fi\/de\/laden\/"},{"@type":"ListItem","position":3,"name":"Sonnenschirme","item":"https:\/\/www.teltat.fi\/de\/produktkategorie\/sonnenschirme\/"},{"@type":"ListItem","position":4,"name":"H\u00e4lfte","item":"https:\/\/www.teltat.fi\/de\/produktkategorie\/sonnenschirme\/halfte\/"},{"@type":"ListItem","position":5,"name":"1,5x4m Lambert halber Sonnenschirm","item":"https:\/\/www.teltat.fi\/de\/produkt\/15x4m-lambert-halber-sonnenschirm\/"},{"@type":"ListItem","position":6,"name":"Plattenbein 16 kg"}]},{"@type":"WebSite","@id":"https:\/\/www.teltat.fi\/de\/#website","url":"https:\/\/www.teltat.fi\/de\/","name":"Nopsa","description":"Pop-up teltat ja tarvikkeet kaikkiin tapahtumiin","publisher":{"@id":"https:\/\/www.teltat.fi\/de\/#organization"},"alternateName":"Nopsa popup teltat","potentialAction":[{"@type":"SearchAction","target":{"@type":"EntryPoint","urlTemplate":"https:\/\/www.teltat.fi\/de\/?s={search_term_string}"},"query-input":{"@type":"PropertyValueSpecification","valueRequired":true,"valueName":"search_term_string"}}],"inLanguage":"de"},{"@type":"Organization","@id":"https:\/\/www.teltat.fi\/de\/#organization","name":"www.teltat.fi","alternateName":"Nopsa Pop-up-Zelte und Zubeh\u00f6r","url":"https:\/\/www.teltat.fi\/de\/","logo":{"@type":"ImageObject","inLanguage":"de","@id":"https:\/\/www.teltat.fi\/de\/#\/schema\/logo\/image\/","url":"https:\/\/www.teltat.fi\/wp-content\/uploads\/2025\/03\/Nopsa-logo-white-no-circle-RGB.svg","contentUrl":"https:\/\/www.teltat.fi\/wp-content\/uploads\/2025\/03\/Nopsa-logo-white-no-circle-RGB.svg","width":1080,"height":548,"caption":"www.teltat.fi"},"image":{"@id":"https:\/\/www.teltat.fi\/de\/#\/schema\/logo\/image\/"},"sameAs":["https:\/\/www.facebook.com\/teltat.fi\/"],"email":"myynti@teltat.fi","telephone":"+358105260424","foundingDate":"1994-05-18","vatID":"FI09519220","numberOfEmployees":{"@type":"QuantitativeValue","minValue":"1","maxValue":"10"}}]}},"_links":{"self":[{"href":"https:\/\/www.teltat.fi\/de\/wp-json\/wp\/v2\/product\/25107","targetHints":{"allow":["GET"]}}],"collection":[{"href":"https:\/\/www.teltat.fi\/de\/wp-json\/wp\/v2\/product"}],"about":[{"href":"https:\/\/www.teltat.fi\/de\/wp-json\/wp\/v2\/types\/product"}],"version-history":[{"count":0,"href":"https:\/\/www.teltat.fi\/de\/wp-json\/wp\/v2\/product\/25107\/revisions"}],"wp:featuredmedia":[{"embeddable":true,"href":"https:\/\/www.teltat.fi\/de\/wp-json\/wp\/v2\/media\/21312"}],"wp:attachment":[{"href":"https:\/\/www.teltat.fi\/de\/wp-json\/wp\/v2\/media?parent=25107"}],"wp:term":[{"taxonomy":"product_brand","embeddable":true,"href":"https:\/\/www.teltat.fi\/de\/wp-json\/wp\/v2\/product_brand?post=25107"},{"taxonomy":"product_cat","embeddable":true,"href":"https:\/\/www.teltat.fi\/de\/wp-json\/wp\/v2\/product_cat?post=25107"},{"taxonomy":"product_tag","embeddable":true,"href":"https:\/\/www.teltat.fi\/de\/wp-json\/wp\/v2\/product_tag?post=25107"}],"curies":[{"name":"wp","href":"https:\/\/api.w.org\/{rel}","templated":true}]}}