{"id":25136,"date":"2023-02-08T13:07:19","date_gmt":"2023-02-08T10:07:19","guid":{"rendered":"https:\/\/www.teltat.fi\/tuote\/schwenkkopf-mit-kette\/"},"modified":"2023-02-08T13:17:19","modified_gmt":"2023-02-08T10:17:19","slug":"schwenkkopf-mit-kette","status":"publish","type":"product","link":"https:\/\/www.teltat.fi\/de\/produkt\/schwenkkopf-mit-kette\/","title":{"rendered":"Schwenkkopf mit Kette"},"content":{"rendered":"<h2>Produktmerkmale<\/h2>\n<ul>\n<li>Aus verzinktem Stahl.<\/li>\n<li>Robustes Modell<\/li>\n<li>Vorgesehen f\u00fcr Faltk\u00f6rbe, Holzk\u00f6rbe etc. <\/li>\n<li>Kette verstellbar H\u00f6he 61-74cm \/ Tiefe bis 58cm<\/li>\n<li>120cm breit<\/li>\n<li>Faltbar<\/li>\n<\/ul>\n","protected":false},"excerpt":{"rendered":"<p>Produktmerkmale Aus verzinktem Stahl. Robustes Modell Vorgesehen f\u00fcr Faltk\u00f6rbe, Holzk\u00f6rbe etc. Kette verstellbar H\u00f6he 61-74cm \/ Tiefe bis 58cm 120cm breit Faltbar<\/p>\n","protected":false},"featured_media":21288,"template":"","meta":{"_acf_changed":false,"_eb_attr":"","site-sidebar-layout":"default","site-content-layout":"","ast-site-content-layout":"default","site-content-style":"default","site-sidebar-style":"default","ast-global-header-display":"","ast-banner-title-visibility":"","ast-main-header-display":"","ast-hfb-above-header-display":"","ast-hfb-below-header-display":"","ast-hfb-mobile-header-display":"","site-post-title":"","ast-breadcrumbs-content":"","ast-featured-img":"","footer-sml-layout":"","ast-disable-related-posts":"","theme-transparent-header-meta":"default","adv-header-id-meta":"","stick-header-meta":"","header-above-stick-meta":"","header-main-stick-meta":"","header-below-stick-meta":"","astra-migrate-meta-layouts":"default","ast-page-background-enabled":"default","ast-page-background-meta":{"desktop":{"background-color":"var(--ast-global-color-5)","background-image":"","background-repeat":"repeat","background-position":"center center","background-size":"auto","background-attachment":"scroll","background-type":"","background-media":"","overlay-type":"","overlay-color":"","overlay-opacity":"","overlay-gradient":""},"tablet":{"background-color":"","background-image":"","background-repeat":"repeat","background-position":"center center","background-size":"auto","background-attachment":"scroll","background-type":"","background-media":"","overlay-type":"","overlay-color":"","overlay-opacity":"","overlay-gradient":""},"mobile":{"background-color":"","background-image":"","background-repeat":"repeat","background-position":"center center","background-size":"auto","background-attachment":"scroll","background-type":"","background-media":"","overlay-type":"","overlay-color":"","overlay-opacity":"","overlay-gradient":""}},"ast-content-background-meta":{"desktop":{"background-color":"var(--ast-global-color-4)","background-image":"","background-repeat":"repeat","background-position":"center center","background-size":"auto","background-attachment":"scroll","background-type":"","background-media":"","overlay-type":"","overlay-color":"","overlay-opacity":"","overlay-gradient":""},"tablet":{"background-color":"var(--ast-global-color-4)","background-image":"","background-repeat":"repeat","background-position":"center center","background-size":"auto","background-attachment":"scroll","background-type":"","background-media":"","overlay-type":"","overlay-color":"","overlay-opacity":"","overlay-gradient":""},"mobile":{"background-color":"var(--ast-global-color-4)","background-image":"","background-repeat":"repeat","background-position":"center center","background-size":"auto","background-attachment":"scroll","background-type":"","background-media":"","overlay-type":"","overlay-color":"","overlay-opacity":"","overlay-gradient":""}}},"product_brand":[],"product_cat":[402],"product_tag":[],"class_list":{"0":"post-25136","1":"product","2":"type-product","3":"status-publish","4":"has-post-thumbnail","6":"product_cat-diagonale","7":"desktop-align-left","8":"tablet-align-left","9":"mobile-align-left","11":"first","12":"instock","13":"taxable","14":"shipping-taxable","15":"purchasable","16":"product-type-simple"},"acf":[],"yoast_head":"<!-- This site is optimized with the Yoast SEO Premium plugin v24.5 (Yoast SEO v27.4) - https:\/\/yoast.com\/product\/yoast-seo-premium-wordpress\/ -->\n<title>Schwenkkopf mit Kette<\/title>\n<meta name=\"robots\" content=\"index, follow, max-snippet:-1, max-image-preview:large, max-video-preview:-1\" \/>\n<link rel=\"canonical\" href=\"https:\/\/www.teltat.fi\/de\/produkt\/schwenkkopf-mit-kette\/\" \/>\n<meta property=\"og:locale\" content=\"de_DE\" \/>\n<meta property=\"og:type\" content=\"article\" \/>\n<meta property=\"og:title\" content=\"Schwenkkopf mit Kette\" \/>\n<meta property=\"og:description\" content=\"Produktmerkmale Aus verzinktem Stahl. Robustes Modell Vorgesehen f\u00fcr Faltk\u00f6rbe, Holzk\u00f6rbe etc. Kette verstellbar H\u00f6he 61-74cm \/ Tiefe bis 58cm 120cm breit Faltbar\" \/>\n<meta property=\"og:url\" content=\"https:\/\/www.teltat.fi\/de\/produkt\/schwenkkopf-mit-kette\/\" \/>\n<meta property=\"og:site_name\" content=\"Nopsa\" \/>\n<meta property=\"article:publisher\" content=\"https:\/\/www.facebook.com\/teltat.fi\/\" \/>\n<meta property=\"article:modified_time\" content=\"2023-02-08T10:17:19+00:00\" \/>\n<meta property=\"og:image\" content=\"https:\/\/www.teltat.fi\/wp-content\/uploads\/2023\/02\/Vinopukki_ketjulla_laatikoille1.jpg\" \/>\n\t<meta property=\"og:image:width\" content=\"1000\" \/>\n\t<meta property=\"og:image:height\" content=\"1000\" \/>\n\t<meta property=\"og:image:type\" content=\"image\/jpeg\" \/>\n<meta name=\"twitter:card\" content=\"summary_large_image\" \/>\n<script type=\"application\/ld+json\" class=\"yoast-schema-graph\">{\"@context\":\"https:\\\/\\\/schema.org\",\"@graph\":[{\"@type\":[\"WebPage\",\"ItemPage\"],\"@id\":\"https:\\\/\\\/www.teltat.fi\\\/de\\\/produkt\\\/schwenkkopf-mit-kette\\\/\",\"url\":\"https:\\\/\\\/www.teltat.fi\\\/de\\\/produkt\\\/schwenkkopf-mit-kette\\\/\",\"name\":\"Schwenkkopf mit Kette\",\"isPartOf\":{\"@id\":\"https:\\\/\\\/www.teltat.fi\\\/de\\\/#website\"},\"primaryImageOfPage\":{\"@id\":\"https:\\\/\\\/www.teltat.fi\\\/de\\\/produkt\\\/schwenkkopf-mit-kette\\\/#primaryimage\"},\"image\":{\"@id\":\"https:\\\/\\\/www.teltat.fi\\\/de\\\/produkt\\\/schwenkkopf-mit-kette\\\/#primaryimage\"},\"thumbnailUrl\":\"https:\\\/\\\/www.teltat.fi\\\/wp-content\\\/uploads\\\/2023\\\/02\\\/Vinopukki_ketjulla_laatikoille1.jpg\",\"datePublished\":\"2023-02-08T10:07:19+00:00\",\"dateModified\":\"2023-02-08T10:17:19+00:00\",\"breadcrumb\":{\"@id\":\"https:\\\/\\\/www.teltat.fi\\\/de\\\/produkt\\\/schwenkkopf-mit-kette\\\/#breadcrumb\"},\"inLanguage\":\"de\",\"potentialAction\":[{\"@type\":\"ReadAction\",\"target\":[\"https:\\\/\\\/www.teltat.fi\\\/de\\\/produkt\\\/schwenkkopf-mit-kette\\\/\"]}]},{\"@type\":\"ImageObject\",\"inLanguage\":\"de\",\"@id\":\"https:\\\/\\\/www.teltat.fi\\\/de\\\/produkt\\\/schwenkkopf-mit-kette\\\/#primaryimage\",\"url\":\"https:\\\/\\\/www.teltat.fi\\\/wp-content\\\/uploads\\\/2023\\\/02\\\/Vinopukki_ketjulla_laatikoille1.jpg\",\"contentUrl\":\"https:\\\/\\\/www.teltat.fi\\\/wp-content\\\/uploads\\\/2023\\\/02\\\/Vinopukki_ketjulla_laatikoille1.jpg\",\"width\":1000,\"height\":1000},{\"@type\":\"BreadcrumbList\",\"@id\":\"https:\\\/\\\/www.teltat.fi\\\/de\\\/produkt\\\/schwenkkopf-mit-kette\\\/#breadcrumb\",\"itemListElement\":[{\"@type\":\"ListItem\",\"position\":1,\"name\":\"Hauptseite\",\"item\":\"https:\\\/\\\/www.teltat.fi\\\/de\\\/nopsa-popup-zelte-und-zubehoer\\\/\"},{\"@type\":\"ListItem\",\"position\":2,\"name\":\"Laden\",\"item\":\"https:\\\/\\\/www.teltat.fi\\\/de\\\/laden\\\/\"},{\"@type\":\"ListItem\",\"position\":3,\"name\":\"Verkaufstische und -st\u00e4nder\",\"item\":\"https:\\\/\\\/www.teltat.fi\\\/de\\\/produktkategorie\\\/verkaufstische-und-stander\\\/\"},{\"@type\":\"ListItem\",\"position\":4,\"name\":\"Bocktische\",\"item\":\"https:\\\/\\\/www.teltat.fi\\\/de\\\/produktkategorie\\\/verkaufstische-und-stander\\\/bocktische\\\/\"},{\"@type\":\"ListItem\",\"position\":5,\"name\":\"Diagonale\",\"item\":\"https:\\\/\\\/www.teltat.fi\\\/de\\\/produktkategorie\\\/verkaufstische-und-stander\\\/bocktische\\\/diagonale\\\/\"},{\"@type\":\"ListItem\",\"position\":6,\"name\":\"Schwenkkopf mit Kette\"}]},{\"@type\":\"WebSite\",\"@id\":\"https:\\\/\\\/www.teltat.fi\\\/de\\\/#website\",\"url\":\"https:\\\/\\\/www.teltat.fi\\\/de\\\/\",\"name\":\"Nopsa\",\"description\":\"Pop-up teltat ja tarvikkeet kaikkiin tapahtumiin\",\"publisher\":{\"@id\":\"https:\\\/\\\/www.teltat.fi\\\/de\\\/#organization\"},\"alternateName\":\"Nopsa popup teltat\",\"potentialAction\":[{\"@type\":\"SearchAction\",\"target\":{\"@type\":\"EntryPoint\",\"urlTemplate\":\"https:\\\/\\\/www.teltat.fi\\\/de\\\/?s={search_term_string}\"},\"query-input\":{\"@type\":\"PropertyValueSpecification\",\"valueRequired\":true,\"valueName\":\"search_term_string\"}}],\"inLanguage\":\"de\"},{\"@type\":\"Organization\",\"@id\":\"https:\\\/\\\/www.teltat.fi\\\/de\\\/#organization\",\"name\":\"www.teltat.fi\",\"alternateName\":\"Nopsa Pop-up-Zelte und Zubeh\u00f6r\",\"url\":\"https:\\\/\\\/www.teltat.fi\\\/de\\\/\",\"logo\":{\"@type\":\"ImageObject\",\"inLanguage\":\"de\",\"@id\":\"https:\\\/\\\/www.teltat.fi\\\/de\\\/#\\\/schema\\\/logo\\\/image\\\/\",\"url\":\"https:\\\/\\\/www.teltat.fi\\\/wp-content\\\/uploads\\\/2025\\\/03\\\/Nopsa-logo-white-no-circle-RGB.svg\",\"contentUrl\":\"https:\\\/\\\/www.teltat.fi\\\/wp-content\\\/uploads\\\/2025\\\/03\\\/Nopsa-logo-white-no-circle-RGB.svg\",\"width\":1080,\"height\":548,\"caption\":\"www.teltat.fi\"},\"image\":{\"@id\":\"https:\\\/\\\/www.teltat.fi\\\/de\\\/#\\\/schema\\\/logo\\\/image\\\/\"},\"sameAs\":[\"https:\\\/\\\/www.facebook.com\\\/teltat.fi\\\/\"],\"email\":\"myynti@teltat.fi\",\"telephone\":\"+358105260424\",\"foundingDate\":\"1994-05-18\",\"vatID\":\"FI09519220\",\"numberOfEmployees\":{\"@type\":\"QuantitativeValue\",\"minValue\":\"1\",\"maxValue\":\"10\"}}]}<\/script>\n<!-- \/ Yoast SEO Premium plugin. -->","yoast_head_json":{"title":"Schwenkkopf mit Kette","robots":{"index":"index","follow":"follow","max-snippet":"max-snippet:-1","max-image-preview":"max-image-preview:large","max-video-preview":"max-video-preview:-1"},"canonical":"https:\/\/www.teltat.fi\/de\/produkt\/schwenkkopf-mit-kette\/","og_locale":"de_DE","og_type":"article","og_title":"Schwenkkopf mit Kette","og_description":"Produktmerkmale Aus verzinktem Stahl. Robustes Modell Vorgesehen f\u00fcr Faltk\u00f6rbe, Holzk\u00f6rbe etc. Kette verstellbar H\u00f6he 61-74cm \/ Tiefe bis 58cm 120cm breit Faltbar","og_url":"https:\/\/www.teltat.fi\/de\/produkt\/schwenkkopf-mit-kette\/","og_site_name":"Nopsa","article_publisher":"https:\/\/www.facebook.com\/teltat.fi\/","article_modified_time":"2023-02-08T10:17:19+00:00","og_image":[{"width":1000,"height":1000,"url":"https:\/\/www.teltat.fi\/wp-content\/uploads\/2023\/02\/Vinopukki_ketjulla_laatikoille1.jpg","type":"image\/jpeg"}],"twitter_card":"summary_large_image","schema":{"@context":"https:\/\/schema.org","@graph":[{"@type":["WebPage","ItemPage"],"@id":"https:\/\/www.teltat.fi\/de\/produkt\/schwenkkopf-mit-kette\/","url":"https:\/\/www.teltat.fi\/de\/produkt\/schwenkkopf-mit-kette\/","name":"Schwenkkopf mit Kette","isPartOf":{"@id":"https:\/\/www.teltat.fi\/de\/#website"},"primaryImageOfPage":{"@id":"https:\/\/www.teltat.fi\/de\/produkt\/schwenkkopf-mit-kette\/#primaryimage"},"image":{"@id":"https:\/\/www.teltat.fi\/de\/produkt\/schwenkkopf-mit-kette\/#primaryimage"},"thumbnailUrl":"https:\/\/www.teltat.fi\/wp-content\/uploads\/2023\/02\/Vinopukki_ketjulla_laatikoille1.jpg","datePublished":"2023-02-08T10:07:19+00:00","dateModified":"2023-02-08T10:17:19+00:00","breadcrumb":{"@id":"https:\/\/www.teltat.fi\/de\/produkt\/schwenkkopf-mit-kette\/#breadcrumb"},"inLanguage":"de","potentialAction":[{"@type":"ReadAction","target":["https:\/\/www.teltat.fi\/de\/produkt\/schwenkkopf-mit-kette\/"]}]},{"@type":"ImageObject","inLanguage":"de","@id":"https:\/\/www.teltat.fi\/de\/produkt\/schwenkkopf-mit-kette\/#primaryimage","url":"https:\/\/www.teltat.fi\/wp-content\/uploads\/2023\/02\/Vinopukki_ketjulla_laatikoille1.jpg","contentUrl":"https:\/\/www.teltat.fi\/wp-content\/uploads\/2023\/02\/Vinopukki_ketjulla_laatikoille1.jpg","width":1000,"height":1000},{"@type":"BreadcrumbList","@id":"https:\/\/www.teltat.fi\/de\/produkt\/schwenkkopf-mit-kette\/#breadcrumb","itemListElement":[{"@type":"ListItem","position":1,"name":"Hauptseite","item":"https:\/\/www.teltat.fi\/de\/nopsa-popup-zelte-und-zubehoer\/"},{"@type":"ListItem","position":2,"name":"Laden","item":"https:\/\/www.teltat.fi\/de\/laden\/"},{"@type":"ListItem","position":3,"name":"Verkaufstische und -st\u00e4nder","item":"https:\/\/www.teltat.fi\/de\/produktkategorie\/verkaufstische-und-stander\/"},{"@type":"ListItem","position":4,"name":"Bocktische","item":"https:\/\/www.teltat.fi\/de\/produktkategorie\/verkaufstische-und-stander\/bocktische\/"},{"@type":"ListItem","position":5,"name":"Diagonale","item":"https:\/\/www.teltat.fi\/de\/produktkategorie\/verkaufstische-und-stander\/bocktische\/diagonale\/"},{"@type":"ListItem","position":6,"name":"Schwenkkopf mit Kette"}]},{"@type":"WebSite","@id":"https:\/\/www.teltat.fi\/de\/#website","url":"https:\/\/www.teltat.fi\/de\/","name":"Nopsa","description":"Pop-up teltat ja tarvikkeet kaikkiin tapahtumiin","publisher":{"@id":"https:\/\/www.teltat.fi\/de\/#organization"},"alternateName":"Nopsa popup teltat","potentialAction":[{"@type":"SearchAction","target":{"@type":"EntryPoint","urlTemplate":"https:\/\/www.teltat.fi\/de\/?s={search_term_string}"},"query-input":{"@type":"PropertyValueSpecification","valueRequired":true,"valueName":"search_term_string"}}],"inLanguage":"de"},{"@type":"Organization","@id":"https:\/\/www.teltat.fi\/de\/#organization","name":"www.teltat.fi","alternateName":"Nopsa Pop-up-Zelte und Zubeh\u00f6r","url":"https:\/\/www.teltat.fi\/de\/","logo":{"@type":"ImageObject","inLanguage":"de","@id":"https:\/\/www.teltat.fi\/de\/#\/schema\/logo\/image\/","url":"https:\/\/www.teltat.fi\/wp-content\/uploads\/2025\/03\/Nopsa-logo-white-no-circle-RGB.svg","contentUrl":"https:\/\/www.teltat.fi\/wp-content\/uploads\/2025\/03\/Nopsa-logo-white-no-circle-RGB.svg","width":1080,"height":548,"caption":"www.teltat.fi"},"image":{"@id":"https:\/\/www.teltat.fi\/de\/#\/schema\/logo\/image\/"},"sameAs":["https:\/\/www.facebook.com\/teltat.fi\/"],"email":"myynti@teltat.fi","telephone":"+358105260424","foundingDate":"1994-05-18","vatID":"FI09519220","numberOfEmployees":{"@type":"QuantitativeValue","minValue":"1","maxValue":"10"}}]}},"_links":{"self":[{"href":"https:\/\/www.teltat.fi\/de\/wp-json\/wp\/v2\/product\/25136","targetHints":{"allow":["GET"]}}],"collection":[{"href":"https:\/\/www.teltat.fi\/de\/wp-json\/wp\/v2\/product"}],"about":[{"href":"https:\/\/www.teltat.fi\/de\/wp-json\/wp\/v2\/types\/product"}],"version-history":[{"count":0,"href":"https:\/\/www.teltat.fi\/de\/wp-json\/wp\/v2\/product\/25136\/revisions"}],"wp:featuredmedia":[{"embeddable":true,"href":"https:\/\/www.teltat.fi\/de\/wp-json\/wp\/v2\/media\/21288"}],"wp:attachment":[{"href":"https:\/\/www.teltat.fi\/de\/wp-json\/wp\/v2\/media?parent=25136"}],"wp:term":[{"taxonomy":"product_brand","embeddable":true,"href":"https:\/\/www.teltat.fi\/de\/wp-json\/wp\/v2\/product_brand?post=25136"},{"taxonomy":"product_cat","embeddable":true,"href":"https:\/\/www.teltat.fi\/de\/wp-json\/wp\/v2\/product_cat?post=25136"},{"taxonomy":"product_tag","embeddable":true,"href":"https:\/\/www.teltat.fi\/de\/wp-json\/wp\/v2\/product_tag?post=25136"}],"curies":[{"name":"wp","href":"https:\/\/api.w.org\/{rel}","templated":true}]}}