{"id":29755,"date":"2025-11-03T11:56:15","date_gmt":"2025-11-03T09:56:15","guid":{"rendered":"https:\/\/www.teltat.fi\/?post_type=product&#038;p=29755"},"modified":"2025-11-06T14:30:41","modified_gmt":"2025-11-06T12:30:41","slug":"nopsa-extreme-3x6-m-faltzelt","status":"publish","type":"product","link":"https:\/\/www.teltat.fi\/de\/produkt\/nopsa-extreme-3x6-m-faltzelt\/","title":{"rendered":"Nopsa Extreme 3\u00d76 m Faltzelt"},"content":{"rendered":"<h3>Nopsa Extreme 3\u00d76 m Faltzelt<\/h3>\n<p>Die Nopsa Extreme-Serie bietet ein noch robusteres Profi-Zelt, ohne dabei Abstriche bei der Aufbauzeit zu machen. Ein Schnellaufbauzelt erm\u00f6glicht eine l\u00e4ngerfristige Nutzung am gleichen Standort. Der spezielle Aluminiumrahmen der Extreme-Serie besteht aus einem sechseckigen Profil mit einer Wandst\u00e4rke von 2 mm. Die Wandst\u00e4rke der Dachkonstruktion betr\u00e4gt sogar 2,2 mm. <\/p>\n<h4>Nopsa Extreme 3\u00d76 Faltzelt in K\u00fcrze:<\/h4>\n<ul>\n<li>schnelles R\u00fcsten<\/li>\n<li>kompatibel mit Beschl\u00e4gen, die f\u00fcr das Vierkantprofil ausgelegt sind<\/li>\n<li>robustes Aluminiumprofil<\/li>\n<li>2 mm Wandst\u00e4rke<\/li>\n<li>feuerfestes Dach<\/li>\n<li>breites Angebot an Zubeh\u00f6r<\/li>\n<li>konzipiert f\u00fcr den professionellen Einsatz auf einem Markt oder einem Handelsplatz<\/li>\n<li>auch ein haltbareres und hochwertigeres Gartenzelt, Servicezelt, Lagerzelt oder Pavillon<\/li>\n<\/ul>\n<h4>Nopsa Zelte<\/h4>\n<p><strong>Die Faltzelte von NOPSA sind das beliebteste Faltzeltmodell in Finnland. <\/strong>Kein Wunder, denn NOPSA-Zelte bieten das beste Preis-Leistungs-Verh\u00e4ltnis. Au\u00dferdem bieten wir das umfangreichste Zubeh\u00f6rsortiment auf dem Markt an.<\/p>\n<p>Das NOPSA-Sortiment umfasst Faltzelte, Pop-up-Zelte, Verkaufszelte, Messezelte, Marktzelte, Partyzelte, Ausstellungszelte, Depotzelte, M\u00f6belzelte, Zeltvord\u00e4cher, Terrassenzelte, Pagodenzelte, Spezialzelte, Verkaufszelte, Terrassenzelte, Hallenzelte, Tische und Treppentische sowie eine gro\u00dfe Auswahl an Zubeh\u00f6r.<\/p>\n<h4>Konzipiert f\u00fcr finnische verh\u00e4ltnisse<\/h4>\n<p>Mit \u00fcber 50 Jahren Erfahrung haben wir Zeltl\u00f6sungen speziell f\u00fcr die anspruchsvollen Bedingungen in unserem Land entworfen und umgesetzt. Die Zeltmaterialien von NOPSA werden sorgf\u00e4ltig von den besten Herstellern der Welt ausgew\u00e4hlt. Auf diese Weise garantieren wir das bestm\u00f6gliche Endergebnis. Ein hochwertiges, aber dennoch erschwingliches NOPSA-Zelt.   <\/p>\n<h4>Warum sollten Sie sich f\u00fcr das Nopsa Extreme 3\u00d76 m Faltzelt entscheiden?<\/h4>\n<p><strong>Wir empfehlen die Schnellaufbauzelte der Extreme-Serie besonders dann, wenn das Zelt l\u00e4ngere Zeit am selben Ort steht, z. B. auf Restaurantterrassen, bei l\u00e4ngeren Veranstaltungen oder wenn eine sehr starke Beanspruchung zu erwarten ist. Das Zelt l\u00e4sst sich in wenigen Sekunden aufbauen, aufgrund seiner stabilen Konstruktion empfehlen wir jedoch mindestens zwei Personen f\u00fcr den Aufbau. Das Schnellaufbauzelt Nopsa l\u00e4sst sich bequem als kompaktes \u201ePaket\u201d in seiner eigenen Transporttasche ohne umst\u00e4ndliche Einzelteile transportieren.   <\/strong><\/p>\n<p>Die Zelte von Nopsa vereinen finnisches Design und internationale Umsetzung auf die bestm\u00f6gliche Weise. Die Zelte von Nopsa wurden speziell f\u00fcr die anspruchsvollen Bedingungen in Finnland entwickelt. Jetzt sind wir stolz darauf, eine sehr hochwertige, aber dennoch erschwingliche Option f\u00fcr alle zu pr\u00e4sentieren, die ein Verkaufs-, Ausstellungs- oder Partyzelt ben\u00f6tigen.<\/p>\n<p>Die Gest\u00e4nge der Extreme-Serie werden aus hochwertigem und widerstandsf\u00e4higem, <strong>2 mm starkem Spezialaluminium mit sechseckigem Querschnitt hergestellt.<\/strong> Dadurch sind die <strong>Konstruktionen aus Spezialaluminiumprofilen der Nopsa Extreme-Serie deutlich haltbarer<\/strong> als die wesentlich schwereren und gleichzeitig auch weniger stabilen Konstruktionen der meisten anderen Zelte. <\/p>\n<p><strong>Das Dach und die W\u00e4nde sind aus pflegeleichtem, v\u00f6llig wasser- und windabweisendem, ultraviolettbest\u00e4ndigem<\/strong> <strong>ULTRA STRONG Polyestergewebe (Gewicht nur 318g\/m2)<\/strong>. Alle Stoffe sind au\u00dferdem feuerbest\u00e4ndig (Brandklasse B1 DIN 4102-1). Das Dach ist mit stabilen Eckscharnieren am Rahmen befestigt, und alle Seiten sind mit Schnellverschl\u00fcssen verst\u00e4rkt, um einer starken Beanspruchung standzuhalten. Ein automatischer Gewebespannmechanismus h\u00e4lt das Dach auch unter schwierigen Bedingungen straff. Die W\u00e4nde werden mit einem praktischen Klettband am Dach befestigt, und die Ecken werden mit Rei\u00dfverschl\u00fcssen dicht verschlossen. Die Dachecken haben haltbare Metallringe zur Befestigung. Au\u00dferdem sind haltbare Erdungsstifte aus Stahl und Befestigungsstreifen mit Karabinerverschluss enthalten. F\u00fcr Decken und W\u00e4nde steht eine sehr umfangreiche Farbpalette zur Verf\u00fcgung, darunter auch die sehr beliebten gestreiften Stoffe!      <\/p>\n<p>&nbsp;<\/p>\n<p><a href=\"https:\/\/www.teltat.fi\/wp-content\/uploads\/2024\/11\/octo-jalka.jpg\"><img fetchpriority=\"high\" decoding=\"async\" class=\"alignright wp-image-11888 size-medium\" src=\"https:\/\/www.teltat.fi\/wp-content\/uploads\/2024\/11\/octo-jalka-300x300.jpg\" alt=\"\" width=\"300\" height=\"300\" srcset=\"https:\/\/www.teltat.fi\/wp-content\/uploads\/2024\/11\/octo-jalka-300x300.jpg 300w, https:\/\/www.teltat.fi\/wp-content\/uploads\/2024\/11\/octo-jalka-150x150.jpg 150w, https:\/\/www.teltat.fi\/wp-content\/uploads\/2024\/11\/octo-jalka-100x100.jpg 100w, https:\/\/www.teltat.fi\/wp-content\/uploads\/2024\/11\/octo-jalka-50x50.jpg 50w, https:\/\/www.teltat.fi\/wp-content\/uploads\/2024\/11\/octo-jalka.jpg 550w\" sizes=\"(max-width: 300px) 100vw, 300px\" \/><\/a> <strong>Die H\u00f6he der Rahmenbeine kann auf bis zu f\u00fcnf verschiedene H\u00f6hen eingestellt werden.<\/strong><\/p>\n<h4>Riesige Auswahl an kompatiblen Ger\u00e4ten<\/h4>\n<p>F\u00fcr alle Zelte der Extreme-Serie gibt es ein umfangreiches Sortiment an Zubeh\u00f6r, darunter Befestigungen, Gewichte, St\u00fctzstangen, Regen- und Sonnenschutz, Regenrinnen, verschiedene Voll-, Fenster- und T\u00fcrw\u00e4nde, Werbebanner, Tische, Stufentische usw. Mit den passenden und zweckm\u00e4\u00dfigen Zubeh\u00f6rteilen holen Sie den gr\u00f6\u00dftm\u00f6glichen Nutzen und Komfort aus Ihren Zelten heraus. Wir empfehlen Ihnen zumindest Gewichte und W\u00e4nde als Zubeh\u00f6r! Gerne helfen wir Ihnen z. B. bei den Befestigungs- und Sicherheitsvorschriften f\u00fcr Zelte, die von Rettungsdiensten und verschiedenen St\u00e4dten gefordert werden!    <\/p>\n<p>Ein Zelt mit einzigartigen Aufdrucken ist der beste Weg, um sich von der Masse abzuheben. <strong>Wir bieten einen umfassenden, schnellen und erschwinglichen Service f\u00fcr alle Ihre Druckanforderungen<\/strong>, vom Druck des Kopfzeilentextes bis zum vollst\u00e4ndig digital bedruckten Festzelt. Unsere bedruckten Zelte werden bereits von zahlreichen Unternehmen, Verb\u00e4nden, Parteien, Sportvereinen und verschiedenen Motorsportteams genutzt.  <\/p>\n<p><strong>Nopsa-Faltzelte haben eine lange Lebensdauer. Auf alle Materialien gibt es eine Garantie von bis zu zwei Jahren <\/strong> sowie einen umfassenden Wartungsservice. Beachten Sie bitte, dass die aktuellen Zeltplanen der Extreme-Serie auch mit den \u00e4lteren, \u00fcber zehn Jahre alten Zeltgestellen der Nopsa-Serie kompatibel sind und alle m\u00f6glichen Ersatzteile direkt aus unserem Lager erh\u00e4ltlich sind. Wir bieten auch sogenannte Upgrade-Pakete f\u00fcr alte Gestelle an, damit Sie die neuen Funktionen nutzen k\u00f6nnen. Alle Lieferungen enthalten klare Aufbau- und Gebrauchsanweisungen in finnischer Sprache.    <\/p>\n<p><strong>Wir versuchen immer, die beste L\u00f6sung f\u00fcr Sie zu finden!<\/strong> Wenn es um NOPSA-Faltzelte geht, steht Ihnen an jedem Arbeitstag das erfahrenste Serviceteam des Landes f\u00fcr den Verkauf von Ausr\u00fcstung zur Verf\u00fcgung. Unser Fachwissen, unsere Beratung und unsere Dienstleistungen stehen Ihnen kostenlos zur Verf\u00fcgung! <strong>Unser Kundendienst hat auch ein Gesicht<\/strong> und wir bedienen Sie pers\u00f6nlich in unseren Ausstellungsr\u00e4umen in Harjavalta sowie per Telefon, online oder per E-Mail. Unsere reisenden Verkaufsausstellungen sind au\u00dferdem jedes Jahr auf Dutzenden von gro\u00dfen \u00f6ffentlichen Veranstaltungen zu finden. TMK hat st\u00e4ndig mehr als 100 Nopsa-Zelte im eigenen Verleih- und Catering-Service. Au\u00dferdem verf\u00fcgen wir \u00fcber umfangreiche praktische Erfahrungen mit der Funktionsweise von Nopsa-Zelten unter allen Bedingungen.    <\/p>\n<p>TMK ist au\u00dferdem der landesweit f\u00fchrende Anbieter von Lieferwagen, Transportern, Lieferwagenkabinen und mobiler Verkaufsausstattung. Fragen Sie unser Verkaufsteam nach weiteren Informationen! <\/p>\n","protected":false},"excerpt":{"rendered":"<p><a href=\"https:\/\/www.teltat.fi\/wp-content\/uploads\/2023\/02\/height329.png\" target=\"_blank\" rel=\"noopener\"><img decoding=\"async\" class=\"alignnone size-thumbnail\" src=\"https:\/\/www.teltat.fi\/wp-content\/uploads\/2023\/02\/height329.png\" alt=\"H\u00f6he des Zeltes 329cm und H\u00f6he des Steges 200cm\" width=\"100\" height=\"100\"><\/a><br \/>\n<a href=\"https:\/\/www.teltat.fi\/wp-content\/uploads\/2023\/02\/fabric.png\" target=\"_blank\" rel=\"noopener\"><img decoding=\"async\" class=\"alignnone size-thumbnail\" src=\"https:\/\/www.teltat.fi\/wp-content\/uploads\/2023\/02\/fabric.png\" alt=\"Ultrastarke Gewebe 318g\/m2\" width=\"100\" height=\"100\"><\/a><br \/>\n<a href=\"https:\/\/www.teltat.fi\/wp-content\/uploads\/2023\/02\/frame50.png\" target=\"_blank\" rel=\"noopener\"><img loading=\"lazy\" decoding=\"async\" class=\"alignnone size-thumbnail\" src=\"https:\/\/www.teltat.fi\/wp-content\/uploads\/2023\/02\/frame50.png\" alt=\"50mm Profil\" width=\"100\" height=\"100\"><\/a><br \/>\n<a href=\"https:\/\/www.teltat.fi\/wp-content\/uploads\/2024\/11\/size60-35-160.png\" target=\"_blank\" rel=\"noopener\"><img loading=\"lazy\" decoding=\"async\" class=\"alignnone size-thumbnail\" src=\"https:\/\/www.teltat.fi\/wp-content\/uploads\/2024\/11\/size60-35-160.png\" alt=\"Mindesttransportgr\u00f6\u00dfe 60x35x160cm\" width=\"100\" height=\"100\"><\/a><br \/>\n<a href=\"https:\/\/www.teltat.fi\/wp-content\/uploads\/2024\/11\/weight67.png\" target=\"_blank\" rel=\"noopener\"><img loading=\"lazy\" decoding=\"async\" class=\"alignnone size-thumbnail\" src=\"https:\/\/www.teltat.fi\/wp-content\/uploads\/2024\/11\/weight67.png\" alt=\"Gesamtgewicht 67kg\" width=\"100\" height=\"100\"><\/a><br \/>\n<a href=\"https:\/\/www.teltat.fi\/wp-content\/uploads\/2023\/02\/fire.png\" target=\"_blank\" rel=\"noopener\"><img loading=\"lazy\" decoding=\"async\" class=\"alignnone size-thumbnail\" src=\"https:\/\/www.teltat.fi\/wp-content\/uploads\/2023\/02\/fire.png\" alt=\"Klassifiziert f\u00fcr Brandsicherheit\" width=\"100\" height=\"100\"><\/a><br \/>\n<a href=\"https:\/\/www.teltat.fi\/wp-content\/uploads\/2023\/02\/weather.png\" target=\"_blank\" rel=\"noopener\"><img loading=\"lazy\" decoding=\"async\" class=\"alignnone size-thumbnail\" src=\"https:\/\/www.teltat.fi\/wp-content\/uploads\/2023\/02\/weather.png\" alt=\"UV-gesch\u00fctztes Material f\u00fcr alle Bedingungen\" width=\"100\" height=\"100\"><\/a><br \/>\n<a href=\"https:\/\/www.teltat.fi\/wp-content\/uploads\/2023\/02\/warranty1year.png\" target=\"_blank\" rel=\"noopener\"><img loading=\"lazy\" decoding=\"async\" class=\"alignnone size-thumbnail\" src=\"https:\/\/www.teltat.fi\/wp-content\/uploads\/2023\/02\/warranty1year.png\" alt=\"1 Jahr Materialgarantie\" width=\"100\" height=\"100\"><\/a><\/p>\n<p><span>Das Paket enth\u00e4lt keine W\u00e4nde oder Zeltgewichte.<\/span><\/p>\n","protected":false},"featured_media":21514,"template":"","meta":{"_acf_changed":false,"_eb_attr":"","site-sidebar-layout":"default","site-content-layout":"","ast-site-content-layout":"default","site-content-style":"default","site-sidebar-style":"default","ast-global-header-display":"","ast-banner-title-visibility":"","ast-main-header-display":"","ast-hfb-above-header-display":"","ast-hfb-below-header-display":"","ast-hfb-mobile-header-display":"","site-post-title":"","ast-breadcrumbs-content":"","ast-featured-img":"","footer-sml-layout":"","ast-disable-related-posts":"","theme-transparent-header-meta":"default","adv-header-id-meta":"","stick-header-meta":"","header-above-stick-meta":"","header-main-stick-meta":"","header-below-stick-meta":"","astra-migrate-meta-layouts":"set","ast-page-background-enabled":"default","ast-page-background-meta":{"desktop":{"background-color":"var(--ast-global-color-5)","background-image":"","background-repeat":"repeat","background-position":"center center","background-size":"auto","background-attachment":"scroll","background-type":"","background-media":"","overlay-type":"","overlay-color":"","overlay-opacity":"","overlay-gradient":""},"tablet":{"background-color":"","background-image":"","background-repeat":"repeat","background-position":"center center","background-size":"auto","background-attachment":"scroll","background-type":"","background-media":"","overlay-type":"","overlay-color":"","overlay-opacity":"","overlay-gradient":""},"mobile":{"background-color":"","background-image":"","background-repeat":"repeat","background-position":"center center","background-size":"auto","background-attachment":"scroll","background-type":"","background-media":"","overlay-type":"","overlay-color":"","overlay-opacity":"","overlay-gradient":""}},"ast-content-background-meta":{"desktop":{"background-color":"var(--ast-global-color-4)","background-image":"","background-repeat":"repeat","background-position":"center center","background-size":"auto","background-attachment":"scroll","background-type":"","background-media":"","overlay-type":"","overlay-color":"","overlay-opacity":"","overlay-gradient":""},"tablet":{"background-color":"var(--ast-global-color-4)","background-image":"","background-repeat":"repeat","background-position":"center center","background-size":"auto","background-attachment":"scroll","background-type":"","background-media":"","overlay-type":"","overlay-color":"","overlay-opacity":"","overlay-gradient":""},"mobile":{"background-color":"var(--ast-global-color-4)","background-image":"","background-repeat":"repeat","background-position":"center center","background-size":"auto","background-attachment":"scroll","background-type":"","background-media":"","overlay-type":"","overlay-color":"","overlay-opacity":"","overlay-gradient":""}},"_wp_convertkit_post_meta":{"form":"-1","landing_page":"0","tag":"0","restrict_content":"0"}},"product_brand":[],"product_cat":[495],"product_tag":[],"class_list":{"0":"post-29755","1":"product","2":"type-product","3":"status-publish","4":"has-post-thumbnail","6":"product_cat-sonderangebote","7":"desktop-align-left","8":"tablet-align-left","9":"mobile-align-left","11":"first","12":"instock","13":"sale","14":"taxable","15":"shipping-taxable","16":"purchasable","17":"product-type-variable"},"acf":[],"yoast_head":"<!-- This site is optimized with the Yoast SEO Premium plugin v24.5 (Yoast SEO v27.4) - https:\/\/yoast.com\/product\/yoast-seo-premium-wordpress\/ -->\n<title>Nopsa Extreme 3\u00d76 m Faltzelt<\/title>\n<meta name=\"description\" content=\"Nopsa Extreme 3\u00d76 m Faltzelt, in verschiedenen Farben und mit Zubeh\u00f6r. Bestellen Sie jetzt ein leichtes und robustes Faltzelt zum g\u00fcnstigen Preis in unserem Online-Shop!\" \/>\n<meta name=\"robots\" content=\"index, follow, max-snippet:-1, max-image-preview:large, max-video-preview:-1\" \/>\n<link rel=\"canonical\" href=\"https:\/\/www.teltat.fi\/de\/produkt\/nopsa-extreme-3x6-m-faltzelt\/\" \/>\n<meta property=\"og:locale\" content=\"de_DE\" \/>\n<meta property=\"og:type\" content=\"article\" \/>\n<meta property=\"og:title\" content=\"Nopsa Extreme 3\u00d76 m Faltzelt\" \/>\n<meta property=\"og:description\" content=\"Nopsa Extreme 3\u00d76 m Faltzelt, in verschiedenen Farben und mit Zubeh\u00f6r. Bestellen Sie jetzt ein leichtes und robustes Faltzelt zum g\u00fcnstigen Preis in unserem Online-Shop!\" \/>\n<meta property=\"og:url\" content=\"https:\/\/www.teltat.fi\/de\/produkt\/nopsa-extreme-3x6-m-faltzelt\/\" \/>\n<meta property=\"og:site_name\" content=\"Nopsa\" \/>\n<meta property=\"article:publisher\" content=\"https:\/\/www.facebook.com\/teltat.fi\/\" \/>\n<meta property=\"article:modified_time\" content=\"2025-11-06T12:30:41+00:00\" \/>\n<meta property=\"og:image\" content=\"https:\/\/www.teltat.fi\/wp-content\/uploads\/2023\/02\/3x6-kaikki-varit.png\" \/>\n\t<meta property=\"og:image:width\" content=\"550\" \/>\n\t<meta property=\"og:image:height\" content=\"550\" \/>\n\t<meta property=\"og:image:type\" content=\"image\/png\" \/>\n<meta name=\"twitter:card\" content=\"summary_large_image\" \/>\n<meta name=\"twitter:label1\" content=\"Gesch\u00e4tzte Lesezeit\" \/>\n\t<meta name=\"twitter:data1\" content=\"6\u00a0Minuten\" \/>\n<script type=\"application\/ld+json\" class=\"yoast-schema-graph\">{\"@context\":\"https:\\\/\\\/schema.org\",\"@graph\":[{\"@type\":[\"WebPage\",\"ItemPage\"],\"@id\":\"https:\\\/\\\/www.teltat.fi\\\/de\\\/produkt\\\/nopsa-extreme-3x6-m-faltzelt\\\/\",\"url\":\"https:\\\/\\\/www.teltat.fi\\\/de\\\/produkt\\\/nopsa-extreme-3x6-m-faltzelt\\\/\",\"name\":\"Nopsa Extreme 3\u00d76 m Faltzelt\",\"isPartOf\":{\"@id\":\"https:\\\/\\\/www.teltat.fi\\\/de\\\/#website\"},\"primaryImageOfPage\":{\"@id\":\"https:\\\/\\\/www.teltat.fi\\\/de\\\/produkt\\\/nopsa-extreme-3x6-m-faltzelt\\\/#primaryimage\"},\"image\":{\"@id\":\"https:\\\/\\\/www.teltat.fi\\\/de\\\/produkt\\\/nopsa-extreme-3x6-m-faltzelt\\\/#primaryimage\"},\"thumbnailUrl\":\"https:\\\/\\\/www.teltat.fi\\\/wp-content\\\/uploads\\\/2023\\\/02\\\/3x6-kaikki-varit.png\",\"datePublished\":\"2025-11-03T09:56:15+00:00\",\"dateModified\":\"2025-11-06T12:30:41+00:00\",\"description\":\"Nopsa Extreme 3\u00d76 m Faltzelt, in verschiedenen Farben und mit Zubeh\u00f6r. Bestellen Sie jetzt ein leichtes und robustes Faltzelt zum g\u00fcnstigen Preis in unserem Online-Shop!\",\"breadcrumb\":{\"@id\":\"https:\\\/\\\/www.teltat.fi\\\/de\\\/produkt\\\/nopsa-extreme-3x6-m-faltzelt\\\/#breadcrumb\"},\"inLanguage\":\"de\",\"potentialAction\":[{\"@type\":\"ReadAction\",\"target\":[\"https:\\\/\\\/www.teltat.fi\\\/de\\\/produkt\\\/nopsa-extreme-3x6-m-faltzelt\\\/\"]}]},{\"@type\":\"ImageObject\",\"inLanguage\":\"de\",\"@id\":\"https:\\\/\\\/www.teltat.fi\\\/de\\\/produkt\\\/nopsa-extreme-3x6-m-faltzelt\\\/#primaryimage\",\"url\":\"https:\\\/\\\/www.teltat.fi\\\/wp-content\\\/uploads\\\/2023\\\/02\\\/3x6-kaikki-varit.png\",\"contentUrl\":\"https:\\\/\\\/www.teltat.fi\\\/wp-content\\\/uploads\\\/2023\\\/02\\\/3x6-kaikki-varit.png\",\"width\":550,\"height\":550,\"caption\":\"Nopsa Faltzelt \\\/ Pop-up-Zelt 3x6m\"},{\"@type\":\"BreadcrumbList\",\"@id\":\"https:\\\/\\\/www.teltat.fi\\\/de\\\/produkt\\\/nopsa-extreme-3x6-m-faltzelt\\\/#breadcrumb\",\"itemListElement\":[{\"@type\":\"ListItem\",\"position\":1,\"name\":\"Hauptseite\",\"item\":\"https:\\\/\\\/www.teltat.fi\\\/de\\\/nopsa-popup-zelte-und-zubehoer\\\/\"},{\"@type\":\"ListItem\",\"position\":2,\"name\":\"Laden\",\"item\":\"https:\\\/\\\/www.teltat.fi\\\/de\\\/laden\\\/\"},{\"@type\":\"ListItem\",\"position\":3,\"name\":\"Sonderangebote\",\"item\":\"https:\\\/\\\/www.teltat.fi\\\/de\\\/produktkategorie\\\/sonderangebote\\\/\"},{\"@type\":\"ListItem\",\"position\":4,\"name\":\"Nopsa Extreme 3\u00d76 m Faltzelt\"}]},{\"@type\":\"WebSite\",\"@id\":\"https:\\\/\\\/www.teltat.fi\\\/de\\\/#website\",\"url\":\"https:\\\/\\\/www.teltat.fi\\\/de\\\/\",\"name\":\"Nopsa\",\"description\":\"Pop-up teltat ja tarvikkeet kaikkiin tapahtumiin\",\"publisher\":{\"@id\":\"https:\\\/\\\/www.teltat.fi\\\/de\\\/#organization\"},\"alternateName\":\"Nopsa popup teltat\",\"potentialAction\":[{\"@type\":\"SearchAction\",\"target\":{\"@type\":\"EntryPoint\",\"urlTemplate\":\"https:\\\/\\\/www.teltat.fi\\\/de\\\/?s={search_term_string}\"},\"query-input\":{\"@type\":\"PropertyValueSpecification\",\"valueRequired\":true,\"valueName\":\"search_term_string\"}}],\"inLanguage\":\"de\"},{\"@type\":\"Organization\",\"@id\":\"https:\\\/\\\/www.teltat.fi\\\/de\\\/#organization\",\"name\":\"www.teltat.fi\",\"alternateName\":\"Nopsa Pop-up-Zelte und Zubeh\u00f6r\",\"url\":\"https:\\\/\\\/www.teltat.fi\\\/de\\\/\",\"logo\":{\"@type\":\"ImageObject\",\"inLanguage\":\"de\",\"@id\":\"https:\\\/\\\/www.teltat.fi\\\/de\\\/#\\\/schema\\\/logo\\\/image\\\/\",\"url\":\"https:\\\/\\\/www.teltat.fi\\\/wp-content\\\/uploads\\\/2025\\\/03\\\/Nopsa-logo-white-no-circle-RGB.svg\",\"contentUrl\":\"https:\\\/\\\/www.teltat.fi\\\/wp-content\\\/uploads\\\/2025\\\/03\\\/Nopsa-logo-white-no-circle-RGB.svg\",\"width\":1080,\"height\":548,\"caption\":\"www.teltat.fi\"},\"image\":{\"@id\":\"https:\\\/\\\/www.teltat.fi\\\/de\\\/#\\\/schema\\\/logo\\\/image\\\/\"},\"sameAs\":[\"https:\\\/\\\/www.facebook.com\\\/teltat.fi\\\/\"],\"email\":\"myynti@teltat.fi\",\"telephone\":\"+358105260424\",\"foundingDate\":\"1994-05-18\",\"vatID\":\"FI09519220\",\"numberOfEmployees\":{\"@type\":\"QuantitativeValue\",\"minValue\":\"1\",\"maxValue\":\"10\"}}]}<\/script>\n<!-- \/ Yoast SEO Premium plugin. -->","yoast_head_json":{"title":"Nopsa Extreme 3\u00d76 m Faltzelt","description":"Nopsa Extreme 3\u00d76 m Faltzelt, in verschiedenen Farben und mit Zubeh\u00f6r. Bestellen Sie jetzt ein leichtes und robustes Faltzelt zum g\u00fcnstigen Preis in unserem Online-Shop!","robots":{"index":"index","follow":"follow","max-snippet":"max-snippet:-1","max-image-preview":"max-image-preview:large","max-video-preview":"max-video-preview:-1"},"canonical":"https:\/\/www.teltat.fi\/de\/produkt\/nopsa-extreme-3x6-m-faltzelt\/","og_locale":"de_DE","og_type":"article","og_title":"Nopsa Extreme 3\u00d76 m Faltzelt","og_description":"Nopsa Extreme 3\u00d76 m Faltzelt, in verschiedenen Farben und mit Zubeh\u00f6r. Bestellen Sie jetzt ein leichtes und robustes Faltzelt zum g\u00fcnstigen Preis in unserem Online-Shop!","og_url":"https:\/\/www.teltat.fi\/de\/produkt\/nopsa-extreme-3x6-m-faltzelt\/","og_site_name":"Nopsa","article_publisher":"https:\/\/www.facebook.com\/teltat.fi\/","article_modified_time":"2025-11-06T12:30:41+00:00","og_image":[{"width":550,"height":550,"url":"https:\/\/www.teltat.fi\/wp-content\/uploads\/2023\/02\/3x6-kaikki-varit.png","type":"image\/png"}],"twitter_card":"summary_large_image","twitter_misc":{"Gesch\u00e4tzte Lesezeit":"6\u00a0Minuten"},"schema":{"@context":"https:\/\/schema.org","@graph":[{"@type":["WebPage","ItemPage"],"@id":"https:\/\/www.teltat.fi\/de\/produkt\/nopsa-extreme-3x6-m-faltzelt\/","url":"https:\/\/www.teltat.fi\/de\/produkt\/nopsa-extreme-3x6-m-faltzelt\/","name":"Nopsa Extreme 3\u00d76 m Faltzelt","isPartOf":{"@id":"https:\/\/www.teltat.fi\/de\/#website"},"primaryImageOfPage":{"@id":"https:\/\/www.teltat.fi\/de\/produkt\/nopsa-extreme-3x6-m-faltzelt\/#primaryimage"},"image":{"@id":"https:\/\/www.teltat.fi\/de\/produkt\/nopsa-extreme-3x6-m-faltzelt\/#primaryimage"},"thumbnailUrl":"https:\/\/www.teltat.fi\/wp-content\/uploads\/2023\/02\/3x6-kaikki-varit.png","datePublished":"2025-11-03T09:56:15+00:00","dateModified":"2025-11-06T12:30:41+00:00","description":"Nopsa Extreme 3\u00d76 m Faltzelt, in verschiedenen Farben und mit Zubeh\u00f6r. Bestellen Sie jetzt ein leichtes und robustes Faltzelt zum g\u00fcnstigen Preis in unserem Online-Shop!","breadcrumb":{"@id":"https:\/\/www.teltat.fi\/de\/produkt\/nopsa-extreme-3x6-m-faltzelt\/#breadcrumb"},"inLanguage":"de","potentialAction":[{"@type":"ReadAction","target":["https:\/\/www.teltat.fi\/de\/produkt\/nopsa-extreme-3x6-m-faltzelt\/"]}]},{"@type":"ImageObject","inLanguage":"de","@id":"https:\/\/www.teltat.fi\/de\/produkt\/nopsa-extreme-3x6-m-faltzelt\/#primaryimage","url":"https:\/\/www.teltat.fi\/wp-content\/uploads\/2023\/02\/3x6-kaikki-varit.png","contentUrl":"https:\/\/www.teltat.fi\/wp-content\/uploads\/2023\/02\/3x6-kaikki-varit.png","width":550,"height":550,"caption":"Nopsa Faltzelt \/ Pop-up-Zelt 3x6m"},{"@type":"BreadcrumbList","@id":"https:\/\/www.teltat.fi\/de\/produkt\/nopsa-extreme-3x6-m-faltzelt\/#breadcrumb","itemListElement":[{"@type":"ListItem","position":1,"name":"Hauptseite","item":"https:\/\/www.teltat.fi\/de\/nopsa-popup-zelte-und-zubehoer\/"},{"@type":"ListItem","position":2,"name":"Laden","item":"https:\/\/www.teltat.fi\/de\/laden\/"},{"@type":"ListItem","position":3,"name":"Sonderangebote","item":"https:\/\/www.teltat.fi\/de\/produktkategorie\/sonderangebote\/"},{"@type":"ListItem","position":4,"name":"Nopsa Extreme 3\u00d76 m Faltzelt"}]},{"@type":"WebSite","@id":"https:\/\/www.teltat.fi\/de\/#website","url":"https:\/\/www.teltat.fi\/de\/","name":"Nopsa","description":"Pop-up teltat ja tarvikkeet kaikkiin tapahtumiin","publisher":{"@id":"https:\/\/www.teltat.fi\/de\/#organization"},"alternateName":"Nopsa popup teltat","potentialAction":[{"@type":"SearchAction","target":{"@type":"EntryPoint","urlTemplate":"https:\/\/www.teltat.fi\/de\/?s={search_term_string}"},"query-input":{"@type":"PropertyValueSpecification","valueRequired":true,"valueName":"search_term_string"}}],"inLanguage":"de"},{"@type":"Organization","@id":"https:\/\/www.teltat.fi\/de\/#organization","name":"www.teltat.fi","alternateName":"Nopsa Pop-up-Zelte und Zubeh\u00f6r","url":"https:\/\/www.teltat.fi\/de\/","logo":{"@type":"ImageObject","inLanguage":"de","@id":"https:\/\/www.teltat.fi\/de\/#\/schema\/logo\/image\/","url":"https:\/\/www.teltat.fi\/wp-content\/uploads\/2025\/03\/Nopsa-logo-white-no-circle-RGB.svg","contentUrl":"https:\/\/www.teltat.fi\/wp-content\/uploads\/2025\/03\/Nopsa-logo-white-no-circle-RGB.svg","width":1080,"height":548,"caption":"www.teltat.fi"},"image":{"@id":"https:\/\/www.teltat.fi\/de\/#\/schema\/logo\/image\/"},"sameAs":["https:\/\/www.facebook.com\/teltat.fi\/"],"email":"myynti@teltat.fi","telephone":"+358105260424","foundingDate":"1994-05-18","vatID":"FI09519220","numberOfEmployees":{"@type":"QuantitativeValue","minValue":"1","maxValue":"10"}}]}},"_links":{"self":[{"href":"https:\/\/www.teltat.fi\/de\/wp-json\/wp\/v2\/product\/29755","targetHints":{"allow":["GET"]}}],"collection":[{"href":"https:\/\/www.teltat.fi\/de\/wp-json\/wp\/v2\/product"}],"about":[{"href":"https:\/\/www.teltat.fi\/de\/wp-json\/wp\/v2\/types\/product"}],"version-history":[{"count":2,"href":"https:\/\/www.teltat.fi\/de\/wp-json\/wp\/v2\/product\/29755\/revisions"}],"predecessor-version":[{"id":29894,"href":"https:\/\/www.teltat.fi\/de\/wp-json\/wp\/v2\/product\/29755\/revisions\/29894"}],"wp:featuredmedia":[{"embeddable":true,"href":"https:\/\/www.teltat.fi\/de\/wp-json\/wp\/v2\/media\/21514"}],"wp:attachment":[{"href":"https:\/\/www.teltat.fi\/de\/wp-json\/wp\/v2\/media?parent=29755"}],"wp:term":[{"taxonomy":"product_brand","embeddable":true,"href":"https:\/\/www.teltat.fi\/de\/wp-json\/wp\/v2\/product_brand?post=29755"},{"taxonomy":"product_cat","embeddable":true,"href":"https:\/\/www.teltat.fi\/de\/wp-json\/wp\/v2\/product_cat?post=29755"},{"taxonomy":"product_tag","embeddable":true,"href":"https:\/\/www.teltat.fi\/de\/wp-json\/wp\/v2\/product_tag?post=29755"}],"curies":[{"name":"wp","href":"https:\/\/api.w.org\/{rel}","templated":true}]}}