{"id":10339,"date":"2023-02-08T13:23:57","date_gmt":"2023-02-08T10:23:57","guid":{"rendered":"https:\/\/www.teltat.fi\/tuote\/tryck-pa-fallen-av-4m-takvav\/"},"modified":"2025-06-03T15:03:56","modified_gmt":"2025-06-03T12:03:56","slug":"tryck-pa-4-m-takfall","status":"publish","type":"product","link":"https:\/\/www.teltat.fi\/sv\/produkt\/tryck-pa-4-m-takfall\/","title":{"rendered":"Tryck p\u00e5 f\u00e5llen av 4m takv\u00e4v"},"content":{"rendered":"<p><strong>Nu kan du designa t\u00e4ltutskriften sj\u00e4lv med v\u00e5r bekv\u00e4ma webbaserade programvara och l\u00e4gga till den i best\u00e4llningen i onlinebutiken.<\/strong> V\u00e4lj f\u00f6rst f\u00e4rgen p\u00e5 t\u00e4lttyget som ska anv\u00e4ndas i designprogrammet och sedan storleken p\u00e5 tryckytan. Efter dessa val kan du komma \u00e5t designprogrammet genom att trycka p\u00e5 knappen <strong><em>Starta<\/em><\/strong> design. N\u00e4r du \u00e4r n\u00f6jd med utskriften, kom ih\u00e5g att spara ditt utskriftsjobb och l\u00e4gga till det i k\u00f6pkorgen.  <\/p>\n<p>&nbsp;<\/p>\n<p>Om du vill ha samma tryck p\u00e5 flera sidor, \u00f6ka antalet kopior efter \u00f6nskem\u00e5l. <strong>Du f\u00e5r rabatt vid utskrift av till\u00e4ggssidor!<\/strong><\/p>\n<p><strong>Vid best\u00e4llning av flera tryck, kom ih\u00e5g att ange i &#8220;Best\u00e4llningskommentarer&#8221; vilken sida trycken kommer att sitta p\u00e5! (t.ex. f\u00f6r intilliggande eller motsatta sidor etc&#8230;) <\/strong><\/p>\n<p><em><strong>N\u00e4r du best\u00e4mmer dig f\u00f6r att best\u00e4lla ett underbart tryckt t\u00e4lt, kom ih\u00e5g att l\u00e4gga till inte bara trycket utan \u00e4ven sj\u00e4lva t\u00e4ltet i k\u00f6pkorgen.<\/strong><\/em><\/p>\n","protected":false},"excerpt":{"rendered":"<p><span class=\"no-margin\"><strong>Detta \u00e4r bara tryckning. Se till att best\u00e4lla t\u00e4ltet ocks\u00e5! <\/strong><\/span><\/p>\n","protected":false},"featured_media":8637,"template":"","meta":{"_acf_changed":false,"_eb_attr":"","site-sidebar-layout":"default","site-content-layout":"","ast-site-content-layout":"default","site-content-style":"default","site-sidebar-style":"default","ast-global-header-display":"","ast-banner-title-visibility":"","ast-main-header-display":"","ast-hfb-above-header-display":"","ast-hfb-below-header-display":"","ast-hfb-mobile-header-display":"","site-post-title":"","ast-breadcrumbs-content":"","ast-featured-img":"","footer-sml-layout":"","ast-disable-related-posts":"","theme-transparent-header-meta":"default","adv-header-id-meta":"","stick-header-meta":"","header-above-stick-meta":"","header-main-stick-meta":"","header-below-stick-meta":"","astra-migrate-meta-layouts":"default","ast-page-background-enabled":"default","ast-page-background-meta":{"desktop":{"background-color":"var(--ast-global-color-5)","background-image":"","background-repeat":"repeat","background-position":"center center","background-size":"auto","background-attachment":"scroll","background-type":"","background-media":"","overlay-type":"","overlay-color":"","overlay-opacity":"","overlay-gradient":""},"tablet":{"background-color":"","background-image":"","background-repeat":"repeat","background-position":"center center","background-size":"auto","background-attachment":"scroll","background-type":"","background-media":"","overlay-type":"","overlay-color":"","overlay-opacity":"","overlay-gradient":""},"mobile":{"background-color":"","background-image":"","background-repeat":"repeat","background-position":"center center","background-size":"auto","background-attachment":"scroll","background-type":"","background-media":"","overlay-type":"","overlay-color":"","overlay-opacity":"","overlay-gradient":""}},"ast-content-background-meta":{"desktop":{"background-color":"var(--ast-global-color-4)","background-image":"","background-repeat":"repeat","background-position":"center center","background-size":"auto","background-attachment":"scroll","background-type":"","background-media":"","overlay-type":"","overlay-color":"","overlay-opacity":"","overlay-gradient":""},"tablet":{"background-color":"var(--ast-global-color-4)","background-image":"","background-repeat":"repeat","background-position":"center center","background-size":"auto","background-attachment":"scroll","background-type":"","background-media":"","overlay-type":"","overlay-color":"","overlay-opacity":"","overlay-gradient":""},"mobile":{"background-color":"var(--ast-global-color-4)","background-image":"","background-repeat":"repeat","background-position":"center center","background-size":"auto","background-attachment":"scroll","background-type":"","background-media":"","overlay-type":"","overlay-color":"","overlay-opacity":"","overlay-gradient":""}},"_wp_convertkit_post_meta":{"form":"-1","landing_page":"0","tag":"0","restrict_content":"0"}},"product_brand":[],"product_cat":[284],"product_tag":[],"class_list":{"0":"post-10339","1":"product","2":"type-product","3":"status-publish","4":"has-post-thumbnail","6":"product_cat-grafik","7":"desktop-align-left","8":"tablet-align-left","9":"mobile-align-left","11":"first","12":"onbackorder","13":"taxable","14":"shipping-taxable","15":"purchasable","16":"product-type-variable","17":"has-default-attributes"},"acf":[],"yoast_head":"<!-- This site is optimized with the Yoast SEO Premium plugin v24.5 (Yoast SEO v27.4) - https:\/\/yoast.com\/product\/yoast-seo-premium-wordpress\/ -->\n<title>Tryck p\u00e5 f\u00e5llen av 4m takv\u00e4v<\/title>\n<meta name=\"robots\" content=\"index, follow, max-snippet:-1, max-image-preview:large, max-video-preview:-1\" \/>\n<link rel=\"canonical\" href=\"https:\/\/www.teltat.fi\/sv\/produkt\/tryck-pa-4-m-takfall\/\" \/>\n<meta property=\"og:locale\" content=\"sv_SE\" \/>\n<meta property=\"og:type\" content=\"article\" \/>\n<meta property=\"og:title\" content=\"Tryck p\u00e5 f\u00e5llen av 4m takv\u00e4v\" \/>\n<meta property=\"og:description\" content=\"Detta \u00e4r bara tryckning. Se till att best\u00e4lla t\u00e4ltet ocks\u00e5!\" \/>\n<meta property=\"og:url\" content=\"https:\/\/www.teltat.fi\/sv\/produkt\/tryck-pa-4-m-takfall\/\" \/>\n<meta property=\"og:site_name\" content=\"Nopsa\" \/>\n<meta property=\"article:publisher\" content=\"https:\/\/www.facebook.com\/teltat.fi\/\" \/>\n<meta property=\"article:modified_time\" content=\"2025-06-03T12:03:56+00:00\" \/>\n<meta property=\"og:image\" content=\"https:\/\/www.teltat.fi\/wp-content\/uploads\/2023\/03\/Suunnittele-painatus.jpg\" \/>\n\t<meta property=\"og:image:width\" content=\"2133\" \/>\n\t<meta property=\"og:image:height\" content=\"1285\" \/>\n\t<meta property=\"og:image:type\" content=\"image\/jpeg\" \/>\n<meta name=\"twitter:card\" content=\"summary_large_image\" \/>\n<meta name=\"twitter:label1\" content=\"Ber\u00e4knad l\u00e4stid\" \/>\n\t<meta name=\"twitter:data1\" content=\"1 minut\" \/>\n<script type=\"application\/ld+json\" class=\"yoast-schema-graph\">{\"@context\":\"https:\\\/\\\/schema.org\",\"@graph\":[{\"@type\":[\"WebPage\",\"ItemPage\"],\"@id\":\"https:\\\/\\\/www.teltat.fi\\\/sv\\\/produkt\\\/tryck-pa-4-m-takfall\\\/\",\"url\":\"https:\\\/\\\/www.teltat.fi\\\/sv\\\/produkt\\\/tryck-pa-4-m-takfall\\\/\",\"name\":\"Tryck p\u00e5 f\u00e5llen av 4m takv\u00e4v\",\"isPartOf\":{\"@id\":\"https:\\\/\\\/www.teltat.fi\\\/sv\\\/#website\"},\"primaryImageOfPage\":{\"@id\":\"https:\\\/\\\/www.teltat.fi\\\/sv\\\/produkt\\\/tryck-pa-4-m-takfall\\\/#primaryimage\"},\"image\":{\"@id\":\"https:\\\/\\\/www.teltat.fi\\\/sv\\\/produkt\\\/tryck-pa-4-m-takfall\\\/#primaryimage\"},\"thumbnailUrl\":\"https:\\\/\\\/www.teltat.fi\\\/wp-content\\\/uploads\\\/2023\\\/03\\\/Suunnittele-painatus.jpg\",\"datePublished\":\"2023-02-08T10:23:57+00:00\",\"dateModified\":\"2025-06-03T12:03:56+00:00\",\"breadcrumb\":{\"@id\":\"https:\\\/\\\/www.teltat.fi\\\/sv\\\/produkt\\\/tryck-pa-4-m-takfall\\\/#breadcrumb\"},\"inLanguage\":\"sv-SE\",\"potentialAction\":[{\"@type\":\"ReadAction\",\"target\":[\"https:\\\/\\\/www.teltat.fi\\\/sv\\\/produkt\\\/tryck-pa-4-m-takfall\\\/\"]}]},{\"@type\":\"ImageObject\",\"inLanguage\":\"sv-SE\",\"@id\":\"https:\\\/\\\/www.teltat.fi\\\/sv\\\/produkt\\\/tryck-pa-4-m-takfall\\\/#primaryimage\",\"url\":\"https:\\\/\\\/www.teltat.fi\\\/wp-content\\\/uploads\\\/2023\\\/03\\\/Suunnittele-painatus.jpg\",\"contentUrl\":\"https:\\\/\\\/www.teltat.fi\\\/wp-content\\\/uploads\\\/2023\\\/03\\\/Suunnittele-painatus.jpg\",\"width\":2133,\"height\":1285,\"caption\":\"Designa ett tryck\"},{\"@type\":\"BreadcrumbList\",\"@id\":\"https:\\\/\\\/www.teltat.fi\\\/sv\\\/produkt\\\/tryck-pa-4-m-takfall\\\/#breadcrumb\",\"itemListElement\":[{\"@type\":\"ListItem\",\"position\":1,\"name\":\"Startsida\",\"item\":\"https:\\\/\\\/www.teltat.fi\\\/sv\\\/hemsida\\\/\"},{\"@type\":\"ListItem\",\"position\":2,\"name\":\"Butik\",\"item\":\"https:\\\/\\\/www.teltat.fi\\\/sv\\\/butik\\\/\"},{\"@type\":\"ListItem\",\"position\":3,\"name\":\"Grafik\",\"item\":\"https:\\\/\\\/www.teltat.fi\\\/sv\\\/produktkategori\\\/grafik\\\/\"},{\"@type\":\"ListItem\",\"position\":4,\"name\":\"Tryck p\u00e5 f\u00e5llen av 4m takv\u00e4v\"}]},{\"@type\":\"WebSite\",\"@id\":\"https:\\\/\\\/www.teltat.fi\\\/sv\\\/#website\",\"url\":\"https:\\\/\\\/www.teltat.fi\\\/sv\\\/\",\"name\":\"Nopsa\",\"description\":\"Pop-up teltat ja tarvikkeet kaikkiin tapahtumiin\",\"publisher\":{\"@id\":\"https:\\\/\\\/www.teltat.fi\\\/sv\\\/#organization\"},\"alternateName\":\"Nopsa popup teltat\",\"potentialAction\":[{\"@type\":\"SearchAction\",\"target\":{\"@type\":\"EntryPoint\",\"urlTemplate\":\"https:\\\/\\\/www.teltat.fi\\\/sv\\\/?s={search_term_string}\"},\"query-input\":{\"@type\":\"PropertyValueSpecification\",\"valueRequired\":true,\"valueName\":\"search_term_string\"}}],\"inLanguage\":\"sv-SE\"},{\"@type\":\"Organization\",\"@id\":\"https:\\\/\\\/www.teltat.fi\\\/sv\\\/#organization\",\"name\":\"www.teltat.fi\",\"alternateName\":\"Nopsa popup-t\u00e4lt och tillbeh\u00f6r\",\"url\":\"https:\\\/\\\/www.teltat.fi\\\/sv\\\/\",\"logo\":{\"@type\":\"ImageObject\",\"inLanguage\":\"sv-SE\",\"@id\":\"https:\\\/\\\/www.teltat.fi\\\/sv\\\/#\\\/schema\\\/logo\\\/image\\\/\",\"url\":\"https:\\\/\\\/www.teltat.fi\\\/wp-content\\\/uploads\\\/2025\\\/03\\\/Nopsa-logo-white-no-circle-RGB.svg\",\"contentUrl\":\"https:\\\/\\\/www.teltat.fi\\\/wp-content\\\/uploads\\\/2025\\\/03\\\/Nopsa-logo-white-no-circle-RGB.svg\",\"width\":1080,\"height\":548,\"caption\":\"www.teltat.fi\"},\"image\":{\"@id\":\"https:\\\/\\\/www.teltat.fi\\\/sv\\\/#\\\/schema\\\/logo\\\/image\\\/\"},\"sameAs\":[\"https:\\\/\\\/www.facebook.com\\\/teltat.fi\\\/\"],\"email\":\"myynti@teltat.fi\",\"telephone\":\"+358105260424\",\"foundingDate\":\"1994-05-18\",\"vatID\":\"FI09519220\",\"numberOfEmployees\":{\"@type\":\"QuantitativeValue\",\"minValue\":\"1\",\"maxValue\":\"10\"}}]}<\/script>\n<!-- \/ Yoast SEO Premium plugin. -->","yoast_head_json":{"title":"Tryck p\u00e5 f\u00e5llen av 4m takv\u00e4v","robots":{"index":"index","follow":"follow","max-snippet":"max-snippet:-1","max-image-preview":"max-image-preview:large","max-video-preview":"max-video-preview:-1"},"canonical":"https:\/\/www.teltat.fi\/sv\/produkt\/tryck-pa-4-m-takfall\/","og_locale":"sv_SE","og_type":"article","og_title":"Tryck p\u00e5 f\u00e5llen av 4m takv\u00e4v","og_description":"Detta \u00e4r bara tryckning. Se till att best\u00e4lla t\u00e4ltet ocks\u00e5!","og_url":"https:\/\/www.teltat.fi\/sv\/produkt\/tryck-pa-4-m-takfall\/","og_site_name":"Nopsa","article_publisher":"https:\/\/www.facebook.com\/teltat.fi\/","article_modified_time":"2025-06-03T12:03:56+00:00","og_image":[{"width":2133,"height":1285,"url":"https:\/\/www.teltat.fi\/wp-content\/uploads\/2023\/03\/Suunnittele-painatus.jpg","type":"image\/jpeg"}],"twitter_card":"summary_large_image","twitter_misc":{"Ber\u00e4knad l\u00e4stid":"1 minut"},"schema":{"@context":"https:\/\/schema.org","@graph":[{"@type":["WebPage","ItemPage"],"@id":"https:\/\/www.teltat.fi\/sv\/produkt\/tryck-pa-4-m-takfall\/","url":"https:\/\/www.teltat.fi\/sv\/produkt\/tryck-pa-4-m-takfall\/","name":"Tryck p\u00e5 f\u00e5llen av 4m takv\u00e4v","isPartOf":{"@id":"https:\/\/www.teltat.fi\/sv\/#website"},"primaryImageOfPage":{"@id":"https:\/\/www.teltat.fi\/sv\/produkt\/tryck-pa-4-m-takfall\/#primaryimage"},"image":{"@id":"https:\/\/www.teltat.fi\/sv\/produkt\/tryck-pa-4-m-takfall\/#primaryimage"},"thumbnailUrl":"https:\/\/www.teltat.fi\/wp-content\/uploads\/2023\/03\/Suunnittele-painatus.jpg","datePublished":"2023-02-08T10:23:57+00:00","dateModified":"2025-06-03T12:03:56+00:00","breadcrumb":{"@id":"https:\/\/www.teltat.fi\/sv\/produkt\/tryck-pa-4-m-takfall\/#breadcrumb"},"inLanguage":"sv-SE","potentialAction":[{"@type":"ReadAction","target":["https:\/\/www.teltat.fi\/sv\/produkt\/tryck-pa-4-m-takfall\/"]}]},{"@type":"ImageObject","inLanguage":"sv-SE","@id":"https:\/\/www.teltat.fi\/sv\/produkt\/tryck-pa-4-m-takfall\/#primaryimage","url":"https:\/\/www.teltat.fi\/wp-content\/uploads\/2023\/03\/Suunnittele-painatus.jpg","contentUrl":"https:\/\/www.teltat.fi\/wp-content\/uploads\/2023\/03\/Suunnittele-painatus.jpg","width":2133,"height":1285,"caption":"Designa ett tryck"},{"@type":"BreadcrumbList","@id":"https:\/\/www.teltat.fi\/sv\/produkt\/tryck-pa-4-m-takfall\/#breadcrumb","itemListElement":[{"@type":"ListItem","position":1,"name":"Startsida","item":"https:\/\/www.teltat.fi\/sv\/hemsida\/"},{"@type":"ListItem","position":2,"name":"Butik","item":"https:\/\/www.teltat.fi\/sv\/butik\/"},{"@type":"ListItem","position":3,"name":"Grafik","item":"https:\/\/www.teltat.fi\/sv\/produktkategori\/grafik\/"},{"@type":"ListItem","position":4,"name":"Tryck p\u00e5 f\u00e5llen av 4m takv\u00e4v"}]},{"@type":"WebSite","@id":"https:\/\/www.teltat.fi\/sv\/#website","url":"https:\/\/www.teltat.fi\/sv\/","name":"Nopsa","description":"Pop-up teltat ja tarvikkeet kaikkiin tapahtumiin","publisher":{"@id":"https:\/\/www.teltat.fi\/sv\/#organization"},"alternateName":"Nopsa popup teltat","potentialAction":[{"@type":"SearchAction","target":{"@type":"EntryPoint","urlTemplate":"https:\/\/www.teltat.fi\/sv\/?s={search_term_string}"},"query-input":{"@type":"PropertyValueSpecification","valueRequired":true,"valueName":"search_term_string"}}],"inLanguage":"sv-SE"},{"@type":"Organization","@id":"https:\/\/www.teltat.fi\/sv\/#organization","name":"www.teltat.fi","alternateName":"Nopsa popup-t\u00e4lt och tillbeh\u00f6r","url":"https:\/\/www.teltat.fi\/sv\/","logo":{"@type":"ImageObject","inLanguage":"sv-SE","@id":"https:\/\/www.teltat.fi\/sv\/#\/schema\/logo\/image\/","url":"https:\/\/www.teltat.fi\/wp-content\/uploads\/2025\/03\/Nopsa-logo-white-no-circle-RGB.svg","contentUrl":"https:\/\/www.teltat.fi\/wp-content\/uploads\/2025\/03\/Nopsa-logo-white-no-circle-RGB.svg","width":1080,"height":548,"caption":"www.teltat.fi"},"image":{"@id":"https:\/\/www.teltat.fi\/sv\/#\/schema\/logo\/image\/"},"sameAs":["https:\/\/www.facebook.com\/teltat.fi\/"],"email":"myynti@teltat.fi","telephone":"+358105260424","foundingDate":"1994-05-18","vatID":"FI09519220","numberOfEmployees":{"@type":"QuantitativeValue","minValue":"1","maxValue":"10"}}]}},"_links":{"self":[{"href":"https:\/\/www.teltat.fi\/sv\/wp-json\/wp\/v2\/product\/10339","targetHints":{"allow":["GET"]}}],"collection":[{"href":"https:\/\/www.teltat.fi\/sv\/wp-json\/wp\/v2\/product"}],"about":[{"href":"https:\/\/www.teltat.fi\/sv\/wp-json\/wp\/v2\/types\/product"}],"version-history":[{"count":2,"href":"https:\/\/www.teltat.fi\/sv\/wp-json\/wp\/v2\/product\/10339\/revisions"}],"predecessor-version":[{"id":25614,"href":"https:\/\/www.teltat.fi\/sv\/wp-json\/wp\/v2\/product\/10339\/revisions\/25614"}],"wp:featuredmedia":[{"embeddable":true,"href":"https:\/\/www.teltat.fi\/sv\/wp-json\/wp\/v2\/media\/8637"}],"wp:attachment":[{"href":"https:\/\/www.teltat.fi\/sv\/wp-json\/wp\/v2\/media?parent=10339"}],"wp:term":[{"taxonomy":"product_brand","embeddable":true,"href":"https:\/\/www.teltat.fi\/sv\/wp-json\/wp\/v2\/product_brand?post=10339"},{"taxonomy":"product_cat","embeddable":true,"href":"https:\/\/www.teltat.fi\/sv\/wp-json\/wp\/v2\/product_cat?post=10339"},{"taxonomy":"product_tag","embeddable":true,"href":"https:\/\/www.teltat.fi\/sv\/wp-json\/wp\/v2\/product_tag?post=10339"}],"curies":[{"name":"wp","href":"https:\/\/api.w.org\/{rel}","templated":true}]}}