{"id":10388,"date":"2023-02-08T13:18:13","date_gmt":"2023-02-08T13:18:13","guid":{"rendered":"https:\/\/www.teltat.fi\/tuote\/hopfallbart-bord-gratt\/"},"modified":"2025-07-01T11:41:56","modified_gmt":"2025-07-01T08:41:56","slug":"hopfallbar-bord-gra","status":"publish","type":"product","link":"https:\/\/www.teltat.fi\/sv\/produkt\/hopfallbar-bord-gra\/","title":{"rendered":"Hopf\u00e4llbart bord (kaffebrunt)"},"content":{"rendered":"<p>Nu tillg\u00e4ngligt som ett nytt kaffebrunt f\u00e4llbord. Tack vare sk\u00e4rmen syns inte bordet lika l\u00e4tt smuts eller slits. <\/p>\n<ul>\n<li>Bordytans f\u00e4rg \u00e4r brun.<\/li>\n<li>Ett l\u00e4tt och bekv\u00e4mt hopf\u00e4llbart bord.<\/li>\n<li>Bordsl\u00e4ngd 183cm.<\/li>\n<li>Bordsbenen f\u00e4lls ihop under bordet och hela bordsskivan f\u00e4lls p\u00e5 mitten.<\/li>\n<li>Transportstorleken \u00e4r 75 x 9 x 94,5 cm.<\/li>\n<li>L\u00e4tt att flytta med det bekv\u00e4ma b\u00e4rhandtaget.<\/li>\n<li>Bordets yta \u00e4r av plast, s\u00e5 det \u00e4r l\u00e4tt att h\u00e5lla rent.<\/li>\n<li>Storleken p\u00e5 bordsskivan \u00e4r 180 x 74 och 4 cm tjock.<\/li>\n<li>1 \u00e5rs garanti<\/li>\n<\/ul>\n<p>Se till att ocks\u00e5 k\u00f6pa <a href=\"https:\/\/www.teltat.fi\/sv\/produkt\/hopfallbar-bank-gra\/\">f\u00e4llbara b\u00e4nkar<\/a> runt bordet.<\/p>\n","protected":false},"excerpt":{"rendered":"<p>Nu tillg\u00e4ngligt som ett nytt kaffebrunt f\u00e4llbord. Tack vare sk\u00e4rmen syns inte bordet lika l\u00e4tt smuts eller slits. Bordytans f\u00e4rg \u00e4r brun. Ett l\u00e4tt och bekv\u00e4mt hopf\u00e4llbart bord. Bordsl\u00e4ngd 183cm. Bordsbenen f\u00e4lls ihop under bordet och hela bordsskivan f\u00e4lls p\u00e5 mitten. Transportstorleken \u00e4r 75 x 9 x 94,5 cm. L\u00e4tt att flytta med det bekv\u00e4ma b\u00e4rhandtaget. Bordets yta \u00e4r av plast, s\u00e5 det \u00e4r l\u00e4tt att h\u00e5lla rent. Storleken p\u00e5 bordsskivan \u00e4r 180 x 74 och 4 cm tjock. 1 \u00e5rs garanti Se till att ocks\u00e5 k\u00f6pa f\u00e4llbara b\u00e4nkar runt bordet.<\/p>\n","protected":false},"featured_media":27943,"template":"","meta":{"_acf_changed":false,"_eb_attr":"","site-sidebar-layout":"default","site-content-layout":"","ast-site-content-layout":"default","site-content-style":"default","site-sidebar-style":"default","ast-global-header-display":"","ast-banner-title-visibility":"","ast-main-header-display":"","ast-hfb-above-header-display":"","ast-hfb-below-header-display":"","ast-hfb-mobile-header-display":"","site-post-title":"","ast-breadcrumbs-content":"","ast-featured-img":"","footer-sml-layout":"","ast-disable-related-posts":"","theme-transparent-header-meta":"default","adv-header-id-meta":"","stick-header-meta":"","header-above-stick-meta":"","header-main-stick-meta":"","header-below-stick-meta":"","astra-migrate-meta-layouts":"default","ast-page-background-enabled":"default","ast-page-background-meta":{"desktop":{"background-color":"var(--ast-global-color-5)","background-image":"","background-repeat":"repeat","background-position":"center center","background-size":"auto","background-attachment":"scroll","background-type":"","background-media":"","overlay-type":"","overlay-color":"","overlay-opacity":"","overlay-gradient":""},"tablet":{"background-color":"","background-image":"","background-repeat":"repeat","background-position":"center center","background-size":"auto","background-attachment":"scroll","background-type":"","background-media":"","overlay-type":"","overlay-color":"","overlay-opacity":"","overlay-gradient":""},"mobile":{"background-color":"","background-image":"","background-repeat":"repeat","background-position":"center center","background-size":"auto","background-attachment":"scroll","background-type":"","background-media":"","overlay-type":"","overlay-color":"","overlay-opacity":"","overlay-gradient":""}},"ast-content-background-meta":{"desktop":{"background-color":"var(--ast-global-color-4)","background-image":"","background-repeat":"repeat","background-position":"center center","background-size":"auto","background-attachment":"scroll","background-type":"","background-media":"","overlay-type":"","overlay-color":"","overlay-opacity":"","overlay-gradient":""},"tablet":{"background-color":"var(--ast-global-color-4)","background-image":"","background-repeat":"repeat","background-position":"center center","background-size":"auto","background-attachment":"scroll","background-type":"","background-media":"","overlay-type":"","overlay-color":"","overlay-opacity":"","overlay-gradient":""},"mobile":{"background-color":"var(--ast-global-color-4)","background-image":"","background-repeat":"repeat","background-position":"center center","background-size":"auto","background-attachment":"scroll","background-type":"","background-media":"","overlay-type":"","overlay-color":"","overlay-opacity":"","overlay-gradient":""}},"_wp_convertkit_post_meta":{"form":"-1","landing_page":"0","tag":"0","restrict_content":"0"}},"product_brand":[],"product_cat":[279],"product_tag":[],"class_list":{"0":"post-10388","1":"product","2":"type-product","3":"status-publish","4":"has-post-thumbnail","6":"product_cat-bordet","7":"desktop-align-left","8":"tablet-align-left","9":"mobile-align-left","11":"first","12":"instock","13":"taxable","14":"shipping-taxable","15":"purchasable","16":"product-type-simple"},"acf":[],"yoast_head":"<!-- This site is optimized with the Yoast SEO Premium plugin v24.5 (Yoast SEO v27.5) - https:\/\/yoast.com\/product\/yoast-seo-premium-wordpress\/ -->\n<title>Hopf\u00e4llbart bord (kaffebrunt)<\/title>\n<meta name=\"robots\" content=\"index, follow, max-snippet:-1, max-image-preview:large, max-video-preview:-1\" \/>\n<link rel=\"canonical\" href=\"https:\/\/www.teltat.fi\/sv\/produkt\/hopfallbar-bord-gra\/\" \/>\n<meta property=\"og:locale\" content=\"sv_SE\" \/>\n<meta property=\"og:type\" content=\"article\" \/>\n<meta property=\"og:title\" content=\"Hopf\u00e4llbart bord (kaffebrunt)\" \/>\n<meta property=\"og:description\" content=\"Nu tillg\u00e4ngligt som ett nytt kaffebrunt f\u00e4llbord. Tack vare sk\u00e4rmen syns inte bordet lika l\u00e4tt smuts eller slits. Bordytans f\u00e4rg \u00e4r brun. Ett l\u00e4tt och bekv\u00e4mt hopf\u00e4llbart bord. Bordsl\u00e4ngd 183cm. Bordsbenen f\u00e4lls ihop under bordet och hela bordsskivan f\u00e4lls p\u00e5 mitten. Transportstorleken \u00e4r 75 x 9 x 94,5 cm. L\u00e4tt att flytta med det bekv\u00e4ma b\u00e4rhandtaget. Bordets yta \u00e4r av plast, s\u00e5 det \u00e4r l\u00e4tt att h\u00e5lla rent. Storleken p\u00e5 bordsskivan \u00e4r 180 x 74 och 4 cm tjock. 1 \u00e5rs garanti Se till att ocks\u00e5 k\u00f6pa f\u00e4llbara b\u00e4nkar runt bordet.\" \/>\n<meta property=\"og:url\" content=\"https:\/\/www.teltat.fi\/sv\/produkt\/hopfallbar-bord-gra\/\" \/>\n<meta property=\"og:site_name\" content=\"Nopsa\" \/>\n<meta property=\"article:publisher\" content=\"https:\/\/www.facebook.com\/teltat.fi\/\" \/>\n<meta property=\"article:modified_time\" content=\"2025-07-01T08:41:56+00:00\" \/>\n<meta property=\"og:image\" content=\"https:\/\/i0.wp.com\/www.teltat.fi\/wp-content\/uploads\/2023\/02\/pitkapoyta-ruskea.webp?fit=1024%2C1024&ssl=1\" \/>\n\t<meta property=\"og:image:width\" content=\"1024\" \/>\n\t<meta property=\"og:image:height\" content=\"1024\" \/>\n\t<meta property=\"og:image:type\" content=\"image\/webp\" \/>\n<meta name=\"twitter:card\" content=\"summary_large_image\" \/>\n<meta name=\"twitter:label1\" content=\"Ber\u00e4knad l\u00e4stid\" \/>\n\t<meta name=\"twitter:data1\" content=\"1 minut\" \/>\n<script type=\"application\/ld+json\" class=\"yoast-schema-graph\">{\"@context\":\"https:\\\/\\\/schema.org\",\"@graph\":[{\"@type\":[\"WebPage\",\"ItemPage\"],\"@id\":\"https:\\\/\\\/www.teltat.fi\\\/sv\\\/produkt\\\/hopfallbar-bord-gra\\\/\",\"url\":\"https:\\\/\\\/www.teltat.fi\\\/sv\\\/produkt\\\/hopfallbar-bord-gra\\\/\",\"name\":\"Hopf\u00e4llbart bord (kaffebrunt)\",\"isPartOf\":{\"@id\":\"https:\\\/\\\/www.teltat.fi\\\/sv\\\/#website\"},\"primaryImageOfPage\":{\"@id\":\"https:\\\/\\\/www.teltat.fi\\\/sv\\\/produkt\\\/hopfallbar-bord-gra\\\/#primaryimage\"},\"image\":{\"@id\":\"https:\\\/\\\/www.teltat.fi\\\/sv\\\/produkt\\\/hopfallbar-bord-gra\\\/#primaryimage\"},\"thumbnailUrl\":\"https:\\\/\\\/www.teltat.fi\\\/wp-content\\\/uploads\\\/2023\\\/02\\\/pitkapoyta-ruskea.webp\",\"datePublished\":\"2023-02-08T13:18:13+00:00\",\"dateModified\":\"2025-07-01T08:41:56+00:00\",\"breadcrumb\":{\"@id\":\"https:\\\/\\\/www.teltat.fi\\\/sv\\\/produkt\\\/hopfallbar-bord-gra\\\/#breadcrumb\"},\"inLanguage\":\"sv-SE\",\"potentialAction\":[{\"@type\":\"ReadAction\",\"target\":[\"https:\\\/\\\/www.teltat.fi\\\/sv\\\/produkt\\\/hopfallbar-bord-gra\\\/\"]}]},{\"@type\":\"ImageObject\",\"inLanguage\":\"sv-SE\",\"@id\":\"https:\\\/\\\/www.teltat.fi\\\/sv\\\/produkt\\\/hopfallbar-bord-gra\\\/#primaryimage\",\"url\":\"https:\\\/\\\/www.teltat.fi\\\/wp-content\\\/uploads\\\/2023\\\/02\\\/pitkapoyta-ruskea.webp\",\"contentUrl\":\"https:\\\/\\\/www.teltat.fi\\\/wp-content\\\/uploads\\\/2023\\\/02\\\/pitkapoyta-ruskea.webp\",\"width\":1024,\"height\":1024,\"caption\":\"F\u00e4llbord brunt\"},{\"@type\":\"BreadcrumbList\",\"@id\":\"https:\\\/\\\/www.teltat.fi\\\/sv\\\/produkt\\\/hopfallbar-bord-gra\\\/#breadcrumb\",\"itemListElement\":[{\"@type\":\"ListItem\",\"position\":1,\"name\":\"Startsida\",\"item\":\"https:\\\/\\\/www.teltat.fi\\\/sv\\\/hemsida\\\/\"},{\"@type\":\"ListItem\",\"position\":2,\"name\":\"Butik\",\"item\":\"https:\\\/\\\/www.teltat.fi\\\/sv\\\/butik\\\/\"},{\"@type\":\"ListItem\",\"position\":3,\"name\":\"Bord och b\u00e4nkar\",\"item\":\"https:\\\/\\\/www.teltat.fi\\\/sv\\\/produktkategori\\\/bord-och-bankar\\\/\"},{\"@type\":\"ListItem\",\"position\":4,\"name\":\"Bordet\",\"item\":\"https:\\\/\\\/www.teltat.fi\\\/sv\\\/produktkategori\\\/bord-och-bankar\\\/bordet\\\/\"},{\"@type\":\"ListItem\",\"position\":5,\"name\":\"Hopf\u00e4llbart bord (kaffebrunt)\"}]},{\"@type\":\"WebSite\",\"@id\":\"https:\\\/\\\/www.teltat.fi\\\/sv\\\/#website\",\"url\":\"https:\\\/\\\/www.teltat.fi\\\/sv\\\/\",\"name\":\"Nopsa\",\"description\":\"Pop-up teltat ja tarvikkeet kaikkiin tapahtumiin\",\"publisher\":{\"@id\":\"https:\\\/\\\/www.teltat.fi\\\/sv\\\/#organization\"},\"alternateName\":\"Nopsa popup teltat\",\"potentialAction\":[{\"@type\":\"SearchAction\",\"target\":{\"@type\":\"EntryPoint\",\"urlTemplate\":\"https:\\\/\\\/www.teltat.fi\\\/sv\\\/?s={search_term_string}\"},\"query-input\":{\"@type\":\"PropertyValueSpecification\",\"valueRequired\":true,\"valueName\":\"search_term_string\"}}],\"inLanguage\":\"sv-SE\"},{\"@type\":\"Organization\",\"@id\":\"https:\\\/\\\/www.teltat.fi\\\/sv\\\/#organization\",\"name\":\"www.teltat.fi\",\"alternateName\":\"Nopsa popup-t\u00e4lt och tillbeh\u00f6r\",\"url\":\"https:\\\/\\\/www.teltat.fi\\\/sv\\\/\",\"logo\":{\"@type\":\"ImageObject\",\"inLanguage\":\"sv-SE\",\"@id\":\"https:\\\/\\\/www.teltat.fi\\\/sv\\\/#\\\/schema\\\/logo\\\/image\\\/\",\"url\":\"https:\\\/\\\/www.teltat.fi\\\/wp-content\\\/uploads\\\/2025\\\/03\\\/Nopsa-logo-white-no-circle-RGB.svg\",\"contentUrl\":\"https:\\\/\\\/www.teltat.fi\\\/wp-content\\\/uploads\\\/2025\\\/03\\\/Nopsa-logo-white-no-circle-RGB.svg\",\"width\":1080,\"height\":548,\"caption\":\"www.teltat.fi\"},\"image\":{\"@id\":\"https:\\\/\\\/www.teltat.fi\\\/sv\\\/#\\\/schema\\\/logo\\\/image\\\/\"},\"sameAs\":[\"https:\\\/\\\/www.facebook.com\\\/teltat.fi\\\/\"],\"email\":\"myynti@teltat.fi\",\"telephone\":\"+358105260424\",\"foundingDate\":\"1994-05-18\",\"vatID\":\"FI09519220\",\"numberOfEmployees\":{\"@type\":\"QuantitativeValue\",\"minValue\":\"1\",\"maxValue\":\"10\"}}]}<\/script>\n<!-- \/ Yoast SEO Premium plugin. -->","yoast_head_json":{"title":"Hopf\u00e4llbart bord (kaffebrunt)","robots":{"index":"index","follow":"follow","max-snippet":"max-snippet:-1","max-image-preview":"max-image-preview:large","max-video-preview":"max-video-preview:-1"},"canonical":"https:\/\/www.teltat.fi\/sv\/produkt\/hopfallbar-bord-gra\/","og_locale":"sv_SE","og_type":"article","og_title":"Hopf\u00e4llbart bord (kaffebrunt)","og_description":"Nu tillg\u00e4ngligt som ett nytt kaffebrunt f\u00e4llbord. Tack vare sk\u00e4rmen syns inte bordet lika l\u00e4tt smuts eller slits. Bordytans f\u00e4rg \u00e4r brun. Ett l\u00e4tt och bekv\u00e4mt hopf\u00e4llbart bord. Bordsl\u00e4ngd 183cm. Bordsbenen f\u00e4lls ihop under bordet och hela bordsskivan f\u00e4lls p\u00e5 mitten. Transportstorleken \u00e4r 75 x 9 x 94,5 cm. L\u00e4tt att flytta med det bekv\u00e4ma b\u00e4rhandtaget. Bordets yta \u00e4r av plast, s\u00e5 det \u00e4r l\u00e4tt att h\u00e5lla rent. Storleken p\u00e5 bordsskivan \u00e4r 180 x 74 och 4 cm tjock. 1 \u00e5rs garanti Se till att ocks\u00e5 k\u00f6pa f\u00e4llbara b\u00e4nkar runt bordet.","og_url":"https:\/\/www.teltat.fi\/sv\/produkt\/hopfallbar-bord-gra\/","og_site_name":"Nopsa","article_publisher":"https:\/\/www.facebook.com\/teltat.fi\/","article_modified_time":"2025-07-01T08:41:56+00:00","og_image":[{"width":1024,"height":1024,"url":"https:\/\/i0.wp.com\/www.teltat.fi\/wp-content\/uploads\/2023\/02\/pitkapoyta-ruskea.webp?fit=1024%2C1024&ssl=1","type":"image\/webp"}],"twitter_card":"summary_large_image","twitter_misc":{"Ber\u00e4knad l\u00e4stid":"1 minut"},"schema":{"@context":"https:\/\/schema.org","@graph":[{"@type":["WebPage","ItemPage"],"@id":"https:\/\/www.teltat.fi\/sv\/produkt\/hopfallbar-bord-gra\/","url":"https:\/\/www.teltat.fi\/sv\/produkt\/hopfallbar-bord-gra\/","name":"Hopf\u00e4llbart bord (kaffebrunt)","isPartOf":{"@id":"https:\/\/www.teltat.fi\/sv\/#website"},"primaryImageOfPage":{"@id":"https:\/\/www.teltat.fi\/sv\/produkt\/hopfallbar-bord-gra\/#primaryimage"},"image":{"@id":"https:\/\/www.teltat.fi\/sv\/produkt\/hopfallbar-bord-gra\/#primaryimage"},"thumbnailUrl":"https:\/\/www.teltat.fi\/wp-content\/uploads\/2023\/02\/pitkapoyta-ruskea.webp","datePublished":"2023-02-08T13:18:13+00:00","dateModified":"2025-07-01T08:41:56+00:00","breadcrumb":{"@id":"https:\/\/www.teltat.fi\/sv\/produkt\/hopfallbar-bord-gra\/#breadcrumb"},"inLanguage":"sv-SE","potentialAction":[{"@type":"ReadAction","target":["https:\/\/www.teltat.fi\/sv\/produkt\/hopfallbar-bord-gra\/"]}]},{"@type":"ImageObject","inLanguage":"sv-SE","@id":"https:\/\/www.teltat.fi\/sv\/produkt\/hopfallbar-bord-gra\/#primaryimage","url":"https:\/\/www.teltat.fi\/wp-content\/uploads\/2023\/02\/pitkapoyta-ruskea.webp","contentUrl":"https:\/\/www.teltat.fi\/wp-content\/uploads\/2023\/02\/pitkapoyta-ruskea.webp","width":1024,"height":1024,"caption":"F\u00e4llbord brunt"},{"@type":"BreadcrumbList","@id":"https:\/\/www.teltat.fi\/sv\/produkt\/hopfallbar-bord-gra\/#breadcrumb","itemListElement":[{"@type":"ListItem","position":1,"name":"Startsida","item":"https:\/\/www.teltat.fi\/sv\/hemsida\/"},{"@type":"ListItem","position":2,"name":"Butik","item":"https:\/\/www.teltat.fi\/sv\/butik\/"},{"@type":"ListItem","position":3,"name":"Bord och b\u00e4nkar","item":"https:\/\/www.teltat.fi\/sv\/produktkategori\/bord-och-bankar\/"},{"@type":"ListItem","position":4,"name":"Bordet","item":"https:\/\/www.teltat.fi\/sv\/produktkategori\/bord-och-bankar\/bordet\/"},{"@type":"ListItem","position":5,"name":"Hopf\u00e4llbart bord (kaffebrunt)"}]},{"@type":"WebSite","@id":"https:\/\/www.teltat.fi\/sv\/#website","url":"https:\/\/www.teltat.fi\/sv\/","name":"Nopsa","description":"Pop-up teltat ja tarvikkeet kaikkiin tapahtumiin","publisher":{"@id":"https:\/\/www.teltat.fi\/sv\/#organization"},"alternateName":"Nopsa popup teltat","potentialAction":[{"@type":"SearchAction","target":{"@type":"EntryPoint","urlTemplate":"https:\/\/www.teltat.fi\/sv\/?s={search_term_string}"},"query-input":{"@type":"PropertyValueSpecification","valueRequired":true,"valueName":"search_term_string"}}],"inLanguage":"sv-SE"},{"@type":"Organization","@id":"https:\/\/www.teltat.fi\/sv\/#organization","name":"www.teltat.fi","alternateName":"Nopsa popup-t\u00e4lt och tillbeh\u00f6r","url":"https:\/\/www.teltat.fi\/sv\/","logo":{"@type":"ImageObject","inLanguage":"sv-SE","@id":"https:\/\/www.teltat.fi\/sv\/#\/schema\/logo\/image\/","url":"https:\/\/www.teltat.fi\/wp-content\/uploads\/2025\/03\/Nopsa-logo-white-no-circle-RGB.svg","contentUrl":"https:\/\/www.teltat.fi\/wp-content\/uploads\/2025\/03\/Nopsa-logo-white-no-circle-RGB.svg","width":1080,"height":548,"caption":"www.teltat.fi"},"image":{"@id":"https:\/\/www.teltat.fi\/sv\/#\/schema\/logo\/image\/"},"sameAs":["https:\/\/www.facebook.com\/teltat.fi\/"],"email":"myynti@teltat.fi","telephone":"+358105260424","foundingDate":"1994-05-18","vatID":"FI09519220","numberOfEmployees":{"@type":"QuantitativeValue","minValue":"1","maxValue":"10"}}]}},"_links":{"self":[{"href":"https:\/\/www.teltat.fi\/sv\/wp-json\/wp\/v2\/product\/10388","targetHints":{"allow":["GET"]}}],"collection":[{"href":"https:\/\/www.teltat.fi\/sv\/wp-json\/wp\/v2\/product"}],"about":[{"href":"https:\/\/www.teltat.fi\/sv\/wp-json\/wp\/v2\/types\/product"}],"version-history":[{"count":3,"href":"https:\/\/www.teltat.fi\/sv\/wp-json\/wp\/v2\/product\/10388\/revisions"}],"predecessor-version":[{"id":28332,"href":"https:\/\/www.teltat.fi\/sv\/wp-json\/wp\/v2\/product\/10388\/revisions\/28332"}],"wp:featuredmedia":[{"embeddable":true,"href":"https:\/\/www.teltat.fi\/sv\/wp-json\/wp\/v2\/media\/27943"}],"wp:attachment":[{"href":"https:\/\/www.teltat.fi\/sv\/wp-json\/wp\/v2\/media?parent=10388"}],"wp:term":[{"taxonomy":"product_brand","embeddable":true,"href":"https:\/\/www.teltat.fi\/sv\/wp-json\/wp\/v2\/product_brand?post=10388"},{"taxonomy":"product_cat","embeddable":true,"href":"https:\/\/www.teltat.fi\/sv\/wp-json\/wp\/v2\/product_cat?post=10388"},{"taxonomy":"product_tag","embeddable":true,"href":"https:\/\/www.teltat.fi\/sv\/wp-json\/wp\/v2\/product_tag?post=10388"}],"curies":[{"name":"wp","href":"https:\/\/api.w.org\/{rel}","templated":true}]}}