{"id":10389,"date":"2023-02-08T13:18:13","date_gmt":"2023-02-08T10:18:13","guid":{"rendered":"https:\/\/www.teltat.fi\/tuote\/ihopfallbar-bank-gra\/"},"modified":"2025-07-01T13:12:56","modified_gmt":"2025-07-01T10:12:56","slug":"hopfallbar-bank-kaffebrun","status":"publish","type":"product","link":"https:\/\/www.teltat.fi\/sv\/produkt\/hopfallbar-bank-kaffebrun\/","title":{"rendered":"Hopf\u00e4llbar b\u00e4nk (kaffebrun)"},"content":{"rendered":"<p>Nu tillg\u00e4nglig som en ny kaffebrun hopf\u00e4llbar b\u00e4nk. Tack vare den bruna tonen visar b\u00e4nken inte smuts eller slitage s\u00e5 l\u00e4tt. <\/p>\n<ul>\n<li>B\u00e4nkytans f\u00e4rg kaffebrun<\/li>\n<li>En l\u00e4tt och bekv\u00e4m hopf\u00e4llbar b\u00e4nk.<\/li>\n<li>B\u00e4nkens ben viks under b\u00e4nken och hela b\u00e4nkskyddet viks p\u00e5 mitten.<\/li>\n<li>B\u00e4nkl\u00e4ngd 183cm.<\/li>\n<li>Transportstorleken \u00e4r 92 x 10 x 30 cm.<\/li>\n<li>L\u00e4tt att flytta med det bekv\u00e4ma b\u00e4rhandtaget.<\/li>\n<li>B\u00e4nkens yta \u00e4r av plast, s\u00e5 den \u00e4r l\u00e4tt att h\u00e5lla ren.<\/li>\n<li>1 \u00e5rs garanti<\/li>\n<\/ul>\n<p>T\u00e4nk p\u00e5 att \u00e4ven k\u00f6pa ett <a href=\"https:\/\/www.teltat.fi\/sv\/produkt\/hopfallbar-bord-kaffebrun\/\">hopf\u00e4llbart bord<\/a>.<\/p>\n","protected":false},"excerpt":{"rendered":"<p>Nu tillg\u00e4nglig som en ny kaffebrun hopf\u00e4llbar b\u00e4nk. Tack vare den bruna tonen visar b\u00e4nken inte smuts eller slitage s\u00e5 l\u00e4tt. B\u00e4nkytans f\u00e4rg kaffebrun En l\u00e4tt och bekv\u00e4m hopf\u00e4llbar b\u00e4nk. B\u00e4nkens ben viks under b\u00e4nken och hela b\u00e4nkskyddet viks p\u00e5 mitten. B\u00e4nkl\u00e4ngd 183cm. Transportstorleken \u00e4r 92 x 10 x 30 cm. L\u00e4tt att flytta med det bekv\u00e4ma b\u00e4rhandtaget. B\u00e4nkens yta \u00e4r av plast, s\u00e5 den \u00e4r l\u00e4tt att h\u00e5lla ren. 1 \u00e5rs garanti T\u00e4nk p\u00e5 att \u00e4ven k\u00f6pa ett hopf\u00e4llbart bord.<\/p>\n","protected":false},"featured_media":28322,"template":"","meta":{"_acf_changed":false,"_eb_attr":"","site-sidebar-layout":"default","site-content-layout":"","ast-site-content-layout":"default","site-content-style":"default","site-sidebar-style":"default","ast-global-header-display":"","ast-banner-title-visibility":"","ast-main-header-display":"","ast-hfb-above-header-display":"","ast-hfb-below-header-display":"","ast-hfb-mobile-header-display":"","site-post-title":"","ast-breadcrumbs-content":"","ast-featured-img":"","footer-sml-layout":"","ast-disable-related-posts":"","theme-transparent-header-meta":"default","adv-header-id-meta":"","stick-header-meta":"","header-above-stick-meta":"","header-main-stick-meta":"","header-below-stick-meta":"","astra-migrate-meta-layouts":"set","ast-page-background-enabled":"default","ast-page-background-meta":{"desktop":{"background-color":"var(--ast-global-color-5)","background-image":"","background-repeat":"repeat","background-position":"center center","background-size":"auto","background-attachment":"scroll","background-type":"","background-media":"","overlay-type":"","overlay-color":"","overlay-opacity":"","overlay-gradient":""},"tablet":{"background-color":"","background-image":"","background-repeat":"repeat","background-position":"center center","background-size":"auto","background-attachment":"scroll","background-type":"","background-media":"","overlay-type":"","overlay-color":"","overlay-opacity":"","overlay-gradient":""},"mobile":{"background-color":"","background-image":"","background-repeat":"repeat","background-position":"center center","background-size":"auto","background-attachment":"scroll","background-type":"","background-media":"","overlay-type":"","overlay-color":"","overlay-opacity":"","overlay-gradient":""}},"ast-content-background-meta":{"desktop":{"background-color":"var(--ast-global-color-4)","background-image":"","background-repeat":"repeat","background-position":"center center","background-size":"auto","background-attachment":"scroll","background-type":"","background-media":"","overlay-type":"","overlay-color":"","overlay-opacity":"","overlay-gradient":""},"tablet":{"background-color":"var(--ast-global-color-4)","background-image":"","background-repeat":"repeat","background-position":"center center","background-size":"auto","background-attachment":"scroll","background-type":"","background-media":"","overlay-type":"","overlay-color":"","overlay-opacity":"","overlay-gradient":""},"mobile":{"background-color":"var(--ast-global-color-4)","background-image":"","background-repeat":"repeat","background-position":"center center","background-size":"auto","background-attachment":"scroll","background-type":"","background-media":"","overlay-type":"","overlay-color":"","overlay-opacity":"","overlay-gradient":""}}},"product_brand":[],"product_cat":[282],"product_tag":[],"class_list":{"0":"post-10389","1":"product","2":"type-product","3":"status-publish","4":"has-post-thumbnail","6":"product_cat-stolen","7":"desktop-align-left","8":"tablet-align-left","9":"mobile-align-left","11":"first","12":"instock","13":"sale","14":"taxable","15":"shipping-taxable","16":"purchasable","17":"product-type-simple"},"acf":[],"yoast_head":"<!-- This site is optimized with the Yoast SEO Premium plugin v24.5 (Yoast SEO v27.4) - https:\/\/yoast.com\/product\/yoast-seo-premium-wordpress\/ -->\n<title>Hopf\u00e4llbar b\u00e4nk (kaffebrun)<\/title>\n<meta name=\"robots\" content=\"index, follow, max-snippet:-1, max-image-preview:large, max-video-preview:-1\" \/>\n<link rel=\"canonical\" href=\"https:\/\/www.teltat.fi\/sv\/produkt\/hopfallbar-bank-kaffebrun\/\" \/>\n<meta property=\"og:locale\" content=\"sv_SE\" \/>\n<meta property=\"og:type\" content=\"article\" \/>\n<meta property=\"og:title\" content=\"Hopf\u00e4llbar b\u00e4nk (kaffebrun)\" \/>\n<meta property=\"og:description\" content=\"Nu tillg\u00e4nglig som en ny kaffebrun hopf\u00e4llbar b\u00e4nk. Tack vare den bruna tonen visar b\u00e4nken inte smuts eller slitage s\u00e5 l\u00e4tt. B\u00e4nkytans f\u00e4rg kaffebrun En l\u00e4tt och bekv\u00e4m hopf\u00e4llbar b\u00e4nk. B\u00e4nkens ben viks under b\u00e4nken och hela b\u00e4nkskyddet viks p\u00e5 mitten. B\u00e4nkl\u00e4ngd 183cm. Transportstorleken \u00e4r 92 x 10 x 30 cm. L\u00e4tt att flytta med det bekv\u00e4ma b\u00e4rhandtaget. B\u00e4nkens yta \u00e4r av plast, s\u00e5 den \u00e4r l\u00e4tt att h\u00e5lla ren. 1 \u00e5rs garanti T\u00e4nk p\u00e5 att \u00e4ven k\u00f6pa ett hopf\u00e4llbart bord.\" \/>\n<meta property=\"og:url\" content=\"https:\/\/www.teltat.fi\/sv\/produkt\/hopfallbar-bank-kaffebrun\/\" \/>\n<meta property=\"og:site_name\" content=\"Nopsa\" \/>\n<meta property=\"article:publisher\" content=\"https:\/\/www.facebook.com\/teltat.fi\/\" \/>\n<meta property=\"article:modified_time\" content=\"2025-07-01T10:12:56+00:00\" \/>\n<meta property=\"og:image\" content=\"https:\/\/www.teltat.fi\/wp-content\/uploads\/2023\/02\/Taittopenkki-kahvinruskea.jpg\" \/>\n\t<meta property=\"og:image:width\" content=\"900\" \/>\n\t<meta property=\"og:image:height\" content=\"900\" \/>\n\t<meta property=\"og:image:type\" content=\"image\/jpeg\" \/>\n<meta name=\"twitter:card\" content=\"summary_large_image\" \/>\n<meta name=\"twitter:label1\" content=\"Ber\u00e4knad l\u00e4stid\" \/>\n\t<meta name=\"twitter:data1\" content=\"1 minut\" \/>\n<script type=\"application\/ld+json\" class=\"yoast-schema-graph\">{\"@context\":\"https:\\\/\\\/schema.org\",\"@graph\":[{\"@type\":[\"WebPage\",\"ItemPage\"],\"@id\":\"https:\\\/\\\/www.teltat.fi\\\/sv\\\/produkt\\\/hopfallbar-bank-kaffebrun\\\/\",\"url\":\"https:\\\/\\\/www.teltat.fi\\\/sv\\\/produkt\\\/hopfallbar-bank-kaffebrun\\\/\",\"name\":\"Hopf\u00e4llbar b\u00e4nk (kaffebrun)\",\"isPartOf\":{\"@id\":\"https:\\\/\\\/www.teltat.fi\\\/sv\\\/#website\"},\"primaryImageOfPage\":{\"@id\":\"https:\\\/\\\/www.teltat.fi\\\/sv\\\/produkt\\\/hopfallbar-bank-kaffebrun\\\/#primaryimage\"},\"image\":{\"@id\":\"https:\\\/\\\/www.teltat.fi\\\/sv\\\/produkt\\\/hopfallbar-bank-kaffebrun\\\/#primaryimage\"},\"thumbnailUrl\":\"https:\\\/\\\/www.teltat.fi\\\/wp-content\\\/uploads\\\/2023\\\/02\\\/Taittopenkki-kahvinruskea.jpg\",\"datePublished\":\"2023-02-08T10:18:13+00:00\",\"dateModified\":\"2025-07-01T10:12:56+00:00\",\"breadcrumb\":{\"@id\":\"https:\\\/\\\/www.teltat.fi\\\/sv\\\/produkt\\\/hopfallbar-bank-kaffebrun\\\/#breadcrumb\"},\"inLanguage\":\"sv-SE\",\"potentialAction\":[{\"@type\":\"ReadAction\",\"target\":[\"https:\\\/\\\/www.teltat.fi\\\/sv\\\/produkt\\\/hopfallbar-bank-kaffebrun\\\/\"]}]},{\"@type\":\"ImageObject\",\"inLanguage\":\"sv-SE\",\"@id\":\"https:\\\/\\\/www.teltat.fi\\\/sv\\\/produkt\\\/hopfallbar-bank-kaffebrun\\\/#primaryimage\",\"url\":\"https:\\\/\\\/www.teltat.fi\\\/wp-content\\\/uploads\\\/2023\\\/02\\\/Taittopenkki-kahvinruskea.jpg\",\"contentUrl\":\"https:\\\/\\\/www.teltat.fi\\\/wp-content\\\/uploads\\\/2023\\\/02\\\/Taittopenkki-kahvinruskea.jpg\",\"width\":900,\"height\":900,\"caption\":\"Hopf\u00e4llbar b\u00e4nk kaffebrun\"},{\"@type\":\"BreadcrumbList\",\"@id\":\"https:\\\/\\\/www.teltat.fi\\\/sv\\\/produkt\\\/hopfallbar-bank-kaffebrun\\\/#breadcrumb\",\"itemListElement\":[{\"@type\":\"ListItem\",\"position\":1,\"name\":\"Startsida\",\"item\":\"https:\\\/\\\/www.teltat.fi\\\/sv\\\/hemsida\\\/\"},{\"@type\":\"ListItem\",\"position\":2,\"name\":\"Butik\",\"item\":\"https:\\\/\\\/www.teltat.fi\\\/sv\\\/butik\\\/\"},{\"@type\":\"ListItem\",\"position\":3,\"name\":\"Bord och b\u00e4nkar\",\"item\":\"https:\\\/\\\/www.teltat.fi\\\/sv\\\/produktkategori\\\/bord-och-bankar\\\/\"},{\"@type\":\"ListItem\",\"position\":4,\"name\":\"Stolen\",\"item\":\"https:\\\/\\\/www.teltat.fi\\\/sv\\\/produktkategori\\\/bord-och-bankar\\\/stolen\\\/\"},{\"@type\":\"ListItem\",\"position\":5,\"name\":\"Hopf\u00e4llbar b\u00e4nk (kaffebrun)\"}]},{\"@type\":\"WebSite\",\"@id\":\"https:\\\/\\\/www.teltat.fi\\\/sv\\\/#website\",\"url\":\"https:\\\/\\\/www.teltat.fi\\\/sv\\\/\",\"name\":\"Nopsa\",\"description\":\"Pop-up teltat ja tarvikkeet kaikkiin tapahtumiin\",\"publisher\":{\"@id\":\"https:\\\/\\\/www.teltat.fi\\\/sv\\\/#organization\"},\"alternateName\":\"Nopsa popup teltat\",\"potentialAction\":[{\"@type\":\"SearchAction\",\"target\":{\"@type\":\"EntryPoint\",\"urlTemplate\":\"https:\\\/\\\/www.teltat.fi\\\/sv\\\/?s={search_term_string}\"},\"query-input\":{\"@type\":\"PropertyValueSpecification\",\"valueRequired\":true,\"valueName\":\"search_term_string\"}}],\"inLanguage\":\"sv-SE\"},{\"@type\":\"Organization\",\"@id\":\"https:\\\/\\\/www.teltat.fi\\\/sv\\\/#organization\",\"name\":\"www.teltat.fi\",\"alternateName\":\"Nopsa popup-t\u00e4lt och tillbeh\u00f6r\",\"url\":\"https:\\\/\\\/www.teltat.fi\\\/sv\\\/\",\"logo\":{\"@type\":\"ImageObject\",\"inLanguage\":\"sv-SE\",\"@id\":\"https:\\\/\\\/www.teltat.fi\\\/sv\\\/#\\\/schema\\\/logo\\\/image\\\/\",\"url\":\"https:\\\/\\\/www.teltat.fi\\\/wp-content\\\/uploads\\\/2025\\\/03\\\/Nopsa-logo-white-no-circle-RGB.svg\",\"contentUrl\":\"https:\\\/\\\/www.teltat.fi\\\/wp-content\\\/uploads\\\/2025\\\/03\\\/Nopsa-logo-white-no-circle-RGB.svg\",\"width\":1080,\"height\":548,\"caption\":\"www.teltat.fi\"},\"image\":{\"@id\":\"https:\\\/\\\/www.teltat.fi\\\/sv\\\/#\\\/schema\\\/logo\\\/image\\\/\"},\"sameAs\":[\"https:\\\/\\\/www.facebook.com\\\/teltat.fi\\\/\"],\"email\":\"myynti@teltat.fi\",\"telephone\":\"+358105260424\",\"foundingDate\":\"1994-05-18\",\"vatID\":\"FI09519220\",\"numberOfEmployees\":{\"@type\":\"QuantitativeValue\",\"minValue\":\"1\",\"maxValue\":\"10\"}}]}<\/script>\n<!-- \/ Yoast SEO Premium plugin. -->","yoast_head_json":{"title":"Hopf\u00e4llbar b\u00e4nk (kaffebrun)","robots":{"index":"index","follow":"follow","max-snippet":"max-snippet:-1","max-image-preview":"max-image-preview:large","max-video-preview":"max-video-preview:-1"},"canonical":"https:\/\/www.teltat.fi\/sv\/produkt\/hopfallbar-bank-kaffebrun\/","og_locale":"sv_SE","og_type":"article","og_title":"Hopf\u00e4llbar b\u00e4nk (kaffebrun)","og_description":"Nu tillg\u00e4nglig som en ny kaffebrun hopf\u00e4llbar b\u00e4nk. Tack vare den bruna tonen visar b\u00e4nken inte smuts eller slitage s\u00e5 l\u00e4tt. B\u00e4nkytans f\u00e4rg kaffebrun En l\u00e4tt och bekv\u00e4m hopf\u00e4llbar b\u00e4nk. B\u00e4nkens ben viks under b\u00e4nken och hela b\u00e4nkskyddet viks p\u00e5 mitten. B\u00e4nkl\u00e4ngd 183cm. Transportstorleken \u00e4r 92 x 10 x 30 cm. L\u00e4tt att flytta med det bekv\u00e4ma b\u00e4rhandtaget. B\u00e4nkens yta \u00e4r av plast, s\u00e5 den \u00e4r l\u00e4tt att h\u00e5lla ren. 1 \u00e5rs garanti T\u00e4nk p\u00e5 att \u00e4ven k\u00f6pa ett hopf\u00e4llbart bord.","og_url":"https:\/\/www.teltat.fi\/sv\/produkt\/hopfallbar-bank-kaffebrun\/","og_site_name":"Nopsa","article_publisher":"https:\/\/www.facebook.com\/teltat.fi\/","article_modified_time":"2025-07-01T10:12:56+00:00","og_image":[{"width":900,"height":900,"url":"https:\/\/www.teltat.fi\/wp-content\/uploads\/2023\/02\/Taittopenkki-kahvinruskea.jpg","type":"image\/jpeg"}],"twitter_card":"summary_large_image","twitter_misc":{"Ber\u00e4knad l\u00e4stid":"1 minut"},"schema":{"@context":"https:\/\/schema.org","@graph":[{"@type":["WebPage","ItemPage"],"@id":"https:\/\/www.teltat.fi\/sv\/produkt\/hopfallbar-bank-kaffebrun\/","url":"https:\/\/www.teltat.fi\/sv\/produkt\/hopfallbar-bank-kaffebrun\/","name":"Hopf\u00e4llbar b\u00e4nk (kaffebrun)","isPartOf":{"@id":"https:\/\/www.teltat.fi\/sv\/#website"},"primaryImageOfPage":{"@id":"https:\/\/www.teltat.fi\/sv\/produkt\/hopfallbar-bank-kaffebrun\/#primaryimage"},"image":{"@id":"https:\/\/www.teltat.fi\/sv\/produkt\/hopfallbar-bank-kaffebrun\/#primaryimage"},"thumbnailUrl":"https:\/\/www.teltat.fi\/wp-content\/uploads\/2023\/02\/Taittopenkki-kahvinruskea.jpg","datePublished":"2023-02-08T10:18:13+00:00","dateModified":"2025-07-01T10:12:56+00:00","breadcrumb":{"@id":"https:\/\/www.teltat.fi\/sv\/produkt\/hopfallbar-bank-kaffebrun\/#breadcrumb"},"inLanguage":"sv-SE","potentialAction":[{"@type":"ReadAction","target":["https:\/\/www.teltat.fi\/sv\/produkt\/hopfallbar-bank-kaffebrun\/"]}]},{"@type":"ImageObject","inLanguage":"sv-SE","@id":"https:\/\/www.teltat.fi\/sv\/produkt\/hopfallbar-bank-kaffebrun\/#primaryimage","url":"https:\/\/www.teltat.fi\/wp-content\/uploads\/2023\/02\/Taittopenkki-kahvinruskea.jpg","contentUrl":"https:\/\/www.teltat.fi\/wp-content\/uploads\/2023\/02\/Taittopenkki-kahvinruskea.jpg","width":900,"height":900,"caption":"Hopf\u00e4llbar b\u00e4nk kaffebrun"},{"@type":"BreadcrumbList","@id":"https:\/\/www.teltat.fi\/sv\/produkt\/hopfallbar-bank-kaffebrun\/#breadcrumb","itemListElement":[{"@type":"ListItem","position":1,"name":"Startsida","item":"https:\/\/www.teltat.fi\/sv\/hemsida\/"},{"@type":"ListItem","position":2,"name":"Butik","item":"https:\/\/www.teltat.fi\/sv\/butik\/"},{"@type":"ListItem","position":3,"name":"Bord och b\u00e4nkar","item":"https:\/\/www.teltat.fi\/sv\/produktkategori\/bord-och-bankar\/"},{"@type":"ListItem","position":4,"name":"Stolen","item":"https:\/\/www.teltat.fi\/sv\/produktkategori\/bord-och-bankar\/stolen\/"},{"@type":"ListItem","position":5,"name":"Hopf\u00e4llbar b\u00e4nk (kaffebrun)"}]},{"@type":"WebSite","@id":"https:\/\/www.teltat.fi\/sv\/#website","url":"https:\/\/www.teltat.fi\/sv\/","name":"Nopsa","description":"Pop-up teltat ja tarvikkeet kaikkiin tapahtumiin","publisher":{"@id":"https:\/\/www.teltat.fi\/sv\/#organization"},"alternateName":"Nopsa popup teltat","potentialAction":[{"@type":"SearchAction","target":{"@type":"EntryPoint","urlTemplate":"https:\/\/www.teltat.fi\/sv\/?s={search_term_string}"},"query-input":{"@type":"PropertyValueSpecification","valueRequired":true,"valueName":"search_term_string"}}],"inLanguage":"sv-SE"},{"@type":"Organization","@id":"https:\/\/www.teltat.fi\/sv\/#organization","name":"www.teltat.fi","alternateName":"Nopsa popup-t\u00e4lt och tillbeh\u00f6r","url":"https:\/\/www.teltat.fi\/sv\/","logo":{"@type":"ImageObject","inLanguage":"sv-SE","@id":"https:\/\/www.teltat.fi\/sv\/#\/schema\/logo\/image\/","url":"https:\/\/www.teltat.fi\/wp-content\/uploads\/2025\/03\/Nopsa-logo-white-no-circle-RGB.svg","contentUrl":"https:\/\/www.teltat.fi\/wp-content\/uploads\/2025\/03\/Nopsa-logo-white-no-circle-RGB.svg","width":1080,"height":548,"caption":"www.teltat.fi"},"image":{"@id":"https:\/\/www.teltat.fi\/sv\/#\/schema\/logo\/image\/"},"sameAs":["https:\/\/www.facebook.com\/teltat.fi\/"],"email":"myynti@teltat.fi","telephone":"+358105260424","foundingDate":"1994-05-18","vatID":"FI09519220","numberOfEmployees":{"@type":"QuantitativeValue","minValue":"1","maxValue":"10"}}]}},"_links":{"self":[{"href":"https:\/\/www.teltat.fi\/sv\/wp-json\/wp\/v2\/product\/10389","targetHints":{"allow":["GET"]}}],"collection":[{"href":"https:\/\/www.teltat.fi\/sv\/wp-json\/wp\/v2\/product"}],"about":[{"href":"https:\/\/www.teltat.fi\/sv\/wp-json\/wp\/v2\/types\/product"}],"version-history":[{"count":9,"href":"https:\/\/www.teltat.fi\/sv\/wp-json\/wp\/v2\/product\/10389\/revisions"}],"predecessor-version":[{"id":28360,"href":"https:\/\/www.teltat.fi\/sv\/wp-json\/wp\/v2\/product\/10389\/revisions\/28360"}],"wp:featuredmedia":[{"embeddable":true,"href":"https:\/\/www.teltat.fi\/sv\/wp-json\/wp\/v2\/media\/28322"}],"wp:attachment":[{"href":"https:\/\/www.teltat.fi\/sv\/wp-json\/wp\/v2\/media?parent=10389"}],"wp:term":[{"taxonomy":"product_brand","embeddable":true,"href":"https:\/\/www.teltat.fi\/sv\/wp-json\/wp\/v2\/product_brand?post=10389"},{"taxonomy":"product_cat","embeddable":true,"href":"https:\/\/www.teltat.fi\/sv\/wp-json\/wp\/v2\/product_cat?post=10389"},{"taxonomy":"product_tag","embeddable":true,"href":"https:\/\/www.teltat.fi\/sv\/wp-json\/wp\/v2\/product_tag?post=10389"}],"curies":[{"name":"wp","href":"https:\/\/api.w.org\/{rel}","templated":true}]}}