{"id":10392,"date":"2023-02-08T13:18:11","date_gmt":"2023-02-08T13:18:11","guid":{"rendered":"https:\/\/www.teltat.fi\/tuote\/hopfallbar-stol\/"},"modified":"2025-07-02T09:49:27","modified_gmt":"2025-07-02T06:49:27","slug":"hopfallbar-stol","status":"publish","type":"product","link":"https:\/\/www.teltat.fi\/sv\/produkt\/hopfallbar-stol\/","title":{"rendered":"Hopf\u00e4llbar stol"},"content":{"rendered":"<p>En l\u00e4tt och mycket praktisk stol som \u00e4r l\u00e4tt att b\u00e4ra med sig.<\/p>\n<ul>\n<li>Bekv\u00e4m och stadig sits<\/li>\n<li>Sitth\u00f6jd 45 cm.<\/li>\n<li>Hopf\u00e4llbar (tar liten plats vid f\u00f6rvaring eller transport)<\/li>\n<li>1 \u00e5rs garanti<\/li>\n<\/ul>\n<p>Ett <a href=\"https:\/\/www.teltat.fi\/sv\/produkt\/hopfallbar-bord-gra\/\">hopf\u00e4llbart bord<\/a> fr\u00e5n samma serie finns ocks\u00e5.<\/p>\n","protected":false},"excerpt":{"rendered":"<p>En l\u00e4tt och mycket praktisk stol som \u00e4r l\u00e4tt att b\u00e4ra med sig. Bekv\u00e4m och stadig sits Sitth\u00f6jd 45 cm. Hopf\u00e4llbar (tar liten plats vid f\u00f6rvaring eller transport) 1 \u00e5rs garanti Ett hopf\u00e4llbart bord fr\u00e5n samma serie finns ocks\u00e5.<\/p>\n","protected":false},"featured_media":28425,"template":"","meta":{"_acf_changed":false,"_eb_attr":"","site-sidebar-layout":"default","site-content-layout":"","ast-site-content-layout":"default","site-content-style":"default","site-sidebar-style":"default","ast-global-header-display":"","ast-banner-title-visibility":"","ast-main-header-display":"","ast-hfb-above-header-display":"","ast-hfb-below-header-display":"","ast-hfb-mobile-header-display":"","site-post-title":"","ast-breadcrumbs-content":"","ast-featured-img":"","footer-sml-layout":"","ast-disable-related-posts":"","theme-transparent-header-meta":"default","adv-header-id-meta":"","stick-header-meta":"","header-above-stick-meta":"","header-main-stick-meta":"","header-below-stick-meta":"","astra-migrate-meta-layouts":"default","ast-page-background-enabled":"default","ast-page-background-meta":{"desktop":{"background-color":"var(--ast-global-color-5)","background-image":"","background-repeat":"repeat","background-position":"center center","background-size":"auto","background-attachment":"scroll","background-type":"","background-media":"","overlay-type":"","overlay-color":"","overlay-opacity":"","overlay-gradient":""},"tablet":{"background-color":"","background-image":"","background-repeat":"repeat","background-position":"center center","background-size":"auto","background-attachment":"scroll","background-type":"","background-media":"","overlay-type":"","overlay-color":"","overlay-opacity":"","overlay-gradient":""},"mobile":{"background-color":"","background-image":"","background-repeat":"repeat","background-position":"center center","background-size":"auto","background-attachment":"scroll","background-type":"","background-media":"","overlay-type":"","overlay-color":"","overlay-opacity":"","overlay-gradient":""}},"ast-content-background-meta":{"desktop":{"background-color":"var(--ast-global-color-4)","background-image":"","background-repeat":"repeat","background-position":"center center","background-size":"auto","background-attachment":"scroll","background-type":"","background-media":"","overlay-type":"","overlay-color":"","overlay-opacity":"","overlay-gradient":""},"tablet":{"background-color":"var(--ast-global-color-4)","background-image":"","background-repeat":"repeat","background-position":"center center","background-size":"auto","background-attachment":"scroll","background-type":"","background-media":"","overlay-type":"","overlay-color":"","overlay-opacity":"","overlay-gradient":""},"mobile":{"background-color":"var(--ast-global-color-4)","background-image":"","background-repeat":"repeat","background-position":"center center","background-size":"auto","background-attachment":"scroll","background-type":"","background-media":"","overlay-type":"","overlay-color":"","overlay-opacity":"","overlay-gradient":""}}},"product_brand":[],"product_cat":[282],"product_tag":[],"class_list":{"0":"post-10392","1":"product","2":"type-product","3":"status-publish","4":"has-post-thumbnail","6":"product_cat-stolen","7":"desktop-align-left","8":"tablet-align-left","9":"mobile-align-left","11":"first","12":"instock","13":"taxable","14":"shipping-taxable","15":"purchasable","16":"product-type-simple"},"acf":[],"yoast_head":"<!-- This site is optimized with the Yoast SEO Premium plugin v24.5 (Yoast SEO v27.4) - https:\/\/yoast.com\/product\/yoast-seo-premium-wordpress\/ -->\n<title>Hopf\u00e4llbar stol<\/title>\n<meta name=\"robots\" content=\"index, follow, max-snippet:-1, max-image-preview:large, max-video-preview:-1\" \/>\n<link rel=\"canonical\" href=\"https:\/\/www.teltat.fi\/sv\/produkt\/hopfallbar-stol\/\" \/>\n<meta property=\"og:locale\" content=\"sv_SE\" \/>\n<meta property=\"og:type\" content=\"article\" \/>\n<meta property=\"og:title\" content=\"Hopf\u00e4llbar stol\" \/>\n<meta property=\"og:description\" content=\"En l\u00e4tt och mycket praktisk stol som \u00e4r l\u00e4tt att b\u00e4ra med sig. Bekv\u00e4m och stadig sits Sitth\u00f6jd 45 cm. Hopf\u00e4llbar (tar liten plats vid f\u00f6rvaring eller transport) 1 \u00e5rs garanti Ett hopf\u00e4llbart bord fr\u00e5n samma serie finns ocks\u00e5.\" \/>\n<meta property=\"og:url\" content=\"https:\/\/www.teltat.fi\/sv\/produkt\/hopfallbar-stol\/\" \/>\n<meta property=\"og:site_name\" content=\"Nopsa\" \/>\n<meta property=\"article:publisher\" content=\"https:\/\/www.facebook.com\/teltat.fi\/\" \/>\n<meta property=\"article:modified_time\" content=\"2025-07-02T06:49:27+00:00\" \/>\n<meta property=\"og:image\" content=\"https:\/\/i0.wp.com\/www.teltat.fi\/wp-content\/uploads\/2025\/07\/tuoli-kahvinruskea.jpg?fit=900%2C900&ssl=1\" \/>\n\t<meta property=\"og:image:width\" content=\"900\" \/>\n\t<meta property=\"og:image:height\" content=\"900\" \/>\n\t<meta property=\"og:image:type\" content=\"image\/jpeg\" \/>\n<meta name=\"twitter:card\" content=\"summary_large_image\" \/>\n<script type=\"application\/ld+json\" class=\"yoast-schema-graph\">{\"@context\":\"https:\\\/\\\/schema.org\",\"@graph\":[{\"@type\":[\"WebPage\",\"ItemPage\"],\"@id\":\"https:\\\/\\\/www.teltat.fi\\\/sv\\\/produkt\\\/hopfallbar-stol\\\/\",\"url\":\"https:\\\/\\\/www.teltat.fi\\\/sv\\\/produkt\\\/hopfallbar-stol\\\/\",\"name\":\"Hopf\u00e4llbar stol\",\"isPartOf\":{\"@id\":\"https:\\\/\\\/www.teltat.fi\\\/sv\\\/#website\"},\"primaryImageOfPage\":{\"@id\":\"https:\\\/\\\/www.teltat.fi\\\/sv\\\/produkt\\\/hopfallbar-stol\\\/#primaryimage\"},\"image\":{\"@id\":\"https:\\\/\\\/www.teltat.fi\\\/sv\\\/produkt\\\/hopfallbar-stol\\\/#primaryimage\"},\"thumbnailUrl\":\"https:\\\/\\\/www.teltat.fi\\\/wp-content\\\/uploads\\\/2025\\\/07\\\/tuoli-kahvinruskea.jpg\",\"datePublished\":\"2023-02-08T13:18:11+00:00\",\"dateModified\":\"2025-07-02T06:49:27+00:00\",\"breadcrumb\":{\"@id\":\"https:\\\/\\\/www.teltat.fi\\\/sv\\\/produkt\\\/hopfallbar-stol\\\/#breadcrumb\"},\"inLanguage\":\"sv-SE\",\"potentialAction\":[{\"@type\":\"ReadAction\",\"target\":[\"https:\\\/\\\/www.teltat.fi\\\/sv\\\/produkt\\\/hopfallbar-stol\\\/\"]}]},{\"@type\":\"ImageObject\",\"inLanguage\":\"sv-SE\",\"@id\":\"https:\\\/\\\/www.teltat.fi\\\/sv\\\/produkt\\\/hopfallbar-stol\\\/#primaryimage\",\"url\":\"https:\\\/\\\/www.teltat.fi\\\/wp-content\\\/uploads\\\/2025\\\/07\\\/tuoli-kahvinruskea.jpg\",\"contentUrl\":\"https:\\\/\\\/www.teltat.fi\\\/wp-content\\\/uploads\\\/2025\\\/07\\\/tuoli-kahvinruskea.jpg\",\"width\":900,\"height\":900,\"caption\":\"Stol kaffe brun\"},{\"@type\":\"BreadcrumbList\",\"@id\":\"https:\\\/\\\/www.teltat.fi\\\/sv\\\/produkt\\\/hopfallbar-stol\\\/#breadcrumb\",\"itemListElement\":[{\"@type\":\"ListItem\",\"position\":1,\"name\":\"Startsida\",\"item\":\"https:\\\/\\\/www.teltat.fi\\\/sv\\\/hemsida\\\/\"},{\"@type\":\"ListItem\",\"position\":2,\"name\":\"Butik\",\"item\":\"https:\\\/\\\/www.teltat.fi\\\/sv\\\/butik\\\/\"},{\"@type\":\"ListItem\",\"position\":3,\"name\":\"Bord och b\u00e4nkar\",\"item\":\"https:\\\/\\\/www.teltat.fi\\\/sv\\\/produktkategori\\\/bord-och-bankar\\\/\"},{\"@type\":\"ListItem\",\"position\":4,\"name\":\"Stolen\",\"item\":\"https:\\\/\\\/www.teltat.fi\\\/sv\\\/produktkategori\\\/bord-och-bankar\\\/stolen\\\/\"},{\"@type\":\"ListItem\",\"position\":5,\"name\":\"Hopf\u00e4llbar stol\"}]},{\"@type\":\"WebSite\",\"@id\":\"https:\\\/\\\/www.teltat.fi\\\/sv\\\/#website\",\"url\":\"https:\\\/\\\/www.teltat.fi\\\/sv\\\/\",\"name\":\"Nopsa\",\"description\":\"Pop-up teltat ja tarvikkeet kaikkiin tapahtumiin\",\"publisher\":{\"@id\":\"https:\\\/\\\/www.teltat.fi\\\/sv\\\/#organization\"},\"alternateName\":\"Nopsa popup teltat\",\"potentialAction\":[{\"@type\":\"SearchAction\",\"target\":{\"@type\":\"EntryPoint\",\"urlTemplate\":\"https:\\\/\\\/www.teltat.fi\\\/sv\\\/?s={search_term_string}\"},\"query-input\":{\"@type\":\"PropertyValueSpecification\",\"valueRequired\":true,\"valueName\":\"search_term_string\"}}],\"inLanguage\":\"sv-SE\"},{\"@type\":\"Organization\",\"@id\":\"https:\\\/\\\/www.teltat.fi\\\/sv\\\/#organization\",\"name\":\"www.teltat.fi\",\"alternateName\":\"Nopsa popup-t\u00e4lt och tillbeh\u00f6r\",\"url\":\"https:\\\/\\\/www.teltat.fi\\\/sv\\\/\",\"logo\":{\"@type\":\"ImageObject\",\"inLanguage\":\"sv-SE\",\"@id\":\"https:\\\/\\\/www.teltat.fi\\\/sv\\\/#\\\/schema\\\/logo\\\/image\\\/\",\"url\":\"https:\\\/\\\/www.teltat.fi\\\/wp-content\\\/uploads\\\/2025\\\/03\\\/Nopsa-logo-white-no-circle-RGB.svg\",\"contentUrl\":\"https:\\\/\\\/www.teltat.fi\\\/wp-content\\\/uploads\\\/2025\\\/03\\\/Nopsa-logo-white-no-circle-RGB.svg\",\"width\":1080,\"height\":548,\"caption\":\"www.teltat.fi\"},\"image\":{\"@id\":\"https:\\\/\\\/www.teltat.fi\\\/sv\\\/#\\\/schema\\\/logo\\\/image\\\/\"},\"sameAs\":[\"https:\\\/\\\/www.facebook.com\\\/teltat.fi\\\/\"],\"email\":\"myynti@teltat.fi\",\"telephone\":\"+358105260424\",\"foundingDate\":\"1994-05-18\",\"vatID\":\"FI09519220\",\"numberOfEmployees\":{\"@type\":\"QuantitativeValue\",\"minValue\":\"1\",\"maxValue\":\"10\"}}]}<\/script>\n<!-- \/ Yoast SEO Premium plugin. -->","yoast_head_json":{"title":"Hopf\u00e4llbar stol","robots":{"index":"index","follow":"follow","max-snippet":"max-snippet:-1","max-image-preview":"max-image-preview:large","max-video-preview":"max-video-preview:-1"},"canonical":"https:\/\/www.teltat.fi\/sv\/produkt\/hopfallbar-stol\/","og_locale":"sv_SE","og_type":"article","og_title":"Hopf\u00e4llbar stol","og_description":"En l\u00e4tt och mycket praktisk stol som \u00e4r l\u00e4tt att b\u00e4ra med sig. Bekv\u00e4m och stadig sits Sitth\u00f6jd 45 cm. Hopf\u00e4llbar (tar liten plats vid f\u00f6rvaring eller transport) 1 \u00e5rs garanti Ett hopf\u00e4llbart bord fr\u00e5n samma serie finns ocks\u00e5.","og_url":"https:\/\/www.teltat.fi\/sv\/produkt\/hopfallbar-stol\/","og_site_name":"Nopsa","article_publisher":"https:\/\/www.facebook.com\/teltat.fi\/","article_modified_time":"2025-07-02T06:49:27+00:00","og_image":[{"width":900,"height":900,"url":"https:\/\/i0.wp.com\/www.teltat.fi\/wp-content\/uploads\/2025\/07\/tuoli-kahvinruskea.jpg?fit=900%2C900&ssl=1","type":"image\/jpeg"}],"twitter_card":"summary_large_image","schema":{"@context":"https:\/\/schema.org","@graph":[{"@type":["WebPage","ItemPage"],"@id":"https:\/\/www.teltat.fi\/sv\/produkt\/hopfallbar-stol\/","url":"https:\/\/www.teltat.fi\/sv\/produkt\/hopfallbar-stol\/","name":"Hopf\u00e4llbar stol","isPartOf":{"@id":"https:\/\/www.teltat.fi\/sv\/#website"},"primaryImageOfPage":{"@id":"https:\/\/www.teltat.fi\/sv\/produkt\/hopfallbar-stol\/#primaryimage"},"image":{"@id":"https:\/\/www.teltat.fi\/sv\/produkt\/hopfallbar-stol\/#primaryimage"},"thumbnailUrl":"https:\/\/www.teltat.fi\/wp-content\/uploads\/2025\/07\/tuoli-kahvinruskea.jpg","datePublished":"2023-02-08T13:18:11+00:00","dateModified":"2025-07-02T06:49:27+00:00","breadcrumb":{"@id":"https:\/\/www.teltat.fi\/sv\/produkt\/hopfallbar-stol\/#breadcrumb"},"inLanguage":"sv-SE","potentialAction":[{"@type":"ReadAction","target":["https:\/\/www.teltat.fi\/sv\/produkt\/hopfallbar-stol\/"]}]},{"@type":"ImageObject","inLanguage":"sv-SE","@id":"https:\/\/www.teltat.fi\/sv\/produkt\/hopfallbar-stol\/#primaryimage","url":"https:\/\/www.teltat.fi\/wp-content\/uploads\/2025\/07\/tuoli-kahvinruskea.jpg","contentUrl":"https:\/\/www.teltat.fi\/wp-content\/uploads\/2025\/07\/tuoli-kahvinruskea.jpg","width":900,"height":900,"caption":"Stol kaffe brun"},{"@type":"BreadcrumbList","@id":"https:\/\/www.teltat.fi\/sv\/produkt\/hopfallbar-stol\/#breadcrumb","itemListElement":[{"@type":"ListItem","position":1,"name":"Startsida","item":"https:\/\/www.teltat.fi\/sv\/hemsida\/"},{"@type":"ListItem","position":2,"name":"Butik","item":"https:\/\/www.teltat.fi\/sv\/butik\/"},{"@type":"ListItem","position":3,"name":"Bord och b\u00e4nkar","item":"https:\/\/www.teltat.fi\/sv\/produktkategori\/bord-och-bankar\/"},{"@type":"ListItem","position":4,"name":"Stolen","item":"https:\/\/www.teltat.fi\/sv\/produktkategori\/bord-och-bankar\/stolen\/"},{"@type":"ListItem","position":5,"name":"Hopf\u00e4llbar stol"}]},{"@type":"WebSite","@id":"https:\/\/www.teltat.fi\/sv\/#website","url":"https:\/\/www.teltat.fi\/sv\/","name":"Nopsa","description":"Pop-up teltat ja tarvikkeet kaikkiin tapahtumiin","publisher":{"@id":"https:\/\/www.teltat.fi\/sv\/#organization"},"alternateName":"Nopsa popup teltat","potentialAction":[{"@type":"SearchAction","target":{"@type":"EntryPoint","urlTemplate":"https:\/\/www.teltat.fi\/sv\/?s={search_term_string}"},"query-input":{"@type":"PropertyValueSpecification","valueRequired":true,"valueName":"search_term_string"}}],"inLanguage":"sv-SE"},{"@type":"Organization","@id":"https:\/\/www.teltat.fi\/sv\/#organization","name":"www.teltat.fi","alternateName":"Nopsa popup-t\u00e4lt och tillbeh\u00f6r","url":"https:\/\/www.teltat.fi\/sv\/","logo":{"@type":"ImageObject","inLanguage":"sv-SE","@id":"https:\/\/www.teltat.fi\/sv\/#\/schema\/logo\/image\/","url":"https:\/\/www.teltat.fi\/wp-content\/uploads\/2025\/03\/Nopsa-logo-white-no-circle-RGB.svg","contentUrl":"https:\/\/www.teltat.fi\/wp-content\/uploads\/2025\/03\/Nopsa-logo-white-no-circle-RGB.svg","width":1080,"height":548,"caption":"www.teltat.fi"},"image":{"@id":"https:\/\/www.teltat.fi\/sv\/#\/schema\/logo\/image\/"},"sameAs":["https:\/\/www.facebook.com\/teltat.fi\/"],"email":"myynti@teltat.fi","telephone":"+358105260424","foundingDate":"1994-05-18","vatID":"FI09519220","numberOfEmployees":{"@type":"QuantitativeValue","minValue":"1","maxValue":"10"}}]}},"_links":{"self":[{"href":"https:\/\/www.teltat.fi\/sv\/wp-json\/wp\/v2\/product\/10392","targetHints":{"allow":["GET"]}}],"collection":[{"href":"https:\/\/www.teltat.fi\/sv\/wp-json\/wp\/v2\/product"}],"about":[{"href":"https:\/\/www.teltat.fi\/sv\/wp-json\/wp\/v2\/types\/product"}],"version-history":[{"count":2,"href":"https:\/\/www.teltat.fi\/sv\/wp-json\/wp\/v2\/product\/10392\/revisions"}],"predecessor-version":[{"id":28431,"href":"https:\/\/www.teltat.fi\/sv\/wp-json\/wp\/v2\/product\/10392\/revisions\/28431"}],"wp:featuredmedia":[{"embeddable":true,"href":"https:\/\/www.teltat.fi\/sv\/wp-json\/wp\/v2\/media\/28425"}],"wp:attachment":[{"href":"https:\/\/www.teltat.fi\/sv\/wp-json\/wp\/v2\/media?parent=10392"}],"wp:term":[{"taxonomy":"product_brand","embeddable":true,"href":"https:\/\/www.teltat.fi\/sv\/wp-json\/wp\/v2\/product_brand?post=10392"},{"taxonomy":"product_cat","embeddable":true,"href":"https:\/\/www.teltat.fi\/sv\/wp-json\/wp\/v2\/product_cat?post=10392"},{"taxonomy":"product_tag","embeddable":true,"href":"https:\/\/www.teltat.fi\/sv\/wp-json\/wp\/v2\/product_tag?post=10392"}],"curies":[{"name":"wp","href":"https:\/\/api.w.org\/{rel}","templated":true}]}}