{"id":10425,"date":"2023-02-08T13:17:18","date_gmt":"2023-02-08T10:17:18","guid":{"rendered":"https:\/\/www.teltat.fi\/tuote\/3x3m-lambert-parasoll\/"},"modified":"2025-05-27T11:37:14","modified_gmt":"2025-05-27T08:37:14","slug":"3x3m-lambert-parasoll","status":"publish","type":"product","link":"https:\/\/www.teltat.fi\/sv\/produkt\/3x3m-lambert-parasoll\/","title":{"rendered":"3x3m Lambert parasoll"},"content":{"rendered":"<p><strong> F\u00e4rgalternativ f\u00f6r syntetiskt tyg:<\/strong><\/p>\n<p><strong><img fetchpriority=\"high\" decoding=\"async\" class=\"size-full wp-image-2034 alignnone\" src=\"https:\/\/www.teltat.fi\/wp-content\/uploads\/2025\/05\/Synteettisen_kankaanvarit.png\" alt=\"F\u00e4rger f\u00f6r syntetiskt_tyg\" width=\"600\" height=\"165\"><\/strong><\/p>\n<p>&nbsp;<\/p>\n<p><img decoding=\"async\" class=\"size-full wp-image-2033 alignnone\" src=\"https:\/\/www.teltat.fi\/wp-content\/uploads\/2025\/05\/Akryyli_kankaanvarit.png\" alt=\"Akryl_canvas_f\u00e4rger\" width=\"346\" height=\"165\"><\/p>\n<p>&nbsp;<\/p>\n<p><strong>Dessa parasoll tillverkas p\u00e5 best\u00e4llning och best\u00e4lls direkt fr\u00e5n tillverkaren efter kundens \u00f6nskem\u00e5l. Ber\u00e4knad leveranstid f\u00f6r parasollet \u00e4r 2-5 veckor. Vi har n\u00e5gra olika f\u00e4rger och storlekar direkt tillg\u00e4ngliga i v\u00e5rt demolager, <strong><em>se dem i lager!<\/em><\/strong><\/p>\n<p><\/strong><\/p>\n<p>Lamberts parasoll utvecklades och introducerades p\u00e5 marknaden redan f\u00f6r 25 \u00e5r sedan. Idag \u00e4r parasollen en direkt standard p\u00e5 tyska marknadsevenemang. Orsaker till populariteten f\u00f6r Lambert-parasoll: tyg tillverkat av h\u00f6gkvalitativa material, robust ram gjord av 12 takst\u00e4nger av starka F38-aluminiumst\u00e4nger med varmf\u00f6rzinkade spiralfj\u00e4drar (ej rostande) inuti, fogdelar gjorda av glasfiberarmerad plast , st\u00e5ng av mycket starkt st\u00e5l som \u00e4r polerat, 35 x 2,5 mm fj\u00e4derf\u00e4ste av rostfritt st\u00e5l som garanterar att skuggan \u00e4r \u00f6ppen. Till parasollet finns \u00e4ven med ett brett urval av tillbeh\u00f6r.<\/p>\n<h2>Paketets inneh\u00e5ll:<\/h2>\n<p>3x3m syntetiskt tyg<\/p>\n<p>Parasollets ram med 12 ekrar<\/p>\n<p>Transportv\u00e4ska<\/p>\n<h2>Funktioner:<\/h2>\n<ul>\n<li>Sk\u00e4rmen \u00e4r sammansatt av separata delar, och vid skada \u00e4r det m\u00f6jligt att byta ut enskilda skadade delar.<\/li>\n<li>Snabb att s\u00e4tta upp<\/li>\n<\/ul>\n<p><img decoding=\"async\" class=\"alignnone size-full wp-image-1115\" src=\"https:\/\/www.teltat.fi\/wp-content\/uploads\/2025\/05\/Lambert_Ominaisuudet-kuvina.png\" alt=\"Lambert Funktioner\" width=\"568\" height=\"217\"><\/p>\n<p><span style=\"color: #339966;\"><strong>Kom ih\u00e5g att parasollets ben, vikter och andra tillbeh\u00f6r s\u00e4ljs separat.<\/strong><\/span><\/p>\n<p><strong>Egenskaper f\u00f6r syntetiskt tyg:<\/strong><\/p>\n<p>Syntettyg \u00e4r ett tyg belagt p\u00e5 ena sidan. Fyrkantig vikt: 195 g\/m\u00b2, antim\u00f6gelbehandlad. Staket \u00e4r helt vattent\u00e4tt f\u00f6r taket och f\u00f6r s\u00f6mmarna. Vattendroppar kan bildas vid armeringslister, speciellt den remsa som g\u00e5r runt kanten p\u00e5 taket (f\u00f6r D-ringar i h\u00e4ngtak) vid kraftigare regn.<\/p>\n<p>F\u00f6rdelar<\/p>\n<ul>\n<li>tyget absorberar inte vatten<\/li>\n<li>blir inte l\u00e4tt smutsig<\/li>\n<li>h\u00f6gt ljusmotst\u00e5nd<\/li>\n<li>m\u00f6jligt att tv\u00e4tta med vatten och\/eller diskmedel<\/li>\n<\/ul>\n<p>Nackdelar<\/p>\n<ul>\n<li>svettvatten bildas n\u00e4r f\u00f6rs\u00e4ljningsparasollet \u00e4r st\u00e4ngd och det \u00e4r skillnad p\u00e5 inomhus-\/utomhustemperaturer<\/li>\n<\/ul>\n<p><strong>Egenskaper av akryltyg:<\/strong><\/p>\n<p>Akryltyg \u00e4r 100 % fiberf\u00e4rgat tyg. Fyrkantig vikt: 290 g\/m\u00b2, antim\u00f6gelbehandlad. Staket \u00e4r helt vattent\u00e4tt f\u00f6r taket och f\u00f6r s\u00f6mmarna. Vattendroppar kan bildas vid armeringslister, speciellt den remsa som g\u00e5r runt kanten p\u00e5 taket (f\u00f6r D-ringar i h\u00e4ngtak) vid kraftigare regn.<\/p>\n<p>F\u00f6rdelar<\/p>\n<ul>\n<li>tyget absorberar inte vatten<\/li>\n<li>blir inte l\u00e4tt smutsig<\/li>\n<li>h\u00f6gt ljusmotst\u00e5nd<\/li>\n<li>m\u00f6jligt att tv\u00e4tta med vatten och\/eller diskmedel<\/li>\n<\/ul>\n<p>Nackdelar<\/p>\n<ul>\n<li>svettvatten bildas n\u00e4r f\u00f6rs\u00e4ljningsparasollet \u00e4r st\u00e4ngd och det \u00e4r skillnad p\u00e5 inomhus-\/utomhustemperaturer<\/li>\n<\/ul>\n","protected":false},"excerpt":{"rendered":"<p>F\u00e4rgalternativ f\u00f6r syntetiskt tyg: &nbsp; &nbsp; Dessa parasoll tillverkas p\u00e5 best\u00e4llning och best\u00e4lls direkt fr\u00e5n tillverkaren efter kundens \u00f6nskem\u00e5l. Ber\u00e4knad leveranstid f\u00f6r parasollet \u00e4r 2-5 veckor. Vi har n\u00e5gra olika f\u00e4rger och storlekar direkt tillg\u00e4ngliga i v\u00e5rt demolager, se dem i lager! Lamberts parasoll utvecklades och introducerades p\u00e5 marknaden redan f\u00f6r 25 \u00e5r sedan. Idag \u00e4r parasollen en direkt standard p\u00e5 tyska marknadsevenemang. Orsaker till populariteten f\u00f6r Lambert-parasoll: tyg tillverkat av h\u00f6gkvalitativa material, robust ram gjord av 12 takst\u00e4nger av starka F38-aluminiumst\u00e4nger med varmf\u00f6rzinkade spiralfj\u00e4drar (ej rostande) inuti, fogdelar gjorda av glasfiberarmerad plast , st\u00e5ng av mycket starkt st\u00e5l som \u00e4r polerat, 35 x 2,5 mm fj\u00e4derf\u00e4ste av rostfritt st\u00e5l som garanterar att skuggan \u00e4r \u00f6ppen. Till parasollet finns \u00e4ven med ett brett urval av tillbeh\u00f6r. Paketets inneh\u00e5ll: 3x3m syntetiskt tyg Parasollets ram med 12 ekrar Transportv\u00e4ska Funktioner: Sk\u00e4rmen \u00e4r sammansatt av separata delar, och vid skada \u00e4r det m\u00f6jligt att byta ut enskilda skadade delar. Snabb att s\u00e4tta upp Kom ih\u00e5g att parasollets ben, vikter och andra tillbeh\u00f6r s\u00e4ljs separat. Egenskaper f\u00f6r syntetiskt tyg: Syntettyg \u00e4r ett tyg belagt p\u00e5 ena sidan. Fyrkantig vikt: 195 g\/m\u00b2, antim\u00f6gelbehandlad. Staket \u00e4r helt vattent\u00e4tt f\u00f6r taket och f\u00f6r s\u00f6mmarna. Vattendroppar kan bildas vid armeringslister, speciellt den remsa som g\u00e5r runt kanten p\u00e5 taket (f\u00f6r D-ringar i h\u00e4ngtak) vid kraftigare regn. F\u00f6rdelar tyget absorberar inte vatten blir inte l\u00e4tt smutsig h\u00f6gt ljusmotst\u00e5nd m\u00f6jligt att tv\u00e4tta med vatten och\/eller diskmedel Nackdelar svettvatten bildas n\u00e4r f\u00f6rs\u00e4ljningsparasollet \u00e4r st\u00e4ngd och det \u00e4r skillnad p\u00e5 inomhus-\/utomhustemperaturer Egenskaper av akryltyg: Akryltyg \u00e4r 100 % fiberf\u00e4rgat tyg. Fyrkantig vikt: 290 g\/m\u00b2, antim\u00f6gelbehandlad. Staket \u00e4r helt vattent\u00e4tt f\u00f6r taket och f\u00f6r s\u00f6mmarna. Vattendroppar kan bildas vid armeringslister, speciellt den remsa som g\u00e5r runt kanten p\u00e5 taket (f\u00f6r D-ringar i h\u00e4ngtak) vid kraftigare regn. F\u00f6rdelar tyget absorberar inte vatten blir inte l\u00e4tt smutsig h\u00f6gt ljusmotst\u00e5nd m\u00f6jligt att tv\u00e4tta med vatten och\/eller diskmedel Nackdelar svettvatten bildas n\u00e4r f\u00f6rs\u00e4ljningsparasollet \u00e4r st\u00e4ngd och det \u00e4r skillnad p\u00e5 inomhus-\/utomhustemperaturer<\/p>\n","protected":false},"featured_media":8134,"template":"","meta":{"_acf_changed":false,"_eb_attr":"","site-sidebar-layout":"default","site-content-layout":"","ast-site-content-layout":"default","site-content-style":"default","site-sidebar-style":"default","ast-global-header-display":"","ast-banner-title-visibility":"","ast-main-header-display":"","ast-hfb-above-header-display":"","ast-hfb-below-header-display":"","ast-hfb-mobile-header-display":"","site-post-title":"","ast-breadcrumbs-content":"","ast-featured-img":"","footer-sml-layout":"","ast-disable-related-posts":"","theme-transparent-header-meta":"default","adv-header-id-meta":"","stick-header-meta":"","header-above-stick-meta":"","header-main-stick-meta":"","header-below-stick-meta":"","astra-migrate-meta-layouts":"default","ast-page-background-enabled":"default","ast-page-background-meta":{"desktop":{"background-color":"var(--ast-global-color-5)","background-image":"","background-repeat":"repeat","background-position":"center center","background-size":"auto","background-attachment":"scroll","background-type":"","background-media":"","overlay-type":"","overlay-color":"","overlay-opacity":"","overlay-gradient":""},"tablet":{"background-color":"","background-image":"","background-repeat":"repeat","background-position":"center center","background-size":"auto","background-attachment":"scroll","background-type":"","background-media":"","overlay-type":"","overlay-color":"","overlay-opacity":"","overlay-gradient":""},"mobile":{"background-color":"","background-image":"","background-repeat":"repeat","background-position":"center center","background-size":"auto","background-attachment":"scroll","background-type":"","background-media":"","overlay-type":"","overlay-color":"","overlay-opacity":"","overlay-gradient":""}},"ast-content-background-meta":{"desktop":{"background-color":"var(--ast-global-color-4)","background-image":"","background-repeat":"repeat","background-position":"center center","background-size":"auto","background-attachment":"scroll","background-type":"","background-media":"","overlay-type":"","overlay-color":"","overlay-opacity":"","overlay-gradient":""},"tablet":{"background-color":"var(--ast-global-color-4)","background-image":"","background-repeat":"repeat","background-position":"center center","background-size":"auto","background-attachment":"scroll","background-type":"","background-media":"","overlay-type":"","overlay-color":"","overlay-opacity":"","overlay-gradient":""},"mobile":{"background-color":"var(--ast-global-color-4)","background-image":"","background-repeat":"repeat","background-position":"center center","background-size":"auto","background-attachment":"scroll","background-type":"","background-media":"","overlay-type":"","overlay-color":"","overlay-opacity":"","overlay-gradient":""}},"_wp_convertkit_post_meta":{"form":"-1","landing_page":"0","tag":"0","restrict_content":"0"}},"product_brand":[],"product_cat":[298],"product_tag":[],"class_list":{"0":"post-10425","1":"product","2":"type-product","3":"status-publish","4":"has-post-thumbnail","6":"product_cat-normal-sv","7":"desktop-align-left","8":"tablet-align-left","9":"mobile-align-left","11":"first","12":"outofstock","13":"taxable","14":"shipping-taxable","15":"product-type-variable"},"acf":[],"yoast_head":"<!-- This site is optimized with the Yoast SEO Premium plugin v24.5 (Yoast SEO v27.4) - https:\/\/yoast.com\/product\/yoast-seo-premium-wordpress\/ -->\n<title>3x3m Lambert parasoll<\/title>\n<meta name=\"robots\" content=\"index, follow, max-snippet:-1, max-image-preview:large, max-video-preview:-1\" \/>\n<link rel=\"canonical\" href=\"https:\/\/www.teltat.fi\/sv\/produkt\/3x3m-lambert-parasoll\/\" \/>\n<meta property=\"og:locale\" content=\"sv_SE\" \/>\n<meta property=\"og:type\" content=\"article\" \/>\n<meta property=\"og:title\" content=\"3x3m Lambert parasoll\" \/>\n<meta property=\"og:description\" content=\"F\u00e4rgalternativ f\u00f6r syntetiskt tyg: &nbsp; &nbsp; Dessa parasoll tillverkas p\u00e5 best\u00e4llning och best\u00e4lls direkt fr\u00e5n tillverkaren efter kundens \u00f6nskem\u00e5l. Ber\u00e4knad leveranstid f\u00f6r parasollet \u00e4r 2-5 veckor. Vi har n\u00e5gra olika f\u00e4rger och storlekar direkt tillg\u00e4ngliga i v\u00e5rt demolager, se dem i lager! Lamberts parasoll utvecklades och introducerades p\u00e5 marknaden redan f\u00f6r 25 \u00e5r sedan. Idag \u00e4r parasollen en direkt standard p\u00e5 tyska marknadsevenemang. Orsaker till populariteten f\u00f6r Lambert-parasoll: tyg tillverkat av h\u00f6gkvalitativa material, robust ram gjord av 12 takst\u00e4nger av starka F38-aluminiumst\u00e4nger med varmf\u00f6rzinkade spiralfj\u00e4drar (ej rostande) inuti, fogdelar gjorda av glasfiberarmerad plast , st\u00e5ng av mycket starkt st\u00e5l som \u00e4r polerat, 35 x 2,5 mm fj\u00e4derf\u00e4ste av rostfritt st\u00e5l som garanterar att skuggan \u00e4r \u00f6ppen. Till parasollet finns \u00e4ven med ett brett urval av tillbeh\u00f6r. Paketets inneh\u00e5ll: 3x3m syntetiskt tyg Parasollets ram med 12 ekrar Transportv\u00e4ska Funktioner: Sk\u00e4rmen \u00e4r sammansatt av separata delar, och vid skada \u00e4r det m\u00f6jligt att byta ut enskilda skadade delar. Snabb att s\u00e4tta upp Kom ih\u00e5g att parasollets ben, vikter och andra tillbeh\u00f6r s\u00e4ljs separat. Egenskaper f\u00f6r syntetiskt tyg: Syntettyg \u00e4r ett tyg belagt p\u00e5 ena sidan. Fyrkantig vikt: 195 g\/m\u00b2, antim\u00f6gelbehandlad. Staket \u00e4r helt vattent\u00e4tt f\u00f6r taket och f\u00f6r s\u00f6mmarna. Vattendroppar kan bildas vid armeringslister, speciellt den remsa som g\u00e5r runt kanten p\u00e5 taket (f\u00f6r D-ringar i h\u00e4ngtak) vid kraftigare regn. F\u00f6rdelar tyget absorberar inte vatten blir inte l\u00e4tt smutsig h\u00f6gt ljusmotst\u00e5nd m\u00f6jligt att tv\u00e4tta med vatten och\/eller diskmedel Nackdelar svettvatten bildas n\u00e4r f\u00f6rs\u00e4ljningsparasollet \u00e4r st\u00e4ngd och det \u00e4r skillnad p\u00e5 inomhus-\/utomhustemperaturer Egenskaper av akryltyg: Akryltyg \u00e4r 100 % fiberf\u00e4rgat tyg. Fyrkantig vikt: 290 g\/m\u00b2, antim\u00f6gelbehandlad. Staket \u00e4r helt vattent\u00e4tt f\u00f6r taket och f\u00f6r s\u00f6mmarna. Vattendroppar kan bildas vid armeringslister, speciellt den remsa som g\u00e5r runt kanten p\u00e5 taket (f\u00f6r D-ringar i h\u00e4ngtak) vid kraftigare regn. F\u00f6rdelar tyget absorberar inte vatten blir inte l\u00e4tt smutsig h\u00f6gt ljusmotst\u00e5nd m\u00f6jligt att tv\u00e4tta med vatten och\/eller diskmedel Nackdelar svettvatten bildas n\u00e4r f\u00f6rs\u00e4ljningsparasollet \u00e4r st\u00e4ngd och det \u00e4r skillnad p\u00e5 inomhus-\/utomhustemperaturer\" \/>\n<meta property=\"og:url\" content=\"https:\/\/www.teltat.fi\/sv\/produkt\/3x3m-lambert-parasoll\/\" \/>\n<meta property=\"og:site_name\" content=\"Nopsa\" \/>\n<meta property=\"article:publisher\" content=\"https:\/\/www.facebook.com\/teltat.fi\/\" \/>\n<meta property=\"article:modified_time\" content=\"2025-05-27T08:37:14+00:00\" \/>\n<meta property=\"og:image\" content=\"https:\/\/i0.wp.com\/dev.teltat.fi\/wp-content\/uploads\/2023\/02\/Lambert_Varjo_2x2m_1.jpg?fit=1000%2C1000&ssl=1\" \/>\n\t<meta property=\"og:image:width\" content=\"1000\" \/>\n\t<meta property=\"og:image:height\" content=\"1000\" \/>\n\t<meta property=\"og:image:type\" content=\"image\/jpeg\" \/>\n<meta name=\"twitter:card\" content=\"summary_large_image\" \/>\n<meta name=\"twitter:label1\" content=\"Ber\u00e4knad l\u00e4stid\" \/>\n\t<meta name=\"twitter:data1\" content=\"2 minuter\" \/>\n<script type=\"application\/ld+json\" class=\"yoast-schema-graph\">{\"@context\":\"https:\\\/\\\/schema.org\",\"@graph\":[{\"@type\":[\"WebPage\",\"ItemPage\"],\"@id\":\"https:\\\/\\\/www.teltat.fi\\\/sv\\\/produkt\\\/3x3m-lambert-parasoll\\\/\",\"url\":\"https:\\\/\\\/www.teltat.fi\\\/sv\\\/produkt\\\/3x3m-lambert-parasoll\\\/\",\"name\":\"3x3m Lambert parasoll\",\"isPartOf\":{\"@id\":\"https:\\\/\\\/www.teltat.fi\\\/sv\\\/#website\"},\"primaryImageOfPage\":{\"@id\":\"https:\\\/\\\/www.teltat.fi\\\/sv\\\/produkt\\\/3x3m-lambert-parasoll\\\/#primaryimage\"},\"image\":{\"@id\":\"https:\\\/\\\/www.teltat.fi\\\/sv\\\/produkt\\\/3x3m-lambert-parasoll\\\/#primaryimage\"},\"thumbnailUrl\":\"https:\\\/\\\/www.teltat.fi\\\/wp-content\\\/uploads\\\/2023\\\/02\\\/Lambert_Varjo_2x2m_1.jpg\",\"datePublished\":\"2023-02-08T10:17:18+00:00\",\"dateModified\":\"2025-05-27T08:37:14+00:00\",\"breadcrumb\":{\"@id\":\"https:\\\/\\\/www.teltat.fi\\\/sv\\\/produkt\\\/3x3m-lambert-parasoll\\\/#breadcrumb\"},\"inLanguage\":\"sv-SE\",\"potentialAction\":[{\"@type\":\"ReadAction\",\"target\":[\"https:\\\/\\\/www.teltat.fi\\\/sv\\\/produkt\\\/3x3m-lambert-parasoll\\\/\"]}]},{\"@type\":\"ImageObject\",\"inLanguage\":\"sv-SE\",\"@id\":\"https:\\\/\\\/www.teltat.fi\\\/sv\\\/produkt\\\/3x3m-lambert-parasoll\\\/#primaryimage\",\"url\":\"https:\\\/\\\/www.teltat.fi\\\/wp-content\\\/uploads\\\/2023\\\/02\\\/Lambert_Varjo_2x2m_1.jpg\",\"contentUrl\":\"https:\\\/\\\/www.teltat.fi\\\/wp-content\\\/uploads\\\/2023\\\/02\\\/Lambert_Varjo_2x2m_1.jpg\",\"width\":1000,\"height\":1000,\"caption\":\"Parasoll 2x2m\"},{\"@type\":\"BreadcrumbList\",\"@id\":\"https:\\\/\\\/www.teltat.fi\\\/sv\\\/produkt\\\/3x3m-lambert-parasoll\\\/#breadcrumb\",\"itemListElement\":[{\"@type\":\"ListItem\",\"position\":1,\"name\":\"Startsida\",\"item\":\"https:\\\/\\\/www.teltat.fi\\\/sv\\\/hemsida\\\/\"},{\"@type\":\"ListItem\",\"position\":2,\"name\":\"Butik\",\"item\":\"https:\\\/\\\/www.teltat.fi\\\/sv\\\/butik\\\/\"},{\"@type\":\"ListItem\",\"position\":3,\"name\":\"Skugg\",\"item\":\"https:\\\/\\\/www.teltat.fi\\\/sv\\\/produktkategori\\\/skugg\\\/\"},{\"@type\":\"ListItem\",\"position\":4,\"name\":\"Normal\",\"item\":\"https:\\\/\\\/www.teltat.fi\\\/sv\\\/produktkategori\\\/skugg\\\/normal-sv\\\/\"},{\"@type\":\"ListItem\",\"position\":5,\"name\":\"3x3m Lambert parasoll\"}]},{\"@type\":\"WebSite\",\"@id\":\"https:\\\/\\\/www.teltat.fi\\\/sv\\\/#website\",\"url\":\"https:\\\/\\\/www.teltat.fi\\\/sv\\\/\",\"name\":\"Nopsa\",\"description\":\"Pop-up teltat ja tarvikkeet kaikkiin tapahtumiin\",\"publisher\":{\"@id\":\"https:\\\/\\\/www.teltat.fi\\\/sv\\\/#organization\"},\"alternateName\":\"Nopsa popup teltat\",\"potentialAction\":[{\"@type\":\"SearchAction\",\"target\":{\"@type\":\"EntryPoint\",\"urlTemplate\":\"https:\\\/\\\/www.teltat.fi\\\/sv\\\/?s={search_term_string}\"},\"query-input\":{\"@type\":\"PropertyValueSpecification\",\"valueRequired\":true,\"valueName\":\"search_term_string\"}}],\"inLanguage\":\"sv-SE\"},{\"@type\":\"Organization\",\"@id\":\"https:\\\/\\\/www.teltat.fi\\\/sv\\\/#organization\",\"name\":\"www.teltat.fi\",\"alternateName\":\"Nopsa popup-t\u00e4lt och tillbeh\u00f6r\",\"url\":\"https:\\\/\\\/www.teltat.fi\\\/sv\\\/\",\"logo\":{\"@type\":\"ImageObject\",\"inLanguage\":\"sv-SE\",\"@id\":\"https:\\\/\\\/www.teltat.fi\\\/sv\\\/#\\\/schema\\\/logo\\\/image\\\/\",\"url\":\"https:\\\/\\\/www.teltat.fi\\\/wp-content\\\/uploads\\\/2025\\\/03\\\/Nopsa-logo-white-no-circle-RGB.svg\",\"contentUrl\":\"https:\\\/\\\/www.teltat.fi\\\/wp-content\\\/uploads\\\/2025\\\/03\\\/Nopsa-logo-white-no-circle-RGB.svg\",\"width\":1080,\"height\":548,\"caption\":\"www.teltat.fi\"},\"image\":{\"@id\":\"https:\\\/\\\/www.teltat.fi\\\/sv\\\/#\\\/schema\\\/logo\\\/image\\\/\"},\"sameAs\":[\"https:\\\/\\\/www.facebook.com\\\/teltat.fi\\\/\"],\"email\":\"myynti@teltat.fi\",\"telephone\":\"+358105260424\",\"foundingDate\":\"1994-05-18\",\"vatID\":\"FI09519220\",\"numberOfEmployees\":{\"@type\":\"QuantitativeValue\",\"minValue\":\"1\",\"maxValue\":\"10\"}}]}<\/script>\n<!-- \/ Yoast SEO Premium plugin. -->","yoast_head_json":{"title":"3x3m Lambert parasoll","robots":{"index":"index","follow":"follow","max-snippet":"max-snippet:-1","max-image-preview":"max-image-preview:large","max-video-preview":"max-video-preview:-1"},"canonical":"https:\/\/www.teltat.fi\/sv\/produkt\/3x3m-lambert-parasoll\/","og_locale":"sv_SE","og_type":"article","og_title":"3x3m Lambert parasoll","og_description":"F\u00e4rgalternativ f\u00f6r syntetiskt tyg: &nbsp; &nbsp; Dessa parasoll tillverkas p\u00e5 best\u00e4llning och best\u00e4lls direkt fr\u00e5n tillverkaren efter kundens \u00f6nskem\u00e5l. Ber\u00e4knad leveranstid f\u00f6r parasollet \u00e4r 2-5 veckor. Vi har n\u00e5gra olika f\u00e4rger och storlekar direkt tillg\u00e4ngliga i v\u00e5rt demolager, se dem i lager! Lamberts parasoll utvecklades och introducerades p\u00e5 marknaden redan f\u00f6r 25 \u00e5r sedan. Idag \u00e4r parasollen en direkt standard p\u00e5 tyska marknadsevenemang. Orsaker till populariteten f\u00f6r Lambert-parasoll: tyg tillverkat av h\u00f6gkvalitativa material, robust ram gjord av 12 takst\u00e4nger av starka F38-aluminiumst\u00e4nger med varmf\u00f6rzinkade spiralfj\u00e4drar (ej rostande) inuti, fogdelar gjorda av glasfiberarmerad plast , st\u00e5ng av mycket starkt st\u00e5l som \u00e4r polerat, 35 x 2,5 mm fj\u00e4derf\u00e4ste av rostfritt st\u00e5l som garanterar att skuggan \u00e4r \u00f6ppen. Till parasollet finns \u00e4ven med ett brett urval av tillbeh\u00f6r. Paketets inneh\u00e5ll: 3x3m syntetiskt tyg Parasollets ram med 12 ekrar Transportv\u00e4ska Funktioner: Sk\u00e4rmen \u00e4r sammansatt av separata delar, och vid skada \u00e4r det m\u00f6jligt att byta ut enskilda skadade delar. Snabb att s\u00e4tta upp Kom ih\u00e5g att parasollets ben, vikter och andra tillbeh\u00f6r s\u00e4ljs separat. Egenskaper f\u00f6r syntetiskt tyg: Syntettyg \u00e4r ett tyg belagt p\u00e5 ena sidan. Fyrkantig vikt: 195 g\/m\u00b2, antim\u00f6gelbehandlad. Staket \u00e4r helt vattent\u00e4tt f\u00f6r taket och f\u00f6r s\u00f6mmarna. Vattendroppar kan bildas vid armeringslister, speciellt den remsa som g\u00e5r runt kanten p\u00e5 taket (f\u00f6r D-ringar i h\u00e4ngtak) vid kraftigare regn. F\u00f6rdelar tyget absorberar inte vatten blir inte l\u00e4tt smutsig h\u00f6gt ljusmotst\u00e5nd m\u00f6jligt att tv\u00e4tta med vatten och\/eller diskmedel Nackdelar svettvatten bildas n\u00e4r f\u00f6rs\u00e4ljningsparasollet \u00e4r st\u00e4ngd och det \u00e4r skillnad p\u00e5 inomhus-\/utomhustemperaturer Egenskaper av akryltyg: Akryltyg \u00e4r 100 % fiberf\u00e4rgat tyg. Fyrkantig vikt: 290 g\/m\u00b2, antim\u00f6gelbehandlad. Staket \u00e4r helt vattent\u00e4tt f\u00f6r taket och f\u00f6r s\u00f6mmarna. Vattendroppar kan bildas vid armeringslister, speciellt den remsa som g\u00e5r runt kanten p\u00e5 taket (f\u00f6r D-ringar i h\u00e4ngtak) vid kraftigare regn. F\u00f6rdelar tyget absorberar inte vatten blir inte l\u00e4tt smutsig h\u00f6gt ljusmotst\u00e5nd m\u00f6jligt att tv\u00e4tta med vatten och\/eller diskmedel Nackdelar svettvatten bildas n\u00e4r f\u00f6rs\u00e4ljningsparasollet \u00e4r st\u00e4ngd och det \u00e4r skillnad p\u00e5 inomhus-\/utomhustemperaturer","og_url":"https:\/\/www.teltat.fi\/sv\/produkt\/3x3m-lambert-parasoll\/","og_site_name":"Nopsa","article_publisher":"https:\/\/www.facebook.com\/teltat.fi\/","article_modified_time":"2025-05-27T08:37:14+00:00","og_image":[{"width":1000,"height":1000,"url":"https:\/\/i0.wp.com\/dev.teltat.fi\/wp-content\/uploads\/2023\/02\/Lambert_Varjo_2x2m_1.jpg?fit=1000%2C1000&ssl=1","type":"image\/jpeg"}],"twitter_card":"summary_large_image","twitter_misc":{"Ber\u00e4knad l\u00e4stid":"2 minuter"},"schema":{"@context":"https:\/\/schema.org","@graph":[{"@type":["WebPage","ItemPage"],"@id":"https:\/\/www.teltat.fi\/sv\/produkt\/3x3m-lambert-parasoll\/","url":"https:\/\/www.teltat.fi\/sv\/produkt\/3x3m-lambert-parasoll\/","name":"3x3m Lambert parasoll","isPartOf":{"@id":"https:\/\/www.teltat.fi\/sv\/#website"},"primaryImageOfPage":{"@id":"https:\/\/www.teltat.fi\/sv\/produkt\/3x3m-lambert-parasoll\/#primaryimage"},"image":{"@id":"https:\/\/www.teltat.fi\/sv\/produkt\/3x3m-lambert-parasoll\/#primaryimage"},"thumbnailUrl":"https:\/\/www.teltat.fi\/wp-content\/uploads\/2023\/02\/Lambert_Varjo_2x2m_1.jpg","datePublished":"2023-02-08T10:17:18+00:00","dateModified":"2025-05-27T08:37:14+00:00","breadcrumb":{"@id":"https:\/\/www.teltat.fi\/sv\/produkt\/3x3m-lambert-parasoll\/#breadcrumb"},"inLanguage":"sv-SE","potentialAction":[{"@type":"ReadAction","target":["https:\/\/www.teltat.fi\/sv\/produkt\/3x3m-lambert-parasoll\/"]}]},{"@type":"ImageObject","inLanguage":"sv-SE","@id":"https:\/\/www.teltat.fi\/sv\/produkt\/3x3m-lambert-parasoll\/#primaryimage","url":"https:\/\/www.teltat.fi\/wp-content\/uploads\/2023\/02\/Lambert_Varjo_2x2m_1.jpg","contentUrl":"https:\/\/www.teltat.fi\/wp-content\/uploads\/2023\/02\/Lambert_Varjo_2x2m_1.jpg","width":1000,"height":1000,"caption":"Parasoll 2x2m"},{"@type":"BreadcrumbList","@id":"https:\/\/www.teltat.fi\/sv\/produkt\/3x3m-lambert-parasoll\/#breadcrumb","itemListElement":[{"@type":"ListItem","position":1,"name":"Startsida","item":"https:\/\/www.teltat.fi\/sv\/hemsida\/"},{"@type":"ListItem","position":2,"name":"Butik","item":"https:\/\/www.teltat.fi\/sv\/butik\/"},{"@type":"ListItem","position":3,"name":"Skugg","item":"https:\/\/www.teltat.fi\/sv\/produktkategori\/skugg\/"},{"@type":"ListItem","position":4,"name":"Normal","item":"https:\/\/www.teltat.fi\/sv\/produktkategori\/skugg\/normal-sv\/"},{"@type":"ListItem","position":5,"name":"3x3m Lambert parasoll"}]},{"@type":"WebSite","@id":"https:\/\/www.teltat.fi\/sv\/#website","url":"https:\/\/www.teltat.fi\/sv\/","name":"Nopsa","description":"Pop-up teltat ja tarvikkeet kaikkiin tapahtumiin","publisher":{"@id":"https:\/\/www.teltat.fi\/sv\/#organization"},"alternateName":"Nopsa popup teltat","potentialAction":[{"@type":"SearchAction","target":{"@type":"EntryPoint","urlTemplate":"https:\/\/www.teltat.fi\/sv\/?s={search_term_string}"},"query-input":{"@type":"PropertyValueSpecification","valueRequired":true,"valueName":"search_term_string"}}],"inLanguage":"sv-SE"},{"@type":"Organization","@id":"https:\/\/www.teltat.fi\/sv\/#organization","name":"www.teltat.fi","alternateName":"Nopsa popup-t\u00e4lt och tillbeh\u00f6r","url":"https:\/\/www.teltat.fi\/sv\/","logo":{"@type":"ImageObject","inLanguage":"sv-SE","@id":"https:\/\/www.teltat.fi\/sv\/#\/schema\/logo\/image\/","url":"https:\/\/www.teltat.fi\/wp-content\/uploads\/2025\/03\/Nopsa-logo-white-no-circle-RGB.svg","contentUrl":"https:\/\/www.teltat.fi\/wp-content\/uploads\/2025\/03\/Nopsa-logo-white-no-circle-RGB.svg","width":1080,"height":548,"caption":"www.teltat.fi"},"image":{"@id":"https:\/\/www.teltat.fi\/sv\/#\/schema\/logo\/image\/"},"sameAs":["https:\/\/www.facebook.com\/teltat.fi\/"],"email":"myynti@teltat.fi","telephone":"+358105260424","foundingDate":"1994-05-18","vatID":"FI09519220","numberOfEmployees":{"@type":"QuantitativeValue","minValue":"1","maxValue":"10"}}]}},"_links":{"self":[{"href":"https:\/\/www.teltat.fi\/sv\/wp-json\/wp\/v2\/product\/10425","targetHints":{"allow":["GET"]}}],"collection":[{"href":"https:\/\/www.teltat.fi\/sv\/wp-json\/wp\/v2\/product"}],"about":[{"href":"https:\/\/www.teltat.fi\/sv\/wp-json\/wp\/v2\/types\/product"}],"version-history":[{"count":1,"href":"https:\/\/www.teltat.fi\/sv\/wp-json\/wp\/v2\/product\/10425\/revisions"}],"predecessor-version":[{"id":24038,"href":"https:\/\/www.teltat.fi\/sv\/wp-json\/wp\/v2\/product\/10425\/revisions\/24038"}],"wp:featuredmedia":[{"embeddable":true,"href":"https:\/\/www.teltat.fi\/sv\/wp-json\/wp\/v2\/media\/8134"}],"wp:attachment":[{"href":"https:\/\/www.teltat.fi\/sv\/wp-json\/wp\/v2\/media?parent=10425"}],"wp:term":[{"taxonomy":"product_brand","embeddable":true,"href":"https:\/\/www.teltat.fi\/sv\/wp-json\/wp\/v2\/product_brand?post=10425"},{"taxonomy":"product_cat","embeddable":true,"href":"https:\/\/www.teltat.fi\/sv\/wp-json\/wp\/v2\/product_cat?post=10425"},{"taxonomy":"product_tag","embeddable":true,"href":"https:\/\/www.teltat.fi\/sv\/wp-json\/wp\/v2\/product_tag?post=10425"}],"curies":[{"name":"wp","href":"https:\/\/api.w.org\/{rel}","templated":true}]}}