{"id":10486,"date":"2023-02-08T13:17:18","date_gmt":"2023-02-08T13:17:18","guid":{"rendered":"https:\/\/www.teltat.fi\/tuote\/stegbord-5-nivaer\/"},"modified":"2025-06-02T09:06:10","modified_gmt":"2025-06-02T06:06:10","slug":"stegbord-5-nivaer","status":"publish","type":"product","link":"https:\/\/www.teltat.fi\/sv\/produkt\/stegbord-5-nivaer\/","title":{"rendered":"Stegbord 5 niv\u00e5er"},"content":{"rendered":"<p>Med detta hopf\u00e4llbara stegbord i 5 niv\u00e5er kan du visa dina produkter enkelt och imponerande. Detta stegbord kan \u00e4ven anv\u00e4ndas som ett 3-plansbord, s\u00e5 det tar mindre plats. Stegbordet \u00e4r tillverkat i slitstarkt aluminium och t\u00e5l d\u00e4rf\u00f6r tunga belastningar. Aluminiumet som anv\u00e4nds som tillverkningsmaterial garanterar ocks\u00e5 en l\u00e4gre totalvikt f\u00f6r bordet.<br \/>\n&nbsp;<\/p>\n<h3>Teknisk information:<\/h3>\n<ul>\n<li>Niv\u00e5h\u00f6jder fr\u00e5n marken 1 niv\u00e5 51cm, 2 niv\u00e5 71cm, 3 niv\u00e5 91cm, 4 niv\u00e5 110cm och 5 niv\u00e5 129cm<\/li>\n<li>N\u00e4r stegbordet \u00e4r helt \u00f6ppet \u00e4r bredden p\u00e5 n\u00e4sta utrymme 153 cm och djupet 170 cm<\/li>\n<li>Plattformens storlek \u00e4r 148x34cm<\/li>\n<\/ul>\n","protected":false},"excerpt":{"rendered":"<p>Med detta hopf\u00e4llbara stegbord i 5 niv\u00e5er kan du visa dina produkter enkelt och imponerande. Detta stegbord kan \u00e4ven anv\u00e4ndas som ett 3-plansbord, s\u00e5 det tar mindre plats. Stegbordet \u00e4r tillverkat i slitstarkt aluminium och t\u00e5l d\u00e4rf\u00f6r tunga belastningar. Aluminiumet som anv\u00e4nds som tillverkningsmaterial garanterar ocks\u00e5 en l\u00e4gre totalvikt f\u00f6r bordet. &nbsp; Teknisk information: Niv\u00e5h\u00f6jder fr\u00e5n marken 1 niv\u00e5 51cm, 2 niv\u00e5 71cm, 3 niv\u00e5 91cm, 4 niv\u00e5 110cm och 5 niv\u00e5 129cm N\u00e4r stegbordet \u00e4r helt \u00f6ppet \u00e4r bredden p\u00e5 n\u00e4sta utrymme 153 cm och djupet 170 cm Plattformens storlek \u00e4r 148x34cm<\/p>\n","protected":false},"featured_media":8145,"template":"","meta":{"_acf_changed":false,"_eb_attr":"","site-sidebar-layout":"default","site-content-layout":"","ast-site-content-layout":"default","site-content-style":"default","site-sidebar-style":"default","ast-global-header-display":"","ast-banner-title-visibility":"","ast-main-header-display":"","ast-hfb-above-header-display":"","ast-hfb-below-header-display":"","ast-hfb-mobile-header-display":"","site-post-title":"","ast-breadcrumbs-content":"","ast-featured-img":"","footer-sml-layout":"","ast-disable-related-posts":"","theme-transparent-header-meta":"default","adv-header-id-meta":"","stick-header-meta":"","header-above-stick-meta":"","header-main-stick-meta":"","header-below-stick-meta":"","astra-migrate-meta-layouts":"default","ast-page-background-enabled":"default","ast-page-background-meta":{"desktop":{"background-color":"var(--ast-global-color-5)","background-image":"","background-repeat":"repeat","background-position":"center center","background-size":"auto","background-attachment":"scroll","background-type":"","background-media":"","overlay-type":"","overlay-color":"","overlay-opacity":"","overlay-gradient":""},"tablet":{"background-color":"","background-image":"","background-repeat":"repeat","background-position":"center center","background-size":"auto","background-attachment":"scroll","background-type":"","background-media":"","overlay-type":"","overlay-color":"","overlay-opacity":"","overlay-gradient":""},"mobile":{"background-color":"","background-image":"","background-repeat":"repeat","background-position":"center center","background-size":"auto","background-attachment":"scroll","background-type":"","background-media":"","overlay-type":"","overlay-color":"","overlay-opacity":"","overlay-gradient":""}},"ast-content-background-meta":{"desktop":{"background-color":"var(--ast-global-color-4)","background-image":"","background-repeat":"repeat","background-position":"center center","background-size":"auto","background-attachment":"scroll","background-type":"","background-media":"","overlay-type":"","overlay-color":"","overlay-opacity":"","overlay-gradient":""},"tablet":{"background-color":"var(--ast-global-color-4)","background-image":"","background-repeat":"repeat","background-position":"center center","background-size":"auto","background-attachment":"scroll","background-type":"","background-media":"","overlay-type":"","overlay-color":"","overlay-opacity":"","overlay-gradient":""},"mobile":{"background-color":"var(--ast-global-color-4)","background-image":"","background-repeat":"repeat","background-position":"center center","background-size":"auto","background-attachment":"scroll","background-type":"","background-media":"","overlay-type":"","overlay-color":"","overlay-opacity":"","overlay-gradient":""}},"_wp_convertkit_post_meta":{"form":"-1","landing_page":"0","tag":"0","restrict_content":"0"}},"product_brand":[],"product_cat":[283],"product_tag":[],"class_list":{"0":"post-10486","1":"product","2":"type-product","3":"status-publish","4":"has-post-thumbnail","6":"product_cat-forsaljningsbord","7":"desktop-align-left","8":"tablet-align-left","9":"mobile-align-left","11":"first","12":"instock","13":"taxable","14":"shipping-taxable","15":"purchasable","16":"product-type-simple"},"acf":[],"yoast_head":"<!-- This site is optimized with the Yoast SEO Premium plugin v24.5 (Yoast SEO v27.5) - https:\/\/yoast.com\/product\/yoast-seo-premium-wordpress\/ -->\n<title>Stegbord 5 niv\u00e5er<\/title>\n<meta name=\"robots\" content=\"index, follow, max-snippet:-1, max-image-preview:large, max-video-preview:-1\" \/>\n<link rel=\"canonical\" href=\"https:\/\/www.teltat.fi\/sv\/produkt\/stegbord-5-nivaer\/\" \/>\n<meta property=\"og:locale\" content=\"sv_SE\" \/>\n<meta property=\"og:type\" content=\"article\" \/>\n<meta property=\"og:title\" content=\"Stegbord 5 niv\u00e5er\" \/>\n<meta property=\"og:description\" content=\"Med detta hopf\u00e4llbara stegbord i 5 niv\u00e5er kan du visa dina produkter enkelt och imponerande. Detta stegbord kan \u00e4ven anv\u00e4ndas som ett 3-plansbord, s\u00e5 det tar mindre plats. Stegbordet \u00e4r tillverkat i slitstarkt aluminium och t\u00e5l d\u00e4rf\u00f6r tunga belastningar. Aluminiumet som anv\u00e4nds som tillverkningsmaterial garanterar ocks\u00e5 en l\u00e4gre totalvikt f\u00f6r bordet. &nbsp; Teknisk information: Niv\u00e5h\u00f6jder fr\u00e5n marken 1 niv\u00e5 51cm, 2 niv\u00e5 71cm, 3 niv\u00e5 91cm, 4 niv\u00e5 110cm och 5 niv\u00e5 129cm N\u00e4r stegbordet \u00e4r helt \u00f6ppet \u00e4r bredden p\u00e5 n\u00e4sta utrymme 153 cm och djupet 170 cm Plattformens storlek \u00e4r 148x34cm\" \/>\n<meta property=\"og:url\" content=\"https:\/\/www.teltat.fi\/sv\/produkt\/stegbord-5-nivaer\/\" \/>\n<meta property=\"og:site_name\" content=\"Nopsa\" \/>\n<meta property=\"article:publisher\" content=\"https:\/\/www.facebook.com\/teltat.fi\/\" \/>\n<meta property=\"article:modified_time\" content=\"2025-06-02T06:06:10+00:00\" \/>\n<meta property=\"og:image\" content=\"https:\/\/i0.wp.com\/dev.teltat.fi\/wp-content\/uploads\/2023\/02\/Porraspoyta5.jpg?fit=1000%2C1000&ssl=1\" \/>\n\t<meta property=\"og:image:width\" content=\"1000\" \/>\n\t<meta property=\"og:image:height\" content=\"1000\" \/>\n\t<meta property=\"og:image:type\" content=\"image\/jpeg\" \/>\n<meta name=\"twitter:card\" content=\"summary_large_image\" \/>\n<meta name=\"twitter:label1\" content=\"Ber\u00e4knad l\u00e4stid\" \/>\n\t<meta name=\"twitter:data1\" content=\"1 minut\" \/>\n<script type=\"application\/ld+json\" class=\"yoast-schema-graph\">{\"@context\":\"https:\\\/\\\/schema.org\",\"@graph\":[{\"@type\":[\"WebPage\",\"ItemPage\"],\"@id\":\"https:\\\/\\\/www.teltat.fi\\\/sv\\\/produkt\\\/stegbord-5-nivaer\\\/\",\"url\":\"https:\\\/\\\/www.teltat.fi\\\/sv\\\/produkt\\\/stegbord-5-nivaer\\\/\",\"name\":\"Stegbord 5 niv\u00e5er\",\"isPartOf\":{\"@id\":\"https:\\\/\\\/www.teltat.fi\\\/sv\\\/#website\"},\"primaryImageOfPage\":{\"@id\":\"https:\\\/\\\/www.teltat.fi\\\/sv\\\/produkt\\\/stegbord-5-nivaer\\\/#primaryimage\"},\"image\":{\"@id\":\"https:\\\/\\\/www.teltat.fi\\\/sv\\\/produkt\\\/stegbord-5-nivaer\\\/#primaryimage\"},\"thumbnailUrl\":\"https:\\\/\\\/www.teltat.fi\\\/wp-content\\\/uploads\\\/2023\\\/02\\\/Porraspoyta5.jpg\",\"datePublished\":\"2023-02-08T13:17:18+00:00\",\"dateModified\":\"2025-06-02T06:06:10+00:00\",\"breadcrumb\":{\"@id\":\"https:\\\/\\\/www.teltat.fi\\\/sv\\\/produkt\\\/stegbord-5-nivaer\\\/#breadcrumb\"},\"inLanguage\":\"sv-SE\",\"potentialAction\":[{\"@type\":\"ReadAction\",\"target\":[\"https:\\\/\\\/www.teltat.fi\\\/sv\\\/produkt\\\/stegbord-5-nivaer\\\/\"]}]},{\"@type\":\"ImageObject\",\"inLanguage\":\"sv-SE\",\"@id\":\"https:\\\/\\\/www.teltat.fi\\\/sv\\\/produkt\\\/stegbord-5-nivaer\\\/#primaryimage\",\"url\":\"https:\\\/\\\/www.teltat.fi\\\/wp-content\\\/uploads\\\/2023\\\/02\\\/Porraspoyta5.jpg\",\"contentUrl\":\"https:\\\/\\\/www.teltat.fi\\\/wp-content\\\/uploads\\\/2023\\\/02\\\/Porraspoyta5.jpg\",\"width\":1000,\"height\":1000},{\"@type\":\"BreadcrumbList\",\"@id\":\"https:\\\/\\\/www.teltat.fi\\\/sv\\\/produkt\\\/stegbord-5-nivaer\\\/#breadcrumb\",\"itemListElement\":[{\"@type\":\"ListItem\",\"position\":1,\"name\":\"Startsida\",\"item\":\"https:\\\/\\\/www.teltat.fi\\\/sv\\\/hemsida\\\/\"},{\"@type\":\"ListItem\",\"position\":2,\"name\":\"Butik\",\"item\":\"https:\\\/\\\/www.teltat.fi\\\/sv\\\/butik\\\/\"},{\"@type\":\"ListItem\",\"position\":3,\"name\":\"F\u00f6rs\u00e4ljningsbord och st\u00e4ll\",\"item\":\"https:\\\/\\\/www.teltat.fi\\\/sv\\\/produktkategori\\\/forsaljningsbord-och-stall\\\/\"},{\"@type\":\"ListItem\",\"position\":4,\"name\":\"F\u00f6rs\u00e4ljningsbord\",\"item\":\"https:\\\/\\\/www.teltat.fi\\\/sv\\\/produktkategori\\\/forsaljningsbord-och-stall\\\/forsaljningsbord\\\/\"},{\"@type\":\"ListItem\",\"position\":5,\"name\":\"Stegbord 5 niv\u00e5er\"}]},{\"@type\":\"WebSite\",\"@id\":\"https:\\\/\\\/www.teltat.fi\\\/sv\\\/#website\",\"url\":\"https:\\\/\\\/www.teltat.fi\\\/sv\\\/\",\"name\":\"Nopsa\",\"description\":\"Pop-up teltat ja tarvikkeet kaikkiin tapahtumiin\",\"publisher\":{\"@id\":\"https:\\\/\\\/www.teltat.fi\\\/sv\\\/#organization\"},\"alternateName\":\"Nopsa popup teltat\",\"potentialAction\":[{\"@type\":\"SearchAction\",\"target\":{\"@type\":\"EntryPoint\",\"urlTemplate\":\"https:\\\/\\\/www.teltat.fi\\\/sv\\\/?s={search_term_string}\"},\"query-input\":{\"@type\":\"PropertyValueSpecification\",\"valueRequired\":true,\"valueName\":\"search_term_string\"}}],\"inLanguage\":\"sv-SE\"},{\"@type\":\"Organization\",\"@id\":\"https:\\\/\\\/www.teltat.fi\\\/sv\\\/#organization\",\"name\":\"www.teltat.fi\",\"alternateName\":\"Nopsa popup-t\u00e4lt och tillbeh\u00f6r\",\"url\":\"https:\\\/\\\/www.teltat.fi\\\/sv\\\/\",\"logo\":{\"@type\":\"ImageObject\",\"inLanguage\":\"sv-SE\",\"@id\":\"https:\\\/\\\/www.teltat.fi\\\/sv\\\/#\\\/schema\\\/logo\\\/image\\\/\",\"url\":\"https:\\\/\\\/www.teltat.fi\\\/wp-content\\\/uploads\\\/2025\\\/03\\\/Nopsa-logo-white-no-circle-RGB.svg\",\"contentUrl\":\"https:\\\/\\\/www.teltat.fi\\\/wp-content\\\/uploads\\\/2025\\\/03\\\/Nopsa-logo-white-no-circle-RGB.svg\",\"width\":1080,\"height\":548,\"caption\":\"www.teltat.fi\"},\"image\":{\"@id\":\"https:\\\/\\\/www.teltat.fi\\\/sv\\\/#\\\/schema\\\/logo\\\/image\\\/\"},\"sameAs\":[\"https:\\\/\\\/www.facebook.com\\\/teltat.fi\\\/\"],\"email\":\"myynti@teltat.fi\",\"telephone\":\"+358105260424\",\"foundingDate\":\"1994-05-18\",\"vatID\":\"FI09519220\",\"numberOfEmployees\":{\"@type\":\"QuantitativeValue\",\"minValue\":\"1\",\"maxValue\":\"10\"}}]}<\/script>\n<!-- \/ Yoast SEO Premium plugin. -->","yoast_head_json":{"title":"Stegbord 5 niv\u00e5er","robots":{"index":"index","follow":"follow","max-snippet":"max-snippet:-1","max-image-preview":"max-image-preview:large","max-video-preview":"max-video-preview:-1"},"canonical":"https:\/\/www.teltat.fi\/sv\/produkt\/stegbord-5-nivaer\/","og_locale":"sv_SE","og_type":"article","og_title":"Stegbord 5 niv\u00e5er","og_description":"Med detta hopf\u00e4llbara stegbord i 5 niv\u00e5er kan du visa dina produkter enkelt och imponerande. Detta stegbord kan \u00e4ven anv\u00e4ndas som ett 3-plansbord, s\u00e5 det tar mindre plats. Stegbordet \u00e4r tillverkat i slitstarkt aluminium och t\u00e5l d\u00e4rf\u00f6r tunga belastningar. Aluminiumet som anv\u00e4nds som tillverkningsmaterial garanterar ocks\u00e5 en l\u00e4gre totalvikt f\u00f6r bordet. &nbsp; Teknisk information: Niv\u00e5h\u00f6jder fr\u00e5n marken 1 niv\u00e5 51cm, 2 niv\u00e5 71cm, 3 niv\u00e5 91cm, 4 niv\u00e5 110cm och 5 niv\u00e5 129cm N\u00e4r stegbordet \u00e4r helt \u00f6ppet \u00e4r bredden p\u00e5 n\u00e4sta utrymme 153 cm och djupet 170 cm Plattformens storlek \u00e4r 148x34cm","og_url":"https:\/\/www.teltat.fi\/sv\/produkt\/stegbord-5-nivaer\/","og_site_name":"Nopsa","article_publisher":"https:\/\/www.facebook.com\/teltat.fi\/","article_modified_time":"2025-06-02T06:06:10+00:00","og_image":[{"width":1000,"height":1000,"url":"https:\/\/i0.wp.com\/dev.teltat.fi\/wp-content\/uploads\/2023\/02\/Porraspoyta5.jpg?fit=1000%2C1000&ssl=1","type":"image\/jpeg"}],"twitter_card":"summary_large_image","twitter_misc":{"Ber\u00e4knad l\u00e4stid":"1 minut"},"schema":{"@context":"https:\/\/schema.org","@graph":[{"@type":["WebPage","ItemPage"],"@id":"https:\/\/www.teltat.fi\/sv\/produkt\/stegbord-5-nivaer\/","url":"https:\/\/www.teltat.fi\/sv\/produkt\/stegbord-5-nivaer\/","name":"Stegbord 5 niv\u00e5er","isPartOf":{"@id":"https:\/\/www.teltat.fi\/sv\/#website"},"primaryImageOfPage":{"@id":"https:\/\/www.teltat.fi\/sv\/produkt\/stegbord-5-nivaer\/#primaryimage"},"image":{"@id":"https:\/\/www.teltat.fi\/sv\/produkt\/stegbord-5-nivaer\/#primaryimage"},"thumbnailUrl":"https:\/\/www.teltat.fi\/wp-content\/uploads\/2023\/02\/Porraspoyta5.jpg","datePublished":"2023-02-08T13:17:18+00:00","dateModified":"2025-06-02T06:06:10+00:00","breadcrumb":{"@id":"https:\/\/www.teltat.fi\/sv\/produkt\/stegbord-5-nivaer\/#breadcrumb"},"inLanguage":"sv-SE","potentialAction":[{"@type":"ReadAction","target":["https:\/\/www.teltat.fi\/sv\/produkt\/stegbord-5-nivaer\/"]}]},{"@type":"ImageObject","inLanguage":"sv-SE","@id":"https:\/\/www.teltat.fi\/sv\/produkt\/stegbord-5-nivaer\/#primaryimage","url":"https:\/\/www.teltat.fi\/wp-content\/uploads\/2023\/02\/Porraspoyta5.jpg","contentUrl":"https:\/\/www.teltat.fi\/wp-content\/uploads\/2023\/02\/Porraspoyta5.jpg","width":1000,"height":1000},{"@type":"BreadcrumbList","@id":"https:\/\/www.teltat.fi\/sv\/produkt\/stegbord-5-nivaer\/#breadcrumb","itemListElement":[{"@type":"ListItem","position":1,"name":"Startsida","item":"https:\/\/www.teltat.fi\/sv\/hemsida\/"},{"@type":"ListItem","position":2,"name":"Butik","item":"https:\/\/www.teltat.fi\/sv\/butik\/"},{"@type":"ListItem","position":3,"name":"F\u00f6rs\u00e4ljningsbord och st\u00e4ll","item":"https:\/\/www.teltat.fi\/sv\/produktkategori\/forsaljningsbord-och-stall\/"},{"@type":"ListItem","position":4,"name":"F\u00f6rs\u00e4ljningsbord","item":"https:\/\/www.teltat.fi\/sv\/produktkategori\/forsaljningsbord-och-stall\/forsaljningsbord\/"},{"@type":"ListItem","position":5,"name":"Stegbord 5 niv\u00e5er"}]},{"@type":"WebSite","@id":"https:\/\/www.teltat.fi\/sv\/#website","url":"https:\/\/www.teltat.fi\/sv\/","name":"Nopsa","description":"Pop-up teltat ja tarvikkeet kaikkiin tapahtumiin","publisher":{"@id":"https:\/\/www.teltat.fi\/sv\/#organization"},"alternateName":"Nopsa popup teltat","potentialAction":[{"@type":"SearchAction","target":{"@type":"EntryPoint","urlTemplate":"https:\/\/www.teltat.fi\/sv\/?s={search_term_string}"},"query-input":{"@type":"PropertyValueSpecification","valueRequired":true,"valueName":"search_term_string"}}],"inLanguage":"sv-SE"},{"@type":"Organization","@id":"https:\/\/www.teltat.fi\/sv\/#organization","name":"www.teltat.fi","alternateName":"Nopsa popup-t\u00e4lt och tillbeh\u00f6r","url":"https:\/\/www.teltat.fi\/sv\/","logo":{"@type":"ImageObject","inLanguage":"sv-SE","@id":"https:\/\/www.teltat.fi\/sv\/#\/schema\/logo\/image\/","url":"https:\/\/www.teltat.fi\/wp-content\/uploads\/2025\/03\/Nopsa-logo-white-no-circle-RGB.svg","contentUrl":"https:\/\/www.teltat.fi\/wp-content\/uploads\/2025\/03\/Nopsa-logo-white-no-circle-RGB.svg","width":1080,"height":548,"caption":"www.teltat.fi"},"image":{"@id":"https:\/\/www.teltat.fi\/sv\/#\/schema\/logo\/image\/"},"sameAs":["https:\/\/www.facebook.com\/teltat.fi\/"],"email":"myynti@teltat.fi","telephone":"+358105260424","foundingDate":"1994-05-18","vatID":"FI09519220","numberOfEmployees":{"@type":"QuantitativeValue","minValue":"1","maxValue":"10"}}]}},"_links":{"self":[{"href":"https:\/\/www.teltat.fi\/sv\/wp-json\/wp\/v2\/product\/10486","targetHints":{"allow":["GET"]}}],"collection":[{"href":"https:\/\/www.teltat.fi\/sv\/wp-json\/wp\/v2\/product"}],"about":[{"href":"https:\/\/www.teltat.fi\/sv\/wp-json\/wp\/v2\/types\/product"}],"version-history":[{"count":1,"href":"https:\/\/www.teltat.fi\/sv\/wp-json\/wp\/v2\/product\/10486\/revisions"}],"predecessor-version":[{"id":24926,"href":"https:\/\/www.teltat.fi\/sv\/wp-json\/wp\/v2\/product\/10486\/revisions\/24926"}],"wp:featuredmedia":[{"embeddable":true,"href":"https:\/\/www.teltat.fi\/sv\/wp-json\/wp\/v2\/media\/8145"}],"wp:attachment":[{"href":"https:\/\/www.teltat.fi\/sv\/wp-json\/wp\/v2\/media?parent=10486"}],"wp:term":[{"taxonomy":"product_brand","embeddable":true,"href":"https:\/\/www.teltat.fi\/sv\/wp-json\/wp\/v2\/product_brand?post=10486"},{"taxonomy":"product_cat","embeddable":true,"href":"https:\/\/www.teltat.fi\/sv\/wp-json\/wp\/v2\/product_cat?post=10486"},{"taxonomy":"product_tag","embeddable":true,"href":"https:\/\/www.teltat.fi\/sv\/wp-json\/wp\/v2\/product_tag?post=10486"}],"curies":[{"name":"wp","href":"https:\/\/api.w.org\/{rel}","templated":true}]}}