{"id":29741,"date":"2025-11-03T11:56:15","date_gmt":"2025-11-03T09:56:15","guid":{"rendered":"https:\/\/www.teltat.fi\/?post_type=product&#038;p=29741"},"modified":"2025-11-06T14:31:09","modified_gmt":"2025-11-06T12:31:09","slug":"nopsa-extreme-3x6-m-snabbtalt","status":"publish","type":"product","link":"https:\/\/www.teltat.fi\/sv\/produkt\/nopsa-extreme-3x6-m-snabbtalt\/","title":{"rendered":"Nopsa Extreme 3\u00d76 m snabbt\u00e4lt"},"content":{"rendered":"<h3>Nopsa Extreme 3\u00d76 m snabbt\u00e4lt<\/h3>\n<p>Nopsa Extreme-serien erbjuder ett \u00e4nnu mer robust professionellt t\u00e4lt utan att kompromissa med upps\u00e4ttningstiden. Ett snabbt uppsatt t\u00e4lt m\u00f6jligg\u00f6r l\u00e4ngre tids anv\u00e4ndning p\u00e5 samma plats. Den speciella aluminiumramen i Extreme-serien \u00e4r tillverkad av en sexkantig profil med en v\u00e4ggtjocklek p\u00e5 2 mm. V\u00e4ggtjockleken p\u00e5 takkonstruktionens l\u00e4kt \u00e4r hela 2,2 mm. <\/p>\n<h4>Nopsa Extreme 3\u00d76 snabbmonterat t\u00e4lt i korthet:<\/h4>\n<ul>\n<li>snabb uppst\u00e4llning<\/li>\n<li>kompatibel med beslag avsedda f\u00f6r den fyrkantiga profilen<\/li>\n<li>robust aluminiumprofil<\/li>\n<li>2 mm v\u00e4ggtjocklek<\/li>\n<li>Brandbest\u00e4ndigt tak<\/li>\n<li>brett utbud av tillbeh\u00f6r<\/li>\n<li>utformad f\u00f6r professionell anv\u00e4ndning p\u00e5 en marknad eller marknadsplats<\/li>\n<li>ocks\u00e5 ett mer h\u00e5llbart och h\u00f6gkvalitativt tr\u00e4dg\u00e5rdst\u00e4lt, servicet\u00e4lt, f\u00f6rvaringst\u00e4lt eller paviljong<\/li>\n<\/ul>\n<h4>Nopsa-t\u00e4lt<\/h4>\n<p><strong>NOPSA-snabbt\u00e4lt \u00e4r den popul\u00e4raste modellen av snabbt\u00e4lt i Finland. <\/strong>Det \u00e4r inte s\u00e5 konstigt, eftersom NOPSA-t\u00e4lten erbjuder det b\u00e4sta f\u00f6rh\u00e5llandet mellan pris och kvalitet. Dessutom erbjuder vi marknadens bredaste utbud av tillbeh\u00f6r.<\/p>\n<p>NOPSA-sortimentet omfattar vikbara t\u00e4lt, pop-up-t\u00e4lt, f\u00f6rs\u00e4ljningst\u00e4lt, m\u00e4sst\u00e4lt, marknadst\u00e4lt, partyt\u00e4lt, utst\u00e4llningst\u00e4lt, dep\u00e5t\u00e4lt, m\u00f6belt\u00e4lt, sk\u00e4rmtak, terrasst\u00e4lt, pagodt\u00e4lt, specialt\u00e4lt, f\u00f6rs\u00e4ljningst\u00e4lt, terrasst\u00e4lt, hallt\u00e4lt, bord och trappbord samt ett stort urval av tillbeh\u00f6r.<\/p>\n<h4>Planerat f\u00f6r att h\u00e5lla det finska v\u00e4dret<\/h4>\n<p>Vi har planerat och genomf\u00f6rt t\u00e4ltl\u00f6sningar f\u00f6r det kr\u00e4vande finska v\u00e4dret med \u00f6ver 50 \u00e5rs erfarenhet. NOPSA -snabbt\u00e4ltets material har noggrant valts ut av v\u00e4rldens b\u00e4sta tillverkare. P\u00e5 detta vis garanterar vi det b\u00e4sta slutresultat. H\u00f6g kvalite, men \u00e4nd\u00e5 billig Nopsa -snabbt\u00e4lt .   <\/p>\n<h4>Varf\u00f6r v\u00e4lja Nopsa Extreme 3\u00d76 m snabbt\u00e4lt?<\/h4>\n<p><strong>Vi rekommenderar s\u00e4rskilt Extreme-serien med snabbupps\u00e4ttnings t\u00e4lt n\u00e4r t\u00e4ltet ska st\u00e5 p\u00e5 samma plats under en l\u00e4ngre tid, t.ex. restaurangers terrass, p\u00e5 l\u00e4ngre evenemang eller om man vet att t\u00e4ltet kommer att brukas h\u00e5rt. T\u00e4ltet kan f\u00e4llas upp p\u00e5 bara n\u00e5gra tiotals sekunder, men pga. de stabila konstruktionerna rekommenderar vi minst tv\u00e5 personer. Nopsa -snabbt\u00e4lt f\u00f6ljer l\u00e4tt med i ett kompakt &#8220;paket&#8221; i sin egen transportv\u00e4ska utan n\u00e5gra extra sv\u00e5ra l\u00f6sa delar.   <\/strong><\/p>\n<p>Nopsa-snabbt\u00e4lt kombineras av finsk planering och internationellt genomf\u00f6rande p\u00e5 det b\u00e4sta m\u00f6jliga s\u00e4tt. Nopsa-snabbt\u00e4lt \u00e4r planerat f\u00f6r finska v\u00e4derf\u00f6rh\u00e5llanden. Vi presenterar stolt en riktigt kvalitativ, men \u00e5nd\u00e5 billigt alternativ till alla f\u00f6rs\u00e4ljning-, presentation- eller paryt\u00e4lt till de som beh\u00f6ver.<\/p>\n<p>Ramarna i Extreme-serien \u00e4r tillverkade av h\u00f6gkvalitativt, h\u00e5llbart <strong>sexkantigt specialaluminium med en tjocklek p\u00e5 2 mm.<\/strong> Detta g\u00f6r att <strong>konstruktionerna av specialaluminiumprofilerna i Nopsas Extreme-serie \u00e4r betydligt mer h\u00e5llbara<\/strong> \u00e4n de betydligt tyngre och svagare konstruktionerna som anv\u00e4nds i de flesta andra t\u00e4lt. <\/p>\n<p><strong>Taket och v\u00e4ggarna \u00e4r tillverkade av l\u00e4ttsk\u00f6tt, helt vatten- och vindavvisande, UV-best\u00e4ndig<\/strong> <strong>ULTRA STRONG polyesterv\u00e4v (v\u00e4ger endast 318 g\/m2)<\/strong>. Alla tyger \u00e4r ocks\u00e5 brandbest\u00e4ndiga (brandklass B1 DIN 4102-1). Taket sitter fast i ramen med robusta h\u00f6rnkardborrband och alla sidor \u00e4r f\u00f6rst\u00e4rkta med snabbl\u00e5s f\u00f6r att klara av det h\u00e5rdaste slitage. Taktygets automatiska sp\u00e4nningsmekanism h\u00e5ller taket sp\u00e4nt i h\u00e5rda f\u00f6rh\u00e5llanden V\u00e4ggarna s\u00e4ts fast i taket med beh\u00e4ndiga kardborrband och h\u00f6rnen f\u00e5r man fast med dragkedja Takets h\u00f6rn har h\u00e5llbara metallringar f\u00f6r montering. Paketet inneh\u00e5ller ocks\u00e5 t\u00e4ltpinnar och karabinhakar med tillh\u00f6rande f\u00e4sttejp. Till taket och v\u00e4ggarna finns ett bra utbud av f\u00e4rger tex. mycket popul\u00e4ra randtyger.      <\/p>\n<p>&nbsp;<\/p>\n<p><a href=\"https:\/\/www.teltat.fi\/wp-content\/uploads\/2024\/11\/octo-jalka.jpg\"><img fetchpriority=\"high\" decoding=\"async\" class=\"alignright wp-image-11888 size-medium\" src=\"https:\/\/www.teltat.fi\/wp-content\/uploads\/2024\/11\/octo-jalka-300x300.jpg\" alt=\"\" width=\"300\" height=\"300\" srcset=\"https:\/\/www.teltat.fi\/wp-content\/uploads\/2024\/11\/octo-jalka-300x300.jpg 300w, https:\/\/www.teltat.fi\/wp-content\/uploads\/2024\/11\/octo-jalka-150x150.jpg 150w, https:\/\/www.teltat.fi\/wp-content\/uploads\/2024\/11\/octo-jalka-100x100.jpg 100w, https:\/\/www.teltat.fi\/wp-content\/uploads\/2024\/11\/octo-jalka-50x50.jpg 50w, https:\/\/www.teltat.fi\/wp-content\/uploads\/2024\/11\/octo-jalka.jpg 550w\" sizes=\"(max-width: 300px) 100vw, 300px\" \/><\/a> <strong>Ramens ben kan st\u00e4llas in p\u00e5 fem olika h\u00f6jder.<\/strong><\/p>\n<h4>Stort utbud av kompatibel utrustning<\/h4>\n<p><strong>Ett omfattande sortiment av tillbeh\u00f6r finns tillg\u00e4ngligt f\u00f6r alla t\u00e4lt i Extreme-serien<\/strong>, inklusive f\u00e4stdon, vikter, st\u00f6dst\u00e4nger, regn- och solskydd, vattenr\u00e4nnor, olika solida v\u00e4ggar, f\u00f6nster- och d\u00f6rrv\u00e4ggar, reklambanderoller, bord, trappbord etc. Med de r\u00e4tta extrautrustningarna f\u00f6r du den b\u00e4sta m\u00f6jliga verkningsgrad av ditt t\u00e4lt. Vi rekommenderar som extrautrustning vikter och v\u00e4ggar! Vi hj\u00e4lper mer \u00e4n gj\u00e4rna till med tex. r\u00e4ddningsverkets och de olika st\u00e4dernas fasts\u00e4ttning- och s\u00e4kerhetsregleringar.    <\/p>\n<p>Med personliga tryckningar p\u00e5 t\u00e4ltet \u00e4r det b\u00e4sta s\u00e4ttet att synnas i massorna. <strong>Vi erbjuder ett stort urval, snabbt och kostnadseffektiva tryckningar.tex.<\/strong> gavelns texttryckningar till hela digitryckta t\u00e4lt. V\u00e5ra tryckta t\u00e4lt anv\u00e4nds redan av m\u00e5nga olika f\u00f6retag, f\u00f6reningar, parti, sportf\u00f6reningar och olika motorsportteam.  <\/p>\n<p><strong>Nopsa -snabbt\u00e4lt har en l\u00e5ng livsl\u00e4ngd. Till alla material kommer det till och med tv\u00e5 \u00e5rs garanti <\/strong> sek\u00e4 kattava huoltopalvelu. Det \u00e4r v\u00e4rt att notera att den nuvarande Extreme-serien av t\u00e4ltdukar \u00e4r kompatibel med \u00e4ven den \u00e4ldsta Nopsa-serien av t\u00e4ltstommar, som \u00e4r \u00f6ver tio \u00e5r gamla, och alla m\u00f6jliga reservdelar finns tillg\u00e4ngliga direkt fr\u00e5n v\u00e5rt f\u00f6rs\u00e4ljningslager. Vi erbjuder ocks\u00e5 s\u00e5 kallad. uppdateringspaket till gamla ramar med dagens funktioner. I alla leveranser finns det tydliga <strong>finska upps\u00e4ttnings- och bruksanvisningar<\/strong>.    <\/p>\n<p><strong>Vi f\u00f6rs\u00f6ker alltid att hitta den b\u00e4sta l\u00f6sningen till kunden!<\/strong> Ang\u00e5ende NOPSA-snabbt\u00e4lt har du alla vardagar tillg\u00e5ng till landets mest erfarna f\u00f6rs\u00e4ljningsteam Expertis, r\u00e5d och service \u00e4r till dit f\u00f6rfogande utan extra kostnad! <strong>Hos oss har ocks\u00e5 kundservice ett ansikte<\/strong> och vi ger service personligen i Harjavaltas f\u00f6rs\u00e4ljningsutrymme liksom via telefon, n\u00e4tet eller mail. V\u00e5r f\u00f6rs\u00e4ljningsutst\u00e4lning hittar du p\u00e5 ett tiotals stora evenemang \u00e5rligen. TMK har mer \u00e4n 100 Nopsa-t\u00e4lt som anv\u00e4nds p\u00e5 heltid i sin egen uthyrnings- och cateringverksamhet. Vi har stark praktisk erfarenhet av NOPSA -snabbt\u00e4lt i alla olika f\u00f6rh\u00e5llanden.    <\/p>\n<p>TMK \u00e4r landets ledande i f\u00f6rs\u00e4ljningsbilar, f\u00f6rs\u00e4ljningsvagnar, f\u00f6rs\u00e4ljningsstugor och utrustning till all mobil f\u00f6rs\u00e4ljning i landet. Fr\u00e5ga g\u00e4rna mer fr\u00e5n v\u00e5rt f\u00f6rs\u00e4ljningsteam! <\/p>\n","protected":false},"excerpt":{"rendered":"<p><a href=\"https:\/\/www.teltat.fi\/wp-content\/uploads\/2023\/02\/height329.png\" target=\"_blank\" rel=\"noopener\"><img decoding=\"async\" class=\"alignnone size-thumbnail\" src=\"https:\/\/www.teltat.fi\/wp-content\/uploads\/2023\/02\/height329.png\" alt=\"T\u00e4ltets h\u00f6jd 329 cm och g\u00e5ngbanans h\u00f6jd 200 cm\" width=\"100\" height=\"100\"><\/a><br \/>\n<a href=\"https:\/\/www.teltat.fi\/wp-content\/uploads\/2023\/02\/fabric.png\" target=\"_blank\" rel=\"noopener\"><img decoding=\"async\" class=\"alignnone size-thumbnail\" src=\"https:\/\/www.teltat.fi\/wp-content\/uploads\/2023\/02\/fabric.png\" alt=\"ultrastarka tyger 318g\/m2\" width=\"100\" height=\"100\"><\/a><br \/>\n<a href=\"https:\/\/www.teltat.fi\/wp-content\/uploads\/2023\/02\/frame50.png\" target=\"_blank\" rel=\"noopener\"><img loading=\"lazy\" decoding=\"async\" class=\"alignnone size-thumbnail\" src=\"https:\/\/www.teltat.fi\/wp-content\/uploads\/2023\/02\/frame50.png\" alt=\"50mm profil\" width=\"100\" height=\"100\"><\/a><br \/>\n<a href=\"https:\/\/www.teltat.fi\/wp-content\/uploads\/2024\/11\/size60-35-160.png\" target=\"_blank\" rel=\"noopener\"><img loading=\"lazy\" decoding=\"async\" class=\"alignnone size-thumbnail\" src=\"https:\/\/www.teltat.fi\/wp-content\/uploads\/2024\/11\/size60-35-160.png\" alt=\"Minsta transportstorlek 60x35x160cm\" width=\"100\" height=\"100\"><\/a><br \/>\n<a href=\"https:\/\/www.teltat.fi\/wp-content\/uploads\/2024\/11\/weight67.png\" target=\"_blank\" rel=\"noopener\"><img loading=\"lazy\" decoding=\"async\" class=\"alignnone size-thumbnail\" src=\"https:\/\/www.teltat.fi\/wp-content\/uploads\/2024\/11\/weight67.png\" alt=\"Totalvikt 67kg\" width=\"100\" height=\"100\"><\/a><br \/>\n<a href=\"https:\/\/www.teltat.fi\/wp-content\/uploads\/2023\/02\/fire.png\" target=\"_blank\" rel=\"noopener\"><img loading=\"lazy\" decoding=\"async\" class=\"alignnone size-thumbnail\" src=\"https:\/\/www.teltat.fi\/wp-content\/uploads\/2023\/02\/fire.png\" alt=\"Klassificerad f\u00f6r brands\u00e4kerhet\" width=\"100\" height=\"100\"><\/a><br \/>\n<a href=\"https:\/\/www.teltat.fi\/wp-content\/uploads\/2023\/02\/weather.png\" target=\"_blank\" rel=\"noopener\"><img loading=\"lazy\" decoding=\"async\" class=\"alignnone size-thumbnail\" src=\"https:\/\/www.teltat.fi\/wp-content\/uploads\/2023\/02\/weather.png\" alt=\"UV-skyddat material f\u00f6r alla f\u00f6rh\u00e5llanden\" width=\"100\" height=\"100\"><\/a><br \/>\n<a href=\"https:\/\/www.teltat.fi\/wp-content\/uploads\/2023\/02\/warranty1year.png\" target=\"_blank\" rel=\"noopener\"><img loading=\"lazy\" decoding=\"async\" class=\"alignnone size-thumbnail\" src=\"https:\/\/www.teltat.fi\/wp-content\/uploads\/2023\/02\/warranty1year.png\" alt=\"1 \u00e5rs materialgaranti\" width=\"100\" height=\"100\"><\/a><\/p>\n<p><span>Paketet inneh\u00e5ller inte v\u00e4ggar, samt t\u00e4ltvikter.<\/span><\/p>\n","protected":false},"featured_media":8501,"template":"","meta":{"_acf_changed":false,"_eb_attr":"","site-sidebar-layout":"default","site-content-layout":"","ast-site-content-layout":"default","site-content-style":"default","site-sidebar-style":"default","ast-global-header-display":"","ast-banner-title-visibility":"","ast-main-header-display":"","ast-hfb-above-header-display":"","ast-hfb-below-header-display":"","ast-hfb-mobile-header-display":"","site-post-title":"","ast-breadcrumbs-content":"","ast-featured-img":"","footer-sml-layout":"","ast-disable-related-posts":"","theme-transparent-header-meta":"default","adv-header-id-meta":"","stick-header-meta":"","header-above-stick-meta":"","header-main-stick-meta":"","header-below-stick-meta":"","astra-migrate-meta-layouts":"set","ast-page-background-enabled":"default","ast-page-background-meta":{"desktop":{"background-color":"var(--ast-global-color-5)","background-image":"","background-repeat":"repeat","background-position":"center center","background-size":"auto","background-attachment":"scroll","background-type":"","background-media":"","overlay-type":"","overlay-color":"","overlay-opacity":"","overlay-gradient":""},"tablet":{"background-color":"","background-image":"","background-repeat":"repeat","background-position":"center center","background-size":"auto","background-attachment":"scroll","background-type":"","background-media":"","overlay-type":"","overlay-color":"","overlay-opacity":"","overlay-gradient":""},"mobile":{"background-color":"","background-image":"","background-repeat":"repeat","background-position":"center center","background-size":"auto","background-attachment":"scroll","background-type":"","background-media":"","overlay-type":"","overlay-color":"","overlay-opacity":"","overlay-gradient":""}},"ast-content-background-meta":{"desktop":{"background-color":"var(--ast-global-color-4)","background-image":"","background-repeat":"repeat","background-position":"center center","background-size":"auto","background-attachment":"scroll","background-type":"","background-media":"","overlay-type":"","overlay-color":"","overlay-opacity":"","overlay-gradient":""},"tablet":{"background-color":"var(--ast-global-color-4)","background-image":"","background-repeat":"repeat","background-position":"center center","background-size":"auto","background-attachment":"scroll","background-type":"","background-media":"","overlay-type":"","overlay-color":"","overlay-opacity":"","overlay-gradient":""},"mobile":{"background-color":"var(--ast-global-color-4)","background-image":"","background-repeat":"repeat","background-position":"center center","background-size":"auto","background-attachment":"scroll","background-type":"","background-media":"","overlay-type":"","overlay-color":"","overlay-opacity":"","overlay-gradient":""}},"_wp_convertkit_post_meta":{"form":"-1","landing_page":"0","tag":"0","restrict_content":"0"}},"product_brand":[],"product_cat":[494],"product_tag":[],"class_list":{"0":"post-29741","1":"product","2":"type-product","3":"status-publish","4":"has-post-thumbnail","6":"product_cat-specialerbjudanden","7":"desktop-align-left","8":"tablet-align-left","9":"mobile-align-left","11":"first","12":"instock","13":"sale","14":"taxable","15":"shipping-taxable","16":"purchasable","17":"product-type-variable"},"acf":[],"yoast_head":"<!-- This site is optimized with the Yoast SEO Premium plugin v24.5 (Yoast SEO v27.4) - https:\/\/yoast.com\/product\/yoast-seo-premium-wordpress\/ -->\n<title>Nopsa Extreme 3\u00d76 m snabbt\u00e4lt<\/title>\n<meta name=\"description\" content=\"Nopsa Extreme 3\u00d76 m snabbt\u00e4lt, finns i flera f\u00e4rger och med tillbeh\u00f6r. Best\u00e4ll ett l\u00e4tt och slitstarkt snabbt\u00e4lt till ett \u00f6verkomligt pris fr\u00e5n v\u00e5r webbutik!\" \/>\n<meta name=\"robots\" content=\"index, follow, max-snippet:-1, max-image-preview:large, max-video-preview:-1\" \/>\n<link rel=\"canonical\" href=\"https:\/\/www.teltat.fi\/sv\/produkt\/nopsa-extreme-3x6-m-snabbtalt\/\" \/>\n<meta property=\"og:locale\" content=\"sv_SE\" \/>\n<meta property=\"og:type\" content=\"article\" \/>\n<meta property=\"og:title\" content=\"Nopsa Extreme 3\u00d76 m snabbt\u00e4lt\" \/>\n<meta property=\"og:description\" content=\"Nopsa Extreme 3\u00d76 m snabbt\u00e4lt, finns i flera f\u00e4rger och med tillbeh\u00f6r. Best\u00e4ll ett l\u00e4tt och slitstarkt snabbt\u00e4lt till ett \u00f6verkomligt pris fr\u00e5n v\u00e5r webbutik!\" \/>\n<meta property=\"og:url\" content=\"https:\/\/www.teltat.fi\/sv\/produkt\/nopsa-extreme-3x6-m-snabbtalt\/\" \/>\n<meta property=\"og:site_name\" content=\"Nopsa\" \/>\n<meta property=\"article:publisher\" content=\"https:\/\/www.facebook.com\/teltat.fi\/\" \/>\n<meta property=\"article:modified_time\" content=\"2025-11-06T12:31:09+00:00\" \/>\n<meta property=\"og:image\" content=\"https:\/\/www.teltat.fi\/wp-content\/uploads\/2023\/02\/3x6-kaikki-varit.png\" \/>\n\t<meta property=\"og:image:width\" content=\"550\" \/>\n\t<meta property=\"og:image:height\" content=\"550\" \/>\n\t<meta property=\"og:image:type\" content=\"image\/png\" \/>\n<meta name=\"twitter:card\" content=\"summary_large_image\" \/>\n<meta name=\"twitter:label1\" content=\"Ber\u00e4knad l\u00e4stid\" \/>\n\t<meta name=\"twitter:data1\" content=\"6 minuter\" \/>\n<script type=\"application\/ld+json\" class=\"yoast-schema-graph\">{\"@context\":\"https:\\\/\\\/schema.org\",\"@graph\":[{\"@type\":[\"WebPage\",\"ItemPage\"],\"@id\":\"https:\\\/\\\/www.teltat.fi\\\/sv\\\/produkt\\\/nopsa-extreme-3x6-m-snabbtalt\\\/\",\"url\":\"https:\\\/\\\/www.teltat.fi\\\/sv\\\/produkt\\\/nopsa-extreme-3x6-m-snabbtalt\\\/\",\"name\":\"Nopsa Extreme 3\u00d76 m snabbt\u00e4lt\",\"isPartOf\":{\"@id\":\"https:\\\/\\\/www.teltat.fi\\\/sv\\\/#website\"},\"primaryImageOfPage\":{\"@id\":\"https:\\\/\\\/www.teltat.fi\\\/sv\\\/produkt\\\/nopsa-extreme-3x6-m-snabbtalt\\\/#primaryimage\"},\"image\":{\"@id\":\"https:\\\/\\\/www.teltat.fi\\\/sv\\\/produkt\\\/nopsa-extreme-3x6-m-snabbtalt\\\/#primaryimage\"},\"thumbnailUrl\":\"https:\\\/\\\/www.teltat.fi\\\/wp-content\\\/uploads\\\/2023\\\/02\\\/3x6-kaikki-varit.png\",\"datePublished\":\"2025-11-03T09:56:15+00:00\",\"dateModified\":\"2025-11-06T12:31:09+00:00\",\"description\":\"Nopsa Extreme 3\u00d76 m snabbt\u00e4lt, finns i flera f\u00e4rger och med tillbeh\u00f6r. Best\u00e4ll ett l\u00e4tt och slitstarkt snabbt\u00e4lt till ett \u00f6verkomligt pris fr\u00e5n v\u00e5r webbutik!\",\"breadcrumb\":{\"@id\":\"https:\\\/\\\/www.teltat.fi\\\/sv\\\/produkt\\\/nopsa-extreme-3x6-m-snabbtalt\\\/#breadcrumb\"},\"inLanguage\":\"sv-SE\",\"potentialAction\":[{\"@type\":\"ReadAction\",\"target\":[\"https:\\\/\\\/www.teltat.fi\\\/sv\\\/produkt\\\/nopsa-extreme-3x6-m-snabbtalt\\\/\"]}]},{\"@type\":\"ImageObject\",\"inLanguage\":\"sv-SE\",\"@id\":\"https:\\\/\\\/www.teltat.fi\\\/sv\\\/produkt\\\/nopsa-extreme-3x6-m-snabbtalt\\\/#primaryimage\",\"url\":\"https:\\\/\\\/www.teltat.fi\\\/wp-content\\\/uploads\\\/2023\\\/02\\\/3x6-kaikki-varit.png\",\"contentUrl\":\"https:\\\/\\\/www.teltat.fi\\\/wp-content\\\/uploads\\\/2023\\\/02\\\/3x6-kaikki-varit.png\",\"width\":550,\"height\":550,\"caption\":\"Nopsa snabbt\u00e4lt \\\/ pop-up-t\u00e4lt 3x6m\"},{\"@type\":\"BreadcrumbList\",\"@id\":\"https:\\\/\\\/www.teltat.fi\\\/sv\\\/produkt\\\/nopsa-extreme-3x6-m-snabbtalt\\\/#breadcrumb\",\"itemListElement\":[{\"@type\":\"ListItem\",\"position\":1,\"name\":\"Startsida\",\"item\":\"https:\\\/\\\/www.teltat.fi\\\/sv\\\/hemsida\\\/\"},{\"@type\":\"ListItem\",\"position\":2,\"name\":\"Butik\",\"item\":\"https:\\\/\\\/www.teltat.fi\\\/sv\\\/butik\\\/\"},{\"@type\":\"ListItem\",\"position\":3,\"name\":\"Specialerbjudanden\",\"item\":\"https:\\\/\\\/www.teltat.fi\\\/sv\\\/produktkategori\\\/specialerbjudanden\\\/\"},{\"@type\":\"ListItem\",\"position\":4,\"name\":\"Nopsa Extreme 3\u00d76 m snabbt\u00e4lt\"}]},{\"@type\":\"WebSite\",\"@id\":\"https:\\\/\\\/www.teltat.fi\\\/sv\\\/#website\",\"url\":\"https:\\\/\\\/www.teltat.fi\\\/sv\\\/\",\"name\":\"Nopsa\",\"description\":\"Pop-up teltat ja tarvikkeet kaikkiin tapahtumiin\",\"publisher\":{\"@id\":\"https:\\\/\\\/www.teltat.fi\\\/sv\\\/#organization\"},\"alternateName\":\"Nopsa popup teltat\",\"potentialAction\":[{\"@type\":\"SearchAction\",\"target\":{\"@type\":\"EntryPoint\",\"urlTemplate\":\"https:\\\/\\\/www.teltat.fi\\\/sv\\\/?s={search_term_string}\"},\"query-input\":{\"@type\":\"PropertyValueSpecification\",\"valueRequired\":true,\"valueName\":\"search_term_string\"}}],\"inLanguage\":\"sv-SE\"},{\"@type\":\"Organization\",\"@id\":\"https:\\\/\\\/www.teltat.fi\\\/sv\\\/#organization\",\"name\":\"www.teltat.fi\",\"alternateName\":\"Nopsa popup-t\u00e4lt och tillbeh\u00f6r\",\"url\":\"https:\\\/\\\/www.teltat.fi\\\/sv\\\/\",\"logo\":{\"@type\":\"ImageObject\",\"inLanguage\":\"sv-SE\",\"@id\":\"https:\\\/\\\/www.teltat.fi\\\/sv\\\/#\\\/schema\\\/logo\\\/image\\\/\",\"url\":\"https:\\\/\\\/www.teltat.fi\\\/wp-content\\\/uploads\\\/2025\\\/03\\\/Nopsa-logo-white-no-circle-RGB.svg\",\"contentUrl\":\"https:\\\/\\\/www.teltat.fi\\\/wp-content\\\/uploads\\\/2025\\\/03\\\/Nopsa-logo-white-no-circle-RGB.svg\",\"width\":1080,\"height\":548,\"caption\":\"www.teltat.fi\"},\"image\":{\"@id\":\"https:\\\/\\\/www.teltat.fi\\\/sv\\\/#\\\/schema\\\/logo\\\/image\\\/\"},\"sameAs\":[\"https:\\\/\\\/www.facebook.com\\\/teltat.fi\\\/\"],\"email\":\"myynti@teltat.fi\",\"telephone\":\"+358105260424\",\"foundingDate\":\"1994-05-18\",\"vatID\":\"FI09519220\",\"numberOfEmployees\":{\"@type\":\"QuantitativeValue\",\"minValue\":\"1\",\"maxValue\":\"10\"}}]}<\/script>\n<!-- \/ Yoast SEO Premium plugin. -->","yoast_head_json":{"title":"Nopsa Extreme 3\u00d76 m snabbt\u00e4lt","description":"Nopsa Extreme 3\u00d76 m snabbt\u00e4lt, finns i flera f\u00e4rger och med tillbeh\u00f6r. Best\u00e4ll ett l\u00e4tt och slitstarkt snabbt\u00e4lt till ett \u00f6verkomligt pris fr\u00e5n v\u00e5r webbutik!","robots":{"index":"index","follow":"follow","max-snippet":"max-snippet:-1","max-image-preview":"max-image-preview:large","max-video-preview":"max-video-preview:-1"},"canonical":"https:\/\/www.teltat.fi\/sv\/produkt\/nopsa-extreme-3x6-m-snabbtalt\/","og_locale":"sv_SE","og_type":"article","og_title":"Nopsa Extreme 3\u00d76 m snabbt\u00e4lt","og_description":"Nopsa Extreme 3\u00d76 m snabbt\u00e4lt, finns i flera f\u00e4rger och med tillbeh\u00f6r. Best\u00e4ll ett l\u00e4tt och slitstarkt snabbt\u00e4lt till ett \u00f6verkomligt pris fr\u00e5n v\u00e5r webbutik!","og_url":"https:\/\/www.teltat.fi\/sv\/produkt\/nopsa-extreme-3x6-m-snabbtalt\/","og_site_name":"Nopsa","article_publisher":"https:\/\/www.facebook.com\/teltat.fi\/","article_modified_time":"2025-11-06T12:31:09+00:00","og_image":[{"width":550,"height":550,"url":"https:\/\/www.teltat.fi\/wp-content\/uploads\/2023\/02\/3x6-kaikki-varit.png","type":"image\/png"}],"twitter_card":"summary_large_image","twitter_misc":{"Ber\u00e4knad l\u00e4stid":"6 minuter"},"schema":{"@context":"https:\/\/schema.org","@graph":[{"@type":["WebPage","ItemPage"],"@id":"https:\/\/www.teltat.fi\/sv\/produkt\/nopsa-extreme-3x6-m-snabbtalt\/","url":"https:\/\/www.teltat.fi\/sv\/produkt\/nopsa-extreme-3x6-m-snabbtalt\/","name":"Nopsa Extreme 3\u00d76 m snabbt\u00e4lt","isPartOf":{"@id":"https:\/\/www.teltat.fi\/sv\/#website"},"primaryImageOfPage":{"@id":"https:\/\/www.teltat.fi\/sv\/produkt\/nopsa-extreme-3x6-m-snabbtalt\/#primaryimage"},"image":{"@id":"https:\/\/www.teltat.fi\/sv\/produkt\/nopsa-extreme-3x6-m-snabbtalt\/#primaryimage"},"thumbnailUrl":"https:\/\/www.teltat.fi\/wp-content\/uploads\/2023\/02\/3x6-kaikki-varit.png","datePublished":"2025-11-03T09:56:15+00:00","dateModified":"2025-11-06T12:31:09+00:00","description":"Nopsa Extreme 3\u00d76 m snabbt\u00e4lt, finns i flera f\u00e4rger och med tillbeh\u00f6r. Best\u00e4ll ett l\u00e4tt och slitstarkt snabbt\u00e4lt till ett \u00f6verkomligt pris fr\u00e5n v\u00e5r webbutik!","breadcrumb":{"@id":"https:\/\/www.teltat.fi\/sv\/produkt\/nopsa-extreme-3x6-m-snabbtalt\/#breadcrumb"},"inLanguage":"sv-SE","potentialAction":[{"@type":"ReadAction","target":["https:\/\/www.teltat.fi\/sv\/produkt\/nopsa-extreme-3x6-m-snabbtalt\/"]}]},{"@type":"ImageObject","inLanguage":"sv-SE","@id":"https:\/\/www.teltat.fi\/sv\/produkt\/nopsa-extreme-3x6-m-snabbtalt\/#primaryimage","url":"https:\/\/www.teltat.fi\/wp-content\/uploads\/2023\/02\/3x6-kaikki-varit.png","contentUrl":"https:\/\/www.teltat.fi\/wp-content\/uploads\/2023\/02\/3x6-kaikki-varit.png","width":550,"height":550,"caption":"Nopsa snabbt\u00e4lt \/ pop-up-t\u00e4lt 3x6m"},{"@type":"BreadcrumbList","@id":"https:\/\/www.teltat.fi\/sv\/produkt\/nopsa-extreme-3x6-m-snabbtalt\/#breadcrumb","itemListElement":[{"@type":"ListItem","position":1,"name":"Startsida","item":"https:\/\/www.teltat.fi\/sv\/hemsida\/"},{"@type":"ListItem","position":2,"name":"Butik","item":"https:\/\/www.teltat.fi\/sv\/butik\/"},{"@type":"ListItem","position":3,"name":"Specialerbjudanden","item":"https:\/\/www.teltat.fi\/sv\/produktkategori\/specialerbjudanden\/"},{"@type":"ListItem","position":4,"name":"Nopsa Extreme 3\u00d76 m snabbt\u00e4lt"}]},{"@type":"WebSite","@id":"https:\/\/www.teltat.fi\/sv\/#website","url":"https:\/\/www.teltat.fi\/sv\/","name":"Nopsa","description":"Pop-up teltat ja tarvikkeet kaikkiin tapahtumiin","publisher":{"@id":"https:\/\/www.teltat.fi\/sv\/#organization"},"alternateName":"Nopsa popup teltat","potentialAction":[{"@type":"SearchAction","target":{"@type":"EntryPoint","urlTemplate":"https:\/\/www.teltat.fi\/sv\/?s={search_term_string}"},"query-input":{"@type":"PropertyValueSpecification","valueRequired":true,"valueName":"search_term_string"}}],"inLanguage":"sv-SE"},{"@type":"Organization","@id":"https:\/\/www.teltat.fi\/sv\/#organization","name":"www.teltat.fi","alternateName":"Nopsa popup-t\u00e4lt och tillbeh\u00f6r","url":"https:\/\/www.teltat.fi\/sv\/","logo":{"@type":"ImageObject","inLanguage":"sv-SE","@id":"https:\/\/www.teltat.fi\/sv\/#\/schema\/logo\/image\/","url":"https:\/\/www.teltat.fi\/wp-content\/uploads\/2025\/03\/Nopsa-logo-white-no-circle-RGB.svg","contentUrl":"https:\/\/www.teltat.fi\/wp-content\/uploads\/2025\/03\/Nopsa-logo-white-no-circle-RGB.svg","width":1080,"height":548,"caption":"www.teltat.fi"},"image":{"@id":"https:\/\/www.teltat.fi\/sv\/#\/schema\/logo\/image\/"},"sameAs":["https:\/\/www.facebook.com\/teltat.fi\/"],"email":"myynti@teltat.fi","telephone":"+358105260424","foundingDate":"1994-05-18","vatID":"FI09519220","numberOfEmployees":{"@type":"QuantitativeValue","minValue":"1","maxValue":"10"}}]}},"_links":{"self":[{"href":"https:\/\/www.teltat.fi\/sv\/wp-json\/wp\/v2\/product\/29741","targetHints":{"allow":["GET"]}}],"collection":[{"href":"https:\/\/www.teltat.fi\/sv\/wp-json\/wp\/v2\/product"}],"about":[{"href":"https:\/\/www.teltat.fi\/sv\/wp-json\/wp\/v2\/types\/product"}],"version-history":[{"count":3,"href":"https:\/\/www.teltat.fi\/sv\/wp-json\/wp\/v2\/product\/29741\/revisions"}],"predecessor-version":[{"id":29896,"href":"https:\/\/www.teltat.fi\/sv\/wp-json\/wp\/v2\/product\/29741\/revisions\/29896"}],"wp:featuredmedia":[{"embeddable":true,"href":"https:\/\/www.teltat.fi\/sv\/wp-json\/wp\/v2\/media\/8501"}],"wp:attachment":[{"href":"https:\/\/www.teltat.fi\/sv\/wp-json\/wp\/v2\/media?parent=29741"}],"wp:term":[{"taxonomy":"product_brand","embeddable":true,"href":"https:\/\/www.teltat.fi\/sv\/wp-json\/wp\/v2\/product_brand?post=29741"},{"taxonomy":"product_cat","embeddable":true,"href":"https:\/\/www.teltat.fi\/sv\/wp-json\/wp\/v2\/product_cat?post=29741"},{"taxonomy":"product_tag","embeddable":true,"href":"https:\/\/www.teltat.fi\/sv\/wp-json\/wp\/v2\/product_tag?post=29741"}],"curies":[{"name":"wp","href":"https:\/\/api.w.org\/{rel}","templated":true}]}}