{"id":8890,"date":"2023-02-08T13:19:18","date_gmt":"2023-02-08T13:19:18","guid":{"rendered":"https:\/\/www.teltat.fi\/tuote\/nopsa-3x3m-4x4m-markistalt\/"},"modified":"2025-12-01T02:15:08","modified_gmt":"2025-12-01T00:15:08","slug":"nopsa-3x3m-4x4m-markistalt","status":"publish","type":"product","link":"https:\/\/www.teltat.fi\/sv\/produkt\/nopsa-3x3m-4x4m-markistalt\/","title":{"rendered":"Nopsa 3x3m (4x4m) Markist\u00e4lt"},"content":{"rendered":"<h3>Nyhet! Nopsa snabbt\u00e4lt med fast markis<\/h3>\n<p>Nopsa Markist\u00e4lt <strong>ram storlek 3x3m<\/strong> och <strong>takets storlek 4x4m<\/strong> s\u00e5 till t\u00e4ltets alla sidor blir ca. 50cm fast markis.<\/p>\n<p>Nopsa-snabbt\u00e4lt kombineras av finsk planering och internationellt genomf\u00f6rande p\u00e5 det b\u00e4sta m\u00f6jliga s\u00e4tt. Nopsa-snabbt\u00e4lt \u00e4r planerat f\u00f6r finska v\u00e4derf\u00f6rh\u00e5llanden. Vi presenterar stolt en riktigt kvalitativ, men \u00e5nd\u00e5 billigt alternativ till alla f\u00f6rs\u00e4ljning-, presentation- eller paryt\u00e4lt till de som beh\u00f6ver.<\/p>\n<p>&nbsp;<\/p>\n<p><strong>F\u00e4rgurval.<\/strong> (Vid best\u00e4lning v\u00e4lj f\u00e4rg fr\u00e5n listan)<\/p>\n<p>&nbsp;<\/p>\n<table border=\"0\">\n<tbody>\n<tr>\n<td align=\"center\" width=\"70\"><a href=\"https:\/\/www.teltat.fi\/wp-content\/uploads\/2025\/04\/Valkoinen-150x150-1.png\"><img decoding=\"async\" class=\"alignnone size-thumbnail wp-image-802\" src=\"https:\/\/www.teltat.fi\/wp-content\/uploads\/2025\/04\/Valkoinen-150x150-1.png\" alt=\"Vit\" width=\"50\" height=\"50\"><\/a><\/p>\n<p>Vit<\/td>\n<td align=\"center\" width=\"70\"><a href=\"https:\/\/www.teltat.fi\/wp-content\/uploads\/2025\/04\/Harmaa-150x150-1.png\"><img decoding=\"async\" class=\"alignnone size-thumbnail wp-image-803\" src=\"https:\/\/www.teltat.fi\/wp-content\/uploads\/2025\/04\/Harmaa-150x150-1.png\" alt=\"Gr\u00e5\" width=\"50\" height=\"50\"><\/a><\/p>\n<p>Gr\u00e5<\/p>\n<p>(Pantone Cool 3C)<\/td>\n<td align=\"center\" width=\"70\"><a href=\"https:\/\/www.teltat.fi\/wp-content\/uploads\/2025\/04\/Sininen-150x150-1.png\"><img decoding=\"async\" class=\"alignnone size-thumbnail wp-image-806\" src=\"https:\/\/www.teltat.fi\/wp-content\/uploads\/2025\/04\/Sininen-150x150-1.png\" alt=\"Bl\u00e5\" width=\"50\" height=\"50\"><\/a><\/p>\n<p>Bl\u00e5<\/p>\n<p>(Pantone 653C)<\/td>\n<td align=\"center\" width=\"70\"><a href=\"https:\/\/www.teltat.fi\/wp-content\/uploads\/2025\/04\/Vihrea-150x150-1.png\"><img loading=\"lazy\" decoding=\"async\" class=\"alignnone size-thumbnail wp-image-807\" src=\"https:\/\/www.teltat.fi\/wp-content\/uploads\/2025\/04\/Vihrea-150x150-1.png\" alt=\"Gr\u00f6n\" width=\"50\" height=\"50\"><\/a><\/p>\n<p>Gr\u00f6n<\/p>\n<p>(Pantone 341C)<\/td>\n<\/tr>\n<tr>\n<td align=\"center\" width=\"70\"><a href=\"https:\/\/www.teltat.fi\/wp-content\/uploads\/2025\/04\/Musta-150x150-1.png\"><img loading=\"lazy\" decoding=\"async\" class=\"alignnone size-thumbnail wp-image-808\" src=\"https:\/\/www.teltat.fi\/wp-content\/uploads\/2025\/04\/Musta-150x150-1.png\" alt=\"Svart\" width=\"50\" height=\"50\"><\/a><\/p>\n<p>Svart<\/p>\n<p>(Pantone 6C)<\/td>\n<td align=\"center\" width=\"70\"><a href=\"https:\/\/www.teltat.fi\/wp-content\/uploads\/2025\/04\/Punainen-150x150-1.png\"><img loading=\"lazy\" decoding=\"async\" class=\"alignnone size-thumbnail wp-image-809\" src=\"https:\/\/www.teltat.fi\/wp-content\/uploads\/2025\/04\/Punainen-150x150-1.png\" alt=\"R\u00f6d\" width=\"50\" height=\"50\"><\/a><\/p>\n<p>R\u00f6d<\/p>\n<p>(Pantone 201C)<\/td>\n<td align=\"center\" width=\"70\"><a href=\"https:\/\/www.teltat.fi\/wp-content\/uploads\/2025\/04\/Oranssi-150x150-1.png\"><img loading=\"lazy\" decoding=\"async\" class=\"alignnone size-thumbnail wp-image-810\" src=\"https:\/\/www.teltat.fi\/wp-content\/uploads\/2025\/04\/Oranssi-150x150-1.png\" alt=\"Orange\" width=\"50\" height=\"50\"><\/a><\/p>\n<p>Orange<\/p>\n<p>(Pantone 151C)<\/td>\n<td align=\"center\" width=\"70\"><a href=\"https:\/\/www.teltat.fi\/wp-content\/uploads\/2025\/04\/Keltainen-150x150-1.png\"><img loading=\"lazy\" decoding=\"async\" class=\"alignnone size-thumbnail wp-image-811\" src=\"https:\/\/www.teltat.fi\/wp-content\/uploads\/2025\/04\/Keltainen-150x150-1.png\" alt=\"Gul\" width=\"50\" height=\"50\"><\/a><\/p>\n<p>Gul<\/p>\n<p>(Pantone 123C)<\/td>\n<\/tr>\n<\/tbody>\n<\/table>\n<h3>Paketets inneh\u00e5ll:<\/h3>\n<ul>\n<li>4x4m tak 500D-polyestertyg<\/li>\n<li>3x3m Aluminiumram<\/li>\n<li>V\u00e4ggarnas fasts\u00e4ttningstyg<\/li>\n<li>Transportv\u00e4skan med hjul \u00f6ppnas p\u00e5 hela l\u00e4ngden i mitten.<\/li>\n<li>T\u00e4ltpinnar och lina med karbinhake<\/li>\n<li>Instruktioner.<strong><a href=\"https:\/\/www.teltat.fi\/sv\/produkt\/nopsa-3m-sluten-vagg-1-st\/\">Paketet inneh\u00e5ller ej v\u00e4ggar.<\/a><\/strong><\/li>\n<\/ul>\n<p>&nbsp;<\/p>\n<p>Vi rekommenderar som extrautrustning<strong> <\/strong><a href=\"https:\/\/www.teltat.fi\/sv\/produkt\/nopsa-3m-sluten-vagg-1-st\/\">v\u00e4ggar<\/a> och minst <a href=\"https:\/\/www.teltat.fi\/product\/teraspaino\/\">4st metallvikter<\/a>.<\/p>\n<h4>T\u00e4ltets tekniska information:<\/h4>\n<ul>\n<li>Taktyget och ramen v\u00e4ger 40 kg<\/li>\n<li>T\u00e4ltets transoprtstolek \u00e4r 210 x 35 x 35 cm<\/li>\n<li>T\u00e4ltets maksimih\u00f6jd \u00e4r ca. 330 cm(g\u00e5ngh\u00f6jden kan st\u00e4llas in till fem olika h\u00f6jder) <\/li>\n<li>Aluminiets tjocklek \u00e4r 2 mm<\/li>\n<\/ul>\n<p><img loading=\"lazy\" decoding=\"async\" class=\"size-thumbnail wp-image-1944 alignnone\" src=\"https:\/\/www.teltat.fi\/wp-content\/uploads\/2018\/02\/Alumiiniputket.png\" alt=\"Aluminium ram\" width=\"150\" height=\"93\"><\/p>\n<div class=\"row\">\n<div class=\"column\"><img loading=\"lazy\" decoding=\"async\" class=\"size-medium wp-image-1932 alignnone\" src=\"https:\/\/www.teltat.fi\/wp-content\/uploads\/2023\/02\/Kuljetuslaukku.jpg\" alt=\"Transportv\u00e4ska\" width=\"271\" height=\"300\"><\/div>\n<div class=\"column\"><img loading=\"lazy\" decoding=\"async\" class=\"size-medium wp-image-1942 alignnone\" src=\"https:\/\/www.teltat.fi\/wp-content\/uploads\/2025\/04\/Maakiilasetti.jpg\" alt=\"T\u00e4ltpinnar\" width=\"225\" height=\"300\"><\/div>\n<\/div>\n<h4>Egenskaper:<\/h4>\n<ul>\n<li>Ramens ben \u00e4r av en <strong>sekskantig oerh\u00f6rt h\u00e5llbart 50 mm aluminiumprofil.<\/strong><\/li>\n<li>Beh\u00e4ndig patenterad &#8220;dragspelskonstruktion&#8221; \u00e4r l\u00e4tt att s\u00e4tta upp och plocka is\u00e4r, inga l\u00f6sa delar eller ytor som g\u00e5r s\u00f6nder.<\/li>\n<li><strong>Lederna som uts\u00e4tts f\u00f6r h\u00e5rd belastning \u00e4r gjort av aluminium och resten av nylon<\/strong><\/li>\n<li>Taket och v\u00e4ggarna \u00e4r l\u00e4ttsk\u00f6tta, vatten- och vindt\u00e4ta, UV-resistant h\u00e5llbart <strong>500D<\/strong>&#8211; polyestertyg.<\/li>\n<li>Tygen \u00e4r brands\u00e4kra (P2 klass enligt EU:s regler EN13501-1:21002).<\/li>\n<li>Taket sitter fast i aluminiumramen med robusta h\u00f6rnkardborrband och <strong>alla h\u00f6rn \u00e4r f\u00f6rst\u00e4rkta<\/strong> f\u00f6r att klara av det h\u00e5rdaste slitage.<\/li>\n<li>Taktygets automatiska sp\u00e4nningsmekanism h\u00e5ller taket sp\u00e4nnt.<\/li>\n<li>V\u00e4ggarna binds fast i taket med beh\u00e4ndiga kardborrband och h\u00f6rnen f\u00e5r man fast med dragkedja<\/li>\n<li>Ing\u00e5ngsh\u00f6jden \u00e4r 200cm <strong>(h\u00f6jden kan st\u00e4llas in till fem olika h\u00f6jder)<\/strong><\/li>\n<li>Till t\u00e4lten finns det resrvdelar och reparationservice.<\/li>\n<li><strong>Transportv\u00e4skan med hjul \u00f6ppnas p\u00e5 hela l\u00e4ngden i mitten.<\/strong><\/li>\n<li>T\u00e4ltet \u00e4r i transportl\u00e4ge ca 210 x 35 x 35 cm s\u00e5 den passar bra i en personbil.<\/li>\n<li>All material har 2 \u00e5rs garanti.<\/li>\n<\/ul>\n<div><img loading=\"lazy\" decoding=\"async\" class=\"size-medium wp-image-1943 alignnone\" src=\"https:\/\/www.teltat.fi\/wp-content\/uploads\/2023\/02\/rakenne1.jpg\" alt=\"Konstruktion\" width=\"300\" height=\"224\"><\/div>\n<p><em><strong>Till Nopsa t\u00e4ltet \u00e4r det m\u00f6jligt till taket, v\u00e4ggarna och markisen trycka logon eller text.<\/strong><\/em><\/p>\n","protected":false},"excerpt":{"rendered":"<p>Nyhet! Nopsa snabbt\u00e4lt med fast markis Nopsa Markist\u00e4lt ram storlek 3x3m och takets storlek 4x4m s\u00e5 till t\u00e4ltets alla sidor blir ca. 50cm fast markis. Nopsa-snabbt\u00e4lt kombineras av finsk planering och internationellt genomf\u00f6rande p\u00e5 det b\u00e4sta m\u00f6jliga s\u00e4tt. Nopsa-snabbt\u00e4lt \u00e4r planerat f\u00f6r finska v\u00e4derf\u00f6rh\u00e5llanden. Vi presenterar stolt en riktigt kvalitativ, men \u00e5nd\u00e5 billigt alternativ till alla f\u00f6rs\u00e4ljning-, presentation- eller paryt\u00e4lt till de som beh\u00f6ver. &nbsp; F\u00e4rgurval. (Vid best\u00e4lning v\u00e4lj f\u00e4rg fr\u00e5n listan) &nbsp; Vit Gr\u00e5 (Pantone Cool 3C) Bl\u00e5 (Pantone 653C) Gr\u00f6n (Pantone 341C) Svart (Pantone 6C) R\u00f6d (Pantone 201C) Orange (Pantone 151C) Gul (Pantone 123C) Paketets inneh\u00e5ll: 4x4m tak 500D-polyestertyg 3x3m Aluminiumram V\u00e4ggarnas fasts\u00e4ttningstyg Transportv\u00e4skan med hjul \u00f6ppnas p\u00e5 hela l\u00e4ngden i mitten. T\u00e4ltpinnar och lina med karbinhake Instruktioner.Paketet inneh\u00e5ller ej v\u00e4ggar. &nbsp; Vi rekommenderar som extrautrustning v\u00e4ggar och minst 4st metallvikter. T\u00e4ltets tekniska information: Taktyget och ramen v\u00e4ger 40 kg T\u00e4ltets transoprtstolek \u00e4r 210 x 35 x 35 cm T\u00e4ltets maksimih\u00f6jd \u00e4r ca. 330 cm(g\u00e5ngh\u00f6jden kan st\u00e4llas in till fem olika h\u00f6jder) Aluminiets tjocklek \u00e4r 2 mm Egenskaper: Ramens ben \u00e4r av en sekskantig oerh\u00f6rt h\u00e5llbart 50 mm aluminiumprofil. Beh\u00e4ndig patenterad &#8220;dragspelskonstruktion&#8221; \u00e4r l\u00e4tt att s\u00e4tta upp och plocka is\u00e4r, inga l\u00f6sa delar eller ytor som g\u00e5r s\u00f6nder. Lederna som uts\u00e4tts f\u00f6r h\u00e5rd belastning \u00e4r gjort av aluminium och resten av nylon Taket och v\u00e4ggarna \u00e4r l\u00e4ttsk\u00f6tta, vatten- och vindt\u00e4ta, UV-resistant h\u00e5llbart 500D&#8211; polyestertyg. Tygen \u00e4r brands\u00e4kra (P2 klass enligt EU:s regler EN13501-1:21002). Taket sitter fast i aluminiumramen med robusta h\u00f6rnkardborrband och alla h\u00f6rn \u00e4r f\u00f6rst\u00e4rkta f\u00f6r att klara av det h\u00e5rdaste slitage. Taktygets automatiska sp\u00e4nningsmekanism h\u00e5ller taket sp\u00e4nnt. V\u00e4ggarna binds fast i taket med beh\u00e4ndiga kardborrband och h\u00f6rnen f\u00e5r man fast med dragkedja Ing\u00e5ngsh\u00f6jden \u00e4r 200cm (h\u00f6jden kan st\u00e4llas in till fem olika h\u00f6jder) Till t\u00e4lten finns det resrvdelar och reparationservice. Transportv\u00e4skan med hjul \u00f6ppnas p\u00e5 hela l\u00e4ngden i mitten. T\u00e4ltet \u00e4r i transportl\u00e4ge ca 210 x 35 x 35 cm s\u00e5 den passar bra i en personbil. All material har 2 \u00e5rs garanti. Till Nopsa t\u00e4ltet \u00e4r det m\u00f6jligt till taket, v\u00e4ggarna och markisen trycka logon eller text.<\/p>\n","protected":false},"featured_media":8317,"template":"","meta":{"_acf_changed":false,"_eb_attr":"","site-sidebar-layout":"default","site-content-layout":"","ast-site-content-layout":"default","site-content-style":"default","site-sidebar-style":"default","ast-global-header-display":"","ast-banner-title-visibility":"","ast-main-header-display":"","ast-hfb-above-header-display":"","ast-hfb-below-header-display":"","ast-hfb-mobile-header-display":"","site-post-title":"","ast-breadcrumbs-content":"","ast-featured-img":"","footer-sml-layout":"","ast-disable-related-posts":"","theme-transparent-header-meta":"default","adv-header-id-meta":"","stick-header-meta":"","header-above-stick-meta":"","header-main-stick-meta":"","header-below-stick-meta":"","astra-migrate-meta-layouts":"default","ast-page-background-enabled":"default","ast-page-background-meta":{"desktop":{"background-color":"var(--ast-global-color-5)","background-image":"","background-repeat":"repeat","background-position":"center center","background-size":"auto","background-attachment":"scroll","background-type":"","background-media":"","overlay-type":"","overlay-color":"","overlay-opacity":"","overlay-gradient":""},"tablet":{"background-color":"","background-image":"","background-repeat":"repeat","background-position":"center center","background-size":"auto","background-attachment":"scroll","background-type":"","background-media":"","overlay-type":"","overlay-color":"","overlay-opacity":"","overlay-gradient":""},"mobile":{"background-color":"","background-image":"","background-repeat":"repeat","background-position":"center center","background-size":"auto","background-attachment":"scroll","background-type":"","background-media":"","overlay-type":"","overlay-color":"","overlay-opacity":"","overlay-gradient":""}},"ast-content-background-meta":{"desktop":{"background-color":"var(--ast-global-color-4)","background-image":"","background-repeat":"repeat","background-position":"center center","background-size":"auto","background-attachment":"scroll","background-type":"","background-media":"","overlay-type":"","overlay-color":"","overlay-opacity":"","overlay-gradient":""},"tablet":{"background-color":"var(--ast-global-color-4)","background-image":"","background-repeat":"repeat","background-position":"center center","background-size":"auto","background-attachment":"scroll","background-type":"","background-media":"","overlay-type":"","overlay-color":"","overlay-opacity":"","overlay-gradient":""},"mobile":{"background-color":"var(--ast-global-color-4)","background-image":"","background-repeat":"repeat","background-position":"center center","background-size":"auto","background-attachment":"scroll","background-type":"","background-media":"","overlay-type":"","overlay-color":"","overlay-opacity":"","overlay-gradient":""}},"_wp_convertkit_post_meta":{"form":"-1","landing_page":"0","tag":"0","restrict_content":"0"}},"product_brand":[],"product_cat":[228],"product_tag":[],"class_list":{"0":"post-8890","1":"product","2":"type-product","3":"status-publish","4":"has-post-thumbnail","6":"product_cat-snabbtalt-med-markis","7":"desktop-align-left","8":"tablet-align-left","9":"mobile-align-left","11":"first","12":"instock","13":"taxable","14":"shipping-taxable","15":"purchasable","16":"product-type-variable"},"acf":[],"yoast_head":"<!-- This site is optimized with the Yoast SEO Premium plugin v24.5 (Yoast SEO v27.4) - https:\/\/yoast.com\/product\/yoast-seo-premium-wordpress\/ -->\n<title>Nopsa 3x3m (4x4m) Markist\u00e4lt<\/title>\n<meta name=\"description\" content=\"Nopsa Markist\u00e4lt har en ramstorlek p\u00e5 3x3m och en takstorlek p\u00e5 4x4m, vilket inneb\u00e4r att det finns cirka 50 cm fast l\u00e4pp p\u00e5 alla sidor av t\u00e4ltet.\" \/>\n<meta name=\"robots\" content=\"index, follow, max-snippet:-1, max-image-preview:large, max-video-preview:-1\" \/>\n<link rel=\"canonical\" href=\"https:\/\/www.teltat.fi\/sv\/produkt\/nopsa-3x3m-4x4m-markistalt\/\" \/>\n<meta property=\"og:locale\" content=\"sv_SE\" \/>\n<meta property=\"og:type\" content=\"article\" \/>\n<meta property=\"og:title\" content=\"Nopsa 3x3m (4x4m) Markist\u00e4lt\" \/>\n<meta property=\"og:description\" content=\"Nopsa Markist\u00e4lt har en ramstorlek p\u00e5 3x3m och en takstorlek p\u00e5 4x4m, vilket inneb\u00e4r att det finns cirka 50 cm fast l\u00e4pp p\u00e5 alla sidor av t\u00e4ltet.\" \/>\n<meta property=\"og:url\" content=\"https:\/\/www.teltat.fi\/sv\/produkt\/nopsa-3x3m-4x4m-markistalt\/\" \/>\n<meta property=\"og:site_name\" content=\"Nopsa\" \/>\n<meta property=\"article:publisher\" content=\"https:\/\/www.facebook.com\/teltat.fi\/\" \/>\n<meta property=\"article:modified_time\" content=\"2025-12-01T00:15:08+00:00\" \/>\n<meta property=\"og:image\" content=\"https:\/\/www.teltat.fi\/wp-content\/uploads\/2023\/02\/Lippateltta1.jpg\" \/>\n\t<meta property=\"og:image:width\" content=\"1000\" \/>\n\t<meta property=\"og:image:height\" content=\"1000\" \/>\n\t<meta property=\"og:image:type\" content=\"image\/jpeg\" \/>\n<meta name=\"twitter:card\" content=\"summary_large_image\" \/>\n<meta name=\"twitter:label1\" content=\"Ber\u00e4knad l\u00e4stid\" \/>\n\t<meta name=\"twitter:data1\" content=\"2 minuter\" \/>\n<script type=\"application\/ld+json\" class=\"yoast-schema-graph\">{\"@context\":\"https:\\\/\\\/schema.org\",\"@graph\":[{\"@type\":[\"WebPage\",\"ItemPage\"],\"@id\":\"https:\\\/\\\/www.teltat.fi\\\/sv\\\/produkt\\\/nopsa-3x3m-4x4m-markistalt\\\/\",\"url\":\"https:\\\/\\\/www.teltat.fi\\\/sv\\\/produkt\\\/nopsa-3x3m-4x4m-markistalt\\\/\",\"name\":\"Nopsa 3x3m (4x4m) Markist\u00e4lt\",\"isPartOf\":{\"@id\":\"https:\\\/\\\/www.teltat.fi\\\/sv\\\/#website\"},\"primaryImageOfPage\":{\"@id\":\"https:\\\/\\\/www.teltat.fi\\\/sv\\\/produkt\\\/nopsa-3x3m-4x4m-markistalt\\\/#primaryimage\"},\"image\":{\"@id\":\"https:\\\/\\\/www.teltat.fi\\\/sv\\\/produkt\\\/nopsa-3x3m-4x4m-markistalt\\\/#primaryimage\"},\"thumbnailUrl\":\"https:\\\/\\\/www.teltat.fi\\\/wp-content\\\/uploads\\\/2023\\\/02\\\/Lippateltta1.jpg\",\"datePublished\":\"2023-02-08T13:19:18+00:00\",\"dateModified\":\"2025-12-01T00:15:08+00:00\",\"description\":\"Nopsa Markist\u00e4lt har en ramstorlek p\u00e5 3x3m och en takstorlek p\u00e5 4x4m, vilket inneb\u00e4r att det finns cirka 50 cm fast l\u00e4pp p\u00e5 alla sidor av t\u00e4ltet.\",\"breadcrumb\":{\"@id\":\"https:\\\/\\\/www.teltat.fi\\\/sv\\\/produkt\\\/nopsa-3x3m-4x4m-markistalt\\\/#breadcrumb\"},\"inLanguage\":\"sv-SE\",\"potentialAction\":[{\"@type\":\"ReadAction\",\"target\":[\"https:\\\/\\\/www.teltat.fi\\\/sv\\\/produkt\\\/nopsa-3x3m-4x4m-markistalt\\\/\"]}]},{\"@type\":\"ImageObject\",\"inLanguage\":\"sv-SE\",\"@id\":\"https:\\\/\\\/www.teltat.fi\\\/sv\\\/produkt\\\/nopsa-3x3m-4x4m-markistalt\\\/#primaryimage\",\"url\":\"https:\\\/\\\/www.teltat.fi\\\/wp-content\\\/uploads\\\/2023\\\/02\\\/Lippateltta1.jpg\",\"contentUrl\":\"https:\\\/\\\/www.teltat.fi\\\/wp-content\\\/uploads\\\/2023\\\/02\\\/Lippateltta1.jpg\",\"width\":1000,\"height\":1000,\"caption\":\"Markist\u00e4lt bild 1\"},{\"@type\":\"BreadcrumbList\",\"@id\":\"https:\\\/\\\/www.teltat.fi\\\/sv\\\/produkt\\\/nopsa-3x3m-4x4m-markistalt\\\/#breadcrumb\",\"itemListElement\":[{\"@type\":\"ListItem\",\"position\":1,\"name\":\"Startsida\",\"item\":\"https:\\\/\\\/www.teltat.fi\\\/sv\\\/hemsida\\\/\"},{\"@type\":\"ListItem\",\"position\":2,\"name\":\"Butik\",\"item\":\"https:\\\/\\\/www.teltat.fi\\\/sv\\\/butik\\\/\"},{\"@type\":\"ListItem\",\"position\":3,\"name\":\"POP-UP \\\/ SNABBT\u00c4LT\",\"item\":\"https:\\\/\\\/www.teltat.fi\\\/sv\\\/produktkategori\\\/pop-up-talt\\\/\"},{\"@type\":\"ListItem\",\"position\":4,\"name\":\"Snabbt\u00e4lt med markis\",\"item\":\"https:\\\/\\\/www.teltat.fi\\\/sv\\\/produktkategori\\\/pop-up-talt\\\/snabbtalt-med-markis\\\/\"},{\"@type\":\"ListItem\",\"position\":5,\"name\":\"Nopsa 3x3m (4x4m) Markist\u00e4lt\"}]},{\"@type\":\"WebSite\",\"@id\":\"https:\\\/\\\/www.teltat.fi\\\/sv\\\/#website\",\"url\":\"https:\\\/\\\/www.teltat.fi\\\/sv\\\/\",\"name\":\"Nopsa\",\"description\":\"Pop-up teltat ja tarvikkeet kaikkiin tapahtumiin\",\"publisher\":{\"@id\":\"https:\\\/\\\/www.teltat.fi\\\/sv\\\/#organization\"},\"alternateName\":\"Nopsa popup teltat\",\"potentialAction\":[{\"@type\":\"SearchAction\",\"target\":{\"@type\":\"EntryPoint\",\"urlTemplate\":\"https:\\\/\\\/www.teltat.fi\\\/sv\\\/?s={search_term_string}\"},\"query-input\":{\"@type\":\"PropertyValueSpecification\",\"valueRequired\":true,\"valueName\":\"search_term_string\"}}],\"inLanguage\":\"sv-SE\"},{\"@type\":\"Organization\",\"@id\":\"https:\\\/\\\/www.teltat.fi\\\/sv\\\/#organization\",\"name\":\"www.teltat.fi\",\"alternateName\":\"Nopsa popup-t\u00e4lt och tillbeh\u00f6r\",\"url\":\"https:\\\/\\\/www.teltat.fi\\\/sv\\\/\",\"logo\":{\"@type\":\"ImageObject\",\"inLanguage\":\"sv-SE\",\"@id\":\"https:\\\/\\\/www.teltat.fi\\\/sv\\\/#\\\/schema\\\/logo\\\/image\\\/\",\"url\":\"https:\\\/\\\/www.teltat.fi\\\/wp-content\\\/uploads\\\/2025\\\/03\\\/Nopsa-logo-white-no-circle-RGB.svg\",\"contentUrl\":\"https:\\\/\\\/www.teltat.fi\\\/wp-content\\\/uploads\\\/2025\\\/03\\\/Nopsa-logo-white-no-circle-RGB.svg\",\"width\":1080,\"height\":548,\"caption\":\"www.teltat.fi\"},\"image\":{\"@id\":\"https:\\\/\\\/www.teltat.fi\\\/sv\\\/#\\\/schema\\\/logo\\\/image\\\/\"},\"sameAs\":[\"https:\\\/\\\/www.facebook.com\\\/teltat.fi\\\/\"],\"email\":\"myynti@teltat.fi\",\"telephone\":\"+358105260424\",\"foundingDate\":\"1994-05-18\",\"vatID\":\"FI09519220\",\"numberOfEmployees\":{\"@type\":\"QuantitativeValue\",\"minValue\":\"1\",\"maxValue\":\"10\"}}]}<\/script>\n<!-- \/ Yoast SEO Premium plugin. -->","yoast_head_json":{"title":"Nopsa 3x3m (4x4m) Markist\u00e4lt","description":"Nopsa Markist\u00e4lt har en ramstorlek p\u00e5 3x3m och en takstorlek p\u00e5 4x4m, vilket inneb\u00e4r att det finns cirka 50 cm fast l\u00e4pp p\u00e5 alla sidor av t\u00e4ltet.","robots":{"index":"index","follow":"follow","max-snippet":"max-snippet:-1","max-image-preview":"max-image-preview:large","max-video-preview":"max-video-preview:-1"},"canonical":"https:\/\/www.teltat.fi\/sv\/produkt\/nopsa-3x3m-4x4m-markistalt\/","og_locale":"sv_SE","og_type":"article","og_title":"Nopsa 3x3m (4x4m) Markist\u00e4lt","og_description":"Nopsa Markist\u00e4lt har en ramstorlek p\u00e5 3x3m och en takstorlek p\u00e5 4x4m, vilket inneb\u00e4r att det finns cirka 50 cm fast l\u00e4pp p\u00e5 alla sidor av t\u00e4ltet.","og_url":"https:\/\/www.teltat.fi\/sv\/produkt\/nopsa-3x3m-4x4m-markistalt\/","og_site_name":"Nopsa","article_publisher":"https:\/\/www.facebook.com\/teltat.fi\/","article_modified_time":"2025-12-01T00:15:08+00:00","og_image":[{"width":1000,"height":1000,"url":"https:\/\/www.teltat.fi\/wp-content\/uploads\/2023\/02\/Lippateltta1.jpg","type":"image\/jpeg"}],"twitter_card":"summary_large_image","twitter_misc":{"Ber\u00e4knad l\u00e4stid":"2 minuter"},"schema":{"@context":"https:\/\/schema.org","@graph":[{"@type":["WebPage","ItemPage"],"@id":"https:\/\/www.teltat.fi\/sv\/produkt\/nopsa-3x3m-4x4m-markistalt\/","url":"https:\/\/www.teltat.fi\/sv\/produkt\/nopsa-3x3m-4x4m-markistalt\/","name":"Nopsa 3x3m (4x4m) Markist\u00e4lt","isPartOf":{"@id":"https:\/\/www.teltat.fi\/sv\/#website"},"primaryImageOfPage":{"@id":"https:\/\/www.teltat.fi\/sv\/produkt\/nopsa-3x3m-4x4m-markistalt\/#primaryimage"},"image":{"@id":"https:\/\/www.teltat.fi\/sv\/produkt\/nopsa-3x3m-4x4m-markistalt\/#primaryimage"},"thumbnailUrl":"https:\/\/www.teltat.fi\/wp-content\/uploads\/2023\/02\/Lippateltta1.jpg","datePublished":"2023-02-08T13:19:18+00:00","dateModified":"2025-12-01T00:15:08+00:00","description":"Nopsa Markist\u00e4lt har en ramstorlek p\u00e5 3x3m och en takstorlek p\u00e5 4x4m, vilket inneb\u00e4r att det finns cirka 50 cm fast l\u00e4pp p\u00e5 alla sidor av t\u00e4ltet.","breadcrumb":{"@id":"https:\/\/www.teltat.fi\/sv\/produkt\/nopsa-3x3m-4x4m-markistalt\/#breadcrumb"},"inLanguage":"sv-SE","potentialAction":[{"@type":"ReadAction","target":["https:\/\/www.teltat.fi\/sv\/produkt\/nopsa-3x3m-4x4m-markistalt\/"]}]},{"@type":"ImageObject","inLanguage":"sv-SE","@id":"https:\/\/www.teltat.fi\/sv\/produkt\/nopsa-3x3m-4x4m-markistalt\/#primaryimage","url":"https:\/\/www.teltat.fi\/wp-content\/uploads\/2023\/02\/Lippateltta1.jpg","contentUrl":"https:\/\/www.teltat.fi\/wp-content\/uploads\/2023\/02\/Lippateltta1.jpg","width":1000,"height":1000,"caption":"Markist\u00e4lt bild 1"},{"@type":"BreadcrumbList","@id":"https:\/\/www.teltat.fi\/sv\/produkt\/nopsa-3x3m-4x4m-markistalt\/#breadcrumb","itemListElement":[{"@type":"ListItem","position":1,"name":"Startsida","item":"https:\/\/www.teltat.fi\/sv\/hemsida\/"},{"@type":"ListItem","position":2,"name":"Butik","item":"https:\/\/www.teltat.fi\/sv\/butik\/"},{"@type":"ListItem","position":3,"name":"POP-UP \/ SNABBT\u00c4LT","item":"https:\/\/www.teltat.fi\/sv\/produktkategori\/pop-up-talt\/"},{"@type":"ListItem","position":4,"name":"Snabbt\u00e4lt med markis","item":"https:\/\/www.teltat.fi\/sv\/produktkategori\/pop-up-talt\/snabbtalt-med-markis\/"},{"@type":"ListItem","position":5,"name":"Nopsa 3x3m (4x4m) Markist\u00e4lt"}]},{"@type":"WebSite","@id":"https:\/\/www.teltat.fi\/sv\/#website","url":"https:\/\/www.teltat.fi\/sv\/","name":"Nopsa","description":"Pop-up teltat ja tarvikkeet kaikkiin tapahtumiin","publisher":{"@id":"https:\/\/www.teltat.fi\/sv\/#organization"},"alternateName":"Nopsa popup teltat","potentialAction":[{"@type":"SearchAction","target":{"@type":"EntryPoint","urlTemplate":"https:\/\/www.teltat.fi\/sv\/?s={search_term_string}"},"query-input":{"@type":"PropertyValueSpecification","valueRequired":true,"valueName":"search_term_string"}}],"inLanguage":"sv-SE"},{"@type":"Organization","@id":"https:\/\/www.teltat.fi\/sv\/#organization","name":"www.teltat.fi","alternateName":"Nopsa popup-t\u00e4lt och tillbeh\u00f6r","url":"https:\/\/www.teltat.fi\/sv\/","logo":{"@type":"ImageObject","inLanguage":"sv-SE","@id":"https:\/\/www.teltat.fi\/sv\/#\/schema\/logo\/image\/","url":"https:\/\/www.teltat.fi\/wp-content\/uploads\/2025\/03\/Nopsa-logo-white-no-circle-RGB.svg","contentUrl":"https:\/\/www.teltat.fi\/wp-content\/uploads\/2025\/03\/Nopsa-logo-white-no-circle-RGB.svg","width":1080,"height":548,"caption":"www.teltat.fi"},"image":{"@id":"https:\/\/www.teltat.fi\/sv\/#\/schema\/logo\/image\/"},"sameAs":["https:\/\/www.facebook.com\/teltat.fi\/"],"email":"myynti@teltat.fi","telephone":"+358105260424","foundingDate":"1994-05-18","vatID":"FI09519220","numberOfEmployees":{"@type":"QuantitativeValue","minValue":"1","maxValue":"10"}}]}},"_links":{"self":[{"href":"https:\/\/www.teltat.fi\/sv\/wp-json\/wp\/v2\/product\/8890","targetHints":{"allow":["GET"]}}],"collection":[{"href":"https:\/\/www.teltat.fi\/sv\/wp-json\/wp\/v2\/product"}],"about":[{"href":"https:\/\/www.teltat.fi\/sv\/wp-json\/wp\/v2\/types\/product"}],"version-history":[{"count":2,"href":"https:\/\/www.teltat.fi\/sv\/wp-json\/wp\/v2\/product\/8890\/revisions"}],"predecessor-version":[{"id":29229,"href":"https:\/\/www.teltat.fi\/sv\/wp-json\/wp\/v2\/product\/8890\/revisions\/29229"}],"wp:featuredmedia":[{"embeddable":true,"href":"https:\/\/www.teltat.fi\/sv\/wp-json\/wp\/v2\/media\/8317"}],"wp:attachment":[{"href":"https:\/\/www.teltat.fi\/sv\/wp-json\/wp\/v2\/media?parent=8890"}],"wp:term":[{"taxonomy":"product_brand","embeddable":true,"href":"https:\/\/www.teltat.fi\/sv\/wp-json\/wp\/v2\/product_brand?post=8890"},{"taxonomy":"product_cat","embeddable":true,"href":"https:\/\/www.teltat.fi\/sv\/wp-json\/wp\/v2\/product_cat?post=8890"},{"taxonomy":"product_tag","embeddable":true,"href":"https:\/\/www.teltat.fi\/sv\/wp-json\/wp\/v2\/product_tag?post=8890"}],"curies":[{"name":"wp","href":"https:\/\/api.w.org\/{rel}","templated":true}]}}