{"id":8911,"date":"2023-02-08T13:19:04","date_gmt":"2023-02-08T13:19:04","guid":{"rendered":"https:\/\/www.teltat.fi\/tuote\/nopsa-snabbtalt-3x3m-mini\/"},"modified":"2025-12-01T02:15:11","modified_gmt":"2025-12-01T00:15:11","slug":"nopsa-snabbtalt-3x3m-mini","status":"publish","type":"product","link":"https:\/\/www.teltat.fi\/sv\/produkt\/nopsa-snabbtalt-3x3m-mini\/","title":{"rendered":"Nopsa snabbt\u00e4lt 3x3m Mini"},"content":{"rendered":"<p><strong>Nopsa snabbt\u00e4lt Mini g\u00e5r i en otroligt liten transportstorlek 110 x 40 x 40cm!<\/strong> T\u00e4ltramen \u00e4r gjord av specialaluminium som ger den en l\u00e5ng livsl\u00e4ngd. Nopsa Mini-t\u00e4ltet har samma h\u00f6gkvalitativa tyger som Pro-modellen. Nu presenterar vi stolt ett t\u00e4lt som har liten transportstorlek och av bra kvalitet, men \u00e4nd\u00e5 till ett bra pris som alternativ till alla f\u00f6rs\u00e4ljnings-, utst\u00e4llnings och festt\u00e4lt.<\/p>\n<h3>Paketets inneh\u00e5ll:<\/h3>\n<ul>\n<li>3x3m tak tillverkat av 500D polyesterv\u00e4v <strong>(samma som Pro-modellen)<\/strong><\/li>\n<li>3x3m Aluminiumram<\/li>\n<li>Transportv\u00e4skan med hjul \u00f6ppnas p\u00e5 hela l\u00e4ngden i mitten.<\/li>\n<li>T\u00e4ltpinnar och lina med karbinhake<\/li>\n<li>Instruktioner.<\/li>\n<\/ul>\n<p><strong><a href=\"https:\/\/www.teltat.fi\/sv\/produkt\/nopsa-3x3m-vaggpaket\/\">Paketet inneh\u00e5ller ej v\u00e4ggar. <\/a><\/strong><\/p>\n<p><strong>Vi rekommenderar<\/strong> som extrautrustning<strong> <\/strong><a href=\"https:\/\/www.teltat.fi\/sv\/produkt\/nopsa-3x3m-vaggpaket\/\">v\u00e4ggar<\/a> och minst <a href=\"https:\/\/www.teltat.fi\/product\/teraspaino\/\">4st metallvikter<\/a>.<\/p>\n<h4>T\u00e4ltets tekniska information:<\/h4>\n<ul>\n<li>Taktyget och ramen v\u00e4ger 25 kg<\/li>\n<li>T\u00e4ltets transportstorlek 110 x 40 x 40 cm<\/li>\n<li>T\u00e4ltets maksimih\u00f6jd \u00e4r ca. 329 cm(g\u00e5ngh\u00f6jden kan st\u00e4llas in till fem olika h\u00f6jder) <\/li>\n<li>Aluminiets tjocklek \u00e4r 1 mm<\/li>\n<\/ul>\n<h4>Egenskaper:<\/h4>\n<ul>\n<li>Ramens ben \u00e4r av en <strong>sekskantig oerh\u00f6rt h\u00e5llbart 40 mm aluminiumprofi<\/strong>l.<\/li>\n<li>Beh\u00e4ndig patenterad &#8220;dragspelskonstruktion&#8221; \u00e4r l\u00e4tt att s\u00e4tta upp och plocka is\u00e4r, inga l\u00f6sa delar eller ytor som g\u00e5r s\u00f6nder.<\/li>\n<li><strong>Lederna som uts\u00e4tts f\u00f6r h\u00e5rd belastning \u00e4r gjort av aluminium och resten av nylon<\/strong><\/li>\n<li>Taket och v\u00e4ggarna \u00e4r l\u00e4ttsk\u00f6tta, vatten- och vindt\u00e4ta, UV-resistant h\u00e5llbart <strong>500D<\/strong>&#8211; polyestertyg.<\/li>\n<li>Tygen \u00e4r brands\u00e4kra (P2 klass enligt EU:s regler EN13501-1:21002).<\/li>\n<li>Taket sitter fast i aluminiumramen med robusta h\u00f6rnkardborrband och <strong>alla h\u00f6rn \u00e4r f\u00f6rst\u00e4rkta<\/strong> f\u00f6r att klara av det h\u00e5rdaste slitage.<\/li>\n<li>Taktygets automatiska sp\u00e4nningsmekanism h\u00e5ller taket sp\u00e4nnt.<\/li>\n<li>V\u00e4ggarna binds fast i taket med beh\u00e4ndiga kardborrband och h\u00f6rnen f\u00e5r man fast med dragkedja<\/li>\n<li>Ing\u00e5ngsh\u00f6jden \u00e4r 200cm <strong>(h\u00f6jden kan st\u00e4llas in till fem olika h\u00f6jder)<\/strong><\/li>\n<li>Till t\u00e4lten finns det resrvdelar och reparationservice.<\/li>\n<li><strong>Transportv\u00e4skan med hjul \u00f6ppnas p\u00e5 hela l\u00e4ngden i mitten.<\/strong><\/li>\n<li>T\u00e4ltets transportstorlek \u00e4r 110 x 40 x 40 cm s\u00e5 den passar bra in personbilen.<\/li>\n<li>All material har 1 \u00e5rs garanti.<\/li>\n<\/ul>\n<p>&nbsp;<\/p>\n<p><em><strong>Till Nopsa t\u00e4lten \u00e4r det m\u00f6jligt att f\u00e5 tryckning till taket, v\u00e4ggarna samt solskydd i din egen logo eller text. <a href=\"https:\/\/www.teltat.fi\/sv\/tryckt-talt\/\">Se mera<\/a>.<\/strong><\/em><\/p>\n","protected":false},"excerpt":{"rendered":"<p><a href=\"https:\/\/www.teltat.fi\/wp-content\/uploads\/2023\/02\/height329.png\" target=\"_blank\" rel=\"noopener\"><img decoding=\"async\" class=\"alignnone size-thumbnail\" src=\"https:\/\/www.teltat.fi\/wp-content\/uploads\/2023\/02\/height329.png\" alt=\"T\u00e4ltets h\u00f6jd 329 cm och g\u00e5ngbanans h\u00f6jd 200 cm\" width=\"100\" height=\"100\"><\/a><br \/>\n<a href=\"https:\/\/www.teltat.fi\/wp-content\/uploads\/2023\/02\/fabric.png\" target=\"_blank\" rel=\"noopener\"><img decoding=\"async\" class=\"alignnone size-thumbnail\" src=\"https:\/\/www.teltat.fi\/wp-content\/uploads\/2023\/02\/fabric.png\" alt=\"ultrastarka tyger 318g\/m2\" width=\"100\" height=\"100\"><\/a><br \/>\n<a href=\"https:\/\/www.teltat.fi\/wp-content\/uploads\/2023\/02\/frame40-mini.png\" target=\"_blank\" rel=\"noopener\"><img decoding=\"async\" class=\"alignnone size-thumbnail\" src=\"https:\/\/www.teltat.fi\/wp-content\/uploads\/2023\/02\/frame40-mini.png\" alt=\"40mm alumiiniprofiili\" width=\"100\" height=\"100\"><\/a><br \/>\n<a href=\"https:\/\/www.teltat.fi\/wp-content\/uploads\/2023\/02\/size110-40-40.png\" target=\"_blank\" rel=\"noopener\"><img loading=\"lazy\" decoding=\"async\" class=\"alignnone size-thumbnail\" src=\"https:\/\/www.teltat.fi\/wp-content\/uploads\/2023\/02\/size110-40-40.png\" alt=\"Minsta transportstorlek 40x40x110cm\" width=\"100\" height=\"100\"><\/a><br \/>\n<a href=\"https:\/\/www.teltat.fi\/wp-content\/uploads\/2023\/02\/weight25.png\" target=\"_blank\" rel=\"noopener\"><img loading=\"lazy\" decoding=\"async\" class=\"alignnone size-thumbnail\" src=\"https:\/\/www.teltat.fi\/wp-content\/uploads\/2023\/02\/weight25.png\" alt=\"Totalvikt 25kg\" width=\"100\" height=\"100\"><\/a><br \/>\n<a href=\"https:\/\/www.teltat.fi\/wp-content\/uploads\/2023\/02\/fire.png\" target=\"_blank\" rel=\"noopener\"><img loading=\"lazy\" decoding=\"async\" class=\"alignnone size-thumbnail\" src=\"https:\/\/www.teltat.fi\/wp-content\/uploads\/2023\/02\/fire.png\" alt=\"Klassificerad f\u00f6r brands\u00e4kerhet\" width=\"100\" height=\"100\"><\/a><br \/>\n<a href=\"https:\/\/www.teltat.fi\/wp-content\/uploads\/2023\/02\/weather.png\" target=\"_blank\" rel=\"noopener\"><img loading=\"lazy\" decoding=\"async\" class=\"alignnone size-thumbnail\" src=\"https:\/\/www.teltat.fi\/wp-content\/uploads\/2023\/02\/weather.png\" alt=\"UV-skyddat material f\u00f6r alla f\u00f6rh\u00e5llanden\" width=\"100\" height=\"100\"><\/a><br \/>\n<a href=\"https:\/\/www.teltat.fi\/wp-content\/uploads\/2023\/02\/warranty1year.png\" target=\"_blank\" rel=\"noopener\"><img loading=\"lazy\" decoding=\"async\" class=\"alignnone size-thumbnail\" src=\"https:\/\/www.teltat.fi\/wp-content\/uploads\/2023\/02\/warranty1year.png\" alt=\"1 \u00e5rs materialgaranti\" width=\"100\" height=\"100\"><\/a><\/p>\n<p><span>Paketet inneh\u00e5ller inte v\u00e4ggar, samt t\u00e4ltvikter.<\/span><\/p>\n","protected":false},"featured_media":8498,"template":"","meta":{"_acf_changed":false,"_eb_attr":"","site-sidebar-layout":"default","site-content-layout":"","ast-site-content-layout":"default","site-content-style":"default","site-sidebar-style":"default","ast-global-header-display":"","ast-banner-title-visibility":"","ast-main-header-display":"","ast-hfb-above-header-display":"","ast-hfb-below-header-display":"","ast-hfb-mobile-header-display":"","site-post-title":"","ast-breadcrumbs-content":"","ast-featured-img":"","footer-sml-layout":"","ast-disable-related-posts":"","theme-transparent-header-meta":"default","adv-header-id-meta":"","stick-header-meta":"","header-above-stick-meta":"","header-main-stick-meta":"","header-below-stick-meta":"","astra-migrate-meta-layouts":"default","ast-page-background-enabled":"default","ast-page-background-meta":{"desktop":{"background-color":"var(--ast-global-color-5)","background-image":"","background-repeat":"repeat","background-position":"center center","background-size":"auto","background-attachment":"scroll","background-type":"","background-media":"","overlay-type":"","overlay-color":"","overlay-opacity":"","overlay-gradient":""},"tablet":{"background-color":"","background-image":"","background-repeat":"repeat","background-position":"center center","background-size":"auto","background-attachment":"scroll","background-type":"","background-media":"","overlay-type":"","overlay-color":"","overlay-opacity":"","overlay-gradient":""},"mobile":{"background-color":"","background-image":"","background-repeat":"repeat","background-position":"center center","background-size":"auto","background-attachment":"scroll","background-type":"","background-media":"","overlay-type":"","overlay-color":"","overlay-opacity":"","overlay-gradient":""}},"ast-content-background-meta":{"desktop":{"background-color":"var(--ast-global-color-4)","background-image":"","background-repeat":"repeat","background-position":"center center","background-size":"auto","background-attachment":"scroll","background-type":"","background-media":"","overlay-type":"","overlay-color":"","overlay-opacity":"","overlay-gradient":""},"tablet":{"background-color":"var(--ast-global-color-4)","background-image":"","background-repeat":"repeat","background-position":"center center","background-size":"auto","background-attachment":"scroll","background-type":"","background-media":"","overlay-type":"","overlay-color":"","overlay-opacity":"","overlay-gradient":""},"mobile":{"background-color":"var(--ast-global-color-4)","background-image":"","background-repeat":"repeat","background-position":"center center","background-size":"auto","background-attachment":"scroll","background-type":"","background-media":"","overlay-type":"","overlay-color":"","overlay-opacity":"","overlay-gradient":""}},"_wp_convertkit_post_meta":{"form":"-1","landing_page":"0","tag":"0","restrict_content":"0"}},"product_brand":[],"product_cat":[227],"product_tag":[],"class_list":{"0":"post-8911","1":"product","2":"type-product","3":"status-publish","4":"has-post-thumbnail","6":"product_cat-mini-snabbtalt","7":"desktop-align-left","8":"tablet-align-left","9":"mobile-align-left","11":"first","12":"instock","13":"taxable","14":"shipping-taxable","15":"purchasable","16":"product-type-variable"},"acf":[],"yoast_head":"<!-- This site is optimized with the Yoast SEO Premium plugin v24.5 (Yoast SEO v27.5) - https:\/\/yoast.com\/product\/yoast-seo-premium-wordpress\/ -->\n<title>Nopsa snabbt\u00e4lt 3x3m Mini<\/title>\n<meta name=\"robots\" content=\"index, follow, max-snippet:-1, max-image-preview:large, max-video-preview:-1\" \/>\n<link rel=\"canonical\" href=\"https:\/\/www.teltat.fi\/sv\/produkt\/nopsa-snabbtalt-3x3m-mini\/\" \/>\n<meta property=\"og:locale\" content=\"sv_SE\" \/>\n<meta property=\"og:type\" content=\"article\" \/>\n<meta property=\"og:title\" content=\"Nopsa snabbt\u00e4lt 3x3m Mini\" \/>\n<meta property=\"og:description\" content=\"Paketet inneh\u00e5ller inte v\u00e4ggar, samt t\u00e4ltvikter.\" \/>\n<meta property=\"og:url\" content=\"https:\/\/www.teltat.fi\/sv\/produkt\/nopsa-snabbtalt-3x3m-mini\/\" \/>\n<meta property=\"og:site_name\" content=\"Nopsa\" \/>\n<meta property=\"article:publisher\" content=\"https:\/\/www.facebook.com\/teltat.fi\/\" \/>\n<meta property=\"article:modified_time\" content=\"2025-12-01T00:15:11+00:00\" \/>\n<meta property=\"og:image\" content=\"https:\/\/www.teltat.fi\/wp-content\/uploads\/2023\/02\/3x3-kaikki-varit.png\" \/>\n\t<meta property=\"og:image:width\" content=\"550\" \/>\n\t<meta property=\"og:image:height\" content=\"550\" \/>\n\t<meta property=\"og:image:type\" content=\"image\/png\" \/>\n<meta name=\"twitter:card\" content=\"summary_large_image\" \/>\n<meta name=\"twitter:label1\" content=\"Ber\u00e4knad l\u00e4stid\" \/>\n\t<meta name=\"twitter:data1\" content=\"2 minuter\" \/>\n<script type=\"application\/ld+json\" class=\"yoast-schema-graph\">{\"@context\":\"https:\\\/\\\/schema.org\",\"@graph\":[{\"@type\":[\"WebPage\",\"ItemPage\"],\"@id\":\"https:\\\/\\\/www.teltat.fi\\\/sv\\\/produkt\\\/nopsa-snabbtalt-3x3m-mini\\\/\",\"url\":\"https:\\\/\\\/www.teltat.fi\\\/sv\\\/produkt\\\/nopsa-snabbtalt-3x3m-mini\\\/\",\"name\":\"Nopsa snabbt\u00e4lt 3x3m Mini\",\"isPartOf\":{\"@id\":\"https:\\\/\\\/www.teltat.fi\\\/sv\\\/#website\"},\"primaryImageOfPage\":{\"@id\":\"https:\\\/\\\/www.teltat.fi\\\/sv\\\/produkt\\\/nopsa-snabbtalt-3x3m-mini\\\/#primaryimage\"},\"image\":{\"@id\":\"https:\\\/\\\/www.teltat.fi\\\/sv\\\/produkt\\\/nopsa-snabbtalt-3x3m-mini\\\/#primaryimage\"},\"thumbnailUrl\":\"https:\\\/\\\/www.teltat.fi\\\/wp-content\\\/uploads\\\/2023\\\/02\\\/3x3-kaikki-varit.png\",\"datePublished\":\"2023-02-08T13:19:04+00:00\",\"dateModified\":\"2025-12-01T00:15:11+00:00\",\"breadcrumb\":{\"@id\":\"https:\\\/\\\/www.teltat.fi\\\/sv\\\/produkt\\\/nopsa-snabbtalt-3x3m-mini\\\/#breadcrumb\"},\"inLanguage\":\"sv-SE\",\"potentialAction\":[{\"@type\":\"ReadAction\",\"target\":[\"https:\\\/\\\/www.teltat.fi\\\/sv\\\/produkt\\\/nopsa-snabbtalt-3x3m-mini\\\/\"]}]},{\"@type\":\"ImageObject\",\"inLanguage\":\"sv-SE\",\"@id\":\"https:\\\/\\\/www.teltat.fi\\\/sv\\\/produkt\\\/nopsa-snabbtalt-3x3m-mini\\\/#primaryimage\",\"url\":\"https:\\\/\\\/www.teltat.fi\\\/wp-content\\\/uploads\\\/2023\\\/02\\\/3x3-kaikki-varit.png\",\"contentUrl\":\"https:\\\/\\\/www.teltat.fi\\\/wp-content\\\/uploads\\\/2023\\\/02\\\/3x3-kaikki-varit.png\",\"width\":550,\"height\":550,\"caption\":\"Nopsa snabbt\u00e4lt \\\/ pop up t\u00e4lt 3x3m\"},{\"@type\":\"BreadcrumbList\",\"@id\":\"https:\\\/\\\/www.teltat.fi\\\/sv\\\/produkt\\\/nopsa-snabbtalt-3x3m-mini\\\/#breadcrumb\",\"itemListElement\":[{\"@type\":\"ListItem\",\"position\":1,\"name\":\"Startsida\",\"item\":\"https:\\\/\\\/www.teltat.fi\\\/sv\\\/hemsida\\\/\"},{\"@type\":\"ListItem\",\"position\":2,\"name\":\"Butik\",\"item\":\"https:\\\/\\\/www.teltat.fi\\\/sv\\\/butik\\\/\"},{\"@type\":\"ListItem\",\"position\":3,\"name\":\"POP-UP \\\/ SNABBT\u00c4LT\",\"item\":\"https:\\\/\\\/www.teltat.fi\\\/sv\\\/produktkategori\\\/pop-up-talt\\\/\"},{\"@type\":\"ListItem\",\"position\":4,\"name\":\"Mini Snabbt\u00e4lt\",\"item\":\"https:\\\/\\\/www.teltat.fi\\\/sv\\\/produktkategori\\\/pop-up-talt\\\/mini-snabbtalt\\\/\"},{\"@type\":\"ListItem\",\"position\":5,\"name\":\"Nopsa snabbt\u00e4lt 3x3m Mini\"}]},{\"@type\":\"WebSite\",\"@id\":\"https:\\\/\\\/www.teltat.fi\\\/sv\\\/#website\",\"url\":\"https:\\\/\\\/www.teltat.fi\\\/sv\\\/\",\"name\":\"Nopsa\",\"description\":\"Pop-up teltat ja tarvikkeet kaikkiin tapahtumiin\",\"publisher\":{\"@id\":\"https:\\\/\\\/www.teltat.fi\\\/sv\\\/#organization\"},\"alternateName\":\"Nopsa popup teltat\",\"potentialAction\":[{\"@type\":\"SearchAction\",\"target\":{\"@type\":\"EntryPoint\",\"urlTemplate\":\"https:\\\/\\\/www.teltat.fi\\\/sv\\\/?s={search_term_string}\"},\"query-input\":{\"@type\":\"PropertyValueSpecification\",\"valueRequired\":true,\"valueName\":\"search_term_string\"}}],\"inLanguage\":\"sv-SE\"},{\"@type\":\"Organization\",\"@id\":\"https:\\\/\\\/www.teltat.fi\\\/sv\\\/#organization\",\"name\":\"www.teltat.fi\",\"alternateName\":\"Nopsa popup-t\u00e4lt och tillbeh\u00f6r\",\"url\":\"https:\\\/\\\/www.teltat.fi\\\/sv\\\/\",\"logo\":{\"@type\":\"ImageObject\",\"inLanguage\":\"sv-SE\",\"@id\":\"https:\\\/\\\/www.teltat.fi\\\/sv\\\/#\\\/schema\\\/logo\\\/image\\\/\",\"url\":\"https:\\\/\\\/www.teltat.fi\\\/wp-content\\\/uploads\\\/2025\\\/03\\\/Nopsa-logo-white-no-circle-RGB.svg\",\"contentUrl\":\"https:\\\/\\\/www.teltat.fi\\\/wp-content\\\/uploads\\\/2025\\\/03\\\/Nopsa-logo-white-no-circle-RGB.svg\",\"width\":1080,\"height\":548,\"caption\":\"www.teltat.fi\"},\"image\":{\"@id\":\"https:\\\/\\\/www.teltat.fi\\\/sv\\\/#\\\/schema\\\/logo\\\/image\\\/\"},\"sameAs\":[\"https:\\\/\\\/www.facebook.com\\\/teltat.fi\\\/\"],\"email\":\"myynti@teltat.fi\",\"telephone\":\"+358105260424\",\"foundingDate\":\"1994-05-18\",\"vatID\":\"FI09519220\",\"numberOfEmployees\":{\"@type\":\"QuantitativeValue\",\"minValue\":\"1\",\"maxValue\":\"10\"}}]}<\/script>\n<!-- \/ Yoast SEO Premium plugin. -->","yoast_head_json":{"title":"Nopsa snabbt\u00e4lt 3x3m Mini","robots":{"index":"index","follow":"follow","max-snippet":"max-snippet:-1","max-image-preview":"max-image-preview:large","max-video-preview":"max-video-preview:-1"},"canonical":"https:\/\/www.teltat.fi\/sv\/produkt\/nopsa-snabbtalt-3x3m-mini\/","og_locale":"sv_SE","og_type":"article","og_title":"Nopsa snabbt\u00e4lt 3x3m Mini","og_description":"Paketet inneh\u00e5ller inte v\u00e4ggar, samt t\u00e4ltvikter.","og_url":"https:\/\/www.teltat.fi\/sv\/produkt\/nopsa-snabbtalt-3x3m-mini\/","og_site_name":"Nopsa","article_publisher":"https:\/\/www.facebook.com\/teltat.fi\/","article_modified_time":"2025-12-01T00:15:11+00:00","og_image":[{"width":550,"height":550,"url":"https:\/\/www.teltat.fi\/wp-content\/uploads\/2023\/02\/3x3-kaikki-varit.png","type":"image\/png"}],"twitter_card":"summary_large_image","twitter_misc":{"Ber\u00e4knad l\u00e4stid":"2 minuter"},"schema":{"@context":"https:\/\/schema.org","@graph":[{"@type":["WebPage","ItemPage"],"@id":"https:\/\/www.teltat.fi\/sv\/produkt\/nopsa-snabbtalt-3x3m-mini\/","url":"https:\/\/www.teltat.fi\/sv\/produkt\/nopsa-snabbtalt-3x3m-mini\/","name":"Nopsa snabbt\u00e4lt 3x3m Mini","isPartOf":{"@id":"https:\/\/www.teltat.fi\/sv\/#website"},"primaryImageOfPage":{"@id":"https:\/\/www.teltat.fi\/sv\/produkt\/nopsa-snabbtalt-3x3m-mini\/#primaryimage"},"image":{"@id":"https:\/\/www.teltat.fi\/sv\/produkt\/nopsa-snabbtalt-3x3m-mini\/#primaryimage"},"thumbnailUrl":"https:\/\/www.teltat.fi\/wp-content\/uploads\/2023\/02\/3x3-kaikki-varit.png","datePublished":"2023-02-08T13:19:04+00:00","dateModified":"2025-12-01T00:15:11+00:00","breadcrumb":{"@id":"https:\/\/www.teltat.fi\/sv\/produkt\/nopsa-snabbtalt-3x3m-mini\/#breadcrumb"},"inLanguage":"sv-SE","potentialAction":[{"@type":"ReadAction","target":["https:\/\/www.teltat.fi\/sv\/produkt\/nopsa-snabbtalt-3x3m-mini\/"]}]},{"@type":"ImageObject","inLanguage":"sv-SE","@id":"https:\/\/www.teltat.fi\/sv\/produkt\/nopsa-snabbtalt-3x3m-mini\/#primaryimage","url":"https:\/\/www.teltat.fi\/wp-content\/uploads\/2023\/02\/3x3-kaikki-varit.png","contentUrl":"https:\/\/www.teltat.fi\/wp-content\/uploads\/2023\/02\/3x3-kaikki-varit.png","width":550,"height":550,"caption":"Nopsa snabbt\u00e4lt \/ pop up t\u00e4lt 3x3m"},{"@type":"BreadcrumbList","@id":"https:\/\/www.teltat.fi\/sv\/produkt\/nopsa-snabbtalt-3x3m-mini\/#breadcrumb","itemListElement":[{"@type":"ListItem","position":1,"name":"Startsida","item":"https:\/\/www.teltat.fi\/sv\/hemsida\/"},{"@type":"ListItem","position":2,"name":"Butik","item":"https:\/\/www.teltat.fi\/sv\/butik\/"},{"@type":"ListItem","position":3,"name":"POP-UP \/ SNABBT\u00c4LT","item":"https:\/\/www.teltat.fi\/sv\/produktkategori\/pop-up-talt\/"},{"@type":"ListItem","position":4,"name":"Mini Snabbt\u00e4lt","item":"https:\/\/www.teltat.fi\/sv\/produktkategori\/pop-up-talt\/mini-snabbtalt\/"},{"@type":"ListItem","position":5,"name":"Nopsa snabbt\u00e4lt 3x3m Mini"}]},{"@type":"WebSite","@id":"https:\/\/www.teltat.fi\/sv\/#website","url":"https:\/\/www.teltat.fi\/sv\/","name":"Nopsa","description":"Pop-up teltat ja tarvikkeet kaikkiin tapahtumiin","publisher":{"@id":"https:\/\/www.teltat.fi\/sv\/#organization"},"alternateName":"Nopsa popup teltat","potentialAction":[{"@type":"SearchAction","target":{"@type":"EntryPoint","urlTemplate":"https:\/\/www.teltat.fi\/sv\/?s={search_term_string}"},"query-input":{"@type":"PropertyValueSpecification","valueRequired":true,"valueName":"search_term_string"}}],"inLanguage":"sv-SE"},{"@type":"Organization","@id":"https:\/\/www.teltat.fi\/sv\/#organization","name":"www.teltat.fi","alternateName":"Nopsa popup-t\u00e4lt och tillbeh\u00f6r","url":"https:\/\/www.teltat.fi\/sv\/","logo":{"@type":"ImageObject","inLanguage":"sv-SE","@id":"https:\/\/www.teltat.fi\/sv\/#\/schema\/logo\/image\/","url":"https:\/\/www.teltat.fi\/wp-content\/uploads\/2025\/03\/Nopsa-logo-white-no-circle-RGB.svg","contentUrl":"https:\/\/www.teltat.fi\/wp-content\/uploads\/2025\/03\/Nopsa-logo-white-no-circle-RGB.svg","width":1080,"height":548,"caption":"www.teltat.fi"},"image":{"@id":"https:\/\/www.teltat.fi\/sv\/#\/schema\/logo\/image\/"},"sameAs":["https:\/\/www.facebook.com\/teltat.fi\/"],"email":"myynti@teltat.fi","telephone":"+358105260424","foundingDate":"1994-05-18","vatID":"FI09519220","numberOfEmployees":{"@type":"QuantitativeValue","minValue":"1","maxValue":"10"}}]}},"_links":{"self":[{"href":"https:\/\/www.teltat.fi\/sv\/wp-json\/wp\/v2\/product\/8911","targetHints":{"allow":["GET"]}}],"collection":[{"href":"https:\/\/www.teltat.fi\/sv\/wp-json\/wp\/v2\/product"}],"about":[{"href":"https:\/\/www.teltat.fi\/sv\/wp-json\/wp\/v2\/types\/product"}],"version-history":[{"count":2,"href":"https:\/\/www.teltat.fi\/sv\/wp-json\/wp\/v2\/product\/8911\/revisions"}],"predecessor-version":[{"id":29209,"href":"https:\/\/www.teltat.fi\/sv\/wp-json\/wp\/v2\/product\/8911\/revisions\/29209"}],"wp:featuredmedia":[{"embeddable":true,"href":"https:\/\/www.teltat.fi\/sv\/wp-json\/wp\/v2\/media\/8498"}],"wp:attachment":[{"href":"https:\/\/www.teltat.fi\/sv\/wp-json\/wp\/v2\/media?parent=8911"}],"wp:term":[{"taxonomy":"product_brand","embeddable":true,"href":"https:\/\/www.teltat.fi\/sv\/wp-json\/wp\/v2\/product_brand?post=8911"},{"taxonomy":"product_cat","embeddable":true,"href":"https:\/\/www.teltat.fi\/sv\/wp-json\/wp\/v2\/product_cat?post=8911"},{"taxonomy":"product_tag","embeddable":true,"href":"https:\/\/www.teltat.fi\/sv\/wp-json\/wp\/v2\/product_tag?post=8911"}],"curies":[{"name":"wp","href":"https:\/\/api.w.org\/{rel}","templated":true}]}}