{"id":8934,"date":"2023-02-08T13:19:04","date_gmt":"2023-02-08T13:19:04","guid":{"rendered":"https:\/\/www.teltat.fi\/tuote\/nopsa-snabbtalt-3x3m-stal\/"},"modified":"2025-07-29T12:56:51","modified_gmt":"2025-07-29T09:56:51","slug":"nopsa-snabbtalt-3x3m-stal","status":"publish","type":"product","link":"https:\/\/www.teltat.fi\/sv\/produkt\/nopsa-snabbtalt-3x3m-stal\/","title":{"rendered":"Nopsa snabbt\u00e4lt 3x3m St\u00e5l"},"content":{"rendered":"<p>Det h\u00f6gkvalitativa popup snabbt\u00e4lt 3x3m st\u00e5l &#8211; ett t\u00e4lt med metallram &#8211; \u00e4r ett prisv\u00e4rt alternativ f\u00f6r alla som beh\u00f6ver ett f\u00f6rs\u00e4ljnings-, presentations- eller partyt\u00e4lt. Metallramen till t\u00e4ltet \u00e4r en sexkantig metallprofil med en diameter p\u00e5 45mm. Metalramen \u00e4r pulverm\u00e5lad s\u00e5 den kommer att h\u00e5lla i s\u00e4mre v\u00e4derf\u00f6rh\u00e5llanden.  <\/p>\n<h3>Paketets inneh\u00e5ll:<\/h3>\n<ul>\n<li>3\u00d73m taket \u00e4r av ULTRA STRONG polyestertyg som v\u00e4ger bara 318g\/m2 (Samma tyg som Pro-modellen)<\/li>\n<li>3x3m pulverm\u00e5lad st\u00e5lram<\/li>\n<li>Transportv\u00e4skan med hjul \u00f6ppnas p\u00e5 hela l\u00e4ngden i mitten.<\/li>\n<li>T\u00e4ltpinnar och lina med karbinhake<\/li>\n<li>Instruktioner.<strong><a href=\"https:\/\/www.teltat.fi\/sv\/produkt\/nopsa-3m-sluten-vagg-1-st\/\">Paketet inneh\u00e5ller ej v\u00e4ggar.<\/a><\/strong><\/li>\n<\/ul>\n<p>Vi rekommenderar som extrautrustning<strong> <\/strong><a href=\"https:\/\/www.teltat.fi\/sv\/produkt\/nopsa-3m-sluten-vagg-1-st\/\">v\u00e4ggar<\/a> och minst <a href=\"https:\/\/www.teltat.fi\/product\/teraspaino\/\">4st metallvikter<\/a>.<\/p>\n<h4>T\u00e4ltets tekniska information:<\/h4>\n<ul>\n<li>Taktyget och ramen v\u00e4ger 33 kg<\/li>\n<li>T\u00e4ltets tranportstorlek 155 x 30 x 30 cm<\/li>\n<li>T\u00e4ltets maksimih\u00f6jd \u00e4r ca. 330 cm(g\u00e5ngh\u00f6jden kan st\u00e4llas in p\u00e5 tv\u00e5 olika h\u00f6jder) <\/li>\n<li>St\u00e5lets materialtjocklek \u00e4r 0,8 mm<\/li>\n<\/ul>\n<p>H\u00f6gkvalitativt popup snabbt\u00e4lt 3x3m St\u00e5l &#8211; t\u00e4lt med metallram.<\/p>\n<h4>Egenskaper:<\/h4>\n<ul>\n<li>Ramens ben \u00e4r av en <strong>sekskantig oerh\u00f6rt h\u00e5llbart 45 mm st\u00e5lprofil<\/strong>.<\/li>\n<li>Beh\u00e4ndig patenterad &#8220;dragspelskonstruktion&#8221; \u00e4r l\u00e4tt att s\u00e4tta upp och plocka is\u00e4r, inga l\u00f6sa delar eller ytor som g\u00e5r s\u00f6nder.<\/li>\n<li><strong>Lederna som uts\u00e4tts f\u00f6r h\u00e5rd belastning \u00e4r gjort av nailon<\/strong><\/li>\n<li>NYHET! oerh\u00f6rt bra kvalitet, h\u00e5llbart och l\u00e4tt ULTRA STONG tyg till taket och v\u00e4ggarna (vikt bara 318g\/m2)<\/li>\n<li>ULTRA STRONG tyget \u00e4r helt vattent\u00e4t och UV-resistant<\/li>\n<li>Brands\u00e4ker (brandbed\u00f6mning B1 DIN 4102-1)<\/li>\n<li>Taket sitter fast i aluminiumramen med robusta h\u00f6rnkardborrband och <strong>alla h\u00f6rn \u00e4r f\u00f6rst\u00e4rkta<\/strong> f\u00f6r att klara av det h\u00e5rdaste slitage.<\/li>\n<li>Taktygets automatiska sp\u00e4nningsmekanism h\u00e5ller taket sp\u00e4nnt.<\/li>\n<li>V\u00e4ggarna binds fast i taket med beh\u00e4ndiga kardborrband och h\u00f6rnen f\u00e5r man fast med dragkedja<\/li>\n<li>Ing\u00e5ngsh\u00f6jden \u00e4r 200cm (h\u00f6jden kan st\u00e4llas in till tv\u00e5 olika h\u00f6jder)<\/li>\n<li>Till t\u00e4lten finns det resrvdelar och reparationservice.<\/li>\n<li><strong>Transportv\u00e4skan med hjul \u00f6ppnas p\u00e5 hela l\u00e4ngden i mitten.<\/strong><\/li>\n<li>T\u00e4ltets transportstorlek \u00e4r 155 x 30 x 30 cm s\u00e5 den ryms i en personbil.<\/li>\n<li>All material har 1 \u00e5rs garanti.<\/li>\n<\/ul>\n<p><em><strong>Till Nopsa t\u00e4lten \u00e4r det m\u00f6jligt att f\u00e5 tryckning till taket, v\u00e4ggarna samt solskydd i din egen logo eller text. <a href=\"https:\/\/www.teltat.fi\/painatettu-teltta\/\">Se mera<\/a>.<\/strong><\/em><\/p>\n","protected":false},"excerpt":{"rendered":"<p><a href=\"https:\/\/www.teltat.fi\/wp-content\/uploads\/2023\/02\/height329.png\" target=\"_blank\" rel=\"noopener\"><img decoding=\"async\" class=\"alignnone size-thumbnail\" src=\"https:\/\/www.teltat.fi\/wp-content\/uploads\/2023\/02\/height329.png\" alt=\"T\u00e4ltets h\u00f6jd 329 cm och g\u00e5ngbanans h\u00f6jd 200 cm\" width=\"100\" height=\"100\"><\/a><br \/>\n<a href=\"https:\/\/www.teltat.fi\/wp-content\/uploads\/2023\/02\/fabric.png\" target=\"_blank\" rel=\"noopener\"><img decoding=\"async\" class=\"alignnone size-thumbnail\" src=\"https:\/\/www.teltat.fi\/wp-content\/uploads\/2023\/02\/fabric.png\" alt=\"ultrastarka tyger 318g\/m2\" width=\"100\" height=\"100\"><\/a><br \/>\n<a href=\"https:\/\/www.teltat.fi\/wp-content\/uploads\/2023\/02\/frame45-steel.png\" target=\"_blank\" rel=\"noopener\"><img decoding=\"async\" class=\"alignnone size-thumbnail\" src=\"https:\/\/www.teltat.fi\/wp-content\/uploads\/2023\/02\/frame45-steel.png\" alt=\"45mm profil\" width=\"100\" height=\"100\"><\/a><br \/>\n<a href=\"https:\/\/www.teltat.fi\/wp-content\/uploads\/2023\/02\/size155-55-35.png\" target=\"_blank\" rel=\"noopener\"><img loading=\"lazy\" decoding=\"async\" class=\"alignnone size-thumbnail\" src=\"https:\/\/www.teltat.fi\/wp-content\/uploads\/2023\/02\/size155-55-35.png\" alt=\"Minsta transportstorlek 55x35x155cm\" width=\"100\" height=\"100\"><\/a><br \/>\n<a href=\"https:\/\/www.teltat.fi\/wp-content\/uploads\/2023\/02\/weight36.png\" target=\"_blank\" rel=\"noopener\"><img loading=\"lazy\" decoding=\"async\" class=\"alignnone size-thumbnail\" src=\"https:\/\/www.teltat.fi\/wp-content\/uploads\/2023\/02\/weight36.png\" alt=\"Totalvikt 36 kg\" width=\"100\" height=\"100\"><\/a><br \/>\n<a href=\"https:\/\/www.teltat.fi\/wp-content\/uploads\/2023\/02\/fire.png\" target=\"_blank\" rel=\"noopener\"><img loading=\"lazy\" decoding=\"async\" class=\"alignnone size-thumbnail\" src=\"https:\/\/www.teltat.fi\/wp-content\/uploads\/2023\/02\/fire.png\" alt=\"Klassificerad f\u00f6r brands\u00e4kerhet\" width=\"100\" height=\"100\"><\/a><br \/>\n<a href=\"https:\/\/www.teltat.fi\/wp-content\/uploads\/2023\/02\/weather.png\" target=\"_blank\" rel=\"noopener\"><img loading=\"lazy\" decoding=\"async\" class=\"alignnone size-thumbnail\" src=\"https:\/\/www.teltat.fi\/wp-content\/uploads\/2023\/02\/weather.png\" alt=\"UV-skyddat material f\u00f6r alla f\u00f6rh\u00e5llanden\" width=\"100\" height=\"100\"><\/a><br \/>\n<a href=\"https:\/\/www.teltat.fi\/wp-content\/uploads\/2023\/02\/warranty1year.png\" target=\"_blank\" rel=\"noopener\"><img loading=\"lazy\" decoding=\"async\" class=\"alignnone size-thumbnail\" src=\"https:\/\/www.teltat.fi\/wp-content\/uploads\/2023\/02\/warranty1year.png\" alt=\"1 \u00e5rs materialgaranti\" width=\"100\" height=\"100\"><\/a><\/p>\n<p><span>Paketet inneh\u00e5ller inte v\u00e4ggar, samt t\u00e4ltvikter.<\/span><\/p>\n","protected":false},"featured_media":8498,"template":"","meta":{"_acf_changed":false,"_eb_attr":"","site-sidebar-layout":"default","site-content-layout":"","ast-site-content-layout":"default","site-content-style":"default","site-sidebar-style":"default","ast-global-header-display":"","ast-banner-title-visibility":"","ast-main-header-display":"","ast-hfb-above-header-display":"","ast-hfb-below-header-display":"","ast-hfb-mobile-header-display":"","site-post-title":"","ast-breadcrumbs-content":"","ast-featured-img":"","footer-sml-layout":"","ast-disable-related-posts":"","theme-transparent-header-meta":"default","adv-header-id-meta":"","stick-header-meta":"","header-above-stick-meta":"","header-main-stick-meta":"","header-below-stick-meta":"","astra-migrate-meta-layouts":"default","ast-page-background-enabled":"default","ast-page-background-meta":{"desktop":{"background-color":"var(--ast-global-color-5)","background-image":"","background-repeat":"repeat","background-position":"center center","background-size":"auto","background-attachment":"scroll","background-type":"","background-media":"","overlay-type":"","overlay-color":"","overlay-opacity":"","overlay-gradient":""},"tablet":{"background-color":"","background-image":"","background-repeat":"repeat","background-position":"center center","background-size":"auto","background-attachment":"scroll","background-type":"","background-media":"","overlay-type":"","overlay-color":"","overlay-opacity":"","overlay-gradient":""},"mobile":{"background-color":"","background-image":"","background-repeat":"repeat","background-position":"center center","background-size":"auto","background-attachment":"scroll","background-type":"","background-media":"","overlay-type":"","overlay-color":"","overlay-opacity":"","overlay-gradient":""}},"ast-content-background-meta":{"desktop":{"background-color":"var(--ast-global-color-4)","background-image":"","background-repeat":"repeat","background-position":"center center","background-size":"auto","background-attachment":"scroll","background-type":"","background-media":"","overlay-type":"","overlay-color":"","overlay-opacity":"","overlay-gradient":""},"tablet":{"background-color":"var(--ast-global-color-4)","background-image":"","background-repeat":"repeat","background-position":"center center","background-size":"auto","background-attachment":"scroll","background-type":"","background-media":"","overlay-type":"","overlay-color":"","overlay-opacity":"","overlay-gradient":""},"mobile":{"background-color":"var(--ast-global-color-4)","background-image":"","background-repeat":"repeat","background-position":"center center","background-size":"auto","background-attachment":"scroll","background-type":"","background-media":"","overlay-type":"","overlay-color":"","overlay-opacity":"","overlay-gradient":""}},"_wp_convertkit_post_meta":{"form":"-1","landing_page":"0","tag":"0","restrict_content":"0"}},"product_brand":[],"product_cat":[213],"product_tag":[],"class_list":{"0":"post-8934","1":"product","2":"type-product","3":"status-publish","4":"has-post-thumbnail","6":"product_cat-stal-snabbtalt","7":"desktop-align-left","8":"tablet-align-left","9":"mobile-align-left","11":"first","12":"instock","13":"sale","14":"taxable","15":"shipping-taxable","16":"purchasable","17":"product-type-variable"},"acf":[],"yoast_head":"<!-- This site is optimized with the Yoast SEO Premium plugin v24.5 (Yoast SEO v27.4) - https:\/\/yoast.com\/product\/yoast-seo-premium-wordpress\/ -->\n<title>H\u00f6gkvalitativt popup snabbt\u00e4lt 3x3m St\u00e5l - t\u00e4lt med metallram<\/title>\n<meta name=\"description\" content=\"H\u00f6gkvalitativt popup snabbt\u00e4lt 3x3m St\u00e5l - t\u00e4lt med metallram \u00e4r ett prisv\u00e4rt alternativ f\u00f6r alla som beh\u00f6ver ett f\u00f6rs\u00e4ljnings-, utst\u00e4llnings- eller partyt\u00e4lt\" \/>\n<meta name=\"robots\" content=\"index, follow, max-snippet:-1, max-image-preview:large, max-video-preview:-1\" \/>\n<link rel=\"canonical\" href=\"https:\/\/www.teltat.fi\/sv\/produkt\/nopsa-snabbtalt-3x3m-stal\/\" \/>\n<meta property=\"og:locale\" content=\"sv_SE\" \/>\n<meta property=\"og:type\" content=\"article\" \/>\n<meta property=\"og:title\" content=\"Nopsa snabbt\u00e4lt 3x3m St\u00e5l\" \/>\n<meta property=\"og:description\" content=\"H\u00f6gkvalitativt popup snabbt\u00e4lt 3x3m St\u00e5l - t\u00e4lt med metallram \u00e4r ett prisv\u00e4rt alternativ f\u00f6r alla som beh\u00f6ver ett f\u00f6rs\u00e4ljnings-, utst\u00e4llnings- eller partyt\u00e4lt\" \/>\n<meta property=\"og:url\" content=\"https:\/\/www.teltat.fi\/sv\/produkt\/nopsa-snabbtalt-3x3m-stal\/\" \/>\n<meta property=\"og:site_name\" content=\"Nopsa\" \/>\n<meta property=\"article:publisher\" content=\"https:\/\/www.facebook.com\/teltat.fi\/\" \/>\n<meta property=\"article:modified_time\" content=\"2025-07-29T09:56:51+00:00\" \/>\n<meta property=\"og:image\" content=\"https:\/\/i0.wp.com\/www.teltat.fi\/wp-content\/uploads\/2023\/02\/3x3-kaikki-varit.png?fit=550%2C550&ssl=1\" \/>\n\t<meta property=\"og:image:width\" content=\"550\" \/>\n\t<meta property=\"og:image:height\" content=\"550\" \/>\n\t<meta property=\"og:image:type\" content=\"image\/png\" \/>\n<meta name=\"twitter:card\" content=\"summary_large_image\" \/>\n<meta name=\"twitter:label1\" content=\"Ber\u00e4knad l\u00e4stid\" \/>\n\t<meta name=\"twitter:data1\" content=\"2 minuter\" \/>\n<script type=\"application\/ld+json\" class=\"yoast-schema-graph\">{\"@context\":\"https:\\\/\\\/schema.org\",\"@graph\":[{\"@type\":[\"WebPage\",\"ItemPage\"],\"@id\":\"https:\\\/\\\/www.teltat.fi\\\/sv\\\/produkt\\\/nopsa-snabbtalt-3x3m-stal\\\/\",\"url\":\"https:\\\/\\\/www.teltat.fi\\\/sv\\\/produkt\\\/nopsa-snabbtalt-3x3m-stal\\\/\",\"name\":\"H\u00f6gkvalitativt popup snabbt\u00e4lt 3x3m St\u00e5l - t\u00e4lt med metallram\",\"isPartOf\":{\"@id\":\"https:\\\/\\\/www.teltat.fi\\\/sv\\\/#website\"},\"primaryImageOfPage\":{\"@id\":\"https:\\\/\\\/www.teltat.fi\\\/sv\\\/produkt\\\/nopsa-snabbtalt-3x3m-stal\\\/#primaryimage\"},\"image\":{\"@id\":\"https:\\\/\\\/www.teltat.fi\\\/sv\\\/produkt\\\/nopsa-snabbtalt-3x3m-stal\\\/#primaryimage\"},\"thumbnailUrl\":\"https:\\\/\\\/www.teltat.fi\\\/wp-content\\\/uploads\\\/2023\\\/02\\\/3x3-kaikki-varit.png\",\"datePublished\":\"2023-02-08T13:19:04+00:00\",\"dateModified\":\"2025-07-29T09:56:51+00:00\",\"description\":\"H\u00f6gkvalitativt popup snabbt\u00e4lt 3x3m St\u00e5l - t\u00e4lt med metallram \u00e4r ett prisv\u00e4rt alternativ f\u00f6r alla som beh\u00f6ver ett f\u00f6rs\u00e4ljnings-, utst\u00e4llnings- eller partyt\u00e4lt\",\"breadcrumb\":{\"@id\":\"https:\\\/\\\/www.teltat.fi\\\/sv\\\/produkt\\\/nopsa-snabbtalt-3x3m-stal\\\/#breadcrumb\"},\"inLanguage\":\"sv-SE\",\"potentialAction\":[{\"@type\":\"ReadAction\",\"target\":[\"https:\\\/\\\/www.teltat.fi\\\/sv\\\/produkt\\\/nopsa-snabbtalt-3x3m-stal\\\/\"]}]},{\"@type\":\"ImageObject\",\"inLanguage\":\"sv-SE\",\"@id\":\"https:\\\/\\\/www.teltat.fi\\\/sv\\\/produkt\\\/nopsa-snabbtalt-3x3m-stal\\\/#primaryimage\",\"url\":\"https:\\\/\\\/www.teltat.fi\\\/wp-content\\\/uploads\\\/2023\\\/02\\\/3x3-kaikki-varit.png\",\"contentUrl\":\"https:\\\/\\\/www.teltat.fi\\\/wp-content\\\/uploads\\\/2023\\\/02\\\/3x3-kaikki-varit.png\",\"width\":550,\"height\":550,\"caption\":\"Nopsa snabbt\u00e4lt \\\/ pop up t\u00e4lt 3x3m\"},{\"@type\":\"BreadcrumbList\",\"@id\":\"https:\\\/\\\/www.teltat.fi\\\/sv\\\/produkt\\\/nopsa-snabbtalt-3x3m-stal\\\/#breadcrumb\",\"itemListElement\":[{\"@type\":\"ListItem\",\"position\":1,\"name\":\"Startsida\",\"item\":\"https:\\\/\\\/www.teltat.fi\\\/sv\\\/hemsida\\\/\"},{\"@type\":\"ListItem\",\"position\":2,\"name\":\"Butik\",\"item\":\"https:\\\/\\\/www.teltat.fi\\\/sv\\\/butik\\\/\"},{\"@type\":\"ListItem\",\"position\":3,\"name\":\"POP-UP \\\/ SNABBT\u00c4LT\",\"item\":\"https:\\\/\\\/www.teltat.fi\\\/sv\\\/produktkategori\\\/pop-up-talt\\\/\"},{\"@type\":\"ListItem\",\"position\":4,\"name\":\"St\u00e5l Snabbt\u00e4lt\",\"item\":\"https:\\\/\\\/www.teltat.fi\\\/sv\\\/produktkategori\\\/pop-up-talt\\\/stal-snabbtalt\\\/\"},{\"@type\":\"ListItem\",\"position\":5,\"name\":\"Nopsa snabbt\u00e4lt 3x3m St\u00e5l\"}]},{\"@type\":\"WebSite\",\"@id\":\"https:\\\/\\\/www.teltat.fi\\\/sv\\\/#website\",\"url\":\"https:\\\/\\\/www.teltat.fi\\\/sv\\\/\",\"name\":\"Nopsa\",\"description\":\"Pop-up teltat ja tarvikkeet kaikkiin tapahtumiin\",\"publisher\":{\"@id\":\"https:\\\/\\\/www.teltat.fi\\\/sv\\\/#organization\"},\"alternateName\":\"Nopsa popup teltat\",\"potentialAction\":[{\"@type\":\"SearchAction\",\"target\":{\"@type\":\"EntryPoint\",\"urlTemplate\":\"https:\\\/\\\/www.teltat.fi\\\/sv\\\/?s={search_term_string}\"},\"query-input\":{\"@type\":\"PropertyValueSpecification\",\"valueRequired\":true,\"valueName\":\"search_term_string\"}}],\"inLanguage\":\"sv-SE\"},{\"@type\":\"Organization\",\"@id\":\"https:\\\/\\\/www.teltat.fi\\\/sv\\\/#organization\",\"name\":\"www.teltat.fi\",\"alternateName\":\"Nopsa popup-t\u00e4lt och tillbeh\u00f6r\",\"url\":\"https:\\\/\\\/www.teltat.fi\\\/sv\\\/\",\"logo\":{\"@type\":\"ImageObject\",\"inLanguage\":\"sv-SE\",\"@id\":\"https:\\\/\\\/www.teltat.fi\\\/sv\\\/#\\\/schema\\\/logo\\\/image\\\/\",\"url\":\"https:\\\/\\\/www.teltat.fi\\\/wp-content\\\/uploads\\\/2025\\\/03\\\/Nopsa-logo-white-no-circle-RGB.svg\",\"contentUrl\":\"https:\\\/\\\/www.teltat.fi\\\/wp-content\\\/uploads\\\/2025\\\/03\\\/Nopsa-logo-white-no-circle-RGB.svg\",\"width\":1080,\"height\":548,\"caption\":\"www.teltat.fi\"},\"image\":{\"@id\":\"https:\\\/\\\/www.teltat.fi\\\/sv\\\/#\\\/schema\\\/logo\\\/image\\\/\"},\"sameAs\":[\"https:\\\/\\\/www.facebook.com\\\/teltat.fi\\\/\"],\"email\":\"myynti@teltat.fi\",\"telephone\":\"+358105260424\",\"foundingDate\":\"1994-05-18\",\"vatID\":\"FI09519220\",\"numberOfEmployees\":{\"@type\":\"QuantitativeValue\",\"minValue\":\"1\",\"maxValue\":\"10\"}}]}<\/script>\n<!-- \/ Yoast SEO Premium plugin. -->","yoast_head_json":{"title":"H\u00f6gkvalitativt popup snabbt\u00e4lt 3x3m St\u00e5l - t\u00e4lt med metallram","description":"H\u00f6gkvalitativt popup snabbt\u00e4lt 3x3m St\u00e5l - t\u00e4lt med metallram \u00e4r ett prisv\u00e4rt alternativ f\u00f6r alla som beh\u00f6ver ett f\u00f6rs\u00e4ljnings-, utst\u00e4llnings- eller partyt\u00e4lt","robots":{"index":"index","follow":"follow","max-snippet":"max-snippet:-1","max-image-preview":"max-image-preview:large","max-video-preview":"max-video-preview:-1"},"canonical":"https:\/\/www.teltat.fi\/sv\/produkt\/nopsa-snabbtalt-3x3m-stal\/","og_locale":"sv_SE","og_type":"article","og_title":"Nopsa snabbt\u00e4lt 3x3m St\u00e5l","og_description":"H\u00f6gkvalitativt popup snabbt\u00e4lt 3x3m St\u00e5l - t\u00e4lt med metallram \u00e4r ett prisv\u00e4rt alternativ f\u00f6r alla som beh\u00f6ver ett f\u00f6rs\u00e4ljnings-, utst\u00e4llnings- eller partyt\u00e4lt","og_url":"https:\/\/www.teltat.fi\/sv\/produkt\/nopsa-snabbtalt-3x3m-stal\/","og_site_name":"Nopsa","article_publisher":"https:\/\/www.facebook.com\/teltat.fi\/","article_modified_time":"2025-07-29T09:56:51+00:00","og_image":[{"width":550,"height":550,"url":"https:\/\/i0.wp.com\/www.teltat.fi\/wp-content\/uploads\/2023\/02\/3x3-kaikki-varit.png?fit=550%2C550&ssl=1","type":"image\/png"}],"twitter_card":"summary_large_image","twitter_misc":{"Ber\u00e4knad l\u00e4stid":"2 minuter"},"schema":{"@context":"https:\/\/schema.org","@graph":[{"@type":["WebPage","ItemPage"],"@id":"https:\/\/www.teltat.fi\/sv\/produkt\/nopsa-snabbtalt-3x3m-stal\/","url":"https:\/\/www.teltat.fi\/sv\/produkt\/nopsa-snabbtalt-3x3m-stal\/","name":"H\u00f6gkvalitativt popup snabbt\u00e4lt 3x3m St\u00e5l - t\u00e4lt med metallram","isPartOf":{"@id":"https:\/\/www.teltat.fi\/sv\/#website"},"primaryImageOfPage":{"@id":"https:\/\/www.teltat.fi\/sv\/produkt\/nopsa-snabbtalt-3x3m-stal\/#primaryimage"},"image":{"@id":"https:\/\/www.teltat.fi\/sv\/produkt\/nopsa-snabbtalt-3x3m-stal\/#primaryimage"},"thumbnailUrl":"https:\/\/www.teltat.fi\/wp-content\/uploads\/2023\/02\/3x3-kaikki-varit.png","datePublished":"2023-02-08T13:19:04+00:00","dateModified":"2025-07-29T09:56:51+00:00","description":"H\u00f6gkvalitativt popup snabbt\u00e4lt 3x3m St\u00e5l - t\u00e4lt med metallram \u00e4r ett prisv\u00e4rt alternativ f\u00f6r alla som beh\u00f6ver ett f\u00f6rs\u00e4ljnings-, utst\u00e4llnings- eller partyt\u00e4lt","breadcrumb":{"@id":"https:\/\/www.teltat.fi\/sv\/produkt\/nopsa-snabbtalt-3x3m-stal\/#breadcrumb"},"inLanguage":"sv-SE","potentialAction":[{"@type":"ReadAction","target":["https:\/\/www.teltat.fi\/sv\/produkt\/nopsa-snabbtalt-3x3m-stal\/"]}]},{"@type":"ImageObject","inLanguage":"sv-SE","@id":"https:\/\/www.teltat.fi\/sv\/produkt\/nopsa-snabbtalt-3x3m-stal\/#primaryimage","url":"https:\/\/www.teltat.fi\/wp-content\/uploads\/2023\/02\/3x3-kaikki-varit.png","contentUrl":"https:\/\/www.teltat.fi\/wp-content\/uploads\/2023\/02\/3x3-kaikki-varit.png","width":550,"height":550,"caption":"Nopsa snabbt\u00e4lt \/ pop up t\u00e4lt 3x3m"},{"@type":"BreadcrumbList","@id":"https:\/\/www.teltat.fi\/sv\/produkt\/nopsa-snabbtalt-3x3m-stal\/#breadcrumb","itemListElement":[{"@type":"ListItem","position":1,"name":"Startsida","item":"https:\/\/www.teltat.fi\/sv\/hemsida\/"},{"@type":"ListItem","position":2,"name":"Butik","item":"https:\/\/www.teltat.fi\/sv\/butik\/"},{"@type":"ListItem","position":3,"name":"POP-UP \/ SNABBT\u00c4LT","item":"https:\/\/www.teltat.fi\/sv\/produktkategori\/pop-up-talt\/"},{"@type":"ListItem","position":4,"name":"St\u00e5l Snabbt\u00e4lt","item":"https:\/\/www.teltat.fi\/sv\/produktkategori\/pop-up-talt\/stal-snabbtalt\/"},{"@type":"ListItem","position":5,"name":"Nopsa snabbt\u00e4lt 3x3m St\u00e5l"}]},{"@type":"WebSite","@id":"https:\/\/www.teltat.fi\/sv\/#website","url":"https:\/\/www.teltat.fi\/sv\/","name":"Nopsa","description":"Pop-up teltat ja tarvikkeet kaikkiin tapahtumiin","publisher":{"@id":"https:\/\/www.teltat.fi\/sv\/#organization"},"alternateName":"Nopsa popup teltat","potentialAction":[{"@type":"SearchAction","target":{"@type":"EntryPoint","urlTemplate":"https:\/\/www.teltat.fi\/sv\/?s={search_term_string}"},"query-input":{"@type":"PropertyValueSpecification","valueRequired":true,"valueName":"search_term_string"}}],"inLanguage":"sv-SE"},{"@type":"Organization","@id":"https:\/\/www.teltat.fi\/sv\/#organization","name":"www.teltat.fi","alternateName":"Nopsa popup-t\u00e4lt och tillbeh\u00f6r","url":"https:\/\/www.teltat.fi\/sv\/","logo":{"@type":"ImageObject","inLanguage":"sv-SE","@id":"https:\/\/www.teltat.fi\/sv\/#\/schema\/logo\/image\/","url":"https:\/\/www.teltat.fi\/wp-content\/uploads\/2025\/03\/Nopsa-logo-white-no-circle-RGB.svg","contentUrl":"https:\/\/www.teltat.fi\/wp-content\/uploads\/2025\/03\/Nopsa-logo-white-no-circle-RGB.svg","width":1080,"height":548,"caption":"www.teltat.fi"},"image":{"@id":"https:\/\/www.teltat.fi\/sv\/#\/schema\/logo\/image\/"},"sameAs":["https:\/\/www.facebook.com\/teltat.fi\/"],"email":"myynti@teltat.fi","telephone":"+358105260424","foundingDate":"1994-05-18","vatID":"FI09519220","numberOfEmployees":{"@type":"QuantitativeValue","minValue":"1","maxValue":"10"}}]}},"_links":{"self":[{"href":"https:\/\/www.teltat.fi\/sv\/wp-json\/wp\/v2\/product\/8934","targetHints":{"allow":["GET"]}}],"collection":[{"href":"https:\/\/www.teltat.fi\/sv\/wp-json\/wp\/v2\/product"}],"about":[{"href":"https:\/\/www.teltat.fi\/sv\/wp-json\/wp\/v2\/types\/product"}],"version-history":[{"count":6,"href":"https:\/\/www.teltat.fi\/sv\/wp-json\/wp\/v2\/product\/8934\/revisions"}],"predecessor-version":[{"id":29202,"href":"https:\/\/www.teltat.fi\/sv\/wp-json\/wp\/v2\/product\/8934\/revisions\/29202"}],"wp:featuredmedia":[{"embeddable":true,"href":"https:\/\/www.teltat.fi\/sv\/wp-json\/wp\/v2\/media\/8498"}],"wp:attachment":[{"href":"https:\/\/www.teltat.fi\/sv\/wp-json\/wp\/v2\/media?parent=8934"}],"wp:term":[{"taxonomy":"product_brand","embeddable":true,"href":"https:\/\/www.teltat.fi\/sv\/wp-json\/wp\/v2\/product_brand?post=8934"},{"taxonomy":"product_cat","embeddable":true,"href":"https:\/\/www.teltat.fi\/sv\/wp-json\/wp\/v2\/product_cat?post=8934"},{"taxonomy":"product_tag","embeddable":true,"href":"https:\/\/www.teltat.fi\/sv\/wp-json\/wp\/v2\/product_tag?post=8934"}],"curies":[{"name":"wp","href":"https:\/\/api.w.org\/{rel}","templated":true}]}}