{"id":8996,"date":"2023-02-08T13:05:21","date_gmt":"2023-02-08T10:05:21","guid":{"rendered":"https:\/\/www.teltat.fi\/tuote\/nopsa-snabbtalt-pop-up-talt-2x4-m-pro\/"},"modified":"2025-12-01T02:15:11","modified_gmt":"2025-12-01T00:15:11","slug":"nopsa-snabbtalt-pop-up-talt-2x4-m-pro","status":"publish","type":"product","link":"https:\/\/www.teltat.fi\/sv\/produkt\/nopsa-snabbtalt-pop-up-talt-2x4-m-pro\/","title":{"rendered":"Nopsa snabbt\u00e4lt \/ pop up t\u00e4lt 2&#215;4 m Pro"},"content":{"rendered":"<p><strong>NOPSA -snabbt\u00e4lt \u00e4r marknadens mest poppul\u00e4ra t\u00e4ltmodell i landet. Det h\u00e4r \u00e4r inget under, f\u00f6r NOPSA &#8211; snabbt\u00e4llt har den B\u00c4STA PRIS-KVALITETSF\u00d6RH\u00c5LLANDE! <\/strong> Dessutom erbjuder vi marknadens bredaste utbud av tillbeh\u00f6r.<\/p>\n<h4>Planerat f\u00f6r att h\u00e5lla det finska v\u00e4dret<\/h4>\n<p>Vi har planerat och genomf\u00f6rt t\u00e4ltl\u00f6sningar f\u00f6r det kr\u00e4vande finska v\u00e4dret med \u00f6ver 50 \u00e5rs erfarenhet. NOPSA -snabbt\u00e4ltets material har noggrant valts ut av v\u00e4rldens b\u00e4sta tillverkare. P\u00e5 detta vis garanterar vi det b\u00e4sta slutresultat. H\u00f6g kvalite, men \u00e4nd\u00e5 billig Nopsa -snabbt\u00e4lt .   <\/p>\n<h4>Vad g\u00f6r Nopsa Pro-modellen s\u00e5 popul\u00e4r?<\/h4>\n<p><strong>Anv\u00e4ndarv\u00e4nlighet och h\u00f6gklassig kvalitet d\u00e4r alla detaljer \u00e4r noggrant t\u00e4nkt p\u00e5. Nopsa PRO -t\u00e4ltet \u00e4r  <\/strong><strong>n<\/strong><strong>Snabb att s\u00e4tta upp T\u00e4ltet kan s\u00e4ttas upp l\u00e4tt p\u00e5 egenhabdutan st\u00f6rre besv\u00e4r p\u00e5 bara n\u00e5gra tiotals sekunder Nopsa -snabbt\u00e4lt f\u00f6ljer l\u00e4tt med i ett kompakt &#8220;paket&#8221; i sin egen transportv\u00e4ska utan n\u00e5gra extra sv\u00e5ra l\u00f6sa delar.  <\/strong><\/p>\n<p>Nopsa-snabbt\u00e4lt kombineras av finsk planering och internationellt genomf\u00f6rande p\u00e5 det b\u00e4sta m\u00f6jliga s\u00e4tt. Nopsa-snabbt\u00e4lt \u00e4r planerat f\u00f6r finska v\u00e4derf\u00f6rh\u00e5llanden. Vi presenterar stolt en riktigt kvalitativ, men \u00e5nd\u00e5 billigt alternativ till alla f\u00f6rs\u00e4ljning-, presentation- eller paryt\u00e4lt till de som beh\u00f6ver. PRO -modellens ram \u00e4r gjord av h\u00f6gklassig och h\u00e5llbar <strong>sekskantig 1,8mm tjock specialaluminium.<\/strong> Tack vare detta <strong>Nopsa PRO-modellen \u00e4r konstruktionen gjord av 40 mm aluminiumprofil klart l\u00e4ttare, behagligare att hantera och mer h\u00e5llbara<\/strong> \u00e4n de betydligt tyngre och samtidigt svagare strukturerna i de flesta andra t\u00e4lt.<\/p>\n<p><strong>Ramens dragspel struktur \u00e4r oerh\u00f6rt stark<\/strong> och i dessa anv\u00e4nder vi inga plastdelar som g\u00e5r l\u00e4tt s\u00f6nder. I alla t\u00e4lt i PRO-modellen \u00e4r lederna och anslutningsdelarna som uts\u00e4tts f\u00f6r tunga belastningar gjorda av aluminium eller st\u00e5l. Alla tygdelar som \u00e4r i kontakt med ytor och leder \u00e4r gjord av extremt slitbar och stark nylon , som h\u00e5ller -30 C till + 30 C v\u00e4rme utan att de g\u00e5r s\u00f6nder. Nylon delarna \u00e4r oerh\u00f6rt h\u00e5llbara och p\u00e5 det samma skyddar de tak- och v\u00e4ggtyget fr\u00e5n att skavas s\u00f6nder Nopsan PRO -modellens tak och v\u00e4ggar h\u00e5ller l\u00e4nge    <\/p>\n<p><strong>Tak och v\u00e4ggar \u00e4r gjorda av l\u00e4ttsk\u00f6tt, helt vatten- och vindt\u00e4t, UV-best\u00e4ndig ULTRA STARK polyestertyg (vikt endast 318g\/m2).<\/strong> Alla tyg \u00e4r ocks\u00e5 brands\u00e4kra ( B1 DIN 4102-1). Taket sitter fast i ramen med robusta h\u00f6rnkardborrband och alla sidor \u00e4r f\u00f6rst\u00e4rkta med snabbl\u00e5s f\u00f6r att klara av det h\u00e5rdaste slitage. Taktygets automatiska sp\u00e4nningsmekanism h\u00e5ller taket sp\u00e4nt i h\u00e5rda f\u00f6rh\u00e5llanden V\u00e4ggarna s\u00e4ts fast i taket med beh\u00e4ndiga kardborrband och h\u00f6rnen f\u00e5r man fast med dragkedja Takets h\u00f6rn har h\u00e5llbara metallringar f\u00f6r montering. Paketet inneh\u00e5ller ocks\u00e5 t\u00e4ltpinnar och karabinhakar med tillh\u00f6rande f\u00e4sttejp. Till taket och v\u00e4ggarna finns ett bra utbud av f\u00e4rger tex. mycket popul\u00e4ra randtyger.      <\/p>\n<p><strong>Ramens ben kan st\u00e4llas in p\u00e5 fem olika h\u00f6jder.<\/strong><\/p>\n<p>Nopsa -snabbt\u00e4lts transportv\u00e4ska \u00e4r av bra kvalitet och l\u00e4tt att anv\u00e4nda. Den praktiska v\u00e4skan med hjul \u00e4r l\u00e4tt att transportera och <strong>transportv\u00e4skans dragkedja \u00f6ppnas p\u00e5 hela l\u00e4ngden<\/strong> som g\u00f6r det l\u00e4tt och snabbt att ta t\u00e4ltet ibruk samt packa den tillbaka f\u00f6r transport. <\/p>\n<p><strong>Ett omfattande urval av tillbeh\u00f6r finns till alla t\u00e4lt i PRO-modellen<\/strong>, t.ex. f\u00e4stelement, vikter, st\u00f6dj\u00e4rn, regn- och solskydd, h\u00e4ngr\u00e4nnor, diverse f\u00f6nster- och d\u00f6rrv\u00e4ggar, reklambanderoller, bord, stegbord m.m. Med de r\u00e4tta extrautrustningarna f\u00f6r du den b\u00e4sta m\u00f6jliga verkningsgrad av ditt t\u00e4lt. Vi rekommenderar som extrautrustning vikter och v\u00e4ggar! Vi hj\u00e4lper mer \u00e4n gj\u00e4rna till med tex. r\u00e4ddningsverkets och de olika st\u00e4dernas fasts\u00e4ttning- och s\u00e4kerhetsregleringar.    <\/p>\n<p>Med personliga tryckningar p\u00e5 t\u00e4ltet \u00e4r det b\u00e4sta s\u00e4ttet att synnas i massorna. <strong>Vi erbjuder ett stort urval, snabbt och kostnadseffektiva tryckningar.tex.<\/strong> gavelns texttryckningar till hela digitryckta t\u00e4lt. V\u00e5ra tryckta t\u00e4lt anv\u00e4nds redan av m\u00e5nga olika f\u00f6retag, f\u00f6reningar, parti, sportf\u00f6reningar och olika motorsportteam.  <\/p>\n<p><strong>Nopsa -snabbt\u00e4lt har en l\u00e5ng livsl\u00e4ngd. Till alla material kommer det till och med tv\u00e5 \u00e5rs garanti <\/strong> sek\u00e4 kattava huoltopalvelu. Det \u00e4r v\u00e4rt att notera att de nuvarande t\u00e4lttygerna i PRO-kollektionen \u00e4r kompatibla med \u00e4ven de \u00e4ldsta t\u00e4ltramarna i PRO-kollektionen, mer \u00e4n tio \u00e5r gamla, och alla m\u00f6jliga reservdelar finns direkt i v\u00e5rt f\u00f6rs\u00e4ljningslager. Vi erbjuder ocks\u00e5 s\u00e5 kallad. uppdateringspaket till gamla ramar med dagens funktioner. I alla leveranser finns det tydliga <strong>finska upps\u00e4ttnings- och bruksanvisningar<\/strong>.    <\/p>\n","protected":false},"excerpt":{"rendered":"<p><a href=\"https:\/\/www.teltat.fi\/wp-content\/uploads\/2023\/02\/height329.png\" target=\"_blank\" rel=\"noopener\"><img decoding=\"async\" class=\"alignnone size-thumbnail\" src=\"https:\/\/www.teltat.fi\/wp-content\/uploads\/2023\/02\/height329.png\" alt=\"T\u00e4ltets h\u00f6jd 329 cm och g\u00e5ngbanans h\u00f6jd 200 cm\" width=\"100\" height=\"100\"><\/a><br \/>\n<a href=\"https:\/\/www.teltat.fi\/wp-content\/uploads\/2023\/02\/fabric.png\" target=\"_blank\" rel=\"noopener\"><img decoding=\"async\" class=\"alignnone size-thumbnail\" src=\"https:\/\/www.teltat.fi\/wp-content\/uploads\/2023\/02\/fabric.png\" alt=\"ultrastarka tyger 318g\/m2\" width=\"100\" height=\"100\"><\/a><br \/>\n<a href=\"https:\/\/www.teltat.fi\/wp-content\/uploads\/2023\/02\/frame40.png\" target=\"_blank\" rel=\"noopener\"><img decoding=\"async\" class=\"alignnone size-thumbnail\" src=\"https:\/\/www.teltat.fi\/wp-content\/uploads\/2023\/02\/frame40.png\" alt=\"40mm 6 h\u00f6rn aluminiumprofil\" width=\"100\" height=\"100\"><\/a><br \/>\n<a href=\"https:\/\/www.teltat.fi\/wp-content\/uploads\/2023\/02\/size155-55-35.png\" target=\"_blank\" rel=\"noopener\"><img loading=\"lazy\" decoding=\"async\" class=\"alignnone size-thumbnail\" src=\"https:\/\/www.teltat.fi\/wp-content\/uploads\/2023\/02\/size155-55-35.png\" alt=\"Minsta transportstorlek 55x35x155cm\" width=\"100\" height=\"100\"><\/a><br \/>\n<a href=\"https:\/\/www.teltat.fi\/wp-content\/uploads\/2023\/02\/weight44.png\" target=\"_blank\" rel=\"noopener\"><img loading=\"lazy\" decoding=\"async\" class=\"alignnone size-thumbnail\" src=\"https:\/\/www.teltat.fi\/wp-content\/uploads\/2023\/02\/weight44.png\" alt=\"Totalvikt 44kg\" width=\"100\" height=\"100\"><\/a><br \/>\n<a href=\"https:\/\/www.teltat.fi\/wp-content\/uploads\/2023\/02\/fire.png\" target=\"_blank\" rel=\"noopener\"><img loading=\"lazy\" decoding=\"async\" class=\"alignnone size-thumbnail\" src=\"https:\/\/www.teltat.fi\/wp-content\/uploads\/2023\/02\/fire.png\" alt=\"Klassificerad f\u00f6r brands\u00e4kerhet\" width=\"100\" height=\"100\"><\/a><br \/>\n<a href=\"https:\/\/www.teltat.fi\/wp-content\/uploads\/2023\/02\/weather.png\" target=\"_blank\" rel=\"noopener\"><img loading=\"lazy\" decoding=\"async\" class=\"alignnone size-thumbnail\" src=\"https:\/\/www.teltat.fi\/wp-content\/uploads\/2023\/02\/weather.png\" alt=\"UV-skyddat material f\u00f6r alla f\u00f6rh\u00e5llanden\" width=\"100\" height=\"100\"><\/a><br \/>\n<a href=\"https:\/\/www.teltat.fi\/wp-content\/uploads\/2023\/02\/warranty.png\" target=\"_blank\" rel=\"noopener\"><img loading=\"lazy\" decoding=\"async\" class=\"alignnone size-thumbnail\" src=\"https:\/\/www.teltat.fi\/wp-content\/uploads\/2023\/02\/warranty.png\" alt=\"2 \u00e5rs materialgaranti\" width=\"100\" height=\"100\"><\/a><\/p>\n<p><span>Paketet inneh\u00e5ller inte v\u00e4ggar, samt t\u00e4ltvikter.<\/span><\/p>\n","protected":false},"featured_media":8500,"template":"","meta":{"_acf_changed":false,"_eb_attr":"","site-sidebar-layout":"default","site-content-layout":"","ast-site-content-layout":"default","site-content-style":"default","site-sidebar-style":"default","ast-global-header-display":"","ast-banner-title-visibility":"","ast-main-header-display":"","ast-hfb-above-header-display":"","ast-hfb-below-header-display":"","ast-hfb-mobile-header-display":"","site-post-title":"","ast-breadcrumbs-content":"","ast-featured-img":"","footer-sml-layout":"","ast-disable-related-posts":"","theme-transparent-header-meta":"default","adv-header-id-meta":"","stick-header-meta":"","header-above-stick-meta":"","header-main-stick-meta":"","header-below-stick-meta":"","astra-migrate-meta-layouts":"default","ast-page-background-enabled":"default","ast-page-background-meta":{"desktop":{"background-color":"var(--ast-global-color-5)","background-image":"","background-repeat":"repeat","background-position":"center center","background-size":"auto","background-attachment":"scroll","background-type":"","background-media":"","overlay-type":"","overlay-color":"","overlay-opacity":"","overlay-gradient":""},"tablet":{"background-color":"","background-image":"","background-repeat":"repeat","background-position":"center center","background-size":"auto","background-attachment":"scroll","background-type":"","background-media":"","overlay-type":"","overlay-color":"","overlay-opacity":"","overlay-gradient":""},"mobile":{"background-color":"","background-image":"","background-repeat":"repeat","background-position":"center center","background-size":"auto","background-attachment":"scroll","background-type":"","background-media":"","overlay-type":"","overlay-color":"","overlay-opacity":"","overlay-gradient":""}},"ast-content-background-meta":{"desktop":{"background-color":"var(--ast-global-color-4)","background-image":"","background-repeat":"repeat","background-position":"center center","background-size":"auto","background-attachment":"scroll","background-type":"","background-media":"","overlay-type":"","overlay-color":"","overlay-opacity":"","overlay-gradient":""},"tablet":{"background-color":"var(--ast-global-color-4)","background-image":"","background-repeat":"repeat","background-position":"center center","background-size":"auto","background-attachment":"scroll","background-type":"","background-media":"","overlay-type":"","overlay-color":"","overlay-opacity":"","overlay-gradient":""},"mobile":{"background-color":"var(--ast-global-color-4)","background-image":"","background-repeat":"repeat","background-position":"center center","background-size":"auto","background-attachment":"scroll","background-type":"","background-media":"","overlay-type":"","overlay-color":"","overlay-opacity":"","overlay-gradient":""}}},"product_brand":[],"product_cat":[229],"product_tag":[],"class_list":{"0":"post-8996","1":"product","2":"type-product","3":"status-publish","4":"has-post-thumbnail","6":"product_cat-pro-snabbtalt","7":"desktop-align-left","8":"tablet-align-left","9":"mobile-align-left","11":"first","12":"instock","13":"sale","14":"taxable","15":"shipping-taxable","16":"purchasable","17":"product-type-variable"},"acf":[],"yoast_head":"<!-- This site is optimized with the Yoast SEO Premium plugin v24.5 (Yoast SEO v27.4) - https:\/\/yoast.com\/product\/yoast-seo-premium-wordpress\/ -->\n<title>Nopsa snabbt\u00e4lt \/ pop up t\u00e4lt 2x4 m Pro<\/title>\n<meta name=\"description\" content=\"Nopsa Pro pop up-t\u00e4lt 2\u00d74 m, i flera f\u00e4rger och med tillbeh\u00f6r. Best\u00e4ll ett l\u00e4tt men h\u00e5llbart snabbt\u00e4lt i 2x4-dimensioner till ett \u00f6verkomligt pris fr\u00e5n v\u00e5r onlinebutik!\" \/>\n<meta name=\"robots\" content=\"index, follow, max-snippet:-1, max-image-preview:large, max-video-preview:-1\" \/>\n<link rel=\"canonical\" href=\"https:\/\/www.teltat.fi\/sv\/produkt\/nopsa-snabbtalt-pop-up-talt-2x4-m-pro\/\" \/>\n<meta property=\"og:locale\" content=\"sv_SE\" \/>\n<meta property=\"og:type\" content=\"article\" \/>\n<meta property=\"og:title\" content=\"Nopsa snabbt\u00e4lt \/ pop up t\u00e4lt 2x4 m Pro\" \/>\n<meta property=\"og:description\" content=\"Nopsa Pro pop up-t\u00e4lt 2\u00d74 m, i flera f\u00e4rger och med tillbeh\u00f6r. Best\u00e4ll ett l\u00e4tt men h\u00e5llbart snabbt\u00e4lt i 2x4-dimensioner till ett \u00f6verkomligt pris fr\u00e5n v\u00e5r onlinebutik!\" \/>\n<meta property=\"og:url\" content=\"https:\/\/www.teltat.fi\/sv\/produkt\/nopsa-snabbtalt-pop-up-talt-2x4-m-pro\/\" \/>\n<meta property=\"og:site_name\" content=\"Nopsa\" \/>\n<meta property=\"article:publisher\" content=\"https:\/\/www.facebook.com\/teltat.fi\/\" \/>\n<meta property=\"article:modified_time\" content=\"2025-12-01T00:15:11+00:00\" \/>\n<meta property=\"og:image\" content=\"https:\/\/www.teltat.fi\/wp-content\/uploads\/2023\/02\/2x4-kaikki-varit.png\" \/>\n\t<meta property=\"og:image:width\" content=\"550\" \/>\n\t<meta property=\"og:image:height\" content=\"550\" \/>\n\t<meta property=\"og:image:type\" content=\"image\/png\" \/>\n<meta name=\"twitter:card\" content=\"summary_large_image\" \/>\n<meta name=\"twitter:label1\" content=\"Ber\u00e4knad l\u00e4stid\" \/>\n\t<meta name=\"twitter:data1\" content=\"4 minuter\" \/>\n<script type=\"application\/ld+json\" class=\"yoast-schema-graph\">{\"@context\":\"https:\\\/\\\/schema.org\",\"@graph\":[{\"@type\":[\"WebPage\",\"ItemPage\"],\"@id\":\"https:\\\/\\\/www.teltat.fi\\\/sv\\\/produkt\\\/nopsa-snabbtalt-pop-up-talt-2x4-m-pro\\\/\",\"url\":\"https:\\\/\\\/www.teltat.fi\\\/sv\\\/produkt\\\/nopsa-snabbtalt-pop-up-talt-2x4-m-pro\\\/\",\"name\":\"Nopsa snabbt\u00e4lt \\\/ pop up t\u00e4lt 2x4 m Pro\",\"isPartOf\":{\"@id\":\"https:\\\/\\\/www.teltat.fi\\\/sv\\\/#website\"},\"primaryImageOfPage\":{\"@id\":\"https:\\\/\\\/www.teltat.fi\\\/sv\\\/produkt\\\/nopsa-snabbtalt-pop-up-talt-2x4-m-pro\\\/#primaryimage\"},\"image\":{\"@id\":\"https:\\\/\\\/www.teltat.fi\\\/sv\\\/produkt\\\/nopsa-snabbtalt-pop-up-talt-2x4-m-pro\\\/#primaryimage\"},\"thumbnailUrl\":\"https:\\\/\\\/www.teltat.fi\\\/wp-content\\\/uploads\\\/2023\\\/02\\\/2x4-kaikki-varit.png\",\"datePublished\":\"2023-02-08T10:05:21+00:00\",\"dateModified\":\"2025-12-01T00:15:11+00:00\",\"description\":\"Nopsa Pro pop up-t\u00e4lt 2\u00d74 m, i flera f\u00e4rger och med tillbeh\u00f6r. Best\u00e4ll ett l\u00e4tt men h\u00e5llbart snabbt\u00e4lt i 2x4-dimensioner till ett \u00f6verkomligt pris fr\u00e5n v\u00e5r onlinebutik!\",\"breadcrumb\":{\"@id\":\"https:\\\/\\\/www.teltat.fi\\\/sv\\\/produkt\\\/nopsa-snabbtalt-pop-up-talt-2x4-m-pro\\\/#breadcrumb\"},\"inLanguage\":\"sv-SE\",\"potentialAction\":[{\"@type\":\"ReadAction\",\"target\":[\"https:\\\/\\\/www.teltat.fi\\\/sv\\\/produkt\\\/nopsa-snabbtalt-pop-up-talt-2x4-m-pro\\\/\"]}]},{\"@type\":\"ImageObject\",\"inLanguage\":\"sv-SE\",\"@id\":\"https:\\\/\\\/www.teltat.fi\\\/sv\\\/produkt\\\/nopsa-snabbtalt-pop-up-talt-2x4-m-pro\\\/#primaryimage\",\"url\":\"https:\\\/\\\/www.teltat.fi\\\/wp-content\\\/uploads\\\/2023\\\/02\\\/2x4-kaikki-varit.png\",\"contentUrl\":\"https:\\\/\\\/www.teltat.fi\\\/wp-content\\\/uploads\\\/2023\\\/02\\\/2x4-kaikki-varit.png\",\"width\":550,\"height\":550,\"caption\":\"Nopsa snabbt\u00e4lt \\\/ pop up t\u00e4lt 2x4m\"},{\"@type\":\"BreadcrumbList\",\"@id\":\"https:\\\/\\\/www.teltat.fi\\\/sv\\\/produkt\\\/nopsa-snabbtalt-pop-up-talt-2x4-m-pro\\\/#breadcrumb\",\"itemListElement\":[{\"@type\":\"ListItem\",\"position\":1,\"name\":\"Startsida\",\"item\":\"https:\\\/\\\/www.teltat.fi\\\/sv\\\/hemsida\\\/\"},{\"@type\":\"ListItem\",\"position\":2,\"name\":\"Butik\",\"item\":\"https:\\\/\\\/www.teltat.fi\\\/sv\\\/butik\\\/\"},{\"@type\":\"ListItem\",\"position\":3,\"name\":\"POP-UP \\\/ SNABBT\u00c4LT\",\"item\":\"https:\\\/\\\/www.teltat.fi\\\/sv\\\/produktkategori\\\/pop-up-talt\\\/\"},{\"@type\":\"ListItem\",\"position\":4,\"name\":\"Pro Snabbt\u00e4lt\",\"item\":\"https:\\\/\\\/www.teltat.fi\\\/sv\\\/produktkategori\\\/pop-up-talt\\\/pro-snabbtalt\\\/\"},{\"@type\":\"ListItem\",\"position\":5,\"name\":\"Nopsa snabbt\u00e4lt \\\/ pop up t\u00e4lt 2&#215;4 m Pro\"}]},{\"@type\":\"WebSite\",\"@id\":\"https:\\\/\\\/www.teltat.fi\\\/sv\\\/#website\",\"url\":\"https:\\\/\\\/www.teltat.fi\\\/sv\\\/\",\"name\":\"Nopsa\",\"description\":\"Pop-up teltat ja tarvikkeet kaikkiin tapahtumiin\",\"publisher\":{\"@id\":\"https:\\\/\\\/www.teltat.fi\\\/sv\\\/#organization\"},\"alternateName\":\"Nopsa popup teltat\",\"potentialAction\":[{\"@type\":\"SearchAction\",\"target\":{\"@type\":\"EntryPoint\",\"urlTemplate\":\"https:\\\/\\\/www.teltat.fi\\\/sv\\\/?s={search_term_string}\"},\"query-input\":{\"@type\":\"PropertyValueSpecification\",\"valueRequired\":true,\"valueName\":\"search_term_string\"}}],\"inLanguage\":\"sv-SE\"},{\"@type\":\"Organization\",\"@id\":\"https:\\\/\\\/www.teltat.fi\\\/sv\\\/#organization\",\"name\":\"www.teltat.fi\",\"alternateName\":\"Nopsa popup-t\u00e4lt och tillbeh\u00f6r\",\"url\":\"https:\\\/\\\/www.teltat.fi\\\/sv\\\/\",\"logo\":{\"@type\":\"ImageObject\",\"inLanguage\":\"sv-SE\",\"@id\":\"https:\\\/\\\/www.teltat.fi\\\/sv\\\/#\\\/schema\\\/logo\\\/image\\\/\",\"url\":\"https:\\\/\\\/www.teltat.fi\\\/wp-content\\\/uploads\\\/2025\\\/03\\\/Nopsa-logo-white-no-circle-RGB.svg\",\"contentUrl\":\"https:\\\/\\\/www.teltat.fi\\\/wp-content\\\/uploads\\\/2025\\\/03\\\/Nopsa-logo-white-no-circle-RGB.svg\",\"width\":1080,\"height\":548,\"caption\":\"www.teltat.fi\"},\"image\":{\"@id\":\"https:\\\/\\\/www.teltat.fi\\\/sv\\\/#\\\/schema\\\/logo\\\/image\\\/\"},\"sameAs\":[\"https:\\\/\\\/www.facebook.com\\\/teltat.fi\\\/\"],\"email\":\"myynti@teltat.fi\",\"telephone\":\"+358105260424\",\"foundingDate\":\"1994-05-18\",\"vatID\":\"FI09519220\",\"numberOfEmployees\":{\"@type\":\"QuantitativeValue\",\"minValue\":\"1\",\"maxValue\":\"10\"}}]}<\/script>\n<!-- \/ Yoast SEO Premium plugin. -->","yoast_head_json":{"title":"Nopsa snabbt\u00e4lt \/ pop up t\u00e4lt 2x4 m Pro","description":"Nopsa Pro pop up-t\u00e4lt 2\u00d74 m, i flera f\u00e4rger och med tillbeh\u00f6r. Best\u00e4ll ett l\u00e4tt men h\u00e5llbart snabbt\u00e4lt i 2x4-dimensioner till ett \u00f6verkomligt pris fr\u00e5n v\u00e5r onlinebutik!","robots":{"index":"index","follow":"follow","max-snippet":"max-snippet:-1","max-image-preview":"max-image-preview:large","max-video-preview":"max-video-preview:-1"},"canonical":"https:\/\/www.teltat.fi\/sv\/produkt\/nopsa-snabbtalt-pop-up-talt-2x4-m-pro\/","og_locale":"sv_SE","og_type":"article","og_title":"Nopsa snabbt\u00e4lt \/ pop up t\u00e4lt 2x4 m Pro","og_description":"Nopsa Pro pop up-t\u00e4lt 2\u00d74 m, i flera f\u00e4rger och med tillbeh\u00f6r. Best\u00e4ll ett l\u00e4tt men h\u00e5llbart snabbt\u00e4lt i 2x4-dimensioner till ett \u00f6verkomligt pris fr\u00e5n v\u00e5r onlinebutik!","og_url":"https:\/\/www.teltat.fi\/sv\/produkt\/nopsa-snabbtalt-pop-up-talt-2x4-m-pro\/","og_site_name":"Nopsa","article_publisher":"https:\/\/www.facebook.com\/teltat.fi\/","article_modified_time":"2025-12-01T00:15:11+00:00","og_image":[{"width":550,"height":550,"url":"https:\/\/www.teltat.fi\/wp-content\/uploads\/2023\/02\/2x4-kaikki-varit.png","type":"image\/png"}],"twitter_card":"summary_large_image","twitter_misc":{"Ber\u00e4knad l\u00e4stid":"4 minuter"},"schema":{"@context":"https:\/\/schema.org","@graph":[{"@type":["WebPage","ItemPage"],"@id":"https:\/\/www.teltat.fi\/sv\/produkt\/nopsa-snabbtalt-pop-up-talt-2x4-m-pro\/","url":"https:\/\/www.teltat.fi\/sv\/produkt\/nopsa-snabbtalt-pop-up-talt-2x4-m-pro\/","name":"Nopsa snabbt\u00e4lt \/ pop up t\u00e4lt 2x4 m Pro","isPartOf":{"@id":"https:\/\/www.teltat.fi\/sv\/#website"},"primaryImageOfPage":{"@id":"https:\/\/www.teltat.fi\/sv\/produkt\/nopsa-snabbtalt-pop-up-talt-2x4-m-pro\/#primaryimage"},"image":{"@id":"https:\/\/www.teltat.fi\/sv\/produkt\/nopsa-snabbtalt-pop-up-talt-2x4-m-pro\/#primaryimage"},"thumbnailUrl":"https:\/\/www.teltat.fi\/wp-content\/uploads\/2023\/02\/2x4-kaikki-varit.png","datePublished":"2023-02-08T10:05:21+00:00","dateModified":"2025-12-01T00:15:11+00:00","description":"Nopsa Pro pop up-t\u00e4lt 2\u00d74 m, i flera f\u00e4rger och med tillbeh\u00f6r. Best\u00e4ll ett l\u00e4tt men h\u00e5llbart snabbt\u00e4lt i 2x4-dimensioner till ett \u00f6verkomligt pris fr\u00e5n v\u00e5r onlinebutik!","breadcrumb":{"@id":"https:\/\/www.teltat.fi\/sv\/produkt\/nopsa-snabbtalt-pop-up-talt-2x4-m-pro\/#breadcrumb"},"inLanguage":"sv-SE","potentialAction":[{"@type":"ReadAction","target":["https:\/\/www.teltat.fi\/sv\/produkt\/nopsa-snabbtalt-pop-up-talt-2x4-m-pro\/"]}]},{"@type":"ImageObject","inLanguage":"sv-SE","@id":"https:\/\/www.teltat.fi\/sv\/produkt\/nopsa-snabbtalt-pop-up-talt-2x4-m-pro\/#primaryimage","url":"https:\/\/www.teltat.fi\/wp-content\/uploads\/2023\/02\/2x4-kaikki-varit.png","contentUrl":"https:\/\/www.teltat.fi\/wp-content\/uploads\/2023\/02\/2x4-kaikki-varit.png","width":550,"height":550,"caption":"Nopsa snabbt\u00e4lt \/ pop up t\u00e4lt 2x4m"},{"@type":"BreadcrumbList","@id":"https:\/\/www.teltat.fi\/sv\/produkt\/nopsa-snabbtalt-pop-up-talt-2x4-m-pro\/#breadcrumb","itemListElement":[{"@type":"ListItem","position":1,"name":"Startsida","item":"https:\/\/www.teltat.fi\/sv\/hemsida\/"},{"@type":"ListItem","position":2,"name":"Butik","item":"https:\/\/www.teltat.fi\/sv\/butik\/"},{"@type":"ListItem","position":3,"name":"POP-UP \/ SNABBT\u00c4LT","item":"https:\/\/www.teltat.fi\/sv\/produktkategori\/pop-up-talt\/"},{"@type":"ListItem","position":4,"name":"Pro Snabbt\u00e4lt","item":"https:\/\/www.teltat.fi\/sv\/produktkategori\/pop-up-talt\/pro-snabbtalt\/"},{"@type":"ListItem","position":5,"name":"Nopsa snabbt\u00e4lt \/ pop up t\u00e4lt 2&#215;4 m Pro"}]},{"@type":"WebSite","@id":"https:\/\/www.teltat.fi\/sv\/#website","url":"https:\/\/www.teltat.fi\/sv\/","name":"Nopsa","description":"Pop-up teltat ja tarvikkeet kaikkiin tapahtumiin","publisher":{"@id":"https:\/\/www.teltat.fi\/sv\/#organization"},"alternateName":"Nopsa popup teltat","potentialAction":[{"@type":"SearchAction","target":{"@type":"EntryPoint","urlTemplate":"https:\/\/www.teltat.fi\/sv\/?s={search_term_string}"},"query-input":{"@type":"PropertyValueSpecification","valueRequired":true,"valueName":"search_term_string"}}],"inLanguage":"sv-SE"},{"@type":"Organization","@id":"https:\/\/www.teltat.fi\/sv\/#organization","name":"www.teltat.fi","alternateName":"Nopsa popup-t\u00e4lt och tillbeh\u00f6r","url":"https:\/\/www.teltat.fi\/sv\/","logo":{"@type":"ImageObject","inLanguage":"sv-SE","@id":"https:\/\/www.teltat.fi\/sv\/#\/schema\/logo\/image\/","url":"https:\/\/www.teltat.fi\/wp-content\/uploads\/2025\/03\/Nopsa-logo-white-no-circle-RGB.svg","contentUrl":"https:\/\/www.teltat.fi\/wp-content\/uploads\/2025\/03\/Nopsa-logo-white-no-circle-RGB.svg","width":1080,"height":548,"caption":"www.teltat.fi"},"image":{"@id":"https:\/\/www.teltat.fi\/sv\/#\/schema\/logo\/image\/"},"sameAs":["https:\/\/www.facebook.com\/teltat.fi\/"],"email":"myynti@teltat.fi","telephone":"+358105260424","foundingDate":"1994-05-18","vatID":"FI09519220","numberOfEmployees":{"@type":"QuantitativeValue","minValue":"1","maxValue":"10"}}]}},"_links":{"self":[{"href":"https:\/\/www.teltat.fi\/sv\/wp-json\/wp\/v2\/product\/8996","targetHints":{"allow":["GET"]}}],"collection":[{"href":"https:\/\/www.teltat.fi\/sv\/wp-json\/wp\/v2\/product"}],"about":[{"href":"https:\/\/www.teltat.fi\/sv\/wp-json\/wp\/v2\/types\/product"}],"version-history":[{"count":2,"href":"https:\/\/www.teltat.fi\/sv\/wp-json\/wp\/v2\/product\/8996\/revisions"}],"predecessor-version":[{"id":23431,"href":"https:\/\/www.teltat.fi\/sv\/wp-json\/wp\/v2\/product\/8996\/revisions\/23431"}],"wp:featuredmedia":[{"embeddable":true,"href":"https:\/\/www.teltat.fi\/sv\/wp-json\/wp\/v2\/media\/8500"}],"wp:attachment":[{"href":"https:\/\/www.teltat.fi\/sv\/wp-json\/wp\/v2\/media?parent=8996"}],"wp:term":[{"taxonomy":"product_brand","embeddable":true,"href":"https:\/\/www.teltat.fi\/sv\/wp-json\/wp\/v2\/product_brand?post=8996"},{"taxonomy":"product_cat","embeddable":true,"href":"https:\/\/www.teltat.fi\/sv\/wp-json\/wp\/v2\/product_cat?post=8996"},{"taxonomy":"product_tag","embeddable":true,"href":"https:\/\/www.teltat.fi\/sv\/wp-json\/wp\/v2\/product_tag?post=8996"}],"curies":[{"name":"wp","href":"https:\/\/api.w.org\/{rel}","templated":true}]}}