{"id":9269,"date":"2023-02-08T13:18:55","date_gmt":"2023-02-08T13:18:55","guid":{"rendered":"https:\/\/www.teltat.fi\/tuote\/nopsa-4x8m-vaggpaket\/"},"modified":"2025-05-29T18:05:20","modified_gmt":"2025-05-29T15:05:20","slug":"nopsa-4x8m-vaggpaket","status":"publish","type":"product","link":"https:\/\/www.teltat.fi\/sv\/produkt\/nopsa-4x8m-vaggpaket\/","title":{"rendered":"Nopsa 4x8m v\u00e4ggpaket"},"content":{"rendered":"<p>Nopsa v\u00e4ggpaket inneh\u00e5ller 4 valfria v\u00e4ggar f\u00f6r alla sidor av t\u00e4ltet. \u00d6nskat antal v\u00e4ggar kan f\u00e4stas p\u00e5 t\u00e4ltet, beroende p\u00e5 situationen. V\u00e4ggarna kan anslutas till varandra med hj\u00e4lp av dragkedjor i kanterna, s\u00e5 att t\u00e4ltet kan st\u00e4ngas t\u00e4tt.  <\/p>\n<ul>\n<li>Enkel och s\u00e4ker fasts\u00e4ttning med 50 mm breda kardborreband<\/li>\n<li>Slitstarka dragkedjor i kanterna<\/li>\n<li>V\u00e4ggtyget \u00e4r 100 % vattent\u00e4tt, smutsavvisande PVC-belagd 500D polyester<\/li>\n<li>Brands\u00e4ker B1 DIN 4102-1<\/li>\n<li>B\u00e4rv\u00e4ska<\/li>\n<\/ul>\n<h5><strong>Paketalternativ:<\/strong><\/h5>\n<ol>\n<li>4 fasta v\u00e4ggar<\/li>\n<li>3 fasta v\u00e4ggar och 1 v\u00e4lvd f\u00f6nsterv\u00e4gg<\/li>\n<li>3 st st\u00e4ngda v\u00e4ggar och 1 d\u00f6rrv\u00e4gg<\/li>\n<li>2 fasta v\u00e4ggar, 1 v\u00e4lvd f\u00f6nsterv\u00e4gg och 1 d\u00f6rrv\u00e4gg<\/li>\n<\/ol>\n","protected":false},"excerpt":{"rendered":"<p>Nopsa v\u00e4ggpaket inneh\u00e5ller 4 valfria v\u00e4ggar f\u00f6r alla sidor av t\u00e4ltet. \u00d6nskat antal v\u00e4ggar kan f\u00e4stas p\u00e5 t\u00e4ltet, beroende p\u00e5 situationen. V\u00e4ggarna kan anslutas till varandra med hj\u00e4lp av dragkedjor i kanterna, s\u00e5 att t\u00e4ltet kan st\u00e4ngas t\u00e4tt. Enkel och s\u00e4ker fasts\u00e4ttning med 50 mm breda kardborreband Slitstarka dragkedjor i kanterna V\u00e4ggtyget \u00e4r 100 % vattent\u00e4tt, smutsavvisande PVC-belagd 500D polyester Brands\u00e4ker B1 DIN 4102-1 B\u00e4rv\u00e4ska Paketalternativ: 4 fasta v\u00e4ggar 3 fasta v\u00e4ggar och 1 v\u00e4lvd f\u00f6nsterv\u00e4gg 3 st st\u00e4ngda v\u00e4ggar och 1 d\u00f6rrv\u00e4gg 2 fasta v\u00e4ggar, 1 v\u00e4lvd f\u00f6nsterv\u00e4gg och 1 d\u00f6rrv\u00e4gg<\/p>\n","protected":false},"featured_media":8440,"template":"","meta":{"_acf_changed":false,"_eb_attr":"","site-sidebar-layout":"default","site-content-layout":"","ast-site-content-layout":"default","site-content-style":"default","site-sidebar-style":"default","ast-global-header-display":"","ast-banner-title-visibility":"","ast-main-header-display":"","ast-hfb-above-header-display":"","ast-hfb-below-header-display":"","ast-hfb-mobile-header-display":"","site-post-title":"","ast-breadcrumbs-content":"","ast-featured-img":"","footer-sml-layout":"","ast-disable-related-posts":"","theme-transparent-header-meta":"default","adv-header-id-meta":"","stick-header-meta":"","header-above-stick-meta":"","header-main-stick-meta":"","header-below-stick-meta":"","astra-migrate-meta-layouts":"default","ast-page-background-enabled":"default","ast-page-background-meta":{"desktop":{"background-color":"var(--ast-global-color-5)","background-image":"","background-repeat":"repeat","background-position":"center center","background-size":"auto","background-attachment":"scroll","background-type":"","background-media":"","overlay-type":"","overlay-color":"","overlay-opacity":"","overlay-gradient":""},"tablet":{"background-color":"","background-image":"","background-repeat":"repeat","background-position":"center center","background-size":"auto","background-attachment":"scroll","background-type":"","background-media":"","overlay-type":"","overlay-color":"","overlay-opacity":"","overlay-gradient":""},"mobile":{"background-color":"","background-image":"","background-repeat":"repeat","background-position":"center center","background-size":"auto","background-attachment":"scroll","background-type":"","background-media":"","overlay-type":"","overlay-color":"","overlay-opacity":"","overlay-gradient":""}},"ast-content-background-meta":{"desktop":{"background-color":"var(--ast-global-color-4)","background-image":"","background-repeat":"repeat","background-position":"center center","background-size":"auto","background-attachment":"scroll","background-type":"","background-media":"","overlay-type":"","overlay-color":"","overlay-opacity":"","overlay-gradient":""},"tablet":{"background-color":"var(--ast-global-color-4)","background-image":"","background-repeat":"repeat","background-position":"center center","background-size":"auto","background-attachment":"scroll","background-type":"","background-media":"","overlay-type":"","overlay-color":"","overlay-opacity":"","overlay-gradient":""},"mobile":{"background-color":"var(--ast-global-color-4)","background-image":"","background-repeat":"repeat","background-position":"center center","background-size":"auto","background-attachment":"scroll","background-type":"","background-media":"","overlay-type":"","overlay-color":"","overlay-opacity":"","overlay-gradient":""}},"_wp_convertkit_post_meta":{"form":"-1","landing_page":"0","tag":"0","restrict_content":"0"}},"product_brand":[],"product_cat":[249,248,247],"product_tag":[],"class_list":{"0":"post-9269","1":"product","2":"type-product","3":"status-publish","4":"has-post-thumbnail","6":"product_cat-vaggpaket-for-talt","7":"product_cat-vaggpaketen-sv","8":"product_cat-vaggpaketen","9":"desktop-align-left","10":"tablet-align-left","11":"mobile-align-left","13":"first","14":"instock","15":"sale","16":"taxable","17":"shipping-taxable","18":"purchasable","19":"product-type-variable"},"acf":[],"yoast_head":"<!-- This site is optimized with the Yoast SEO Premium plugin v24.5 (Yoast SEO v27.4) - https:\/\/yoast.com\/product\/yoast-seo-premium-wordpress\/ -->\n<title>Nopsa 4x8m v\u00e4ggpaket<\/title>\n<meta name=\"robots\" content=\"index, follow, max-snippet:-1, max-image-preview:large, max-video-preview:-1\" \/>\n<link rel=\"canonical\" href=\"https:\/\/www.teltat.fi\/sv\/produkt\/nopsa-4x8m-vaggpaket\/\" \/>\n<meta property=\"og:locale\" content=\"sv_SE\" \/>\n<meta property=\"og:type\" content=\"article\" \/>\n<meta property=\"og:title\" content=\"Nopsa 4x8m v\u00e4ggpaket\" \/>\n<meta property=\"og:description\" content=\"Nopsa v\u00e4ggpaket inneh\u00e5ller 4 valfria v\u00e4ggar f\u00f6r alla sidor av t\u00e4ltet. \u00d6nskat antal v\u00e4ggar kan f\u00e4stas p\u00e5 t\u00e4ltet, beroende p\u00e5 situationen. V\u00e4ggarna kan anslutas till varandra med hj\u00e4lp av dragkedjor i kanterna, s\u00e5 att t\u00e4ltet kan st\u00e4ngas t\u00e4tt. Enkel och s\u00e4ker fasts\u00e4ttning med 50 mm breda kardborreband Slitstarka dragkedjor i kanterna V\u00e4ggtyget \u00e4r 100 % vattent\u00e4tt, smutsavvisande PVC-belagd 500D polyester Brands\u00e4ker B1 DIN 4102-1 B\u00e4rv\u00e4ska Paketalternativ: 4 fasta v\u00e4ggar 3 fasta v\u00e4ggar och 1 v\u00e4lvd f\u00f6nsterv\u00e4gg 3 st st\u00e4ngda v\u00e4ggar och 1 d\u00f6rrv\u00e4gg 2 fasta v\u00e4ggar, 1 v\u00e4lvd f\u00f6nsterv\u00e4gg och 1 d\u00f6rrv\u00e4gg\" \/>\n<meta property=\"og:url\" content=\"https:\/\/www.teltat.fi\/sv\/produkt\/nopsa-4x8m-vaggpaket\/\" \/>\n<meta property=\"og:site_name\" content=\"Nopsa\" \/>\n<meta property=\"article:publisher\" content=\"https:\/\/www.facebook.com\/teltat.fi\/\" \/>\n<meta property=\"article:modified_time\" content=\"2025-05-29T15:05:20+00:00\" \/>\n<meta property=\"og:image\" content=\"https:\/\/i0.wp.com\/dev.teltat.fi\/wp-content\/uploads\/2023\/02\/seinat-yleis.jpg?fit=850%2C850&ssl=1\" \/>\n\t<meta property=\"og:image:width\" content=\"850\" \/>\n\t<meta property=\"og:image:height\" content=\"850\" \/>\n\t<meta property=\"og:image:type\" content=\"image\/jpeg\" \/>\n<meta name=\"twitter:card\" content=\"summary_large_image\" \/>\n<meta name=\"twitter:label1\" content=\"Ber\u00e4knad l\u00e4stid\" \/>\n\t<meta name=\"twitter:data1\" content=\"1 minut\" \/>\n<script type=\"application\/ld+json\" class=\"yoast-schema-graph\">{\"@context\":\"https:\\\/\\\/schema.org\",\"@graph\":[{\"@type\":[\"WebPage\",\"ItemPage\"],\"@id\":\"https:\\\/\\\/www.teltat.fi\\\/sv\\\/produkt\\\/nopsa-4x8m-vaggpaket\\\/\",\"url\":\"https:\\\/\\\/www.teltat.fi\\\/sv\\\/produkt\\\/nopsa-4x8m-vaggpaket\\\/\",\"name\":\"Nopsa 4x8m v\u00e4ggpaket\",\"isPartOf\":{\"@id\":\"https:\\\/\\\/www.teltat.fi\\\/sv\\\/#website\"},\"primaryImageOfPage\":{\"@id\":\"https:\\\/\\\/www.teltat.fi\\\/sv\\\/produkt\\\/nopsa-4x8m-vaggpaket\\\/#primaryimage\"},\"image\":{\"@id\":\"https:\\\/\\\/www.teltat.fi\\\/sv\\\/produkt\\\/nopsa-4x8m-vaggpaket\\\/#primaryimage\"},\"thumbnailUrl\":\"https:\\\/\\\/www.teltat.fi\\\/wp-content\\\/uploads\\\/2023\\\/02\\\/seinat-yleis.jpg\",\"datePublished\":\"2023-02-08T13:18:55+00:00\",\"dateModified\":\"2025-05-29T15:05:20+00:00\",\"breadcrumb\":{\"@id\":\"https:\\\/\\\/www.teltat.fi\\\/sv\\\/produkt\\\/nopsa-4x8m-vaggpaket\\\/#breadcrumb\"},\"inLanguage\":\"sv-SE\",\"potentialAction\":[{\"@type\":\"ReadAction\",\"target\":[\"https:\\\/\\\/www.teltat.fi\\\/sv\\\/produkt\\\/nopsa-4x8m-vaggpaket\\\/\"]}]},{\"@type\":\"ImageObject\",\"inLanguage\":\"sv-SE\",\"@id\":\"https:\\\/\\\/www.teltat.fi\\\/sv\\\/produkt\\\/nopsa-4x8m-vaggpaket\\\/#primaryimage\",\"url\":\"https:\\\/\\\/www.teltat.fi\\\/wp-content\\\/uploads\\\/2023\\\/02\\\/seinat-yleis.jpg\",\"contentUrl\":\"https:\\\/\\\/www.teltat.fi\\\/wp-content\\\/uploads\\\/2023\\\/02\\\/seinat-yleis.jpg\",\"width\":850,\"height\":850,\"caption\":\"V\u00e4ggar allm\u00e4nna\"},{\"@type\":\"BreadcrumbList\",\"@id\":\"https:\\\/\\\/www.teltat.fi\\\/sv\\\/produkt\\\/nopsa-4x8m-vaggpaket\\\/#breadcrumb\",\"itemListElement\":[{\"@type\":\"ListItem\",\"position\":1,\"name\":\"Startsida\",\"item\":\"https:\\\/\\\/www.teltat.fi\\\/sv\\\/hemsida\\\/\"},{\"@type\":\"ListItem\",\"position\":2,\"name\":\"Butik\",\"item\":\"https:\\\/\\\/www.teltat.fi\\\/sv\\\/butik\\\/\"},{\"@type\":\"ListItem\",\"position\":3,\"name\":\"POP-UP \\\/ SNABBT\u00c4LT\",\"item\":\"https:\\\/\\\/www.teltat.fi\\\/sv\\\/produktkategori\\\/pop-up-talt\\\/\"},{\"@type\":\"ListItem\",\"position\":4,\"name\":\"V\u00e4ggpaketen\",\"item\":\"https:\\\/\\\/www.teltat.fi\\\/sv\\\/produktkategori\\\/pop-up-talt\\\/vaggpaketen\\\/\"},{\"@type\":\"ListItem\",\"position\":5,\"name\":\"Nopsa 4x8m v\u00e4ggpaket\"}]},{\"@type\":\"WebSite\",\"@id\":\"https:\\\/\\\/www.teltat.fi\\\/sv\\\/#website\",\"url\":\"https:\\\/\\\/www.teltat.fi\\\/sv\\\/\",\"name\":\"Nopsa\",\"description\":\"Pop-up teltat ja tarvikkeet kaikkiin tapahtumiin\",\"publisher\":{\"@id\":\"https:\\\/\\\/www.teltat.fi\\\/sv\\\/#organization\"},\"alternateName\":\"Nopsa popup teltat\",\"potentialAction\":[{\"@type\":\"SearchAction\",\"target\":{\"@type\":\"EntryPoint\",\"urlTemplate\":\"https:\\\/\\\/www.teltat.fi\\\/sv\\\/?s={search_term_string}\"},\"query-input\":{\"@type\":\"PropertyValueSpecification\",\"valueRequired\":true,\"valueName\":\"search_term_string\"}}],\"inLanguage\":\"sv-SE\"},{\"@type\":\"Organization\",\"@id\":\"https:\\\/\\\/www.teltat.fi\\\/sv\\\/#organization\",\"name\":\"www.teltat.fi\",\"alternateName\":\"Nopsa popup-t\u00e4lt och tillbeh\u00f6r\",\"url\":\"https:\\\/\\\/www.teltat.fi\\\/sv\\\/\",\"logo\":{\"@type\":\"ImageObject\",\"inLanguage\":\"sv-SE\",\"@id\":\"https:\\\/\\\/www.teltat.fi\\\/sv\\\/#\\\/schema\\\/logo\\\/image\\\/\",\"url\":\"https:\\\/\\\/www.teltat.fi\\\/wp-content\\\/uploads\\\/2025\\\/03\\\/Nopsa-logo-white-no-circle-RGB.svg\",\"contentUrl\":\"https:\\\/\\\/www.teltat.fi\\\/wp-content\\\/uploads\\\/2025\\\/03\\\/Nopsa-logo-white-no-circle-RGB.svg\",\"width\":1080,\"height\":548,\"caption\":\"www.teltat.fi\"},\"image\":{\"@id\":\"https:\\\/\\\/www.teltat.fi\\\/sv\\\/#\\\/schema\\\/logo\\\/image\\\/\"},\"sameAs\":[\"https:\\\/\\\/www.facebook.com\\\/teltat.fi\\\/\"],\"email\":\"myynti@teltat.fi\",\"telephone\":\"+358105260424\",\"foundingDate\":\"1994-05-18\",\"vatID\":\"FI09519220\",\"numberOfEmployees\":{\"@type\":\"QuantitativeValue\",\"minValue\":\"1\",\"maxValue\":\"10\"}}]}<\/script>\n<!-- \/ Yoast SEO Premium plugin. -->","yoast_head_json":{"title":"Nopsa 4x8m v\u00e4ggpaket","robots":{"index":"index","follow":"follow","max-snippet":"max-snippet:-1","max-image-preview":"max-image-preview:large","max-video-preview":"max-video-preview:-1"},"canonical":"https:\/\/www.teltat.fi\/sv\/produkt\/nopsa-4x8m-vaggpaket\/","og_locale":"sv_SE","og_type":"article","og_title":"Nopsa 4x8m v\u00e4ggpaket","og_description":"Nopsa v\u00e4ggpaket inneh\u00e5ller 4 valfria v\u00e4ggar f\u00f6r alla sidor av t\u00e4ltet. \u00d6nskat antal v\u00e4ggar kan f\u00e4stas p\u00e5 t\u00e4ltet, beroende p\u00e5 situationen. V\u00e4ggarna kan anslutas till varandra med hj\u00e4lp av dragkedjor i kanterna, s\u00e5 att t\u00e4ltet kan st\u00e4ngas t\u00e4tt. Enkel och s\u00e4ker fasts\u00e4ttning med 50 mm breda kardborreband Slitstarka dragkedjor i kanterna V\u00e4ggtyget \u00e4r 100 % vattent\u00e4tt, smutsavvisande PVC-belagd 500D polyester Brands\u00e4ker B1 DIN 4102-1 B\u00e4rv\u00e4ska Paketalternativ: 4 fasta v\u00e4ggar 3 fasta v\u00e4ggar och 1 v\u00e4lvd f\u00f6nsterv\u00e4gg 3 st st\u00e4ngda v\u00e4ggar och 1 d\u00f6rrv\u00e4gg 2 fasta v\u00e4ggar, 1 v\u00e4lvd f\u00f6nsterv\u00e4gg och 1 d\u00f6rrv\u00e4gg","og_url":"https:\/\/www.teltat.fi\/sv\/produkt\/nopsa-4x8m-vaggpaket\/","og_site_name":"Nopsa","article_publisher":"https:\/\/www.facebook.com\/teltat.fi\/","article_modified_time":"2025-05-29T15:05:20+00:00","og_image":[{"width":850,"height":850,"url":"https:\/\/i0.wp.com\/dev.teltat.fi\/wp-content\/uploads\/2023\/02\/seinat-yleis.jpg?fit=850%2C850&ssl=1","type":"image\/jpeg"}],"twitter_card":"summary_large_image","twitter_misc":{"Ber\u00e4knad l\u00e4stid":"1 minut"},"schema":{"@context":"https:\/\/schema.org","@graph":[{"@type":["WebPage","ItemPage"],"@id":"https:\/\/www.teltat.fi\/sv\/produkt\/nopsa-4x8m-vaggpaket\/","url":"https:\/\/www.teltat.fi\/sv\/produkt\/nopsa-4x8m-vaggpaket\/","name":"Nopsa 4x8m v\u00e4ggpaket","isPartOf":{"@id":"https:\/\/www.teltat.fi\/sv\/#website"},"primaryImageOfPage":{"@id":"https:\/\/www.teltat.fi\/sv\/produkt\/nopsa-4x8m-vaggpaket\/#primaryimage"},"image":{"@id":"https:\/\/www.teltat.fi\/sv\/produkt\/nopsa-4x8m-vaggpaket\/#primaryimage"},"thumbnailUrl":"https:\/\/www.teltat.fi\/wp-content\/uploads\/2023\/02\/seinat-yleis.jpg","datePublished":"2023-02-08T13:18:55+00:00","dateModified":"2025-05-29T15:05:20+00:00","breadcrumb":{"@id":"https:\/\/www.teltat.fi\/sv\/produkt\/nopsa-4x8m-vaggpaket\/#breadcrumb"},"inLanguage":"sv-SE","potentialAction":[{"@type":"ReadAction","target":["https:\/\/www.teltat.fi\/sv\/produkt\/nopsa-4x8m-vaggpaket\/"]}]},{"@type":"ImageObject","inLanguage":"sv-SE","@id":"https:\/\/www.teltat.fi\/sv\/produkt\/nopsa-4x8m-vaggpaket\/#primaryimage","url":"https:\/\/www.teltat.fi\/wp-content\/uploads\/2023\/02\/seinat-yleis.jpg","contentUrl":"https:\/\/www.teltat.fi\/wp-content\/uploads\/2023\/02\/seinat-yleis.jpg","width":850,"height":850,"caption":"V\u00e4ggar allm\u00e4nna"},{"@type":"BreadcrumbList","@id":"https:\/\/www.teltat.fi\/sv\/produkt\/nopsa-4x8m-vaggpaket\/#breadcrumb","itemListElement":[{"@type":"ListItem","position":1,"name":"Startsida","item":"https:\/\/www.teltat.fi\/sv\/hemsida\/"},{"@type":"ListItem","position":2,"name":"Butik","item":"https:\/\/www.teltat.fi\/sv\/butik\/"},{"@type":"ListItem","position":3,"name":"POP-UP \/ SNABBT\u00c4LT","item":"https:\/\/www.teltat.fi\/sv\/produktkategori\/pop-up-talt\/"},{"@type":"ListItem","position":4,"name":"V\u00e4ggpaketen","item":"https:\/\/www.teltat.fi\/sv\/produktkategori\/pop-up-talt\/vaggpaketen\/"},{"@type":"ListItem","position":5,"name":"Nopsa 4x8m v\u00e4ggpaket"}]},{"@type":"WebSite","@id":"https:\/\/www.teltat.fi\/sv\/#website","url":"https:\/\/www.teltat.fi\/sv\/","name":"Nopsa","description":"Pop-up teltat ja tarvikkeet kaikkiin tapahtumiin","publisher":{"@id":"https:\/\/www.teltat.fi\/sv\/#organization"},"alternateName":"Nopsa popup teltat","potentialAction":[{"@type":"SearchAction","target":{"@type":"EntryPoint","urlTemplate":"https:\/\/www.teltat.fi\/sv\/?s={search_term_string}"},"query-input":{"@type":"PropertyValueSpecification","valueRequired":true,"valueName":"search_term_string"}}],"inLanguage":"sv-SE"},{"@type":"Organization","@id":"https:\/\/www.teltat.fi\/sv\/#organization","name":"www.teltat.fi","alternateName":"Nopsa popup-t\u00e4lt och tillbeh\u00f6r","url":"https:\/\/www.teltat.fi\/sv\/","logo":{"@type":"ImageObject","inLanguage":"sv-SE","@id":"https:\/\/www.teltat.fi\/sv\/#\/schema\/logo\/image\/","url":"https:\/\/www.teltat.fi\/wp-content\/uploads\/2025\/03\/Nopsa-logo-white-no-circle-RGB.svg","contentUrl":"https:\/\/www.teltat.fi\/wp-content\/uploads\/2025\/03\/Nopsa-logo-white-no-circle-RGB.svg","width":1080,"height":548,"caption":"www.teltat.fi"},"image":{"@id":"https:\/\/www.teltat.fi\/sv\/#\/schema\/logo\/image\/"},"sameAs":["https:\/\/www.facebook.com\/teltat.fi\/"],"email":"myynti@teltat.fi","telephone":"+358105260424","foundingDate":"1994-05-18","vatID":"FI09519220","numberOfEmployees":{"@type":"QuantitativeValue","minValue":"1","maxValue":"10"}}]}},"_links":{"self":[{"href":"https:\/\/www.teltat.fi\/sv\/wp-json\/wp\/v2\/product\/9269","targetHints":{"allow":["GET"]}}],"collection":[{"href":"https:\/\/www.teltat.fi\/sv\/wp-json\/wp\/v2\/product"}],"about":[{"href":"https:\/\/www.teltat.fi\/sv\/wp-json\/wp\/v2\/types\/product"}],"version-history":[{"count":1,"href":"https:\/\/www.teltat.fi\/sv\/wp-json\/wp\/v2\/product\/9269\/revisions"}],"predecessor-version":[{"id":24226,"href":"https:\/\/www.teltat.fi\/sv\/wp-json\/wp\/v2\/product\/9269\/revisions\/24226"}],"wp:featuredmedia":[{"embeddable":true,"href":"https:\/\/www.teltat.fi\/sv\/wp-json\/wp\/v2\/media\/8440"}],"wp:attachment":[{"href":"https:\/\/www.teltat.fi\/sv\/wp-json\/wp\/v2\/media?parent=9269"}],"wp:term":[{"taxonomy":"product_brand","embeddable":true,"href":"https:\/\/www.teltat.fi\/sv\/wp-json\/wp\/v2\/product_brand?post=9269"},{"taxonomy":"product_cat","embeddable":true,"href":"https:\/\/www.teltat.fi\/sv\/wp-json\/wp\/v2\/product_cat?post=9269"},{"taxonomy":"product_tag","embeddable":true,"href":"https:\/\/www.teltat.fi\/sv\/wp-json\/wp\/v2\/product_tag?post=9269"}],"curies":[{"name":"wp","href":"https:\/\/api.w.org\/{rel}","templated":true}]}}