{"id":9449,"date":"2023-02-08T13:20:05","date_gmt":"2023-02-08T10:20:05","guid":{"rendered":"https:\/\/www.teltat.fi\/tuote\/nopsa-horisontellt-ror-korsstod-kladjarn-3x3-i-taltet\/"},"modified":"2025-05-30T12:26:22","modified_gmt":"2025-05-30T09:26:22","slug":"for-nopsa-horisontalror-korsstod-kladjarn-3x3-talt","status":"publish","type":"product","link":"https:\/\/www.teltat.fi\/sv\/produkt\/for-nopsa-horisontalror-korsstod-kladjarn-3x3-talt\/","title":{"rendered":"Nopsa horisontellt r\u00f6r \/ korsst\u00f6d \/ kl\u00e4dj\u00e4rn 3&#215;3 i t\u00e4ltet"},"content":{"rendered":"<p>Med detta korsj\u00e4rn kan du h\u00e4nga kl\u00e4der p\u00e5 h\u00f6rnr\u00f6ren p\u00e5 Nopsa 40mm t\u00e4ltet.<\/p>\n<p>Du beh\u00f6ver fortfarande universella f\u00e4sten med vilka du kan f\u00e4sta korsj\u00e4rnet p\u00e5 t\u00e4ltets h\u00f6rnr\u00f6r.<\/p>\n<p>Kl\u00e4dh\u00e4ngare gjorda f\u00f6r Jore eller Polar-t\u00e4lt \u00e4r l\u00e4mpliga f\u00f6r detta.<\/p>\n<p>Om du inte hittar gamla kl\u00e4dh\u00e4ngare kan du hitta nya h\u00e4r.<\/p>\n","protected":false},"excerpt":{"rendered":"<p>Med detta korsj\u00e4rn kan du h\u00e4nga kl\u00e4der p\u00e5 h\u00f6rnr\u00f6ren p\u00e5 Nopsa 40mm t\u00e4ltet. Du beh\u00f6ver fortfarande universella f\u00e4sten med vilka du kan f\u00e4sta korsj\u00e4rnet p\u00e5 t\u00e4ltets h\u00f6rnr\u00f6r. Kl\u00e4dh\u00e4ngare gjorda f\u00f6r Jore eller Polar-t\u00e4lt \u00e4r l\u00e4mpliga f\u00f6r detta. Om du inte hittar gamla kl\u00e4dh\u00e4ngare kan du hitta nya h\u00e4r.<\/p>\n","protected":false},"featured_media":8378,"template":"","meta":{"_acf_changed":false,"_eb_attr":"","site-sidebar-layout":"default","site-content-layout":"","ast-site-content-layout":"default","site-content-style":"default","site-sidebar-style":"default","ast-global-header-display":"","ast-banner-title-visibility":"","ast-main-header-display":"","ast-hfb-above-header-display":"","ast-hfb-below-header-display":"","ast-hfb-mobile-header-display":"","site-post-title":"","ast-breadcrumbs-content":"","ast-featured-img":"","footer-sml-layout":"","ast-disable-related-posts":"","theme-transparent-header-meta":"default","adv-header-id-meta":"","stick-header-meta":"","header-above-stick-meta":"","header-main-stick-meta":"","header-below-stick-meta":"","astra-migrate-meta-layouts":"default","ast-page-background-enabled":"default","ast-page-background-meta":{"desktop":{"background-color":"var(--ast-global-color-5)","background-image":"","background-repeat":"repeat","background-position":"center center","background-size":"auto","background-attachment":"scroll","background-type":"","background-media":"","overlay-type":"","overlay-color":"","overlay-opacity":"","overlay-gradient":""},"tablet":{"background-color":"","background-image":"","background-repeat":"repeat","background-position":"center center","background-size":"auto","background-attachment":"scroll","background-type":"","background-media":"","overlay-type":"","overlay-color":"","overlay-opacity":"","overlay-gradient":""},"mobile":{"background-color":"","background-image":"","background-repeat":"repeat","background-position":"center center","background-size":"auto","background-attachment":"scroll","background-type":"","background-media":"","overlay-type":"","overlay-color":"","overlay-opacity":"","overlay-gradient":""}},"ast-content-background-meta":{"desktop":{"background-color":"var(--ast-global-color-4)","background-image":"","background-repeat":"repeat","background-position":"center center","background-size":"auto","background-attachment":"scroll","background-type":"","background-media":"","overlay-type":"","overlay-color":"","overlay-opacity":"","overlay-gradient":""},"tablet":{"background-color":"var(--ast-global-color-4)","background-image":"","background-repeat":"repeat","background-position":"center center","background-size":"auto","background-attachment":"scroll","background-type":"","background-media":"","overlay-type":"","overlay-color":"","overlay-opacity":"","overlay-gradient":""},"mobile":{"background-color":"var(--ast-global-color-4)","background-image":"","background-repeat":"repeat","background-position":"center center","background-size":"auto","background-attachment":"scroll","background-type":"","background-media":"","overlay-type":"","overlay-color":"","overlay-opacity":"","overlay-gradient":""}}},"product_brand":[],"product_cat":[264],"product_tag":[],"class_list":{"0":"post-9449","1":"product","2":"type-product","3":"status-publish","4":"has-post-thumbnail","6":"product_cat-kladstativ-presenterande-tillbehor","7":"desktop-align-left","8":"tablet-align-left","9":"mobile-align-left","11":"first","12":"instock","13":"taxable","14":"shipping-taxable","15":"purchasable","16":"product-type-simple"},"acf":[],"yoast_head":"<!-- This site is optimized with the Yoast SEO Premium plugin v24.5 (Yoast SEO v27.4) - https:\/\/yoast.com\/product\/yoast-seo-premium-wordpress\/ -->\n<title>Nopsa horisontellt r\u00f6r \/ korsst\u00f6d \/ kl\u00e4dj\u00e4rn 3x3 i t\u00e4ltet<\/title>\n<meta name=\"robots\" content=\"index, follow, max-snippet:-1, max-image-preview:large, max-video-preview:-1\" \/>\n<link rel=\"canonical\" href=\"https:\/\/www.teltat.fi\/sv\/produkt\/for-nopsa-horisontalror-korsstod-kladjarn-3x3-talt\/\" \/>\n<meta property=\"og:locale\" content=\"sv_SE\" \/>\n<meta property=\"og:type\" content=\"article\" \/>\n<meta property=\"og:title\" content=\"Nopsa horisontellt r\u00f6r \/ korsst\u00f6d \/ kl\u00e4dj\u00e4rn 3x3 i t\u00e4ltet\" \/>\n<meta property=\"og:description\" content=\"Med detta korsj\u00e4rn kan du h\u00e4nga kl\u00e4der p\u00e5 h\u00f6rnr\u00f6ren p\u00e5 Nopsa 40mm t\u00e4ltet. Du beh\u00f6ver fortfarande universella f\u00e4sten med vilka du kan f\u00e4sta korsj\u00e4rnet p\u00e5 t\u00e4ltets h\u00f6rnr\u00f6r. Kl\u00e4dh\u00e4ngare gjorda f\u00f6r Jore eller Polar-t\u00e4lt \u00e4r l\u00e4mpliga f\u00f6r detta. Om du inte hittar gamla kl\u00e4dh\u00e4ngare kan du hitta nya h\u00e4r.\" \/>\n<meta property=\"og:url\" content=\"https:\/\/www.teltat.fi\/sv\/produkt\/for-nopsa-horisontalror-korsstod-kladjarn-3x3-talt\/\" \/>\n<meta property=\"og:site_name\" content=\"Nopsa\" \/>\n<meta property=\"article:publisher\" content=\"https:\/\/www.facebook.com\/teltat.fi\/\" \/>\n<meta property=\"article:modified_time\" content=\"2025-05-30T09:26:22+00:00\" \/>\n<meta property=\"og:image\" content=\"https:\/\/www.teltat.fi\/wp-content\/uploads\/2023\/02\/Poikkituki3-4m.jpg\" \/>\n\t<meta property=\"og:image:width\" content=\"1200\" \/>\n\t<meta property=\"og:image:height\" content=\"1000\" \/>\n\t<meta property=\"og:image:type\" content=\"image\/jpeg\" \/>\n<meta name=\"twitter:card\" content=\"summary_large_image\" \/>\n<script type=\"application\/ld+json\" class=\"yoast-schema-graph\">{\"@context\":\"https:\\\/\\\/schema.org\",\"@graph\":[{\"@type\":[\"WebPage\",\"ItemPage\"],\"@id\":\"https:\\\/\\\/www.teltat.fi\\\/sv\\\/produkt\\\/for-nopsa-horisontalror-korsstod-kladjarn-3x3-talt\\\/\",\"url\":\"https:\\\/\\\/www.teltat.fi\\\/sv\\\/produkt\\\/for-nopsa-horisontalror-korsstod-kladjarn-3x3-talt\\\/\",\"name\":\"Nopsa horisontellt r\u00f6r \\\/ korsst\u00f6d \\\/ kl\u00e4dj\u00e4rn 3x3 i t\u00e4ltet\",\"isPartOf\":{\"@id\":\"https:\\\/\\\/www.teltat.fi\\\/sv\\\/#website\"},\"primaryImageOfPage\":{\"@id\":\"https:\\\/\\\/www.teltat.fi\\\/sv\\\/produkt\\\/for-nopsa-horisontalror-korsstod-kladjarn-3x3-talt\\\/#primaryimage\"},\"image\":{\"@id\":\"https:\\\/\\\/www.teltat.fi\\\/sv\\\/produkt\\\/for-nopsa-horisontalror-korsstod-kladjarn-3x3-talt\\\/#primaryimage\"},\"thumbnailUrl\":\"https:\\\/\\\/www.teltat.fi\\\/wp-content\\\/uploads\\\/2023\\\/02\\\/Poikkituki3-4m.jpg\",\"datePublished\":\"2023-02-08T10:20:05+00:00\",\"dateModified\":\"2025-05-30T09:26:22+00:00\",\"breadcrumb\":{\"@id\":\"https:\\\/\\\/www.teltat.fi\\\/sv\\\/produkt\\\/for-nopsa-horisontalror-korsstod-kladjarn-3x3-talt\\\/#breadcrumb\"},\"inLanguage\":\"sv-SE\",\"potentialAction\":[{\"@type\":\"ReadAction\",\"target\":[\"https:\\\/\\\/www.teltat.fi\\\/sv\\\/produkt\\\/for-nopsa-horisontalror-korsstod-kladjarn-3x3-talt\\\/\"]}]},{\"@type\":\"ImageObject\",\"inLanguage\":\"sv-SE\",\"@id\":\"https:\\\/\\\/www.teltat.fi\\\/sv\\\/produkt\\\/for-nopsa-horisontalror-korsstod-kladjarn-3x3-talt\\\/#primaryimage\",\"url\":\"https:\\\/\\\/www.teltat.fi\\\/wp-content\\\/uploads\\\/2023\\\/02\\\/Poikkituki3-4m.jpg\",\"contentUrl\":\"https:\\\/\\\/www.teltat.fi\\\/wp-content\\\/uploads\\\/2023\\\/02\\\/Poikkituki3-4m.jpg\",\"width\":1200,\"height\":1000},{\"@type\":\"BreadcrumbList\",\"@id\":\"https:\\\/\\\/www.teltat.fi\\\/sv\\\/produkt\\\/for-nopsa-horisontalror-korsstod-kladjarn-3x3-talt\\\/#breadcrumb\",\"itemListElement\":[{\"@type\":\"ListItem\",\"position\":1,\"name\":\"Startsida\",\"item\":\"https:\\\/\\\/www.teltat.fi\\\/sv\\\/hemsida\\\/\"},{\"@type\":\"ListItem\",\"position\":2,\"name\":\"Butik\",\"item\":\"https:\\\/\\\/www.teltat.fi\\\/sv\\\/butik\\\/\"},{\"@type\":\"ListItem\",\"position\":3,\"name\":\"Tillbeh\u00f6r och reservdelar\",\"item\":\"https:\\\/\\\/www.teltat.fi\\\/sv\\\/produktkategori\\\/tillbehor-och-reservdelar\\\/\"},{\"@type\":\"ListItem\",\"position\":4,\"name\":\"Kl\u00e4dstativ ja presenterande tillbeh\u00f6r\",\"item\":\"https:\\\/\\\/www.teltat.fi\\\/sv\\\/produktkategori\\\/tillbehor-och-reservdelar\\\/kladstativ-presenterande-tillbehor\\\/\"},{\"@type\":\"ListItem\",\"position\":5,\"name\":\"Nopsa horisontellt r\u00f6r \\\/ korsst\u00f6d \\\/ kl\u00e4dj\u00e4rn 3&#215;3 i t\u00e4ltet\"}]},{\"@type\":\"WebSite\",\"@id\":\"https:\\\/\\\/www.teltat.fi\\\/sv\\\/#website\",\"url\":\"https:\\\/\\\/www.teltat.fi\\\/sv\\\/\",\"name\":\"Nopsa\",\"description\":\"Pop-up teltat ja tarvikkeet kaikkiin tapahtumiin\",\"publisher\":{\"@id\":\"https:\\\/\\\/www.teltat.fi\\\/sv\\\/#organization\"},\"alternateName\":\"Nopsa popup teltat\",\"potentialAction\":[{\"@type\":\"SearchAction\",\"target\":{\"@type\":\"EntryPoint\",\"urlTemplate\":\"https:\\\/\\\/www.teltat.fi\\\/sv\\\/?s={search_term_string}\"},\"query-input\":{\"@type\":\"PropertyValueSpecification\",\"valueRequired\":true,\"valueName\":\"search_term_string\"}}],\"inLanguage\":\"sv-SE\"},{\"@type\":\"Organization\",\"@id\":\"https:\\\/\\\/www.teltat.fi\\\/sv\\\/#organization\",\"name\":\"www.teltat.fi\",\"alternateName\":\"Nopsa popup-t\u00e4lt och tillbeh\u00f6r\",\"url\":\"https:\\\/\\\/www.teltat.fi\\\/sv\\\/\",\"logo\":{\"@type\":\"ImageObject\",\"inLanguage\":\"sv-SE\",\"@id\":\"https:\\\/\\\/www.teltat.fi\\\/sv\\\/#\\\/schema\\\/logo\\\/image\\\/\",\"url\":\"https:\\\/\\\/www.teltat.fi\\\/wp-content\\\/uploads\\\/2025\\\/03\\\/Nopsa-logo-white-no-circle-RGB.svg\",\"contentUrl\":\"https:\\\/\\\/www.teltat.fi\\\/wp-content\\\/uploads\\\/2025\\\/03\\\/Nopsa-logo-white-no-circle-RGB.svg\",\"width\":1080,\"height\":548,\"caption\":\"www.teltat.fi\"},\"image\":{\"@id\":\"https:\\\/\\\/www.teltat.fi\\\/sv\\\/#\\\/schema\\\/logo\\\/image\\\/\"},\"sameAs\":[\"https:\\\/\\\/www.facebook.com\\\/teltat.fi\\\/\"],\"email\":\"myynti@teltat.fi\",\"telephone\":\"+358105260424\",\"foundingDate\":\"1994-05-18\",\"vatID\":\"FI09519220\",\"numberOfEmployees\":{\"@type\":\"QuantitativeValue\",\"minValue\":\"1\",\"maxValue\":\"10\"}}]}<\/script>\n<!-- \/ Yoast SEO Premium plugin. -->","yoast_head_json":{"title":"Nopsa horisontellt r\u00f6r \/ korsst\u00f6d \/ kl\u00e4dj\u00e4rn 3x3 i t\u00e4ltet","robots":{"index":"index","follow":"follow","max-snippet":"max-snippet:-1","max-image-preview":"max-image-preview:large","max-video-preview":"max-video-preview:-1"},"canonical":"https:\/\/www.teltat.fi\/sv\/produkt\/for-nopsa-horisontalror-korsstod-kladjarn-3x3-talt\/","og_locale":"sv_SE","og_type":"article","og_title":"Nopsa horisontellt r\u00f6r \/ korsst\u00f6d \/ kl\u00e4dj\u00e4rn 3x3 i t\u00e4ltet","og_description":"Med detta korsj\u00e4rn kan du h\u00e4nga kl\u00e4der p\u00e5 h\u00f6rnr\u00f6ren p\u00e5 Nopsa 40mm t\u00e4ltet. Du beh\u00f6ver fortfarande universella f\u00e4sten med vilka du kan f\u00e4sta korsj\u00e4rnet p\u00e5 t\u00e4ltets h\u00f6rnr\u00f6r. Kl\u00e4dh\u00e4ngare gjorda f\u00f6r Jore eller Polar-t\u00e4lt \u00e4r l\u00e4mpliga f\u00f6r detta. Om du inte hittar gamla kl\u00e4dh\u00e4ngare kan du hitta nya h\u00e4r.","og_url":"https:\/\/www.teltat.fi\/sv\/produkt\/for-nopsa-horisontalror-korsstod-kladjarn-3x3-talt\/","og_site_name":"Nopsa","article_publisher":"https:\/\/www.facebook.com\/teltat.fi\/","article_modified_time":"2025-05-30T09:26:22+00:00","og_image":[{"width":1200,"height":1000,"url":"https:\/\/www.teltat.fi\/wp-content\/uploads\/2023\/02\/Poikkituki3-4m.jpg","type":"image\/jpeg"}],"twitter_card":"summary_large_image","schema":{"@context":"https:\/\/schema.org","@graph":[{"@type":["WebPage","ItemPage"],"@id":"https:\/\/www.teltat.fi\/sv\/produkt\/for-nopsa-horisontalror-korsstod-kladjarn-3x3-talt\/","url":"https:\/\/www.teltat.fi\/sv\/produkt\/for-nopsa-horisontalror-korsstod-kladjarn-3x3-talt\/","name":"Nopsa horisontellt r\u00f6r \/ korsst\u00f6d \/ kl\u00e4dj\u00e4rn 3x3 i t\u00e4ltet","isPartOf":{"@id":"https:\/\/www.teltat.fi\/sv\/#website"},"primaryImageOfPage":{"@id":"https:\/\/www.teltat.fi\/sv\/produkt\/for-nopsa-horisontalror-korsstod-kladjarn-3x3-talt\/#primaryimage"},"image":{"@id":"https:\/\/www.teltat.fi\/sv\/produkt\/for-nopsa-horisontalror-korsstod-kladjarn-3x3-talt\/#primaryimage"},"thumbnailUrl":"https:\/\/www.teltat.fi\/wp-content\/uploads\/2023\/02\/Poikkituki3-4m.jpg","datePublished":"2023-02-08T10:20:05+00:00","dateModified":"2025-05-30T09:26:22+00:00","breadcrumb":{"@id":"https:\/\/www.teltat.fi\/sv\/produkt\/for-nopsa-horisontalror-korsstod-kladjarn-3x3-talt\/#breadcrumb"},"inLanguage":"sv-SE","potentialAction":[{"@type":"ReadAction","target":["https:\/\/www.teltat.fi\/sv\/produkt\/for-nopsa-horisontalror-korsstod-kladjarn-3x3-talt\/"]}]},{"@type":"ImageObject","inLanguage":"sv-SE","@id":"https:\/\/www.teltat.fi\/sv\/produkt\/for-nopsa-horisontalror-korsstod-kladjarn-3x3-talt\/#primaryimage","url":"https:\/\/www.teltat.fi\/wp-content\/uploads\/2023\/02\/Poikkituki3-4m.jpg","contentUrl":"https:\/\/www.teltat.fi\/wp-content\/uploads\/2023\/02\/Poikkituki3-4m.jpg","width":1200,"height":1000},{"@type":"BreadcrumbList","@id":"https:\/\/www.teltat.fi\/sv\/produkt\/for-nopsa-horisontalror-korsstod-kladjarn-3x3-talt\/#breadcrumb","itemListElement":[{"@type":"ListItem","position":1,"name":"Startsida","item":"https:\/\/www.teltat.fi\/sv\/hemsida\/"},{"@type":"ListItem","position":2,"name":"Butik","item":"https:\/\/www.teltat.fi\/sv\/butik\/"},{"@type":"ListItem","position":3,"name":"Tillbeh\u00f6r och reservdelar","item":"https:\/\/www.teltat.fi\/sv\/produktkategori\/tillbehor-och-reservdelar\/"},{"@type":"ListItem","position":4,"name":"Kl\u00e4dstativ ja presenterande tillbeh\u00f6r","item":"https:\/\/www.teltat.fi\/sv\/produktkategori\/tillbehor-och-reservdelar\/kladstativ-presenterande-tillbehor\/"},{"@type":"ListItem","position":5,"name":"Nopsa horisontellt r\u00f6r \/ korsst\u00f6d \/ kl\u00e4dj\u00e4rn 3&#215;3 i t\u00e4ltet"}]},{"@type":"WebSite","@id":"https:\/\/www.teltat.fi\/sv\/#website","url":"https:\/\/www.teltat.fi\/sv\/","name":"Nopsa","description":"Pop-up teltat ja tarvikkeet kaikkiin tapahtumiin","publisher":{"@id":"https:\/\/www.teltat.fi\/sv\/#organization"},"alternateName":"Nopsa popup teltat","potentialAction":[{"@type":"SearchAction","target":{"@type":"EntryPoint","urlTemplate":"https:\/\/www.teltat.fi\/sv\/?s={search_term_string}"},"query-input":{"@type":"PropertyValueSpecification","valueRequired":true,"valueName":"search_term_string"}}],"inLanguage":"sv-SE"},{"@type":"Organization","@id":"https:\/\/www.teltat.fi\/sv\/#organization","name":"www.teltat.fi","alternateName":"Nopsa popup-t\u00e4lt och tillbeh\u00f6r","url":"https:\/\/www.teltat.fi\/sv\/","logo":{"@type":"ImageObject","inLanguage":"sv-SE","@id":"https:\/\/www.teltat.fi\/sv\/#\/schema\/logo\/image\/","url":"https:\/\/www.teltat.fi\/wp-content\/uploads\/2025\/03\/Nopsa-logo-white-no-circle-RGB.svg","contentUrl":"https:\/\/www.teltat.fi\/wp-content\/uploads\/2025\/03\/Nopsa-logo-white-no-circle-RGB.svg","width":1080,"height":548,"caption":"www.teltat.fi"},"image":{"@id":"https:\/\/www.teltat.fi\/sv\/#\/schema\/logo\/image\/"},"sameAs":["https:\/\/www.facebook.com\/teltat.fi\/"],"email":"myynti@teltat.fi","telephone":"+358105260424","foundingDate":"1994-05-18","vatID":"FI09519220","numberOfEmployees":{"@type":"QuantitativeValue","minValue":"1","maxValue":"10"}}]}},"_links":{"self":[{"href":"https:\/\/www.teltat.fi\/sv\/wp-json\/wp\/v2\/product\/9449","targetHints":{"allow":["GET"]}}],"collection":[{"href":"https:\/\/www.teltat.fi\/sv\/wp-json\/wp\/v2\/product"}],"about":[{"href":"https:\/\/www.teltat.fi\/sv\/wp-json\/wp\/v2\/types\/product"}],"version-history":[{"count":1,"href":"https:\/\/www.teltat.fi\/sv\/wp-json\/wp\/v2\/product\/9449\/revisions"}],"predecessor-version":[{"id":24601,"href":"https:\/\/www.teltat.fi\/sv\/wp-json\/wp\/v2\/product\/9449\/revisions\/24601"}],"wp:featuredmedia":[{"embeddable":true,"href":"https:\/\/www.teltat.fi\/sv\/wp-json\/wp\/v2\/media\/8378"}],"wp:attachment":[{"href":"https:\/\/www.teltat.fi\/sv\/wp-json\/wp\/v2\/media?parent=9449"}],"wp:term":[{"taxonomy":"product_brand","embeddable":true,"href":"https:\/\/www.teltat.fi\/sv\/wp-json\/wp\/v2\/product_brand?post=9449"},{"taxonomy":"product_cat","embeddable":true,"href":"https:\/\/www.teltat.fi\/sv\/wp-json\/wp\/v2\/product_cat?post=9449"},{"taxonomy":"product_tag","embeddable":true,"href":"https:\/\/www.teltat.fi\/sv\/wp-json\/wp\/v2\/product_tag?post=9449"}],"curies":[{"name":"wp","href":"https:\/\/api.w.org\/{rel}","templated":true}]}}