{"id":9463,"date":"2023-02-08T13:21:21","date_gmt":"2023-02-08T13:21:21","guid":{"rendered":"https:\/\/www.teltat.fi\/tuote\/nopsa-transportvaska-3x3m-for-markistaltet-tillbehor\/"},"modified":"2025-06-26T10:19:03","modified_gmt":"2025-06-26T07:19:03","slug":"nopsa-transportvaska-3x3m-for-markistalt-tillbehor","status":"publish","type":"product","link":"https:\/\/www.teltat.fi\/sv\/produkt\/nopsa-transportvaska-3x3m-for-markistalt-tillbehor\/","title":{"rendered":"Nopsa transportv\u00e4ska 3x3m f\u00f6r markist\u00e4ltet (tillbeh\u00f6r)"},"content":{"rendered":"<p>Nopsa transportv\u00e4ska \u00f6ppnas i mitten l\u00e4ngs hela l\u00e4ngden. P\u00e5 s\u00e5 s\u00e4tt kan du enkelt h\u00f6ja t\u00e4ltet \u00f6ver v\u00e4skans botten och lyfta runt v\u00e4skans kanter och st\u00e4nga v\u00e4skan med en dragkedja. Nopsa transportv\u00e4ska med hjul \u00e4r l\u00e4tt att transportera genom att dra.  <\/p>\n<p>&nbsp;<\/p>\n<ul>\n<li>P\u00e5 framsidan av v\u00e4skanfinns en stor sidficka f\u00f6r f\u00f6rn\u00f6denheter och tillbeh\u00f6r.<\/li>\n<li>En mindre sidficka p\u00e5 baksidan.<\/li>\n<li>Hjul p\u00e5 botten f\u00f6r transport.<\/li>\n<li>Tre l\u00e5sremmar utrustade med snabbl\u00e5s ser till att v\u00e4skan sitter kvar.<\/li>\n<li>Praktiska lyfthandtag i b\u00e5da \u00e4ndarna av v\u00e4skan.<\/li>\n<li>V\u00e4skans transportl\u00e4ngd 165cm.<\/li>\n<li>Ett \u00e5rs garanti<\/li>\n<\/ul>\n<p>&nbsp;<\/p>\n<p>&nbsp;<\/p>\n<p>&nbsp;<\/p>\n<p><img fetchpriority=\"high\" decoding=\"async\" class=\"alignleft size-full wp-image-1932\" src=\"https:\/\/www.teltat.fi\/wp-content\/uploads\/2023\/02\/Kuljetuslaukku.jpg\" alt=\"Transportv\u00e4ska\" width=\"500\" height=\"554\"><\/p>\n","protected":false},"excerpt":{"rendered":"<p>Nopsa transportv\u00e4ska \u00f6ppnas i mitten l\u00e4ngs hela l\u00e4ngden. P\u00e5 s\u00e5 s\u00e4tt kan du enkelt h\u00f6ja t\u00e4ltet \u00f6ver v\u00e4skans botten och lyfta runt v\u00e4skans kanter och st\u00e4nga v\u00e4skan med en dragkedja. Nopsa transportv\u00e4ska med hjul \u00e4r l\u00e4tt att transportera genom att dra. &nbsp; P\u00e5 framsidan av v\u00e4skanfinns en stor sidficka f\u00f6r f\u00f6rn\u00f6denheter och tillbeh\u00f6r. En mindre sidficka p\u00e5 baksidan. Hjul p\u00e5 botten f\u00f6r transport. Tre l\u00e5sremmar utrustade med snabbl\u00e5s ser till att v\u00e4skan sitter kvar. Praktiska lyfthandtag i b\u00e5da \u00e4ndarna av v\u00e4skan. V\u00e4skans transportl\u00e4ngd 165cm. Ett \u00e5rs garanti &nbsp; &nbsp; &nbsp;<\/p>\n","protected":false},"featured_media":8355,"template":"","meta":{"_acf_changed":false,"_eb_attr":"","site-sidebar-layout":"default","site-content-layout":"","ast-site-content-layout":"default","site-content-style":"default","site-sidebar-style":"default","ast-global-header-display":"","ast-banner-title-visibility":"","ast-main-header-display":"","ast-hfb-above-header-display":"","ast-hfb-below-header-display":"","ast-hfb-mobile-header-display":"","site-post-title":"","ast-breadcrumbs-content":"","ast-featured-img":"","footer-sml-layout":"","ast-disable-related-posts":"","theme-transparent-header-meta":"default","adv-header-id-meta":"","stick-header-meta":"","header-above-stick-meta":"","header-main-stick-meta":"","header-below-stick-meta":"","astra-migrate-meta-layouts":"default","ast-page-background-enabled":"default","ast-page-background-meta":{"desktop":{"background-color":"var(--ast-global-color-5)","background-image":"","background-repeat":"repeat","background-position":"center center","background-size":"auto","background-attachment":"scroll","background-type":"","background-media":"","overlay-type":"","overlay-color":"","overlay-opacity":"","overlay-gradient":""},"tablet":{"background-color":"","background-image":"","background-repeat":"repeat","background-position":"center center","background-size":"auto","background-attachment":"scroll","background-type":"","background-media":"","overlay-type":"","overlay-color":"","overlay-opacity":"","overlay-gradient":""},"mobile":{"background-color":"","background-image":"","background-repeat":"repeat","background-position":"center center","background-size":"auto","background-attachment":"scroll","background-type":"","background-media":"","overlay-type":"","overlay-color":"","overlay-opacity":"","overlay-gradient":""}},"ast-content-background-meta":{"desktop":{"background-color":"var(--ast-global-color-4)","background-image":"","background-repeat":"repeat","background-position":"center center","background-size":"auto","background-attachment":"scroll","background-type":"","background-media":"","overlay-type":"","overlay-color":"","overlay-opacity":"","overlay-gradient":""},"tablet":{"background-color":"var(--ast-global-color-4)","background-image":"","background-repeat":"repeat","background-position":"center center","background-size":"auto","background-attachment":"scroll","background-type":"","background-media":"","overlay-type":"","overlay-color":"","overlay-opacity":"","overlay-gradient":""},"mobile":{"background-color":"var(--ast-global-color-4)","background-image":"","background-repeat":"repeat","background-position":"center center","background-size":"auto","background-attachment":"scroll","background-type":"","background-media":"","overlay-type":"","overlay-color":"","overlay-opacity":"","overlay-gradient":""}}},"product_brand":[],"product_cat":[261],"product_tag":[],"class_list":{"0":"post-9463","1":"product","2":"type-product","3":"status-publish","4":"has-post-thumbnail","6":"product_cat-transportvaskor","7":"desktop-align-left","8":"tablet-align-left","9":"mobile-align-left","11":"first","12":"instock","13":"taxable","14":"shipping-taxable","15":"purchasable","16":"product-type-simple"},"acf":[],"yoast_head":"<!-- This site is optimized with the Yoast SEO Premium plugin v24.5 (Yoast SEO v27.4) - https:\/\/yoast.com\/product\/yoast-seo-premium-wordpress\/ -->\n<title>Nopsa transportv\u00e4ska 3x3m f\u00f6r markist\u00e4ltet (tillbeh\u00f6r)<\/title>\n<meta name=\"robots\" content=\"index, follow, max-snippet:-1, max-image-preview:large, max-video-preview:-1\" \/>\n<link rel=\"canonical\" href=\"https:\/\/www.teltat.fi\/sv\/produkt\/nopsa-transportvaska-3x3m-for-markistalt-tillbehor\/\" \/>\n<meta property=\"og:locale\" content=\"sv_SE\" \/>\n<meta property=\"og:type\" content=\"article\" \/>\n<meta property=\"og:title\" content=\"Nopsa transportv\u00e4ska 3x3m f\u00f6r markist\u00e4ltet (tillbeh\u00f6r)\" \/>\n<meta property=\"og:description\" content=\"Nopsa transportv\u00e4ska \u00f6ppnas i mitten l\u00e4ngs hela l\u00e4ngden. P\u00e5 s\u00e5 s\u00e4tt kan du enkelt h\u00f6ja t\u00e4ltet \u00f6ver v\u00e4skans botten och lyfta runt v\u00e4skans kanter och st\u00e4nga v\u00e4skan med en dragkedja. Nopsa transportv\u00e4ska med hjul \u00e4r l\u00e4tt att transportera genom att dra. &nbsp; P\u00e5 framsidan av v\u00e4skanfinns en stor sidficka f\u00f6r f\u00f6rn\u00f6denheter och tillbeh\u00f6r. En mindre sidficka p\u00e5 baksidan. Hjul p\u00e5 botten f\u00f6r transport. Tre l\u00e5sremmar utrustade med snabbl\u00e5s ser till att v\u00e4skan sitter kvar. Praktiska lyfthandtag i b\u00e5da \u00e4ndarna av v\u00e4skan. V\u00e4skans transportl\u00e4ngd 165cm. Ett \u00e5rs garanti &nbsp; &nbsp; &nbsp;\" \/>\n<meta property=\"og:url\" content=\"https:\/\/www.teltat.fi\/sv\/produkt\/nopsa-transportvaska-3x3m-for-markistalt-tillbehor\/\" \/>\n<meta property=\"og:site_name\" content=\"Nopsa\" \/>\n<meta property=\"article:publisher\" content=\"https:\/\/www.facebook.com\/teltat.fi\/\" \/>\n<meta property=\"article:modified_time\" content=\"2025-06-26T07:19:03+00:00\" \/>\n<meta property=\"og:image\" content=\"https:\/\/i0.wp.com\/www.teltat.fi\/wp-content\/uploads\/2023\/02\/Kuljetuslaukku2.jpg?fit=1000%2C1000&ssl=1\" \/>\n\t<meta property=\"og:image:width\" content=\"1000\" \/>\n\t<meta property=\"og:image:height\" content=\"1000\" \/>\n\t<meta property=\"og:image:type\" content=\"image\/jpeg\" \/>\n<meta name=\"twitter:card\" content=\"summary_large_image\" \/>\n<meta name=\"twitter:label1\" content=\"Ber\u00e4knad l\u00e4stid\" \/>\n\t<meta name=\"twitter:data1\" content=\"1 minut\" \/>\n<script type=\"application\/ld+json\" class=\"yoast-schema-graph\">{\"@context\":\"https:\\\/\\\/schema.org\",\"@graph\":[{\"@type\":[\"WebPage\",\"ItemPage\"],\"@id\":\"https:\\\/\\\/www.teltat.fi\\\/sv\\\/produkt\\\/nopsa-transportvaska-3x3m-for-markistalt-tillbehor\\\/\",\"url\":\"https:\\\/\\\/www.teltat.fi\\\/sv\\\/produkt\\\/nopsa-transportvaska-3x3m-for-markistalt-tillbehor\\\/\",\"name\":\"Nopsa transportv\u00e4ska 3x3m f\u00f6r markist\u00e4ltet (tillbeh\u00f6r)\",\"isPartOf\":{\"@id\":\"https:\\\/\\\/www.teltat.fi\\\/sv\\\/#website\"},\"primaryImageOfPage\":{\"@id\":\"https:\\\/\\\/www.teltat.fi\\\/sv\\\/produkt\\\/nopsa-transportvaska-3x3m-for-markistalt-tillbehor\\\/#primaryimage\"},\"image\":{\"@id\":\"https:\\\/\\\/www.teltat.fi\\\/sv\\\/produkt\\\/nopsa-transportvaska-3x3m-for-markistalt-tillbehor\\\/#primaryimage\"},\"thumbnailUrl\":\"https:\\\/\\\/www.teltat.fi\\\/wp-content\\\/uploads\\\/2023\\\/02\\\/Kuljetuslaukku2.jpg\",\"datePublished\":\"2023-02-08T13:21:21+00:00\",\"dateModified\":\"2025-06-26T07:19:03+00:00\",\"breadcrumb\":{\"@id\":\"https:\\\/\\\/www.teltat.fi\\\/sv\\\/produkt\\\/nopsa-transportvaska-3x3m-for-markistalt-tillbehor\\\/#breadcrumb\"},\"inLanguage\":\"sv-SE\",\"potentialAction\":[{\"@type\":\"ReadAction\",\"target\":[\"https:\\\/\\\/www.teltat.fi\\\/sv\\\/produkt\\\/nopsa-transportvaska-3x3m-for-markistalt-tillbehor\\\/\"]}]},{\"@type\":\"ImageObject\",\"inLanguage\":\"sv-SE\",\"@id\":\"https:\\\/\\\/www.teltat.fi\\\/sv\\\/produkt\\\/nopsa-transportvaska-3x3m-for-markistalt-tillbehor\\\/#primaryimage\",\"url\":\"https:\\\/\\\/www.teltat.fi\\\/wp-content\\\/uploads\\\/2023\\\/02\\\/Kuljetuslaukku2.jpg\",\"contentUrl\":\"https:\\\/\\\/www.teltat.fi\\\/wp-content\\\/uploads\\\/2023\\\/02\\\/Kuljetuslaukku2.jpg\",\"width\":1000,\"height\":1000},{\"@type\":\"BreadcrumbList\",\"@id\":\"https:\\\/\\\/www.teltat.fi\\\/sv\\\/produkt\\\/nopsa-transportvaska-3x3m-for-markistalt-tillbehor\\\/#breadcrumb\",\"itemListElement\":[{\"@type\":\"ListItem\",\"position\":1,\"name\":\"Startsida\",\"item\":\"https:\\\/\\\/www.teltat.fi\\\/sv\\\/hemsida\\\/\"},{\"@type\":\"ListItem\",\"position\":2,\"name\":\"Butik\",\"item\":\"https:\\\/\\\/www.teltat.fi\\\/sv\\\/butik\\\/\"},{\"@type\":\"ListItem\",\"position\":3,\"name\":\"Tillbeh\u00f6r och reservdelar\",\"item\":\"https:\\\/\\\/www.teltat.fi\\\/sv\\\/produktkategori\\\/tillbehor-och-reservdelar\\\/\"},{\"@type\":\"ListItem\",\"position\":4,\"name\":\"Nopsa reservdelar\",\"item\":\"https:\\\/\\\/www.teltat.fi\\\/sv\\\/produktkategori\\\/tillbehor-och-reservdelar\\\/nopsa-reservdelar\\\/\"},{\"@type\":\"ListItem\",\"position\":5,\"name\":\"Transportv\u00e4skor\",\"item\":\"https:\\\/\\\/www.teltat.fi\\\/sv\\\/produktkategori\\\/tillbehor-och-reservdelar\\\/nopsa-reservdelar\\\/transportvaskor\\\/\"},{\"@type\":\"ListItem\",\"position\":6,\"name\":\"Nopsa transportv\u00e4ska 3x3m f\u00f6r markist\u00e4ltet (tillbeh\u00f6r)\"}]},{\"@type\":\"WebSite\",\"@id\":\"https:\\\/\\\/www.teltat.fi\\\/sv\\\/#website\",\"url\":\"https:\\\/\\\/www.teltat.fi\\\/sv\\\/\",\"name\":\"Nopsa\",\"description\":\"Pop-up teltat ja tarvikkeet kaikkiin tapahtumiin\",\"publisher\":{\"@id\":\"https:\\\/\\\/www.teltat.fi\\\/sv\\\/#organization\"},\"alternateName\":\"Nopsa popup teltat\",\"potentialAction\":[{\"@type\":\"SearchAction\",\"target\":{\"@type\":\"EntryPoint\",\"urlTemplate\":\"https:\\\/\\\/www.teltat.fi\\\/sv\\\/?s={search_term_string}\"},\"query-input\":{\"@type\":\"PropertyValueSpecification\",\"valueRequired\":true,\"valueName\":\"search_term_string\"}}],\"inLanguage\":\"sv-SE\"},{\"@type\":\"Organization\",\"@id\":\"https:\\\/\\\/www.teltat.fi\\\/sv\\\/#organization\",\"name\":\"www.teltat.fi\",\"alternateName\":\"Nopsa popup-t\u00e4lt och tillbeh\u00f6r\",\"url\":\"https:\\\/\\\/www.teltat.fi\\\/sv\\\/\",\"logo\":{\"@type\":\"ImageObject\",\"inLanguage\":\"sv-SE\",\"@id\":\"https:\\\/\\\/www.teltat.fi\\\/sv\\\/#\\\/schema\\\/logo\\\/image\\\/\",\"url\":\"https:\\\/\\\/www.teltat.fi\\\/wp-content\\\/uploads\\\/2025\\\/03\\\/Nopsa-logo-white-no-circle-RGB.svg\",\"contentUrl\":\"https:\\\/\\\/www.teltat.fi\\\/wp-content\\\/uploads\\\/2025\\\/03\\\/Nopsa-logo-white-no-circle-RGB.svg\",\"width\":1080,\"height\":548,\"caption\":\"www.teltat.fi\"},\"image\":{\"@id\":\"https:\\\/\\\/www.teltat.fi\\\/sv\\\/#\\\/schema\\\/logo\\\/image\\\/\"},\"sameAs\":[\"https:\\\/\\\/www.facebook.com\\\/teltat.fi\\\/\"],\"email\":\"myynti@teltat.fi\",\"telephone\":\"+358105260424\",\"foundingDate\":\"1994-05-18\",\"vatID\":\"FI09519220\",\"numberOfEmployees\":{\"@type\":\"QuantitativeValue\",\"minValue\":\"1\",\"maxValue\":\"10\"}}]}<\/script>\n<!-- \/ Yoast SEO Premium plugin. -->","yoast_head_json":{"title":"Nopsa transportv\u00e4ska 3x3m f\u00f6r markist\u00e4ltet (tillbeh\u00f6r)","robots":{"index":"index","follow":"follow","max-snippet":"max-snippet:-1","max-image-preview":"max-image-preview:large","max-video-preview":"max-video-preview:-1"},"canonical":"https:\/\/www.teltat.fi\/sv\/produkt\/nopsa-transportvaska-3x3m-for-markistalt-tillbehor\/","og_locale":"sv_SE","og_type":"article","og_title":"Nopsa transportv\u00e4ska 3x3m f\u00f6r markist\u00e4ltet (tillbeh\u00f6r)","og_description":"Nopsa transportv\u00e4ska \u00f6ppnas i mitten l\u00e4ngs hela l\u00e4ngden. P\u00e5 s\u00e5 s\u00e4tt kan du enkelt h\u00f6ja t\u00e4ltet \u00f6ver v\u00e4skans botten och lyfta runt v\u00e4skans kanter och st\u00e4nga v\u00e4skan med en dragkedja. Nopsa transportv\u00e4ska med hjul \u00e4r l\u00e4tt att transportera genom att dra. &nbsp; P\u00e5 framsidan av v\u00e4skanfinns en stor sidficka f\u00f6r f\u00f6rn\u00f6denheter och tillbeh\u00f6r. En mindre sidficka p\u00e5 baksidan. Hjul p\u00e5 botten f\u00f6r transport. Tre l\u00e5sremmar utrustade med snabbl\u00e5s ser till att v\u00e4skan sitter kvar. Praktiska lyfthandtag i b\u00e5da \u00e4ndarna av v\u00e4skan. V\u00e4skans transportl\u00e4ngd 165cm. Ett \u00e5rs garanti &nbsp; &nbsp; &nbsp;","og_url":"https:\/\/www.teltat.fi\/sv\/produkt\/nopsa-transportvaska-3x3m-for-markistalt-tillbehor\/","og_site_name":"Nopsa","article_publisher":"https:\/\/www.facebook.com\/teltat.fi\/","article_modified_time":"2025-06-26T07:19:03+00:00","og_image":[{"width":1000,"height":1000,"url":"https:\/\/i0.wp.com\/www.teltat.fi\/wp-content\/uploads\/2023\/02\/Kuljetuslaukku2.jpg?fit=1000%2C1000&ssl=1","type":"image\/jpeg"}],"twitter_card":"summary_large_image","twitter_misc":{"Ber\u00e4knad l\u00e4stid":"1 minut"},"schema":{"@context":"https:\/\/schema.org","@graph":[{"@type":["WebPage","ItemPage"],"@id":"https:\/\/www.teltat.fi\/sv\/produkt\/nopsa-transportvaska-3x3m-for-markistalt-tillbehor\/","url":"https:\/\/www.teltat.fi\/sv\/produkt\/nopsa-transportvaska-3x3m-for-markistalt-tillbehor\/","name":"Nopsa transportv\u00e4ska 3x3m f\u00f6r markist\u00e4ltet (tillbeh\u00f6r)","isPartOf":{"@id":"https:\/\/www.teltat.fi\/sv\/#website"},"primaryImageOfPage":{"@id":"https:\/\/www.teltat.fi\/sv\/produkt\/nopsa-transportvaska-3x3m-for-markistalt-tillbehor\/#primaryimage"},"image":{"@id":"https:\/\/www.teltat.fi\/sv\/produkt\/nopsa-transportvaska-3x3m-for-markistalt-tillbehor\/#primaryimage"},"thumbnailUrl":"https:\/\/www.teltat.fi\/wp-content\/uploads\/2023\/02\/Kuljetuslaukku2.jpg","datePublished":"2023-02-08T13:21:21+00:00","dateModified":"2025-06-26T07:19:03+00:00","breadcrumb":{"@id":"https:\/\/www.teltat.fi\/sv\/produkt\/nopsa-transportvaska-3x3m-for-markistalt-tillbehor\/#breadcrumb"},"inLanguage":"sv-SE","potentialAction":[{"@type":"ReadAction","target":["https:\/\/www.teltat.fi\/sv\/produkt\/nopsa-transportvaska-3x3m-for-markistalt-tillbehor\/"]}]},{"@type":"ImageObject","inLanguage":"sv-SE","@id":"https:\/\/www.teltat.fi\/sv\/produkt\/nopsa-transportvaska-3x3m-for-markistalt-tillbehor\/#primaryimage","url":"https:\/\/www.teltat.fi\/wp-content\/uploads\/2023\/02\/Kuljetuslaukku2.jpg","contentUrl":"https:\/\/www.teltat.fi\/wp-content\/uploads\/2023\/02\/Kuljetuslaukku2.jpg","width":1000,"height":1000},{"@type":"BreadcrumbList","@id":"https:\/\/www.teltat.fi\/sv\/produkt\/nopsa-transportvaska-3x3m-for-markistalt-tillbehor\/#breadcrumb","itemListElement":[{"@type":"ListItem","position":1,"name":"Startsida","item":"https:\/\/www.teltat.fi\/sv\/hemsida\/"},{"@type":"ListItem","position":2,"name":"Butik","item":"https:\/\/www.teltat.fi\/sv\/butik\/"},{"@type":"ListItem","position":3,"name":"Tillbeh\u00f6r och reservdelar","item":"https:\/\/www.teltat.fi\/sv\/produktkategori\/tillbehor-och-reservdelar\/"},{"@type":"ListItem","position":4,"name":"Nopsa reservdelar","item":"https:\/\/www.teltat.fi\/sv\/produktkategori\/tillbehor-och-reservdelar\/nopsa-reservdelar\/"},{"@type":"ListItem","position":5,"name":"Transportv\u00e4skor","item":"https:\/\/www.teltat.fi\/sv\/produktkategori\/tillbehor-och-reservdelar\/nopsa-reservdelar\/transportvaskor\/"},{"@type":"ListItem","position":6,"name":"Nopsa transportv\u00e4ska 3x3m f\u00f6r markist\u00e4ltet (tillbeh\u00f6r)"}]},{"@type":"WebSite","@id":"https:\/\/www.teltat.fi\/sv\/#website","url":"https:\/\/www.teltat.fi\/sv\/","name":"Nopsa","description":"Pop-up teltat ja tarvikkeet kaikkiin tapahtumiin","publisher":{"@id":"https:\/\/www.teltat.fi\/sv\/#organization"},"alternateName":"Nopsa popup teltat","potentialAction":[{"@type":"SearchAction","target":{"@type":"EntryPoint","urlTemplate":"https:\/\/www.teltat.fi\/sv\/?s={search_term_string}"},"query-input":{"@type":"PropertyValueSpecification","valueRequired":true,"valueName":"search_term_string"}}],"inLanguage":"sv-SE"},{"@type":"Organization","@id":"https:\/\/www.teltat.fi\/sv\/#organization","name":"www.teltat.fi","alternateName":"Nopsa popup-t\u00e4lt och tillbeh\u00f6r","url":"https:\/\/www.teltat.fi\/sv\/","logo":{"@type":"ImageObject","inLanguage":"sv-SE","@id":"https:\/\/www.teltat.fi\/sv\/#\/schema\/logo\/image\/","url":"https:\/\/www.teltat.fi\/wp-content\/uploads\/2025\/03\/Nopsa-logo-white-no-circle-RGB.svg","contentUrl":"https:\/\/www.teltat.fi\/wp-content\/uploads\/2025\/03\/Nopsa-logo-white-no-circle-RGB.svg","width":1080,"height":548,"caption":"www.teltat.fi"},"image":{"@id":"https:\/\/www.teltat.fi\/sv\/#\/schema\/logo\/image\/"},"sameAs":["https:\/\/www.facebook.com\/teltat.fi\/"],"email":"myynti@teltat.fi","telephone":"+358105260424","foundingDate":"1994-05-18","vatID":"FI09519220","numberOfEmployees":{"@type":"QuantitativeValue","minValue":"1","maxValue":"10"}}]}},"_links":{"self":[{"href":"https:\/\/www.teltat.fi\/sv\/wp-json\/wp\/v2\/product\/9463","targetHints":{"allow":["GET"]}}],"collection":[{"href":"https:\/\/www.teltat.fi\/sv\/wp-json\/wp\/v2\/product"}],"about":[{"href":"https:\/\/www.teltat.fi\/sv\/wp-json\/wp\/v2\/types\/product"}],"version-history":[{"count":2,"href":"https:\/\/www.teltat.fi\/sv\/wp-json\/wp\/v2\/product\/9463\/revisions"}],"predecessor-version":[{"id":27216,"href":"https:\/\/www.teltat.fi\/sv\/wp-json\/wp\/v2\/product\/9463\/revisions\/27216"}],"wp:featuredmedia":[{"embeddable":true,"href":"https:\/\/www.teltat.fi\/sv\/wp-json\/wp\/v2\/media\/8355"}],"wp:attachment":[{"href":"https:\/\/www.teltat.fi\/sv\/wp-json\/wp\/v2\/media?parent=9463"}],"wp:term":[{"taxonomy":"product_brand","embeddable":true,"href":"https:\/\/www.teltat.fi\/sv\/wp-json\/wp\/v2\/product_brand?post=9463"},{"taxonomy":"product_cat","embeddable":true,"href":"https:\/\/www.teltat.fi\/sv\/wp-json\/wp\/v2\/product_cat?post=9463"},{"taxonomy":"product_tag","embeddable":true,"href":"https:\/\/www.teltat.fi\/sv\/wp-json\/wp\/v2\/product_tag?post=9463"}],"curies":[{"name":"wp","href":"https:\/\/api.w.org\/{rel}","templated":true}]}}