{"id":9799,"date":"2023-02-08T13:15:52","date_gmt":"2023-02-08T10:15:52","guid":{"rendered":"https:\/\/www.teltat.fi\/tuote\/nopsa-4x4m-taktyg\/"},"modified":"2025-07-29T14:09:37","modified_gmt":"2025-07-29T11:09:37","slug":"nopsa-4x4m-taktyg","status":"publish","type":"product","link":"https:\/\/www.teltat.fi\/sv\/produkt\/nopsa-4x4m-taktyg\/","title":{"rendered":"Nopsa 4x4m taktyg"},"content":{"rendered":"<p><strong>Taket \u00e4r tillverkat av l\u00e4ttsk\u00f6tt, helt vatten- och vindt\u00e4t, UV-best\u00e4ndig 500D PU-belagd polyestertyg.<\/strong> Alla tyg \u00e4r ocks\u00e5 brands\u00e4kra ( B1 DIN 4102-1). Taket \u00e4r f\u00e4st i ramen med kraftiga h\u00f6rnh\u00e4ftande \u00f6glor och alla sidor \u00e4r f\u00f6rst\u00e4rkta med snabbl\u00e5s f\u00f6r att t\u00e5la \u00e4ven h\u00e5rt slitage. Det \u00e4r m\u00f6jligt att bekv\u00e4mt f\u00e4sta v\u00e4ggarna i taket med kardborreband, och h\u00f6rnen kan st\u00e4ngas t\u00e4tt med dragkedjor. Takets h\u00f6rn har h\u00e5llbara metallringar f\u00f6r montering. Det finns ett mycket omfattande utbud av f\u00e4rger f\u00f6r tak, t.ex. mycket popul\u00e4ra randiga tyger!    <\/p>\n","protected":false},"excerpt":{"rendered":"<p>Taket \u00e4r tillverkat av l\u00e4ttsk\u00f6tt, helt vatten- och vindt\u00e4t, UV-best\u00e4ndig 500D PU-belagd polyestertyg. Alla tyg \u00e4r ocks\u00e5 brands\u00e4kra ( B1 DIN 4102-1). Taket \u00e4r f\u00e4st i ramen med kraftiga h\u00f6rnh\u00e4ftande \u00f6glor och alla sidor \u00e4r f\u00f6rst\u00e4rkta med snabbl\u00e5s f\u00f6r att t\u00e5la \u00e4ven h\u00e5rt slitage. Det \u00e4r m\u00f6jligt att bekv\u00e4mt f\u00e4sta v\u00e4ggarna i taket med kardborreband, och h\u00f6rnen kan st\u00e4ngas t\u00e4tt med dragkedjor. Takets h\u00f6rn har h\u00e5llbara metallringar f\u00f6r montering. Det finns ett mycket omfattande utbud av f\u00e4rger f\u00f6r tak, t.ex. mycket popul\u00e4ra randiga tyger!<\/p>\n","protected":false},"featured_media":8623,"template":"","meta":{"_acf_changed":false,"_eb_attr":"","site-sidebar-layout":"default","site-content-layout":"","ast-site-content-layout":"default","site-content-style":"default","site-sidebar-style":"default","ast-global-header-display":"","ast-banner-title-visibility":"","ast-main-header-display":"","ast-hfb-above-header-display":"","ast-hfb-below-header-display":"","ast-hfb-mobile-header-display":"","site-post-title":"","ast-breadcrumbs-content":"","ast-featured-img":"","footer-sml-layout":"","ast-disable-related-posts":"","theme-transparent-header-meta":"default","adv-header-id-meta":"","stick-header-meta":"","header-above-stick-meta":"","header-main-stick-meta":"","header-below-stick-meta":"","astra-migrate-meta-layouts":"default","ast-page-background-enabled":"default","ast-page-background-meta":{"desktop":{"background-color":"var(--ast-global-color-5)","background-image":"","background-repeat":"repeat","background-position":"center center","background-size":"auto","background-attachment":"scroll","background-type":"","background-media":"","overlay-type":"","overlay-color":"","overlay-opacity":"","overlay-gradient":""},"tablet":{"background-color":"","background-image":"","background-repeat":"repeat","background-position":"center center","background-size":"auto","background-attachment":"scroll","background-type":"","background-media":"","overlay-type":"","overlay-color":"","overlay-opacity":"","overlay-gradient":""},"mobile":{"background-color":"","background-image":"","background-repeat":"repeat","background-position":"center center","background-size":"auto","background-attachment":"scroll","background-type":"","background-media":"","overlay-type":"","overlay-color":"","overlay-opacity":"","overlay-gradient":""}},"ast-content-background-meta":{"desktop":{"background-color":"var(--ast-global-color-4)","background-image":"","background-repeat":"repeat","background-position":"center center","background-size":"auto","background-attachment":"scroll","background-type":"","background-media":"","overlay-type":"","overlay-color":"","overlay-opacity":"","overlay-gradient":""},"tablet":{"background-color":"var(--ast-global-color-4)","background-image":"","background-repeat":"repeat","background-position":"center center","background-size":"auto","background-attachment":"scroll","background-type":"","background-media":"","overlay-type":"","overlay-color":"","overlay-opacity":"","overlay-gradient":""},"mobile":{"background-color":"var(--ast-global-color-4)","background-image":"","background-repeat":"repeat","background-position":"center center","background-size":"auto","background-attachment":"scroll","background-type":"","background-media":"","overlay-type":"","overlay-color":"","overlay-opacity":"","overlay-gradient":""}}},"product_brand":[],"product_cat":[266],"product_tag":[],"class_list":{"0":"post-9799","1":"product","2":"type-product","3":"status-publish","4":"has-post-thumbnail","6":"product_cat-taktyger","7":"desktop-align-left","8":"tablet-align-left","9":"mobile-align-left","11":"first","12":"instock","13":"taxable","14":"shipping-taxable","15":"purchasable","16":"product-type-variable"},"acf":[],"yoast_head":"<!-- This site is optimized with the Yoast SEO Premium plugin v24.5 (Yoast SEO v27.4) - https:\/\/yoast.com\/product\/yoast-seo-premium-wordpress\/ -->\n<title>Nopsa 4x4m taktyg<\/title>\n<meta name=\"robots\" content=\"index, follow, max-snippet:-1, max-image-preview:large, max-video-preview:-1\" \/>\n<link rel=\"canonical\" href=\"https:\/\/www.teltat.fi\/sv\/produkt\/nopsa-4x4m-taktyg\/\" \/>\n<meta property=\"og:locale\" content=\"sv_SE\" \/>\n<meta property=\"og:type\" content=\"article\" \/>\n<meta property=\"og:title\" content=\"Nopsa 4x4m taktyg\" \/>\n<meta property=\"og:description\" content=\"Taket \u00e4r tillverkat av l\u00e4ttsk\u00f6tt, helt vatten- och vindt\u00e4t, UV-best\u00e4ndig 500D PU-belagd polyestertyg. Alla tyg \u00e4r ocks\u00e5 brands\u00e4kra ( B1 DIN 4102-1). Taket \u00e4r f\u00e4st i ramen med kraftiga h\u00f6rnh\u00e4ftande \u00f6glor och alla sidor \u00e4r f\u00f6rst\u00e4rkta med snabbl\u00e5s f\u00f6r att t\u00e5la \u00e4ven h\u00e5rt slitage. Det \u00e4r m\u00f6jligt att bekv\u00e4mt f\u00e4sta v\u00e4ggarna i taket med kardborreband, och h\u00f6rnen kan st\u00e4ngas t\u00e4tt med dragkedjor. Takets h\u00f6rn har h\u00e5llbara metallringar f\u00f6r montering. Det finns ett mycket omfattande utbud av f\u00e4rger f\u00f6r tak, t.ex. mycket popul\u00e4ra randiga tyger!\" \/>\n<meta property=\"og:url\" content=\"https:\/\/www.teltat.fi\/sv\/produkt\/nopsa-4x4m-taktyg\/\" \/>\n<meta property=\"og:site_name\" content=\"Nopsa\" \/>\n<meta property=\"article:publisher\" content=\"https:\/\/www.facebook.com\/teltat.fi\/\" \/>\n<meta property=\"article:modified_time\" content=\"2025-07-29T11:09:37+00:00\" \/>\n<meta property=\"og:image\" content=\"https:\/\/i0.wp.com\/www.teltat.fi\/wp-content\/uploads\/2023\/02\/kattokangas1.jpg?fit=1024%2C768&ssl=1\" \/>\n\t<meta property=\"og:image:width\" content=\"1024\" \/>\n\t<meta property=\"og:image:height\" content=\"768\" \/>\n\t<meta property=\"og:image:type\" content=\"image\/jpeg\" \/>\n<meta name=\"twitter:card\" content=\"summary_large_image\" \/>\n<meta name=\"twitter:label1\" content=\"Ber\u00e4knad l\u00e4stid\" \/>\n\t<meta name=\"twitter:data1\" content=\"1 minut\" \/>\n<script type=\"application\/ld+json\" class=\"yoast-schema-graph\">{\"@context\":\"https:\\\/\\\/schema.org\",\"@graph\":[{\"@type\":[\"WebPage\",\"ItemPage\"],\"@id\":\"https:\\\/\\\/www.teltat.fi\\\/sv\\\/produkt\\\/nopsa-4x4m-taktyg\\\/\",\"url\":\"https:\\\/\\\/www.teltat.fi\\\/sv\\\/produkt\\\/nopsa-4x4m-taktyg\\\/\",\"name\":\"Nopsa 4x4m taktyg\",\"isPartOf\":{\"@id\":\"https:\\\/\\\/www.teltat.fi\\\/sv\\\/#website\"},\"primaryImageOfPage\":{\"@id\":\"https:\\\/\\\/www.teltat.fi\\\/sv\\\/produkt\\\/nopsa-4x4m-taktyg\\\/#primaryimage\"},\"image\":{\"@id\":\"https:\\\/\\\/www.teltat.fi\\\/sv\\\/produkt\\\/nopsa-4x4m-taktyg\\\/#primaryimage\"},\"thumbnailUrl\":\"https:\\\/\\\/www.teltat.fi\\\/wp-content\\\/uploads\\\/2023\\\/02\\\/kattokangas1.jpg\",\"datePublished\":\"2023-02-08T10:15:52+00:00\",\"dateModified\":\"2025-07-29T11:09:37+00:00\",\"breadcrumb\":{\"@id\":\"https:\\\/\\\/www.teltat.fi\\\/sv\\\/produkt\\\/nopsa-4x4m-taktyg\\\/#breadcrumb\"},\"inLanguage\":\"sv-SE\",\"potentialAction\":[{\"@type\":\"ReadAction\",\"target\":[\"https:\\\/\\\/www.teltat.fi\\\/sv\\\/produkt\\\/nopsa-4x4m-taktyg\\\/\"]}]},{\"@type\":\"ImageObject\",\"inLanguage\":\"sv-SE\",\"@id\":\"https:\\\/\\\/www.teltat.fi\\\/sv\\\/produkt\\\/nopsa-4x4m-taktyg\\\/#primaryimage\",\"url\":\"https:\\\/\\\/www.teltat.fi\\\/wp-content\\\/uploads\\\/2023\\\/02\\\/kattokangas1.jpg\",\"contentUrl\":\"https:\\\/\\\/www.teltat.fi\\\/wp-content\\\/uploads\\\/2023\\\/02\\\/kattokangas1.jpg\",\"width\":1024,\"height\":768,\"caption\":\"Taktyg\"},{\"@type\":\"BreadcrumbList\",\"@id\":\"https:\\\/\\\/www.teltat.fi\\\/sv\\\/produkt\\\/nopsa-4x4m-taktyg\\\/#breadcrumb\",\"itemListElement\":[{\"@type\":\"ListItem\",\"position\":1,\"name\":\"Startsida\",\"item\":\"https:\\\/\\\/www.teltat.fi\\\/sv\\\/hemsida\\\/\"},{\"@type\":\"ListItem\",\"position\":2,\"name\":\"Butik\",\"item\":\"https:\\\/\\\/www.teltat.fi\\\/sv\\\/butik\\\/\"},{\"@type\":\"ListItem\",\"position\":3,\"name\":\"Taktyger\",\"item\":\"https:\\\/\\\/www.teltat.fi\\\/sv\\\/produktkategori\\\/taktyger\\\/\"},{\"@type\":\"ListItem\",\"position\":4,\"name\":\"Nopsa 4x4m taktyg\"}]},{\"@type\":\"WebSite\",\"@id\":\"https:\\\/\\\/www.teltat.fi\\\/sv\\\/#website\",\"url\":\"https:\\\/\\\/www.teltat.fi\\\/sv\\\/\",\"name\":\"Nopsa\",\"description\":\"Pop-up teltat ja tarvikkeet kaikkiin tapahtumiin\",\"publisher\":{\"@id\":\"https:\\\/\\\/www.teltat.fi\\\/sv\\\/#organization\"},\"alternateName\":\"Nopsa popup teltat\",\"potentialAction\":[{\"@type\":\"SearchAction\",\"target\":{\"@type\":\"EntryPoint\",\"urlTemplate\":\"https:\\\/\\\/www.teltat.fi\\\/sv\\\/?s={search_term_string}\"},\"query-input\":{\"@type\":\"PropertyValueSpecification\",\"valueRequired\":true,\"valueName\":\"search_term_string\"}}],\"inLanguage\":\"sv-SE\"},{\"@type\":\"Organization\",\"@id\":\"https:\\\/\\\/www.teltat.fi\\\/sv\\\/#organization\",\"name\":\"www.teltat.fi\",\"alternateName\":\"Nopsa popup-t\u00e4lt och tillbeh\u00f6r\",\"url\":\"https:\\\/\\\/www.teltat.fi\\\/sv\\\/\",\"logo\":{\"@type\":\"ImageObject\",\"inLanguage\":\"sv-SE\",\"@id\":\"https:\\\/\\\/www.teltat.fi\\\/sv\\\/#\\\/schema\\\/logo\\\/image\\\/\",\"url\":\"https:\\\/\\\/www.teltat.fi\\\/wp-content\\\/uploads\\\/2025\\\/03\\\/Nopsa-logo-white-no-circle-RGB.svg\",\"contentUrl\":\"https:\\\/\\\/www.teltat.fi\\\/wp-content\\\/uploads\\\/2025\\\/03\\\/Nopsa-logo-white-no-circle-RGB.svg\",\"width\":1080,\"height\":548,\"caption\":\"www.teltat.fi\"},\"image\":{\"@id\":\"https:\\\/\\\/www.teltat.fi\\\/sv\\\/#\\\/schema\\\/logo\\\/image\\\/\"},\"sameAs\":[\"https:\\\/\\\/www.facebook.com\\\/teltat.fi\\\/\"],\"email\":\"myynti@teltat.fi\",\"telephone\":\"+358105260424\",\"foundingDate\":\"1994-05-18\",\"vatID\":\"FI09519220\",\"numberOfEmployees\":{\"@type\":\"QuantitativeValue\",\"minValue\":\"1\",\"maxValue\":\"10\"}}]}<\/script>\n<!-- \/ Yoast SEO Premium plugin. -->","yoast_head_json":{"title":"Nopsa 4x4m taktyg","robots":{"index":"index","follow":"follow","max-snippet":"max-snippet:-1","max-image-preview":"max-image-preview:large","max-video-preview":"max-video-preview:-1"},"canonical":"https:\/\/www.teltat.fi\/sv\/produkt\/nopsa-4x4m-taktyg\/","og_locale":"sv_SE","og_type":"article","og_title":"Nopsa 4x4m taktyg","og_description":"Taket \u00e4r tillverkat av l\u00e4ttsk\u00f6tt, helt vatten- och vindt\u00e4t, UV-best\u00e4ndig 500D PU-belagd polyestertyg. Alla tyg \u00e4r ocks\u00e5 brands\u00e4kra ( B1 DIN 4102-1). Taket \u00e4r f\u00e4st i ramen med kraftiga h\u00f6rnh\u00e4ftande \u00f6glor och alla sidor \u00e4r f\u00f6rst\u00e4rkta med snabbl\u00e5s f\u00f6r att t\u00e5la \u00e4ven h\u00e5rt slitage. Det \u00e4r m\u00f6jligt att bekv\u00e4mt f\u00e4sta v\u00e4ggarna i taket med kardborreband, och h\u00f6rnen kan st\u00e4ngas t\u00e4tt med dragkedjor. Takets h\u00f6rn har h\u00e5llbara metallringar f\u00f6r montering. Det finns ett mycket omfattande utbud av f\u00e4rger f\u00f6r tak, t.ex. mycket popul\u00e4ra randiga tyger!","og_url":"https:\/\/www.teltat.fi\/sv\/produkt\/nopsa-4x4m-taktyg\/","og_site_name":"Nopsa","article_publisher":"https:\/\/www.facebook.com\/teltat.fi\/","article_modified_time":"2025-07-29T11:09:37+00:00","og_image":[{"width":1024,"height":768,"url":"https:\/\/i0.wp.com\/www.teltat.fi\/wp-content\/uploads\/2023\/02\/kattokangas1.jpg?fit=1024%2C768&ssl=1","type":"image\/jpeg"}],"twitter_card":"summary_large_image","twitter_misc":{"Ber\u00e4knad l\u00e4stid":"1 minut"},"schema":{"@context":"https:\/\/schema.org","@graph":[{"@type":["WebPage","ItemPage"],"@id":"https:\/\/www.teltat.fi\/sv\/produkt\/nopsa-4x4m-taktyg\/","url":"https:\/\/www.teltat.fi\/sv\/produkt\/nopsa-4x4m-taktyg\/","name":"Nopsa 4x4m taktyg","isPartOf":{"@id":"https:\/\/www.teltat.fi\/sv\/#website"},"primaryImageOfPage":{"@id":"https:\/\/www.teltat.fi\/sv\/produkt\/nopsa-4x4m-taktyg\/#primaryimage"},"image":{"@id":"https:\/\/www.teltat.fi\/sv\/produkt\/nopsa-4x4m-taktyg\/#primaryimage"},"thumbnailUrl":"https:\/\/www.teltat.fi\/wp-content\/uploads\/2023\/02\/kattokangas1.jpg","datePublished":"2023-02-08T10:15:52+00:00","dateModified":"2025-07-29T11:09:37+00:00","breadcrumb":{"@id":"https:\/\/www.teltat.fi\/sv\/produkt\/nopsa-4x4m-taktyg\/#breadcrumb"},"inLanguage":"sv-SE","potentialAction":[{"@type":"ReadAction","target":["https:\/\/www.teltat.fi\/sv\/produkt\/nopsa-4x4m-taktyg\/"]}]},{"@type":"ImageObject","inLanguage":"sv-SE","@id":"https:\/\/www.teltat.fi\/sv\/produkt\/nopsa-4x4m-taktyg\/#primaryimage","url":"https:\/\/www.teltat.fi\/wp-content\/uploads\/2023\/02\/kattokangas1.jpg","contentUrl":"https:\/\/www.teltat.fi\/wp-content\/uploads\/2023\/02\/kattokangas1.jpg","width":1024,"height":768,"caption":"Taktyg"},{"@type":"BreadcrumbList","@id":"https:\/\/www.teltat.fi\/sv\/produkt\/nopsa-4x4m-taktyg\/#breadcrumb","itemListElement":[{"@type":"ListItem","position":1,"name":"Startsida","item":"https:\/\/www.teltat.fi\/sv\/hemsida\/"},{"@type":"ListItem","position":2,"name":"Butik","item":"https:\/\/www.teltat.fi\/sv\/butik\/"},{"@type":"ListItem","position":3,"name":"Taktyger","item":"https:\/\/www.teltat.fi\/sv\/produktkategori\/taktyger\/"},{"@type":"ListItem","position":4,"name":"Nopsa 4x4m taktyg"}]},{"@type":"WebSite","@id":"https:\/\/www.teltat.fi\/sv\/#website","url":"https:\/\/www.teltat.fi\/sv\/","name":"Nopsa","description":"Pop-up teltat ja tarvikkeet kaikkiin tapahtumiin","publisher":{"@id":"https:\/\/www.teltat.fi\/sv\/#organization"},"alternateName":"Nopsa popup teltat","potentialAction":[{"@type":"SearchAction","target":{"@type":"EntryPoint","urlTemplate":"https:\/\/www.teltat.fi\/sv\/?s={search_term_string}"},"query-input":{"@type":"PropertyValueSpecification","valueRequired":true,"valueName":"search_term_string"}}],"inLanguage":"sv-SE"},{"@type":"Organization","@id":"https:\/\/www.teltat.fi\/sv\/#organization","name":"www.teltat.fi","alternateName":"Nopsa popup-t\u00e4lt och tillbeh\u00f6r","url":"https:\/\/www.teltat.fi\/sv\/","logo":{"@type":"ImageObject","inLanguage":"sv-SE","@id":"https:\/\/www.teltat.fi\/sv\/#\/schema\/logo\/image\/","url":"https:\/\/www.teltat.fi\/wp-content\/uploads\/2025\/03\/Nopsa-logo-white-no-circle-RGB.svg","contentUrl":"https:\/\/www.teltat.fi\/wp-content\/uploads\/2025\/03\/Nopsa-logo-white-no-circle-RGB.svg","width":1080,"height":548,"caption":"www.teltat.fi"},"image":{"@id":"https:\/\/www.teltat.fi\/sv\/#\/schema\/logo\/image\/"},"sameAs":["https:\/\/www.facebook.com\/teltat.fi\/"],"email":"myynti@teltat.fi","telephone":"+358105260424","foundingDate":"1994-05-18","vatID":"FI09519220","numberOfEmployees":{"@type":"QuantitativeValue","minValue":"1","maxValue":"10"}}]}},"_links":{"self":[{"href":"https:\/\/www.teltat.fi\/sv\/wp-json\/wp\/v2\/product\/9799","targetHints":{"allow":["GET"]}}],"collection":[{"href":"https:\/\/www.teltat.fi\/sv\/wp-json\/wp\/v2\/product"}],"about":[{"href":"https:\/\/www.teltat.fi\/sv\/wp-json\/wp\/v2\/types\/product"}],"version-history":[{"count":1,"href":"https:\/\/www.teltat.fi\/sv\/wp-json\/wp\/v2\/product\/9799\/revisions"}],"predecessor-version":[{"id":23311,"href":"https:\/\/www.teltat.fi\/sv\/wp-json\/wp\/v2\/product\/9799\/revisions\/23311"}],"wp:featuredmedia":[{"embeddable":true,"href":"https:\/\/www.teltat.fi\/sv\/wp-json\/wp\/v2\/media\/8623"}],"wp:attachment":[{"href":"https:\/\/www.teltat.fi\/sv\/wp-json\/wp\/v2\/media?parent=9799"}],"wp:term":[{"taxonomy":"product_brand","embeddable":true,"href":"https:\/\/www.teltat.fi\/sv\/wp-json\/wp\/v2\/product_brand?post=9799"},{"taxonomy":"product_cat","embeddable":true,"href":"https:\/\/www.teltat.fi\/sv\/wp-json\/wp\/v2\/product_cat?post=9799"},{"taxonomy":"product_tag","embeddable":true,"href":"https:\/\/www.teltat.fi\/sv\/wp-json\/wp\/v2\/product_tag?post=9799"}],"curies":[{"name":"wp","href":"https:\/\/api.w.org\/{rel}","templated":true}]}}