{"id":9855,"date":"2023-02-08T13:09:25","date_gmt":"2023-02-08T10:09:25","guid":{"rendered":"https:\/\/www.teltat.fi\/tuote\/bord-122x61cm\/"},"modified":"2025-06-26T10:16:53","modified_gmt":"2025-06-26T07:16:53","slug":"bord-122x61cm","status":"publish","type":"product","link":"https:\/\/www.teltat.fi\/sv\/produkt\/bord-122x61cm\/","title":{"rendered":"Bord 122x61cm"},"content":{"rendered":"<p>Detta rektangul\u00e4ra f\u00e4llbord \u00e4r anv\u00e4ndbart i m\u00e5nga milj\u00f6er, inklusive balsalar, konferenscenter, kaf\u00e9er, skolor och hemmet.<br \/>\nBordet kan anv\u00e4ndas som en tillf\u00e4llig sittl\u00f6sning eller s\u00e5 kan det st\u00e4llas i ordning f\u00f6r vardagsbruk. Bordsbenen f\u00e4lls in under bordet f\u00f6r att underl\u00e4tta f\u00f6rvaring och transport.<\/p>\n<p><b>Funktioner: <\/b><\/p>\n<ul>\n<li>Bord redo att anv\u00e4ndas omedelbart<\/li>\n<li>Benen f\u00e4lls ihop under bordet<\/li>\n<li>4 cm tjock kaffebrun bordsskiva<\/li>\n<li>Vattent\u00e4t, st\u00f6ts\u00e4ker och l\u00e4tt att h\u00e5lla ren<\/li>\n<li>Gr\u00e5 pulverlackerade ben<\/li>\n<li>Designad f\u00f6r inomhus- och utomhusbruk<\/li>\n<\/ul>\n","protected":false},"excerpt":{"rendered":"<p>Detta rektangul\u00e4ra f\u00e4llbord \u00e4r anv\u00e4ndbart i m\u00e5nga milj\u00f6er, inklusive balsalar, konferenscenter, kaf\u00e9er, skolor och hemmet. Bordet kan anv\u00e4ndas som en tillf\u00e4llig sittl\u00f6sning eller s\u00e5 kan det st\u00e4llas i ordning f\u00f6r vardagsbruk. Bordsbenen f\u00e4lls in under bordet f\u00f6r att underl\u00e4tta f\u00f6rvaring och transport. Funktioner: Bord redo att anv\u00e4ndas omedelbart Benen f\u00e4lls ihop under bordet 4 cm tjock kaffebrun bordsskiva Vattent\u00e4t, st\u00f6ts\u00e4ker och l\u00e4tt att h\u00e5lla ren Gr\u00e5 pulverlackerade ben Designad f\u00f6r inomhus- och utomhusbruk<\/p>\n","protected":false},"featured_media":27958,"template":"","meta":{"_acf_changed":false,"_eb_attr":"","site-sidebar-layout":"default","site-content-layout":"","ast-site-content-layout":"default","site-content-style":"default","site-sidebar-style":"default","ast-global-header-display":"","ast-banner-title-visibility":"","ast-main-header-display":"","ast-hfb-above-header-display":"","ast-hfb-below-header-display":"","ast-hfb-mobile-header-display":"","site-post-title":"","ast-breadcrumbs-content":"","ast-featured-img":"","footer-sml-layout":"","ast-disable-related-posts":"","theme-transparent-header-meta":"default","adv-header-id-meta":"","stick-header-meta":"","header-above-stick-meta":"","header-main-stick-meta":"","header-below-stick-meta":"","astra-migrate-meta-layouts":"default","ast-page-background-enabled":"default","ast-page-background-meta":{"desktop":{"background-color":"var(--ast-global-color-5)","background-image":"","background-repeat":"repeat","background-position":"center center","background-size":"auto","background-attachment":"scroll","background-type":"","background-media":"","overlay-type":"","overlay-color":"","overlay-opacity":"","overlay-gradient":""},"tablet":{"background-color":"","background-image":"","background-repeat":"repeat","background-position":"center center","background-size":"auto","background-attachment":"scroll","background-type":"","background-media":"","overlay-type":"","overlay-color":"","overlay-opacity":"","overlay-gradient":""},"mobile":{"background-color":"","background-image":"","background-repeat":"repeat","background-position":"center center","background-size":"auto","background-attachment":"scroll","background-type":"","background-media":"","overlay-type":"","overlay-color":"","overlay-opacity":"","overlay-gradient":""}},"ast-content-background-meta":{"desktop":{"background-color":"var(--ast-global-color-4)","background-image":"","background-repeat":"repeat","background-position":"center center","background-size":"auto","background-attachment":"scroll","background-type":"","background-media":"","overlay-type":"","overlay-color":"","overlay-opacity":"","overlay-gradient":""},"tablet":{"background-color":"var(--ast-global-color-4)","background-image":"","background-repeat":"repeat","background-position":"center center","background-size":"auto","background-attachment":"scroll","background-type":"","background-media":"","overlay-type":"","overlay-color":"","overlay-opacity":"","overlay-gradient":""},"mobile":{"background-color":"var(--ast-global-color-4)","background-image":"","background-repeat":"repeat","background-position":"center center","background-size":"auto","background-attachment":"scroll","background-type":"","background-media":"","overlay-type":"","overlay-color":"","overlay-opacity":"","overlay-gradient":""}}},"product_brand":[],"product_cat":[293,279],"product_tag":[],"class_list":{"0":"post-9855","1":"product","2":"type-product","3":"status-publish","4":"has-post-thumbnail","6":"product_cat-bord-och-bankar","7":"product_cat-bordet","8":"desktop-align-left","9":"tablet-align-left","10":"mobile-align-left","12":"first","13":"instock","14":"taxable","15":"shipping-taxable","16":"purchasable","17":"product-type-simple"},"acf":[],"yoast_head":"<!-- This site is optimized with the Yoast SEO Premium plugin v24.5 (Yoast SEO v27.4) - https:\/\/yoast.com\/product\/yoast-seo-premium-wordpress\/ -->\n<title>Bord 122x61cm<\/title>\n<meta name=\"robots\" content=\"index, follow, max-snippet:-1, max-image-preview:large, max-video-preview:-1\" \/>\n<link rel=\"canonical\" href=\"https:\/\/www.teltat.fi\/sv\/produkt\/bord-122x61cm\/\" \/>\n<meta property=\"og:locale\" content=\"sv_SE\" \/>\n<meta property=\"og:type\" content=\"article\" \/>\n<meta property=\"og:title\" content=\"Bord 122x61cm\" \/>\n<meta property=\"og:description\" content=\"Detta rektangul\u00e4ra f\u00e4llbord \u00e4r anv\u00e4ndbart i m\u00e5nga milj\u00f6er, inklusive balsalar, konferenscenter, kaf\u00e9er, skolor och hemmet. Bordet kan anv\u00e4ndas som en tillf\u00e4llig sittl\u00f6sning eller s\u00e5 kan det st\u00e4llas i ordning f\u00f6r vardagsbruk. Bordsbenen f\u00e4lls in under bordet f\u00f6r att underl\u00e4tta f\u00f6rvaring och transport. Funktioner: Bord redo att anv\u00e4ndas omedelbart Benen f\u00e4lls ihop under bordet 4 cm tjock kaffebrun bordsskiva Vattent\u00e4t, st\u00f6ts\u00e4ker och l\u00e4tt att h\u00e5lla ren Gr\u00e5 pulverlackerade ben Designad f\u00f6r inomhus- och utomhusbruk\" \/>\n<meta property=\"og:url\" content=\"https:\/\/www.teltat.fi\/sv\/produkt\/bord-122x61cm\/\" \/>\n<meta property=\"og:site_name\" content=\"Nopsa\" \/>\n<meta property=\"article:publisher\" content=\"https:\/\/www.facebook.com\/teltat.fi\/\" \/>\n<meta property=\"article:modified_time\" content=\"2025-06-26T07:16:53+00:00\" \/>\n<meta property=\"og:image\" content=\"https:\/\/www.teltat.fi\/wp-content\/uploads\/2023\/02\/poyta-ruskea.webp\" \/>\n\t<meta property=\"og:image:width\" content=\"1024\" \/>\n\t<meta property=\"og:image:height\" content=\"1024\" \/>\n\t<meta property=\"og:image:type\" content=\"image\/webp\" \/>\n<meta name=\"twitter:card\" content=\"summary_large_image\" \/>\n<script type=\"application\/ld+json\" class=\"yoast-schema-graph\">{\"@context\":\"https:\\\/\\\/schema.org\",\"@graph\":[{\"@type\":[\"WebPage\",\"ItemPage\"],\"@id\":\"https:\\\/\\\/www.teltat.fi\\\/sv\\\/produkt\\\/bord-122x61cm\\\/\",\"url\":\"https:\\\/\\\/www.teltat.fi\\\/sv\\\/produkt\\\/bord-122x61cm\\\/\",\"name\":\"Bord 122x61cm\",\"isPartOf\":{\"@id\":\"https:\\\/\\\/www.teltat.fi\\\/sv\\\/#website\"},\"primaryImageOfPage\":{\"@id\":\"https:\\\/\\\/www.teltat.fi\\\/sv\\\/produkt\\\/bord-122x61cm\\\/#primaryimage\"},\"image\":{\"@id\":\"https:\\\/\\\/www.teltat.fi\\\/sv\\\/produkt\\\/bord-122x61cm\\\/#primaryimage\"},\"thumbnailUrl\":\"https:\\\/\\\/www.teltat.fi\\\/wp-content\\\/uploads\\\/2023\\\/02\\\/poyta-ruskea.webp\",\"datePublished\":\"2023-02-08T10:09:25+00:00\",\"dateModified\":\"2025-06-26T07:16:53+00:00\",\"breadcrumb\":{\"@id\":\"https:\\\/\\\/www.teltat.fi\\\/sv\\\/produkt\\\/bord-122x61cm\\\/#breadcrumb\"},\"inLanguage\":\"sv-SE\",\"potentialAction\":[{\"@type\":\"ReadAction\",\"target\":[\"https:\\\/\\\/www.teltat.fi\\\/sv\\\/produkt\\\/bord-122x61cm\\\/\"]}]},{\"@type\":\"ImageObject\",\"inLanguage\":\"sv-SE\",\"@id\":\"https:\\\/\\\/www.teltat.fi\\\/sv\\\/produkt\\\/bord-122x61cm\\\/#primaryimage\",\"url\":\"https:\\\/\\\/www.teltat.fi\\\/wp-content\\\/uploads\\\/2023\\\/02\\\/poyta-ruskea.webp\",\"contentUrl\":\"https:\\\/\\\/www.teltat.fi\\\/wp-content\\\/uploads\\\/2023\\\/02\\\/poyta-ruskea.webp\",\"width\":1024,\"height\":1024,\"caption\":\"Bord brunt\"},{\"@type\":\"BreadcrumbList\",\"@id\":\"https:\\\/\\\/www.teltat.fi\\\/sv\\\/produkt\\\/bord-122x61cm\\\/#breadcrumb\",\"itemListElement\":[{\"@type\":\"ListItem\",\"position\":1,\"name\":\"Startsida\",\"item\":\"https:\\\/\\\/www.teltat.fi\\\/sv\\\/hemsida\\\/\"},{\"@type\":\"ListItem\",\"position\":2,\"name\":\"Butik\",\"item\":\"https:\\\/\\\/www.teltat.fi\\\/sv\\\/butik\\\/\"},{\"@type\":\"ListItem\",\"position\":3,\"name\":\"Bord och b\u00e4nkar\",\"item\":\"https:\\\/\\\/www.teltat.fi\\\/sv\\\/produktkategori\\\/bord-och-bankar\\\/\"},{\"@type\":\"ListItem\",\"position\":4,\"name\":\"Bordet\",\"item\":\"https:\\\/\\\/www.teltat.fi\\\/sv\\\/produktkategori\\\/bord-och-bankar\\\/bordet\\\/\"},{\"@type\":\"ListItem\",\"position\":5,\"name\":\"Bord 122x61cm\"}]},{\"@type\":\"WebSite\",\"@id\":\"https:\\\/\\\/www.teltat.fi\\\/sv\\\/#website\",\"url\":\"https:\\\/\\\/www.teltat.fi\\\/sv\\\/\",\"name\":\"Nopsa\",\"description\":\"Pop-up teltat ja tarvikkeet kaikkiin tapahtumiin\",\"publisher\":{\"@id\":\"https:\\\/\\\/www.teltat.fi\\\/sv\\\/#organization\"},\"alternateName\":\"Nopsa popup teltat\",\"potentialAction\":[{\"@type\":\"SearchAction\",\"target\":{\"@type\":\"EntryPoint\",\"urlTemplate\":\"https:\\\/\\\/www.teltat.fi\\\/sv\\\/?s={search_term_string}\"},\"query-input\":{\"@type\":\"PropertyValueSpecification\",\"valueRequired\":true,\"valueName\":\"search_term_string\"}}],\"inLanguage\":\"sv-SE\"},{\"@type\":\"Organization\",\"@id\":\"https:\\\/\\\/www.teltat.fi\\\/sv\\\/#organization\",\"name\":\"www.teltat.fi\",\"alternateName\":\"Nopsa popup-t\u00e4lt och tillbeh\u00f6r\",\"url\":\"https:\\\/\\\/www.teltat.fi\\\/sv\\\/\",\"logo\":{\"@type\":\"ImageObject\",\"inLanguage\":\"sv-SE\",\"@id\":\"https:\\\/\\\/www.teltat.fi\\\/sv\\\/#\\\/schema\\\/logo\\\/image\\\/\",\"url\":\"https:\\\/\\\/www.teltat.fi\\\/wp-content\\\/uploads\\\/2025\\\/03\\\/Nopsa-logo-white-no-circle-RGB.svg\",\"contentUrl\":\"https:\\\/\\\/www.teltat.fi\\\/wp-content\\\/uploads\\\/2025\\\/03\\\/Nopsa-logo-white-no-circle-RGB.svg\",\"width\":1080,\"height\":548,\"caption\":\"www.teltat.fi\"},\"image\":{\"@id\":\"https:\\\/\\\/www.teltat.fi\\\/sv\\\/#\\\/schema\\\/logo\\\/image\\\/\"},\"sameAs\":[\"https:\\\/\\\/www.facebook.com\\\/teltat.fi\\\/\"],\"email\":\"myynti@teltat.fi\",\"telephone\":\"+358105260424\",\"foundingDate\":\"1994-05-18\",\"vatID\":\"FI09519220\",\"numberOfEmployees\":{\"@type\":\"QuantitativeValue\",\"minValue\":\"1\",\"maxValue\":\"10\"}}]}<\/script>\n<!-- \/ Yoast SEO Premium plugin. -->","yoast_head_json":{"title":"Bord 122x61cm","robots":{"index":"index","follow":"follow","max-snippet":"max-snippet:-1","max-image-preview":"max-image-preview:large","max-video-preview":"max-video-preview:-1"},"canonical":"https:\/\/www.teltat.fi\/sv\/produkt\/bord-122x61cm\/","og_locale":"sv_SE","og_type":"article","og_title":"Bord 122x61cm","og_description":"Detta rektangul\u00e4ra f\u00e4llbord \u00e4r anv\u00e4ndbart i m\u00e5nga milj\u00f6er, inklusive balsalar, konferenscenter, kaf\u00e9er, skolor och hemmet. Bordet kan anv\u00e4ndas som en tillf\u00e4llig sittl\u00f6sning eller s\u00e5 kan det st\u00e4llas i ordning f\u00f6r vardagsbruk. Bordsbenen f\u00e4lls in under bordet f\u00f6r att underl\u00e4tta f\u00f6rvaring och transport. Funktioner: Bord redo att anv\u00e4ndas omedelbart Benen f\u00e4lls ihop under bordet 4 cm tjock kaffebrun bordsskiva Vattent\u00e4t, st\u00f6ts\u00e4ker och l\u00e4tt att h\u00e5lla ren Gr\u00e5 pulverlackerade ben Designad f\u00f6r inomhus- och utomhusbruk","og_url":"https:\/\/www.teltat.fi\/sv\/produkt\/bord-122x61cm\/","og_site_name":"Nopsa","article_publisher":"https:\/\/www.facebook.com\/teltat.fi\/","article_modified_time":"2025-06-26T07:16:53+00:00","og_image":[{"width":1024,"height":1024,"url":"https:\/\/www.teltat.fi\/wp-content\/uploads\/2023\/02\/poyta-ruskea.webp","type":"image\/webp"}],"twitter_card":"summary_large_image","schema":{"@context":"https:\/\/schema.org","@graph":[{"@type":["WebPage","ItemPage"],"@id":"https:\/\/www.teltat.fi\/sv\/produkt\/bord-122x61cm\/","url":"https:\/\/www.teltat.fi\/sv\/produkt\/bord-122x61cm\/","name":"Bord 122x61cm","isPartOf":{"@id":"https:\/\/www.teltat.fi\/sv\/#website"},"primaryImageOfPage":{"@id":"https:\/\/www.teltat.fi\/sv\/produkt\/bord-122x61cm\/#primaryimage"},"image":{"@id":"https:\/\/www.teltat.fi\/sv\/produkt\/bord-122x61cm\/#primaryimage"},"thumbnailUrl":"https:\/\/www.teltat.fi\/wp-content\/uploads\/2023\/02\/poyta-ruskea.webp","datePublished":"2023-02-08T10:09:25+00:00","dateModified":"2025-06-26T07:16:53+00:00","breadcrumb":{"@id":"https:\/\/www.teltat.fi\/sv\/produkt\/bord-122x61cm\/#breadcrumb"},"inLanguage":"sv-SE","potentialAction":[{"@type":"ReadAction","target":["https:\/\/www.teltat.fi\/sv\/produkt\/bord-122x61cm\/"]}]},{"@type":"ImageObject","inLanguage":"sv-SE","@id":"https:\/\/www.teltat.fi\/sv\/produkt\/bord-122x61cm\/#primaryimage","url":"https:\/\/www.teltat.fi\/wp-content\/uploads\/2023\/02\/poyta-ruskea.webp","contentUrl":"https:\/\/www.teltat.fi\/wp-content\/uploads\/2023\/02\/poyta-ruskea.webp","width":1024,"height":1024,"caption":"Bord brunt"},{"@type":"BreadcrumbList","@id":"https:\/\/www.teltat.fi\/sv\/produkt\/bord-122x61cm\/#breadcrumb","itemListElement":[{"@type":"ListItem","position":1,"name":"Startsida","item":"https:\/\/www.teltat.fi\/sv\/hemsida\/"},{"@type":"ListItem","position":2,"name":"Butik","item":"https:\/\/www.teltat.fi\/sv\/butik\/"},{"@type":"ListItem","position":3,"name":"Bord och b\u00e4nkar","item":"https:\/\/www.teltat.fi\/sv\/produktkategori\/bord-och-bankar\/"},{"@type":"ListItem","position":4,"name":"Bordet","item":"https:\/\/www.teltat.fi\/sv\/produktkategori\/bord-och-bankar\/bordet\/"},{"@type":"ListItem","position":5,"name":"Bord 122x61cm"}]},{"@type":"WebSite","@id":"https:\/\/www.teltat.fi\/sv\/#website","url":"https:\/\/www.teltat.fi\/sv\/","name":"Nopsa","description":"Pop-up teltat ja tarvikkeet kaikkiin tapahtumiin","publisher":{"@id":"https:\/\/www.teltat.fi\/sv\/#organization"},"alternateName":"Nopsa popup teltat","potentialAction":[{"@type":"SearchAction","target":{"@type":"EntryPoint","urlTemplate":"https:\/\/www.teltat.fi\/sv\/?s={search_term_string}"},"query-input":{"@type":"PropertyValueSpecification","valueRequired":true,"valueName":"search_term_string"}}],"inLanguage":"sv-SE"},{"@type":"Organization","@id":"https:\/\/www.teltat.fi\/sv\/#organization","name":"www.teltat.fi","alternateName":"Nopsa popup-t\u00e4lt och tillbeh\u00f6r","url":"https:\/\/www.teltat.fi\/sv\/","logo":{"@type":"ImageObject","inLanguage":"sv-SE","@id":"https:\/\/www.teltat.fi\/sv\/#\/schema\/logo\/image\/","url":"https:\/\/www.teltat.fi\/wp-content\/uploads\/2025\/03\/Nopsa-logo-white-no-circle-RGB.svg","contentUrl":"https:\/\/www.teltat.fi\/wp-content\/uploads\/2025\/03\/Nopsa-logo-white-no-circle-RGB.svg","width":1080,"height":548,"caption":"www.teltat.fi"},"image":{"@id":"https:\/\/www.teltat.fi\/sv\/#\/schema\/logo\/image\/"},"sameAs":["https:\/\/www.facebook.com\/teltat.fi\/"],"email":"myynti@teltat.fi","telephone":"+358105260424","foundingDate":"1994-05-18","vatID":"FI09519220","numberOfEmployees":{"@type":"QuantitativeValue","minValue":"1","maxValue":"10"}}]}},"_links":{"self":[{"href":"https:\/\/www.teltat.fi\/sv\/wp-json\/wp\/v2\/product\/9855","targetHints":{"allow":["GET"]}}],"collection":[{"href":"https:\/\/www.teltat.fi\/sv\/wp-json\/wp\/v2\/product"}],"about":[{"href":"https:\/\/www.teltat.fi\/sv\/wp-json\/wp\/v2\/types\/product"}],"version-history":[{"count":3,"href":"https:\/\/www.teltat.fi\/sv\/wp-json\/wp\/v2\/product\/9855\/revisions"}],"predecessor-version":[{"id":28137,"href":"https:\/\/www.teltat.fi\/sv\/wp-json\/wp\/v2\/product\/9855\/revisions\/28137"}],"wp:featuredmedia":[{"embeddable":true,"href":"https:\/\/www.teltat.fi\/sv\/wp-json\/wp\/v2\/media\/27958"}],"wp:attachment":[{"href":"https:\/\/www.teltat.fi\/sv\/wp-json\/wp\/v2\/media?parent=9855"}],"wp:term":[{"taxonomy":"product_brand","embeddable":true,"href":"https:\/\/www.teltat.fi\/sv\/wp-json\/wp\/v2\/product_brand?post=9855"},{"taxonomy":"product_cat","embeddable":true,"href":"https:\/\/www.teltat.fi\/sv\/wp-json\/wp\/v2\/product_cat?post=9855"},{"taxonomy":"product_tag","embeddable":true,"href":"https:\/\/www.teltat.fi\/sv\/wp-json\/wp\/v2\/product_tag?post=9855"}],"curies":[{"name":"wp","href":"https:\/\/api.w.org\/{rel}","templated":true}]}}